{"id":416,"date":"2025-04-12T17:09:54","date_gmt":"2025-04-12T17:09:54","guid":{"rendered":"https:\/\/mog.com.vn\/renew\/product\/full-port-ball-valves-tmcbv\/"},"modified":"2025-04-12T17:09:56","modified_gmt":"2025-04-12T17:09:56","slug":"full-port-ball-valves-tmcbv","status":"publish","type":"product","link":"https:\/\/mog.com.vn\/vi\/product\/full-port-ball-valves-tmcbv\/","title":{"rendered":"FULL PORT BALL VALVES &#8211; TMCBV"},"content":{"rendered":"","protected":false},"excerpt":{"rendered":"<p><strong>Size Range:\u00a0<\/strong>4 to 56<\/p>\n<p><strong>Pressure Class Range:\u00a0<\/strong>ASME class 150, 300, 600, 900, 1500<\/p>\n<p>API 3000, 5000, 10000<\/p>\n","protected":false},"featured_media":417,"comment_status":"closed","ping_status":"open","template":"","meta":[],"product_brand":[],"product_cat":[140],"product_tag":[71],"class_list":{"0":"post-416","1":"product","2":"type-product","3":"status-publish","4":"has-post-thumbnail","6":"product_cat-ve-chung-toi","7":"product_tag-flowservesvalvalve","9":"first","10":"instock","11":"product-type-simple"},"yoast_head":"<!-- This site is optimized with the Yoast SEO Premium plugin v25.9 (Yoast SEO v25.9) - https:\/\/yoast.com\/wordpress\/plugins\/seo\/ -->\n<title>FULL PORT BALL VALVES - TMCBV - Mog.com.vn<\/title>\n<meta name=\"robots\" content=\"index, follow, max-snippet:-1, max-image-preview:large, max-video-preview:-1\" \/>\n<link rel=\"canonical\" href=\"https:\/\/mog.com.vn\/product\/full-port-ball-valves-tmcbv\/\" \/>\n<meta property=\"og:locale\" content=\"vi_VN\" \/>\n<meta property=\"og:type\" content=\"article\" \/>\n<meta property=\"og:title\" content=\"FULL PORT BALL VALVES - TMCBV\" \/>\n<meta property=\"og:description\" content=\"Size Range:\u00a04 to 56 Pressure Class Range:\u00a0ASME class 150, 300, 600, 900, 1500 API 3000, 5000, 10000\" \/>\n<meta property=\"og:url\" content=\"https:\/\/mog.com.vn\/product\/full-port-ball-valves-tmcbv\/\" \/>\n<meta property=\"og:site_name\" content=\"Mog.com.vn\" \/>\n<meta property=\"article:modified_time\" content=\"2025-04-12T17:09:56+00:00\" \/>\n<meta property=\"og:image\" content=\"https:\/\/mog.com.vn\/wp-content\/uploads\/2025\/04\/flowservevalbarttrunnionmountedcontrolballvalvestmcbv-8156.jpg\" \/>\n\t<meta property=\"og:image:width\" content=\"500\" \/>\n\t<meta property=\"og:image:height\" content=\"500\" \/>\n\t<meta property=\"og:image:type\" content=\"image\/jpeg\" \/>\n<meta name=\"twitter:card\" content=\"summary_large_image\" \/>\n<script type=\"application\/ld+json\" class=\"yoast-schema-graph\">{\"@context\":\"https:\/\/schema.org\",\"@graph\":[{\"@type\":\"WebPage\",\"@id\":\"https:\/\/mog.com.vn\/product\/full-port-ball-valves-tmcbv\/\",\"url\":\"https:\/\/mog.com.vn\/product\/full-port-ball-valves-tmcbv\/\",\"name\":\"FULL PORT BALL VALVES - TMCBV - Mog.com.vn\",\"isPartOf\":{\"@id\":\"https:\/\/mog.com.vn\/#website\"},\"primaryImageOfPage\":{\"@id\":\"https:\/\/mog.com.vn\/product\/full-port-ball-valves-tmcbv\/#primaryimage\"},\"image\":{\"@id\":\"https:\/\/mog.com.vn\/product\/full-port-ball-valves-tmcbv\/#primaryimage\"},\"thumbnailUrl\":\"https:\/\/mog.com.vn\/wp-content\/uploads\/2025\/04\/flowservevalbarttrunnionmountedcontrolballvalvestmcbv-8156.jpg\",\"datePublished\":\"2025-04-12T17:09:54+00:00\",\"dateModified\":\"2025-04-12T17:09:56+00:00\",\"breadcrumb\":{\"@id\":\"https:\/\/mog.com.vn\/product\/full-port-ball-valves-tmcbv\/#breadcrumb\"},\"inLanguage\":\"vi\",\"potentialAction\":[{\"@type\":\"ReadAction\",\"target\":[\"https:\/\/mog.com.vn\/product\/full-port-ball-valves-tmcbv\/\"]}]},{\"@type\":\"ImageObject\",\"inLanguage\":\"vi\",\"@id\":\"https:\/\/mog.com.vn\/product\/full-port-ball-valves-tmcbv\/#primaryimage\",\"url\":\"https:\/\/mog.com.vn\/wp-content\/uploads\/2025\/04\/flowservevalbarttrunnionmountedcontrolballvalvestmcbv-8156.jpg\",\"contentUrl\":\"https:\/\/mog.com.vn\/wp-content\/uploads\/2025\/04\/flowservevalbarttrunnionmountedcontrolballvalvestmcbv-8156.jpg\",\"width\":500,\"height\":500},{\"@type\":\"BreadcrumbList\",\"@id\":\"https:\/\/mog.com.vn\/product\/full-port-ball-valves-tmcbv\/#breadcrumb\",\"itemListElement\":[{\"@type\":\"ListItem\",\"position\":1,\"name\":\"Home\",\"item\":\"https:\/\/mog.com.vn\/\"},{\"@type\":\"ListItem\",\"position\":2,\"name\":\"Shop\",\"item\":\"https:\/\/mog.com.vn\/shop\/\"},{\"@type\":\"ListItem\",\"position\":3,\"name\":\"FULL PORT BALL VALVES &#8211; TMCBV\"}]},{\"@type\":\"WebSite\",\"@id\":\"https:\/\/mog.com.vn\/#website\",\"url\":\"https:\/\/mog.com.vn\/\",\"name\":\"Mog.com.vn\",\"description\":\"FLOW Control Solutions\",\"publisher\":{\"@id\":\"https:\/\/mog.com.vn\/#organization\"},\"potentialAction\":[{\"@type\":\"SearchAction\",\"target\":{\"@type\":\"EntryPoint\",\"urlTemplate\":\"https:\/\/mog.com.vn\/?s={search_term_string}\"},\"query-input\":{\"@type\":\"PropertyValueSpecification\",\"valueRequired\":true,\"valueName\":\"search_term_string\"}}],\"inLanguage\":\"vi\"},{\"@type\":\"Organization\",\"@id\":\"https:\/\/mog.com.vn\/#organization\",\"name\":\"Mog.com.vn\",\"url\":\"https:\/\/mog.com.vn\/\",\"logo\":{\"@type\":\"ImageObject\",\"inLanguage\":\"vi\",\"@id\":\"https:\/\/mog.com.vn\/#\/schema\/logo\/image\/\",\"url\":\"https:\/\/mog.com.vn\/wp-content\/uploads\/2025\/10\/Logo-MOG.jpg\",\"contentUrl\":\"https:\/\/mog.com.vn\/wp-content\/uploads\/2025\/10\/Logo-MOG.jpg\",\"width\":755,\"height\":230,\"caption\":\"Mog.com.vn\"},\"image\":{\"@id\":\"https:\/\/mog.com.vn\/#\/schema\/logo\/image\/\"},\"description\":\"Gi\u1ea3i ph\u00e1p C\u01a1 kh\u00ed ch\u00ednh x\u00e1c & Van c\u00f4ng nghi\u1ec7p to\u00e0n di\u1ec7n cho doanh nghi\u1ec7p c\u1ee7a b\u1ea1n.\",\"email\":\"giacongcokhimog@gmail.com\",\"telephone\":\"090 311 4883\"}]}<\/script>\n<!-- \/ Yoast SEO Premium plugin. -->","yoast_head_json":{"title":"FULL PORT BALL VALVES - TMCBV - Mog.com.vn","robots":{"index":"index","follow":"follow","max-snippet":"max-snippet:-1","max-image-preview":"max-image-preview:large","max-video-preview":"max-video-preview:-1"},"canonical":"https:\/\/mog.com.vn\/product\/full-port-ball-valves-tmcbv\/","og_locale":"vi_VN","og_type":"article","og_title":"FULL PORT BALL VALVES - TMCBV","og_description":"Size Range:\u00a04 to 56 Pressure Class Range:\u00a0ASME class 150, 300, 600, 900, 1500 API 3000, 5000, 10000","og_url":"https:\/\/mog.com.vn\/product\/full-port-ball-valves-tmcbv\/","og_site_name":"Mog.com.vn","article_modified_time":"2025-04-12T17:09:56+00:00","og_image":[{"width":500,"height":500,"url":"https:\/\/mog.com.vn\/wp-content\/uploads\/2025\/04\/flowservevalbarttrunnionmountedcontrolballvalvestmcbv-8156.jpg","type":"image\/jpeg"}],"twitter_card":"summary_large_image","schema":{"@context":"https:\/\/schema.org","@graph":[{"@type":"WebPage","@id":"https:\/\/mog.com.vn\/product\/full-port-ball-valves-tmcbv\/","url":"https:\/\/mog.com.vn\/product\/full-port-ball-valves-tmcbv\/","name":"FULL PORT BALL VALVES - TMCBV - Mog.com.vn","isPartOf":{"@id":"https:\/\/mog.com.vn\/#website"},"primaryImageOfPage":{"@id":"https:\/\/mog.com.vn\/product\/full-port-ball-valves-tmcbv\/#primaryimage"},"image":{"@id":"https:\/\/mog.com.vn\/product\/full-port-ball-valves-tmcbv\/#primaryimage"},"thumbnailUrl":"https:\/\/mog.com.vn\/wp-content\/uploads\/2025\/04\/flowservevalbarttrunnionmountedcontrolballvalvestmcbv-8156.jpg","datePublished":"2025-04-12T17:09:54+00:00","dateModified":"2025-04-12T17:09:56+00:00","breadcrumb":{"@id":"https:\/\/mog.com.vn\/product\/full-port-ball-valves-tmcbv\/#breadcrumb"},"inLanguage":"vi","potentialAction":[{"@type":"ReadAction","target":["https:\/\/mog.com.vn\/product\/full-port-ball-valves-tmcbv\/"]}]},{"@type":"ImageObject","inLanguage":"vi","@id":"https:\/\/mog.com.vn\/product\/full-port-ball-valves-tmcbv\/#primaryimage","url":"https:\/\/mog.com.vn\/wp-content\/uploads\/2025\/04\/flowservevalbarttrunnionmountedcontrolballvalvestmcbv-8156.jpg","contentUrl":"https:\/\/mog.com.vn\/wp-content\/uploads\/2025\/04\/flowservevalbarttrunnionmountedcontrolballvalvestmcbv-8156.jpg","width":500,"height":500},{"@type":"BreadcrumbList","@id":"https:\/\/mog.com.vn\/product\/full-port-ball-valves-tmcbv\/#breadcrumb","itemListElement":[{"@type":"ListItem","position":1,"name":"Home","item":"https:\/\/mog.com.vn\/"},{"@type":"ListItem","position":2,"name":"Shop","item":"https:\/\/mog.com.vn\/shop\/"},{"@type":"ListItem","position":3,"name":"FULL PORT BALL VALVES &#8211; TMCBV"}]},{"@type":"WebSite","@id":"https:\/\/mog.com.vn\/#website","url":"https:\/\/mog.com.vn\/","name":"Mog.com.vn","description":"FLOW Control Solutions","publisher":{"@id":"https:\/\/mog.com.vn\/#organization"},"potentialAction":[{"@type":"SearchAction","target":{"@type":"EntryPoint","urlTemplate":"https:\/\/mog.com.vn\/?s={search_term_string}"},"query-input":{"@type":"PropertyValueSpecification","valueRequired":true,"valueName":"search_term_string"}}],"inLanguage":"vi"},{"@type":"Organization","@id":"https:\/\/mog.com.vn\/#organization","name":"Mog.com.vn","url":"https:\/\/mog.com.vn\/","logo":{"@type":"ImageObject","inLanguage":"vi","@id":"https:\/\/mog.com.vn\/#\/schema\/logo\/image\/","url":"https:\/\/mog.com.vn\/wp-content\/uploads\/2025\/10\/Logo-MOG.jpg","contentUrl":"https:\/\/mog.com.vn\/wp-content\/uploads\/2025\/10\/Logo-MOG.jpg","width":755,"height":230,"caption":"Mog.com.vn"},"image":{"@id":"https:\/\/mog.com.vn\/#\/schema\/logo\/image\/"},"description":"Gi\u1ea3i ph\u00e1p C\u01a1 kh\u00ed ch\u00ednh x\u00e1c & Van c\u00f4ng nghi\u1ec7p to\u00e0n di\u1ec7n cho doanh nghi\u1ec7p c\u1ee7a b\u1ea1n.","email":"giacongcokhimog@gmail.com","telephone":"090 311 4883"}]}},"_links":{"self":[{"href":"https:\/\/mog.com.vn\/vi\/wp-json\/wp\/v2\/product\/416","targetHints":{"allow":["GET"]}}],"collection":[{"href":"https:\/\/mog.com.vn\/vi\/wp-json\/wp\/v2\/product"}],"about":[{"href":"https:\/\/mog.com.vn\/vi\/wp-json\/wp\/v2\/types\/product"}],"replies":[{"embeddable":true,"href":"https:\/\/mog.com.vn\/vi\/wp-json\/wp\/v2\/comments?post=416"}],"wp:featuredmedia":[{"embeddable":true,"href":"https:\/\/mog.com.vn\/vi\/wp-json\/wp\/v2\/media\/417"}],"wp:attachment":[{"href":"https:\/\/mog.com.vn\/vi\/wp-json\/wp\/v2\/media?parent=416"}],"wp:term":[{"taxonomy":"product_brand","embeddable":true,"href":"https:\/\/mog.com.vn\/vi\/wp-json\/wp\/v2\/product_brand?post=416"},{"taxonomy":"product_cat","embeddable":true,"href":"https:\/\/mog.com.vn\/vi\/wp-json\/wp\/v2\/product_cat?post=416"},{"taxonomy":"product_tag","embeddable":true,"href":"https:\/\/mog.com.vn\/vi\/wp-json\/wp\/v2\/product_tag?post=416"}],"curies":[{"name":"wp","href":"https:\/\/api.w.org\/{rel}","templated":true}]}}