{"id":418,"date":"2025-04-12T17:09:54","date_gmt":"2025-04-12T17:09:54","guid":{"rendered":"https:\/\/mog.com.vn\/renew\/product\/valtek-logix-md-positioner\/"},"modified":"2025-04-12T17:09:56","modified_gmt":"2025-04-12T17:09:56","slug":"valtek-logix-md-positioner","status":"publish","type":"product","link":"https:\/\/mog.com.vn\/vi\/product\/valtek-logix-md-positioner\/","title":{"rendered":"VALTEK LOGIX 3200"},"content":{"rendered":"","protected":false},"excerpt":{"rendered":"<p><strong>Type<\/strong>: Digital Positioner<\/p>\n<p><strong>\u0110\u1eb7c \u0111i\u1ec3m chung:<\/strong> Positioner 3200MD ph\u00f9 h\u1ee3p v\u1edbi nhi\u1ec1u d\u00f2ng actuator v\u1edbi vi\u1ec7c g\u00e1 l\u1eafp \u0111\u01a1n gi\u1ea3n. D\u00f9ng c\u1ea3 cho single acting v\u00e0 double acting<\/p>\n<p><strong>Gause:<\/strong> C\u00f3, 02 \u0111\u1ed3ng h\u1ed3 hi\u1ec3n th\u1ecb \u00e1p su\u1ea5t.<\/p>\n<p><strong>Giao th\u1ee9c:<\/strong> HART<\/p>\n<p><strong>D\u00f2ng ho\u1ea1t \u0111\u1ed9ng t\u1ed1i thi\u1ec3u:<\/strong> 3.6 mA kh\u00f4ng c\u00f3 AO board \/ 3.85 mA with AO board<\/p>\n<p><strong>\u0110i\u1ec7n \u00e1p c\u1ea5p l\u1edbn nh\u1ea5t:<\/strong> 30VDC<\/p>\n<p>&nbsp;<\/p>\n","protected":false},"featured_media":419,"comment_status":"closed","ping_status":"open","template":"","meta":[],"product_brand":[],"product_cat":[140],"product_tag":[72],"class_list":{"0":"post-418","1":"product","2":"type-product","3":"status-publish","4":"has-post-thumbnail","6":"product_cat-ve-chung-toi","7":"product_tag-3200flowservelogixlogix-3200positionersvalvalve","9":"first","10":"instock","11":"product-type-simple"},"yoast_head":"<!-- This site is optimized with the Yoast SEO Premium plugin v25.9 (Yoast SEO v25.9) - https:\/\/yoast.com\/wordpress\/plugins\/seo\/ -->\n<title>VALTEK LOGIX 3200 - Mog.com.vn<\/title>\n<meta name=\"robots\" content=\"index, follow, max-snippet:-1, max-image-preview:large, max-video-preview:-1\" \/>\n<link rel=\"canonical\" href=\"https:\/\/mog.com.vn\/product\/valtek-logix-md-positioner\/\" \/>\n<meta property=\"og:locale\" content=\"vi_VN\" \/>\n<meta property=\"og:type\" content=\"article\" \/>\n<meta property=\"og:title\" content=\"[:vi]VALTEK LOGIX 3200[:en]VALTEK LOGIX MD POSITIONER[:ja]VALTEK LOGIX MD POSITIONER[:kr]VALTEK LOGIX MD POSITIONER[:]\" \/>\n<meta property=\"og:description\" content=\"[:vi]Type: Digital Positioner \u0110\u1eb7c \u0111i\u1ec3m chung: Positioner 3200MD ph\u00f9 h\u1ee3p v\u1edbi nhi\u1ec1u d\u00f2ng actuator v\u1edbi vi\u1ec7c g\u00e1 l\u1eafp \u0111\u01a1n gi\u1ea3n. D\u00f9ng c\u1ea3 cho single acting v\u00e0 double acting Gause: C\u00f3, 02 \u0111\u1ed3ng h\u1ed3 hi\u1ec3n th\u1ecb \u00e1p su\u1ea5t. Giao th\u1ee9c: HART D\u00f2ng ho\u1ea1t \u0111\u1ed9ng t\u1ed1i thi\u1ec3u: 3.6 mA kh\u00f4ng c\u00f3 AO board \/ 3.85 mA with AO board \u0110i\u1ec7n \u00e1p c\u1ea5p l\u1edbn nh\u1ea5t: 30VDC &nbsp;[:kr]\uc885\ub958: Digital Positioner \ud2b9\uc9d5:\u00a0Positioner 3200MD\ub294 \uac04\ub2e8\ud55c \uc870\ub9bd\ud558\ub294 \uac83\uc73c\ub85c \uc5ec\ub7ec \uc561\ucd94\uc5d0\uc774\ud130\uc5d0 \uc801\ud569\ud55c\ub2e4. single acting\uc640 double acting\uc5d0 \uc0ac\uc6a9\ub420 \uc218 \uc788\ub2e4. \uac00\uc6b0\uc81c\u00a0(Gause):\u00a0\uc555\ub825\uc744 \ud45c\uc2dc\ud558\ub294 2\uac1c\uc758 \uc2dc\uacc4\uac00 \uc788\ub2e4. \ud1b5\uc2e0 \uaddc\uc57d:\u00a0HART \ucd5c\uc18c \uc791\ub3d9 \ub77c\uc778: AO board\uac00 \uc5c6\ub294 3.6 mA \/ AO board\uc640 \ud568\uaed8 3.85 mA \ucd5c\ub300 \uc815\uaca9 \uc804\uc555: 30VDC[:]\" \/>\n<meta property=\"og:url\" content=\"https:\/\/mog.com.vn\/product\/valtek-logix-md-positioner\/\" \/>\n<meta property=\"og:site_name\" content=\"Mog.com.vn\" \/>\n<meta property=\"article:modified_time\" content=\"2025-04-12T17:09:56+00:00\" \/>\n<meta property=\"og:image\" content=\"https:\/\/mog.com.vn\/wp-content\/uploads\/2025\/04\/Flowserve-Logix-Digital-Positioners-Logix-3200MD.jpg\" \/>\n\t<meta property=\"og:image:width\" content=\"500\" \/>\n\t<meta property=\"og:image:height\" content=\"500\" \/>\n\t<meta property=\"og:image:type\" content=\"image\/jpeg\" \/>\n<meta name=\"twitter:card\" content=\"summary_large_image\" \/>\n<script type=\"application\/ld+json\" class=\"yoast-schema-graph\">{\"@context\":\"https:\/\/schema.org\",\"@graph\":[{\"@type\":\"WebPage\",\"@id\":\"https:\/\/mog.com.vn\/product\/valtek-logix-md-positioner\/\",\"url\":\"https:\/\/mog.com.vn\/product\/valtek-logix-md-positioner\/\",\"name\":\"[:vi]VALTEK LOGIX 3200[:en]VALTEK LOGIX MD POSITIONER[:ja]VALTEK LOGIX MD POSITIONER[:kr]VALTEK LOGIX MD POSITIONER[:] - Mog.com.vn\",\"isPartOf\":{\"@id\":\"https:\/\/mog.com.vn\/#website\"},\"primaryImageOfPage\":{\"@id\":\"https:\/\/mog.com.vn\/product\/valtek-logix-md-positioner\/#primaryimage\"},\"image\":{\"@id\":\"https:\/\/mog.com.vn\/product\/valtek-logix-md-positioner\/#primaryimage\"},\"thumbnailUrl\":\"https:\/\/mog.com.vn\/wp-content\/uploads\/2025\/04\/Flowserve-Logix-Digital-Positioners-Logix-3200MD.jpg\",\"datePublished\":\"2025-04-12T17:09:54+00:00\",\"dateModified\":\"2025-04-12T17:09:56+00:00\",\"breadcrumb\":{\"@id\":\"https:\/\/mog.com.vn\/product\/valtek-logix-md-positioner\/#breadcrumb\"},\"inLanguage\":\"vi\",\"potentialAction\":[{\"@type\":\"ReadAction\",\"target\":[\"https:\/\/mog.com.vn\/product\/valtek-logix-md-positioner\/\"]}]},{\"@type\":\"ImageObject\",\"inLanguage\":\"vi\",\"@id\":\"https:\/\/mog.com.vn\/product\/valtek-logix-md-positioner\/#primaryimage\",\"url\":\"https:\/\/mog.com.vn\/wp-content\/uploads\/2025\/04\/Flowserve-Logix-Digital-Positioners-Logix-3200MD.jpg\",\"contentUrl\":\"https:\/\/mog.com.vn\/wp-content\/uploads\/2025\/04\/Flowserve-Logix-Digital-Positioners-Logix-3200MD.jpg\",\"width\":500,\"height\":500,\"caption\":\"b\u1ed9 \u0111\u1ecbnh v\u1ecb\"},{\"@type\":\"BreadcrumbList\",\"@id\":\"https:\/\/mog.com.vn\/product\/valtek-logix-md-positioner\/#breadcrumb\",\"itemListElement\":[{\"@type\":\"ListItem\",\"position\":1,\"name\":\"Home\",\"item\":\"https:\/\/mog.com.vn\/\"},{\"@type\":\"ListItem\",\"position\":2,\"name\":\"Shop\",\"item\":\"https:\/\/mog.com.vn\/shop\/\"},{\"@type\":\"ListItem\",\"position\":3,\"name\":\"VALTEK LOGIX MD POSITIONER\"}]},{\"@type\":\"WebSite\",\"@id\":\"https:\/\/mog.com.vn\/#website\",\"url\":\"https:\/\/mog.com.vn\/\",\"name\":\"Mog.com.vn\",\"description\":\"FLOW Control Solutions\",\"publisher\":{\"@id\":\"https:\/\/mog.com.vn\/#organization\"},\"potentialAction\":[{\"@type\":\"SearchAction\",\"target\":{\"@type\":\"EntryPoint\",\"urlTemplate\":\"https:\/\/mog.com.vn\/?s={search_term_string}\"},\"query-input\":{\"@type\":\"PropertyValueSpecification\",\"valueRequired\":true,\"valueName\":\"search_term_string\"}}],\"inLanguage\":\"vi\"},{\"@type\":\"Organization\",\"@id\":\"https:\/\/mog.com.vn\/#organization\",\"name\":\"Mog.com.vn\",\"url\":\"https:\/\/mog.com.vn\/\",\"logo\":{\"@type\":\"ImageObject\",\"inLanguage\":\"vi\",\"@id\":\"https:\/\/mog.com.vn\/#\/schema\/logo\/image\/\",\"url\":\"https:\/\/mog.com.vn\/wp-content\/uploads\/2025\/10\/Logo-MOG.jpg\",\"contentUrl\":\"https:\/\/mog.com.vn\/wp-content\/uploads\/2025\/10\/Logo-MOG.jpg\",\"width\":755,\"height\":230,\"caption\":\"Mog.com.vn\"},\"image\":{\"@id\":\"https:\/\/mog.com.vn\/#\/schema\/logo\/image\/\"},\"description\":\"Gi\u1ea3i ph\u00e1p C\u01a1 kh\u00ed ch\u00ednh x\u00e1c & Van c\u00f4ng nghi\u1ec7p to\u00e0n di\u1ec7n cho doanh nghi\u1ec7p c\u1ee7a b\u1ea1n.\",\"email\":\"giacongcokhimog@gmail.com\",\"telephone\":\"090 311 4883\"}]}<\/script>\n<!-- \/ Yoast SEO Premium plugin. -->","yoast_head_json":{"title":"[:vi]VALTEK LOGIX 3200[:en]VALTEK LOGIX MD POSITIONER[:ja]VALTEK LOGIX MD POSITIONER[:kr]VALTEK LOGIX MD POSITIONER[:] - Mog.com.vn","robots":{"index":"index","follow":"follow","max-snippet":"max-snippet:-1","max-image-preview":"max-image-preview:large","max-video-preview":"max-video-preview:-1"},"canonical":"https:\/\/mog.com.vn\/product\/valtek-logix-md-positioner\/","og_locale":"vi_VN","og_type":"article","og_title":"[:vi]VALTEK LOGIX 3200[:en]VALTEK LOGIX MD POSITIONER[:ja]VALTEK LOGIX MD POSITIONER[:kr]VALTEK LOGIX MD POSITIONER[:]","og_description":"[:vi]Type: Digital Positioner \u0110\u1eb7c \u0111i\u1ec3m chung: Positioner 3200MD ph\u00f9 h\u1ee3p v\u1edbi nhi\u1ec1u d\u00f2ng actuator v\u1edbi vi\u1ec7c g\u00e1 l\u1eafp \u0111\u01a1n gi\u1ea3n. D\u00f9ng c\u1ea3 cho single acting v\u00e0 double acting Gause: C\u00f3, 02 \u0111\u1ed3ng h\u1ed3 hi\u1ec3n th\u1ecb \u00e1p su\u1ea5t. Giao th\u1ee9c: HART D\u00f2ng ho\u1ea1t \u0111\u1ed9ng t\u1ed1i thi\u1ec3u: 3.6 mA kh\u00f4ng c\u00f3 AO board \/ 3.85 mA with AO board \u0110i\u1ec7n \u00e1p c\u1ea5p l\u1edbn nh\u1ea5t: 30VDC &nbsp;[:kr]\uc885\ub958: Digital Positioner \ud2b9\uc9d5:\u00a0Positioner 3200MD\ub294 \uac04\ub2e8\ud55c \uc870\ub9bd\ud558\ub294 \uac83\uc73c\ub85c \uc5ec\ub7ec \uc561\ucd94\uc5d0\uc774\ud130\uc5d0 \uc801\ud569\ud55c\ub2e4. single acting\uc640 double acting\uc5d0 \uc0ac\uc6a9\ub420 \uc218 \uc788\ub2e4. \uac00\uc6b0\uc81c\u00a0(Gause):\u00a0\uc555\ub825\uc744 \ud45c\uc2dc\ud558\ub294 2\uac1c\uc758 \uc2dc\uacc4\uac00 \uc788\ub2e4. \ud1b5\uc2e0 \uaddc\uc57d:\u00a0HART \ucd5c\uc18c \uc791\ub3d9 \ub77c\uc778: AO board\uac00 \uc5c6\ub294 3.6 mA \/ AO board\uc640 \ud568\uaed8 3.85 mA \ucd5c\ub300 \uc815\uaca9 \uc804\uc555: 30VDC[:]","og_url":"https:\/\/mog.com.vn\/product\/valtek-logix-md-positioner\/","og_site_name":"Mog.com.vn","article_modified_time":"2025-04-12T17:09:56+00:00","og_image":[{"width":500,"height":500,"url":"https:\/\/mog.com.vn\/wp-content\/uploads\/2025\/04\/Flowserve-Logix-Digital-Positioners-Logix-3200MD.jpg","type":"image\/jpeg"}],"twitter_card":"summary_large_image","schema":{"@context":"https:\/\/schema.org","@graph":[{"@type":"WebPage","@id":"https:\/\/mog.com.vn\/product\/valtek-logix-md-positioner\/","url":"https:\/\/mog.com.vn\/product\/valtek-logix-md-positioner\/","name":"[:vi]VALTEK LOGIX 3200[:en]VALTEK LOGIX MD POSITIONER[:ja]VALTEK LOGIX MD POSITIONER[:kr]VALTEK LOGIX MD POSITIONER[:] - Mog.com.vn","isPartOf":{"@id":"https:\/\/mog.com.vn\/#website"},"primaryImageOfPage":{"@id":"https:\/\/mog.com.vn\/product\/valtek-logix-md-positioner\/#primaryimage"},"image":{"@id":"https:\/\/mog.com.vn\/product\/valtek-logix-md-positioner\/#primaryimage"},"thumbnailUrl":"https:\/\/mog.com.vn\/wp-content\/uploads\/2025\/04\/Flowserve-Logix-Digital-Positioners-Logix-3200MD.jpg","datePublished":"2025-04-12T17:09:54+00:00","dateModified":"2025-04-12T17:09:56+00:00","breadcrumb":{"@id":"https:\/\/mog.com.vn\/product\/valtek-logix-md-positioner\/#breadcrumb"},"inLanguage":"vi","potentialAction":[{"@type":"ReadAction","target":["https:\/\/mog.com.vn\/product\/valtek-logix-md-positioner\/"]}]},{"@type":"ImageObject","inLanguage":"vi","@id":"https:\/\/mog.com.vn\/product\/valtek-logix-md-positioner\/#primaryimage","url":"https:\/\/mog.com.vn\/wp-content\/uploads\/2025\/04\/Flowserve-Logix-Digital-Positioners-Logix-3200MD.jpg","contentUrl":"https:\/\/mog.com.vn\/wp-content\/uploads\/2025\/04\/Flowserve-Logix-Digital-Positioners-Logix-3200MD.jpg","width":500,"height":500,"caption":"b\u1ed9 \u0111\u1ecbnh v\u1ecb"},{"@type":"BreadcrumbList","@id":"https:\/\/mog.com.vn\/product\/valtek-logix-md-positioner\/#breadcrumb","itemListElement":[{"@type":"ListItem","position":1,"name":"Home","item":"https:\/\/mog.com.vn\/"},{"@type":"ListItem","position":2,"name":"Shop","item":"https:\/\/mog.com.vn\/shop\/"},{"@type":"ListItem","position":3,"name":"VALTEK LOGIX MD POSITIONER"}]},{"@type":"WebSite","@id":"https:\/\/mog.com.vn\/#website","url":"https:\/\/mog.com.vn\/","name":"Mog.com.vn","description":"FLOW Control Solutions","publisher":{"@id":"https:\/\/mog.com.vn\/#organization"},"potentialAction":[{"@type":"SearchAction","target":{"@type":"EntryPoint","urlTemplate":"https:\/\/mog.com.vn\/?s={search_term_string}"},"query-input":{"@type":"PropertyValueSpecification","valueRequired":true,"valueName":"search_term_string"}}],"inLanguage":"vi"},{"@type":"Organization","@id":"https:\/\/mog.com.vn\/#organization","name":"Mog.com.vn","url":"https:\/\/mog.com.vn\/","logo":{"@type":"ImageObject","inLanguage":"vi","@id":"https:\/\/mog.com.vn\/#\/schema\/logo\/image\/","url":"https:\/\/mog.com.vn\/wp-content\/uploads\/2025\/10\/Logo-MOG.jpg","contentUrl":"https:\/\/mog.com.vn\/wp-content\/uploads\/2025\/10\/Logo-MOG.jpg","width":755,"height":230,"caption":"Mog.com.vn"},"image":{"@id":"https:\/\/mog.com.vn\/#\/schema\/logo\/image\/"},"description":"Gi\u1ea3i ph\u00e1p C\u01a1 kh\u00ed ch\u00ednh x\u00e1c & Van c\u00f4ng nghi\u1ec7p to\u00e0n di\u1ec7n cho doanh nghi\u1ec7p c\u1ee7a b\u1ea1n.","email":"giacongcokhimog@gmail.com","telephone":"090 311 4883"}]}},"_links":{"self":[{"href":"https:\/\/mog.com.vn\/vi\/wp-json\/wp\/v2\/product\/418","targetHints":{"allow":["GET"]}}],"collection":[{"href":"https:\/\/mog.com.vn\/vi\/wp-json\/wp\/v2\/product"}],"about":[{"href":"https:\/\/mog.com.vn\/vi\/wp-json\/wp\/v2\/types\/product"}],"replies":[{"embeddable":true,"href":"https:\/\/mog.com.vn\/vi\/wp-json\/wp\/v2\/comments?post=418"}],"wp:featuredmedia":[{"embeddable":true,"href":"https:\/\/mog.com.vn\/vi\/wp-json\/wp\/v2\/media\/419"}],"wp:attachment":[{"href":"https:\/\/mog.com.vn\/vi\/wp-json\/wp\/v2\/media?parent=418"}],"wp:term":[{"taxonomy":"product_brand","embeddable":true,"href":"https:\/\/mog.com.vn\/vi\/wp-json\/wp\/v2\/product_brand?post=418"},{"taxonomy":"product_cat","embeddable":true,"href":"https:\/\/mog.com.vn\/vi\/wp-json\/wp\/v2\/product_cat?post=418"},{"taxonomy":"product_tag","embeddable":true,"href":"https:\/\/mog.com.vn\/vi\/wp-json\/wp\/v2\/product_tag?post=418"}],"curies":[{"name":"wp","href":"https:\/\/api.w.org\/{rel}","templated":true}]}}