{"id":428,"date":"2025-04-12T17:09:54","date_gmt":"2025-04-12T17:09:54","guid":{"rendered":"https:\/\/mog.com.vn\/renew\/product\/valtek-valdisk\/"},"modified":"2025-04-12T17:09:59","modified_gmt":"2025-04-12T17:09:59","slug":"valtek-valdisk","status":"publish","type":"product","link":"https:\/\/mog.com.vn\/vi\/product\/valtek-valdisk\/","title":{"rendered":"VALTEK VALDISK"},"content":{"rendered":"","protected":false},"excerpt":{"rendered":"<p><strong>MODEL<\/strong>: Valdisk<\/p>\n<p><strong>Lo\u1ea1i van\/Valve Type<\/strong> : Rotaly Control Valve<\/p>\n<p><strong>\u0110\u1eb7c \u0111i\u1ec3m \/Special Service<\/strong> : Valdisk l\u00e0 d\u00f2ng van b\u01b0\u1edbm s\u1eed d\u1ee5ng trong tr\u01b0\u1eddng h\u1ee3p c\u1ea7n dung l\u01b0\u1ee3ng d\u00f2ng ch\u1ea3y l\u1edbn v\u00e0 t\u1ed5n th\u1ea5t \u00e1p su\u1ea5t \u00edt.<\/p>\n<p><strong>C\u1ee1 van \/Valve size:<\/strong> 2 &#8221; &#8211; 30 &#8221;<\/p>\n<p><strong>Class<\/strong>: 150 &#8211; 600<\/p>\n<p>&nbsp;<\/p>\n","protected":false},"featured_media":429,"comment_status":"closed","ping_status":"open","template":"","meta":[],"product_brand":[],"product_cat":[140],"product_tag":[71],"class_list":{"0":"post-428","1":"product","2":"type-product","3":"status-publish","4":"has-post-thumbnail","6":"product_cat-ve-chung-toi","7":"product_tag-flowservesvalvalve","9":"first","10":"instock","11":"product-type-simple"},"yoast_head":"<!-- This site is optimized with the Yoast SEO Premium plugin v25.9 (Yoast SEO v25.9) - https:\/\/yoast.com\/wordpress\/plugins\/seo\/ -->\n<title>VALTEK VALDISK - Mog.com.vn<\/title>\n<meta name=\"robots\" content=\"index, follow, max-snippet:-1, max-image-preview:large, max-video-preview:-1\" \/>\n<link rel=\"canonical\" href=\"https:\/\/mog.com.vn\/product\/valtek-valdisk\/\" \/>\n<meta property=\"og:locale\" content=\"vi_VN\" \/>\n<meta property=\"og:type\" content=\"article\" \/>\n<meta property=\"og:title\" content=\"VALTEK VALDISK\" \/>\n<meta property=\"og:description\" content=\"[:vi]MODEL: Valdisk Lo\u1ea1i van\/Valve Type : Rotaly Control Valve \u0110\u1eb7c \u0111i\u1ec3m \/Special Service : Valdisk l\u00e0 d\u00f2ng van b\u01b0\u1edbm s\u1eed d\u1ee5ng trong tr\u01b0\u1eddng h\u1ee3p c\u1ea7n dung l\u01b0\u1ee3ng d\u00f2ng ch\u1ea3y l\u1edbn v\u00e0 t\u1ed5n th\u1ea5t \u00e1p su\u1ea5t \u00edt. C\u1ee1 van \/Valve size: 2 &quot; - 30 &quot; Class: 150 - 600 &nbsp;[:kr]MODEL: Valdisk \ubc38\ube0c \uc885\ub958\/Valve Type\u00a0: Rotaly Control Valve \ud2b9\uc9d5 \/Special Service\u00a0: Valdisk\ub294 \ud750\ub984\uc758 \uc601\ub7c9\uc774 \ud06c\uace0\uc555\ub825 \uc190\uc2e4\uc774 \uc801\uc740 \uacbd\uc6b0\uc5d0\uc11c \uc0ac\uc6a9\ub41c \ubc84\ud130\ud50c\ub77c\uc774 \ubc38\ube0c\uc774\ub2e4. \ubc38\ube0c \uc0ac\uc774\uc988 \/Valve size:\u00a02 \u201d \u2013 30 \u201d \ud074\ub77c\uc2a4: 150 \u2013 600[:]\" \/>\n<meta property=\"og:url\" content=\"https:\/\/mog.com.vn\/product\/valtek-valdisk\/\" \/>\n<meta property=\"og:site_name\" content=\"Mog.com.vn\" \/>\n<meta property=\"article:modified_time\" content=\"2025-04-12T17:09:59+00:00\" \/>\n<meta property=\"og:image\" content=\"https:\/\/mog.com.vn\/wp-content\/uploads\/2025\/04\/VALDISK_BTV_VALVE_AUTOMATED-1.png\" \/>\n\t<meta property=\"og:image:width\" content=\"500\" \/>\n\t<meta property=\"og:image:height\" content=\"500\" \/>\n\t<meta property=\"og:image:type\" content=\"image\/png\" \/>\n<meta name=\"twitter:card\" content=\"summary_large_image\" \/>\n<script type=\"application\/ld+json\" class=\"yoast-schema-graph\">{\"@context\":\"https:\/\/schema.org\",\"@graph\":[{\"@type\":\"WebPage\",\"@id\":\"https:\/\/mog.com.vn\/product\/valtek-valdisk\/\",\"url\":\"https:\/\/mog.com.vn\/product\/valtek-valdisk\/\",\"name\":\"VALTEK VALDISK - Mog.com.vn\",\"isPartOf\":{\"@id\":\"https:\/\/mog.com.vn\/#website\"},\"primaryImageOfPage\":{\"@id\":\"https:\/\/mog.com.vn\/product\/valtek-valdisk\/#primaryimage\"},\"image\":{\"@id\":\"https:\/\/mog.com.vn\/product\/valtek-valdisk\/#primaryimage\"},\"thumbnailUrl\":\"https:\/\/mog.com.vn\/wp-content\/uploads\/2025\/04\/VALDISK_BTV_VALVE_AUTOMATED-1.png\",\"datePublished\":\"2025-04-12T17:09:54+00:00\",\"dateModified\":\"2025-04-12T17:09:59+00:00\",\"breadcrumb\":{\"@id\":\"https:\/\/mog.com.vn\/product\/valtek-valdisk\/#breadcrumb\"},\"inLanguage\":\"vi\",\"potentialAction\":[{\"@type\":\"ReadAction\",\"target\":[\"https:\/\/mog.com.vn\/product\/valtek-valdisk\/\"]}]},{\"@type\":\"ImageObject\",\"inLanguage\":\"vi\",\"@id\":\"https:\/\/mog.com.vn\/product\/valtek-valdisk\/#primaryimage\",\"url\":\"https:\/\/mog.com.vn\/wp-content\/uploads\/2025\/04\/VALDISK_BTV_VALVE_AUTOMATED-1.png\",\"contentUrl\":\"https:\/\/mog.com.vn\/wp-content\/uploads\/2025\/04\/VALDISK_BTV_VALVE_AUTOMATED-1.png\",\"width\":500,\"height\":500},{\"@type\":\"BreadcrumbList\",\"@id\":\"https:\/\/mog.com.vn\/product\/valtek-valdisk\/#breadcrumb\",\"itemListElement\":[{\"@type\":\"ListItem\",\"position\":1,\"name\":\"Home\",\"item\":\"https:\/\/mog.com.vn\/\"},{\"@type\":\"ListItem\",\"position\":2,\"name\":\"Shop\",\"item\":\"https:\/\/mog.com.vn\/shop\/\"},{\"@type\":\"ListItem\",\"position\":3,\"name\":\"VALTEK VALDISK\"}]},{\"@type\":\"WebSite\",\"@id\":\"https:\/\/mog.com.vn\/#website\",\"url\":\"https:\/\/mog.com.vn\/\",\"name\":\"Mog.com.vn\",\"description\":\"FLOW Control Solutions\",\"publisher\":{\"@id\":\"https:\/\/mog.com.vn\/#organization\"},\"potentialAction\":[{\"@type\":\"SearchAction\",\"target\":{\"@type\":\"EntryPoint\",\"urlTemplate\":\"https:\/\/mog.com.vn\/?s={search_term_string}\"},\"query-input\":{\"@type\":\"PropertyValueSpecification\",\"valueRequired\":true,\"valueName\":\"search_term_string\"}}],\"inLanguage\":\"vi\"},{\"@type\":\"Organization\",\"@id\":\"https:\/\/mog.com.vn\/#organization\",\"name\":\"Mog.com.vn\",\"url\":\"https:\/\/mog.com.vn\/\",\"logo\":{\"@type\":\"ImageObject\",\"inLanguage\":\"vi\",\"@id\":\"https:\/\/mog.com.vn\/#\/schema\/logo\/image\/\",\"url\":\"https:\/\/mog.com.vn\/wp-content\/uploads\/2025\/10\/Logo-MOG.jpg\",\"contentUrl\":\"https:\/\/mog.com.vn\/wp-content\/uploads\/2025\/10\/Logo-MOG.jpg\",\"width\":755,\"height\":230,\"caption\":\"Mog.com.vn\"},\"image\":{\"@id\":\"https:\/\/mog.com.vn\/#\/schema\/logo\/image\/\"},\"description\":\"Gi\u1ea3i ph\u00e1p C\u01a1 kh\u00ed ch\u00ednh x\u00e1c & Van c\u00f4ng nghi\u1ec7p to\u00e0n di\u1ec7n cho doanh nghi\u1ec7p c\u1ee7a b\u1ea1n.\",\"email\":\"giacongcokhimog@gmail.com\",\"telephone\":\"090 311 4883\"}]}<\/script>\n<!-- \/ Yoast SEO Premium plugin. -->","yoast_head_json":{"title":"VALTEK VALDISK - Mog.com.vn","robots":{"index":"index","follow":"follow","max-snippet":"max-snippet:-1","max-image-preview":"max-image-preview:large","max-video-preview":"max-video-preview:-1"},"canonical":"https:\/\/mog.com.vn\/product\/valtek-valdisk\/","og_locale":"vi_VN","og_type":"article","og_title":"VALTEK VALDISK","og_description":"[:vi]MODEL: Valdisk Lo\u1ea1i van\/Valve Type : Rotaly Control Valve \u0110\u1eb7c \u0111i\u1ec3m \/Special Service : Valdisk l\u00e0 d\u00f2ng van b\u01b0\u1edbm s\u1eed d\u1ee5ng trong tr\u01b0\u1eddng h\u1ee3p c\u1ea7n dung l\u01b0\u1ee3ng d\u00f2ng ch\u1ea3y l\u1edbn v\u00e0 t\u1ed5n th\u1ea5t \u00e1p su\u1ea5t \u00edt. C\u1ee1 van \/Valve size: 2 \" - 30 \" Class: 150 - 600 &nbsp;[:kr]MODEL: Valdisk \ubc38\ube0c \uc885\ub958\/Valve Type\u00a0: Rotaly Control Valve \ud2b9\uc9d5 \/Special Service\u00a0: Valdisk\ub294 \ud750\ub984\uc758 \uc601\ub7c9\uc774 \ud06c\uace0\uc555\ub825 \uc190\uc2e4\uc774 \uc801\uc740 \uacbd\uc6b0\uc5d0\uc11c \uc0ac\uc6a9\ub41c \ubc84\ud130\ud50c\ub77c\uc774 \ubc38\ube0c\uc774\ub2e4. \ubc38\ube0c \uc0ac\uc774\uc988 \/Valve size:\u00a02 \u201d \u2013 30 \u201d \ud074\ub77c\uc2a4: 150 \u2013 600[:]","og_url":"https:\/\/mog.com.vn\/product\/valtek-valdisk\/","og_site_name":"Mog.com.vn","article_modified_time":"2025-04-12T17:09:59+00:00","og_image":[{"width":500,"height":500,"url":"https:\/\/mog.com.vn\/wp-content\/uploads\/2025\/04\/VALDISK_BTV_VALVE_AUTOMATED-1.png","type":"image\/png"}],"twitter_card":"summary_large_image","schema":{"@context":"https:\/\/schema.org","@graph":[{"@type":"WebPage","@id":"https:\/\/mog.com.vn\/product\/valtek-valdisk\/","url":"https:\/\/mog.com.vn\/product\/valtek-valdisk\/","name":"VALTEK VALDISK - Mog.com.vn","isPartOf":{"@id":"https:\/\/mog.com.vn\/#website"},"primaryImageOfPage":{"@id":"https:\/\/mog.com.vn\/product\/valtek-valdisk\/#primaryimage"},"image":{"@id":"https:\/\/mog.com.vn\/product\/valtek-valdisk\/#primaryimage"},"thumbnailUrl":"https:\/\/mog.com.vn\/wp-content\/uploads\/2025\/04\/VALDISK_BTV_VALVE_AUTOMATED-1.png","datePublished":"2025-04-12T17:09:54+00:00","dateModified":"2025-04-12T17:09:59+00:00","breadcrumb":{"@id":"https:\/\/mog.com.vn\/product\/valtek-valdisk\/#breadcrumb"},"inLanguage":"vi","potentialAction":[{"@type":"ReadAction","target":["https:\/\/mog.com.vn\/product\/valtek-valdisk\/"]}]},{"@type":"ImageObject","inLanguage":"vi","@id":"https:\/\/mog.com.vn\/product\/valtek-valdisk\/#primaryimage","url":"https:\/\/mog.com.vn\/wp-content\/uploads\/2025\/04\/VALDISK_BTV_VALVE_AUTOMATED-1.png","contentUrl":"https:\/\/mog.com.vn\/wp-content\/uploads\/2025\/04\/VALDISK_BTV_VALVE_AUTOMATED-1.png","width":500,"height":500},{"@type":"BreadcrumbList","@id":"https:\/\/mog.com.vn\/product\/valtek-valdisk\/#breadcrumb","itemListElement":[{"@type":"ListItem","position":1,"name":"Home","item":"https:\/\/mog.com.vn\/"},{"@type":"ListItem","position":2,"name":"Shop","item":"https:\/\/mog.com.vn\/shop\/"},{"@type":"ListItem","position":3,"name":"VALTEK VALDISK"}]},{"@type":"WebSite","@id":"https:\/\/mog.com.vn\/#website","url":"https:\/\/mog.com.vn\/","name":"Mog.com.vn","description":"FLOW Control Solutions","publisher":{"@id":"https:\/\/mog.com.vn\/#organization"},"potentialAction":[{"@type":"SearchAction","target":{"@type":"EntryPoint","urlTemplate":"https:\/\/mog.com.vn\/?s={search_term_string}"},"query-input":{"@type":"PropertyValueSpecification","valueRequired":true,"valueName":"search_term_string"}}],"inLanguage":"vi"},{"@type":"Organization","@id":"https:\/\/mog.com.vn\/#organization","name":"Mog.com.vn","url":"https:\/\/mog.com.vn\/","logo":{"@type":"ImageObject","inLanguage":"vi","@id":"https:\/\/mog.com.vn\/#\/schema\/logo\/image\/","url":"https:\/\/mog.com.vn\/wp-content\/uploads\/2025\/10\/Logo-MOG.jpg","contentUrl":"https:\/\/mog.com.vn\/wp-content\/uploads\/2025\/10\/Logo-MOG.jpg","width":755,"height":230,"caption":"Mog.com.vn"},"image":{"@id":"https:\/\/mog.com.vn\/#\/schema\/logo\/image\/"},"description":"Gi\u1ea3i ph\u00e1p C\u01a1 kh\u00ed ch\u00ednh x\u00e1c & Van c\u00f4ng nghi\u1ec7p to\u00e0n di\u1ec7n cho doanh nghi\u1ec7p c\u1ee7a b\u1ea1n.","email":"giacongcokhimog@gmail.com","telephone":"090 311 4883"}]}},"_links":{"self":[{"href":"https:\/\/mog.com.vn\/vi\/wp-json\/wp\/v2\/product\/428","targetHints":{"allow":["GET"]}}],"collection":[{"href":"https:\/\/mog.com.vn\/vi\/wp-json\/wp\/v2\/product"}],"about":[{"href":"https:\/\/mog.com.vn\/vi\/wp-json\/wp\/v2\/types\/product"}],"replies":[{"embeddable":true,"href":"https:\/\/mog.com.vn\/vi\/wp-json\/wp\/v2\/comments?post=428"}],"wp:featuredmedia":[{"embeddable":true,"href":"https:\/\/mog.com.vn\/vi\/wp-json\/wp\/v2\/media\/429"}],"wp:attachment":[{"href":"https:\/\/mog.com.vn\/vi\/wp-json\/wp\/v2\/media?parent=428"}],"wp:term":[{"taxonomy":"product_brand","embeddable":true,"href":"https:\/\/mog.com.vn\/vi\/wp-json\/wp\/v2\/product_brand?post=428"},{"taxonomy":"product_cat","embeddable":true,"href":"https:\/\/mog.com.vn\/vi\/wp-json\/wp\/v2\/product_cat?post=428"},{"taxonomy":"product_tag","embeddable":true,"href":"https:\/\/mog.com.vn\/vi\/wp-json\/wp\/v2\/product_tag?post=428"}],"curies":[{"name":"wp","href":"https:\/\/api.w.org\/{rel}","templated":true}]}}