{"id":432,"date":"2025-04-12T17:09:54","date_gmt":"2025-04-12T17:09:54","guid":{"rendered":"https:\/\/mog.com.vn\/renew\/product\/valtek-mark-eight\/"},"modified":"2025-04-12T17:10:00","modified_gmt":"2025-04-12T17:10:00","slug":"valtek-mark-eight","status":"publish","type":"product","link":"https:\/\/mog.com.vn\/vi\/product\/valtek-mark-eight\/","title":{"rendered":"VALTEK MARK EIGHT"},"content":{"rendered":"","protected":false},"excerpt":{"rendered":"<p><strong>MODEL<\/strong>: Mark Eight<\/p>\n<p><strong>Lo\u1ea1i van\/Valve Type<\/strong> :\u00a0 Linear Globe<\/p>\n<p><strong>\u0110\u1eb7c \u0111i\u1ec3m \/Special Service<\/strong> : Mark Eight l\u00e0 d\u00f2ng van \u0111i\u1ec1u khi\u1ec3n v\u1edbi th\u00e2n van thi\u1ebft k\u1ebf ki\u1ec3u Y d\u00f9ng cho \u1ee9ng d\u1ee5ng c\u00f3 l\u01b0u l\u01b0\u1ee3ng cao v\u00e0 l\u00e0m gi\u1ea3m nhi\u1ec5u lo\u1ea1n c\u1ee7a d\u00f2ng ch\u1ea3y h\u01a1n so v\u1edbi nh\u1eefng d\u00f2ng van kh\u00e1c .\u0110\u01b0\u1ee3c thi\u1ebft k\u1ebf theo ki\u1ec3u straitght &#8211; througth n\u00ean d\u00f2ng Mark Eight gi\u1ea3m thi\u1ec3u \u0111\u1ed9 \u1ed3n v\u00e0 \u0111\u1ed9 rung.<\/p>\n<p><strong style=\"font-size: 14.4px;\">C\u1ee1\u00a0<\/strong><strong style=\"font-size: 14.4px;\">van \/Valve size:<\/strong><span style=\"font-size: 14.4px;\"> 1.5 &#8221; &#8211; 14 &#8220;,<\/span><\/p>\n<p><strong>Pressure: <\/strong>Class 150 &#8211; 600<\/p>\n<p><strong>Body Style<\/strong>: Y- Body Globe<\/p>\n<p><strong>V\u1eadt li\u1ec7u th\u00e2n van \/Body material :<\/strong><span class=\"fontstyle0\">Carbon steel, stainless steel, chromemoly, bronze, alloy 20, monel, nickel, titanium, other castable materials<\/span><\/p>\n","protected":false},"featured_media":433,"comment_status":"closed","ping_status":"open","template":"","meta":[],"product_brand":[],"product_cat":[140],"product_tag":[71],"class_list":{"0":"post-432","1":"product","2":"type-product","3":"status-publish","4":"has-post-thumbnail","6":"product_cat-ve-chung-toi","7":"product_tag-flowservesvalvalve","9":"first","10":"instock","11":"product-type-simple"},"yoast_head":"<!-- This site is optimized with the Yoast SEO Premium plugin v25.9 (Yoast SEO v25.9) - https:\/\/yoast.com\/wordpress\/plugins\/seo\/ -->\n<title>VALTEK MARK EIGHT - Mog.com.vn<\/title>\n<meta name=\"robots\" content=\"index, follow, max-snippet:-1, max-image-preview:large, max-video-preview:-1\" \/>\n<link rel=\"canonical\" href=\"https:\/\/mog.com.vn\/product\/valtek-mark-eight\/\" \/>\n<meta property=\"og:locale\" content=\"vi_VN\" \/>\n<meta property=\"og:type\" content=\"article\" \/>\n<meta property=\"og:title\" content=\"VALTEK MARK EIGHT\" \/>\n<meta property=\"og:description\" content=\"[:vi]MODEL: Mark Eight Lo\u1ea1i van\/Valve Type :\u00a0 Linear Globe \u0110\u1eb7c \u0111i\u1ec3m \/Special Service : Mark Eight l\u00e0 d\u00f2ng van \u0111i\u1ec1u khi\u1ec3n v\u1edbi th\u00e2n van thi\u1ebft k\u1ebf ki\u1ec3u Y d\u00f9ng cho \u1ee9ng d\u1ee5ng c\u00f3 l\u01b0u l\u01b0\u1ee3ng cao v\u00e0 l\u00e0m gi\u1ea3m nhi\u1ec5u lo\u1ea1n c\u1ee7a d\u00f2ng ch\u1ea3y h\u01a1n so v\u1edbi nh\u1eefng d\u00f2ng van kh\u00e1c .\u0110\u01b0\u1ee3c thi\u1ebft k\u1ebf theo ki\u1ec3u straitght - througth n\u00ean d\u00f2ng Mark Eight gi\u1ea3m thi\u1ec3u \u0111\u1ed9 \u1ed3n v\u00e0 \u0111\u1ed9 rung. C\u1ee1\u00a0van \/Valve size: 1.5 &quot; - 14 &quot;, Pressure: Class 150 - 600 Body Style: Y- Body Globe V\u1eadt li\u1ec7u th\u00e2n van \/Body material :Carbon steel, stainless steel, chromemoly, bronze, alloy 20, monel, nickel, titanium, other castable materials[:kr]MODEL: Mark Eight \ubc38\ube0c \uc885\ub958\/Valve Type\u00a0:\u00a0 Linear Globe \ud2b9\uc9d5 \/Special Service\u00a0: Mark Eights\ub294 \ub192\uc740 \uc720\ub7c9\uc774 \uc788\ub294 \uc751\uc6a9\uc744 \uc704\ud574 \uc0ac\uc6a9\ub418\uace0 \ub2e4\ub978 \ubc38\ube0c\ubcf4\ub2e4 \ud750\ub984\uc758 \uc694\ub780\uc744 \uc904\uc774\ub294 Y\uc2dd\uc73c\ub85c \uc124\uacc4\ub41c \ubc38\ube0c \ubcf8\uccb4\ub85c \uc81c\uc5b4 \ubc38\ube0c\uc774\ub2e4. \ubc38\ube0c \uc0ac\uc774\uc988 \/Valve size:\u00a01.5 \u201d \u2013 14 \u201c, \uc55e\ub825:\u00a0Class 150 \u2013 600 \ubc14\ub514 \uc2a4\ud0c0\uc77c: Y- Body Globe \ubc38\ube0c \ubcf8\uccb4 \uc7ac\ub8cc\/Body material :Carbon steel, stainless steel, chromemoly, bronze, alloy 20, monel, nickel, titanium, other castable materials[:]\" \/>\n<meta property=\"og:url\" content=\"https:\/\/mog.com.vn\/product\/valtek-mark-eight\/\" \/>\n<meta property=\"og:site_name\" content=\"Mog.com.vn\" \/>\n<meta property=\"article:modified_time\" content=\"2025-04-12T17:10:00+00:00\" \/>\n<meta property=\"og:image\" content=\"https:\/\/mog.com.vn\/wp-content\/uploads\/2025\/04\/mark-eight.jpg\" \/>\n\t<meta property=\"og:image:width\" content=\"500\" \/>\n\t<meta property=\"og:image:height\" content=\"500\" \/>\n\t<meta property=\"og:image:type\" content=\"image\/jpeg\" \/>\n<meta name=\"twitter:card\" content=\"summary_large_image\" \/>\n<script type=\"application\/ld+json\" class=\"yoast-schema-graph\">{\"@context\":\"https:\/\/schema.org\",\"@graph\":[{\"@type\":\"WebPage\",\"@id\":\"https:\/\/mog.com.vn\/product\/valtek-mark-eight\/\",\"url\":\"https:\/\/mog.com.vn\/product\/valtek-mark-eight\/\",\"name\":\"VALTEK MARK EIGHT - Mog.com.vn\",\"isPartOf\":{\"@id\":\"https:\/\/mog.com.vn\/#website\"},\"primaryImageOfPage\":{\"@id\":\"https:\/\/mog.com.vn\/product\/valtek-mark-eight\/#primaryimage\"},\"image\":{\"@id\":\"https:\/\/mog.com.vn\/product\/valtek-mark-eight\/#primaryimage\"},\"thumbnailUrl\":\"https:\/\/mog.com.vn\/wp-content\/uploads\/2025\/04\/mark-eight.jpg\",\"datePublished\":\"2025-04-12T17:09:54+00:00\",\"dateModified\":\"2025-04-12T17:10:00+00:00\",\"breadcrumb\":{\"@id\":\"https:\/\/mog.com.vn\/product\/valtek-mark-eight\/#breadcrumb\"},\"inLanguage\":\"vi\",\"potentialAction\":[{\"@type\":\"ReadAction\",\"target\":[\"https:\/\/mog.com.vn\/product\/valtek-mark-eight\/\"]}]},{\"@type\":\"ImageObject\",\"inLanguage\":\"vi\",\"@id\":\"https:\/\/mog.com.vn\/product\/valtek-mark-eight\/#primaryimage\",\"url\":\"https:\/\/mog.com.vn\/wp-content\/uploads\/2025\/04\/mark-eight.jpg\",\"contentUrl\":\"https:\/\/mog.com.vn\/wp-content\/uploads\/2025\/04\/mark-eight.jpg\",\"width\":500,\"height\":500},{\"@type\":\"BreadcrumbList\",\"@id\":\"https:\/\/mog.com.vn\/product\/valtek-mark-eight\/#breadcrumb\",\"itemListElement\":[{\"@type\":\"ListItem\",\"position\":1,\"name\":\"Home\",\"item\":\"https:\/\/mog.com.vn\/\"},{\"@type\":\"ListItem\",\"position\":2,\"name\":\"Shop\",\"item\":\"https:\/\/mog.com.vn\/shop\/\"},{\"@type\":\"ListItem\",\"position\":3,\"name\":\"VALTEK MARK EIGHT\"}]},{\"@type\":\"WebSite\",\"@id\":\"https:\/\/mog.com.vn\/#website\",\"url\":\"https:\/\/mog.com.vn\/\",\"name\":\"Mog.com.vn\",\"description\":\"FLOW Control Solutions\",\"publisher\":{\"@id\":\"https:\/\/mog.com.vn\/#organization\"},\"potentialAction\":[{\"@type\":\"SearchAction\",\"target\":{\"@type\":\"EntryPoint\",\"urlTemplate\":\"https:\/\/mog.com.vn\/?s={search_term_string}\"},\"query-input\":{\"@type\":\"PropertyValueSpecification\",\"valueRequired\":true,\"valueName\":\"search_term_string\"}}],\"inLanguage\":\"vi\"},{\"@type\":\"Organization\",\"@id\":\"https:\/\/mog.com.vn\/#organization\",\"name\":\"Mog.com.vn\",\"url\":\"https:\/\/mog.com.vn\/\",\"logo\":{\"@type\":\"ImageObject\",\"inLanguage\":\"vi\",\"@id\":\"https:\/\/mog.com.vn\/#\/schema\/logo\/image\/\",\"url\":\"https:\/\/mog.com.vn\/wp-content\/uploads\/2025\/10\/Logo-MOG.jpg\",\"contentUrl\":\"https:\/\/mog.com.vn\/wp-content\/uploads\/2025\/10\/Logo-MOG.jpg\",\"width\":755,\"height\":230,\"caption\":\"Mog.com.vn\"},\"image\":{\"@id\":\"https:\/\/mog.com.vn\/#\/schema\/logo\/image\/\"},\"description\":\"Gi\u1ea3i ph\u00e1p C\u01a1 kh\u00ed ch\u00ednh x\u00e1c & Van c\u00f4ng nghi\u1ec7p to\u00e0n di\u1ec7n cho doanh nghi\u1ec7p c\u1ee7a b\u1ea1n.\",\"email\":\"giacongcokhimog@gmail.com\",\"telephone\":\"090 311 4883\"}]}<\/script>\n<!-- \/ Yoast SEO Premium plugin. -->","yoast_head_json":{"title":"VALTEK MARK EIGHT - Mog.com.vn","robots":{"index":"index","follow":"follow","max-snippet":"max-snippet:-1","max-image-preview":"max-image-preview:large","max-video-preview":"max-video-preview:-1"},"canonical":"https:\/\/mog.com.vn\/product\/valtek-mark-eight\/","og_locale":"vi_VN","og_type":"article","og_title":"VALTEK MARK EIGHT","og_description":"[:vi]MODEL: Mark Eight Lo\u1ea1i van\/Valve Type :\u00a0 Linear Globe \u0110\u1eb7c \u0111i\u1ec3m \/Special Service : Mark Eight l\u00e0 d\u00f2ng van \u0111i\u1ec1u khi\u1ec3n v\u1edbi th\u00e2n van thi\u1ebft k\u1ebf ki\u1ec3u Y d\u00f9ng cho \u1ee9ng d\u1ee5ng c\u00f3 l\u01b0u l\u01b0\u1ee3ng cao v\u00e0 l\u00e0m gi\u1ea3m nhi\u1ec5u lo\u1ea1n c\u1ee7a d\u00f2ng ch\u1ea3y h\u01a1n so v\u1edbi nh\u1eefng d\u00f2ng van kh\u00e1c .\u0110\u01b0\u1ee3c thi\u1ebft k\u1ebf theo ki\u1ec3u straitght - througth n\u00ean d\u00f2ng Mark Eight gi\u1ea3m thi\u1ec3u \u0111\u1ed9 \u1ed3n v\u00e0 \u0111\u1ed9 rung. C\u1ee1\u00a0van \/Valve size: 1.5 \" - 14 \", Pressure: Class 150 - 600 Body Style: Y- Body Globe V\u1eadt li\u1ec7u th\u00e2n van \/Body material :Carbon steel, stainless steel, chromemoly, bronze, alloy 20, monel, nickel, titanium, other castable materials[:kr]MODEL: Mark Eight \ubc38\ube0c \uc885\ub958\/Valve Type\u00a0:\u00a0 Linear Globe \ud2b9\uc9d5 \/Special Service\u00a0: Mark Eights\ub294 \ub192\uc740 \uc720\ub7c9\uc774 \uc788\ub294 \uc751\uc6a9\uc744 \uc704\ud574 \uc0ac\uc6a9\ub418\uace0 \ub2e4\ub978 \ubc38\ube0c\ubcf4\ub2e4 \ud750\ub984\uc758 \uc694\ub780\uc744 \uc904\uc774\ub294 Y\uc2dd\uc73c\ub85c \uc124\uacc4\ub41c \ubc38\ube0c \ubcf8\uccb4\ub85c \uc81c\uc5b4 \ubc38\ube0c\uc774\ub2e4. \ubc38\ube0c \uc0ac\uc774\uc988 \/Valve size:\u00a01.5 \u201d \u2013 14 \u201c, \uc55e\ub825:\u00a0Class 150 \u2013 600 \ubc14\ub514 \uc2a4\ud0c0\uc77c: Y- Body Globe \ubc38\ube0c \ubcf8\uccb4 \uc7ac\ub8cc\/Body material :Carbon steel, stainless steel, chromemoly, bronze, alloy 20, monel, nickel, titanium, other castable materials[:]","og_url":"https:\/\/mog.com.vn\/product\/valtek-mark-eight\/","og_site_name":"Mog.com.vn","article_modified_time":"2025-04-12T17:10:00+00:00","og_image":[{"width":500,"height":500,"url":"https:\/\/mog.com.vn\/wp-content\/uploads\/2025\/04\/mark-eight.jpg","type":"image\/jpeg"}],"twitter_card":"summary_large_image","schema":{"@context":"https:\/\/schema.org","@graph":[{"@type":"WebPage","@id":"https:\/\/mog.com.vn\/product\/valtek-mark-eight\/","url":"https:\/\/mog.com.vn\/product\/valtek-mark-eight\/","name":"VALTEK MARK EIGHT - Mog.com.vn","isPartOf":{"@id":"https:\/\/mog.com.vn\/#website"},"primaryImageOfPage":{"@id":"https:\/\/mog.com.vn\/product\/valtek-mark-eight\/#primaryimage"},"image":{"@id":"https:\/\/mog.com.vn\/product\/valtek-mark-eight\/#primaryimage"},"thumbnailUrl":"https:\/\/mog.com.vn\/wp-content\/uploads\/2025\/04\/mark-eight.jpg","datePublished":"2025-04-12T17:09:54+00:00","dateModified":"2025-04-12T17:10:00+00:00","breadcrumb":{"@id":"https:\/\/mog.com.vn\/product\/valtek-mark-eight\/#breadcrumb"},"inLanguage":"vi","potentialAction":[{"@type":"ReadAction","target":["https:\/\/mog.com.vn\/product\/valtek-mark-eight\/"]}]},{"@type":"ImageObject","inLanguage":"vi","@id":"https:\/\/mog.com.vn\/product\/valtek-mark-eight\/#primaryimage","url":"https:\/\/mog.com.vn\/wp-content\/uploads\/2025\/04\/mark-eight.jpg","contentUrl":"https:\/\/mog.com.vn\/wp-content\/uploads\/2025\/04\/mark-eight.jpg","width":500,"height":500},{"@type":"BreadcrumbList","@id":"https:\/\/mog.com.vn\/product\/valtek-mark-eight\/#breadcrumb","itemListElement":[{"@type":"ListItem","position":1,"name":"Home","item":"https:\/\/mog.com.vn\/"},{"@type":"ListItem","position":2,"name":"Shop","item":"https:\/\/mog.com.vn\/shop\/"},{"@type":"ListItem","position":3,"name":"VALTEK MARK EIGHT"}]},{"@type":"WebSite","@id":"https:\/\/mog.com.vn\/#website","url":"https:\/\/mog.com.vn\/","name":"Mog.com.vn","description":"FLOW Control Solutions","publisher":{"@id":"https:\/\/mog.com.vn\/#organization"},"potentialAction":[{"@type":"SearchAction","target":{"@type":"EntryPoint","urlTemplate":"https:\/\/mog.com.vn\/?s={search_term_string}"},"query-input":{"@type":"PropertyValueSpecification","valueRequired":true,"valueName":"search_term_string"}}],"inLanguage":"vi"},{"@type":"Organization","@id":"https:\/\/mog.com.vn\/#organization","name":"Mog.com.vn","url":"https:\/\/mog.com.vn\/","logo":{"@type":"ImageObject","inLanguage":"vi","@id":"https:\/\/mog.com.vn\/#\/schema\/logo\/image\/","url":"https:\/\/mog.com.vn\/wp-content\/uploads\/2025\/10\/Logo-MOG.jpg","contentUrl":"https:\/\/mog.com.vn\/wp-content\/uploads\/2025\/10\/Logo-MOG.jpg","width":755,"height":230,"caption":"Mog.com.vn"},"image":{"@id":"https:\/\/mog.com.vn\/#\/schema\/logo\/image\/"},"description":"Gi\u1ea3i ph\u00e1p C\u01a1 kh\u00ed ch\u00ednh x\u00e1c & Van c\u00f4ng nghi\u1ec7p to\u00e0n di\u1ec7n cho doanh nghi\u1ec7p c\u1ee7a b\u1ea1n.","email":"giacongcokhimog@gmail.com","telephone":"090 311 4883"}]}},"_links":{"self":[{"href":"https:\/\/mog.com.vn\/vi\/wp-json\/wp\/v2\/product\/432","targetHints":{"allow":["GET"]}}],"collection":[{"href":"https:\/\/mog.com.vn\/vi\/wp-json\/wp\/v2\/product"}],"about":[{"href":"https:\/\/mog.com.vn\/vi\/wp-json\/wp\/v2\/types\/product"}],"replies":[{"embeddable":true,"href":"https:\/\/mog.com.vn\/vi\/wp-json\/wp\/v2\/comments?post=432"}],"wp:featuredmedia":[{"embeddable":true,"href":"https:\/\/mog.com.vn\/vi\/wp-json\/wp\/v2\/media\/433"}],"wp:attachment":[{"href":"https:\/\/mog.com.vn\/vi\/wp-json\/wp\/v2\/media?parent=432"}],"wp:term":[{"taxonomy":"product_brand","embeddable":true,"href":"https:\/\/mog.com.vn\/vi\/wp-json\/wp\/v2\/product_brand?post=432"},{"taxonomy":"product_cat","embeddable":true,"href":"https:\/\/mog.com.vn\/vi\/wp-json\/wp\/v2\/product_cat?post=432"},{"taxonomy":"product_tag","embeddable":true,"href":"https:\/\/mog.com.vn\/vi\/wp-json\/wp\/v2\/product_tag?post=432"}],"curies":[{"name":"wp","href":"https:\/\/api.w.org\/{rel}","templated":true}]}}