{"id":434,"date":"2025-04-12T17:09:54","date_gmt":"2025-04-12T17:09:54","guid":{"rendered":"https:\/\/mog.com.vn\/renew\/product\/valtek-mark-six\/"},"modified":"2025-04-12T17:10:00","modified_gmt":"2025-04-12T17:10:00","slug":"valtek-mark-six","status":"publish","type":"product","link":"https:\/\/mog.com.vn\/vi\/product\/valtek-mark-six\/","title":{"rendered":"VALTEK MARK SIX"},"content":{"rendered":"","protected":false},"excerpt":{"rendered":"<p><strong>MODEL<\/strong>: Mark Six<\/p>\n<p><strong>Lo\u1ea1i van\/Valve Type<\/strong> :\u00a0 Linear Globe<\/p>\n<p><strong>\u0110\u1eb7c \u0111i\u1ec3m \/Special Service<\/strong> : Mark Six\u00a0 l\u00e0 d\u00f2ng van \u0111i\u1ec1u khi\u1ec3n d\u1eabn \u0111\u1ea7u \u0111\u1eb7c bi\u1ec7t d\u00f9ng cho nh\u1eefng \u1ee9ng d\u1ee5ng l\u1ea1nh nhi\u1ec7t \u0111\u1ed9\u00a0\u00a0<span class=\"fontstyle0\">-405\u00b0F\/-218\u00b0C. Thi\u1ebft k\u1ebf th\u00e2n van \u0111\u01b0\u1ee3c ch\u1ebf t\u1ea1o b\u1eb1ng \u0111\u1ed3ng ho\u1eb7c th\u00e9p kh\u00f4ng g\u1ec9 Austenitic \u0111\u1ea3m b\u1ea3o b\u1ec1n \u0111\u1ed1i v\u1edbi s\u1ef1 va cham c\u1ee7a l\u01b0u ch\u1ea5t trong valve \u1edf nhi\u1ec7t \u0111\u1ed9 th\u1ea5p v\u00e0 h\u1ea1n ch\u1ebf s\u1ef1 truy\u1ec1n nhi\u1ec7t t\u1ed1i thi\u1ec3u. Mark Six \u0111\u01b0\u1ee3c thi\u1ebft k\u1ebf t\u1ed1i \u01b0u cho l\u01b0u l\u01b0\u1ee3ng d\u00f2ng ch\u1ea3y l\u1edbn , l\u00e0m h\u1ea1n ch\u1ebf nh\u1ecf nh\u1ea5t vi\u1ec7c l\u00e0m n\u00f3ng l\u01b0u ch\u1ea5t ch\u1ea3y qua van. Mark Six \u0111\u01b0\u1ee3c thi\u1ebft k\u1ebf ph\u00f9 h\u1ee3p v\u1edbi actuator d\u1ea1ng xi lanh t\u1ea1o ra l\u1ef1c \u0111\u1ea9y cao, \u0111\u00f3ng ch\u1eb7t , l\u00e0 l\u1ef1a ch\u1ecdn ho\u00e0n h\u1ea3o cho vi\u1ec7c \u0111i\u1ec1u khi\u1ec3n .\u00a0<\/span><\/p>\n<p><strong style=\"font-size: 14.4px;\">C\u1ee1\u00a0<\/strong><strong style=\"font-size: 14.4px;\">van \/Valve size:<\/strong><span style=\"font-size: 14.4px;\"> 0.5 &#8221; &#8211; 10 &#8220;,\u00a0<\/span><\/p>\n<p><strong>Pressure: <\/strong>Class 150, 300, 600<\/p>\n<p><strong>Body Style<\/strong>: Globe, Angle<\/p>\n<p><strong>V\u1eadt li\u1ec7u th\u00e2n van \/Body material : <\/strong>316*, 316L, 304. 304L, bronze ( \u0111\u1ed3ng)<\/p>\n","protected":false},"featured_media":435,"comment_status":"closed","ping_status":"open","template":"","meta":[],"product_brand":[],"product_cat":[140],"product_tag":[71],"class_list":{"0":"post-434","1":"product","2":"type-product","3":"status-publish","4":"has-post-thumbnail","6":"product_cat-ve-chung-toi","7":"product_tag-flowservesvalvalve","9":"first","10":"instock","11":"product-type-simple"},"yoast_head":"<!-- This site is optimized with the Yoast SEO Premium plugin v25.9 (Yoast SEO v25.9) - https:\/\/yoast.com\/wordpress\/plugins\/seo\/ -->\n<title>VALTEK MARK SIX - Mog.com.vn<\/title>\n<meta name=\"robots\" content=\"index, follow, max-snippet:-1, max-image-preview:large, max-video-preview:-1\" \/>\n<link rel=\"canonical\" href=\"https:\/\/mog.com.vn\/product\/valtek-mark-six\/\" \/>\n<meta property=\"og:locale\" content=\"vi_VN\" \/>\n<meta property=\"og:type\" content=\"article\" \/>\n<meta property=\"og:title\" content=\"VALTEK MARK SIX\" \/>\n<meta property=\"og:description\" content=\"[:vi]MODEL: Mark Six Lo\u1ea1i van\/Valve Type :\u00a0 Linear Globe \u0110\u1eb7c \u0111i\u1ec3m \/Special Service : Mark Six\u00a0 l\u00e0 d\u00f2ng van \u0111i\u1ec1u khi\u1ec3n d\u1eabn \u0111\u1ea7u \u0111\u1eb7c bi\u1ec7t d\u00f9ng cho nh\u1eefng \u1ee9ng d\u1ee5ng l\u1ea1nh nhi\u1ec7t \u0111\u1ed9\u00a0\u00a0-405\u00b0F\/-218\u00b0C. Thi\u1ebft k\u1ebf th\u00e2n van \u0111\u01b0\u1ee3c ch\u1ebf t\u1ea1o b\u1eb1ng \u0111\u1ed3ng ho\u1eb7c th\u00e9p kh\u00f4ng g\u1ec9 Austenitic \u0111\u1ea3m b\u1ea3o b\u1ec1n \u0111\u1ed1i v\u1edbi s\u1ef1 va cham c\u1ee7a l\u01b0u ch\u1ea5t trong valve \u1edf nhi\u1ec7t \u0111\u1ed9 th\u1ea5p v\u00e0 h\u1ea1n ch\u1ebf s\u1ef1 truy\u1ec1n nhi\u1ec7t t\u1ed1i thi\u1ec3u. Mark Six \u0111\u01b0\u1ee3c thi\u1ebft k\u1ebf t\u1ed1i \u01b0u cho l\u01b0u l\u01b0\u1ee3ng d\u00f2ng ch\u1ea3y l\u1edbn , l\u00e0m h\u1ea1n ch\u1ebf nh\u1ecf nh\u1ea5t vi\u1ec7c l\u00e0m n\u00f3ng l\u01b0u ch\u1ea5t ch\u1ea3y qua van. Mark Six \u0111\u01b0\u1ee3c thi\u1ebft k\u1ebf ph\u00f9 h\u1ee3p v\u1edbi actuator d\u1ea1ng xi lanh t\u1ea1o ra l\u1ef1c \u0111\u1ea9y cao, \u0111\u00f3ng ch\u1eb7t , l\u00e0 l\u1ef1a ch\u1ecdn ho\u00e0n h\u1ea3o cho vi\u1ec7c \u0111i\u1ec1u khi\u1ec3n .\u00a0 C\u1ee1\u00a0van \/Valve size: 0.5 &quot; - 10 &quot;,\u00a0 Pressure: Class 150, 300, 600 Body Style: Globe, Angle V\u1eadt li\u1ec7u th\u00e2n van \/Body material : 316*, 316L, 304. 304L, bronze ( \u0111\u1ed3ng)[:kr]MODEL: Mark Six \ubc38\ube0c \uc885\ub958\/Valve Type\u00a0:\u00a0 Linear Globe \ud2b9\uc9d5\/ Special Service\u00a0: Mark Six\ub294-405\u00b0F\/-218\u00b0C \uc628\ub3c4\ub85c \ucd94\uc6b4 \uc751\uc6a9\ub4e4\uc744 \uc704\ud574 \uc0ac\uc6a9\ub3e4 \uc120\ub450\uc5d0 \uc11c\ub294 \ubc38\ube0c\uc774\ub2e4. \uad6c\ub9ac\ub098 Austenitic\uc2a4\ud14c\uc778\ub9ac\uc2a4 \uc2a4\ud2f8\ub85c \uc81c\uc870\ub41c \ubc38\ube0c \ubcf8\uccb4 \ub514\uc790\uc778\uc740 \uc800\uc628\uc758 \ubc38\ube0c\uc5d0\uc11c \uc720\uccb4\uc758 \ucda9\ub3cc\uc5d0 \ub300\ud55c \ub0b4\uad6c\uc131\uc744 \ubcf4\uc7a5\ud558\uba70 \ucd5c\uc18c \uc5f4 \uc804\ub2ec\uc744 \uc81c\ud55c\ud55c\ub2e4. Mark Six\ub294 \ud070 \uc720\ub7c9\uc744 \uc704\ud574 \uc124\uacc4\ub418\uc5c8\uc73c\uba70, \ubc38\ube0c\ub97c \ud1b5\uacfc\ud558\ub294 \uc720\uccb4\uc758 \uc628\ub3c4\ub97c \ucd5c\uc18c\ub85c \uc81c\ud55c\ud55c\ub2e4. Mark Six\ub294 \ub192\uc740 \ucd94\uc9c4\ub825\uc744 \ubc1c\uc0dd\uc2dc\ud0a4\ub294 \uc2e4\ub9b0\ub354\ud615 \uc561\ucd94\uc5d0\uc774\ud130\uc5d0 \uc801\ud569\ud558\ub3c4\ub85d \uc124\uacc4\ub418\uc5b4 \uc81c\uc5b4\uc5d0 \uc644\ubcbd\ud55c \uc120\ud0dd\uc774\ub2e4. \ubc38\ube0c \uc0ac\uc774\uc988 \/Valve size:\u00a00.5 \u201d \u2013 10 \u201c, \uc555\ub825:\u00a0Class 150, 300, 600 \ubc14\ub514 \uc2a4\ud0c0\uc77c: Globe, Angle \ubc38\ube0c \ubc14\ub514 \uc7ac\ub8cc\/Body material :\u00a0316*, 316L, 304. 304L, bronze[:]\" \/>\n<meta property=\"og:url\" content=\"https:\/\/mog.com.vn\/product\/valtek-mark-six\/\" \/>\n<meta property=\"og:site_name\" content=\"Mog.com.vn\" \/>\n<meta property=\"article:modified_time\" content=\"2025-04-12T17:10:00+00:00\" \/>\n<meta property=\"og:image\" content=\"https:\/\/mog.com.vn\/wp-content\/uploads\/2025\/04\/Mark-Six_cyogenic.png\" \/>\n\t<meta property=\"og:image:width\" content=\"824\" \/>\n\t<meta property=\"og:image:height\" content=\"1641\" \/>\n\t<meta property=\"og:image:type\" content=\"image\/png\" \/>\n<meta name=\"twitter:card\" content=\"summary_large_image\" \/>\n<script type=\"application\/ld+json\" class=\"yoast-schema-graph\">{\"@context\":\"https:\/\/schema.org\",\"@graph\":[{\"@type\":\"WebPage\",\"@id\":\"https:\/\/mog.com.vn\/product\/valtek-mark-six\/\",\"url\":\"https:\/\/mog.com.vn\/product\/valtek-mark-six\/\",\"name\":\"VALTEK MARK SIX - Mog.com.vn\",\"isPartOf\":{\"@id\":\"https:\/\/mog.com.vn\/#website\"},\"primaryImageOfPage\":{\"@id\":\"https:\/\/mog.com.vn\/product\/valtek-mark-six\/#primaryimage\"},\"image\":{\"@id\":\"https:\/\/mog.com.vn\/product\/valtek-mark-six\/#primaryimage\"},\"thumbnailUrl\":\"https:\/\/mog.com.vn\/wp-content\/uploads\/2025\/04\/Mark-Six_cyogenic.png\",\"datePublished\":\"2025-04-12T17:09:54+00:00\",\"dateModified\":\"2025-04-12T17:10:00+00:00\",\"breadcrumb\":{\"@id\":\"https:\/\/mog.com.vn\/product\/valtek-mark-six\/#breadcrumb\"},\"inLanguage\":\"vi\",\"potentialAction\":[{\"@type\":\"ReadAction\",\"target\":[\"https:\/\/mog.com.vn\/product\/valtek-mark-six\/\"]}]},{\"@type\":\"ImageObject\",\"inLanguage\":\"vi\",\"@id\":\"https:\/\/mog.com.vn\/product\/valtek-mark-six\/#primaryimage\",\"url\":\"https:\/\/mog.com.vn\/wp-content\/uploads\/2025\/04\/Mark-Six_cyogenic.png\",\"contentUrl\":\"https:\/\/mog.com.vn\/wp-content\/uploads\/2025\/04\/Mark-Six_cyogenic.png\",\"width\":824,\"height\":1641},{\"@type\":\"BreadcrumbList\",\"@id\":\"https:\/\/mog.com.vn\/product\/valtek-mark-six\/#breadcrumb\",\"itemListElement\":[{\"@type\":\"ListItem\",\"position\":1,\"name\":\"Home\",\"item\":\"https:\/\/mog.com.vn\/\"},{\"@type\":\"ListItem\",\"position\":2,\"name\":\"Shop\",\"item\":\"https:\/\/mog.com.vn\/shop\/\"},{\"@type\":\"ListItem\",\"position\":3,\"name\":\"VALTEK MARK SIX\"}]},{\"@type\":\"WebSite\",\"@id\":\"https:\/\/mog.com.vn\/#website\",\"url\":\"https:\/\/mog.com.vn\/\",\"name\":\"Mog.com.vn\",\"description\":\"FLOW Control Solutions\",\"publisher\":{\"@id\":\"https:\/\/mog.com.vn\/#organization\"},\"potentialAction\":[{\"@type\":\"SearchAction\",\"target\":{\"@type\":\"EntryPoint\",\"urlTemplate\":\"https:\/\/mog.com.vn\/?s={search_term_string}\"},\"query-input\":{\"@type\":\"PropertyValueSpecification\",\"valueRequired\":true,\"valueName\":\"search_term_string\"}}],\"inLanguage\":\"vi\"},{\"@type\":\"Organization\",\"@id\":\"https:\/\/mog.com.vn\/#organization\",\"name\":\"Mog.com.vn\",\"url\":\"https:\/\/mog.com.vn\/\",\"logo\":{\"@type\":\"ImageObject\",\"inLanguage\":\"vi\",\"@id\":\"https:\/\/mog.com.vn\/#\/schema\/logo\/image\/\",\"url\":\"https:\/\/mog.com.vn\/wp-content\/uploads\/2025\/10\/Logo-MOG.jpg\",\"contentUrl\":\"https:\/\/mog.com.vn\/wp-content\/uploads\/2025\/10\/Logo-MOG.jpg\",\"width\":755,\"height\":230,\"caption\":\"Mog.com.vn\"},\"image\":{\"@id\":\"https:\/\/mog.com.vn\/#\/schema\/logo\/image\/\"},\"description\":\"Gi\u1ea3i ph\u00e1p C\u01a1 kh\u00ed ch\u00ednh x\u00e1c & Van c\u00f4ng nghi\u1ec7p to\u00e0n di\u1ec7n cho doanh nghi\u1ec7p c\u1ee7a b\u1ea1n.\",\"email\":\"giacongcokhimog@gmail.com\",\"telephone\":\"090 311 4883\"}]}<\/script>\n<!-- \/ Yoast SEO Premium plugin. -->","yoast_head_json":{"title":"VALTEK MARK SIX - Mog.com.vn","robots":{"index":"index","follow":"follow","max-snippet":"max-snippet:-1","max-image-preview":"max-image-preview:large","max-video-preview":"max-video-preview:-1"},"canonical":"https:\/\/mog.com.vn\/product\/valtek-mark-six\/","og_locale":"vi_VN","og_type":"article","og_title":"VALTEK MARK SIX","og_description":"[:vi]MODEL: Mark Six Lo\u1ea1i van\/Valve Type :\u00a0 Linear Globe \u0110\u1eb7c \u0111i\u1ec3m \/Special Service : Mark Six\u00a0 l\u00e0 d\u00f2ng van \u0111i\u1ec1u khi\u1ec3n d\u1eabn \u0111\u1ea7u \u0111\u1eb7c bi\u1ec7t d\u00f9ng cho nh\u1eefng \u1ee9ng d\u1ee5ng l\u1ea1nh nhi\u1ec7t \u0111\u1ed9\u00a0\u00a0-405\u00b0F\/-218\u00b0C. Thi\u1ebft k\u1ebf th\u00e2n van \u0111\u01b0\u1ee3c ch\u1ebf t\u1ea1o b\u1eb1ng \u0111\u1ed3ng ho\u1eb7c th\u00e9p kh\u00f4ng g\u1ec9 Austenitic \u0111\u1ea3m b\u1ea3o b\u1ec1n \u0111\u1ed1i v\u1edbi s\u1ef1 va cham c\u1ee7a l\u01b0u ch\u1ea5t trong valve \u1edf nhi\u1ec7t \u0111\u1ed9 th\u1ea5p v\u00e0 h\u1ea1n ch\u1ebf s\u1ef1 truy\u1ec1n nhi\u1ec7t t\u1ed1i thi\u1ec3u. Mark Six \u0111\u01b0\u1ee3c thi\u1ebft k\u1ebf t\u1ed1i \u01b0u cho l\u01b0u l\u01b0\u1ee3ng d\u00f2ng ch\u1ea3y l\u1edbn , l\u00e0m h\u1ea1n ch\u1ebf nh\u1ecf nh\u1ea5t vi\u1ec7c l\u00e0m n\u00f3ng l\u01b0u ch\u1ea5t ch\u1ea3y qua van. Mark Six \u0111\u01b0\u1ee3c thi\u1ebft k\u1ebf ph\u00f9 h\u1ee3p v\u1edbi actuator d\u1ea1ng xi lanh t\u1ea1o ra l\u1ef1c \u0111\u1ea9y cao, \u0111\u00f3ng ch\u1eb7t , l\u00e0 l\u1ef1a ch\u1ecdn ho\u00e0n h\u1ea3o cho vi\u1ec7c \u0111i\u1ec1u khi\u1ec3n .\u00a0 C\u1ee1\u00a0van \/Valve size: 0.5 \" - 10 \",\u00a0 Pressure: Class 150, 300, 600 Body Style: Globe, Angle V\u1eadt li\u1ec7u th\u00e2n van \/Body material : 316*, 316L, 304. 304L, bronze ( \u0111\u1ed3ng)[:kr]MODEL: Mark Six \ubc38\ube0c \uc885\ub958\/Valve Type\u00a0:\u00a0 Linear Globe \ud2b9\uc9d5\/ Special Service\u00a0: Mark Six\ub294-405\u00b0F\/-218\u00b0C \uc628\ub3c4\ub85c \ucd94\uc6b4 \uc751\uc6a9\ub4e4\uc744 \uc704\ud574 \uc0ac\uc6a9\ub3e4 \uc120\ub450\uc5d0 \uc11c\ub294 \ubc38\ube0c\uc774\ub2e4. \uad6c\ub9ac\ub098 Austenitic\uc2a4\ud14c\uc778\ub9ac\uc2a4 \uc2a4\ud2f8\ub85c \uc81c\uc870\ub41c \ubc38\ube0c \ubcf8\uccb4 \ub514\uc790\uc778\uc740 \uc800\uc628\uc758 \ubc38\ube0c\uc5d0\uc11c \uc720\uccb4\uc758 \ucda9\ub3cc\uc5d0 \ub300\ud55c \ub0b4\uad6c\uc131\uc744 \ubcf4\uc7a5\ud558\uba70 \ucd5c\uc18c \uc5f4 \uc804\ub2ec\uc744 \uc81c\ud55c\ud55c\ub2e4. Mark Six\ub294 \ud070 \uc720\ub7c9\uc744 \uc704\ud574 \uc124\uacc4\ub418\uc5c8\uc73c\uba70, \ubc38\ube0c\ub97c \ud1b5\uacfc\ud558\ub294 \uc720\uccb4\uc758 \uc628\ub3c4\ub97c \ucd5c\uc18c\ub85c \uc81c\ud55c\ud55c\ub2e4. Mark Six\ub294 \ub192\uc740 \ucd94\uc9c4\ub825\uc744 \ubc1c\uc0dd\uc2dc\ud0a4\ub294 \uc2e4\ub9b0\ub354\ud615 \uc561\ucd94\uc5d0\uc774\ud130\uc5d0 \uc801\ud569\ud558\ub3c4\ub85d \uc124\uacc4\ub418\uc5b4 \uc81c\uc5b4\uc5d0 \uc644\ubcbd\ud55c \uc120\ud0dd\uc774\ub2e4. \ubc38\ube0c \uc0ac\uc774\uc988 \/Valve size:\u00a00.5 \u201d \u2013 10 \u201c, \uc555\ub825:\u00a0Class 150, 300, 600 \ubc14\ub514 \uc2a4\ud0c0\uc77c: Globe, Angle \ubc38\ube0c \ubc14\ub514 \uc7ac\ub8cc\/Body material :\u00a0316*, 316L, 304. 304L, bronze[:]","og_url":"https:\/\/mog.com.vn\/product\/valtek-mark-six\/","og_site_name":"Mog.com.vn","article_modified_time":"2025-04-12T17:10:00+00:00","og_image":[{"width":824,"height":1641,"url":"https:\/\/mog.com.vn\/wp-content\/uploads\/2025\/04\/Mark-Six_cyogenic.png","type":"image\/png"}],"twitter_card":"summary_large_image","schema":{"@context":"https:\/\/schema.org","@graph":[{"@type":"WebPage","@id":"https:\/\/mog.com.vn\/product\/valtek-mark-six\/","url":"https:\/\/mog.com.vn\/product\/valtek-mark-six\/","name":"VALTEK MARK SIX - Mog.com.vn","isPartOf":{"@id":"https:\/\/mog.com.vn\/#website"},"primaryImageOfPage":{"@id":"https:\/\/mog.com.vn\/product\/valtek-mark-six\/#primaryimage"},"image":{"@id":"https:\/\/mog.com.vn\/product\/valtek-mark-six\/#primaryimage"},"thumbnailUrl":"https:\/\/mog.com.vn\/wp-content\/uploads\/2025\/04\/Mark-Six_cyogenic.png","datePublished":"2025-04-12T17:09:54+00:00","dateModified":"2025-04-12T17:10:00+00:00","breadcrumb":{"@id":"https:\/\/mog.com.vn\/product\/valtek-mark-six\/#breadcrumb"},"inLanguage":"vi","potentialAction":[{"@type":"ReadAction","target":["https:\/\/mog.com.vn\/product\/valtek-mark-six\/"]}]},{"@type":"ImageObject","inLanguage":"vi","@id":"https:\/\/mog.com.vn\/product\/valtek-mark-six\/#primaryimage","url":"https:\/\/mog.com.vn\/wp-content\/uploads\/2025\/04\/Mark-Six_cyogenic.png","contentUrl":"https:\/\/mog.com.vn\/wp-content\/uploads\/2025\/04\/Mark-Six_cyogenic.png","width":824,"height":1641},{"@type":"BreadcrumbList","@id":"https:\/\/mog.com.vn\/product\/valtek-mark-six\/#breadcrumb","itemListElement":[{"@type":"ListItem","position":1,"name":"Home","item":"https:\/\/mog.com.vn\/"},{"@type":"ListItem","position":2,"name":"Shop","item":"https:\/\/mog.com.vn\/shop\/"},{"@type":"ListItem","position":3,"name":"VALTEK MARK SIX"}]},{"@type":"WebSite","@id":"https:\/\/mog.com.vn\/#website","url":"https:\/\/mog.com.vn\/","name":"Mog.com.vn","description":"FLOW Control Solutions","publisher":{"@id":"https:\/\/mog.com.vn\/#organization"},"potentialAction":[{"@type":"SearchAction","target":{"@type":"EntryPoint","urlTemplate":"https:\/\/mog.com.vn\/?s={search_term_string}"},"query-input":{"@type":"PropertyValueSpecification","valueRequired":true,"valueName":"search_term_string"}}],"inLanguage":"vi"},{"@type":"Organization","@id":"https:\/\/mog.com.vn\/#organization","name":"Mog.com.vn","url":"https:\/\/mog.com.vn\/","logo":{"@type":"ImageObject","inLanguage":"vi","@id":"https:\/\/mog.com.vn\/#\/schema\/logo\/image\/","url":"https:\/\/mog.com.vn\/wp-content\/uploads\/2025\/10\/Logo-MOG.jpg","contentUrl":"https:\/\/mog.com.vn\/wp-content\/uploads\/2025\/10\/Logo-MOG.jpg","width":755,"height":230,"caption":"Mog.com.vn"},"image":{"@id":"https:\/\/mog.com.vn\/#\/schema\/logo\/image\/"},"description":"Gi\u1ea3i ph\u00e1p C\u01a1 kh\u00ed ch\u00ednh x\u00e1c & Van c\u00f4ng nghi\u1ec7p to\u00e0n di\u1ec7n cho doanh nghi\u1ec7p c\u1ee7a b\u1ea1n.","email":"giacongcokhimog@gmail.com","telephone":"090 311 4883"}]}},"_links":{"self":[{"href":"https:\/\/mog.com.vn\/vi\/wp-json\/wp\/v2\/product\/434","targetHints":{"allow":["GET"]}}],"collection":[{"href":"https:\/\/mog.com.vn\/vi\/wp-json\/wp\/v2\/product"}],"about":[{"href":"https:\/\/mog.com.vn\/vi\/wp-json\/wp\/v2\/types\/product"}],"replies":[{"embeddable":true,"href":"https:\/\/mog.com.vn\/vi\/wp-json\/wp\/v2\/comments?post=434"}],"wp:featuredmedia":[{"embeddable":true,"href":"https:\/\/mog.com.vn\/vi\/wp-json\/wp\/v2\/media\/435"}],"wp:attachment":[{"href":"https:\/\/mog.com.vn\/vi\/wp-json\/wp\/v2\/media?parent=434"}],"wp:term":[{"taxonomy":"product_brand","embeddable":true,"href":"https:\/\/mog.com.vn\/vi\/wp-json\/wp\/v2\/product_brand?post=434"},{"taxonomy":"product_cat","embeddable":true,"href":"https:\/\/mog.com.vn\/vi\/wp-json\/wp\/v2\/product_cat?post=434"},{"taxonomy":"product_tag","embeddable":true,"href":"https:\/\/mog.com.vn\/vi\/wp-json\/wp\/v2\/product_tag?post=434"}],"curies":[{"name":"wp","href":"https:\/\/api.w.org\/{rel}","templated":true}]}}