{"id":436,"date":"2025-04-12T17:09:54","date_gmt":"2025-04-12T17:09:54","guid":{"rendered":"https:\/\/mog.com.vn\/renew\/product\/valtek-mark-two\/"},"modified":"2025-04-12T17:10:02","modified_gmt":"2025-04-12T17:10:02","slug":"valtek-mark-two","status":"publish","type":"product","link":"https:\/\/mog.com.vn\/vi\/product\/valtek-mark-two\/","title":{"rendered":"VALTEK MARK TWO"},"content":{"rendered":"","protected":false},"excerpt":{"rendered":"<p><strong>MODEL<\/strong>: Mark Two<\/p>\n<p><strong>Lo\u1ea1i van\/Valve Type<\/strong> :\u00a0 Linear Globe<\/p>\n<p><strong>\u0110\u1eb7c \u0111i\u1ec3m \/Special Service<\/strong> : Mark Two l\u00e0 d\u00f2ng van \u0111i\u1ec1u khi\u1ec3n c\u1ef1c k\u1ef3 linh ho\u1ea1t, kh\u1ea3 n\u0103ng ch\u1ecbu \u00e1p su\u1ea5t cao. C\u00f3 s\u1eb5n nhi\u1ec1u c\u1ea5u h\u00ecnh kh\u00e1c nhau, th\u1eddi gian ch\u1ebf t\u1ea1o ng\u1eafn ,\u0111\u1eb7c bi\u1ec7t l\u00e0 \u0111\u1ed1i v\u1edbi nh\u1eefng van c\u1ea7n \u00e1p su\u1ea5t cao v\u00e0 v\u1eadt li\u1ec7u \u0111\u1eb7c bi\u1ec7t.<\/p>\n<p><strong style=\"font-size: 14.4px;\">C\u1ee1\u00a0<\/strong><strong style=\"font-size: 14.4px;\">van \/Valve size:<\/strong><span style=\"font-size: 14.4px;\"> 0.5 &#8221; &#8211; 2 &#8220;, \u1ee9ng d\u1ee5ng \u0111\u1eb7c bi\u1ec7t c\u00f3 lo\u1ea1i 6&#8221;<\/span><\/p>\n<p><strong>Pressure: <\/strong>Class 900 &#8211; 2500<\/p>\n<p><strong>Body Style<\/strong>: In-Line Globe, Angle Body,\u00a0Offset Globe,\u00a0Three-way Body<\/p>\n<p><strong>V\u1eadt li\u1ec7u th\u00e2n van \/Body material :<\/strong>316 Stainless Steel,Alloy 6,416 Stainless Steel,440 C. Stainless Steel,17-4 PH,Colmony, Tungsten Carbide<\/p>\n<p><strong>Temperature:<\/strong> -196 \u00b0C to 816 \u00b0C;-320 \u00b0F to 1500 \u00b0F<\/p>\n","protected":false},"featured_media":437,"comment_status":"closed","ping_status":"open","template":"","meta":[],"product_brand":[],"product_cat":[140],"product_tag":[71],"class_list":{"0":"post-436","1":"product","2":"type-product","3":"status-publish","4":"has-post-thumbnail","6":"product_cat-ve-chung-toi","7":"product_tag-flowservesvalvalve","9":"first","10":"instock","11":"product-type-simple"},"yoast_head":"<!-- This site is optimized with the Yoast SEO Premium plugin v25.9 (Yoast SEO v25.9) - https:\/\/yoast.com\/wordpress\/plugins\/seo\/ -->\n<title>VALTEK MARK TWO - Mog.com.vn<\/title>\n<meta name=\"robots\" content=\"index, follow, max-snippet:-1, max-image-preview:large, max-video-preview:-1\" \/>\n<link rel=\"canonical\" href=\"https:\/\/mog.com.vn\/vi\/product\/valtek-mark-two\/\" \/>\n<meta property=\"og:locale\" content=\"vi_VN\" \/>\n<meta property=\"og:type\" content=\"article\" \/>\n<meta property=\"og:title\" content=\"VALTEK MARK TWO\" \/>\n<meta property=\"og:description\" content=\"[:vi]MODEL: Mark Two Lo\u1ea1i van\/Valve Type :\u00a0 Linear Globe \u0110\u1eb7c \u0111i\u1ec3m \/Special Service : Mark Two l\u00e0 d\u00f2ng van \u0111i\u1ec1u khi\u1ec3n c\u1ef1c k\u1ef3 linh ho\u1ea1t, kh\u1ea3 n\u0103ng ch\u1ecbu \u00e1p su\u1ea5t cao. C\u00f3 s\u1eb5n nhi\u1ec1u c\u1ea5u h\u00ecnh kh\u00e1c nhau, th\u1eddi gian ch\u1ebf t\u1ea1o ng\u1eafn ,\u0111\u1eb7c bi\u1ec7t l\u00e0 \u0111\u1ed1i v\u1edbi nh\u1eefng van c\u1ea7n \u00e1p su\u1ea5t cao v\u00e0 v\u1eadt li\u1ec7u \u0111\u1eb7c bi\u1ec7t. C\u1ee1\u00a0van \/Valve size: 0.5 &quot; - 2 &quot;, \u1ee9ng d\u1ee5ng \u0111\u1eb7c bi\u1ec7t c\u00f3 lo\u1ea1i 6&quot; Pressure: Class 900 - 2500 Body Style: In-Line Globe, Angle Body,\u00a0Offset Globe,\u00a0Three-way Body V\u1eadt li\u1ec7u th\u00e2n van \/Body material :316 Stainless Steel,Alloy 6,416 Stainless Steel,440 C. Stainless Steel,17-4 PH,Colmony, Tungsten Carbide Temperature: -196 \u00b0C to 816 \u00b0C;-320 \u00b0F to 1500 \u00b0F[:kr]MODEL: Mark Two \ubc38\ube0c \uc885\ub958\/Valve Type\u00a0:\u00a0 Linear Globe \ud2b9\uc9d5 \/Special Service\u00a0: Mark Two\ub294 \uad49\uc7a5\ud788 \uc720\uc5f0\ud558\uace0 \ub0b4\uc555\uc131\uc774 \uac15\ud55c \ubc38\ube0c\uc774\ub2e4. \ub2e4\uc591\ud55c \uad6c\uc131\uc774 \uc900\ube44\ub418\uc5b4 \uc788\uc73c\uba70, \uc81c\uc870 \uc2dc\uac04\uc774 \uc9e7\uc73c\uba70 \ud2b9\ud788 \uace0\uc555 \ubc0f \ud2b9\uc218 \uc7ac\ub8cc\uac00 \ud544\uc694\ud55c \ubc38\ube0c\uc758 \uacbd\uc6b0 \ub354\uc6b1 \uadf8\ub7ec\ud55c\ub2e4. \ubc38\ube0c \uc0ac\uc774\uc988\/Valve size:\u00a00.5 \u201d \u2013 2 \uc555\ub825:\u00a0Class 900 \u2013 2500 \u201c6\ud0c0\uc785\uc758 \ud2b9\ubcc4 \uc751\uc6a9\u00a0\u201d \ubc14\ub514 \uc2a4\ud0c0\uc77c : In-Line Globe, Angle Body,\u00a0Offset Globe,\u00a0Three-way Body \ubc38\ube0c \ubc14\ub514 \uc7ac\ub8cc \/Body material :316 Stainless Steel,Alloy 6,416 Stainless Steel,440 C. Stainless Steel,17-4 PH,Colmony, Tungsten Carbide \uc5f4\ub3c4:\u00a0-196 \u00b0C to 816 \u00b0C;-320 \u00b0F to 1500 \u00b0F[:]\" \/>\n<meta property=\"og:url\" content=\"https:\/\/mog.com.vn\/vi\/product\/valtek-mark-two\/\" \/>\n<meta property=\"og:site_name\" content=\"Mog.com.vn\" \/>\n<meta property=\"article:modified_time\" content=\"2025-04-12T17:10:02+00:00\" \/>\n<meta property=\"og:image\" content=\"https:\/\/mog.com.vn\/wp-content\/uploads\/2025\/04\/mark-two.jpg\" \/>\n\t<meta property=\"og:image:width\" content=\"500\" \/>\n\t<meta property=\"og:image:height\" content=\"500\" \/>\n\t<meta property=\"og:image:type\" content=\"image\/jpeg\" \/>\n<meta name=\"twitter:card\" content=\"summary_large_image\" \/>\n<script type=\"application\/ld+json\" class=\"yoast-schema-graph\">{\"@context\":\"https:\/\/schema.org\",\"@graph\":[{\"@type\":\"WebPage\",\"@id\":\"https:\/\/mog.com.vn\/vi\/product\/valtek-mark-two\/\",\"url\":\"https:\/\/mog.com.vn\/vi\/product\/valtek-mark-two\/\",\"name\":\"VALTEK MARK TWO - Mog.com.vn\",\"isPartOf\":{\"@id\":\"https:\/\/mog.com.vn\/#website\"},\"primaryImageOfPage\":{\"@id\":\"https:\/\/mog.com.vn\/vi\/product\/valtek-mark-two\/#primaryimage\"},\"image\":{\"@id\":\"https:\/\/mog.com.vn\/vi\/product\/valtek-mark-two\/#primaryimage\"},\"thumbnailUrl\":\"https:\/\/mog.com.vn\/wp-content\/uploads\/2025\/04\/mark-two.jpg\",\"datePublished\":\"2025-04-12T17:09:54+00:00\",\"dateModified\":\"2025-04-12T17:10:02+00:00\",\"breadcrumb\":{\"@id\":\"https:\/\/mog.com.vn\/vi\/product\/valtek-mark-two\/#breadcrumb\"},\"inLanguage\":\"vi\",\"potentialAction\":[{\"@type\":\"ReadAction\",\"target\":[\"https:\/\/mog.com.vn\/vi\/product\/valtek-mark-two\/\"]}]},{\"@type\":\"ImageObject\",\"inLanguage\":\"vi\",\"@id\":\"https:\/\/mog.com.vn\/vi\/product\/valtek-mark-two\/#primaryimage\",\"url\":\"https:\/\/mog.com.vn\/wp-content\/uploads\/2025\/04\/mark-two.jpg\",\"contentUrl\":\"https:\/\/mog.com.vn\/wp-content\/uploads\/2025\/04\/mark-two.jpg\",\"width\":500,\"height\":500},{\"@type\":\"BreadcrumbList\",\"@id\":\"https:\/\/mog.com.vn\/vi\/product\/valtek-mark-two\/#breadcrumb\",\"itemListElement\":[{\"@type\":\"ListItem\",\"position\":1,\"name\":\"Home\",\"item\":\"https:\/\/mog.com.vn\/\"},{\"@type\":\"ListItem\",\"position\":2,\"name\":\"Shop\",\"item\":\"https:\/\/mog.com.vn\/shop\/\"},{\"@type\":\"ListItem\",\"position\":3,\"name\":\"VALTEK MARK TWO\"}]},{\"@type\":\"WebSite\",\"@id\":\"https:\/\/mog.com.vn\/#website\",\"url\":\"https:\/\/mog.com.vn\/\",\"name\":\"Mog.com.vn\",\"description\":\"FLOW Control Solutions\",\"publisher\":{\"@id\":\"https:\/\/mog.com.vn\/#organization\"},\"potentialAction\":[{\"@type\":\"SearchAction\",\"target\":{\"@type\":\"EntryPoint\",\"urlTemplate\":\"https:\/\/mog.com.vn\/?s={search_term_string}\"},\"query-input\":{\"@type\":\"PropertyValueSpecification\",\"valueRequired\":true,\"valueName\":\"search_term_string\"}}],\"inLanguage\":\"vi\"},{\"@type\":\"Organization\",\"@id\":\"https:\/\/mog.com.vn\/#organization\",\"name\":\"Mog.com.vn\",\"url\":\"https:\/\/mog.com.vn\/\",\"logo\":{\"@type\":\"ImageObject\",\"inLanguage\":\"vi\",\"@id\":\"https:\/\/mog.com.vn\/#\/schema\/logo\/image\/\",\"url\":\"https:\/\/mog.com.vn\/wp-content\/uploads\/2025\/10\/Logo-MOG.jpg\",\"contentUrl\":\"https:\/\/mog.com.vn\/wp-content\/uploads\/2025\/10\/Logo-MOG.jpg\",\"width\":755,\"height\":230,\"caption\":\"Mog.com.vn\"},\"image\":{\"@id\":\"https:\/\/mog.com.vn\/#\/schema\/logo\/image\/\"},\"description\":\"Gi\u1ea3i ph\u00e1p C\u01a1 kh\u00ed ch\u00ednh x\u00e1c & Van c\u00f4ng nghi\u1ec7p to\u00e0n di\u1ec7n cho doanh nghi\u1ec7p c\u1ee7a b\u1ea1n.\",\"email\":\"giacongcokhimog@gmail.com\",\"telephone\":\"090 311 4883\"}]}<\/script>\n<!-- \/ Yoast SEO Premium plugin. -->","yoast_head_json":{"title":"VALTEK MARK TWO - Mog.com.vn","robots":{"index":"index","follow":"follow","max-snippet":"max-snippet:-1","max-image-preview":"max-image-preview:large","max-video-preview":"max-video-preview:-1"},"canonical":"https:\/\/mog.com.vn\/vi\/product\/valtek-mark-two\/","og_locale":"vi_VN","og_type":"article","og_title":"VALTEK MARK TWO","og_description":"[:vi]MODEL: Mark Two Lo\u1ea1i van\/Valve Type :\u00a0 Linear Globe \u0110\u1eb7c \u0111i\u1ec3m \/Special Service : Mark Two l\u00e0 d\u00f2ng van \u0111i\u1ec1u khi\u1ec3n c\u1ef1c k\u1ef3 linh ho\u1ea1t, kh\u1ea3 n\u0103ng ch\u1ecbu \u00e1p su\u1ea5t cao. C\u00f3 s\u1eb5n nhi\u1ec1u c\u1ea5u h\u00ecnh kh\u00e1c nhau, th\u1eddi gian ch\u1ebf t\u1ea1o ng\u1eafn ,\u0111\u1eb7c bi\u1ec7t l\u00e0 \u0111\u1ed1i v\u1edbi nh\u1eefng van c\u1ea7n \u00e1p su\u1ea5t cao v\u00e0 v\u1eadt li\u1ec7u \u0111\u1eb7c bi\u1ec7t. C\u1ee1\u00a0van \/Valve size: 0.5 \" - 2 \", \u1ee9ng d\u1ee5ng \u0111\u1eb7c bi\u1ec7t c\u00f3 lo\u1ea1i 6\" Pressure: Class 900 - 2500 Body Style: In-Line Globe, Angle Body,\u00a0Offset Globe,\u00a0Three-way Body V\u1eadt li\u1ec7u th\u00e2n van \/Body material :316 Stainless Steel,Alloy 6,416 Stainless Steel,440 C. Stainless Steel,17-4 PH,Colmony, Tungsten Carbide Temperature: -196 \u00b0C to 816 \u00b0C;-320 \u00b0F to 1500 \u00b0F[:kr]MODEL: Mark Two \ubc38\ube0c \uc885\ub958\/Valve Type\u00a0:\u00a0 Linear Globe \ud2b9\uc9d5 \/Special Service\u00a0: Mark Two\ub294 \uad49\uc7a5\ud788 \uc720\uc5f0\ud558\uace0 \ub0b4\uc555\uc131\uc774 \uac15\ud55c \ubc38\ube0c\uc774\ub2e4. \ub2e4\uc591\ud55c \uad6c\uc131\uc774 \uc900\ube44\ub418\uc5b4 \uc788\uc73c\uba70, \uc81c\uc870 \uc2dc\uac04\uc774 \uc9e7\uc73c\uba70 \ud2b9\ud788 \uace0\uc555 \ubc0f \ud2b9\uc218 \uc7ac\ub8cc\uac00 \ud544\uc694\ud55c \ubc38\ube0c\uc758 \uacbd\uc6b0 \ub354\uc6b1 \uadf8\ub7ec\ud55c\ub2e4. \ubc38\ube0c \uc0ac\uc774\uc988\/Valve size:\u00a00.5 \u201d \u2013 2 \uc555\ub825:\u00a0Class 900 \u2013 2500 \u201c6\ud0c0\uc785\uc758 \ud2b9\ubcc4 \uc751\uc6a9\u00a0\u201d \ubc14\ub514 \uc2a4\ud0c0\uc77c : In-Line Globe, Angle Body,\u00a0Offset Globe,\u00a0Three-way Body \ubc38\ube0c \ubc14\ub514 \uc7ac\ub8cc \/Body material :316 Stainless Steel,Alloy 6,416 Stainless Steel,440 C. Stainless Steel,17-4 PH,Colmony, Tungsten Carbide \uc5f4\ub3c4:\u00a0-196 \u00b0C to 816 \u00b0C;-320 \u00b0F to 1500 \u00b0F[:]","og_url":"https:\/\/mog.com.vn\/vi\/product\/valtek-mark-two\/","og_site_name":"Mog.com.vn","article_modified_time":"2025-04-12T17:10:02+00:00","og_image":[{"width":500,"height":500,"url":"https:\/\/mog.com.vn\/wp-content\/uploads\/2025\/04\/mark-two.jpg","type":"image\/jpeg"}],"twitter_card":"summary_large_image","schema":{"@context":"https:\/\/schema.org","@graph":[{"@type":"WebPage","@id":"https:\/\/mog.com.vn\/vi\/product\/valtek-mark-two\/","url":"https:\/\/mog.com.vn\/vi\/product\/valtek-mark-two\/","name":"VALTEK MARK TWO - Mog.com.vn","isPartOf":{"@id":"https:\/\/mog.com.vn\/#website"},"primaryImageOfPage":{"@id":"https:\/\/mog.com.vn\/vi\/product\/valtek-mark-two\/#primaryimage"},"image":{"@id":"https:\/\/mog.com.vn\/vi\/product\/valtek-mark-two\/#primaryimage"},"thumbnailUrl":"https:\/\/mog.com.vn\/wp-content\/uploads\/2025\/04\/mark-two.jpg","datePublished":"2025-04-12T17:09:54+00:00","dateModified":"2025-04-12T17:10:02+00:00","breadcrumb":{"@id":"https:\/\/mog.com.vn\/vi\/product\/valtek-mark-two\/#breadcrumb"},"inLanguage":"vi","potentialAction":[{"@type":"ReadAction","target":["https:\/\/mog.com.vn\/vi\/product\/valtek-mark-two\/"]}]},{"@type":"ImageObject","inLanguage":"vi","@id":"https:\/\/mog.com.vn\/vi\/product\/valtek-mark-two\/#primaryimage","url":"https:\/\/mog.com.vn\/wp-content\/uploads\/2025\/04\/mark-two.jpg","contentUrl":"https:\/\/mog.com.vn\/wp-content\/uploads\/2025\/04\/mark-two.jpg","width":500,"height":500},{"@type":"BreadcrumbList","@id":"https:\/\/mog.com.vn\/vi\/product\/valtek-mark-two\/#breadcrumb","itemListElement":[{"@type":"ListItem","position":1,"name":"Home","item":"https:\/\/mog.com.vn\/"},{"@type":"ListItem","position":2,"name":"Shop","item":"https:\/\/mog.com.vn\/shop\/"},{"@type":"ListItem","position":3,"name":"VALTEK MARK TWO"}]},{"@type":"WebSite","@id":"https:\/\/mog.com.vn\/#website","url":"https:\/\/mog.com.vn\/","name":"Mog.com.vn","description":"FLOW Control Solutions","publisher":{"@id":"https:\/\/mog.com.vn\/#organization"},"potentialAction":[{"@type":"SearchAction","target":{"@type":"EntryPoint","urlTemplate":"https:\/\/mog.com.vn\/?s={search_term_string}"},"query-input":{"@type":"PropertyValueSpecification","valueRequired":true,"valueName":"search_term_string"}}],"inLanguage":"vi"},{"@type":"Organization","@id":"https:\/\/mog.com.vn\/#organization","name":"Mog.com.vn","url":"https:\/\/mog.com.vn\/","logo":{"@type":"ImageObject","inLanguage":"vi","@id":"https:\/\/mog.com.vn\/#\/schema\/logo\/image\/","url":"https:\/\/mog.com.vn\/wp-content\/uploads\/2025\/10\/Logo-MOG.jpg","contentUrl":"https:\/\/mog.com.vn\/wp-content\/uploads\/2025\/10\/Logo-MOG.jpg","width":755,"height":230,"caption":"Mog.com.vn"},"image":{"@id":"https:\/\/mog.com.vn\/#\/schema\/logo\/image\/"},"description":"Gi\u1ea3i ph\u00e1p C\u01a1 kh\u00ed ch\u00ednh x\u00e1c & Van c\u00f4ng nghi\u1ec7p to\u00e0n di\u1ec7n cho doanh nghi\u1ec7p c\u1ee7a b\u1ea1n.","email":"giacongcokhimog@gmail.com","telephone":"090 311 4883"}]}},"_links":{"self":[{"href":"https:\/\/mog.com.vn\/vi\/wp-json\/wp\/v2\/product\/436","targetHints":{"allow":["GET"]}}],"collection":[{"href":"https:\/\/mog.com.vn\/vi\/wp-json\/wp\/v2\/product"}],"about":[{"href":"https:\/\/mog.com.vn\/vi\/wp-json\/wp\/v2\/types\/product"}],"replies":[{"embeddable":true,"href":"https:\/\/mog.com.vn\/vi\/wp-json\/wp\/v2\/comments?post=436"}],"wp:featuredmedia":[{"embeddable":true,"href":"https:\/\/mog.com.vn\/vi\/wp-json\/wp\/v2\/media\/437"}],"wp:attachment":[{"href":"https:\/\/mog.com.vn\/vi\/wp-json\/wp\/v2\/media?parent=436"}],"wp:term":[{"taxonomy":"product_brand","embeddable":true,"href":"https:\/\/mog.com.vn\/vi\/wp-json\/wp\/v2\/product_brand?post=436"},{"taxonomy":"product_cat","embeddable":true,"href":"https:\/\/mog.com.vn\/vi\/wp-json\/wp\/v2\/product_cat?post=436"},{"taxonomy":"product_tag","embeddable":true,"href":"https:\/\/mog.com.vn\/vi\/wp-json\/wp\/v2\/product_tag?post=436"}],"curies":[{"name":"wp","href":"https:\/\/api.w.org\/{rel}","templated":true}]}}