{"id":440,"date":"2025-04-12T17:09:54","date_gmt":"2025-04-12T17:09:54","guid":{"rendered":"https:\/\/mog.com.vn\/renew\/product\/valtek-mark-200\/"},"modified":"2025-04-12T17:10:03","modified_gmt":"2025-04-12T17:10:03","slug":"valtek-mark-200","status":"publish","type":"product","link":"https:\/\/mog.com.vn\/vi\/product\/valtek-mark-200\/","title":{"rendered":"VALTEK MARK 200"},"content":{"rendered":"","protected":false},"excerpt":{"rendered":"<p><strong>MODEL<\/strong>: Mark 200<\/p>\n<p><strong>Lo\u1ea1i van\/Valve Type<\/strong> :\u00a0 Linear Globe and Angle bodies<\/p>\n<p><strong>\u0110\u1eb7c \u0111i\u1ec3m \/Special Service<\/strong> : Mark One l\u00e0 d\u00f2ng van d\u00f9ng cho nh\u1eefng \u1ee9ng d\u1ee5ng c\u00f3 \u00e1p su\u1ea5t cao , \u0111i\u1ec1u khi\u1ec3n d\u00f2ng l\u01b0u l\u01b0\u1ee3ng l\u1edbn\u00a0 .L\u00e0 d\u00f2ng van c\u00f3 hi\u1ec7u qu\u1ea3 kinh t\u1ebf cao ,Cv l\u1edbn . V\u1edbi thi\u1ebft k\u1ebf \u0111\u1eb7c bi\u1ec7t v\u1ec1 trim , mark 200 t\u0103ng kh\u1ea3 n\u0103ng \u0111i\u1ec1u khi\u1ec3n v\u00e0 gi\u1ea3m thi\u1ec3u \u0111\u00e1ng k\u1ec3 \u0111\u01b0\u1ee3c hi\u1ec7n t\u01b0\u1ee3ng cavitation v\u00e0 \u0111\u1ed9 \u1ed3n.<\/p>\n<p><strong>C\u1ee1 van \/Valve size:<\/strong> 2 &#8221; &#8211; 16 &#8221;<\/p>\n<p><strong>Pressure: <\/strong>Class 900 &#8211; 2500<\/p>\n<p><strong>V\u1eadt li\u1ec7u th\u00e2n van \/Body material :<\/strong>Carbon Steel; Chrome Moly; Stainless Steel; Duplex..<\/p>\n<p><strong>Temperature:<\/strong> -196 \u00b0C to 815 \u00b0C;-320 \u00b0F to 1500 \u00b0F<\/p>\n","protected":false},"featured_media":441,"comment_status":"closed","ping_status":"open","template":"","meta":[],"product_brand":[],"product_cat":[140],"product_tag":[71],"class_list":{"0":"post-440","1":"product","2":"type-product","3":"status-publish","4":"has-post-thumbnail","6":"product_cat-ve-chung-toi","7":"product_tag-flowservesvalvalve","9":"first","10":"instock","11":"product-type-simple"},"yoast_head":"<!-- This site is optimized with the Yoast SEO Premium plugin v25.9 (Yoast SEO v25.9) - https:\/\/yoast.com\/wordpress\/plugins\/seo\/ -->\n<title>VALTEK MARK 200 - Mog.com.vn<\/title>\n<meta name=\"robots\" content=\"index, follow, max-snippet:-1, max-image-preview:large, max-video-preview:-1\" \/>\n<link rel=\"canonical\" href=\"https:\/\/mog.com.vn\/product\/valtek-mark-200\/\" \/>\n<meta property=\"og:locale\" content=\"vi_VN\" \/>\n<meta property=\"og:type\" content=\"article\" \/>\n<meta property=\"og:title\" content=\"VALTEK MARK 200\" \/>\n<meta property=\"og:description\" content=\"[:vi]MODEL: Mark 200 Lo\u1ea1i van\/Valve Type :\u00a0 Linear Globe and Angle bodies \u0110\u1eb7c \u0111i\u1ec3m \/Special Service : Mark One l\u00e0 d\u00f2ng van d\u00f9ng cho nh\u1eefng \u1ee9ng d\u1ee5ng c\u00f3 \u00e1p su\u1ea5t cao , \u0111i\u1ec1u khi\u1ec3n d\u00f2ng l\u01b0u l\u01b0\u1ee3ng l\u1edbn\u00a0 .L\u00e0 d\u00f2ng van c\u00f3 hi\u1ec7u qu\u1ea3 kinh t\u1ebf cao ,Cv l\u1edbn . V\u1edbi thi\u1ebft k\u1ebf \u0111\u1eb7c bi\u1ec7t v\u1ec1 trim , mark 200 t\u0103ng kh\u1ea3 n\u0103ng \u0111i\u1ec1u khi\u1ec3n v\u00e0 gi\u1ea3m thi\u1ec3u \u0111\u00e1ng k\u1ec3 \u0111\u01b0\u1ee3c hi\u1ec7n t\u01b0\u1ee3ng cavitation v\u00e0 \u0111\u1ed9 \u1ed3n. C\u1ee1 van \/Valve size: 2 &quot; - 16 &quot; Pressure: Class 900 - 2500 V\u1eadt li\u1ec7u th\u00e2n van \/Body material :Carbon Steel; Chrome Moly; Stainless Steel; Duplex.. Temperature: -196 \u00b0C to 815 \u00b0C;-320 \u00b0F to 1500 \u00b0F[:kr]MODEL: Mark 200 \ubc38\ube0c \uc885\ub958\/Valve Type\u00a0:\u00a0 Linear Globe and Angle bodies \ud2b9\uc9d5\/Special material: Mark One\ub294 \uace0\uc555 \uc751\uc6a9, \ub300\uc6a9\ub7c9 \ud750\ub984\uc744 \uc704\ud574 \uc0ac\uc6a9\ub41c \uc81c\uc5b4\uc6a9 \ubc38\ube0c\uc774\ub2e4.\uacbd\uc81c \ud6a8\uacfc\uac00 \ub192\uc73c\uba70 CV\uac00 \ud06c\ub2e4. MARK 200, TRIM\uc758 \ud2b9\ubcc4\ud55c \ub2e4\uc790\uc778\uc73c\ub85c \uc81c\uc5b4 \uac00\ub2a5\uc774 \uc99d\uac00\ud558\uace0 cavitation\ud604\uc0c1\uc640 \uc18c\uc74c\uc774 \ubb34\ub358\ud788 \uac10\uc18c\ud588\ub2e4. \uc0ac\uc774\uc988 \ubc38\ube0c\/ Valve size:\u00a02 \u201d \u2013 16 \u201d \uc555\ub825:\u00a0Class 900 \u2013 2500 \ubc38\ube0c \ubc14\ub514 \uc7ac\ub8cc\/Body material :Carbon Steel; Chrome Moly; Stainless Steel; Duplex.. \uc5f4\ub3c4:\u00a0-196 \u00b0C to 815 \u00b0C;-320 \u00b0F to 1500 \u00b0F[:]\" \/>\n<meta property=\"og:url\" content=\"https:\/\/mog.com.vn\/product\/valtek-mark-200\/\" \/>\n<meta property=\"og:site_name\" content=\"Mog.com.vn\" \/>\n<meta property=\"article:modified_time\" content=\"2025-04-12T17:10:03+00:00\" \/>\n<meta property=\"og:image\" content=\"https:\/\/mog.com.vn\/wp-content\/uploads\/2025\/04\/mark200-4854.jpg\" \/>\n\t<meta property=\"og:image:width\" content=\"342\" \/>\n\t<meta property=\"og:image:height\" content=\"709\" \/>\n\t<meta property=\"og:image:type\" content=\"image\/jpeg\" \/>\n<meta name=\"twitter:card\" content=\"summary_large_image\" \/>\n<script type=\"application\/ld+json\" class=\"yoast-schema-graph\">{\"@context\":\"https:\/\/schema.org\",\"@graph\":[{\"@type\":\"WebPage\",\"@id\":\"https:\/\/mog.com.vn\/product\/valtek-mark-200\/\",\"url\":\"https:\/\/mog.com.vn\/product\/valtek-mark-200\/\",\"name\":\"VALTEK MARK 200 - Mog.com.vn\",\"isPartOf\":{\"@id\":\"https:\/\/mog.com.vn\/#website\"},\"primaryImageOfPage\":{\"@id\":\"https:\/\/mog.com.vn\/product\/valtek-mark-200\/#primaryimage\"},\"image\":{\"@id\":\"https:\/\/mog.com.vn\/product\/valtek-mark-200\/#primaryimage\"},\"thumbnailUrl\":\"https:\/\/mog.com.vn\/wp-content\/uploads\/2025\/04\/mark200-4854.jpg\",\"datePublished\":\"2025-04-12T17:09:54+00:00\",\"dateModified\":\"2025-04-12T17:10:03+00:00\",\"breadcrumb\":{\"@id\":\"https:\/\/mog.com.vn\/product\/valtek-mark-200\/#breadcrumb\"},\"inLanguage\":\"vi\",\"potentialAction\":[{\"@type\":\"ReadAction\",\"target\":[\"https:\/\/mog.com.vn\/product\/valtek-mark-200\/\"]}]},{\"@type\":\"ImageObject\",\"inLanguage\":\"vi\",\"@id\":\"https:\/\/mog.com.vn\/product\/valtek-mark-200\/#primaryimage\",\"url\":\"https:\/\/mog.com.vn\/wp-content\/uploads\/2025\/04\/mark200-4854.jpg\",\"contentUrl\":\"https:\/\/mog.com.vn\/wp-content\/uploads\/2025\/04\/mark200-4854.jpg\",\"width\":342,\"height\":709},{\"@type\":\"BreadcrumbList\",\"@id\":\"https:\/\/mog.com.vn\/product\/valtek-mark-200\/#breadcrumb\",\"itemListElement\":[{\"@type\":\"ListItem\",\"position\":1,\"name\":\"Home\",\"item\":\"https:\/\/mog.com.vn\/\"},{\"@type\":\"ListItem\",\"position\":2,\"name\":\"Shop\",\"item\":\"https:\/\/mog.com.vn\/shop\/\"},{\"@type\":\"ListItem\",\"position\":3,\"name\":\"VALTEK MARK 200\"}]},{\"@type\":\"WebSite\",\"@id\":\"https:\/\/mog.com.vn\/#website\",\"url\":\"https:\/\/mog.com.vn\/\",\"name\":\"Mog.com.vn\",\"description\":\"FLOW Control Solutions\",\"publisher\":{\"@id\":\"https:\/\/mog.com.vn\/#organization\"},\"potentialAction\":[{\"@type\":\"SearchAction\",\"target\":{\"@type\":\"EntryPoint\",\"urlTemplate\":\"https:\/\/mog.com.vn\/?s={search_term_string}\"},\"query-input\":{\"@type\":\"PropertyValueSpecification\",\"valueRequired\":true,\"valueName\":\"search_term_string\"}}],\"inLanguage\":\"vi\"},{\"@type\":\"Organization\",\"@id\":\"https:\/\/mog.com.vn\/#organization\",\"name\":\"Mog.com.vn\",\"url\":\"https:\/\/mog.com.vn\/\",\"logo\":{\"@type\":\"ImageObject\",\"inLanguage\":\"vi\",\"@id\":\"https:\/\/mog.com.vn\/#\/schema\/logo\/image\/\",\"url\":\"https:\/\/mog.com.vn\/wp-content\/uploads\/2025\/10\/Logo-MOG.jpg\",\"contentUrl\":\"https:\/\/mog.com.vn\/wp-content\/uploads\/2025\/10\/Logo-MOG.jpg\",\"width\":755,\"height\":230,\"caption\":\"Mog.com.vn\"},\"image\":{\"@id\":\"https:\/\/mog.com.vn\/#\/schema\/logo\/image\/\"},\"description\":\"Gi\u1ea3i ph\u00e1p C\u01a1 kh\u00ed ch\u00ednh x\u00e1c & Van c\u00f4ng nghi\u1ec7p to\u00e0n di\u1ec7n cho doanh nghi\u1ec7p c\u1ee7a b\u1ea1n.\",\"email\":\"giacongcokhimog@gmail.com\",\"telephone\":\"090 311 4883\"}]}<\/script>\n<!-- \/ Yoast SEO Premium plugin. -->","yoast_head_json":{"title":"VALTEK MARK 200 - Mog.com.vn","robots":{"index":"index","follow":"follow","max-snippet":"max-snippet:-1","max-image-preview":"max-image-preview:large","max-video-preview":"max-video-preview:-1"},"canonical":"https:\/\/mog.com.vn\/product\/valtek-mark-200\/","og_locale":"vi_VN","og_type":"article","og_title":"VALTEK MARK 200","og_description":"[:vi]MODEL: Mark 200 Lo\u1ea1i van\/Valve Type :\u00a0 Linear Globe and Angle bodies \u0110\u1eb7c \u0111i\u1ec3m \/Special Service : Mark One l\u00e0 d\u00f2ng van d\u00f9ng cho nh\u1eefng \u1ee9ng d\u1ee5ng c\u00f3 \u00e1p su\u1ea5t cao , \u0111i\u1ec1u khi\u1ec3n d\u00f2ng l\u01b0u l\u01b0\u1ee3ng l\u1edbn\u00a0 .L\u00e0 d\u00f2ng van c\u00f3 hi\u1ec7u qu\u1ea3 kinh t\u1ebf cao ,Cv l\u1edbn . V\u1edbi thi\u1ebft k\u1ebf \u0111\u1eb7c bi\u1ec7t v\u1ec1 trim , mark 200 t\u0103ng kh\u1ea3 n\u0103ng \u0111i\u1ec1u khi\u1ec3n v\u00e0 gi\u1ea3m thi\u1ec3u \u0111\u00e1ng k\u1ec3 \u0111\u01b0\u1ee3c hi\u1ec7n t\u01b0\u1ee3ng cavitation v\u00e0 \u0111\u1ed9 \u1ed3n. C\u1ee1 van \/Valve size: 2 \" - 16 \" Pressure: Class 900 - 2500 V\u1eadt li\u1ec7u th\u00e2n van \/Body material :Carbon Steel; Chrome Moly; Stainless Steel; Duplex.. Temperature: -196 \u00b0C to 815 \u00b0C;-320 \u00b0F to 1500 \u00b0F[:kr]MODEL: Mark 200 \ubc38\ube0c \uc885\ub958\/Valve Type\u00a0:\u00a0 Linear Globe and Angle bodies \ud2b9\uc9d5\/Special material: Mark One\ub294 \uace0\uc555 \uc751\uc6a9, \ub300\uc6a9\ub7c9 \ud750\ub984\uc744 \uc704\ud574 \uc0ac\uc6a9\ub41c \uc81c\uc5b4\uc6a9 \ubc38\ube0c\uc774\ub2e4.\uacbd\uc81c \ud6a8\uacfc\uac00 \ub192\uc73c\uba70 CV\uac00 \ud06c\ub2e4. MARK 200, TRIM\uc758 \ud2b9\ubcc4\ud55c \ub2e4\uc790\uc778\uc73c\ub85c \uc81c\uc5b4 \uac00\ub2a5\uc774 \uc99d\uac00\ud558\uace0 cavitation\ud604\uc0c1\uc640 \uc18c\uc74c\uc774 \ubb34\ub358\ud788 \uac10\uc18c\ud588\ub2e4. \uc0ac\uc774\uc988 \ubc38\ube0c\/ Valve size:\u00a02 \u201d \u2013 16 \u201d \uc555\ub825:\u00a0Class 900 \u2013 2500 \ubc38\ube0c \ubc14\ub514 \uc7ac\ub8cc\/Body material :Carbon Steel; Chrome Moly; Stainless Steel; Duplex.. \uc5f4\ub3c4:\u00a0-196 \u00b0C to 815 \u00b0C;-320 \u00b0F to 1500 \u00b0F[:]","og_url":"https:\/\/mog.com.vn\/product\/valtek-mark-200\/","og_site_name":"Mog.com.vn","article_modified_time":"2025-04-12T17:10:03+00:00","og_image":[{"width":342,"height":709,"url":"https:\/\/mog.com.vn\/wp-content\/uploads\/2025\/04\/mark200-4854.jpg","type":"image\/jpeg"}],"twitter_card":"summary_large_image","schema":{"@context":"https:\/\/schema.org","@graph":[{"@type":"WebPage","@id":"https:\/\/mog.com.vn\/product\/valtek-mark-200\/","url":"https:\/\/mog.com.vn\/product\/valtek-mark-200\/","name":"VALTEK MARK 200 - Mog.com.vn","isPartOf":{"@id":"https:\/\/mog.com.vn\/#website"},"primaryImageOfPage":{"@id":"https:\/\/mog.com.vn\/product\/valtek-mark-200\/#primaryimage"},"image":{"@id":"https:\/\/mog.com.vn\/product\/valtek-mark-200\/#primaryimage"},"thumbnailUrl":"https:\/\/mog.com.vn\/wp-content\/uploads\/2025\/04\/mark200-4854.jpg","datePublished":"2025-04-12T17:09:54+00:00","dateModified":"2025-04-12T17:10:03+00:00","breadcrumb":{"@id":"https:\/\/mog.com.vn\/product\/valtek-mark-200\/#breadcrumb"},"inLanguage":"vi","potentialAction":[{"@type":"ReadAction","target":["https:\/\/mog.com.vn\/product\/valtek-mark-200\/"]}]},{"@type":"ImageObject","inLanguage":"vi","@id":"https:\/\/mog.com.vn\/product\/valtek-mark-200\/#primaryimage","url":"https:\/\/mog.com.vn\/wp-content\/uploads\/2025\/04\/mark200-4854.jpg","contentUrl":"https:\/\/mog.com.vn\/wp-content\/uploads\/2025\/04\/mark200-4854.jpg","width":342,"height":709},{"@type":"BreadcrumbList","@id":"https:\/\/mog.com.vn\/product\/valtek-mark-200\/#breadcrumb","itemListElement":[{"@type":"ListItem","position":1,"name":"Home","item":"https:\/\/mog.com.vn\/"},{"@type":"ListItem","position":2,"name":"Shop","item":"https:\/\/mog.com.vn\/shop\/"},{"@type":"ListItem","position":3,"name":"VALTEK MARK 200"}]},{"@type":"WebSite","@id":"https:\/\/mog.com.vn\/#website","url":"https:\/\/mog.com.vn\/","name":"Mog.com.vn","description":"FLOW Control Solutions","publisher":{"@id":"https:\/\/mog.com.vn\/#organization"},"potentialAction":[{"@type":"SearchAction","target":{"@type":"EntryPoint","urlTemplate":"https:\/\/mog.com.vn\/?s={search_term_string}"},"query-input":{"@type":"PropertyValueSpecification","valueRequired":true,"valueName":"search_term_string"}}],"inLanguage":"vi"},{"@type":"Organization","@id":"https:\/\/mog.com.vn\/#organization","name":"Mog.com.vn","url":"https:\/\/mog.com.vn\/","logo":{"@type":"ImageObject","inLanguage":"vi","@id":"https:\/\/mog.com.vn\/#\/schema\/logo\/image\/","url":"https:\/\/mog.com.vn\/wp-content\/uploads\/2025\/10\/Logo-MOG.jpg","contentUrl":"https:\/\/mog.com.vn\/wp-content\/uploads\/2025\/10\/Logo-MOG.jpg","width":755,"height":230,"caption":"Mog.com.vn"},"image":{"@id":"https:\/\/mog.com.vn\/#\/schema\/logo\/image\/"},"description":"Gi\u1ea3i ph\u00e1p C\u01a1 kh\u00ed ch\u00ednh x\u00e1c & Van c\u00f4ng nghi\u1ec7p to\u00e0n di\u1ec7n cho doanh nghi\u1ec7p c\u1ee7a b\u1ea1n.","email":"giacongcokhimog@gmail.com","telephone":"090 311 4883"}]}},"_links":{"self":[{"href":"https:\/\/mog.com.vn\/vi\/wp-json\/wp\/v2\/product\/440","targetHints":{"allow":["GET"]}}],"collection":[{"href":"https:\/\/mog.com.vn\/vi\/wp-json\/wp\/v2\/product"}],"about":[{"href":"https:\/\/mog.com.vn\/vi\/wp-json\/wp\/v2\/types\/product"}],"replies":[{"embeddable":true,"href":"https:\/\/mog.com.vn\/vi\/wp-json\/wp\/v2\/comments?post=440"}],"wp:featuredmedia":[{"embeddable":true,"href":"https:\/\/mog.com.vn\/vi\/wp-json\/wp\/v2\/media\/441"}],"wp:attachment":[{"href":"https:\/\/mog.com.vn\/vi\/wp-json\/wp\/v2\/media?parent=440"}],"wp:term":[{"taxonomy":"product_brand","embeddable":true,"href":"https:\/\/mog.com.vn\/vi\/wp-json\/wp\/v2\/product_brand?post=440"},{"taxonomy":"product_cat","embeddable":true,"href":"https:\/\/mog.com.vn\/vi\/wp-json\/wp\/v2\/product_cat?post=440"},{"taxonomy":"product_tag","embeddable":true,"href":"https:\/\/mog.com.vn\/vi\/wp-json\/wp\/v2\/product_tag?post=440"}],"curies":[{"name":"wp","href":"https:\/\/api.w.org\/{rel}","templated":true}]}}