{"id":442,"date":"2025-04-12T17:09:54","date_gmt":"2025-04-12T17:09:54","guid":{"rendered":"https:\/\/mog.com.vn\/renew\/product\/valtek-mark-100\/"},"modified":"2025-04-12T17:10:03","modified_gmt":"2025-04-12T17:10:03","slug":"valtek-mark-100","status":"publish","type":"product","link":"https:\/\/mog.com.vn\/vi\/product\/valtek-mark-100\/","title":{"rendered":"VALTEK MARK 100"},"content":{"rendered":"","protected":false},"excerpt":{"rendered":"<p><strong>MODEL<\/strong>: Mark 100<\/p>\n<p><strong>Lo\u1ea1i van\/Valve Type<\/strong> :\u00a0 Globe Control Valve<\/p>\n<p><strong>\u0110\u1eb7c \u0111i\u1ec3m \/Special Service<\/strong> : Mark One l\u00e0 d\u00f2ng van thi\u1ebft k\u1ebf cho nh\u1eefng \u1ee9ng d\u1ee5ng l\u1edbn d\u00f2ng ch\u1ea3y l\u1edbn d\u00f9ng cho v\u1edbi c\u1ea3 ch\u1ea5t l\u1ecfng v\u00e0 ch\u1ea5t kh\u00ed. Mark 100 c\u0169ng c\u00f3 chi\u1ec1u d\u00e0i h\u00e0nh tr\u00ecnh d\u00e0i h\u01a1n, cung c\u1ea5p kh\u1ea3 n\u0103ng ki\u1ec3m so\u00e1t t\u1ed1t h\u01a1n v\u00e0 d\u1eabn \u0111\u1ebfn \u0111i\u1ec1u khi\u1ec3n v\u01b0\u1ee3t tr\u1ed9i \u1edf c\u00e1c k\u00edch th\u01b0\u1edbc van nh\u1ecf h\u01a1n.<\/p>\n<p><strong>C\u1ee1 van \/Valve size:<\/strong> 6 &#8221; &#8211; 30 &#8221;<\/p>\n<p><strong>Class<\/strong>: 150 &#8211; 600<\/p>\n<p><strong>V\u1eadt li\u1ec7u th\u00e2n van \/Body material : <\/strong>Carbon Steel\u00a0, 316SS, 316LSS, Cr-Mo WC6;F11, Duplex SS 22% Cr &#8230;.<\/p>\n","protected":false},"featured_media":443,"comment_status":"closed","ping_status":"open","template":"","meta":[],"product_brand":[],"product_cat":[140],"product_tag":[71],"class_list":{"0":"post-442","1":"product","2":"type-product","3":"status-publish","4":"has-post-thumbnail","6":"product_cat-ve-chung-toi","7":"product_tag-flowservesvalvalve","9":"first","10":"instock","11":"product-type-simple"},"yoast_head":"<!-- This site is optimized with the Yoast SEO Premium plugin v25.9 (Yoast SEO v25.9) - https:\/\/yoast.com\/wordpress\/plugins\/seo\/ -->\n<title>VALTEK MARK 100 - Mog.com.vn<\/title>\n<meta name=\"robots\" content=\"index, follow, max-snippet:-1, max-image-preview:large, max-video-preview:-1\" \/>\n<link rel=\"canonical\" href=\"https:\/\/mog.com.vn\/product\/valtek-mark-100\/\" \/>\n<meta property=\"og:locale\" content=\"vi_VN\" \/>\n<meta property=\"og:type\" content=\"article\" \/>\n<meta property=\"og:title\" content=\"VALTEK MARK 100\" \/>\n<meta property=\"og:description\" content=\"[:vi]MODEL: Mark 100 Lo\u1ea1i van\/Valve Type :\u00a0 Globe Control Valve \u0110\u1eb7c \u0111i\u1ec3m \/Special Service : Mark One l\u00e0 d\u00f2ng van thi\u1ebft k\u1ebf cho nh\u1eefng \u1ee9ng d\u1ee5ng l\u1edbn d\u00f2ng ch\u1ea3y l\u1edbn d\u00f9ng cho v\u1edbi c\u1ea3 ch\u1ea5t l\u1ecfng v\u00e0 ch\u1ea5t kh\u00ed. Mark 100 c\u0169ng c\u00f3 chi\u1ec1u d\u00e0i h\u00e0nh tr\u00ecnh d\u00e0i h\u01a1n, cung c\u1ea5p kh\u1ea3 n\u0103ng ki\u1ec3m so\u00e1t t\u1ed1t h\u01a1n v\u00e0 d\u1eabn \u0111\u1ebfn \u0111i\u1ec1u khi\u1ec3n v\u01b0\u1ee3t tr\u1ed9i \u1edf c\u00e1c k\u00edch th\u01b0\u1edbc van nh\u1ecf h\u01a1n. C\u1ee1 van \/Valve size: 6 &quot; - 30 &quot; Class: 150 - 600 V\u1eadt li\u1ec7u th\u00e2n van \/Body material : Carbon Steel\u00a0, 316SS, 316LSS, Cr-Mo WC6;F11, Duplex SS 22% Cr ....[:kr]MODEL: Mark 100 \ubc38\ube0c \uc885\ub958\/Valve Type\u00a0:\u00a0 Globe Control Valve \ud2b9\uc9d5\/Special Service: Mark Ones\ub294 \uc561\uccb4\uc640 \uae30\uccb4\ub97c \uc704\ud574 \uc0ac\uc6a9\ub41c \ud070 \uc751\uc6a9\uacfc \ud750\ub984\ub4e4\uc5d0\uac8c \ub514\uc790\uc778\ub41c \ubc38\ube0c\uc774\ub2e4. Mark 100\ub3c4 \ucf54\uc2a4\uac00 \ub354 \uae38\uba70 \ud1b5\uc81c \uac00\ub2a5\uc744 \uc81c\uacf5\ud558\ub294 \uac83\uc774 \ub354 \uc88b\uace0 \ub354 \uc791\uc740 \ubc38\ube0c \uc0ac\uc774\uc988\uc5d0\uc11c \ud0c1\uc6d4\ud55c \uc81c\uc5b4\ub825\uc744 \ucd08\ub798\ud55c\ub2e4. \uc0ac\uc774\uc988\/Valve size: 6 \u201d \u2013 30 \u201d \ud074\ub77c\uc2a4: 150 \u2013 600 \ubc38\ube0c \ubc14\ub514 \uc7ac\ub8cc\/Body material :\u00a0Carbon Steel\u00a0, 316SS, 316LSS, Cr-Mo WC6;F11, Duplex SS 22% Cr \u2026.[:]\" \/>\n<meta property=\"og:url\" content=\"https:\/\/mog.com.vn\/product\/valtek-mark-100\/\" \/>\n<meta property=\"og:site_name\" content=\"Mog.com.vn\" \/>\n<meta property=\"article:modified_time\" content=\"2025-04-12T17:10:03+00:00\" \/>\n<meta property=\"og:image\" content=\"https:\/\/mog.com.vn\/wp-content\/uploads\/2025\/04\/mark100-3542.jpg\" \/>\n\t<meta property=\"og:image:width\" content=\"442\" \/>\n\t<meta property=\"og:image:height\" content=\"874\" \/>\n\t<meta property=\"og:image:type\" content=\"image\/jpeg\" \/>\n<meta name=\"twitter:card\" content=\"summary_large_image\" \/>\n<script type=\"application\/ld+json\" class=\"yoast-schema-graph\">{\"@context\":\"https:\/\/schema.org\",\"@graph\":[{\"@type\":\"WebPage\",\"@id\":\"https:\/\/mog.com.vn\/product\/valtek-mark-100\/\",\"url\":\"https:\/\/mog.com.vn\/product\/valtek-mark-100\/\",\"name\":\"VALTEK MARK 100 - Mog.com.vn\",\"isPartOf\":{\"@id\":\"https:\/\/mog.com.vn\/#website\"},\"primaryImageOfPage\":{\"@id\":\"https:\/\/mog.com.vn\/product\/valtek-mark-100\/#primaryimage\"},\"image\":{\"@id\":\"https:\/\/mog.com.vn\/product\/valtek-mark-100\/#primaryimage\"},\"thumbnailUrl\":\"https:\/\/mog.com.vn\/wp-content\/uploads\/2025\/04\/mark100-3542.jpg\",\"datePublished\":\"2025-04-12T17:09:54+00:00\",\"dateModified\":\"2025-04-12T17:10:03+00:00\",\"breadcrumb\":{\"@id\":\"https:\/\/mog.com.vn\/product\/valtek-mark-100\/#breadcrumb\"},\"inLanguage\":\"vi\",\"potentialAction\":[{\"@type\":\"ReadAction\",\"target\":[\"https:\/\/mog.com.vn\/product\/valtek-mark-100\/\"]}]},{\"@type\":\"ImageObject\",\"inLanguage\":\"vi\",\"@id\":\"https:\/\/mog.com.vn\/product\/valtek-mark-100\/#primaryimage\",\"url\":\"https:\/\/mog.com.vn\/wp-content\/uploads\/2025\/04\/mark100-3542.jpg\",\"contentUrl\":\"https:\/\/mog.com.vn\/wp-content\/uploads\/2025\/04\/mark100-3542.jpg\",\"width\":442,\"height\":874},{\"@type\":\"BreadcrumbList\",\"@id\":\"https:\/\/mog.com.vn\/product\/valtek-mark-100\/#breadcrumb\",\"itemListElement\":[{\"@type\":\"ListItem\",\"position\":1,\"name\":\"Home\",\"item\":\"https:\/\/mog.com.vn\/\"},{\"@type\":\"ListItem\",\"position\":2,\"name\":\"Shop\",\"item\":\"https:\/\/mog.com.vn\/shop\/\"},{\"@type\":\"ListItem\",\"position\":3,\"name\":\"VALTEK MARK 100\"}]},{\"@type\":\"WebSite\",\"@id\":\"https:\/\/mog.com.vn\/#website\",\"url\":\"https:\/\/mog.com.vn\/\",\"name\":\"Mog.com.vn\",\"description\":\"FLOW Control Solutions\",\"publisher\":{\"@id\":\"https:\/\/mog.com.vn\/#organization\"},\"potentialAction\":[{\"@type\":\"SearchAction\",\"target\":{\"@type\":\"EntryPoint\",\"urlTemplate\":\"https:\/\/mog.com.vn\/?s={search_term_string}\"},\"query-input\":{\"@type\":\"PropertyValueSpecification\",\"valueRequired\":true,\"valueName\":\"search_term_string\"}}],\"inLanguage\":\"vi\"},{\"@type\":\"Organization\",\"@id\":\"https:\/\/mog.com.vn\/#organization\",\"name\":\"Mog.com.vn\",\"url\":\"https:\/\/mog.com.vn\/\",\"logo\":{\"@type\":\"ImageObject\",\"inLanguage\":\"vi\",\"@id\":\"https:\/\/mog.com.vn\/#\/schema\/logo\/image\/\",\"url\":\"https:\/\/mog.com.vn\/wp-content\/uploads\/2025\/10\/Logo-MOG.jpg\",\"contentUrl\":\"https:\/\/mog.com.vn\/wp-content\/uploads\/2025\/10\/Logo-MOG.jpg\",\"width\":755,\"height\":230,\"caption\":\"Mog.com.vn\"},\"image\":{\"@id\":\"https:\/\/mog.com.vn\/#\/schema\/logo\/image\/\"},\"description\":\"Gi\u1ea3i ph\u00e1p C\u01a1 kh\u00ed ch\u00ednh x\u00e1c & Van c\u00f4ng nghi\u1ec7p to\u00e0n di\u1ec7n cho doanh nghi\u1ec7p c\u1ee7a b\u1ea1n.\",\"email\":\"giacongcokhimog@gmail.com\",\"telephone\":\"090 311 4883\"}]}<\/script>\n<!-- \/ Yoast SEO Premium plugin. -->","yoast_head_json":{"title":"VALTEK MARK 100 - Mog.com.vn","robots":{"index":"index","follow":"follow","max-snippet":"max-snippet:-1","max-image-preview":"max-image-preview:large","max-video-preview":"max-video-preview:-1"},"canonical":"https:\/\/mog.com.vn\/product\/valtek-mark-100\/","og_locale":"vi_VN","og_type":"article","og_title":"VALTEK MARK 100","og_description":"[:vi]MODEL: Mark 100 Lo\u1ea1i van\/Valve Type :\u00a0 Globe Control Valve \u0110\u1eb7c \u0111i\u1ec3m \/Special Service : Mark One l\u00e0 d\u00f2ng van thi\u1ebft k\u1ebf cho nh\u1eefng \u1ee9ng d\u1ee5ng l\u1edbn d\u00f2ng ch\u1ea3y l\u1edbn d\u00f9ng cho v\u1edbi c\u1ea3 ch\u1ea5t l\u1ecfng v\u00e0 ch\u1ea5t kh\u00ed. Mark 100 c\u0169ng c\u00f3 chi\u1ec1u d\u00e0i h\u00e0nh tr\u00ecnh d\u00e0i h\u01a1n, cung c\u1ea5p kh\u1ea3 n\u0103ng ki\u1ec3m so\u00e1t t\u1ed1t h\u01a1n v\u00e0 d\u1eabn \u0111\u1ebfn \u0111i\u1ec1u khi\u1ec3n v\u01b0\u1ee3t tr\u1ed9i \u1edf c\u00e1c k\u00edch th\u01b0\u1edbc van nh\u1ecf h\u01a1n. C\u1ee1 van \/Valve size: 6 \" - 30 \" Class: 150 - 600 V\u1eadt li\u1ec7u th\u00e2n van \/Body material : Carbon Steel\u00a0, 316SS, 316LSS, Cr-Mo WC6;F11, Duplex SS 22% Cr ....[:kr]MODEL: Mark 100 \ubc38\ube0c \uc885\ub958\/Valve Type\u00a0:\u00a0 Globe Control Valve \ud2b9\uc9d5\/Special Service: Mark Ones\ub294 \uc561\uccb4\uc640 \uae30\uccb4\ub97c \uc704\ud574 \uc0ac\uc6a9\ub41c \ud070 \uc751\uc6a9\uacfc \ud750\ub984\ub4e4\uc5d0\uac8c \ub514\uc790\uc778\ub41c \ubc38\ube0c\uc774\ub2e4. Mark 100\ub3c4 \ucf54\uc2a4\uac00 \ub354 \uae38\uba70 \ud1b5\uc81c \uac00\ub2a5\uc744 \uc81c\uacf5\ud558\ub294 \uac83\uc774 \ub354 \uc88b\uace0 \ub354 \uc791\uc740 \ubc38\ube0c \uc0ac\uc774\uc988\uc5d0\uc11c \ud0c1\uc6d4\ud55c \uc81c\uc5b4\ub825\uc744 \ucd08\ub798\ud55c\ub2e4. \uc0ac\uc774\uc988\/Valve size: 6 \u201d \u2013 30 \u201d \ud074\ub77c\uc2a4: 150 \u2013 600 \ubc38\ube0c \ubc14\ub514 \uc7ac\ub8cc\/Body material :\u00a0Carbon Steel\u00a0, 316SS, 316LSS, Cr-Mo WC6;F11, Duplex SS 22% Cr \u2026.[:]","og_url":"https:\/\/mog.com.vn\/product\/valtek-mark-100\/","og_site_name":"Mog.com.vn","article_modified_time":"2025-04-12T17:10:03+00:00","og_image":[{"width":442,"height":874,"url":"https:\/\/mog.com.vn\/wp-content\/uploads\/2025\/04\/mark100-3542.jpg","type":"image\/jpeg"}],"twitter_card":"summary_large_image","schema":{"@context":"https:\/\/schema.org","@graph":[{"@type":"WebPage","@id":"https:\/\/mog.com.vn\/product\/valtek-mark-100\/","url":"https:\/\/mog.com.vn\/product\/valtek-mark-100\/","name":"VALTEK MARK 100 - Mog.com.vn","isPartOf":{"@id":"https:\/\/mog.com.vn\/#website"},"primaryImageOfPage":{"@id":"https:\/\/mog.com.vn\/product\/valtek-mark-100\/#primaryimage"},"image":{"@id":"https:\/\/mog.com.vn\/product\/valtek-mark-100\/#primaryimage"},"thumbnailUrl":"https:\/\/mog.com.vn\/wp-content\/uploads\/2025\/04\/mark100-3542.jpg","datePublished":"2025-04-12T17:09:54+00:00","dateModified":"2025-04-12T17:10:03+00:00","breadcrumb":{"@id":"https:\/\/mog.com.vn\/product\/valtek-mark-100\/#breadcrumb"},"inLanguage":"vi","potentialAction":[{"@type":"ReadAction","target":["https:\/\/mog.com.vn\/product\/valtek-mark-100\/"]}]},{"@type":"ImageObject","inLanguage":"vi","@id":"https:\/\/mog.com.vn\/product\/valtek-mark-100\/#primaryimage","url":"https:\/\/mog.com.vn\/wp-content\/uploads\/2025\/04\/mark100-3542.jpg","contentUrl":"https:\/\/mog.com.vn\/wp-content\/uploads\/2025\/04\/mark100-3542.jpg","width":442,"height":874},{"@type":"BreadcrumbList","@id":"https:\/\/mog.com.vn\/product\/valtek-mark-100\/#breadcrumb","itemListElement":[{"@type":"ListItem","position":1,"name":"Home","item":"https:\/\/mog.com.vn\/"},{"@type":"ListItem","position":2,"name":"Shop","item":"https:\/\/mog.com.vn\/shop\/"},{"@type":"ListItem","position":3,"name":"VALTEK MARK 100"}]},{"@type":"WebSite","@id":"https:\/\/mog.com.vn\/#website","url":"https:\/\/mog.com.vn\/","name":"Mog.com.vn","description":"FLOW Control Solutions","publisher":{"@id":"https:\/\/mog.com.vn\/#organization"},"potentialAction":[{"@type":"SearchAction","target":{"@type":"EntryPoint","urlTemplate":"https:\/\/mog.com.vn\/?s={search_term_string}"},"query-input":{"@type":"PropertyValueSpecification","valueRequired":true,"valueName":"search_term_string"}}],"inLanguage":"vi"},{"@type":"Organization","@id":"https:\/\/mog.com.vn\/#organization","name":"Mog.com.vn","url":"https:\/\/mog.com.vn\/","logo":{"@type":"ImageObject","inLanguage":"vi","@id":"https:\/\/mog.com.vn\/#\/schema\/logo\/image\/","url":"https:\/\/mog.com.vn\/wp-content\/uploads\/2025\/10\/Logo-MOG.jpg","contentUrl":"https:\/\/mog.com.vn\/wp-content\/uploads\/2025\/10\/Logo-MOG.jpg","width":755,"height":230,"caption":"Mog.com.vn"},"image":{"@id":"https:\/\/mog.com.vn\/#\/schema\/logo\/image\/"},"description":"Gi\u1ea3i ph\u00e1p C\u01a1 kh\u00ed ch\u00ednh x\u00e1c & Van c\u00f4ng nghi\u1ec7p to\u00e0n di\u1ec7n cho doanh nghi\u1ec7p c\u1ee7a b\u1ea1n.","email":"giacongcokhimog@gmail.com","telephone":"090 311 4883"}]}},"_links":{"self":[{"href":"https:\/\/mog.com.vn\/vi\/wp-json\/wp\/v2\/product\/442","targetHints":{"allow":["GET"]}}],"collection":[{"href":"https:\/\/mog.com.vn\/vi\/wp-json\/wp\/v2\/product"}],"about":[{"href":"https:\/\/mog.com.vn\/vi\/wp-json\/wp\/v2\/types\/product"}],"replies":[{"embeddable":true,"href":"https:\/\/mog.com.vn\/vi\/wp-json\/wp\/v2\/comments?post=442"}],"wp:featuredmedia":[{"embeddable":true,"href":"https:\/\/mog.com.vn\/vi\/wp-json\/wp\/v2\/media\/443"}],"wp:attachment":[{"href":"https:\/\/mog.com.vn\/vi\/wp-json\/wp\/v2\/media?parent=442"}],"wp:term":[{"taxonomy":"product_brand","embeddable":true,"href":"https:\/\/mog.com.vn\/vi\/wp-json\/wp\/v2\/product_brand?post=442"},{"taxonomy":"product_cat","embeddable":true,"href":"https:\/\/mog.com.vn\/vi\/wp-json\/wp\/v2\/product_cat?post=442"},{"taxonomy":"product_tag","embeddable":true,"href":"https:\/\/mog.com.vn\/vi\/wp-json\/wp\/v2\/product_tag?post=442"}],"curies":[{"name":"wp","href":"https:\/\/api.w.org\/{rel}","templated":true}]}}