{"id":444,"date":"2025-04-12T17:09:54","date_gmt":"2025-04-12T17:09:54","guid":{"rendered":"https:\/\/mog.com.vn\/renew\/product\/valtek-mark-one-3way\/"},"modified":"2025-04-12T17:10:03","modified_gmt":"2025-04-12T17:10:03","slug":"valtek-mark-one-3way","status":"publish","type":"product","link":"https:\/\/mog.com.vn\/vi\/product\/valtek-mark-one-3way\/","title":{"rendered":"VALTEK FLOWTOP"},"content":{"rendered":"","protected":false},"excerpt":{"rendered":"<p><strong>MODEL<\/strong>: Flow Top<\/p>\n<p><strong>Lo\u1ea1i van\/Valve Type<\/strong>\u00a0:\u00a0 Linear Control Valve V746\/V748<\/p>\n<p><strong>\u0110\u1eb7c \u0111i\u1ec3m \/Special Service<\/strong>\u00a0: Flow Top\u00a0 l\u00e0 d\u00f2ng van c\u00f3 hi\u1ec7u su\u1ea5t cao d\u00f9ng cho nhi\u1ec1u \u1ee9ng d\u1ee5ng ph\u1ed5 bi\u1ebfn, v\u1edbi acutator Flow Act d\u1ea1ng m\u00e0ng (diaphragm actuator) c\u00f3 l\u1ef1c \u0111\u1ea9y kh\u00ed n\u00e9n cao. V\u1edbi thi\u1ebft k\u1ebf modul cho ph\u00e9p v\u1edbi c\u00f9ng 1 body c\u00f3 th\u1ec3 k\u1ebft h\u1ee3p v\u1edbi bonnet , trim kh\u00e1c nhau.\u0110i\u1ec1u n\u00e0y d\u1eabn \u0111\u1ebfn vi\u1ec7c gi\u1ea3m ph\u1ee5 t\u00f9ng thay th\u1ebf v\u00e0 cung c\u1ea5p van ho\u00e1n \u0111\u1ed5i cho nhi\u1ec1u ng\u00e0nh c\u00f4ng nghi\u1ec7p v\u00e0 \u1ee9ng d\u1ee5ng.<\/p>\n<p><strong>C\u1ee1 van \/Valve size:<\/strong>\u00a00.5 \u201d \u2013 6 \u201d<\/p>\n<p><strong>Class<\/strong>: 150 \u2013 300<\/p>\n<p><strong>V\u1eadt li\u1ec7u th\u00e2n van \/Body material :\u00a0<\/strong>A216-WCC, A351-CF5M,CF3M( 316SS Cast)<\/p>\n<p>&nbsp;<\/p>\n","protected":false},"featured_media":445,"comment_status":"closed","ping_status":"open","template":"","meta":[],"product_brand":[],"product_cat":[140],"product_tag":[71],"class_list":{"0":"post-444","1":"product","2":"type-product","3":"status-publish","4":"has-post-thumbnail","6":"product_cat-ve-chung-toi","7":"product_tag-flowservesvalvalve","9":"first","10":"instock","11":"product-type-simple"},"yoast_head":"<!-- This site is optimized with the Yoast SEO Premium plugin v25.9 (Yoast SEO v25.9) - https:\/\/yoast.com\/wordpress\/plugins\/seo\/ -->\n<title>VALTEK FLOWTOP - Mog.com.vn<\/title>\n<meta name=\"robots\" content=\"index, follow, max-snippet:-1, max-image-preview:large, max-video-preview:-1\" \/>\n<link rel=\"canonical\" href=\"https:\/\/mog.com.vn\/product\/valtek-mark-one-3way\/\" \/>\n<meta property=\"og:locale\" content=\"vi_VN\" \/>\n<meta property=\"og:type\" content=\"article\" \/>\n<meta property=\"og:title\" content=\"[:vi]VALTEK FLOWTOP[:en]VALTEK FLOWTOP[:ja]VALTEK MARK ONE 3-WAY[:kr]VALTEK MARK ONE 3-WAY[:]\" \/>\n<meta property=\"og:description\" content=\"[:vi]MODEL: Flow Top Lo\u1ea1i van\/Valve Type\u00a0:\u00a0 Linear Control Valve V746\/V748 \u0110\u1eb7c \u0111i\u1ec3m \/Special Service\u00a0: Flow Top\u00a0 l\u00e0 d\u00f2ng van c\u00f3 hi\u1ec7u su\u1ea5t cao d\u00f9ng cho nhi\u1ec1u \u1ee9ng d\u1ee5ng ph\u1ed5 bi\u1ebfn, v\u1edbi acutator Flow Act d\u1ea1ng m\u00e0ng (diaphragm actuator) c\u00f3 l\u1ef1c \u0111\u1ea9y kh\u00ed n\u00e9n cao. V\u1edbi thi\u1ebft k\u1ebf modul cho ph\u00e9p v\u1edbi c\u00f9ng 1 body c\u00f3 th\u1ec3 k\u1ebft h\u1ee3p v\u1edbi bonnet , trim kh\u00e1c nhau.\u0110i\u1ec1u n\u00e0y d\u1eabn \u0111\u1ebfn vi\u1ec7c gi\u1ea3m ph\u1ee5 t\u00f9ng thay th\u1ebf v\u00e0 cung c\u1ea5p van ho\u00e1n \u0111\u1ed5i cho nhi\u1ec1u ng\u00e0nh c\u00f4ng nghi\u1ec7p v\u00e0 \u1ee9ng d\u1ee5ng. C\u1ee1 van \/Valve size:\u00a00.5 \u201d \u2013 6 \u201d Class: 150 \u2013 300 V\u1eadt li\u1ec7u th\u00e2n van \/Body material :\u00a0A216-WCC, A351-CF5M,CF3M( 316SS Cast) &nbsp;[:kr]MODEL: Flow Top \ubc38\ube0c \uc885\ub958\/Valve Type\u00a0:\u00a0 Linear Control Valve V746\/V748 \ud2b9\uc9d5 \/Special Service\u00a0: Flow Top\uc740 \ub192\uc740 \uc555\ucd95\ub825\uc744 \uac00\uc9c0\uace0 \uc788\ub294 \ub9c9\ud615(diaphragm actuator) acutator Flow Act\ub85c \ubcf4\ud3b8\uc801\uc778 \uc751\uc6a9 \ubd84\uc57c\uc5d0\uc11c \uc0ac\uc6a9\ub418\ub294 \uace0\ud6a8\uc728 \ubc38\ube0c\uc774\ub2e4. Modul \uc124\uacc4\ub85c\ub294 \uac19\uc740 \ubc84\ub514\ub85c \ub2e4\ub978bonnet , trim\ub97c \uacb0\ud569\ud560 \uc218 \ud79c\ub2e4. \uc774\uac83\uc740 \ub300\uccb4 \ubd80\ud488\uc744 \uc904\uc774\uace0 \ub9ce\uc740 \uc0b0\uc5c5\uacfc \uc751\uc6a9\uc5d0\uac8c \uc804\ud658 \ubc38\ube0c\ub97c \uc81c\uacf5\ud558\ub294 \uac83\uc744 \ucd08\ub798\ud588\ub2e4. \ubc38\ube0c \uc0ac\uc774\uc988: 0.5 \u201d \u2013 6 \u201d \ubc38\ube0c \ubc14\ub514 \uc7ac\ub8cc\/Body material:\u00a0A216-WCC, A351-CF5M,CF3M( 316SS Cast)[:]\" \/>\n<meta property=\"og:url\" content=\"https:\/\/mog.com.vn\/product\/valtek-mark-one-3way\/\" \/>\n<meta property=\"og:site_name\" content=\"Mog.com.vn\" \/>\n<meta property=\"article:modified_time\" content=\"2025-04-12T17:10:03+00:00\" \/>\n<meta property=\"og:image\" content=\"https:\/\/mog.com.vn\/wp-content\/uploads\/2025\/04\/FlowTop.jpg\" \/>\n\t<meta property=\"og:image:width\" content=\"500\" \/>\n\t<meta property=\"og:image:height\" content=\"500\" \/>\n\t<meta property=\"og:image:type\" content=\"image\/jpeg\" \/>\n<meta name=\"twitter:card\" content=\"summary_large_image\" \/>\n<script type=\"application\/ld+json\" class=\"yoast-schema-graph\">{\"@context\":\"https:\/\/schema.org\",\"@graph\":[{\"@type\":\"WebPage\",\"@id\":\"https:\/\/mog.com.vn\/product\/valtek-mark-one-3way\/\",\"url\":\"https:\/\/mog.com.vn\/product\/valtek-mark-one-3way\/\",\"name\":\"[:vi]VALTEK FLOWTOP[:en]VALTEK FLOWTOP[:ja]VALTEK MARK ONE 3-WAY[:kr]VALTEK MARK ONE 3-WAY[:] - Mog.com.vn\",\"isPartOf\":{\"@id\":\"https:\/\/mog.com.vn\/#website\"},\"primaryImageOfPage\":{\"@id\":\"https:\/\/mog.com.vn\/product\/valtek-mark-one-3way\/#primaryimage\"},\"image\":{\"@id\":\"https:\/\/mog.com.vn\/product\/valtek-mark-one-3way\/#primaryimage\"},\"thumbnailUrl\":\"https:\/\/mog.com.vn\/wp-content\/uploads\/2025\/04\/FlowTop.jpg\",\"datePublished\":\"2025-04-12T17:09:54+00:00\",\"dateModified\":\"2025-04-12T17:10:03+00:00\",\"breadcrumb\":{\"@id\":\"https:\/\/mog.com.vn\/product\/valtek-mark-one-3way\/#breadcrumb\"},\"inLanguage\":\"vi\",\"potentialAction\":[{\"@type\":\"ReadAction\",\"target\":[\"https:\/\/mog.com.vn\/product\/valtek-mark-one-3way\/\"]}]},{\"@type\":\"ImageObject\",\"inLanguage\":\"vi\",\"@id\":\"https:\/\/mog.com.vn\/product\/valtek-mark-one-3way\/#primaryimage\",\"url\":\"https:\/\/mog.com.vn\/wp-content\/uploads\/2025\/04\/FlowTop.jpg\",\"contentUrl\":\"https:\/\/mog.com.vn\/wp-content\/uploads\/2025\/04\/FlowTop.jpg\",\"width\":500,\"height\":500},{\"@type\":\"BreadcrumbList\",\"@id\":\"https:\/\/mog.com.vn\/product\/valtek-mark-one-3way\/#breadcrumb\",\"itemListElement\":[{\"@type\":\"ListItem\",\"position\":1,\"name\":\"Home\",\"item\":\"https:\/\/mog.com.vn\/\"},{\"@type\":\"ListItem\",\"position\":2,\"name\":\"Shop\",\"item\":\"https:\/\/mog.com.vn\/shop\/\"},{\"@type\":\"ListItem\",\"position\":3,\"name\":\"VALTEK FLOWTOP\"}]},{\"@type\":\"WebSite\",\"@id\":\"https:\/\/mog.com.vn\/#website\",\"url\":\"https:\/\/mog.com.vn\/\",\"name\":\"Mog.com.vn\",\"description\":\"FLOW Control Solutions\",\"publisher\":{\"@id\":\"https:\/\/mog.com.vn\/#organization\"},\"potentialAction\":[{\"@type\":\"SearchAction\",\"target\":{\"@type\":\"EntryPoint\",\"urlTemplate\":\"https:\/\/mog.com.vn\/?s={search_term_string}\"},\"query-input\":{\"@type\":\"PropertyValueSpecification\",\"valueRequired\":true,\"valueName\":\"search_term_string\"}}],\"inLanguage\":\"vi\"},{\"@type\":\"Organization\",\"@id\":\"https:\/\/mog.com.vn\/#organization\",\"name\":\"Mog.com.vn\",\"url\":\"https:\/\/mog.com.vn\/\",\"logo\":{\"@type\":\"ImageObject\",\"inLanguage\":\"vi\",\"@id\":\"https:\/\/mog.com.vn\/#\/schema\/logo\/image\/\",\"url\":\"https:\/\/mog.com.vn\/wp-content\/uploads\/2025\/10\/Logo-MOG.jpg\",\"contentUrl\":\"https:\/\/mog.com.vn\/wp-content\/uploads\/2025\/10\/Logo-MOG.jpg\",\"width\":755,\"height\":230,\"caption\":\"Mog.com.vn\"},\"image\":{\"@id\":\"https:\/\/mog.com.vn\/#\/schema\/logo\/image\/\"},\"description\":\"Gi\u1ea3i ph\u00e1p C\u01a1 kh\u00ed ch\u00ednh x\u00e1c & Van c\u00f4ng nghi\u1ec7p to\u00e0n di\u1ec7n cho doanh nghi\u1ec7p c\u1ee7a b\u1ea1n.\",\"email\":\"giacongcokhimog@gmail.com\",\"telephone\":\"090 311 4883\"}]}<\/script>\n<!-- \/ Yoast SEO Premium plugin. -->","yoast_head_json":{"title":"[:vi]VALTEK FLOWTOP[:en]VALTEK FLOWTOP[:ja]VALTEK MARK ONE 3-WAY[:kr]VALTEK MARK ONE 3-WAY[:] - Mog.com.vn","robots":{"index":"index","follow":"follow","max-snippet":"max-snippet:-1","max-image-preview":"max-image-preview:large","max-video-preview":"max-video-preview:-1"},"canonical":"https:\/\/mog.com.vn\/product\/valtek-mark-one-3way\/","og_locale":"vi_VN","og_type":"article","og_title":"[:vi]VALTEK FLOWTOP[:en]VALTEK FLOWTOP[:ja]VALTEK MARK ONE 3-WAY[:kr]VALTEK MARK ONE 3-WAY[:]","og_description":"[:vi]MODEL: Flow Top Lo\u1ea1i van\/Valve Type\u00a0:\u00a0 Linear Control Valve V746\/V748 \u0110\u1eb7c \u0111i\u1ec3m \/Special Service\u00a0: Flow Top\u00a0 l\u00e0 d\u00f2ng van c\u00f3 hi\u1ec7u su\u1ea5t cao d\u00f9ng cho nhi\u1ec1u \u1ee9ng d\u1ee5ng ph\u1ed5 bi\u1ebfn, v\u1edbi acutator Flow Act d\u1ea1ng m\u00e0ng (diaphragm actuator) c\u00f3 l\u1ef1c \u0111\u1ea9y kh\u00ed n\u00e9n cao. V\u1edbi thi\u1ebft k\u1ebf modul cho ph\u00e9p v\u1edbi c\u00f9ng 1 body c\u00f3 th\u1ec3 k\u1ebft h\u1ee3p v\u1edbi bonnet , trim kh\u00e1c nhau.\u0110i\u1ec1u n\u00e0y d\u1eabn \u0111\u1ebfn vi\u1ec7c gi\u1ea3m ph\u1ee5 t\u00f9ng thay th\u1ebf v\u00e0 cung c\u1ea5p van ho\u00e1n \u0111\u1ed5i cho nhi\u1ec1u ng\u00e0nh c\u00f4ng nghi\u1ec7p v\u00e0 \u1ee9ng d\u1ee5ng. C\u1ee1 van \/Valve size:\u00a00.5 \u201d \u2013 6 \u201d Class: 150 \u2013 300 V\u1eadt li\u1ec7u th\u00e2n van \/Body material :\u00a0A216-WCC, A351-CF5M,CF3M( 316SS Cast) &nbsp;[:kr]MODEL: Flow Top \ubc38\ube0c \uc885\ub958\/Valve Type\u00a0:\u00a0 Linear Control Valve V746\/V748 \ud2b9\uc9d5 \/Special Service\u00a0: Flow Top\uc740 \ub192\uc740 \uc555\ucd95\ub825\uc744 \uac00\uc9c0\uace0 \uc788\ub294 \ub9c9\ud615(diaphragm actuator) acutator Flow Act\ub85c \ubcf4\ud3b8\uc801\uc778 \uc751\uc6a9 \ubd84\uc57c\uc5d0\uc11c \uc0ac\uc6a9\ub418\ub294 \uace0\ud6a8\uc728 \ubc38\ube0c\uc774\ub2e4. Modul \uc124\uacc4\ub85c\ub294 \uac19\uc740 \ubc84\ub514\ub85c \ub2e4\ub978bonnet , trim\ub97c \uacb0\ud569\ud560 \uc218 \ud79c\ub2e4. \uc774\uac83\uc740 \ub300\uccb4 \ubd80\ud488\uc744 \uc904\uc774\uace0 \ub9ce\uc740 \uc0b0\uc5c5\uacfc \uc751\uc6a9\uc5d0\uac8c \uc804\ud658 \ubc38\ube0c\ub97c \uc81c\uacf5\ud558\ub294 \uac83\uc744 \ucd08\ub798\ud588\ub2e4. \ubc38\ube0c \uc0ac\uc774\uc988: 0.5 \u201d \u2013 6 \u201d \ubc38\ube0c \ubc14\ub514 \uc7ac\ub8cc\/Body material:\u00a0A216-WCC, A351-CF5M,CF3M( 316SS Cast)[:]","og_url":"https:\/\/mog.com.vn\/product\/valtek-mark-one-3way\/","og_site_name":"Mog.com.vn","article_modified_time":"2025-04-12T17:10:03+00:00","og_image":[{"width":500,"height":500,"url":"https:\/\/mog.com.vn\/wp-content\/uploads\/2025\/04\/FlowTop.jpg","type":"image\/jpeg"}],"twitter_card":"summary_large_image","schema":{"@context":"https:\/\/schema.org","@graph":[{"@type":"WebPage","@id":"https:\/\/mog.com.vn\/product\/valtek-mark-one-3way\/","url":"https:\/\/mog.com.vn\/product\/valtek-mark-one-3way\/","name":"[:vi]VALTEK FLOWTOP[:en]VALTEK FLOWTOP[:ja]VALTEK MARK ONE 3-WAY[:kr]VALTEK MARK ONE 3-WAY[:] - Mog.com.vn","isPartOf":{"@id":"https:\/\/mog.com.vn\/#website"},"primaryImageOfPage":{"@id":"https:\/\/mog.com.vn\/product\/valtek-mark-one-3way\/#primaryimage"},"image":{"@id":"https:\/\/mog.com.vn\/product\/valtek-mark-one-3way\/#primaryimage"},"thumbnailUrl":"https:\/\/mog.com.vn\/wp-content\/uploads\/2025\/04\/FlowTop.jpg","datePublished":"2025-04-12T17:09:54+00:00","dateModified":"2025-04-12T17:10:03+00:00","breadcrumb":{"@id":"https:\/\/mog.com.vn\/product\/valtek-mark-one-3way\/#breadcrumb"},"inLanguage":"vi","potentialAction":[{"@type":"ReadAction","target":["https:\/\/mog.com.vn\/product\/valtek-mark-one-3way\/"]}]},{"@type":"ImageObject","inLanguage":"vi","@id":"https:\/\/mog.com.vn\/product\/valtek-mark-one-3way\/#primaryimage","url":"https:\/\/mog.com.vn\/wp-content\/uploads\/2025\/04\/FlowTop.jpg","contentUrl":"https:\/\/mog.com.vn\/wp-content\/uploads\/2025\/04\/FlowTop.jpg","width":500,"height":500},{"@type":"BreadcrumbList","@id":"https:\/\/mog.com.vn\/product\/valtek-mark-one-3way\/#breadcrumb","itemListElement":[{"@type":"ListItem","position":1,"name":"Home","item":"https:\/\/mog.com.vn\/"},{"@type":"ListItem","position":2,"name":"Shop","item":"https:\/\/mog.com.vn\/shop\/"},{"@type":"ListItem","position":3,"name":"VALTEK FLOWTOP"}]},{"@type":"WebSite","@id":"https:\/\/mog.com.vn\/#website","url":"https:\/\/mog.com.vn\/","name":"Mog.com.vn","description":"FLOW Control Solutions","publisher":{"@id":"https:\/\/mog.com.vn\/#organization"},"potentialAction":[{"@type":"SearchAction","target":{"@type":"EntryPoint","urlTemplate":"https:\/\/mog.com.vn\/?s={search_term_string}"},"query-input":{"@type":"PropertyValueSpecification","valueRequired":true,"valueName":"search_term_string"}}],"inLanguage":"vi"},{"@type":"Organization","@id":"https:\/\/mog.com.vn\/#organization","name":"Mog.com.vn","url":"https:\/\/mog.com.vn\/","logo":{"@type":"ImageObject","inLanguage":"vi","@id":"https:\/\/mog.com.vn\/#\/schema\/logo\/image\/","url":"https:\/\/mog.com.vn\/wp-content\/uploads\/2025\/10\/Logo-MOG.jpg","contentUrl":"https:\/\/mog.com.vn\/wp-content\/uploads\/2025\/10\/Logo-MOG.jpg","width":755,"height":230,"caption":"Mog.com.vn"},"image":{"@id":"https:\/\/mog.com.vn\/#\/schema\/logo\/image\/"},"description":"Gi\u1ea3i ph\u00e1p C\u01a1 kh\u00ed ch\u00ednh x\u00e1c & Van c\u00f4ng nghi\u1ec7p to\u00e0n di\u1ec7n cho doanh nghi\u1ec7p c\u1ee7a b\u1ea1n.","email":"giacongcokhimog@gmail.com","telephone":"090 311 4883"}]}},"_links":{"self":[{"href":"https:\/\/mog.com.vn\/vi\/wp-json\/wp\/v2\/product\/444","targetHints":{"allow":["GET"]}}],"collection":[{"href":"https:\/\/mog.com.vn\/vi\/wp-json\/wp\/v2\/product"}],"about":[{"href":"https:\/\/mog.com.vn\/vi\/wp-json\/wp\/v2\/types\/product"}],"replies":[{"embeddable":true,"href":"https:\/\/mog.com.vn\/vi\/wp-json\/wp\/v2\/comments?post=444"}],"wp:featuredmedia":[{"embeddable":true,"href":"https:\/\/mog.com.vn\/vi\/wp-json\/wp\/v2\/media\/445"}],"wp:attachment":[{"href":"https:\/\/mog.com.vn\/vi\/wp-json\/wp\/v2\/media?parent=444"}],"wp:term":[{"taxonomy":"product_brand","embeddable":true,"href":"https:\/\/mog.com.vn\/vi\/wp-json\/wp\/v2\/product_brand?post=444"},{"taxonomy":"product_cat","embeddable":true,"href":"https:\/\/mog.com.vn\/vi\/wp-json\/wp\/v2\/product_cat?post=444"},{"taxonomy":"product_tag","embeddable":true,"href":"https:\/\/mog.com.vn\/vi\/wp-json\/wp\/v2\/product_tag?post=444"}],"curies":[{"name":"wp","href":"https:\/\/api.w.org\/{rel}","templated":true}]}}