{"id":446,"date":"2025-04-12T17:10:17","date_gmt":"2025-04-12T17:10:17","guid":{"rendered":"https:\/\/mog.com.vn\/renew\/product\/valtek-mark-one\/"},"modified":"2025-04-12T17:10:18","modified_gmt":"2025-04-12T17:10:18","slug":"valtek-mark-one","status":"publish","type":"product","link":"https:\/\/mog.com.vn\/vi\/product\/valtek-mark-one\/","title":{"rendered":"VALTEK MARK ONE"},"content":{"rendered":"","protected":false},"excerpt":{"rendered":"<p><strong>MODEL<\/strong>: Mark One<\/p>\n<p><strong>Lo\u1ea1i van\/Valve Type<\/strong> :\u00a0 Globe Control Valve<\/p>\n<p><strong>\u0110\u1eb7c \u0111i\u1ec3m \/Special Service<\/strong> : Mark One l\u00e0 d\u00f2ng van c\u00f3 hi\u1ec7u su\u1ea5t v\u01b0\u1ee3t tr\u1ed9i trong qu\u00e1 tr\u00ecnh s\u1eed d\u1ee5ng \u0111\u1ed1i v\u1edbi c\u1ea3 ch\u1ea5t l\u1ecfng v\u00e0 ch\u1ea5t kh\u00ed . Cho ph\u00e9p s\u1eeda ch\u1eefa, thay th\u1ebf, b\u1ea3o tr\u00ec d\u1ec5 d\u00e0ng, nhanh ch\u00f3ng, chi ph\u00ed th\u1ea5p . L\u00e0 d\u00f2ng van s\u1eed d\u1ee5ng actuator d\u1ea1ng xilanh ( spring &#8211; cylinder) c\u00f3 \u0111\u1ed9 ch\u00ednh x\u00e1c cao, tin c\u1eady.<\/p>\n<p><strong>C\u1ee1 van \/Valve size:<\/strong> 0.5 &#8221; &#8211; 48 &#8221;<\/p>\n<p><strong>Class<\/strong>: 150 &#8211; 2500<\/p>\n<p><strong>V\u1eadt li\u1ec7u th\u00e2n van \/Body material :\u00a0<\/strong>WCC,WCB , 316SS, 316LSS, Cr-Mo WC6;F11, Duplex SS 22% Cr &#8230;.<\/p>\n","protected":false},"featured_media":447,"comment_status":"closed","ping_status":"open","template":"","meta":[],"product_brand":[],"product_cat":[140],"product_tag":[73],"class_list":{"0":"post-446","1":"product","2":"type-product","3":"status-publish","4":"has-post-thumbnail","6":"product_cat-ve-chung-toi","7":"product_tag-flowserveflowserve-viet-nammark-onesvalvalve","9":"first","10":"instock","11":"product-type-simple"},"yoast_head":"<!-- This site is optimized with the Yoast SEO Premium plugin v25.9 (Yoast SEO v25.9) - https:\/\/yoast.com\/wordpress\/plugins\/seo\/ -->\n<title>VALTEK MARK ONE - Mog.com.vn<\/title>\n<meta name=\"robots\" content=\"index, follow, max-snippet:-1, max-image-preview:large, max-video-preview:-1\" \/>\n<link rel=\"canonical\" href=\"https:\/\/mog.com.vn\/product\/valtek-mark-one\/\" \/>\n<meta property=\"og:locale\" content=\"vi_VN\" \/>\n<meta property=\"og:type\" content=\"article\" \/>\n<meta property=\"og:title\" content=\"VALTEK MARK ONE\" \/>\n<meta property=\"og:description\" content=\"[:vi]MODEL: Mark One Lo\u1ea1i van\/Valve Type :\u00a0 Globe Control Valve \u0110\u1eb7c \u0111i\u1ec3m \/Special Service : Mark One l\u00e0 d\u00f2ng van c\u00f3 hi\u1ec7u su\u1ea5t v\u01b0\u1ee3t tr\u1ed9i trong qu\u00e1 tr\u00ecnh s\u1eed d\u1ee5ng \u0111\u1ed1i v\u1edbi c\u1ea3 ch\u1ea5t l\u1ecfng v\u00e0 ch\u1ea5t kh\u00ed . Cho ph\u00e9p s\u1eeda ch\u1eefa, thay th\u1ebf, b\u1ea3o tr\u00ec d\u1ec5 d\u00e0ng, nhanh ch\u00f3ng, chi ph\u00ed th\u1ea5p . L\u00e0 d\u00f2ng van s\u1eed d\u1ee5ng actuator d\u1ea1ng xilanh ( spring - cylinder) c\u00f3 \u0111\u1ed9 ch\u00ednh x\u00e1c cao, tin c\u1eady. C\u1ee1 van \/Valve size: 0.5 &quot; - 48 &quot; Class: 150 - 2500 V\u1eadt li\u1ec7u th\u00e2n van \/Body material :\u00a0WCC,WCB , 316SS, 316LSS, Cr-Mo WC6;F11, Duplex SS 22% Cr ....[:kr]MODEL: Mark One \ubc38\ube0c \uc885\ub958\/ Valve Type: Globe Control Valve \ud2b9\uc9d5\/ Special Service: Mark One\ub294 \uc561\uccb4\uc640 \uae30\uccb4\ub85c \uc0ac\uc6a9 \uacfc\uc815 \uc911\uc5d0 \uc6b0\uc218\ud55c \ud6c4\uc728\uc774 \uc788\ub294 \ubc38\ube0c\uc774\ub2e4. \uc27d\uace0 \ube60\ub974, \uc800\ub834\ud55c \uc218\ub9ac, \uad50\uccb4, \ubcf4\uc9c0\ub97c \ud5c8\ub77d\ud55c\ub2e4. \uc815\ubc00\ub3c4\uc640 \uc2e0\ub8b0\uc131\uc774 \ub192\uc740 \uc2e4\ub9b0\ub354\ud615 (spring \u2013 cylinder)\uc561\ucd94\uc5d0\uc774\ud130\ub97c \uc0ac\uc6a9\ud558\ub294 \ubc38\ube0c\uc774\ub2e4. \ubc38\ube0c \uc0ac\uc774\uc988\/ Valve size: 0.5\u201d-48\u201d \ud074\ub77c\uc2a4: 150-2500 \ubc38\ube0c \ubc14\ub514 \uc7ac\ub8cc\/Body material: WCC,WCB , 316SS, 316LSS, Cr-Mo WC6;F11, Duplex SS 22% Cr \u2026.[:]\" \/>\n<meta property=\"og:url\" content=\"https:\/\/mog.com.vn\/product\/valtek-mark-one\/\" \/>\n<meta property=\"og:site_name\" content=\"Mog.com.vn\" \/>\n<meta property=\"article:modified_time\" content=\"2025-04-12T17:10:18+00:00\" \/>\n<meta property=\"og:image\" content=\"https:\/\/mog.com.vn\/wp-content\/uploads\/2025\/04\/picture1-8838.jpg\" \/>\n\t<meta property=\"og:image:width\" content=\"499\" \/>\n\t<meta property=\"og:image:height\" content=\"498\" \/>\n\t<meta property=\"og:image:type\" content=\"image\/jpeg\" \/>\n<meta name=\"twitter:card\" content=\"summary_large_image\" \/>\n<script type=\"application\/ld+json\" class=\"yoast-schema-graph\">{\"@context\":\"https:\/\/schema.org\",\"@graph\":[{\"@type\":\"WebPage\",\"@id\":\"https:\/\/mog.com.vn\/product\/valtek-mark-one\/\",\"url\":\"https:\/\/mog.com.vn\/product\/valtek-mark-one\/\",\"name\":\"VALTEK MARK ONE - Mog.com.vn\",\"isPartOf\":{\"@id\":\"https:\/\/mog.com.vn\/#website\"},\"primaryImageOfPage\":{\"@id\":\"https:\/\/mog.com.vn\/product\/valtek-mark-one\/#primaryimage\"},\"image\":{\"@id\":\"https:\/\/mog.com.vn\/product\/valtek-mark-one\/#primaryimage\"},\"thumbnailUrl\":\"https:\/\/mog.com.vn\/wp-content\/uploads\/2025\/04\/picture1-8838.jpg\",\"datePublished\":\"2025-04-12T17:10:17+00:00\",\"dateModified\":\"2025-04-12T17:10:18+00:00\",\"breadcrumb\":{\"@id\":\"https:\/\/mog.com.vn\/product\/valtek-mark-one\/#breadcrumb\"},\"inLanguage\":\"vi\",\"potentialAction\":[{\"@type\":\"ReadAction\",\"target\":[\"https:\/\/mog.com.vn\/product\/valtek-mark-one\/\"]}]},{\"@type\":\"ImageObject\",\"inLanguage\":\"vi\",\"@id\":\"https:\/\/mog.com.vn\/product\/valtek-mark-one\/#primaryimage\",\"url\":\"https:\/\/mog.com.vn\/wp-content\/uploads\/2025\/04\/picture1-8838.jpg\",\"contentUrl\":\"https:\/\/mog.com.vn\/wp-content\/uploads\/2025\/04\/picture1-8838.jpg\",\"width\":499,\"height\":498},{\"@type\":\"BreadcrumbList\",\"@id\":\"https:\/\/mog.com.vn\/product\/valtek-mark-one\/#breadcrumb\",\"itemListElement\":[{\"@type\":\"ListItem\",\"position\":1,\"name\":\"Home\",\"item\":\"https:\/\/mog.com.vn\/\"},{\"@type\":\"ListItem\",\"position\":2,\"name\":\"Shop\",\"item\":\"https:\/\/mog.com.vn\/shop\/\"},{\"@type\":\"ListItem\",\"position\":3,\"name\":\"VALTEK MARK ONE\"}]},{\"@type\":\"WebSite\",\"@id\":\"https:\/\/mog.com.vn\/#website\",\"url\":\"https:\/\/mog.com.vn\/\",\"name\":\"Mog.com.vn\",\"description\":\"FLOW Control Solutions\",\"publisher\":{\"@id\":\"https:\/\/mog.com.vn\/#organization\"},\"potentialAction\":[{\"@type\":\"SearchAction\",\"target\":{\"@type\":\"EntryPoint\",\"urlTemplate\":\"https:\/\/mog.com.vn\/?s={search_term_string}\"},\"query-input\":{\"@type\":\"PropertyValueSpecification\",\"valueRequired\":true,\"valueName\":\"search_term_string\"}}],\"inLanguage\":\"vi\"},{\"@type\":\"Organization\",\"@id\":\"https:\/\/mog.com.vn\/#organization\",\"name\":\"Mog.com.vn\",\"url\":\"https:\/\/mog.com.vn\/\",\"logo\":{\"@type\":\"ImageObject\",\"inLanguage\":\"vi\",\"@id\":\"https:\/\/mog.com.vn\/#\/schema\/logo\/image\/\",\"url\":\"https:\/\/mog.com.vn\/wp-content\/uploads\/2025\/10\/Logo-MOG.jpg\",\"contentUrl\":\"https:\/\/mog.com.vn\/wp-content\/uploads\/2025\/10\/Logo-MOG.jpg\",\"width\":755,\"height\":230,\"caption\":\"Mog.com.vn\"},\"image\":{\"@id\":\"https:\/\/mog.com.vn\/#\/schema\/logo\/image\/\"},\"description\":\"Gi\u1ea3i ph\u00e1p C\u01a1 kh\u00ed ch\u00ednh x\u00e1c & Van c\u00f4ng nghi\u1ec7p to\u00e0n di\u1ec7n cho doanh nghi\u1ec7p c\u1ee7a b\u1ea1n.\",\"email\":\"giacongcokhimog@gmail.com\",\"telephone\":\"090 311 4883\"}]}<\/script>\n<!-- \/ Yoast SEO Premium plugin. -->","yoast_head_json":{"title":"VALTEK MARK ONE - Mog.com.vn","robots":{"index":"index","follow":"follow","max-snippet":"max-snippet:-1","max-image-preview":"max-image-preview:large","max-video-preview":"max-video-preview:-1"},"canonical":"https:\/\/mog.com.vn\/product\/valtek-mark-one\/","og_locale":"vi_VN","og_type":"article","og_title":"VALTEK MARK ONE","og_description":"[:vi]MODEL: Mark One Lo\u1ea1i van\/Valve Type :\u00a0 Globe Control Valve \u0110\u1eb7c \u0111i\u1ec3m \/Special Service : Mark One l\u00e0 d\u00f2ng van c\u00f3 hi\u1ec7u su\u1ea5t v\u01b0\u1ee3t tr\u1ed9i trong qu\u00e1 tr\u00ecnh s\u1eed d\u1ee5ng \u0111\u1ed1i v\u1edbi c\u1ea3 ch\u1ea5t l\u1ecfng v\u00e0 ch\u1ea5t kh\u00ed . Cho ph\u00e9p s\u1eeda ch\u1eefa, thay th\u1ebf, b\u1ea3o tr\u00ec d\u1ec5 d\u00e0ng, nhanh ch\u00f3ng, chi ph\u00ed th\u1ea5p . L\u00e0 d\u00f2ng van s\u1eed d\u1ee5ng actuator d\u1ea1ng xilanh ( spring - cylinder) c\u00f3 \u0111\u1ed9 ch\u00ednh x\u00e1c cao, tin c\u1eady. C\u1ee1 van \/Valve size: 0.5 \" - 48 \" Class: 150 - 2500 V\u1eadt li\u1ec7u th\u00e2n van \/Body material :\u00a0WCC,WCB , 316SS, 316LSS, Cr-Mo WC6;F11, Duplex SS 22% Cr ....[:kr]MODEL: Mark One \ubc38\ube0c \uc885\ub958\/ Valve Type: Globe Control Valve \ud2b9\uc9d5\/ Special Service: Mark One\ub294 \uc561\uccb4\uc640 \uae30\uccb4\ub85c \uc0ac\uc6a9 \uacfc\uc815 \uc911\uc5d0 \uc6b0\uc218\ud55c \ud6c4\uc728\uc774 \uc788\ub294 \ubc38\ube0c\uc774\ub2e4. \uc27d\uace0 \ube60\ub974, \uc800\ub834\ud55c \uc218\ub9ac, \uad50\uccb4, \ubcf4\uc9c0\ub97c \ud5c8\ub77d\ud55c\ub2e4. \uc815\ubc00\ub3c4\uc640 \uc2e0\ub8b0\uc131\uc774 \ub192\uc740 \uc2e4\ub9b0\ub354\ud615 (spring \u2013 cylinder)\uc561\ucd94\uc5d0\uc774\ud130\ub97c \uc0ac\uc6a9\ud558\ub294 \ubc38\ube0c\uc774\ub2e4. \ubc38\ube0c \uc0ac\uc774\uc988\/ Valve size: 0.5\u201d-48\u201d \ud074\ub77c\uc2a4: 150-2500 \ubc38\ube0c \ubc14\ub514 \uc7ac\ub8cc\/Body material: WCC,WCB , 316SS, 316LSS, Cr-Mo WC6;F11, Duplex SS 22% Cr \u2026.[:]","og_url":"https:\/\/mog.com.vn\/product\/valtek-mark-one\/","og_site_name":"Mog.com.vn","article_modified_time":"2025-04-12T17:10:18+00:00","og_image":[{"width":499,"height":498,"url":"https:\/\/mog.com.vn\/wp-content\/uploads\/2025\/04\/picture1-8838.jpg","type":"image\/jpeg"}],"twitter_card":"summary_large_image","schema":{"@context":"https:\/\/schema.org","@graph":[{"@type":"WebPage","@id":"https:\/\/mog.com.vn\/product\/valtek-mark-one\/","url":"https:\/\/mog.com.vn\/product\/valtek-mark-one\/","name":"VALTEK MARK ONE - Mog.com.vn","isPartOf":{"@id":"https:\/\/mog.com.vn\/#website"},"primaryImageOfPage":{"@id":"https:\/\/mog.com.vn\/product\/valtek-mark-one\/#primaryimage"},"image":{"@id":"https:\/\/mog.com.vn\/product\/valtek-mark-one\/#primaryimage"},"thumbnailUrl":"https:\/\/mog.com.vn\/wp-content\/uploads\/2025\/04\/picture1-8838.jpg","datePublished":"2025-04-12T17:10:17+00:00","dateModified":"2025-04-12T17:10:18+00:00","breadcrumb":{"@id":"https:\/\/mog.com.vn\/product\/valtek-mark-one\/#breadcrumb"},"inLanguage":"vi","potentialAction":[{"@type":"ReadAction","target":["https:\/\/mog.com.vn\/product\/valtek-mark-one\/"]}]},{"@type":"ImageObject","inLanguage":"vi","@id":"https:\/\/mog.com.vn\/product\/valtek-mark-one\/#primaryimage","url":"https:\/\/mog.com.vn\/wp-content\/uploads\/2025\/04\/picture1-8838.jpg","contentUrl":"https:\/\/mog.com.vn\/wp-content\/uploads\/2025\/04\/picture1-8838.jpg","width":499,"height":498},{"@type":"BreadcrumbList","@id":"https:\/\/mog.com.vn\/product\/valtek-mark-one\/#breadcrumb","itemListElement":[{"@type":"ListItem","position":1,"name":"Home","item":"https:\/\/mog.com.vn\/"},{"@type":"ListItem","position":2,"name":"Shop","item":"https:\/\/mog.com.vn\/shop\/"},{"@type":"ListItem","position":3,"name":"VALTEK MARK ONE"}]},{"@type":"WebSite","@id":"https:\/\/mog.com.vn\/#website","url":"https:\/\/mog.com.vn\/","name":"Mog.com.vn","description":"FLOW Control Solutions","publisher":{"@id":"https:\/\/mog.com.vn\/#organization"},"potentialAction":[{"@type":"SearchAction","target":{"@type":"EntryPoint","urlTemplate":"https:\/\/mog.com.vn\/?s={search_term_string}"},"query-input":{"@type":"PropertyValueSpecification","valueRequired":true,"valueName":"search_term_string"}}],"inLanguage":"vi"},{"@type":"Organization","@id":"https:\/\/mog.com.vn\/#organization","name":"Mog.com.vn","url":"https:\/\/mog.com.vn\/","logo":{"@type":"ImageObject","inLanguage":"vi","@id":"https:\/\/mog.com.vn\/#\/schema\/logo\/image\/","url":"https:\/\/mog.com.vn\/wp-content\/uploads\/2025\/10\/Logo-MOG.jpg","contentUrl":"https:\/\/mog.com.vn\/wp-content\/uploads\/2025\/10\/Logo-MOG.jpg","width":755,"height":230,"caption":"Mog.com.vn"},"image":{"@id":"https:\/\/mog.com.vn\/#\/schema\/logo\/image\/"},"description":"Gi\u1ea3i ph\u00e1p C\u01a1 kh\u00ed ch\u00ednh x\u00e1c & Van c\u00f4ng nghi\u1ec7p to\u00e0n di\u1ec7n cho doanh nghi\u1ec7p c\u1ee7a b\u1ea1n.","email":"giacongcokhimog@gmail.com","telephone":"090 311 4883"}]}},"_links":{"self":[{"href":"https:\/\/mog.com.vn\/vi\/wp-json\/wp\/v2\/product\/446","targetHints":{"allow":["GET"]}}],"collection":[{"href":"https:\/\/mog.com.vn\/vi\/wp-json\/wp\/v2\/product"}],"about":[{"href":"https:\/\/mog.com.vn\/vi\/wp-json\/wp\/v2\/types\/product"}],"replies":[{"embeddable":true,"href":"https:\/\/mog.com.vn\/vi\/wp-json\/wp\/v2\/comments?post=446"}],"wp:featuredmedia":[{"embeddable":true,"href":"https:\/\/mog.com.vn\/vi\/wp-json\/wp\/v2\/media\/447"}],"wp:attachment":[{"href":"https:\/\/mog.com.vn\/vi\/wp-json\/wp\/v2\/media?parent=446"}],"wp:term":[{"taxonomy":"product_brand","embeddable":true,"href":"https:\/\/mog.com.vn\/vi\/wp-json\/wp\/v2\/product_brand?post=446"},{"taxonomy":"product_cat","embeddable":true,"href":"https:\/\/mog.com.vn\/vi\/wp-json\/wp\/v2\/product_cat?post=446"},{"taxonomy":"product_tag","embeddable":true,"href":"https:\/\/mog.com.vn\/vi\/wp-json\/wp\/v2\/product_tag?post=446"}],"curies":[{"name":"wp","href":"https:\/\/api.w.org\/{rel}","templated":true}]}}