{"id":448,"date":"2025-04-12T17:10:17","date_gmt":"2025-04-12T17:10:17","guid":{"rendered":"https:\/\/mog.com.vn\/renew\/product\/markone\/"},"modified":"2025-06-09T04:13:41","modified_gmt":"2025-06-09T04:13:41","slug":"markone","status":"publish","type":"product","link":"https:\/\/mog.com.vn\/vi\/product\/markone\/","title":{"rendered":"S\u1eeda van Masoneilan 6 inch, #2500 \u2013 C\u00f4ng ty TNHH L\u1ecdc h\u00f3a d\u1ea7u Nghi S\u01a1n"},"content":{"rendered":"<strong>Th\u00f4ng tin<\/strong>:<\/p>\n<p>Van Masoneilan, Class #2500, 6 inches, tr\u1ecdng l\u01b0\u1ee3ng &gt; 1 t\u1ea5n, d\u00f9ng trong \u1ee9ng d\u1ee5ng h\u01a1i cao \u00e1p.<\/p>\n<p><strong>T\u00ecnh tr\u1ea1ng<\/strong>:<\/p>\n<p>B\u1ecb x\u01b0\u1edbc TRIM (Plug and Seat).<\/p>\n<p><img decoding=\"async\" src=\"https:\/\/sval.vn\/wp-content\/uploads\/2022\/11\/Masoneilan-6inch-2500-0-e1641779517115-280x280.jpg\" \/><\/p>\n<p><strong>Th\u1ef1c hi\u1ec7n <\/strong>:<\/p>\n<p>Th\u00e1o van ra ki\u1ec3m tra;<\/p>\n<p>X\u00e1c \u0111\u1ecbnh nguy\u00ean nh\u00e2n g\u00e2y h\u1ecfng h\u00f3c:<\/p>\n<p>D\u1ecb v\u1eadt v\u00e0 s\u1ec9 h\u00e0n r\u01a1i v\u00e0o b\u00ean trong van l\u00e0m x\u01b0\u1edbc TRIM;<\/p>\n<p>Ti\u1ebfn h\u00e0nh h\u00e0n \u0111\u1eafp, l\u00e0m s\u1ea1ch v\u00e0 \u0111\u00e1nh b\u00f3ng b\u1ec1 m\u1eb7t van;<\/p>\n<p>L\u1eafp r\u00e1p v\u00e0 ki\u1ec3m tra theo FCI 70-2.<\/p>\n<p><img loading=\"lazy\" decoding=\"async\" class=\"alignnone wp-image-756\" src=\"https:\/\/sval.vn\/wp-content\/uploads\/2022\/11\/Masoneilan-6inch-2500-3-711x400.jpg\" sizes=\"auto, (max-width: 410px) 100vw, 410px\" srcset=\"https:\/\/sval.vn\/wp-content\/uploads\/2022\/11\/Masoneilan-6inch-2500-3-711x400.jpg 711w, https:\/\/sval.vn\/wp-content\/uploads\/2022\/11\/Masoneilan-6inch-2500-3-768x432.jpg 768w, https:\/\/sval.vn\/wp-content\/uploads\/2022\/11\/Masoneilan-6inch-2500-3-1400x788.jpg 1400w, https:\/\/sval.vn\/wp-content\/uploads\/2022\/11\/Masoneilan-6inch-2500-3-600x338.jpg 600w\" alt=\"\" width=\"378\" height=\"213\" \/><img loading=\"lazy\" decoding=\"async\" class=\"alignnone wp-image-755 \" src=\"https:\/\/sval.vn\/wp-content\/uploads\/2022\/11\/Masoneilan-6inch-2500-2-e1669945319198-241x400.jpg\" sizes=\"auto, (max-width: 241px) 100vw, 241px\" srcset=\"https:\/\/sval.vn\/wp-content\/uploads\/2022\/11\/Masoneilan-6inch-2500-2-e1669945319198-241x400.jpg 241w, https:\/\/sval.vn\/wp-content\/uploads\/2022\/11\/Masoneilan-6inch-2500-2-e1669945319198-768x1272.jpg 768w, https:\/\/sval.vn\/wp-content\/uploads\/2022\/11\/Masoneilan-6inch-2500-2-e1669945319198-483x800.jpg 483w, https:\/\/sval.vn\/wp-content\/uploads\/2022\/11\/Masoneilan-6inch-2500-2-e1669945319198-600x994.jpg 600w, https:\/\/sval.vn\/wp-content\/uploads\/2022\/11\/Masoneilan-6inch-2500-2-e1669945319198.jpg 984w\" alt=\"\" width=\"129\" height=\"214\" \/><img loading=\"lazy\" decoding=\"async\" class=\"alignnone wp-image-822\" src=\"https:\/\/sval.vn\/wp-content\/uploads\/2022\/12\/111-400x400.jpg\" sizes=\"auto, (max-width: 396px) 100vw, 396px\" srcset=\"https:\/\/sval.vn\/wp-content\/uploads\/2022\/12\/111-400x400.jpg 400w, https:\/\/sval.vn\/wp-content\/uploads\/2022\/12\/111-280x280.jpg 280w, https:\/\/sval.vn\/wp-content\/uploads\/2022\/12\/111-768x768.jpg 768w, https:\/\/sval.vn\/wp-content\/uploads\/2022\/12\/111-800x800.jpg 800w, https:\/\/sval.vn\/wp-content\/uploads\/2022\/12\/111-200x200.jpg 200w, https:\/\/sval.vn\/wp-content\/uploads\/2022\/12\/111-600x600.jpg 600w, https:\/\/sval.vn\/wp-content\/uploads\/2022\/12\/111-100x100.jpg 100w, https:\/\/sval.vn\/wp-content\/uploads\/2022\/12\/111.jpg 1053w\" alt=\"\" width=\"396\" height=\"396\" \/><\/p>\n<p><img loading=\"lazy\" decoding=\"async\" class=\"alignnone wp-image-754 size-medium\" src=\"https:\/\/sval.vn\/wp-content\/uploads\/2022\/11\/Masoneilan-6inch-2500-1-e1669945273691-393x400.jpg\" sizes=\"auto, (max-width: 393px) 100vw, 393px\" srcset=\"https:\/\/sval.vn\/wp-content\/uploads\/2022\/11\/Masoneilan-6inch-2500-1-e1669945273691-393x400.jpg 393w, https:\/\/sval.vn\/wp-content\/uploads\/2022\/11\/Masoneilan-6inch-2500-1-e1669945273691-768x782.jpg 768w, https:\/\/sval.vn\/wp-content\/uploads\/2022\/11\/Masoneilan-6inch-2500-1-e1669945273691-785x800.jpg 785w, https:\/\/sval.vn\/wp-content\/uploads\/2022\/11\/Masoneilan-6inch-2500-1-e1669945273691-600x611.jpg 600w, https:\/\/sval.vn\/wp-content\/uploads\/2022\/11\/Masoneilan-6inch-2500-1-e1669945273691.jpg 800w\" alt=\"\" width=\"393\" height=\"400\" \/>","protected":false},"excerpt":{"rendered":"<p>Th\u00f4ng tin: Van Masoneilan, Class #2500, 6 inches, tr\u1ecdng l\u01b0\u1ee3ng &gt; 1 t\u1ea5n, d\u00f9ng trong \u1ee9ng d\u1ee5ng h\u01a1i cao \u00e1p. T\u00ecnh tr\u1ea1ng: B\u1ecb x\u01b0\u1edbc TRIM (Plug and Seat). Th\u1ef1c hi\u1ec7n : Th\u00e1o van ra ki\u1ec3m tra; X\u00e1c \u0111\u1ecbnh nguy\u00ean nh\u00e2n g\u00e2y h\u1ecfng h\u00f3c: D\u1ecb v\u1eadt v\u00e0 s\u1ec9 h\u00e0n r\u01a1i v\u00e0o b\u00ean trong van l\u00e0m x\u01b0\u1edbc [&#8230;]\n","protected":false},"featured_media":449,"comment_status":"closed","ping_status":"closed","template":"","meta":[],"product_brand":[],"product_cat":[45],"product_tag":[75],"class_list":{"0":"post-448","1":"product","2":"type-product","3":"status-publish","4":"has-post-thumbnail","6":"product_cat-valve-repair","7":"product_tag-6-inchesclass-2500svalvan-masoneilan","9":"first","10":"instock","11":"product-type-simple"},"yoast_head":"<!-- This site is optimized with the Yoast SEO Premium plugin v25.9 (Yoast SEO v25.9) - https:\/\/yoast.com\/wordpress\/plugins\/seo\/ -->\n<title>S\u1eeda van Masoneilan 6 inch, #2500 \u2013 C\u00f4ng ty TNHH L\u1ecdc h\u00f3a d\u1ea7u Nghi S\u01a1n - Mog.com.vn<\/title>\n<meta name=\"robots\" content=\"index, follow, max-snippet:-1, max-image-preview:large, max-video-preview:-1\" \/>\n<link rel=\"canonical\" href=\"https:\/\/mog.com.vn\/product\/markone\/\" \/>\n<meta property=\"og:locale\" content=\"vi_VN\" \/>\n<meta property=\"og:type\" content=\"article\" \/>\n<meta property=\"og:title\" content=\"[:en]6-inch Masoneilan Valve (#2500) Repair \u2013 Nghi Son Refining &amp; Petrochemical Co., Ltd[:vi]S\u1eeda van Masoneilan 6 inch, #2500 \u2013 C\u00f4ng ty TNHH L\u1ecdc h\u00f3a d\u1ea7u Nghi S\u01a1n[:kr]6\uc778\uce58, #2500\uc758 \ub9c8\uc18c\ub124\uc774\ub780 \ubc38\ube0c (Masoneilan Valve) \uc218\ub9ac, \uc751\uc774 \uc120 (Nghi S\u01a1n)\uc815\uc720 \uc720\ud55c\ud68c\uc0ac[:]\" \/>\n<meta property=\"og:description\" content=\"Th\u00f4ng tin: Van Masoneilan, Class #2500, 6 inches, tr\u1ecdng l\u01b0\u1ee3ng &gt; 1 t\u1ea5n, d\u00f9ng trong \u1ee9ng d\u1ee5ng h\u01a1i cao \u00e1p. T\u00ecnh tr\u1ea1ng: B\u1ecb x\u01b0\u1edbc TRIM (Plug and Seat). Th\u1ef1c hi\u1ec7n : Th\u00e1o van ra ki\u1ec3m tra; X\u00e1c \u0111\u1ecbnh nguy\u00ean nh\u00e2n g\u00e2y h\u1ecfng h\u00f3c: D\u1ecb v\u1eadt v\u00e0 s\u1ec9 h\u00e0n r\u01a1i v\u00e0o b\u00ean trong van l\u00e0m x\u01b0\u1edbc [...]\" \/>\n<meta property=\"og:url\" content=\"https:\/\/mog.com.vn\/product\/markone\/\" \/>\n<meta property=\"og:site_name\" content=\"Mog.com.vn\" \/>\n<meta property=\"article:modified_time\" content=\"2025-06-09T04:13:41+00:00\" \/>\n<meta property=\"og:image\" content=\"https:\/\/mog.com.vn\/wp-content\/uploads\/2025\/04\/Masoneilan-6inch-2500-0-e1641779517115.jpg\" \/>\n\t<meta property=\"og:image:width\" content=\"1086\" \/>\n\t<meta property=\"og:image:height\" content=\"1930\" \/>\n\t<meta property=\"og:image:type\" content=\"image\/jpeg\" \/>\n<meta name=\"twitter:card\" content=\"summary_large_image\" \/>\n<meta name=\"twitter:label1\" content=\"\u01af\u1edbc t\u00ednh th\u1eddi gian \u0111\u1ecdc\" \/>\n\t<meta name=\"twitter:data1\" content=\"1 ph\u00fat\" \/>\n<script type=\"application\/ld+json\" class=\"yoast-schema-graph\">{\"@context\":\"https:\/\/schema.org\",\"@graph\":[{\"@type\":\"WebPage\",\"@id\":\"https:\/\/mog.com.vn\/product\/markone\/\",\"url\":\"https:\/\/mog.com.vn\/product\/markone\/\",\"name\":\"[:en]6-inch Masoneilan Valve (#2500) Repair \u2013 Nghi Son Refining & Petrochemical Co., Ltd[:vi]S\u1eeda van Masoneilan 6 inch, #2500 \u2013 C\u00f4ng ty TNHH L\u1ecdc h\u00f3a d\u1ea7u Nghi S\u01a1n[:kr]6\uc778\uce58, #2500\uc758 \ub9c8\uc18c\ub124\uc774\ub780 \ubc38\ube0c (Masoneilan Valve) \uc218\ub9ac, \uc751\uc774 \uc120 (Nghi S\u01a1n)\uc815\uc720 \uc720\ud55c\ud68c\uc0ac[:] - Mog.com.vn\",\"isPartOf\":{\"@id\":\"https:\/\/mog.com.vn\/#website\"},\"primaryImageOfPage\":{\"@id\":\"https:\/\/mog.com.vn\/product\/markone\/#primaryimage\"},\"image\":{\"@id\":\"https:\/\/mog.com.vn\/product\/markone\/#primaryimage\"},\"thumbnailUrl\":\"https:\/\/mog.com.vn\/wp-content\/uploads\/2025\/04\/Masoneilan-6inch-2500-0-e1641779517115.jpg\",\"datePublished\":\"2025-04-12T17:10:17+00:00\",\"dateModified\":\"2025-06-09T04:13:41+00:00\",\"breadcrumb\":{\"@id\":\"https:\/\/mog.com.vn\/product\/markone\/#breadcrumb\"},\"inLanguage\":\"vi\",\"potentialAction\":[{\"@type\":\"ReadAction\",\"target\":[\"https:\/\/mog.com.vn\/product\/markone\/\"]}]},{\"@type\":\"ImageObject\",\"inLanguage\":\"vi\",\"@id\":\"https:\/\/mog.com.vn\/product\/markone\/#primaryimage\",\"url\":\"https:\/\/mog.com.vn\/wp-content\/uploads\/2025\/04\/Masoneilan-6inch-2500-0-e1641779517115.jpg\",\"contentUrl\":\"https:\/\/mog.com.vn\/wp-content\/uploads\/2025\/04\/Masoneilan-6inch-2500-0-e1641779517115.jpg\",\"width\":1086,\"height\":1930},{\"@type\":\"BreadcrumbList\",\"@id\":\"https:\/\/mog.com.vn\/product\/markone\/#breadcrumb\",\"itemListElement\":[{\"@type\":\"ListItem\",\"position\":1,\"name\":\"Home\",\"item\":\"https:\/\/mog.com.vn\/\"},{\"@type\":\"ListItem\",\"position\":2,\"name\":\"Shop\",\"item\":\"https:\/\/mog.com.vn\/shop\/\"},{\"@type\":\"ListItem\",\"position\":3,\"name\":\"6-inch Masoneilan Valve (#2500) Repair \u2013 Nghi Son Refining &#038; Petrochemical Co., Ltd\"}]},{\"@type\":\"WebSite\",\"@id\":\"https:\/\/mog.com.vn\/#website\",\"url\":\"https:\/\/mog.com.vn\/\",\"name\":\"Mog.com.vn\",\"description\":\"FLOW Control Solutions\",\"publisher\":{\"@id\":\"https:\/\/mog.com.vn\/#organization\"},\"potentialAction\":[{\"@type\":\"SearchAction\",\"target\":{\"@type\":\"EntryPoint\",\"urlTemplate\":\"https:\/\/mog.com.vn\/?s={search_term_string}\"},\"query-input\":{\"@type\":\"PropertyValueSpecification\",\"valueRequired\":true,\"valueName\":\"search_term_string\"}}],\"inLanguage\":\"vi\"},{\"@type\":\"Organization\",\"@id\":\"https:\/\/mog.com.vn\/#organization\",\"name\":\"Mog.com.vn\",\"url\":\"https:\/\/mog.com.vn\/\",\"logo\":{\"@type\":\"ImageObject\",\"inLanguage\":\"vi\",\"@id\":\"https:\/\/mog.com.vn\/#\/schema\/logo\/image\/\",\"url\":\"https:\/\/mog.com.vn\/wp-content\/uploads\/2025\/10\/Logo-MOG.jpg\",\"contentUrl\":\"https:\/\/mog.com.vn\/wp-content\/uploads\/2025\/10\/Logo-MOG.jpg\",\"width\":755,\"height\":230,\"caption\":\"Mog.com.vn\"},\"image\":{\"@id\":\"https:\/\/mog.com.vn\/#\/schema\/logo\/image\/\"},\"description\":\"Gi\u1ea3i ph\u00e1p C\u01a1 kh\u00ed ch\u00ednh x\u00e1c & Van c\u00f4ng nghi\u1ec7p to\u00e0n di\u1ec7n cho doanh nghi\u1ec7p c\u1ee7a b\u1ea1n.\",\"email\":\"giacongcokhimog@gmail.com\",\"telephone\":\"090 311 4883\"}]}<\/script>\n<!-- \/ Yoast SEO Premium plugin. -->","yoast_head_json":{"title":"[:en]6-inch Masoneilan Valve (#2500) Repair \u2013 Nghi Son Refining & Petrochemical Co., Ltd[:vi]S\u1eeda van Masoneilan 6 inch, #2500 \u2013 C\u00f4ng ty TNHH L\u1ecdc h\u00f3a d\u1ea7u Nghi S\u01a1n[:kr]6\uc778\uce58, #2500\uc758 \ub9c8\uc18c\ub124\uc774\ub780 \ubc38\ube0c (Masoneilan Valve) \uc218\ub9ac, \uc751\uc774 \uc120 (Nghi S\u01a1n)\uc815\uc720 \uc720\ud55c\ud68c\uc0ac[:] - Mog.com.vn","robots":{"index":"index","follow":"follow","max-snippet":"max-snippet:-1","max-image-preview":"max-image-preview:large","max-video-preview":"max-video-preview:-1"},"canonical":"https:\/\/mog.com.vn\/product\/markone\/","og_locale":"vi_VN","og_type":"article","og_title":"[:en]6-inch Masoneilan Valve (#2500) Repair \u2013 Nghi Son Refining & Petrochemical Co., Ltd[:vi]S\u1eeda van Masoneilan 6 inch, #2500 \u2013 C\u00f4ng ty TNHH L\u1ecdc h\u00f3a d\u1ea7u Nghi S\u01a1n[:kr]6\uc778\uce58, #2500\uc758 \ub9c8\uc18c\ub124\uc774\ub780 \ubc38\ube0c (Masoneilan Valve) \uc218\ub9ac, \uc751\uc774 \uc120 (Nghi S\u01a1n)\uc815\uc720 \uc720\ud55c\ud68c\uc0ac[:]","og_description":"Th\u00f4ng tin: Van Masoneilan, Class #2500, 6 inches, tr\u1ecdng l\u01b0\u1ee3ng &gt; 1 t\u1ea5n, d\u00f9ng trong \u1ee9ng d\u1ee5ng h\u01a1i cao \u00e1p. T\u00ecnh tr\u1ea1ng: B\u1ecb x\u01b0\u1edbc TRIM (Plug and Seat). Th\u1ef1c hi\u1ec7n : Th\u00e1o van ra ki\u1ec3m tra; X\u00e1c \u0111\u1ecbnh nguy\u00ean nh\u00e2n g\u00e2y h\u1ecfng h\u00f3c: D\u1ecb v\u1eadt v\u00e0 s\u1ec9 h\u00e0n r\u01a1i v\u00e0o b\u00ean trong van l\u00e0m x\u01b0\u1edbc [...]","og_url":"https:\/\/mog.com.vn\/product\/markone\/","og_site_name":"Mog.com.vn","article_modified_time":"2025-06-09T04:13:41+00:00","og_image":[{"width":1086,"height":1930,"url":"https:\/\/mog.com.vn\/wp-content\/uploads\/2025\/04\/Masoneilan-6inch-2500-0-e1641779517115.jpg","type":"image\/jpeg"}],"twitter_card":"summary_large_image","twitter_misc":{"\u01af\u1edbc t\u00ednh th\u1eddi gian \u0111\u1ecdc":"1 ph\u00fat"},"schema":{"@context":"https:\/\/schema.org","@graph":[{"@type":"WebPage","@id":"https:\/\/mog.com.vn\/product\/markone\/","url":"https:\/\/mog.com.vn\/product\/markone\/","name":"[:en]6-inch Masoneilan Valve (#2500) Repair \u2013 Nghi Son Refining & Petrochemical Co., Ltd[:vi]S\u1eeda van Masoneilan 6 inch, #2500 \u2013 C\u00f4ng ty TNHH L\u1ecdc h\u00f3a d\u1ea7u Nghi S\u01a1n[:kr]6\uc778\uce58, #2500\uc758 \ub9c8\uc18c\ub124\uc774\ub780 \ubc38\ube0c (Masoneilan Valve) \uc218\ub9ac, \uc751\uc774 \uc120 (Nghi S\u01a1n)\uc815\uc720 \uc720\ud55c\ud68c\uc0ac[:] - Mog.com.vn","isPartOf":{"@id":"https:\/\/mog.com.vn\/#website"},"primaryImageOfPage":{"@id":"https:\/\/mog.com.vn\/product\/markone\/#primaryimage"},"image":{"@id":"https:\/\/mog.com.vn\/product\/markone\/#primaryimage"},"thumbnailUrl":"https:\/\/mog.com.vn\/wp-content\/uploads\/2025\/04\/Masoneilan-6inch-2500-0-e1641779517115.jpg","datePublished":"2025-04-12T17:10:17+00:00","dateModified":"2025-06-09T04:13:41+00:00","breadcrumb":{"@id":"https:\/\/mog.com.vn\/product\/markone\/#breadcrumb"},"inLanguage":"vi","potentialAction":[{"@type":"ReadAction","target":["https:\/\/mog.com.vn\/product\/markone\/"]}]},{"@type":"ImageObject","inLanguage":"vi","@id":"https:\/\/mog.com.vn\/product\/markone\/#primaryimage","url":"https:\/\/mog.com.vn\/wp-content\/uploads\/2025\/04\/Masoneilan-6inch-2500-0-e1641779517115.jpg","contentUrl":"https:\/\/mog.com.vn\/wp-content\/uploads\/2025\/04\/Masoneilan-6inch-2500-0-e1641779517115.jpg","width":1086,"height":1930},{"@type":"BreadcrumbList","@id":"https:\/\/mog.com.vn\/product\/markone\/#breadcrumb","itemListElement":[{"@type":"ListItem","position":1,"name":"Home","item":"https:\/\/mog.com.vn\/"},{"@type":"ListItem","position":2,"name":"Shop","item":"https:\/\/mog.com.vn\/shop\/"},{"@type":"ListItem","position":3,"name":"6-inch Masoneilan Valve (#2500) Repair \u2013 Nghi Son Refining &#038; Petrochemical Co., Ltd"}]},{"@type":"WebSite","@id":"https:\/\/mog.com.vn\/#website","url":"https:\/\/mog.com.vn\/","name":"Mog.com.vn","description":"FLOW Control Solutions","publisher":{"@id":"https:\/\/mog.com.vn\/#organization"},"potentialAction":[{"@type":"SearchAction","target":{"@type":"EntryPoint","urlTemplate":"https:\/\/mog.com.vn\/?s={search_term_string}"},"query-input":{"@type":"PropertyValueSpecification","valueRequired":true,"valueName":"search_term_string"}}],"inLanguage":"vi"},{"@type":"Organization","@id":"https:\/\/mog.com.vn\/#organization","name":"Mog.com.vn","url":"https:\/\/mog.com.vn\/","logo":{"@type":"ImageObject","inLanguage":"vi","@id":"https:\/\/mog.com.vn\/#\/schema\/logo\/image\/","url":"https:\/\/mog.com.vn\/wp-content\/uploads\/2025\/10\/Logo-MOG.jpg","contentUrl":"https:\/\/mog.com.vn\/wp-content\/uploads\/2025\/10\/Logo-MOG.jpg","width":755,"height":230,"caption":"Mog.com.vn"},"image":{"@id":"https:\/\/mog.com.vn\/#\/schema\/logo\/image\/"},"description":"Gi\u1ea3i ph\u00e1p C\u01a1 kh\u00ed ch\u00ednh x\u00e1c & Van c\u00f4ng nghi\u1ec7p to\u00e0n di\u1ec7n cho doanh nghi\u1ec7p c\u1ee7a b\u1ea1n.","email":"giacongcokhimog@gmail.com","telephone":"090 311 4883"}]}},"_links":{"self":[{"href":"https:\/\/mog.com.vn\/vi\/wp-json\/wp\/v2\/product\/448","targetHints":{"allow":["GET"]}}],"collection":[{"href":"https:\/\/mog.com.vn\/vi\/wp-json\/wp\/v2\/product"}],"about":[{"href":"https:\/\/mog.com.vn\/vi\/wp-json\/wp\/v2\/types\/product"}],"replies":[{"embeddable":true,"href":"https:\/\/mog.com.vn\/vi\/wp-json\/wp\/v2\/comments?post=448"}],"wp:featuredmedia":[{"embeddable":true,"href":"https:\/\/mog.com.vn\/vi\/wp-json\/wp\/v2\/media\/449"}],"wp:attachment":[{"href":"https:\/\/mog.com.vn\/vi\/wp-json\/wp\/v2\/media?parent=448"}],"wp:term":[{"taxonomy":"product_brand","embeddable":true,"href":"https:\/\/mog.com.vn\/vi\/wp-json\/wp\/v2\/product_brand?post=448"},{"taxonomy":"product_cat","embeddable":true,"href":"https:\/\/mog.com.vn\/vi\/wp-json\/wp\/v2\/product_cat?post=448"},{"taxonomy":"product_tag","embeddable":true,"href":"https:\/\/mog.com.vn\/vi\/wp-json\/wp\/v2\/product_tag?post=448"}],"curies":[{"name":"wp","href":"https:\/\/api.w.org\/{rel}","templated":true}]}}