{"id":456,"date":"2025-04-12T17:10:17","date_gmt":"2025-04-12T17:10:17","guid":{"rendered":"https:\/\/mog.com.vn\/renew\/product\/korean-fisher-%eb%b0%b8%eb%b8%8c-%ec%88%98%eb%a6%ac-%ec%9d%91%ec%9d%b4-%ec%84%a0-nghi-son%ec%a0%95%ec%9c%a0-%ec%9c%a0%ed%95%9c%ed%9a%8c%ec%82%ac\/"},"modified":"2025-06-09T04:06:58","modified_gmt":"2025-06-09T04:06:58","slug":"korean-fisher-%eb%b0%b8%eb%b8%8c-%ec%88%98%eb%a6%ac-%ec%9d%91%ec%9d%b4-%ec%84%a0-nghi-son%ec%a0%95%ec%9c%a0-%ec%9c%a0%ed%95%9c%ed%9a%8c%ec%82%ac","status":"publish","type":"product","link":"https:\/\/mog.com.vn\/vi\/product\/korean-fisher-%eb%b0%b8%eb%b8%8c-%ec%88%98%eb%a6%ac-%ec%9d%91%ec%9d%b4-%ec%84%a0-nghi-son%ec%a0%95%ec%9c%a0-%ec%9c%a0%ed%95%9c%ed%9a%8c%ec%82%ac\/","title":{"rendered":"S\u1eeda van Fisher \u2013 C\u00f4ng ty TNHH L\u1ecdc h\u00f3a d\u1ea7u Nghi S\u01a1n"},"content":{"rendered":"<strong>Th\u00f4ng tin:<\/strong><\/p>\n<p>Van Fisher, Class #150, 24 inches.<\/p>\n<p><strong>T\u00ecnh tr\u1ea1ng:<\/strong><\/p>\n<p>Van \u0111i\u1ec1u khi\u1ec3n b\u1ecb k\u1eb9t v\u00e0 c\u00f3 t\u00ecnh tr\u1ea1ng r\u00f2 r\u1ec9 x\u1ea3y ra, CAGE b\u1ecb tr\u1ea7y x\u01b0\u1edbc g\u00e2y h\u1ecfng plug v\u00e0 l\u00e0m plug b\u1ecb k\u1eb9t.<\/p>\n<p><img loading=\"lazy\" decoding=\"async\" class=\"alignnone size-medium wp-image-844\" src=\"https:\/\/sval.vn\/wp-content\/uploads\/2023\/02\/Screenshot-2023-02-16-221538-304x400.png\" sizes=\"auto, (max-width: 304px) 100vw, 304px\" srcset=\"https:\/\/sval.vn\/wp-content\/uploads\/2023\/02\/Screenshot-2023-02-16-221538-304x400.png 304w, https:\/\/sval.vn\/wp-content\/uploads\/2023\/02\/Screenshot-2023-02-16-221538.png 387w\" alt=\"\" width=\"304\" height=\"400\" \/><img loading=\"lazy\" decoding=\"async\" class=\"alignnone size-full wp-image-847\" src=\"https:\/\/sval.vn\/wp-content\/uploads\/2023\/02\/Screenshot-2023-02-16-221625.png\" alt=\"\" width=\"386\" height=\"285\" \/><\/p>\n<p><img loading=\"lazy\" decoding=\"async\" class=\"alignnone size-full wp-image-843\" src=\"https:\/\/sval.vn\/wp-content\/uploads\/2023\/02\/Screenshot-2023-02-16-221521.png\" alt=\"\" width=\"385\" height=\"291\" \/><img loading=\"lazy\" decoding=\"async\" class=\"alignnone size-full wp-image-848\" src=\"https:\/\/sval.vn\/wp-content\/uploads\/2023\/02\/Screenshot-2023-02-16-221640.png\" alt=\"\" width=\"382\" height=\"286\" \/><\/p>\n<p><strong>Th\u1ef1c hi\u1ec7n:<\/strong><\/p>\n<p>Th\u00e1o van ti\u1ebfn h\u00e0nh ki\u1ec3m tra th\u1ea5y th\u00e2n van c\u00f3 nhi\u1ec1u r\u1ec9 s\u1eaft;<\/p>\n<p>V\u1ec7 sinh l\u1ea1i th\u00e2n van, plug, CAGE v\u00e0 seat;<\/p>\n<p>Gia c\u00f4ng l\u1ea1i b\u1ec1 m\u1eb7t c\u1ee7a v\u00f2ng \u0111\u1ec7m v\u00e0 v\u00f2ng ch\u1eef O bao quanh plug;<\/p>\n<p>L\u1eafp \u0111\u1eb7t l\u1ea1i van v\u00e0 th\u1ef1c hi\u1ec7n ki\u1ec3m tra theo FCI 10-2.","protected":false},"excerpt":{"rendered":"<p>Th\u00f4ng tin: Van Fisher, Class #150, 24 inches. T\u00ecnh tr\u1ea1ng: Van \u0111i\u1ec1u khi\u1ec3n b\u1ecb k\u1eb9t v\u00e0 c\u00f3 t\u00ecnh tr\u1ea1ng r\u00f2 r\u1ec9 x\u1ea3y ra, CAGE b\u1ecb tr\u1ea7y x\u01b0\u1edbc g\u00e2y h\u1ecfng plug v\u00e0 l\u00e0m plug b\u1ecb k\u1eb9t. Th\u1ef1c hi\u1ec7n: Th\u00e1o van ti\u1ebfn h\u00e0nh ki\u1ec3m tra th\u1ea5y th\u00e2n van c\u00f3 nhi\u1ec1u r\u1ec9 s\u1eaft; V\u1ec7 sinh l\u1ea1i th\u00e2n van, [&#8230;]\n","protected":false},"featured_media":457,"comment_status":"closed","ping_status":"closed","template":"","meta":[],"product_brand":[],"product_cat":[45],"product_tag":[79],"class_list":{"0":"post-456","1":"product","2":"type-product","3":"status-publish","4":"has-post-thumbnail","6":"product_cat-valve-repair","7":"product_tag-fisher-24-fishersvalvan-fisher---nghi-son-","9":"first","10":"instock","11":"product-type-simple"},"yoast_head":"<!-- This site is optimized with the Yoast SEO Premium plugin v25.9 (Yoast SEO v25.9) - https:\/\/yoast.com\/wordpress\/plugins\/seo\/ -->\n<title>S\u1eeda van Fisher \u2013 C\u00f4ng ty TNHH L\u1ecdc h\u00f3a d\u1ea7u Nghi S\u01a1n - Mog.com.vn<\/title>\n<meta name=\"robots\" content=\"index, follow, max-snippet:-1, max-image-preview:large, max-video-preview:-1\" \/>\n<link rel=\"canonical\" href=\"https:\/\/mog.com.vn\/product\/korean-fisher-\ubc38\ube0c-\uc218\ub9ac-\uc751\uc774-\uc120-nghi-son\uc815\uc720-\uc720\ud55c\ud68c\uc0ac\/\" \/>\n<meta property=\"og:locale\" content=\"vi_VN\" \/>\n<meta property=\"og:type\" content=\"article\" \/>\n<meta property=\"og:title\" content=\"[:en]Fisher Valve Repair \u2013 Nghi Son Refining &amp; Petrochemical Co., Ltd[:vi]S\u1eeda van Fisher \u2013 C\u00f4ng ty TNHH L\u1ecdc h\u00f3a d\u1ea7u Nghi S\u01a1n[:kr]Fisher \ubc38\ube0c \uc218\ub9ac-\uc751\uc774 \uc120 (Nghi S\u01a1n)\uc815\uc720 \uc720\ud55c\ud68c\uc0ac[:]\" \/>\n<meta property=\"og:description\" content=\"Th\u00f4ng tin: Van Fisher, Class #150, 24 inches. T\u00ecnh tr\u1ea1ng: Van \u0111i\u1ec1u khi\u1ec3n b\u1ecb k\u1eb9t v\u00e0 c\u00f3 t\u00ecnh tr\u1ea1ng r\u00f2 r\u1ec9 x\u1ea3y ra, CAGE b\u1ecb tr\u1ea7y x\u01b0\u1edbc g\u00e2y h\u1ecfng plug v\u00e0 l\u00e0m plug b\u1ecb k\u1eb9t. Th\u1ef1c hi\u1ec7n: Th\u00e1o van ti\u1ebfn h\u00e0nh ki\u1ec3m tra th\u1ea5y th\u00e2n van c\u00f3 nhi\u1ec1u r\u1ec9 s\u1eaft; V\u1ec7 sinh l\u1ea1i th\u00e2n van, [...]\" \/>\n<meta property=\"og:url\" content=\"https:\/\/mog.com.vn\/product\/korean-fisher-\ubc38\ube0c-\uc218\ub9ac-\uc751\uc774-\uc120-nghi-son\uc815\uc720-\uc720\ud55c\ud68c\uc0ac\/\" \/>\n<meta property=\"og:site_name\" content=\"Mog.com.vn\" \/>\n<meta property=\"article:modified_time\" content=\"2025-06-09T04:06:58+00:00\" \/>\n<meta property=\"og:image\" content=\"https:\/\/mog.com.vn\/wp-content\/uploads\/2025\/04\/Screenshot-2023-02-24-111708.png\" \/>\n\t<meta property=\"og:image:width\" content=\"695\" \/>\n\t<meta property=\"og:image:height\" content=\"907\" \/>\n\t<meta property=\"og:image:type\" content=\"image\/png\" \/>\n<meta name=\"twitter:card\" content=\"summary_large_image\" \/>\n<meta name=\"twitter:label1\" content=\"\u01af\u1edbc t\u00ednh th\u1eddi gian \u0111\u1ecdc\" \/>\n\t<meta name=\"twitter:data1\" content=\"1 ph\u00fat\" \/>\n<script type=\"application\/ld+json\" class=\"yoast-schema-graph\">{\"@context\":\"https:\/\/schema.org\",\"@graph\":[{\"@type\":\"WebPage\",\"@id\":\"https:\/\/mog.com.vn\/product\/korean-fisher-%eb%b0%b8%eb%b8%8c-%ec%88%98%eb%a6%ac-%ec%9d%91%ec%9d%b4-%ec%84%a0-nghi-son%ec%a0%95%ec%9c%a0-%ec%9c%a0%ed%95%9c%ed%9a%8c%ec%82%ac\/\",\"url\":\"https:\/\/mog.com.vn\/product\/korean-fisher-%eb%b0%b8%eb%b8%8c-%ec%88%98%eb%a6%ac-%ec%9d%91%ec%9d%b4-%ec%84%a0-nghi-son%ec%a0%95%ec%9c%a0-%ec%9c%a0%ed%95%9c%ed%9a%8c%ec%82%ac\/\",\"name\":\"[:en]Fisher Valve Repair \u2013 Nghi Son Refining & Petrochemical Co., Ltd[:vi]S\u1eeda van Fisher \u2013 C\u00f4ng ty TNHH L\u1ecdc h\u00f3a d\u1ea7u Nghi S\u01a1n[:kr]Fisher \ubc38\ube0c \uc218\ub9ac-\uc751\uc774 \uc120 (Nghi S\u01a1n)\uc815\uc720 \uc720\ud55c\ud68c\uc0ac[:] - Mog.com.vn\",\"isPartOf\":{\"@id\":\"https:\/\/mog.com.vn\/#website\"},\"primaryImageOfPage\":{\"@id\":\"https:\/\/mog.com.vn\/product\/korean-fisher-%eb%b0%b8%eb%b8%8c-%ec%88%98%eb%a6%ac-%ec%9d%91%ec%9d%b4-%ec%84%a0-nghi-son%ec%a0%95%ec%9c%a0-%ec%9c%a0%ed%95%9c%ed%9a%8c%ec%82%ac\/#primaryimage\"},\"image\":{\"@id\":\"https:\/\/mog.com.vn\/product\/korean-fisher-%eb%b0%b8%eb%b8%8c-%ec%88%98%eb%a6%ac-%ec%9d%91%ec%9d%b4-%ec%84%a0-nghi-son%ec%a0%95%ec%9c%a0-%ec%9c%a0%ed%95%9c%ed%9a%8c%ec%82%ac\/#primaryimage\"},\"thumbnailUrl\":\"https:\/\/mog.com.vn\/wp-content\/uploads\/2025\/04\/Screenshot-2023-02-24-111708.png\",\"datePublished\":\"2025-04-12T17:10:17+00:00\",\"dateModified\":\"2025-06-09T04:06:58+00:00\",\"breadcrumb\":{\"@id\":\"https:\/\/mog.com.vn\/product\/korean-fisher-%eb%b0%b8%eb%b8%8c-%ec%88%98%eb%a6%ac-%ec%9d%91%ec%9d%b4-%ec%84%a0-nghi-son%ec%a0%95%ec%9c%a0-%ec%9c%a0%ed%95%9c%ed%9a%8c%ec%82%ac\/#breadcrumb\"},\"inLanguage\":\"vi\",\"potentialAction\":[{\"@type\":\"ReadAction\",\"target\":[\"https:\/\/mog.com.vn\/product\/korean-fisher-%eb%b0%b8%eb%b8%8c-%ec%88%98%eb%a6%ac-%ec%9d%91%ec%9d%b4-%ec%84%a0-nghi-son%ec%a0%95%ec%9c%a0-%ec%9c%a0%ed%95%9c%ed%9a%8c%ec%82%ac\/\"]}]},{\"@type\":\"ImageObject\",\"inLanguage\":\"vi\",\"@id\":\"https:\/\/mog.com.vn\/product\/korean-fisher-%eb%b0%b8%eb%b8%8c-%ec%88%98%eb%a6%ac-%ec%9d%91%ec%9d%b4-%ec%84%a0-nghi-son%ec%a0%95%ec%9c%a0-%ec%9c%a0%ed%95%9c%ed%9a%8c%ec%82%ac\/#primaryimage\",\"url\":\"https:\/\/mog.com.vn\/wp-content\/uploads\/2025\/04\/Screenshot-2023-02-24-111708.png\",\"contentUrl\":\"https:\/\/mog.com.vn\/wp-content\/uploads\/2025\/04\/Screenshot-2023-02-24-111708.png\",\"width\":695,\"height\":907},{\"@type\":\"BreadcrumbList\",\"@id\":\"https:\/\/mog.com.vn\/product\/korean-fisher-%eb%b0%b8%eb%b8%8c-%ec%88%98%eb%a6%ac-%ec%9d%91%ec%9d%b4-%ec%84%a0-nghi-son%ec%a0%95%ec%9c%a0-%ec%9c%a0%ed%95%9c%ed%9a%8c%ec%82%ac\/#breadcrumb\",\"itemListElement\":[{\"@type\":\"ListItem\",\"position\":1,\"name\":\"Home\",\"item\":\"https:\/\/mog.com.vn\/\"},{\"@type\":\"ListItem\",\"position\":2,\"name\":\"Shop\",\"item\":\"https:\/\/mog.com.vn\/shop\/\"},{\"@type\":\"ListItem\",\"position\":3,\"name\":\"Fisher Valve Repair \u2013 Nghi Son Refining &#038; Petrochemical Co., Ltd\"}]},{\"@type\":\"WebSite\",\"@id\":\"https:\/\/mog.com.vn\/#website\",\"url\":\"https:\/\/mog.com.vn\/\",\"name\":\"Mog.com.vn\",\"description\":\"FLOW Control Solutions\",\"publisher\":{\"@id\":\"https:\/\/mog.com.vn\/#organization\"},\"potentialAction\":[{\"@type\":\"SearchAction\",\"target\":{\"@type\":\"EntryPoint\",\"urlTemplate\":\"https:\/\/mog.com.vn\/?s={search_term_string}\"},\"query-input\":{\"@type\":\"PropertyValueSpecification\",\"valueRequired\":true,\"valueName\":\"search_term_string\"}}],\"inLanguage\":\"vi\"},{\"@type\":\"Organization\",\"@id\":\"https:\/\/mog.com.vn\/#organization\",\"name\":\"Mog.com.vn\",\"url\":\"https:\/\/mog.com.vn\/\",\"logo\":{\"@type\":\"ImageObject\",\"inLanguage\":\"vi\",\"@id\":\"https:\/\/mog.com.vn\/#\/schema\/logo\/image\/\",\"url\":\"https:\/\/mog.com.vn\/wp-content\/uploads\/2025\/10\/Logo-MOG.jpg\",\"contentUrl\":\"https:\/\/mog.com.vn\/wp-content\/uploads\/2025\/10\/Logo-MOG.jpg\",\"width\":755,\"height\":230,\"caption\":\"Mog.com.vn\"},\"image\":{\"@id\":\"https:\/\/mog.com.vn\/#\/schema\/logo\/image\/\"},\"description\":\"Gi\u1ea3i ph\u00e1p C\u01a1 kh\u00ed ch\u00ednh x\u00e1c & Van c\u00f4ng nghi\u1ec7p to\u00e0n di\u1ec7n cho doanh nghi\u1ec7p c\u1ee7a b\u1ea1n.\",\"email\":\"giacongcokhimog@gmail.com\",\"telephone\":\"090 311 4883\"}]}<\/script>\n<!-- \/ Yoast SEO Premium plugin. -->","yoast_head_json":{"title":"[:en]Fisher Valve Repair \u2013 Nghi Son Refining & Petrochemical Co., Ltd[:vi]S\u1eeda van Fisher \u2013 C\u00f4ng ty TNHH L\u1ecdc h\u00f3a d\u1ea7u Nghi S\u01a1n[:kr]Fisher \ubc38\ube0c \uc218\ub9ac-\uc751\uc774 \uc120 (Nghi S\u01a1n)\uc815\uc720 \uc720\ud55c\ud68c\uc0ac[:] - Mog.com.vn","robots":{"index":"index","follow":"follow","max-snippet":"max-snippet:-1","max-image-preview":"max-image-preview:large","max-video-preview":"max-video-preview:-1"},"canonical":"https:\/\/mog.com.vn\/product\/korean-fisher-\ubc38\ube0c-\uc218\ub9ac-\uc751\uc774-\uc120-nghi-son\uc815\uc720-\uc720\ud55c\ud68c\uc0ac\/","og_locale":"vi_VN","og_type":"article","og_title":"[:en]Fisher Valve Repair \u2013 Nghi Son Refining & Petrochemical Co., Ltd[:vi]S\u1eeda van Fisher \u2013 C\u00f4ng ty TNHH L\u1ecdc h\u00f3a d\u1ea7u Nghi S\u01a1n[:kr]Fisher \ubc38\ube0c \uc218\ub9ac-\uc751\uc774 \uc120 (Nghi S\u01a1n)\uc815\uc720 \uc720\ud55c\ud68c\uc0ac[:]","og_description":"Th\u00f4ng tin: Van Fisher, Class #150, 24 inches. T\u00ecnh tr\u1ea1ng: Van \u0111i\u1ec1u khi\u1ec3n b\u1ecb k\u1eb9t v\u00e0 c\u00f3 t\u00ecnh tr\u1ea1ng r\u00f2 r\u1ec9 x\u1ea3y ra, CAGE b\u1ecb tr\u1ea7y x\u01b0\u1edbc g\u00e2y h\u1ecfng plug v\u00e0 l\u00e0m plug b\u1ecb k\u1eb9t. Th\u1ef1c hi\u1ec7n: Th\u00e1o van ti\u1ebfn h\u00e0nh ki\u1ec3m tra th\u1ea5y th\u00e2n van c\u00f3 nhi\u1ec1u r\u1ec9 s\u1eaft; V\u1ec7 sinh l\u1ea1i th\u00e2n van, [...]","og_url":"https:\/\/mog.com.vn\/product\/korean-fisher-\ubc38\ube0c-\uc218\ub9ac-\uc751\uc774-\uc120-nghi-son\uc815\uc720-\uc720\ud55c\ud68c\uc0ac\/","og_site_name":"Mog.com.vn","article_modified_time":"2025-06-09T04:06:58+00:00","og_image":[{"width":695,"height":907,"url":"https:\/\/mog.com.vn\/wp-content\/uploads\/2025\/04\/Screenshot-2023-02-24-111708.png","type":"image\/png"}],"twitter_card":"summary_large_image","twitter_misc":{"\u01af\u1edbc t\u00ednh th\u1eddi gian \u0111\u1ecdc":"1 ph\u00fat"},"schema":{"@context":"https:\/\/schema.org","@graph":[{"@type":"WebPage","@id":"https:\/\/mog.com.vn\/product\/korean-fisher-%eb%b0%b8%eb%b8%8c-%ec%88%98%eb%a6%ac-%ec%9d%91%ec%9d%b4-%ec%84%a0-nghi-son%ec%a0%95%ec%9c%a0-%ec%9c%a0%ed%95%9c%ed%9a%8c%ec%82%ac\/","url":"https:\/\/mog.com.vn\/product\/korean-fisher-%eb%b0%b8%eb%b8%8c-%ec%88%98%eb%a6%ac-%ec%9d%91%ec%9d%b4-%ec%84%a0-nghi-son%ec%a0%95%ec%9c%a0-%ec%9c%a0%ed%95%9c%ed%9a%8c%ec%82%ac\/","name":"[:en]Fisher Valve Repair \u2013 Nghi Son Refining & Petrochemical Co., Ltd[:vi]S\u1eeda van Fisher \u2013 C\u00f4ng ty TNHH L\u1ecdc h\u00f3a d\u1ea7u Nghi S\u01a1n[:kr]Fisher \ubc38\ube0c \uc218\ub9ac-\uc751\uc774 \uc120 (Nghi S\u01a1n)\uc815\uc720 \uc720\ud55c\ud68c\uc0ac[:] - Mog.com.vn","isPartOf":{"@id":"https:\/\/mog.com.vn\/#website"},"primaryImageOfPage":{"@id":"https:\/\/mog.com.vn\/product\/korean-fisher-%eb%b0%b8%eb%b8%8c-%ec%88%98%eb%a6%ac-%ec%9d%91%ec%9d%b4-%ec%84%a0-nghi-son%ec%a0%95%ec%9c%a0-%ec%9c%a0%ed%95%9c%ed%9a%8c%ec%82%ac\/#primaryimage"},"image":{"@id":"https:\/\/mog.com.vn\/product\/korean-fisher-%eb%b0%b8%eb%b8%8c-%ec%88%98%eb%a6%ac-%ec%9d%91%ec%9d%b4-%ec%84%a0-nghi-son%ec%a0%95%ec%9c%a0-%ec%9c%a0%ed%95%9c%ed%9a%8c%ec%82%ac\/#primaryimage"},"thumbnailUrl":"https:\/\/mog.com.vn\/wp-content\/uploads\/2025\/04\/Screenshot-2023-02-24-111708.png","datePublished":"2025-04-12T17:10:17+00:00","dateModified":"2025-06-09T04:06:58+00:00","breadcrumb":{"@id":"https:\/\/mog.com.vn\/product\/korean-fisher-%eb%b0%b8%eb%b8%8c-%ec%88%98%eb%a6%ac-%ec%9d%91%ec%9d%b4-%ec%84%a0-nghi-son%ec%a0%95%ec%9c%a0-%ec%9c%a0%ed%95%9c%ed%9a%8c%ec%82%ac\/#breadcrumb"},"inLanguage":"vi","potentialAction":[{"@type":"ReadAction","target":["https:\/\/mog.com.vn\/product\/korean-fisher-%eb%b0%b8%eb%b8%8c-%ec%88%98%eb%a6%ac-%ec%9d%91%ec%9d%b4-%ec%84%a0-nghi-son%ec%a0%95%ec%9c%a0-%ec%9c%a0%ed%95%9c%ed%9a%8c%ec%82%ac\/"]}]},{"@type":"ImageObject","inLanguage":"vi","@id":"https:\/\/mog.com.vn\/product\/korean-fisher-%eb%b0%b8%eb%b8%8c-%ec%88%98%eb%a6%ac-%ec%9d%91%ec%9d%b4-%ec%84%a0-nghi-son%ec%a0%95%ec%9c%a0-%ec%9c%a0%ed%95%9c%ed%9a%8c%ec%82%ac\/#primaryimage","url":"https:\/\/mog.com.vn\/wp-content\/uploads\/2025\/04\/Screenshot-2023-02-24-111708.png","contentUrl":"https:\/\/mog.com.vn\/wp-content\/uploads\/2025\/04\/Screenshot-2023-02-24-111708.png","width":695,"height":907},{"@type":"BreadcrumbList","@id":"https:\/\/mog.com.vn\/product\/korean-fisher-%eb%b0%b8%eb%b8%8c-%ec%88%98%eb%a6%ac-%ec%9d%91%ec%9d%b4-%ec%84%a0-nghi-son%ec%a0%95%ec%9c%a0-%ec%9c%a0%ed%95%9c%ed%9a%8c%ec%82%ac\/#breadcrumb","itemListElement":[{"@type":"ListItem","position":1,"name":"Home","item":"https:\/\/mog.com.vn\/"},{"@type":"ListItem","position":2,"name":"Shop","item":"https:\/\/mog.com.vn\/shop\/"},{"@type":"ListItem","position":3,"name":"Fisher Valve Repair \u2013 Nghi Son Refining &#038; Petrochemical Co., Ltd"}]},{"@type":"WebSite","@id":"https:\/\/mog.com.vn\/#website","url":"https:\/\/mog.com.vn\/","name":"Mog.com.vn","description":"FLOW Control Solutions","publisher":{"@id":"https:\/\/mog.com.vn\/#organization"},"potentialAction":[{"@type":"SearchAction","target":{"@type":"EntryPoint","urlTemplate":"https:\/\/mog.com.vn\/?s={search_term_string}"},"query-input":{"@type":"PropertyValueSpecification","valueRequired":true,"valueName":"search_term_string"}}],"inLanguage":"vi"},{"@type":"Organization","@id":"https:\/\/mog.com.vn\/#organization","name":"Mog.com.vn","url":"https:\/\/mog.com.vn\/","logo":{"@type":"ImageObject","inLanguage":"vi","@id":"https:\/\/mog.com.vn\/#\/schema\/logo\/image\/","url":"https:\/\/mog.com.vn\/wp-content\/uploads\/2025\/10\/Logo-MOG.jpg","contentUrl":"https:\/\/mog.com.vn\/wp-content\/uploads\/2025\/10\/Logo-MOG.jpg","width":755,"height":230,"caption":"Mog.com.vn"},"image":{"@id":"https:\/\/mog.com.vn\/#\/schema\/logo\/image\/"},"description":"Gi\u1ea3i ph\u00e1p C\u01a1 kh\u00ed ch\u00ednh x\u00e1c & Van c\u00f4ng nghi\u1ec7p to\u00e0n di\u1ec7n cho doanh nghi\u1ec7p c\u1ee7a b\u1ea1n.","email":"giacongcokhimog@gmail.com","telephone":"090 311 4883"}]}},"_links":{"self":[{"href":"https:\/\/mog.com.vn\/vi\/wp-json\/wp\/v2\/product\/456","targetHints":{"allow":["GET"]}}],"collection":[{"href":"https:\/\/mog.com.vn\/vi\/wp-json\/wp\/v2\/product"}],"about":[{"href":"https:\/\/mog.com.vn\/vi\/wp-json\/wp\/v2\/types\/product"}],"replies":[{"embeddable":true,"href":"https:\/\/mog.com.vn\/vi\/wp-json\/wp\/v2\/comments?post=456"}],"wp:featuredmedia":[{"embeddable":true,"href":"https:\/\/mog.com.vn\/vi\/wp-json\/wp\/v2\/media\/457"}],"wp:attachment":[{"href":"https:\/\/mog.com.vn\/vi\/wp-json\/wp\/v2\/media?parent=456"}],"wp:term":[{"taxonomy":"product_brand","embeddable":true,"href":"https:\/\/mog.com.vn\/vi\/wp-json\/wp\/v2\/product_brand?post=456"},{"taxonomy":"product_cat","embeddable":true,"href":"https:\/\/mog.com.vn\/vi\/wp-json\/wp\/v2\/product_cat?post=456"},{"taxonomy":"product_tag","embeddable":true,"href":"https:\/\/mog.com.vn\/vi\/wp-json\/wp\/v2\/product_tag?post=456"}],"curies":[{"name":"wp","href":"https:\/\/api.w.org\/{rel}","templated":true}]}}