{"id":464,"date":"2025-04-12T17:10:17","date_gmt":"2025-04-12T17:10:17","guid":{"rendered":"https:\/\/mog.com.vn\/renew\/product\/korean-%eb%b2%84%ed%84%b0%ed%94%8c%eb%9d%bc%ec%9d%b4-%eb%b0%b8%eb%b8%8c-%ec%88%98%eb%a6%ac-%ec%9d%91%ec%9d%b4-%ec%84%a0-nghi-son%ec%a0%95%ec%9c%a0-%ec%9c%a0%ed%95%9c%ed%9a%8c%ec%82%ac\/"},"modified":"2025-06-09T03:56:24","modified_gmt":"2025-06-09T03:56:24","slug":"korean-%eb%b2%84%ed%84%b0%ed%94%8c%eb%9d%bc%ec%9d%b4-%eb%b0%b8%eb%b8%8c-%ec%88%98%eb%a6%ac-%ec%9d%91%ec%9d%b4-%ec%84%a0-nghi-son%ec%a0%95%ec%9c%a0-%ec%9c%a0%ed%95%9c%ed%9a%8c%ec%82%ac","status":"publish","type":"product","link":"https:\/\/mog.com.vn\/vi\/product\/korean-%eb%b2%84%ed%84%b0%ed%94%8c%eb%9d%bc%ec%9d%b4-%eb%b0%b8%eb%b8%8c-%ec%88%98%eb%a6%ac-%ec%9d%91%ec%9d%b4-%ec%84%a0-nghi-son%ec%a0%95%ec%9c%a0-%ec%9c%a0%ed%95%9c%ed%9a%8c%ec%82%ac\/","title":{"rendered":"S\u1eeda van b\u01b0\u1edbm \u2013 C\u00f4ng ty TNHH L\u1ecdc h\u00f3a d\u1ea7u Nghi S\u01a1n"},"content":{"rendered":"<strong>Th\u00f4ng tin:<\/strong><\/p>\n<p>Van b\u01b0\u1edbm Severn Glocon 36 inches.<\/p>\n<p><strong>T\u00ecnh tr\u1ea1ng:<\/strong><\/p>\n<p><img loading=\"lazy\" decoding=\"async\" class=\"alignnone size-medium wp-image-971\" src=\"https:\/\/sval.vn\/wp-content\/uploads\/2023\/03\/IMG_20180521_2010327-min-267x400.jpg\" sizes=\"auto, (max-width: 267px) 100vw, 267px\" srcset=\"https:\/\/sval.vn\/wp-content\/uploads\/2023\/03\/IMG_20180521_2010327-min-267x400.jpg 267w, https:\/\/sval.vn\/wp-content\/uploads\/2023\/03\/IMG_20180521_2010327-min-768x1152.jpg 768w, https:\/\/sval.vn\/wp-content\/uploads\/2023\/03\/IMG_20180521_2010327-min-533x800.jpg 533w, https:\/\/sval.vn\/wp-content\/uploads\/2023\/03\/IMG_20180521_2010327-min-600x900.jpg 600w\" alt=\"\" width=\"267\" height=\"400\" \/><img loading=\"lazy\" decoding=\"async\" class=\"alignnone size-medium wp-image-972\" src=\"https:\/\/sval.vn\/wp-content\/uploads\/2023\/03\/IMG_20180521_2007547-min-267x400.jpg\" sizes=\"auto, (max-width: 267px) 100vw, 267px\" srcset=\"https:\/\/sval.vn\/wp-content\/uploads\/2023\/03\/IMG_20180521_2007547-min-267x400.jpg 267w, https:\/\/sval.vn\/wp-content\/uploads\/2023\/03\/IMG_20180521_2007547-min-768x1152.jpg 768w, https:\/\/sval.vn\/wp-content\/uploads\/2023\/03\/IMG_20180521_2007547-min-533x800.jpg 533w, https:\/\/sval.vn\/wp-content\/uploads\/2023\/03\/IMG_20180521_2007547-min-600x900.jpg 600w\" alt=\"\" width=\"267\" height=\"400\" \/><\/p>\n<p>Do l\u00f2 \u0111\u1ed1t b\u1ecb ng\u01b0\u1ee3c d\u00f2ng kh\u00ed, nhi\u1ec7t \u0111\u1ed9 t\u0103ng v\u1ecdt l\u00ean tr\u00ean 400 \u0111\u1ed9 C g\u00e2y ch\u1ea3y Soft Seat (PTFE) th\u00e2n van r\u1ec9 s\u00e9t.<\/p>\n<p><strong>Th\u1ef1c hi\u1ec7n:<\/strong><\/p>\n<p><img loading=\"lazy\" decoding=\"async\" class=\"alignnone size-medium wp-image-969\" src=\"https:\/\/sval.vn\/wp-content\/uploads\/2023\/03\/IMG_3458-533x400.jpg\" sizes=\"auto, (max-width: 533px) 100vw, 533px\" srcset=\"https:\/\/sval.vn\/wp-content\/uploads\/2023\/03\/IMG_3458-533x400.jpg 533w, https:\/\/sval.vn\/wp-content\/uploads\/2023\/03\/IMG_3458-768x576.jpg 768w, https:\/\/sval.vn\/wp-content\/uploads\/2023\/03\/IMG_3458-1067x800.jpg 1067w, https:\/\/sval.vn\/wp-content\/uploads\/2023\/03\/IMG_3458-600x450.jpg 600w\" alt=\"\" width=\"533\" height=\"400\" \/><\/p>\n<p>Ti\u1ebfn h\u00e0nh th\u00e1o r\u1eddi c\u00e1c b\u1ed9 ph\u1eadn tr\u00ean van;<\/p>\n<p>Gia c\u00f4ng v\u00e0 thay Soft Seat (PTFE) m\u1edbi;<\/p>\n<p>L\u1eafp v\u00e0 test l\u1ea1i van theo API 598.","protected":false},"excerpt":{"rendered":"<p>Th\u00f4ng tin: Van b\u01b0\u1edbm Severn Glocon 36 inches. T\u00ecnh tr\u1ea1ng: Do l\u00f2 \u0111\u1ed1t b\u1ecb ng\u01b0\u1ee3c d\u00f2ng kh\u00ed, nhi\u1ec7t \u0111\u1ed9 t\u0103ng v\u1ecdt l\u00ean tr\u00ean 400 \u0111\u1ed9 C g\u00e2y ch\u1ea3y Soft Seat (PTFE) th\u00e2n van r\u1ec9 s\u00e9t. Th\u1ef1c hi\u1ec7n: Ti\u1ebfn h\u00e0nh th\u00e1o r\u1eddi c\u00e1c b\u1ed9 ph\u1eadn tr\u00ean van; Gia c\u00f4ng v\u00e0 thay Soft Seat (PTFE) m\u1edbi; L\u1eafp [&#8230;]\n","protected":false},"featured_media":465,"comment_status":"closed","ping_status":"closed","template":"","meta":[],"product_brand":[],"product_cat":[45],"product_tag":[83],"class_list":{"0":"post-464","1":"product","2":"type-product","3":"status-publish","4":"has-post-thumbnail","6":"product_cat-valve-repair","7":"product_tag-butterfly-valvejgcsoft-seat--","9":"first","10":"instock","11":"product-type-simple"},"yoast_head":"<!-- This site is optimized with the Yoast SEO Premium plugin v25.9 (Yoast SEO v25.9) - https:\/\/yoast.com\/wordpress\/plugins\/seo\/ -->\n<title>S\u1eeda van b\u01b0\u1edbm \u2013 C\u00f4ng ty TNHH L\u1ecdc h\u00f3a d\u1ea7u Nghi S\u01a1n - Mog.com.vn<\/title>\n<meta name=\"robots\" content=\"index, follow, max-snippet:-1, max-image-preview:large, max-video-preview:-1\" \/>\n<link rel=\"canonical\" href=\"https:\/\/mog.com.vn\/product\/korean-\ubc84\ud130\ud50c\ub77c\uc774-\ubc38\ube0c-\uc218\ub9ac-\uc751\uc774-\uc120-nghi-son\uc815\uc720-\uc720\ud55c\ud68c\uc0ac\/\" \/>\n<meta property=\"og:locale\" content=\"vi_VN\" \/>\n<meta property=\"og:type\" content=\"article\" \/>\n<meta property=\"og:title\" content=\"[:en]Butterfly Valve Repair \u2013 Nghi Son Refining &amp; Petrochemical Co., Ltd[:vi]S\u1eeda van b\u01b0\u1edbm \u2013 C\u00f4ng ty TNHH L\u1ecdc h\u00f3a d\u1ea7u Nghi S\u01a1n[:kr]\ubc84\ud130\ud50c\ub77c\uc774 \ubc38\ube0c \uc218\ub9ac \u2013 \uc751\uc774 \uc120 (Nghi S\u01a1n)\uc815\uc720 \uc720\ud55c\ud68c\uc0ac[:]\" \/>\n<meta property=\"og:description\" content=\"Th\u00f4ng tin: Van b\u01b0\u1edbm Severn Glocon 36 inches. T\u00ecnh tr\u1ea1ng: Do l\u00f2 \u0111\u1ed1t b\u1ecb ng\u01b0\u1ee3c d\u00f2ng kh\u00ed, nhi\u1ec7t \u0111\u1ed9 t\u0103ng v\u1ecdt l\u00ean tr\u00ean 400 \u0111\u1ed9 C g\u00e2y ch\u1ea3y Soft Seat (PTFE) th\u00e2n van r\u1ec9 s\u00e9t. Th\u1ef1c hi\u1ec7n: Ti\u1ebfn h\u00e0nh th\u00e1o r\u1eddi c\u00e1c b\u1ed9 ph\u1eadn tr\u00ean van; Gia c\u00f4ng v\u00e0 thay Soft Seat (PTFE) m\u1edbi; L\u1eafp [...]\" \/>\n<meta property=\"og:url\" content=\"https:\/\/mog.com.vn\/product\/korean-\ubc84\ud130\ud50c\ub77c\uc774-\ubc38\ube0c-\uc218\ub9ac-\uc751\uc774-\uc120-nghi-son\uc815\uc720-\uc720\ud55c\ud68c\uc0ac\/\" \/>\n<meta property=\"og:site_name\" content=\"Mog.com.vn\" \/>\n<meta property=\"article:modified_time\" content=\"2025-06-09T03:56:24+00:00\" \/>\n<meta property=\"og:image\" content=\"https:\/\/mog.com.vn\/wp-content\/uploads\/2025\/04\/IMG_20180521_2006488-min-scaled-1.jpg\" \/>\n\t<meta property=\"og:image:width\" content=\"1707\" \/>\n\t<meta property=\"og:image:height\" content=\"2560\" \/>\n\t<meta property=\"og:image:type\" content=\"image\/jpeg\" \/>\n<meta name=\"twitter:card\" content=\"summary_large_image\" \/>\n<meta name=\"twitter:label1\" content=\"\u01af\u1edbc t\u00ednh th\u1eddi gian \u0111\u1ecdc\" \/>\n\t<meta name=\"twitter:data1\" content=\"1 ph\u00fat\" \/>\n<script type=\"application\/ld+json\" class=\"yoast-schema-graph\">{\"@context\":\"https:\/\/schema.org\",\"@graph\":[{\"@type\":\"WebPage\",\"@id\":\"https:\/\/mog.com.vn\/product\/korean-%eb%b2%84%ed%84%b0%ed%94%8c%eb%9d%bc%ec%9d%b4-%eb%b0%b8%eb%b8%8c-%ec%88%98%eb%a6%ac-%ec%9d%91%ec%9d%b4-%ec%84%a0-nghi-son%ec%a0%95%ec%9c%a0-%ec%9c%a0%ed%95%9c%ed%9a%8c%ec%82%ac\/\",\"url\":\"https:\/\/mog.com.vn\/product\/korean-%eb%b2%84%ed%84%b0%ed%94%8c%eb%9d%bc%ec%9d%b4-%eb%b0%b8%eb%b8%8c-%ec%88%98%eb%a6%ac-%ec%9d%91%ec%9d%b4-%ec%84%a0-nghi-son%ec%a0%95%ec%9c%a0-%ec%9c%a0%ed%95%9c%ed%9a%8c%ec%82%ac\/\",\"name\":\"[:en]Butterfly Valve Repair \u2013 Nghi Son Refining & Petrochemical Co., Ltd[:vi]S\u1eeda van b\u01b0\u1edbm \u2013 C\u00f4ng ty TNHH L\u1ecdc h\u00f3a d\u1ea7u Nghi S\u01a1n[:kr]\ubc84\ud130\ud50c\ub77c\uc774 \ubc38\ube0c \uc218\ub9ac \u2013 \uc751\uc774 \uc120 (Nghi S\u01a1n)\uc815\uc720 \uc720\ud55c\ud68c\uc0ac[:] - Mog.com.vn\",\"isPartOf\":{\"@id\":\"https:\/\/mog.com.vn\/#website\"},\"primaryImageOfPage\":{\"@id\":\"https:\/\/mog.com.vn\/product\/korean-%eb%b2%84%ed%84%b0%ed%94%8c%eb%9d%bc%ec%9d%b4-%eb%b0%b8%eb%b8%8c-%ec%88%98%eb%a6%ac-%ec%9d%91%ec%9d%b4-%ec%84%a0-nghi-son%ec%a0%95%ec%9c%a0-%ec%9c%a0%ed%95%9c%ed%9a%8c%ec%82%ac\/#primaryimage\"},\"image\":{\"@id\":\"https:\/\/mog.com.vn\/product\/korean-%eb%b2%84%ed%84%b0%ed%94%8c%eb%9d%bc%ec%9d%b4-%eb%b0%b8%eb%b8%8c-%ec%88%98%eb%a6%ac-%ec%9d%91%ec%9d%b4-%ec%84%a0-nghi-son%ec%a0%95%ec%9c%a0-%ec%9c%a0%ed%95%9c%ed%9a%8c%ec%82%ac\/#primaryimage\"},\"thumbnailUrl\":\"https:\/\/mog.com.vn\/wp-content\/uploads\/2025\/04\/IMG_20180521_2006488-min-scaled-1.jpg\",\"datePublished\":\"2025-04-12T17:10:17+00:00\",\"dateModified\":\"2025-06-09T03:56:24+00:00\",\"breadcrumb\":{\"@id\":\"https:\/\/mog.com.vn\/product\/korean-%eb%b2%84%ed%84%b0%ed%94%8c%eb%9d%bc%ec%9d%b4-%eb%b0%b8%eb%b8%8c-%ec%88%98%eb%a6%ac-%ec%9d%91%ec%9d%b4-%ec%84%a0-nghi-son%ec%a0%95%ec%9c%a0-%ec%9c%a0%ed%95%9c%ed%9a%8c%ec%82%ac\/#breadcrumb\"},\"inLanguage\":\"vi\",\"potentialAction\":[{\"@type\":\"ReadAction\",\"target\":[\"https:\/\/mog.com.vn\/product\/korean-%eb%b2%84%ed%84%b0%ed%94%8c%eb%9d%bc%ec%9d%b4-%eb%b0%b8%eb%b8%8c-%ec%88%98%eb%a6%ac-%ec%9d%91%ec%9d%b4-%ec%84%a0-nghi-son%ec%a0%95%ec%9c%a0-%ec%9c%a0%ed%95%9c%ed%9a%8c%ec%82%ac\/\"]}]},{\"@type\":\"ImageObject\",\"inLanguage\":\"vi\",\"@id\":\"https:\/\/mog.com.vn\/product\/korean-%eb%b2%84%ed%84%b0%ed%94%8c%eb%9d%bc%ec%9d%b4-%eb%b0%b8%eb%b8%8c-%ec%88%98%eb%a6%ac-%ec%9d%91%ec%9d%b4-%ec%84%a0-nghi-son%ec%a0%95%ec%9c%a0-%ec%9c%a0%ed%95%9c%ed%9a%8c%ec%82%ac\/#primaryimage\",\"url\":\"https:\/\/mog.com.vn\/wp-content\/uploads\/2025\/04\/IMG_20180521_2006488-min-scaled-1.jpg\",\"contentUrl\":\"https:\/\/mog.com.vn\/wp-content\/uploads\/2025\/04\/IMG_20180521_2006488-min-scaled-1.jpg\",\"width\":1707,\"height\":2560},{\"@type\":\"BreadcrumbList\",\"@id\":\"https:\/\/mog.com.vn\/product\/korean-%eb%b2%84%ed%84%b0%ed%94%8c%eb%9d%bc%ec%9d%b4-%eb%b0%b8%eb%b8%8c-%ec%88%98%eb%a6%ac-%ec%9d%91%ec%9d%b4-%ec%84%a0-nghi-son%ec%a0%95%ec%9c%a0-%ec%9c%a0%ed%95%9c%ed%9a%8c%ec%82%ac\/#breadcrumb\",\"itemListElement\":[{\"@type\":\"ListItem\",\"position\":1,\"name\":\"Home\",\"item\":\"https:\/\/mog.com.vn\/\"},{\"@type\":\"ListItem\",\"position\":2,\"name\":\"Shop\",\"item\":\"https:\/\/mog.com.vn\/shop\/\"},{\"@type\":\"ListItem\",\"position\":3,\"name\":\"Butterfly Valve Repair \u2013 Nghi Son Refining &#038; Petrochemical Co., Ltd\"}]},{\"@type\":\"WebSite\",\"@id\":\"https:\/\/mog.com.vn\/#website\",\"url\":\"https:\/\/mog.com.vn\/\",\"name\":\"Mog.com.vn\",\"description\":\"FLOW Control Solutions\",\"publisher\":{\"@id\":\"https:\/\/mog.com.vn\/#organization\"},\"potentialAction\":[{\"@type\":\"SearchAction\",\"target\":{\"@type\":\"EntryPoint\",\"urlTemplate\":\"https:\/\/mog.com.vn\/?s={search_term_string}\"},\"query-input\":{\"@type\":\"PropertyValueSpecification\",\"valueRequired\":true,\"valueName\":\"search_term_string\"}}],\"inLanguage\":\"vi\"},{\"@type\":\"Organization\",\"@id\":\"https:\/\/mog.com.vn\/#organization\",\"name\":\"Mog.com.vn\",\"url\":\"https:\/\/mog.com.vn\/\",\"logo\":{\"@type\":\"ImageObject\",\"inLanguage\":\"vi\",\"@id\":\"https:\/\/mog.com.vn\/#\/schema\/logo\/image\/\",\"url\":\"https:\/\/mog.com.vn\/wp-content\/uploads\/2025\/10\/Logo-MOG.jpg\",\"contentUrl\":\"https:\/\/mog.com.vn\/wp-content\/uploads\/2025\/10\/Logo-MOG.jpg\",\"width\":755,\"height\":230,\"caption\":\"Mog.com.vn\"},\"image\":{\"@id\":\"https:\/\/mog.com.vn\/#\/schema\/logo\/image\/\"},\"description\":\"Gi\u1ea3i ph\u00e1p C\u01a1 kh\u00ed ch\u00ednh x\u00e1c & Van c\u00f4ng nghi\u1ec7p to\u00e0n di\u1ec7n cho doanh nghi\u1ec7p c\u1ee7a b\u1ea1n.\",\"email\":\"giacongcokhimog@gmail.com\",\"telephone\":\"090 311 4883\"}]}<\/script>\n<!-- \/ Yoast SEO Premium plugin. -->","yoast_head_json":{"title":"[:en]Butterfly Valve Repair \u2013 Nghi Son Refining & Petrochemical Co., Ltd[:vi]S\u1eeda van b\u01b0\u1edbm \u2013 C\u00f4ng ty TNHH L\u1ecdc h\u00f3a d\u1ea7u Nghi S\u01a1n[:kr]\ubc84\ud130\ud50c\ub77c\uc774 \ubc38\ube0c \uc218\ub9ac \u2013 \uc751\uc774 \uc120 (Nghi S\u01a1n)\uc815\uc720 \uc720\ud55c\ud68c\uc0ac[:] - Mog.com.vn","robots":{"index":"index","follow":"follow","max-snippet":"max-snippet:-1","max-image-preview":"max-image-preview:large","max-video-preview":"max-video-preview:-1"},"canonical":"https:\/\/mog.com.vn\/product\/korean-\ubc84\ud130\ud50c\ub77c\uc774-\ubc38\ube0c-\uc218\ub9ac-\uc751\uc774-\uc120-nghi-son\uc815\uc720-\uc720\ud55c\ud68c\uc0ac\/","og_locale":"vi_VN","og_type":"article","og_title":"[:en]Butterfly Valve Repair \u2013 Nghi Son Refining & Petrochemical Co., Ltd[:vi]S\u1eeda van b\u01b0\u1edbm \u2013 C\u00f4ng ty TNHH L\u1ecdc h\u00f3a d\u1ea7u Nghi S\u01a1n[:kr]\ubc84\ud130\ud50c\ub77c\uc774 \ubc38\ube0c \uc218\ub9ac \u2013 \uc751\uc774 \uc120 (Nghi S\u01a1n)\uc815\uc720 \uc720\ud55c\ud68c\uc0ac[:]","og_description":"Th\u00f4ng tin: Van b\u01b0\u1edbm Severn Glocon 36 inches. T\u00ecnh tr\u1ea1ng: Do l\u00f2 \u0111\u1ed1t b\u1ecb ng\u01b0\u1ee3c d\u00f2ng kh\u00ed, nhi\u1ec7t \u0111\u1ed9 t\u0103ng v\u1ecdt l\u00ean tr\u00ean 400 \u0111\u1ed9 C g\u00e2y ch\u1ea3y Soft Seat (PTFE) th\u00e2n van r\u1ec9 s\u00e9t. Th\u1ef1c hi\u1ec7n: Ti\u1ebfn h\u00e0nh th\u00e1o r\u1eddi c\u00e1c b\u1ed9 ph\u1eadn tr\u00ean van; Gia c\u00f4ng v\u00e0 thay Soft Seat (PTFE) m\u1edbi; L\u1eafp [...]","og_url":"https:\/\/mog.com.vn\/product\/korean-\ubc84\ud130\ud50c\ub77c\uc774-\ubc38\ube0c-\uc218\ub9ac-\uc751\uc774-\uc120-nghi-son\uc815\uc720-\uc720\ud55c\ud68c\uc0ac\/","og_site_name":"Mog.com.vn","article_modified_time":"2025-06-09T03:56:24+00:00","og_image":[{"width":1707,"height":2560,"url":"https:\/\/mog.com.vn\/wp-content\/uploads\/2025\/04\/IMG_20180521_2006488-min-scaled-1.jpg","type":"image\/jpeg"}],"twitter_card":"summary_large_image","twitter_misc":{"\u01af\u1edbc t\u00ednh th\u1eddi gian \u0111\u1ecdc":"1 ph\u00fat"},"schema":{"@context":"https:\/\/schema.org","@graph":[{"@type":"WebPage","@id":"https:\/\/mog.com.vn\/product\/korean-%eb%b2%84%ed%84%b0%ed%94%8c%eb%9d%bc%ec%9d%b4-%eb%b0%b8%eb%b8%8c-%ec%88%98%eb%a6%ac-%ec%9d%91%ec%9d%b4-%ec%84%a0-nghi-son%ec%a0%95%ec%9c%a0-%ec%9c%a0%ed%95%9c%ed%9a%8c%ec%82%ac\/","url":"https:\/\/mog.com.vn\/product\/korean-%eb%b2%84%ed%84%b0%ed%94%8c%eb%9d%bc%ec%9d%b4-%eb%b0%b8%eb%b8%8c-%ec%88%98%eb%a6%ac-%ec%9d%91%ec%9d%b4-%ec%84%a0-nghi-son%ec%a0%95%ec%9c%a0-%ec%9c%a0%ed%95%9c%ed%9a%8c%ec%82%ac\/","name":"[:en]Butterfly Valve Repair \u2013 Nghi Son Refining & Petrochemical Co., Ltd[:vi]S\u1eeda van b\u01b0\u1edbm \u2013 C\u00f4ng ty TNHH L\u1ecdc h\u00f3a d\u1ea7u Nghi S\u01a1n[:kr]\ubc84\ud130\ud50c\ub77c\uc774 \ubc38\ube0c \uc218\ub9ac \u2013 \uc751\uc774 \uc120 (Nghi S\u01a1n)\uc815\uc720 \uc720\ud55c\ud68c\uc0ac[:] - Mog.com.vn","isPartOf":{"@id":"https:\/\/mog.com.vn\/#website"},"primaryImageOfPage":{"@id":"https:\/\/mog.com.vn\/product\/korean-%eb%b2%84%ed%84%b0%ed%94%8c%eb%9d%bc%ec%9d%b4-%eb%b0%b8%eb%b8%8c-%ec%88%98%eb%a6%ac-%ec%9d%91%ec%9d%b4-%ec%84%a0-nghi-son%ec%a0%95%ec%9c%a0-%ec%9c%a0%ed%95%9c%ed%9a%8c%ec%82%ac\/#primaryimage"},"image":{"@id":"https:\/\/mog.com.vn\/product\/korean-%eb%b2%84%ed%84%b0%ed%94%8c%eb%9d%bc%ec%9d%b4-%eb%b0%b8%eb%b8%8c-%ec%88%98%eb%a6%ac-%ec%9d%91%ec%9d%b4-%ec%84%a0-nghi-son%ec%a0%95%ec%9c%a0-%ec%9c%a0%ed%95%9c%ed%9a%8c%ec%82%ac\/#primaryimage"},"thumbnailUrl":"https:\/\/mog.com.vn\/wp-content\/uploads\/2025\/04\/IMG_20180521_2006488-min-scaled-1.jpg","datePublished":"2025-04-12T17:10:17+00:00","dateModified":"2025-06-09T03:56:24+00:00","breadcrumb":{"@id":"https:\/\/mog.com.vn\/product\/korean-%eb%b2%84%ed%84%b0%ed%94%8c%eb%9d%bc%ec%9d%b4-%eb%b0%b8%eb%b8%8c-%ec%88%98%eb%a6%ac-%ec%9d%91%ec%9d%b4-%ec%84%a0-nghi-son%ec%a0%95%ec%9c%a0-%ec%9c%a0%ed%95%9c%ed%9a%8c%ec%82%ac\/#breadcrumb"},"inLanguage":"vi","potentialAction":[{"@type":"ReadAction","target":["https:\/\/mog.com.vn\/product\/korean-%eb%b2%84%ed%84%b0%ed%94%8c%eb%9d%bc%ec%9d%b4-%eb%b0%b8%eb%b8%8c-%ec%88%98%eb%a6%ac-%ec%9d%91%ec%9d%b4-%ec%84%a0-nghi-son%ec%a0%95%ec%9c%a0-%ec%9c%a0%ed%95%9c%ed%9a%8c%ec%82%ac\/"]}]},{"@type":"ImageObject","inLanguage":"vi","@id":"https:\/\/mog.com.vn\/product\/korean-%eb%b2%84%ed%84%b0%ed%94%8c%eb%9d%bc%ec%9d%b4-%eb%b0%b8%eb%b8%8c-%ec%88%98%eb%a6%ac-%ec%9d%91%ec%9d%b4-%ec%84%a0-nghi-son%ec%a0%95%ec%9c%a0-%ec%9c%a0%ed%95%9c%ed%9a%8c%ec%82%ac\/#primaryimage","url":"https:\/\/mog.com.vn\/wp-content\/uploads\/2025\/04\/IMG_20180521_2006488-min-scaled-1.jpg","contentUrl":"https:\/\/mog.com.vn\/wp-content\/uploads\/2025\/04\/IMG_20180521_2006488-min-scaled-1.jpg","width":1707,"height":2560},{"@type":"BreadcrumbList","@id":"https:\/\/mog.com.vn\/product\/korean-%eb%b2%84%ed%84%b0%ed%94%8c%eb%9d%bc%ec%9d%b4-%eb%b0%b8%eb%b8%8c-%ec%88%98%eb%a6%ac-%ec%9d%91%ec%9d%b4-%ec%84%a0-nghi-son%ec%a0%95%ec%9c%a0-%ec%9c%a0%ed%95%9c%ed%9a%8c%ec%82%ac\/#breadcrumb","itemListElement":[{"@type":"ListItem","position":1,"name":"Home","item":"https:\/\/mog.com.vn\/"},{"@type":"ListItem","position":2,"name":"Shop","item":"https:\/\/mog.com.vn\/shop\/"},{"@type":"ListItem","position":3,"name":"Butterfly Valve Repair \u2013 Nghi Son Refining &#038; Petrochemical Co., Ltd"}]},{"@type":"WebSite","@id":"https:\/\/mog.com.vn\/#website","url":"https:\/\/mog.com.vn\/","name":"Mog.com.vn","description":"FLOW Control Solutions","publisher":{"@id":"https:\/\/mog.com.vn\/#organization"},"potentialAction":[{"@type":"SearchAction","target":{"@type":"EntryPoint","urlTemplate":"https:\/\/mog.com.vn\/?s={search_term_string}"},"query-input":{"@type":"PropertyValueSpecification","valueRequired":true,"valueName":"search_term_string"}}],"inLanguage":"vi"},{"@type":"Organization","@id":"https:\/\/mog.com.vn\/#organization","name":"Mog.com.vn","url":"https:\/\/mog.com.vn\/","logo":{"@type":"ImageObject","inLanguage":"vi","@id":"https:\/\/mog.com.vn\/#\/schema\/logo\/image\/","url":"https:\/\/mog.com.vn\/wp-content\/uploads\/2025\/10\/Logo-MOG.jpg","contentUrl":"https:\/\/mog.com.vn\/wp-content\/uploads\/2025\/10\/Logo-MOG.jpg","width":755,"height":230,"caption":"Mog.com.vn"},"image":{"@id":"https:\/\/mog.com.vn\/#\/schema\/logo\/image\/"},"description":"Gi\u1ea3i ph\u00e1p C\u01a1 kh\u00ed ch\u00ednh x\u00e1c & Van c\u00f4ng nghi\u1ec7p to\u00e0n di\u1ec7n cho doanh nghi\u1ec7p c\u1ee7a b\u1ea1n.","email":"giacongcokhimog@gmail.com","telephone":"090 311 4883"}]}},"_links":{"self":[{"href":"https:\/\/mog.com.vn\/vi\/wp-json\/wp\/v2\/product\/464","targetHints":{"allow":["GET"]}}],"collection":[{"href":"https:\/\/mog.com.vn\/vi\/wp-json\/wp\/v2\/product"}],"about":[{"href":"https:\/\/mog.com.vn\/vi\/wp-json\/wp\/v2\/types\/product"}],"replies":[{"embeddable":true,"href":"https:\/\/mog.com.vn\/vi\/wp-json\/wp\/v2\/comments?post=464"}],"wp:featuredmedia":[{"embeddable":true,"href":"https:\/\/mog.com.vn\/vi\/wp-json\/wp\/v2\/media\/465"}],"wp:attachment":[{"href":"https:\/\/mog.com.vn\/vi\/wp-json\/wp\/v2\/media?parent=464"}],"wp:term":[{"taxonomy":"product_brand","embeddable":true,"href":"https:\/\/mog.com.vn\/vi\/wp-json\/wp\/v2\/product_brand?post=464"},{"taxonomy":"product_cat","embeddable":true,"href":"https:\/\/mog.com.vn\/vi\/wp-json\/wp\/v2\/product_cat?post=464"},{"taxonomy":"product_tag","embeddable":true,"href":"https:\/\/mog.com.vn\/vi\/wp-json\/wp\/v2\/product_tag?post=464"}],"curies":[{"name":"wp","href":"https:\/\/api.w.org\/{rel}","templated":true}]}}