{"id":466,"date":"2025-04-12T17:10:17","date_gmt":"2025-04-12T17:10:17","guid":{"rendered":"https:\/\/mog.com.vn\/renew\/product\/korean-kammer-%ec%8b%9d%ed%92%88-%eb%b0%b8%eb%b8%8c-%ec%88%98%eb%a6%ac-aje-vietnam\/"},"modified":"2025-04-12T17:10:26","modified_gmt":"2025-04-12T17:10:26","slug":"korean-kammer-%ec%8b%9d%ed%92%88-%eb%b0%b8%eb%b8%8c-%ec%88%98%eb%a6%ac-aje-vietnam","status":"publish","type":"product","link":"https:\/\/mog.com.vn\/vi\/product\/korean-kammer-%ec%8b%9d%ed%92%88-%eb%b0%b8%eb%b8%8c-%ec%88%98%eb%a6%ac-aje-vietnam\/","title":{"rendered":"S\u1eeda l\u00f4 van th\u1ef1c ph\u1ea9m Kammer \u2013 AJE Vietnam"},"content":{"rendered":"&nbsp;<\/p>\n<p><strong>Th\u00f4ng tin<\/strong>:<\/p>\n<p>L\u00f4 van th\u1ef1c ph\u1ea9m (Hygienic Control Valve) Flowserve Kammer, s\u1eed d\u1ee5ng b\u1ed9 \u0111\u1ecbnh v\u1ecb \u0111i\u1ec7n\/kh\u00ed (E\/P positioner).<\/p>\n<p><strong>T\u00ecnh tr\u1ea1ng<\/strong>:<\/p>\n<p>1 van b\u1ecb hunting, 2 van kh\u00f4ng ho\u1ea1t \u0111\u1ed9ng khi c\u00f3 t\u00edn hi\u1ec7u 4-20mA.<\/p>\n<p><strong>SVAL th\u1ef1c hi\u1ec7n:<\/strong><\/p>\n<ul>\n<li>Th\u00e1o r\u1eddi van \u0111\u1ec3 ki\u1ec3m tra;<\/li>\n<li>B\u00ean trong b\u1ed9 \u0111\u1ecbnh v\u1ecb c\u00f3 nhi\u1ec1u d\u1ea7u b\u00f4i tr\u01a1n, 2 van b\u1ecb l\u1ed7i b\u1ed9 ph\u1eadn \u0111i\u1ec7n t\u1eed E\/P;<\/li>\n<li>M\u1ed9t van b\u1ecb n\u1ee9t m\u00e0ng trong actuator, d\u1eabn \u0111\u1ebfn kh\u00f4ng \u0111i\u1ec1u khi\u1ec3n \u0111\u01b0\u1ee3c;<\/li>\n<\/ul>\n<p><img loading=\"lazy\" decoding=\"async\" class=\"alignnone size-medium wp-image-743\" src=\"https:\/\/sval.vn\/wp-content\/uploads\/2022\/11\/Screenshot_20221125_100717-352x400.png\" sizes=\"auto, (max-width: 352px) 100vw, 352px\" srcset=\"https:\/\/sval.vn\/wp-content\/uploads\/2022\/11\/Screenshot_20221125_100717-352x400.png 352w, https:\/\/sval.vn\/wp-content\/uploads\/2022\/11\/Screenshot_20221125_100717.png 529w\" alt=\"\" width=\"352\" height=\"400\" \/><img loading=\"lazy\" decoding=\"async\" class=\"alignnone size-full wp-image-742\" src=\"https:\/\/sval.vn\/wp-content\/uploads\/2022\/11\/Screenshot_20221125_100550.png\" alt=\"\" width=\"447\" height=\"221\" \/><\/p>\n<ul>\n<li>Thay m\u00e0ng m\u1edbi cho c\u1ea3 l\u00f4 van;<\/li>\n<li>Th\u00e1o r\u1eddi b\u1ed9 \u0111\u1ecbnh v\u1ecb E\/P, thay 2 b\u1ed9 \u0111i\u1ec7n t\u1eed E\/P v\u00e0 l\u00e0m v\u1ec7 sinh c\u00e1c b\u1ed9 ph\u1eadn b\u1ecb d\u00ednh d\u1ea7u;<\/li>\n<li>L\u1eafp l\u1ea1i ho\u00e0n ch\u1ec9nh v\u00e0 test (hydro test, seat leak test, function test\u2026.);<\/li>\n<\/ul>\n<p><img loading=\"lazy\" decoding=\"async\" class=\"alignnone size-medium wp-image-738\" src=\"https:\/\/sval.vn\/wp-content\/uploads\/2022\/11\/z3853204324592_b224d9cefa0ed3569b85a86e71d70531-225x400.jpg\" sizes=\"auto, (max-width: 225px) 100vw, 225px\" srcset=\"https:\/\/sval.vn\/wp-content\/uploads\/2022\/11\/z3853204324592_b224d9cefa0ed3569b85a86e71d70531-225x400.jpg 225w, https:\/\/sval.vn\/wp-content\/uploads\/2022\/11\/z3853204324592_b224d9cefa0ed3569b85a86e71d70531-768x1365.jpg 768w, https:\/\/sval.vn\/wp-content\/uploads\/2022\/11\/z3853204324592_b224d9cefa0ed3569b85a86e71d70531-450x800.jpg 450w, https:\/\/sval.vn\/wp-content\/uploads\/2022\/11\/z3853204324592_b224d9cefa0ed3569b85a86e71d70531-600x1067.jpg 600w\" alt=\"\" width=\"225\" height=\"400\" \/><img loading=\"lazy\" decoding=\"async\" class=\"alignnone size-medium wp-image-737\" src=\"https:\/\/sval.vn\/wp-content\/uploads\/2022\/11\/z3853204317936_10246ad17e9de656429db956183af967-225x400.jpg\" sizes=\"auto, (max-width: 225px) 100vw, 225px\" srcset=\"https:\/\/sval.vn\/wp-content\/uploads\/2022\/11\/z3853204317936_10246ad17e9de656429db956183af967-225x400.jpg 225w, https:\/\/sval.vn\/wp-content\/uploads\/2022\/11\/z3853204317936_10246ad17e9de656429db956183af967-768x1365.jpg 768w, https:\/\/sval.vn\/wp-content\/uploads\/2022\/11\/z3853204317936_10246ad17e9de656429db956183af967-450x800.jpg 450w, https:\/\/sval.vn\/wp-content\/uploads\/2022\/11\/z3853204317936_10246ad17e9de656429db956183af967-600x1067.jpg 600w\" alt=\"\" width=\"225\" height=\"400\" \/><\/p>\n<ul>\n<li>\u0110\u00f3ng g\u00f3i v\u00e0 g\u1eedi s\u1ea3n ph\u1ea9m \u0111\u00e3 s\u1eeda ch\u1eefa cho kh\u00e1ch h\u00e0ng;<\/li>\n<\/ul>\n<p><img loading=\"lazy\" decoding=\"async\" class=\"alignnone size-medium wp-image-729\" src=\"https:\/\/sval.vn\/wp-content\/uploads\/2022\/11\/z3853197758305_39e09da9363a71926a89fd4e76da8da5-711x400.jpg\" sizes=\"auto, (max-width: 711px) 100vw, 711px\" srcset=\"https:\/\/sval.vn\/wp-content\/uploads\/2022\/11\/z3853197758305_39e09da9363a71926a89fd4e76da8da5-711x400.jpg 711w, https:\/\/sval.vn\/wp-content\/uploads\/2022\/11\/z3853197758305_39e09da9363a71926a89fd4e76da8da5-768x432.jpg 768w, https:\/\/sval.vn\/wp-content\/uploads\/2022\/11\/z3853197758305_39e09da9363a71926a89fd4e76da8da5-1400x788.jpg 1400w, https:\/\/sval.vn\/wp-content\/uploads\/2022\/11\/z3853197758305_39e09da9363a71926a89fd4e76da8da5-600x338.jpg 600w\" alt=\"\" width=\"711\" height=\"400\" \/><img loading=\"lazy\" decoding=\"async\" class=\"alignnone size-medium wp-image-739\" src=\"https:\/\/sval.vn\/wp-content\/uploads\/2022\/11\/z3853204344625_384c2e47ce05f80c869282d537b29fc9-711x400.jpg\" sizes=\"auto, (max-width: 711px) 100vw, 711px\" srcset=\"https:\/\/sval.vn\/wp-content\/uploads\/2022\/11\/z3853204344625_384c2e47ce05f80c869282d537b29fc9-711x400.jpg 711w, https:\/\/sval.vn\/wp-content\/uploads\/2022\/11\/z3853204344625_384c2e47ce05f80c869282d537b29fc9-768x432.jpg 768w, https:\/\/sval.vn\/wp-content\/uploads\/2022\/11\/z3853204344625_384c2e47ce05f80c869282d537b29fc9-1400x788.jpg 1400w, https:\/\/sval.vn\/wp-content\/uploads\/2022\/11\/z3853204344625_384c2e47ce05f80c869282d537b29fc9-600x338.jpg 600w\" alt=\"\" width=\"711\" height=\"400\" \/>","protected":false},"excerpt":{"rendered":"<p>&nbsp; Th\u00f4ng tin: L\u00f4 van th\u1ef1c ph\u1ea9m (Hygienic Control Valve) Flowserve Kammer, s\u1eed d\u1ee5ng b\u1ed9 \u0111\u1ecbnh v\u1ecb \u0111i\u1ec7n\/kh\u00ed (E\/P positioner). T\u00ecnh tr\u1ea1ng: 1 van b\u1ecb hunting, 2 van kh\u00f4ng ho\u1ea1t \u0111\u1ed9ng khi c\u00f3 t\u00edn hi\u1ec7u 4-20mA. SVAL th\u1ef1c hi\u1ec7n: Th\u00e1o r\u1eddi van \u0111\u1ec3 ki\u1ec3m tra; B\u00ean trong b\u1ed9 \u0111\u1ecbnh v\u1ecb c\u00f3 nhi\u1ec1u d\u1ea7u b\u00f4i tr\u01a1n, [&#8230;]\n","protected":false},"featured_media":467,"comment_status":"closed","ping_status":"open","template":"","meta":[],"product_brand":[],"product_cat":[140],"product_tag":[84],"class_list":{"0":"post-466","1":"product","2":"type-product","3":"status-publish","4":"has-post-thumbnail","6":"product_cat-ve-chung-toi","7":"product_tag-aje-vietnamkammersval-","9":"first","10":"instock","11":"product-type-simple"},"yoast_head":"<!-- This site is optimized with the Yoast SEO Premium plugin v25.9 (Yoast SEO v25.9) - https:\/\/yoast.com\/wordpress\/plugins\/seo\/ -->\n<title>S\u1eeda l\u00f4 van th\u1ef1c ph\u1ea9m Kammer \u2013 AJE Vietnam - Mog.com.vn<\/title>\n<meta name=\"robots\" content=\"index, follow, max-snippet:-1, max-image-preview:large, max-video-preview:-1\" \/>\n<link rel=\"canonical\" href=\"https:\/\/mog.com.vn\/product\/korean-kammer-\uc2dd\ud488-\ubc38\ube0c-\uc218\ub9ac-aje-vietnam\/\" \/>\n<meta property=\"og:locale\" content=\"vi_VN\" \/>\n<meta property=\"og:type\" content=\"article\" \/>\n<meta property=\"og:title\" content=\"[:vi]S\u1eeda l\u00f4 van th\u1ef1c ph\u1ea9m Kammer \u2013 AJE Vietnam[:kr]Kammer \uc2dd\ud488 \ubc38\ube0c \uc218\ub9ac \u2013 AJE Vietnam[:]\" \/>\n<meta property=\"og:description\" content=\"&nbsp; Th\u00f4ng tin: L\u00f4 van th\u1ef1c ph\u1ea9m (Hygienic Control Valve) Flowserve Kammer, s\u1eed d\u1ee5ng b\u1ed9 \u0111\u1ecbnh v\u1ecb \u0111i\u1ec7n\/kh\u00ed (E\/P positioner). T\u00ecnh tr\u1ea1ng: 1 van b\u1ecb hunting, 2 van kh\u00f4ng ho\u1ea1t \u0111\u1ed9ng khi c\u00f3 t\u00edn hi\u1ec7u 4-20mA. SVAL th\u1ef1c hi\u1ec7n: Th\u00e1o r\u1eddi van \u0111\u1ec3 ki\u1ec3m tra; B\u00ean trong b\u1ed9 \u0111\u1ecbnh v\u1ecb c\u00f3 nhi\u1ec1u d\u1ea7u b\u00f4i tr\u01a1n, [...]\" \/>\n<meta property=\"og:url\" content=\"https:\/\/mog.com.vn\/product\/korean-kammer-\uc2dd\ud488-\ubc38\ube0c-\uc218\ub9ac-aje-vietnam\/\" \/>\n<meta property=\"og:site_name\" content=\"Mog.com.vn\" \/>\n<meta property=\"article:modified_time\" content=\"2025-04-12T17:10:26+00:00\" \/>\n<meta property=\"og:image\" content=\"https:\/\/mog.com.vn\/wp-content\/uploads\/2025\/04\/Ball-valve.png\" \/>\n\t<meta property=\"og:image:width\" content=\"696\" \/>\n\t<meta property=\"og:image:height\" content=\"630\" \/>\n\t<meta property=\"og:image:type\" content=\"image\/png\" \/>\n<meta name=\"twitter:card\" content=\"summary_large_image\" \/>\n<meta name=\"twitter:label1\" content=\"\u01af\u1edbc t\u00ednh th\u1eddi gian \u0111\u1ecdc\" \/>\n\t<meta name=\"twitter:data1\" content=\"1 ph\u00fat\" \/>\n<script type=\"application\/ld+json\" class=\"yoast-schema-graph\">{\"@context\":\"https:\/\/schema.org\",\"@graph\":[{\"@type\":\"WebPage\",\"@id\":\"https:\/\/mog.com.vn\/product\/korean-kammer-%ec%8b%9d%ed%92%88-%eb%b0%b8%eb%b8%8c-%ec%88%98%eb%a6%ac-aje-vietnam\/\",\"url\":\"https:\/\/mog.com.vn\/product\/korean-kammer-%ec%8b%9d%ed%92%88-%eb%b0%b8%eb%b8%8c-%ec%88%98%eb%a6%ac-aje-vietnam\/\",\"name\":\"[:vi]S\u1eeda l\u00f4 van th\u1ef1c ph\u1ea9m Kammer \u2013 AJE Vietnam[:kr]Kammer \uc2dd\ud488 \ubc38\ube0c \uc218\ub9ac \u2013 AJE Vietnam[:] - Mog.com.vn\",\"isPartOf\":{\"@id\":\"https:\/\/mog.com.vn\/#website\"},\"primaryImageOfPage\":{\"@id\":\"https:\/\/mog.com.vn\/product\/korean-kammer-%ec%8b%9d%ed%92%88-%eb%b0%b8%eb%b8%8c-%ec%88%98%eb%a6%ac-aje-vietnam\/#primaryimage\"},\"image\":{\"@id\":\"https:\/\/mog.com.vn\/product\/korean-kammer-%ec%8b%9d%ed%92%88-%eb%b0%b8%eb%b8%8c-%ec%88%98%eb%a6%ac-aje-vietnam\/#primaryimage\"},\"thumbnailUrl\":\"https:\/\/mog.com.vn\/wp-content\/uploads\/2025\/04\/Ball-valve.png\",\"datePublished\":\"2025-04-12T17:10:17+00:00\",\"dateModified\":\"2025-04-12T17:10:26+00:00\",\"breadcrumb\":{\"@id\":\"https:\/\/mog.com.vn\/product\/korean-kammer-%ec%8b%9d%ed%92%88-%eb%b0%b8%eb%b8%8c-%ec%88%98%eb%a6%ac-aje-vietnam\/#breadcrumb\"},\"inLanguage\":\"vi\",\"potentialAction\":[{\"@type\":\"ReadAction\",\"target\":[\"https:\/\/mog.com.vn\/product\/korean-kammer-%ec%8b%9d%ed%92%88-%eb%b0%b8%eb%b8%8c-%ec%88%98%eb%a6%ac-aje-vietnam\/\"]}]},{\"@type\":\"ImageObject\",\"inLanguage\":\"vi\",\"@id\":\"https:\/\/mog.com.vn\/product\/korean-kammer-%ec%8b%9d%ed%92%88-%eb%b0%b8%eb%b8%8c-%ec%88%98%eb%a6%ac-aje-vietnam\/#primaryimage\",\"url\":\"https:\/\/mog.com.vn\/wp-content\/uploads\/2025\/04\/Ball-valve.png\",\"contentUrl\":\"https:\/\/mog.com.vn\/wp-content\/uploads\/2025\/04\/Ball-valve.png\",\"width\":696,\"height\":630},{\"@type\":\"BreadcrumbList\",\"@id\":\"https:\/\/mog.com.vn\/product\/korean-kammer-%ec%8b%9d%ed%92%88-%eb%b0%b8%eb%b8%8c-%ec%88%98%eb%a6%ac-aje-vietnam\/#breadcrumb\",\"itemListElement\":[{\"@type\":\"ListItem\",\"position\":1,\"name\":\"Home\",\"item\":\"https:\/\/mog.com.vn\/\"},{\"@type\":\"ListItem\",\"position\":2,\"name\":\"Shop\",\"item\":\"https:\/\/mog.com.vn\/shop\/\"},{\"@type\":\"ListItem\",\"position\":3,\"name\":\"(Ti\u1ebfng Vi\u1ec7t) S\u1eeda l\u00f4 van th\u1ef1c ph\u1ea9m Kammer \u2013 AJE Vietnam\"}]},{\"@type\":\"WebSite\",\"@id\":\"https:\/\/mog.com.vn\/#website\",\"url\":\"https:\/\/mog.com.vn\/\",\"name\":\"Mog.com.vn\",\"description\":\"FLOW Control Solutions\",\"publisher\":{\"@id\":\"https:\/\/mog.com.vn\/#organization\"},\"potentialAction\":[{\"@type\":\"SearchAction\",\"target\":{\"@type\":\"EntryPoint\",\"urlTemplate\":\"https:\/\/mog.com.vn\/?s={search_term_string}\"},\"query-input\":{\"@type\":\"PropertyValueSpecification\",\"valueRequired\":true,\"valueName\":\"search_term_string\"}}],\"inLanguage\":\"vi\"},{\"@type\":\"Organization\",\"@id\":\"https:\/\/mog.com.vn\/#organization\",\"name\":\"Mog.com.vn\",\"url\":\"https:\/\/mog.com.vn\/\",\"logo\":{\"@type\":\"ImageObject\",\"inLanguage\":\"vi\",\"@id\":\"https:\/\/mog.com.vn\/#\/schema\/logo\/image\/\",\"url\":\"https:\/\/mog.com.vn\/wp-content\/uploads\/2025\/10\/Logo-MOG.jpg\",\"contentUrl\":\"https:\/\/mog.com.vn\/wp-content\/uploads\/2025\/10\/Logo-MOG.jpg\",\"width\":755,\"height\":230,\"caption\":\"Mog.com.vn\"},\"image\":{\"@id\":\"https:\/\/mog.com.vn\/#\/schema\/logo\/image\/\"},\"description\":\"Gi\u1ea3i ph\u00e1p C\u01a1 kh\u00ed ch\u00ednh x\u00e1c & Van c\u00f4ng nghi\u1ec7p to\u00e0n di\u1ec7n cho doanh nghi\u1ec7p c\u1ee7a b\u1ea1n.\",\"email\":\"giacongcokhimog@gmail.com\",\"telephone\":\"090 311 4883\"}]}<\/script>\n<!-- \/ Yoast SEO Premium plugin. -->","yoast_head_json":{"title":"[:vi]S\u1eeda l\u00f4 van th\u1ef1c ph\u1ea9m Kammer \u2013 AJE Vietnam[:kr]Kammer \uc2dd\ud488 \ubc38\ube0c \uc218\ub9ac \u2013 AJE Vietnam[:] - Mog.com.vn","robots":{"index":"index","follow":"follow","max-snippet":"max-snippet:-1","max-image-preview":"max-image-preview:large","max-video-preview":"max-video-preview:-1"},"canonical":"https:\/\/mog.com.vn\/product\/korean-kammer-\uc2dd\ud488-\ubc38\ube0c-\uc218\ub9ac-aje-vietnam\/","og_locale":"vi_VN","og_type":"article","og_title":"[:vi]S\u1eeda l\u00f4 van th\u1ef1c ph\u1ea9m Kammer \u2013 AJE Vietnam[:kr]Kammer \uc2dd\ud488 \ubc38\ube0c \uc218\ub9ac \u2013 AJE Vietnam[:]","og_description":"&nbsp; Th\u00f4ng tin: L\u00f4 van th\u1ef1c ph\u1ea9m (Hygienic Control Valve) Flowserve Kammer, s\u1eed d\u1ee5ng b\u1ed9 \u0111\u1ecbnh v\u1ecb \u0111i\u1ec7n\/kh\u00ed (E\/P positioner). T\u00ecnh tr\u1ea1ng: 1 van b\u1ecb hunting, 2 van kh\u00f4ng ho\u1ea1t \u0111\u1ed9ng khi c\u00f3 t\u00edn hi\u1ec7u 4-20mA. SVAL th\u1ef1c hi\u1ec7n: Th\u00e1o r\u1eddi van \u0111\u1ec3 ki\u1ec3m tra; B\u00ean trong b\u1ed9 \u0111\u1ecbnh v\u1ecb c\u00f3 nhi\u1ec1u d\u1ea7u b\u00f4i tr\u01a1n, [...]","og_url":"https:\/\/mog.com.vn\/product\/korean-kammer-\uc2dd\ud488-\ubc38\ube0c-\uc218\ub9ac-aje-vietnam\/","og_site_name":"Mog.com.vn","article_modified_time":"2025-04-12T17:10:26+00:00","og_image":[{"width":696,"height":630,"url":"https:\/\/mog.com.vn\/wp-content\/uploads\/2025\/04\/Ball-valve.png","type":"image\/png"}],"twitter_card":"summary_large_image","twitter_misc":{"\u01af\u1edbc t\u00ednh th\u1eddi gian \u0111\u1ecdc":"1 ph\u00fat"},"schema":{"@context":"https:\/\/schema.org","@graph":[{"@type":"WebPage","@id":"https:\/\/mog.com.vn\/product\/korean-kammer-%ec%8b%9d%ed%92%88-%eb%b0%b8%eb%b8%8c-%ec%88%98%eb%a6%ac-aje-vietnam\/","url":"https:\/\/mog.com.vn\/product\/korean-kammer-%ec%8b%9d%ed%92%88-%eb%b0%b8%eb%b8%8c-%ec%88%98%eb%a6%ac-aje-vietnam\/","name":"[:vi]S\u1eeda l\u00f4 van th\u1ef1c ph\u1ea9m Kammer \u2013 AJE Vietnam[:kr]Kammer \uc2dd\ud488 \ubc38\ube0c \uc218\ub9ac \u2013 AJE Vietnam[:] - Mog.com.vn","isPartOf":{"@id":"https:\/\/mog.com.vn\/#website"},"primaryImageOfPage":{"@id":"https:\/\/mog.com.vn\/product\/korean-kammer-%ec%8b%9d%ed%92%88-%eb%b0%b8%eb%b8%8c-%ec%88%98%eb%a6%ac-aje-vietnam\/#primaryimage"},"image":{"@id":"https:\/\/mog.com.vn\/product\/korean-kammer-%ec%8b%9d%ed%92%88-%eb%b0%b8%eb%b8%8c-%ec%88%98%eb%a6%ac-aje-vietnam\/#primaryimage"},"thumbnailUrl":"https:\/\/mog.com.vn\/wp-content\/uploads\/2025\/04\/Ball-valve.png","datePublished":"2025-04-12T17:10:17+00:00","dateModified":"2025-04-12T17:10:26+00:00","breadcrumb":{"@id":"https:\/\/mog.com.vn\/product\/korean-kammer-%ec%8b%9d%ed%92%88-%eb%b0%b8%eb%b8%8c-%ec%88%98%eb%a6%ac-aje-vietnam\/#breadcrumb"},"inLanguage":"vi","potentialAction":[{"@type":"ReadAction","target":["https:\/\/mog.com.vn\/product\/korean-kammer-%ec%8b%9d%ed%92%88-%eb%b0%b8%eb%b8%8c-%ec%88%98%eb%a6%ac-aje-vietnam\/"]}]},{"@type":"ImageObject","inLanguage":"vi","@id":"https:\/\/mog.com.vn\/product\/korean-kammer-%ec%8b%9d%ed%92%88-%eb%b0%b8%eb%b8%8c-%ec%88%98%eb%a6%ac-aje-vietnam\/#primaryimage","url":"https:\/\/mog.com.vn\/wp-content\/uploads\/2025\/04\/Ball-valve.png","contentUrl":"https:\/\/mog.com.vn\/wp-content\/uploads\/2025\/04\/Ball-valve.png","width":696,"height":630},{"@type":"BreadcrumbList","@id":"https:\/\/mog.com.vn\/product\/korean-kammer-%ec%8b%9d%ed%92%88-%eb%b0%b8%eb%b8%8c-%ec%88%98%eb%a6%ac-aje-vietnam\/#breadcrumb","itemListElement":[{"@type":"ListItem","position":1,"name":"Home","item":"https:\/\/mog.com.vn\/"},{"@type":"ListItem","position":2,"name":"Shop","item":"https:\/\/mog.com.vn\/shop\/"},{"@type":"ListItem","position":3,"name":"(Ti\u1ebfng Vi\u1ec7t) S\u1eeda l\u00f4 van th\u1ef1c ph\u1ea9m Kammer \u2013 AJE Vietnam"}]},{"@type":"WebSite","@id":"https:\/\/mog.com.vn\/#website","url":"https:\/\/mog.com.vn\/","name":"Mog.com.vn","description":"FLOW Control Solutions","publisher":{"@id":"https:\/\/mog.com.vn\/#organization"},"potentialAction":[{"@type":"SearchAction","target":{"@type":"EntryPoint","urlTemplate":"https:\/\/mog.com.vn\/?s={search_term_string}"},"query-input":{"@type":"PropertyValueSpecification","valueRequired":true,"valueName":"search_term_string"}}],"inLanguage":"vi"},{"@type":"Organization","@id":"https:\/\/mog.com.vn\/#organization","name":"Mog.com.vn","url":"https:\/\/mog.com.vn\/","logo":{"@type":"ImageObject","inLanguage":"vi","@id":"https:\/\/mog.com.vn\/#\/schema\/logo\/image\/","url":"https:\/\/mog.com.vn\/wp-content\/uploads\/2025\/10\/Logo-MOG.jpg","contentUrl":"https:\/\/mog.com.vn\/wp-content\/uploads\/2025\/10\/Logo-MOG.jpg","width":755,"height":230,"caption":"Mog.com.vn"},"image":{"@id":"https:\/\/mog.com.vn\/#\/schema\/logo\/image\/"},"description":"Gi\u1ea3i ph\u00e1p C\u01a1 kh\u00ed ch\u00ednh x\u00e1c & Van c\u00f4ng nghi\u1ec7p to\u00e0n di\u1ec7n cho doanh nghi\u1ec7p c\u1ee7a b\u1ea1n.","email":"giacongcokhimog@gmail.com","telephone":"090 311 4883"}]}},"_links":{"self":[{"href":"https:\/\/mog.com.vn\/vi\/wp-json\/wp\/v2\/product\/466","targetHints":{"allow":["GET"]}}],"collection":[{"href":"https:\/\/mog.com.vn\/vi\/wp-json\/wp\/v2\/product"}],"about":[{"href":"https:\/\/mog.com.vn\/vi\/wp-json\/wp\/v2\/types\/product"}],"replies":[{"embeddable":true,"href":"https:\/\/mog.com.vn\/vi\/wp-json\/wp\/v2\/comments?post=466"}],"wp:featuredmedia":[{"embeddable":true,"href":"https:\/\/mog.com.vn\/vi\/wp-json\/wp\/v2\/media\/467"}],"wp:attachment":[{"href":"https:\/\/mog.com.vn\/vi\/wp-json\/wp\/v2\/media?parent=466"}],"wp:term":[{"taxonomy":"product_brand","embeddable":true,"href":"https:\/\/mog.com.vn\/vi\/wp-json\/wp\/v2\/product_brand?post=466"},{"taxonomy":"product_cat","embeddable":true,"href":"https:\/\/mog.com.vn\/vi\/wp-json\/wp\/v2\/product_cat?post=466"},{"taxonomy":"product_tag","embeddable":true,"href":"https:\/\/mog.com.vn\/vi\/wp-json\/wp\/v2\/product_tag?post=466"}],"curies":[{"name":"wp","href":"https:\/\/api.w.org\/{rel}","templated":true}]}}