{"id":472,"date":"2025-04-12T17:10:17","date_gmt":"2025-04-12T17:10:17","guid":{"rendered":"https:\/\/mog.com.vn\/renew\/product\/korean-dvc-2000-%ec%88%98%eb%a6%ac-vien-dong-%ec%84%9d%ec%9c%a0\/"},"modified":"2025-06-09T03:51:03","modified_gmt":"2025-06-09T03:51:03","slug":"korean-dvc-2000-%ec%88%98%eb%a6%ac-vien-dong-%ec%84%9d%ec%9c%a0","status":"publish","type":"product","link":"https:\/\/mog.com.vn\/vi\/product\/korean-dvc-2000-%ec%88%98%eb%a6%ac-vien-dong-%ec%84%9d%ec%9c%a0\/","title":{"rendered":"S\u1eeda DVC 2000 \u2013 D\u1ea7u kh\u00ed Vi\u1ec5n \u0110\u00f4ng"},"content":{"rendered":"<strong>Th\u00f4ng tin:<\/strong><\/p>\n<p>Fisher FIELDVUE DVC 2000.<\/p>\n<p><strong>T\u00ecnh tr\u1ea1ng:<\/strong><\/p>\n<p>Van kh\u00f4ng th\u1ef1c hi\u1ec7n l\u1ec7nh khi c\u00f3 t\u00edn hi\u1ec7u \u0111i\u1ec1u khi\u1ec3n.<\/p>\n<p><img loading=\"lazy\" decoding=\"async\" class=\"alignnone size-medium wp-image-935\" src=\"https:\/\/sval.vn\/wp-content\/uploads\/2023\/03\/IMG_1325-min-533x400.jpg\" sizes=\"auto, (max-width: 533px) 100vw, 533px\" srcset=\"https:\/\/sval.vn\/wp-content\/uploads\/2023\/03\/IMG_1325-min-533x400.jpg 533w, https:\/\/sval.vn\/wp-content\/uploads\/2023\/03\/IMG_1325-min-768x576.jpg 768w, https:\/\/sval.vn\/wp-content\/uploads\/2023\/03\/IMG_1325-min-1067x800.jpg 1067w, https:\/\/sval.vn\/wp-content\/uploads\/2023\/03\/IMG_1325-min-600x450.jpg 600w\" alt=\"\" width=\"533\" height=\"400\" \/><\/p>\n<p><strong>MOG th\u1ef1c hi\u1ec7n:<\/strong><\/p>\n<p>Th\u00e1o positioner ra ki\u1ebfm tra, d\u1ef1a tr\u00ean t\u00ecnh tr\u1ea1ng m\u00e0n h\u00ecnh kh\u00f4ng hi\u1ec3n th\u1ecb \u0111\u01b0\u1ee3c khi c\u00f3 ngu\u1ed3n n\u00ean x\u00e1c \u0111\u1ecbnh nguy\u00ean nh\u00e2n l\u00e0 h\u1ecfng bo m\u1ea1ch ch\u1ee7.<\/p>\n<p>Th\u1eed thay th\u1ebf bo m\u1ea1ch ch\u1ee7 b\u1eb1ng bo m\u1ea1ch kh\u00e1c c\u00f9ng lo\u1ea1i.<\/p>\n<p>L\u1eafp positioner l\u00ean van v\u00e0 ki\u1ec3m tra v\u1eadn h\u00e0nh, van \u0111\u00e3 ho\u1ea1t \u0111\u1ed9ng \u0111\u01b0\u1ee3c b\u00ecnh th\u01b0\u1eddng.<\/p>\n<p>Ti\u1ebfn h\u00e0nh \u0111\u1eb7t h\u00e0ng v\u00e0 thay th\u1ebf ho\u00e0n ch\u1ec9nh bo m\u1ea1ch ch\u1ee7 \u0111\u1ec3 DVC ho\u1ea1t \u0111\u1ed9ng b\u00ecnh th\u01b0\u1eddng.","protected":false},"excerpt":{"rendered":"<p>Th\u00f4ng tin: Fisher FIELDVUE DVC 2000. T\u00ecnh tr\u1ea1ng: Van kh\u00f4ng th\u1ef1c hi\u1ec7n l\u1ec7nh khi c\u00f3 t\u00edn hi\u1ec7u \u0111i\u1ec1u khi\u1ec3n. MOG th\u1ef1c hi\u1ec7n: Th\u00e1o positioner ra ki\u1ebfm tra, d\u1ef1a tr\u00ean t\u00ecnh tr\u1ea1ng m\u00e0n h\u00ecnh kh\u00f4ng hi\u1ec3n th\u1ecb \u0111\u01b0\u1ee3c khi c\u00f3 ngu\u1ed3n n\u00ean x\u00e1c \u0111\u1ecbnh nguy\u00ean nh\u00e2n l\u00e0 h\u1ecfng bo m\u1ea1ch ch\u1ee7. Th\u1eed thay th\u1ebf bo m\u1ea1ch [&#8230;]\n","protected":false},"featured_media":473,"comment_status":"closed","ping_status":"closed","template":"","meta":[],"product_brand":[],"product_cat":[45],"product_tag":[87],"class_list":{"0":"post-472","1":"product","2":"type-product","3":"status-publish","4":"has-post-thumbnail","6":"product_cat-valve-repair","7":"product_tag-svalsval-vnvien-dong--","9":"first","10":"instock","11":"product-type-simple"},"yoast_head":"<!-- This site is optimized with the Yoast SEO Premium plugin v25.9 (Yoast SEO v25.9) - https:\/\/yoast.com\/wordpress\/plugins\/seo\/ -->\n<title>S\u1eeda DVC 2000 \u2013 D\u1ea7u kh\u00ed Vi\u1ec5n \u0110\u00f4ng - Mog.com.vn<\/title>\n<meta name=\"robots\" content=\"index, follow, max-snippet:-1, max-image-preview:large, max-video-preview:-1\" \/>\n<link rel=\"canonical\" href=\"https:\/\/mog.com.vn\/product\/korean-dvc-2000-\uc218\ub9ac-vien-dong-\uc11d\uc720\/\" \/>\n<meta property=\"og:locale\" content=\"vi_VN\" \/>\n<meta property=\"og:type\" content=\"article\" \/>\n<meta property=\"og:title\" content=\"[:en]DVC 2000 Repair \u2013 Vien Dong Petroleum[:vi]S\u1eeda DVC 2000 \u2013 D\u1ea7u kh\u00ed Vi\u1ec5n \u0110\u00f4ng[:ja]DVC 2000\u306e\u4fee\u7406 \u2013 Vi\u1ec5n \u0110\u00f4ng\u77f3\u6cb9[:kr]DVC 2000 \uc218\ub9ac \u2013 Vi\u1ec5n \u0110\u00f4ng \uc11d\uc720[:]\" \/>\n<meta property=\"og:description\" content=\"Th\u00f4ng tin: Fisher FIELDVUE DVC 2000. T\u00ecnh tr\u1ea1ng: Van kh\u00f4ng th\u1ef1c hi\u1ec7n l\u1ec7nh khi c\u00f3 t\u00edn hi\u1ec7u \u0111i\u1ec1u khi\u1ec3n. MOG th\u1ef1c hi\u1ec7n: Th\u00e1o positioner ra ki\u1ebfm tra, d\u1ef1a tr\u00ean t\u00ecnh tr\u1ea1ng m\u00e0n h\u00ecnh kh\u00f4ng hi\u1ec3n th\u1ecb \u0111\u01b0\u1ee3c khi c\u00f3 ngu\u1ed3n n\u00ean x\u00e1c \u0111\u1ecbnh nguy\u00ean nh\u00e2n l\u00e0 h\u1ecfng bo m\u1ea1ch ch\u1ee7. Th\u1eed thay th\u1ebf bo m\u1ea1ch [...]\" \/>\n<meta property=\"og:url\" content=\"https:\/\/mog.com.vn\/product\/korean-dvc-2000-\uc218\ub9ac-vien-dong-\uc11d\uc720\/\" \/>\n<meta property=\"og:site_name\" content=\"Mog.com.vn\" \/>\n<meta property=\"article:modified_time\" content=\"2025-06-09T03:51:03+00:00\" \/>\n<meta property=\"og:image\" content=\"https:\/\/mog.com.vn\/wp-content\/uploads\/2025\/04\/9998972B-AD56-4A6B-90A7-6F4FCB389E97.jpg\" \/>\n\t<meta property=\"og:image:width\" content=\"2048\" \/>\n\t<meta property=\"og:image:height\" content=\"1536\" \/>\n\t<meta property=\"og:image:type\" content=\"image\/jpeg\" \/>\n<meta name=\"twitter:card\" content=\"summary_large_image\" \/>\n<meta name=\"twitter:label1\" content=\"\u01af\u1edbc t\u00ednh th\u1eddi gian \u0111\u1ecdc\" \/>\n\t<meta name=\"twitter:data1\" content=\"1 ph\u00fat\" \/>\n<script type=\"application\/ld+json\" class=\"yoast-schema-graph\">{\"@context\":\"https:\/\/schema.org\",\"@graph\":[{\"@type\":\"WebPage\",\"@id\":\"https:\/\/mog.com.vn\/product\/korean-dvc-2000-%ec%88%98%eb%a6%ac-vien-dong-%ec%84%9d%ec%9c%a0\/\",\"url\":\"https:\/\/mog.com.vn\/product\/korean-dvc-2000-%ec%88%98%eb%a6%ac-vien-dong-%ec%84%9d%ec%9c%a0\/\",\"name\":\"[:en]DVC 2000 Repair \u2013 Vien Dong Petroleum[:vi]S\u1eeda DVC 2000 \u2013 D\u1ea7u kh\u00ed Vi\u1ec5n \u0110\u00f4ng[:ja]DVC 2000\u306e\u4fee\u7406 \u2013 Vi\u1ec5n \u0110\u00f4ng\u77f3\u6cb9[:kr]DVC 2000 \uc218\ub9ac \u2013 Vi\u1ec5n \u0110\u00f4ng \uc11d\uc720[:] - Mog.com.vn\",\"isPartOf\":{\"@id\":\"https:\/\/mog.com.vn\/#website\"},\"primaryImageOfPage\":{\"@id\":\"https:\/\/mog.com.vn\/product\/korean-dvc-2000-%ec%88%98%eb%a6%ac-vien-dong-%ec%84%9d%ec%9c%a0\/#primaryimage\"},\"image\":{\"@id\":\"https:\/\/mog.com.vn\/product\/korean-dvc-2000-%ec%88%98%eb%a6%ac-vien-dong-%ec%84%9d%ec%9c%a0\/#primaryimage\"},\"thumbnailUrl\":\"https:\/\/mog.com.vn\/wp-content\/uploads\/2025\/04\/9998972B-AD56-4A6B-90A7-6F4FCB389E97.jpg\",\"datePublished\":\"2025-04-12T17:10:17+00:00\",\"dateModified\":\"2025-06-09T03:51:03+00:00\",\"breadcrumb\":{\"@id\":\"https:\/\/mog.com.vn\/product\/korean-dvc-2000-%ec%88%98%eb%a6%ac-vien-dong-%ec%84%9d%ec%9c%a0\/#breadcrumb\"},\"inLanguage\":\"vi\",\"potentialAction\":[{\"@type\":\"ReadAction\",\"target\":[\"https:\/\/mog.com.vn\/product\/korean-dvc-2000-%ec%88%98%eb%a6%ac-vien-dong-%ec%84%9d%ec%9c%a0\/\"]}]},{\"@type\":\"ImageObject\",\"inLanguage\":\"vi\",\"@id\":\"https:\/\/mog.com.vn\/product\/korean-dvc-2000-%ec%88%98%eb%a6%ac-vien-dong-%ec%84%9d%ec%9c%a0\/#primaryimage\",\"url\":\"https:\/\/mog.com.vn\/wp-content\/uploads\/2025\/04\/9998972B-AD56-4A6B-90A7-6F4FCB389E97.jpg\",\"contentUrl\":\"https:\/\/mog.com.vn\/wp-content\/uploads\/2025\/04\/9998972B-AD56-4A6B-90A7-6F4FCB389E97.jpg\",\"width\":2048,\"height\":1536},{\"@type\":\"BreadcrumbList\",\"@id\":\"https:\/\/mog.com.vn\/product\/korean-dvc-2000-%ec%88%98%eb%a6%ac-vien-dong-%ec%84%9d%ec%9c%a0\/#breadcrumb\",\"itemListElement\":[{\"@type\":\"ListItem\",\"position\":1,\"name\":\"Home\",\"item\":\"https:\/\/mog.com.vn\/\"},{\"@type\":\"ListItem\",\"position\":2,\"name\":\"Shop\",\"item\":\"https:\/\/mog.com.vn\/shop\/\"},{\"@type\":\"ListItem\",\"position\":3,\"name\":\"DVC 2000 Repair \u2013 Vien Dong Petroleum\"}]},{\"@type\":\"WebSite\",\"@id\":\"https:\/\/mog.com.vn\/#website\",\"url\":\"https:\/\/mog.com.vn\/\",\"name\":\"Mog.com.vn\",\"description\":\"FLOW Control Solutions\",\"publisher\":{\"@id\":\"https:\/\/mog.com.vn\/#organization\"},\"potentialAction\":[{\"@type\":\"SearchAction\",\"target\":{\"@type\":\"EntryPoint\",\"urlTemplate\":\"https:\/\/mog.com.vn\/?s={search_term_string}\"},\"query-input\":{\"@type\":\"PropertyValueSpecification\",\"valueRequired\":true,\"valueName\":\"search_term_string\"}}],\"inLanguage\":\"vi\"},{\"@type\":\"Organization\",\"@id\":\"https:\/\/mog.com.vn\/#organization\",\"name\":\"Mog.com.vn\",\"url\":\"https:\/\/mog.com.vn\/\",\"logo\":{\"@type\":\"ImageObject\",\"inLanguage\":\"vi\",\"@id\":\"https:\/\/mog.com.vn\/#\/schema\/logo\/image\/\",\"url\":\"https:\/\/mog.com.vn\/wp-content\/uploads\/2025\/10\/Logo-MOG.jpg\",\"contentUrl\":\"https:\/\/mog.com.vn\/wp-content\/uploads\/2025\/10\/Logo-MOG.jpg\",\"width\":755,\"height\":230,\"caption\":\"Mog.com.vn\"},\"image\":{\"@id\":\"https:\/\/mog.com.vn\/#\/schema\/logo\/image\/\"},\"description\":\"Gi\u1ea3i ph\u00e1p C\u01a1 kh\u00ed ch\u00ednh x\u00e1c & Van c\u00f4ng nghi\u1ec7p to\u00e0n di\u1ec7n cho doanh nghi\u1ec7p c\u1ee7a b\u1ea1n.\",\"email\":\"giacongcokhimog@gmail.com\",\"telephone\":\"090 311 4883\"}]}<\/script>\n<!-- \/ Yoast SEO Premium plugin. -->","yoast_head_json":{"title":"[:en]DVC 2000 Repair \u2013 Vien Dong Petroleum[:vi]S\u1eeda DVC 2000 \u2013 D\u1ea7u kh\u00ed Vi\u1ec5n \u0110\u00f4ng[:ja]DVC 2000\u306e\u4fee\u7406 \u2013 Vi\u1ec5n \u0110\u00f4ng\u77f3\u6cb9[:kr]DVC 2000 \uc218\ub9ac \u2013 Vi\u1ec5n \u0110\u00f4ng \uc11d\uc720[:] - Mog.com.vn","robots":{"index":"index","follow":"follow","max-snippet":"max-snippet:-1","max-image-preview":"max-image-preview:large","max-video-preview":"max-video-preview:-1"},"canonical":"https:\/\/mog.com.vn\/product\/korean-dvc-2000-\uc218\ub9ac-vien-dong-\uc11d\uc720\/","og_locale":"vi_VN","og_type":"article","og_title":"[:en]DVC 2000 Repair \u2013 Vien Dong Petroleum[:vi]S\u1eeda DVC 2000 \u2013 D\u1ea7u kh\u00ed Vi\u1ec5n \u0110\u00f4ng[:ja]DVC 2000\u306e\u4fee\u7406 \u2013 Vi\u1ec5n \u0110\u00f4ng\u77f3\u6cb9[:kr]DVC 2000 \uc218\ub9ac \u2013 Vi\u1ec5n \u0110\u00f4ng \uc11d\uc720[:]","og_description":"Th\u00f4ng tin: Fisher FIELDVUE DVC 2000. T\u00ecnh tr\u1ea1ng: Van kh\u00f4ng th\u1ef1c hi\u1ec7n l\u1ec7nh khi c\u00f3 t\u00edn hi\u1ec7u \u0111i\u1ec1u khi\u1ec3n. MOG th\u1ef1c hi\u1ec7n: Th\u00e1o positioner ra ki\u1ebfm tra, d\u1ef1a tr\u00ean t\u00ecnh tr\u1ea1ng m\u00e0n h\u00ecnh kh\u00f4ng hi\u1ec3n th\u1ecb \u0111\u01b0\u1ee3c khi c\u00f3 ngu\u1ed3n n\u00ean x\u00e1c \u0111\u1ecbnh nguy\u00ean nh\u00e2n l\u00e0 h\u1ecfng bo m\u1ea1ch ch\u1ee7. Th\u1eed thay th\u1ebf bo m\u1ea1ch [...]","og_url":"https:\/\/mog.com.vn\/product\/korean-dvc-2000-\uc218\ub9ac-vien-dong-\uc11d\uc720\/","og_site_name":"Mog.com.vn","article_modified_time":"2025-06-09T03:51:03+00:00","og_image":[{"width":2048,"height":1536,"url":"https:\/\/mog.com.vn\/wp-content\/uploads\/2025\/04\/9998972B-AD56-4A6B-90A7-6F4FCB389E97.jpg","type":"image\/jpeg"}],"twitter_card":"summary_large_image","twitter_misc":{"\u01af\u1edbc t\u00ednh th\u1eddi gian \u0111\u1ecdc":"1 ph\u00fat"},"schema":{"@context":"https:\/\/schema.org","@graph":[{"@type":"WebPage","@id":"https:\/\/mog.com.vn\/product\/korean-dvc-2000-%ec%88%98%eb%a6%ac-vien-dong-%ec%84%9d%ec%9c%a0\/","url":"https:\/\/mog.com.vn\/product\/korean-dvc-2000-%ec%88%98%eb%a6%ac-vien-dong-%ec%84%9d%ec%9c%a0\/","name":"[:en]DVC 2000 Repair \u2013 Vien Dong Petroleum[:vi]S\u1eeda DVC 2000 \u2013 D\u1ea7u kh\u00ed Vi\u1ec5n \u0110\u00f4ng[:ja]DVC 2000\u306e\u4fee\u7406 \u2013 Vi\u1ec5n \u0110\u00f4ng\u77f3\u6cb9[:kr]DVC 2000 \uc218\ub9ac \u2013 Vi\u1ec5n \u0110\u00f4ng \uc11d\uc720[:] - Mog.com.vn","isPartOf":{"@id":"https:\/\/mog.com.vn\/#website"},"primaryImageOfPage":{"@id":"https:\/\/mog.com.vn\/product\/korean-dvc-2000-%ec%88%98%eb%a6%ac-vien-dong-%ec%84%9d%ec%9c%a0\/#primaryimage"},"image":{"@id":"https:\/\/mog.com.vn\/product\/korean-dvc-2000-%ec%88%98%eb%a6%ac-vien-dong-%ec%84%9d%ec%9c%a0\/#primaryimage"},"thumbnailUrl":"https:\/\/mog.com.vn\/wp-content\/uploads\/2025\/04\/9998972B-AD56-4A6B-90A7-6F4FCB389E97.jpg","datePublished":"2025-04-12T17:10:17+00:00","dateModified":"2025-06-09T03:51:03+00:00","breadcrumb":{"@id":"https:\/\/mog.com.vn\/product\/korean-dvc-2000-%ec%88%98%eb%a6%ac-vien-dong-%ec%84%9d%ec%9c%a0\/#breadcrumb"},"inLanguage":"vi","potentialAction":[{"@type":"ReadAction","target":["https:\/\/mog.com.vn\/product\/korean-dvc-2000-%ec%88%98%eb%a6%ac-vien-dong-%ec%84%9d%ec%9c%a0\/"]}]},{"@type":"ImageObject","inLanguage":"vi","@id":"https:\/\/mog.com.vn\/product\/korean-dvc-2000-%ec%88%98%eb%a6%ac-vien-dong-%ec%84%9d%ec%9c%a0\/#primaryimage","url":"https:\/\/mog.com.vn\/wp-content\/uploads\/2025\/04\/9998972B-AD56-4A6B-90A7-6F4FCB389E97.jpg","contentUrl":"https:\/\/mog.com.vn\/wp-content\/uploads\/2025\/04\/9998972B-AD56-4A6B-90A7-6F4FCB389E97.jpg","width":2048,"height":1536},{"@type":"BreadcrumbList","@id":"https:\/\/mog.com.vn\/product\/korean-dvc-2000-%ec%88%98%eb%a6%ac-vien-dong-%ec%84%9d%ec%9c%a0\/#breadcrumb","itemListElement":[{"@type":"ListItem","position":1,"name":"Home","item":"https:\/\/mog.com.vn\/"},{"@type":"ListItem","position":2,"name":"Shop","item":"https:\/\/mog.com.vn\/shop\/"},{"@type":"ListItem","position":3,"name":"DVC 2000 Repair \u2013 Vien Dong Petroleum"}]},{"@type":"WebSite","@id":"https:\/\/mog.com.vn\/#website","url":"https:\/\/mog.com.vn\/","name":"Mog.com.vn","description":"FLOW Control Solutions","publisher":{"@id":"https:\/\/mog.com.vn\/#organization"},"potentialAction":[{"@type":"SearchAction","target":{"@type":"EntryPoint","urlTemplate":"https:\/\/mog.com.vn\/?s={search_term_string}"},"query-input":{"@type":"PropertyValueSpecification","valueRequired":true,"valueName":"search_term_string"}}],"inLanguage":"vi"},{"@type":"Organization","@id":"https:\/\/mog.com.vn\/#organization","name":"Mog.com.vn","url":"https:\/\/mog.com.vn\/","logo":{"@type":"ImageObject","inLanguage":"vi","@id":"https:\/\/mog.com.vn\/#\/schema\/logo\/image\/","url":"https:\/\/mog.com.vn\/wp-content\/uploads\/2025\/10\/Logo-MOG.jpg","contentUrl":"https:\/\/mog.com.vn\/wp-content\/uploads\/2025\/10\/Logo-MOG.jpg","width":755,"height":230,"caption":"Mog.com.vn"},"image":{"@id":"https:\/\/mog.com.vn\/#\/schema\/logo\/image\/"},"description":"Gi\u1ea3i ph\u00e1p C\u01a1 kh\u00ed ch\u00ednh x\u00e1c & Van c\u00f4ng nghi\u1ec7p to\u00e0n di\u1ec7n cho doanh nghi\u1ec7p c\u1ee7a b\u1ea1n.","email":"giacongcokhimog@gmail.com","telephone":"090 311 4883"}]}},"_links":{"self":[{"href":"https:\/\/mog.com.vn\/vi\/wp-json\/wp\/v2\/product\/472","targetHints":{"allow":["GET"]}}],"collection":[{"href":"https:\/\/mog.com.vn\/vi\/wp-json\/wp\/v2\/product"}],"about":[{"href":"https:\/\/mog.com.vn\/vi\/wp-json\/wp\/v2\/types\/product"}],"replies":[{"embeddable":true,"href":"https:\/\/mog.com.vn\/vi\/wp-json\/wp\/v2\/comments?post=472"}],"wp:featuredmedia":[{"embeddable":true,"href":"https:\/\/mog.com.vn\/vi\/wp-json\/wp\/v2\/media\/473"}],"wp:attachment":[{"href":"https:\/\/mog.com.vn\/vi\/wp-json\/wp\/v2\/media?parent=472"}],"wp:term":[{"taxonomy":"product_brand","embeddable":true,"href":"https:\/\/mog.com.vn\/vi\/wp-json\/wp\/v2\/product_brand?post=472"},{"taxonomy":"product_cat","embeddable":true,"href":"https:\/\/mog.com.vn\/vi\/wp-json\/wp\/v2\/product_cat?post=472"},{"taxonomy":"product_tag","embeddable":true,"href":"https:\/\/mog.com.vn\/vi\/wp-json\/wp\/v2\/product_tag?post=472"}],"curies":[{"name":"wp","href":"https:\/\/api.w.org\/{rel}","templated":true}]}}