{"id":474,"date":"2025-04-12T17:10:17","date_gmt":"2025-04-12T17:10:17","guid":{"rendered":"https:\/\/mog.com.vn\/renew\/product\/korean-%ec%b4%88%ed%81%ac-%eb%b0%b8%eb%b8%8c-%ec%88%98%eb%a6%ac-dung-quat-%ec%84%9d%ec%9c%a0-%ec%a0%95%ec%a0%9c\/"},"modified":"2025-06-09T03:49:44","modified_gmt":"2025-06-09T03:49:44","slug":"korean-%ec%b4%88%ed%81%ac-%eb%b0%b8%eb%b8%8c-%ec%88%98%eb%a6%ac-dung-quat-%ec%84%9d%ec%9c%a0-%ec%a0%95%ec%a0%9c","status":"publish","type":"product","link":"https:\/\/mog.com.vn\/vi\/product\/korean-%ec%b4%88%ed%81%ac-%eb%b0%b8%eb%b8%8c-%ec%88%98%eb%a6%ac-dung-quat-%ec%84%9d%ec%9c%a0-%ec%a0%95%ec%a0%9c\/","title":{"rendered":"S\u1eeda Choke Van \u2013 L\u1ecdc d\u1ea7u Dung Qu\u1ea5t"},"content":{"rendered":"<strong>Th\u00f4ng tin:<\/strong><\/p>\n<p>Choke van.<\/p>\n<p><strong>T\u00ecnh tr\u1ea1ng:<\/strong><\/p>\n<p>Th\u00e2n van b\u1ecb r\u00f2 r\u1ec9 do h\u01b0 h\u1ecfng Soft Seat v\u00e0 O-Ring.<\/p>\n<p><img loading=\"lazy\" decoding=\"async\" class=\"alignnone size-medium wp-image-979\" src=\"https:\/\/sval.vn\/wp-content\/uploads\/2023\/03\/20161227_095812-min-299x400.jpg\" sizes=\"auto, (max-width: 299px) 100vw, 299px\" srcset=\"https:\/\/sval.vn\/wp-content\/uploads\/2023\/03\/20161227_095812-min-299x400.jpg 299w, https:\/\/sval.vn\/wp-content\/uploads\/2023\/03\/20161227_095812-min-768x1027.jpg 768w, https:\/\/sval.vn\/wp-content\/uploads\/2023\/03\/20161227_095812-min-598x800.jpg 598w, https:\/\/sval.vn\/wp-content\/uploads\/2023\/03\/20161227_095812-min-600x802.jpg 600w\" alt=\"\" width=\"299\" height=\"400\" \/><img loading=\"lazy\" decoding=\"async\" class=\"alignnone size-medium wp-image-978\" src=\"https:\/\/sval.vn\/wp-content\/uploads\/2023\/03\/20161227_095816-min-299x400.jpg\" sizes=\"auto, (max-width: 299px) 100vw, 299px\" srcset=\"https:\/\/sval.vn\/wp-content\/uploads\/2023\/03\/20161227_095816-min-299x400.jpg 299w, https:\/\/sval.vn\/wp-content\/uploads\/2023\/03\/20161227_095816-min-768x1027.jpg 768w, https:\/\/sval.vn\/wp-content\/uploads\/2023\/03\/20161227_095816-min-598x800.jpg 598w, https:\/\/sval.vn\/wp-content\/uploads\/2023\/03\/20161227_095816-min-600x802.jpg 600w\" alt=\"\" width=\"299\" height=\"400\" \/><\/p>\n<p><strong>Th\u1ef1c hi\u1ec7n:<\/strong><\/p>\n<p><img loading=\"lazy\" decoding=\"async\" class=\"alignnone size-medium wp-image-976\" src=\"https:\/\/sval.vn\/wp-content\/uploads\/2023\/03\/20161227_095742-min-533x400.jpg\" sizes=\"auto, (max-width: 533px) 100vw, 533px\" srcset=\"https:\/\/sval.vn\/wp-content\/uploads\/2023\/03\/20161227_095742-min-533x400.jpg 533w, https:\/\/sval.vn\/wp-content\/uploads\/2023\/03\/20161227_095742-min-768x576.jpg 768w, https:\/\/sval.vn\/wp-content\/uploads\/2023\/03\/20161227_095742-min-1067x800.jpg 1067w, https:\/\/sval.vn\/wp-content\/uploads\/2023\/03\/20161227_095742-min-600x450.jpg 600w\" alt=\"\" width=\"533\" height=\"400\" \/><\/p>\n<p>T\u1eaft c\u00e1c \u0111\u01b0\u1eddng \u1ed1ng v\u00e0 van li\u00ean quan \u0111\u1ebfn choke valve v\u00e0 \u0111\u1ea3m b\u1ea3o an to\u00e0n cho nh\u00e2n vi\u00ean;<\/p>\n<p>Th\u00e1o c\u00e1c b\u1ed9 ph\u1eadn c\u1ee7a choke valve \u0111\u1ec3 ti\u1ebfp c\u1eadn \u0111\u01b0\u1ee3c th\u00e2n van b\u1ecb h\u01b0 h\u1ecfng;<\/p>\n<p>Gia c\u00f4ng Soft Seat (PTFE);<\/p>\n<p>Thay m\u1edbi to\u00e0n b\u1ed9 Soft Seat v\u00e0 O-Ring m\u1edbi;<\/p>\n<p>Ti\u1ebfn h\u00e0nh test sau khi s\u1eeda ch\u1eefa.","protected":false},"excerpt":{"rendered":"<p>Th\u00f4ng tin: Choke van. T\u00ecnh tr\u1ea1ng: Th\u00e2n van b\u1ecb r\u00f2 r\u1ec9 do h\u01b0 h\u1ecfng Soft Seat v\u00e0 O-Ring. Th\u1ef1c hi\u1ec7n: T\u1eaft c\u00e1c \u0111\u01b0\u1eddng \u1ed1ng v\u00e0 van li\u00ean quan \u0111\u1ebfn choke valve v\u00e0 \u0111\u1ea3m b\u1ea3o an to\u00e0n cho nh\u00e2n vi\u00ean; Th\u00e1o c\u00e1c b\u1ed9 ph\u1eadn c\u1ee7a choke valve \u0111\u1ec3 ti\u1ebfp c\u1eadn \u0111\u01b0\u1ee3c th\u00e2n van b\u1ecb h\u01b0 h\u1ecfng; [&#8230;]\n","protected":false},"featured_media":475,"comment_status":"closed","ping_status":"closed","template":"","meta":[],"product_brand":[],"product_cat":[45],"product_tag":[88],"class_list":{"0":"post-474","1":"product","2":"type-product","3":"status-publish","4":"has-post-thumbnail","6":"product_cat-valve-repair","7":"product_tag-choke-valvesvalsval-vn-","9":"first","10":"instock","11":"product-type-simple"},"yoast_head":"<!-- This site is optimized with the Yoast SEO Premium plugin v25.9 (Yoast SEO v25.9) - https:\/\/yoast.com\/wordpress\/plugins\/seo\/ -->\n<title>S\u1eeda Choke Van \u2013 L\u1ecdc d\u1ea7u Dung Qu\u1ea5t - Mog.com.vn<\/title>\n<meta name=\"robots\" content=\"index, follow, max-snippet:-1, max-image-preview:large, max-video-preview:-1\" \/>\n<link rel=\"canonical\" href=\"https:\/\/mog.com.vn\/product\/korean-\ucd08\ud06c-\ubc38\ube0c-\uc218\ub9ac-dung-quat-\uc11d\uc720-\uc815\uc81c\/\" \/>\n<meta property=\"og:locale\" content=\"vi_VN\" \/>\n<meta property=\"og:type\" content=\"article\" \/>\n<meta property=\"og:title\" content=\"[:en]Choke Valve Repair \u2013 Dung Quat Oil Refinery[:vi]S\u1eeda Choke Van \u2013 L\u1ecdc d\u1ea7u Dung Qu\u1ea5t[:ja]\u30c1\u30e7\u30fc\u30af\u5f01\u306e\u4fee\u7406 - Dung Quat \u77f3\u6cb9\u7cbe\u88fd\u6240[:kr]\ucd08\ud06c \ubc38\ube0c \uc218\ub9ac \u2013 Dung Qu\u1ea5t \uc11d\uc720 \uc815\uc81c[:]\" \/>\n<meta property=\"og:description\" content=\"Th\u00f4ng tin: Choke van. T\u00ecnh tr\u1ea1ng: Th\u00e2n van b\u1ecb r\u00f2 r\u1ec9 do h\u01b0 h\u1ecfng Soft Seat v\u00e0 O-Ring. Th\u1ef1c hi\u1ec7n: T\u1eaft c\u00e1c \u0111\u01b0\u1eddng \u1ed1ng v\u00e0 van li\u00ean quan \u0111\u1ebfn choke valve v\u00e0 \u0111\u1ea3m b\u1ea3o an to\u00e0n cho nh\u00e2n vi\u00ean; Th\u00e1o c\u00e1c b\u1ed9 ph\u1eadn c\u1ee7a choke valve \u0111\u1ec3 ti\u1ebfp c\u1eadn \u0111\u01b0\u1ee3c th\u00e2n van b\u1ecb h\u01b0 h\u1ecfng; [...]\" \/>\n<meta property=\"og:url\" content=\"https:\/\/mog.com.vn\/product\/korean-\ucd08\ud06c-\ubc38\ube0c-\uc218\ub9ac-dung-quat-\uc11d\uc720-\uc815\uc81c\/\" \/>\n<meta property=\"og:site_name\" content=\"Mog.com.vn\" \/>\n<meta property=\"article:modified_time\" content=\"2025-06-09T03:49:44+00:00\" \/>\n<meta property=\"og:image\" content=\"https:\/\/mog.com.vn\/wp-content\/uploads\/2025\/04\/20161227_095841-min-scaled-1.jpg\" \/>\n\t<meta property=\"og:image:width\" content=\"2560\" \/>\n\t<meta property=\"og:image:height\" content=\"1920\" \/>\n\t<meta property=\"og:image:type\" content=\"image\/jpeg\" \/>\n<meta name=\"twitter:card\" content=\"summary_large_image\" \/>\n<meta name=\"twitter:label1\" content=\"\u01af\u1edbc t\u00ednh th\u1eddi gian \u0111\u1ecdc\" \/>\n\t<meta name=\"twitter:data1\" content=\"1 ph\u00fat\" \/>\n<script type=\"application\/ld+json\" class=\"yoast-schema-graph\">{\"@context\":\"https:\/\/schema.org\",\"@graph\":[{\"@type\":\"WebPage\",\"@id\":\"https:\/\/mog.com.vn\/product\/korean-%ec%b4%88%ed%81%ac-%eb%b0%b8%eb%b8%8c-%ec%88%98%eb%a6%ac-dung-quat-%ec%84%9d%ec%9c%a0-%ec%a0%95%ec%a0%9c\/\",\"url\":\"https:\/\/mog.com.vn\/product\/korean-%ec%b4%88%ed%81%ac-%eb%b0%b8%eb%b8%8c-%ec%88%98%eb%a6%ac-dung-quat-%ec%84%9d%ec%9c%a0-%ec%a0%95%ec%a0%9c\/\",\"name\":\"[:en]Choke Valve Repair \u2013 Dung Quat Oil Refinery[:vi]S\u1eeda Choke Van \u2013 L\u1ecdc d\u1ea7u Dung Qu\u1ea5t[:ja]\u30c1\u30e7\u30fc\u30af\u5f01\u306e\u4fee\u7406 - Dung Quat \u77f3\u6cb9\u7cbe\u88fd\u6240[:kr]\ucd08\ud06c \ubc38\ube0c \uc218\ub9ac \u2013 Dung Qu\u1ea5t \uc11d\uc720 \uc815\uc81c[:] - Mog.com.vn\",\"isPartOf\":{\"@id\":\"https:\/\/mog.com.vn\/#website\"},\"primaryImageOfPage\":{\"@id\":\"https:\/\/mog.com.vn\/product\/korean-%ec%b4%88%ed%81%ac-%eb%b0%b8%eb%b8%8c-%ec%88%98%eb%a6%ac-dung-quat-%ec%84%9d%ec%9c%a0-%ec%a0%95%ec%a0%9c\/#primaryimage\"},\"image\":{\"@id\":\"https:\/\/mog.com.vn\/product\/korean-%ec%b4%88%ed%81%ac-%eb%b0%b8%eb%b8%8c-%ec%88%98%eb%a6%ac-dung-quat-%ec%84%9d%ec%9c%a0-%ec%a0%95%ec%a0%9c\/#primaryimage\"},\"thumbnailUrl\":\"https:\/\/mog.com.vn\/wp-content\/uploads\/2025\/04\/20161227_095841-min-scaled-1.jpg\",\"datePublished\":\"2025-04-12T17:10:17+00:00\",\"dateModified\":\"2025-06-09T03:49:44+00:00\",\"breadcrumb\":{\"@id\":\"https:\/\/mog.com.vn\/product\/korean-%ec%b4%88%ed%81%ac-%eb%b0%b8%eb%b8%8c-%ec%88%98%eb%a6%ac-dung-quat-%ec%84%9d%ec%9c%a0-%ec%a0%95%ec%a0%9c\/#breadcrumb\"},\"inLanguage\":\"vi\",\"potentialAction\":[{\"@type\":\"ReadAction\",\"target\":[\"https:\/\/mog.com.vn\/product\/korean-%ec%b4%88%ed%81%ac-%eb%b0%b8%eb%b8%8c-%ec%88%98%eb%a6%ac-dung-quat-%ec%84%9d%ec%9c%a0-%ec%a0%95%ec%a0%9c\/\"]}]},{\"@type\":\"ImageObject\",\"inLanguage\":\"vi\",\"@id\":\"https:\/\/mog.com.vn\/product\/korean-%ec%b4%88%ed%81%ac-%eb%b0%b8%eb%b8%8c-%ec%88%98%eb%a6%ac-dung-quat-%ec%84%9d%ec%9c%a0-%ec%a0%95%ec%a0%9c\/#primaryimage\",\"url\":\"https:\/\/mog.com.vn\/wp-content\/uploads\/2025\/04\/20161227_095841-min-scaled-1.jpg\",\"contentUrl\":\"https:\/\/mog.com.vn\/wp-content\/uploads\/2025\/04\/20161227_095841-min-scaled-1.jpg\",\"width\":2560,\"height\":1920},{\"@type\":\"BreadcrumbList\",\"@id\":\"https:\/\/mog.com.vn\/product\/korean-%ec%b4%88%ed%81%ac-%eb%b0%b8%eb%b8%8c-%ec%88%98%eb%a6%ac-dung-quat-%ec%84%9d%ec%9c%a0-%ec%a0%95%ec%a0%9c\/#breadcrumb\",\"itemListElement\":[{\"@type\":\"ListItem\",\"position\":1,\"name\":\"Home\",\"item\":\"https:\/\/mog.com.vn\/\"},{\"@type\":\"ListItem\",\"position\":2,\"name\":\"Shop\",\"item\":\"https:\/\/mog.com.vn\/shop\/\"},{\"@type\":\"ListItem\",\"position\":3,\"name\":\"Choke Valve Repair \u2013 Dung Quat Oil Refinery\"}]},{\"@type\":\"WebSite\",\"@id\":\"https:\/\/mog.com.vn\/#website\",\"url\":\"https:\/\/mog.com.vn\/\",\"name\":\"Mog.com.vn\",\"description\":\"FLOW Control Solutions\",\"publisher\":{\"@id\":\"https:\/\/mog.com.vn\/#organization\"},\"potentialAction\":[{\"@type\":\"SearchAction\",\"target\":{\"@type\":\"EntryPoint\",\"urlTemplate\":\"https:\/\/mog.com.vn\/?s={search_term_string}\"},\"query-input\":{\"@type\":\"PropertyValueSpecification\",\"valueRequired\":true,\"valueName\":\"search_term_string\"}}],\"inLanguage\":\"vi\"},{\"@type\":\"Organization\",\"@id\":\"https:\/\/mog.com.vn\/#organization\",\"name\":\"Mog.com.vn\",\"url\":\"https:\/\/mog.com.vn\/\",\"logo\":{\"@type\":\"ImageObject\",\"inLanguage\":\"vi\",\"@id\":\"https:\/\/mog.com.vn\/#\/schema\/logo\/image\/\",\"url\":\"https:\/\/mog.com.vn\/wp-content\/uploads\/2025\/10\/Logo-MOG.jpg\",\"contentUrl\":\"https:\/\/mog.com.vn\/wp-content\/uploads\/2025\/10\/Logo-MOG.jpg\",\"width\":755,\"height\":230,\"caption\":\"Mog.com.vn\"},\"image\":{\"@id\":\"https:\/\/mog.com.vn\/#\/schema\/logo\/image\/\"},\"description\":\"Gi\u1ea3i ph\u00e1p C\u01a1 kh\u00ed ch\u00ednh x\u00e1c & Van c\u00f4ng nghi\u1ec7p to\u00e0n di\u1ec7n cho doanh nghi\u1ec7p c\u1ee7a b\u1ea1n.\",\"email\":\"giacongcokhimog@gmail.com\",\"telephone\":\"090 311 4883\"}]}<\/script>\n<!-- \/ Yoast SEO Premium plugin. -->","yoast_head_json":{"title":"[:en]Choke Valve Repair \u2013 Dung Quat Oil Refinery[:vi]S\u1eeda Choke Van \u2013 L\u1ecdc d\u1ea7u Dung Qu\u1ea5t[:ja]\u30c1\u30e7\u30fc\u30af\u5f01\u306e\u4fee\u7406 - Dung Quat \u77f3\u6cb9\u7cbe\u88fd\u6240[:kr]\ucd08\ud06c \ubc38\ube0c \uc218\ub9ac \u2013 Dung Qu\u1ea5t \uc11d\uc720 \uc815\uc81c[:] - Mog.com.vn","robots":{"index":"index","follow":"follow","max-snippet":"max-snippet:-1","max-image-preview":"max-image-preview:large","max-video-preview":"max-video-preview:-1"},"canonical":"https:\/\/mog.com.vn\/product\/korean-\ucd08\ud06c-\ubc38\ube0c-\uc218\ub9ac-dung-quat-\uc11d\uc720-\uc815\uc81c\/","og_locale":"vi_VN","og_type":"article","og_title":"[:en]Choke Valve Repair \u2013 Dung Quat Oil Refinery[:vi]S\u1eeda Choke Van \u2013 L\u1ecdc d\u1ea7u Dung Qu\u1ea5t[:ja]\u30c1\u30e7\u30fc\u30af\u5f01\u306e\u4fee\u7406 - Dung Quat \u77f3\u6cb9\u7cbe\u88fd\u6240[:kr]\ucd08\ud06c \ubc38\ube0c \uc218\ub9ac \u2013 Dung Qu\u1ea5t \uc11d\uc720 \uc815\uc81c[:]","og_description":"Th\u00f4ng tin: Choke van. T\u00ecnh tr\u1ea1ng: Th\u00e2n van b\u1ecb r\u00f2 r\u1ec9 do h\u01b0 h\u1ecfng Soft Seat v\u00e0 O-Ring. Th\u1ef1c hi\u1ec7n: T\u1eaft c\u00e1c \u0111\u01b0\u1eddng \u1ed1ng v\u00e0 van li\u00ean quan \u0111\u1ebfn choke valve v\u00e0 \u0111\u1ea3m b\u1ea3o an to\u00e0n cho nh\u00e2n vi\u00ean; Th\u00e1o c\u00e1c b\u1ed9 ph\u1eadn c\u1ee7a choke valve \u0111\u1ec3 ti\u1ebfp c\u1eadn \u0111\u01b0\u1ee3c th\u00e2n van b\u1ecb h\u01b0 h\u1ecfng; [...]","og_url":"https:\/\/mog.com.vn\/product\/korean-\ucd08\ud06c-\ubc38\ube0c-\uc218\ub9ac-dung-quat-\uc11d\uc720-\uc815\uc81c\/","og_site_name":"Mog.com.vn","article_modified_time":"2025-06-09T03:49:44+00:00","og_image":[{"width":2560,"height":1920,"url":"https:\/\/mog.com.vn\/wp-content\/uploads\/2025\/04\/20161227_095841-min-scaled-1.jpg","type":"image\/jpeg"}],"twitter_card":"summary_large_image","twitter_misc":{"\u01af\u1edbc t\u00ednh th\u1eddi gian \u0111\u1ecdc":"1 ph\u00fat"},"schema":{"@context":"https:\/\/schema.org","@graph":[{"@type":"WebPage","@id":"https:\/\/mog.com.vn\/product\/korean-%ec%b4%88%ed%81%ac-%eb%b0%b8%eb%b8%8c-%ec%88%98%eb%a6%ac-dung-quat-%ec%84%9d%ec%9c%a0-%ec%a0%95%ec%a0%9c\/","url":"https:\/\/mog.com.vn\/product\/korean-%ec%b4%88%ed%81%ac-%eb%b0%b8%eb%b8%8c-%ec%88%98%eb%a6%ac-dung-quat-%ec%84%9d%ec%9c%a0-%ec%a0%95%ec%a0%9c\/","name":"[:en]Choke Valve Repair \u2013 Dung Quat Oil Refinery[:vi]S\u1eeda Choke Van \u2013 L\u1ecdc d\u1ea7u Dung Qu\u1ea5t[:ja]\u30c1\u30e7\u30fc\u30af\u5f01\u306e\u4fee\u7406 - Dung Quat \u77f3\u6cb9\u7cbe\u88fd\u6240[:kr]\ucd08\ud06c \ubc38\ube0c \uc218\ub9ac \u2013 Dung Qu\u1ea5t \uc11d\uc720 \uc815\uc81c[:] - Mog.com.vn","isPartOf":{"@id":"https:\/\/mog.com.vn\/#website"},"primaryImageOfPage":{"@id":"https:\/\/mog.com.vn\/product\/korean-%ec%b4%88%ed%81%ac-%eb%b0%b8%eb%b8%8c-%ec%88%98%eb%a6%ac-dung-quat-%ec%84%9d%ec%9c%a0-%ec%a0%95%ec%a0%9c\/#primaryimage"},"image":{"@id":"https:\/\/mog.com.vn\/product\/korean-%ec%b4%88%ed%81%ac-%eb%b0%b8%eb%b8%8c-%ec%88%98%eb%a6%ac-dung-quat-%ec%84%9d%ec%9c%a0-%ec%a0%95%ec%a0%9c\/#primaryimage"},"thumbnailUrl":"https:\/\/mog.com.vn\/wp-content\/uploads\/2025\/04\/20161227_095841-min-scaled-1.jpg","datePublished":"2025-04-12T17:10:17+00:00","dateModified":"2025-06-09T03:49:44+00:00","breadcrumb":{"@id":"https:\/\/mog.com.vn\/product\/korean-%ec%b4%88%ed%81%ac-%eb%b0%b8%eb%b8%8c-%ec%88%98%eb%a6%ac-dung-quat-%ec%84%9d%ec%9c%a0-%ec%a0%95%ec%a0%9c\/#breadcrumb"},"inLanguage":"vi","potentialAction":[{"@type":"ReadAction","target":["https:\/\/mog.com.vn\/product\/korean-%ec%b4%88%ed%81%ac-%eb%b0%b8%eb%b8%8c-%ec%88%98%eb%a6%ac-dung-quat-%ec%84%9d%ec%9c%a0-%ec%a0%95%ec%a0%9c\/"]}]},{"@type":"ImageObject","inLanguage":"vi","@id":"https:\/\/mog.com.vn\/product\/korean-%ec%b4%88%ed%81%ac-%eb%b0%b8%eb%b8%8c-%ec%88%98%eb%a6%ac-dung-quat-%ec%84%9d%ec%9c%a0-%ec%a0%95%ec%a0%9c\/#primaryimage","url":"https:\/\/mog.com.vn\/wp-content\/uploads\/2025\/04\/20161227_095841-min-scaled-1.jpg","contentUrl":"https:\/\/mog.com.vn\/wp-content\/uploads\/2025\/04\/20161227_095841-min-scaled-1.jpg","width":2560,"height":1920},{"@type":"BreadcrumbList","@id":"https:\/\/mog.com.vn\/product\/korean-%ec%b4%88%ed%81%ac-%eb%b0%b8%eb%b8%8c-%ec%88%98%eb%a6%ac-dung-quat-%ec%84%9d%ec%9c%a0-%ec%a0%95%ec%a0%9c\/#breadcrumb","itemListElement":[{"@type":"ListItem","position":1,"name":"Home","item":"https:\/\/mog.com.vn\/"},{"@type":"ListItem","position":2,"name":"Shop","item":"https:\/\/mog.com.vn\/shop\/"},{"@type":"ListItem","position":3,"name":"Choke Valve Repair \u2013 Dung Quat Oil Refinery"}]},{"@type":"WebSite","@id":"https:\/\/mog.com.vn\/#website","url":"https:\/\/mog.com.vn\/","name":"Mog.com.vn","description":"FLOW Control Solutions","publisher":{"@id":"https:\/\/mog.com.vn\/#organization"},"potentialAction":[{"@type":"SearchAction","target":{"@type":"EntryPoint","urlTemplate":"https:\/\/mog.com.vn\/?s={search_term_string}"},"query-input":{"@type":"PropertyValueSpecification","valueRequired":true,"valueName":"search_term_string"}}],"inLanguage":"vi"},{"@type":"Organization","@id":"https:\/\/mog.com.vn\/#organization","name":"Mog.com.vn","url":"https:\/\/mog.com.vn\/","logo":{"@type":"ImageObject","inLanguage":"vi","@id":"https:\/\/mog.com.vn\/#\/schema\/logo\/image\/","url":"https:\/\/mog.com.vn\/wp-content\/uploads\/2025\/10\/Logo-MOG.jpg","contentUrl":"https:\/\/mog.com.vn\/wp-content\/uploads\/2025\/10\/Logo-MOG.jpg","width":755,"height":230,"caption":"Mog.com.vn"},"image":{"@id":"https:\/\/mog.com.vn\/#\/schema\/logo\/image\/"},"description":"Gi\u1ea3i ph\u00e1p C\u01a1 kh\u00ed ch\u00ednh x\u00e1c & Van c\u00f4ng nghi\u1ec7p to\u00e0n di\u1ec7n cho doanh nghi\u1ec7p c\u1ee7a b\u1ea1n.","email":"giacongcokhimog@gmail.com","telephone":"090 311 4883"}]}},"_links":{"self":[{"href":"https:\/\/mog.com.vn\/vi\/wp-json\/wp\/v2\/product\/474","targetHints":{"allow":["GET"]}}],"collection":[{"href":"https:\/\/mog.com.vn\/vi\/wp-json\/wp\/v2\/product"}],"about":[{"href":"https:\/\/mog.com.vn\/vi\/wp-json\/wp\/v2\/types\/product"}],"replies":[{"embeddable":true,"href":"https:\/\/mog.com.vn\/vi\/wp-json\/wp\/v2\/comments?post=474"}],"wp:featuredmedia":[{"embeddable":true,"href":"https:\/\/mog.com.vn\/vi\/wp-json\/wp\/v2\/media\/475"}],"wp:attachment":[{"href":"https:\/\/mog.com.vn\/vi\/wp-json\/wp\/v2\/media?parent=474"}],"wp:term":[{"taxonomy":"product_brand","embeddable":true,"href":"https:\/\/mog.com.vn\/vi\/wp-json\/wp\/v2\/product_brand?post=474"},{"taxonomy":"product_cat","embeddable":true,"href":"https:\/\/mog.com.vn\/vi\/wp-json\/wp\/v2\/product_cat?post=474"},{"taxonomy":"product_tag","embeddable":true,"href":"https:\/\/mog.com.vn\/vi\/wp-json\/wp\/v2\/product_tag?post=474"}],"curies":[{"name":"wp","href":"https:\/\/api.w.org\/{rel}","templated":true}]}}