{"id":478,"date":"2025-04-12T17:10:17","date_gmt":"2025-04-12T17:10:17","guid":{"rendered":"https:\/\/mog.com.vn\/renew\/product\/korean-logix-3800-%eb%82%b4%eb%b9%84%ea%b2%8c%ec%9d%b4%ec%85%98-%ec%88%98%eb%a6%ac-masan\/"},"modified":"2025-06-09T03:42:46","modified_gmt":"2025-06-09T03:42:46","slug":"korean-logix-3800-%eb%82%b4%eb%b9%84%ea%b2%8c%ec%9d%b4%ec%85%98-%ec%88%98%eb%a6%ac-masan","status":"publish","type":"product","link":"https:\/\/mog.com.vn\/vi\/product\/korean-logix-3800-%eb%82%b4%eb%b9%84%ea%b2%8c%ec%9d%b4%ec%85%98-%ec%88%98%eb%a6%ac-masan\/","title":{"rendered":"S\u1eeda b\u1ed9 \u0111\u1ecbnh v\u1ecb Logix 3800 \u2013 MASAN"},"content":{"rendered":"<strong>Th\u00f4ng tin:<\/strong><\/p>\n<p>B\u1ed9 \u0111\u1ecbnh v\u1ecb Logix 3800 series.<\/p>\n<p><strong>T\u00ecnh tr\u1ea1ng:<\/strong><\/p>\n<p>Kh\u00e1ch h\u00e0ng \u0111\u00e3 h\u1ed7 tr\u1ee3 l\u00e0m mounting cho b\u1ed9 \u0111\u1ecbnh v\u1ecb b\u1ecb h\u01b0 h\u1ecfng.<\/p>\n<p><strong>Th\u1ef1c hi\u1ec7n:<\/strong><\/p>\n<p><img loading=\"lazy\" decoding=\"async\" class=\"alignnone size-full wp-image-908\" src=\"https:\/\/sval.vn\/wp-content\/uploads\/2023\/03\/ATS-4.jpg\" alt=\"\" width=\"500\" height=\"333\" \/><\/p>\n<p>\u2013\u00a0\u00a0\u00a0\u00a0\u00a0\u00a0\u00a0\u00a0\u00a0\u00a0\u00a0\u00a0\u00a0 Ti\u1ebfn h\u00e0nh c\u1ea5p kh\u00ed v\u1edbi \u00e1p t\u0103ng d\u1ea7n cho actuator \u0111\u1ec3 ki\u1ec3m tra xem actuator c\u00f3 ho\u1ea1t \u0111\u1ed9ng m\u01b0\u1ee3t kh\u00f4ng;<\/p>\n<p>\u2013\u00a0\u00a0\u00a0\u00a0\u00a0\u00a0\u00a0\u00a0\u00a0\u00a0\u00a0\u00a0\u00a0 L\u1eafp Logix 3800 l\u00ean th\u00e2n ATS actuator;<\/p>\n<p>\u2013\u00a0\u00a0\u00a0\u00a0\u00a0\u00a0\u00a0\u00a0\u00a0\u00a0\u00a0\u00a0\u00a0 Hi\u1ec7u ch\u1ec9nh tr\u1ee5c feedback \u0111\u1ec3 h\u00e0nh tr\u00ecnh c\u1ee7a actuator v\u00e0 positioner ph\u00f9 h\u1ee3p v\u1edbi nhau;<\/p>\n<p>\u2013\u00a0\u00a0\u00a0\u00a0\u00a0\u00a0\u00a0\u00a0\u00a0\u00a0\u00a0\u00a0 Ki\u1ec3m tra g\u00f3c m\u1edf c\u1ee7a tr\u1ee5c feedback trong kho\u1ea3ng bao nhi\u00eau \u0111\u1ed9 l\u00e0 t\u1ed1i \u01b0u nh\u1ea5t;<\/p>\n<p>\u2013\u00a0\u00a0\u00a0\u00a0\u00a0\u00a0\u00a0\u00a0\u00a0\u00a0\u00a0\u00a0\u00a0 Ti\u1ebfn h\u00e0nh Calib cho Positioner \u0111\u1ec3 c\u00e0i \u0111\u1eb7t h\u00e0nh tr\u00ecnh cho actuator;<\/p>\n<p>\u2013\u00a0\u00a0\u00a0\u00a0\u00a0\u00a0\u00a0\u00a0\u00a0\u00a0\u00a0\u00a0\u00a0 Positioner \u0111i\u1ec1u khi\u1ec3n actuator ho\u1ea1t \u0111\u1ed9ng \u0111\u00f3ng m\u1edf b\u00ecnh th\u01b0\u1eddng;<\/p>\n<p>\u2013\u00a0\u00a0\u00a0\u00a0\u00a0\u00a0\u00a0\u00a0\u00a0\u00a0\u00a0\u00a0\u00a0 \u0110\u00e3 \u0111\u1ec3 kh\u00e1ch h\u00e0ng test t\u1eeb 0% \u2013 25% \u2013 50% \u2013 75% \u2013 100%.<\/p>\n<p><img loading=\"lazy\" decoding=\"async\" class=\"alignnone size-full wp-image-906\" src=\"https:\/\/sval.vn\/wp-content\/uploads\/2023\/03\/ATS-1.jpg\" alt=\"\" width=\"500\" height=\"333\" \/><\/p>\n<p><strong>\u0110\u1ec1 xu\u1ea5t kh\u00e1ch h\u00e0ng:<\/strong><\/p>\n<p>C\u1ea7n l\u00e0m mounting v\u00e0 tr\u1ee5c k\u1ebft n\u1ed1i feedback ch\u1eafc ch\u1eafn h\u01a1n.","protected":false},"excerpt":{"rendered":"<p>Th\u00f4ng tin: B\u1ed9 \u0111\u1ecbnh v\u1ecb Logix 3800 series. T\u00ecnh tr\u1ea1ng: Kh\u00e1ch h\u00e0ng \u0111\u00e3 h\u1ed7 tr\u1ee3 l\u00e0m mounting cho b\u1ed9 \u0111\u1ecbnh v\u1ecb b\u1ecb h\u01b0 h\u1ecfng. Th\u1ef1c hi\u1ec7n: \u2013\u00a0\u00a0\u00a0\u00a0\u00a0\u00a0\u00a0\u00a0\u00a0\u00a0\u00a0\u00a0\u00a0 Ti\u1ebfn h\u00e0nh c\u1ea5p kh\u00ed v\u1edbi \u00e1p t\u0103ng d\u1ea7n cho actuator \u0111\u1ec3 ki\u1ec3m tra xem actuator c\u00f3 ho\u1ea1t \u0111\u1ed9ng m\u01b0\u1ee3t kh\u00f4ng; \u2013\u00a0\u00a0\u00a0\u00a0\u00a0\u00a0\u00a0\u00a0\u00a0\u00a0\u00a0\u00a0\u00a0 L\u1eafp Logix 3800 l\u00ean th\u00e2n ATS actuator; [&#8230;]\n","protected":false},"featured_media":479,"comment_status":"closed","ping_status":"closed","template":"","meta":[],"product_brand":[],"product_cat":[45],"product_tag":[90],"class_list":{"0":"post-478","1":"product","2":"type-product","3":"status-publish","4":"has-post-thumbnail","6":"product_cat-valve-repair","7":"product_tag-logix-3800masanpositionersvalsval-vn","9":"first","10":"instock","11":"product-type-simple"},"yoast_head":"<!-- This site is optimized with the Yoast SEO Premium plugin v25.9 (Yoast SEO v25.9) - https:\/\/yoast.com\/wordpress\/plugins\/seo\/ -->\n<title>S\u1eeda b\u1ed9 \u0111\u1ecbnh v\u1ecb Logix 3800 \u2013 MASAN - Mog.com.vn<\/title>\n<meta name=\"robots\" content=\"index, follow, max-snippet:-1, max-image-preview:large, max-video-preview:-1\" \/>\n<link rel=\"canonical\" href=\"https:\/\/mog.com.vn\/product\/korean-logix-3800-\ub0b4\ube44\uac8c\uc774\uc158-\uc218\ub9ac-masan\/\" \/>\n<meta property=\"og:locale\" content=\"vi_VN\" \/>\n<meta property=\"og:type\" content=\"article\" \/>\n<meta property=\"og:title\" content=\"[:en]Logix 3800 Locator Repair \u2013 MASAN[:vi]S\u1eeda b\u1ed9 \u0111\u1ecbnh v\u1ecb Logix 3800 \u2013 MASAN[:ja]Logix 3800\u30dd\u30b8\u30b7\u30e7\u30ca\u30fc\u306e\u4fee\u7406 \u2013 MASAN[:kr]Logix 3800 \ub0b4\ube44\uac8c\uc774\uc158 \uc218\ub9ac \u2013 MASAN[:]\" \/>\n<meta property=\"og:description\" content=\"Th\u00f4ng tin: B\u1ed9 \u0111\u1ecbnh v\u1ecb Logix 3800 series. T\u00ecnh tr\u1ea1ng: Kh\u00e1ch h\u00e0ng \u0111\u00e3 h\u1ed7 tr\u1ee3 l\u00e0m mounting cho b\u1ed9 \u0111\u1ecbnh v\u1ecb b\u1ecb h\u01b0 h\u1ecfng. Th\u1ef1c hi\u1ec7n: \u2013\u00a0\u00a0\u00a0\u00a0\u00a0\u00a0\u00a0\u00a0\u00a0\u00a0\u00a0\u00a0\u00a0 Ti\u1ebfn h\u00e0nh c\u1ea5p kh\u00ed v\u1edbi \u00e1p t\u0103ng d\u1ea7n cho actuator \u0111\u1ec3 ki\u1ec3m tra xem actuator c\u00f3 ho\u1ea1t \u0111\u1ed9ng m\u01b0\u1ee3t kh\u00f4ng; \u2013\u00a0\u00a0\u00a0\u00a0\u00a0\u00a0\u00a0\u00a0\u00a0\u00a0\u00a0\u00a0\u00a0 L\u1eafp Logix 3800 l\u00ean th\u00e2n ATS actuator; [...]\" \/>\n<meta property=\"og:url\" content=\"https:\/\/mog.com.vn\/product\/korean-logix-3800-\ub0b4\ube44\uac8c\uc774\uc158-\uc218\ub9ac-masan\/\" \/>\n<meta property=\"og:site_name\" content=\"Mog.com.vn\" \/>\n<meta property=\"article:modified_time\" content=\"2025-06-09T03:42:46+00:00\" \/>\n<meta property=\"og:image\" content=\"https:\/\/mog.com.vn\/wp-content\/uploads\/2025\/04\/Screenshot-2023-03-10-083128.png\" \/>\n\t<meta property=\"og:image:width\" content=\"448\" \/>\n\t<meta property=\"og:image:height\" content=\"552\" \/>\n\t<meta property=\"og:image:type\" content=\"image\/png\" \/>\n<meta name=\"twitter:card\" content=\"summary_large_image\" \/>\n<meta name=\"twitter:label1\" content=\"\u01af\u1edbc t\u00ednh th\u1eddi gian \u0111\u1ecdc\" \/>\n\t<meta name=\"twitter:data1\" content=\"2 ph\u00fat\" \/>\n<script type=\"application\/ld+json\" class=\"yoast-schema-graph\">{\"@context\":\"https:\/\/schema.org\",\"@graph\":[{\"@type\":\"WebPage\",\"@id\":\"https:\/\/mog.com.vn\/product\/korean-logix-3800-%eb%82%b4%eb%b9%84%ea%b2%8c%ec%9d%b4%ec%85%98-%ec%88%98%eb%a6%ac-masan\/\",\"url\":\"https:\/\/mog.com.vn\/product\/korean-logix-3800-%eb%82%b4%eb%b9%84%ea%b2%8c%ec%9d%b4%ec%85%98-%ec%88%98%eb%a6%ac-masan\/\",\"name\":\"[:en]Logix 3800 Locator Repair \u2013 MASAN[:vi]S\u1eeda b\u1ed9 \u0111\u1ecbnh v\u1ecb Logix 3800 \u2013 MASAN[:ja]Logix 3800\u30dd\u30b8\u30b7\u30e7\u30ca\u30fc\u306e\u4fee\u7406 \u2013 MASAN[:kr]Logix 3800 \ub0b4\ube44\uac8c\uc774\uc158 \uc218\ub9ac \u2013 MASAN[:] - Mog.com.vn\",\"isPartOf\":{\"@id\":\"https:\/\/mog.com.vn\/#website\"},\"primaryImageOfPage\":{\"@id\":\"https:\/\/mog.com.vn\/product\/korean-logix-3800-%eb%82%b4%eb%b9%84%ea%b2%8c%ec%9d%b4%ec%85%98-%ec%88%98%eb%a6%ac-masan\/#primaryimage\"},\"image\":{\"@id\":\"https:\/\/mog.com.vn\/product\/korean-logix-3800-%eb%82%b4%eb%b9%84%ea%b2%8c%ec%9d%b4%ec%85%98-%ec%88%98%eb%a6%ac-masan\/#primaryimage\"},\"thumbnailUrl\":\"https:\/\/mog.com.vn\/wp-content\/uploads\/2025\/04\/Screenshot-2023-03-10-083128.png\",\"datePublished\":\"2025-04-12T17:10:17+00:00\",\"dateModified\":\"2025-06-09T03:42:46+00:00\",\"breadcrumb\":{\"@id\":\"https:\/\/mog.com.vn\/product\/korean-logix-3800-%eb%82%b4%eb%b9%84%ea%b2%8c%ec%9d%b4%ec%85%98-%ec%88%98%eb%a6%ac-masan\/#breadcrumb\"},\"inLanguage\":\"vi\",\"potentialAction\":[{\"@type\":\"ReadAction\",\"target\":[\"https:\/\/mog.com.vn\/product\/korean-logix-3800-%eb%82%b4%eb%b9%84%ea%b2%8c%ec%9d%b4%ec%85%98-%ec%88%98%eb%a6%ac-masan\/\"]}]},{\"@type\":\"ImageObject\",\"inLanguage\":\"vi\",\"@id\":\"https:\/\/mog.com.vn\/product\/korean-logix-3800-%eb%82%b4%eb%b9%84%ea%b2%8c%ec%9d%b4%ec%85%98-%ec%88%98%eb%a6%ac-masan\/#primaryimage\",\"url\":\"https:\/\/mog.com.vn\/wp-content\/uploads\/2025\/04\/Screenshot-2023-03-10-083128.png\",\"contentUrl\":\"https:\/\/mog.com.vn\/wp-content\/uploads\/2025\/04\/Screenshot-2023-03-10-083128.png\",\"width\":448,\"height\":552},{\"@type\":\"BreadcrumbList\",\"@id\":\"https:\/\/mog.com.vn\/product\/korean-logix-3800-%eb%82%b4%eb%b9%84%ea%b2%8c%ec%9d%b4%ec%85%98-%ec%88%98%eb%a6%ac-masan\/#breadcrumb\",\"itemListElement\":[{\"@type\":\"ListItem\",\"position\":1,\"name\":\"Home\",\"item\":\"https:\/\/mog.com.vn\/\"},{\"@type\":\"ListItem\",\"position\":2,\"name\":\"Shop\",\"item\":\"https:\/\/mog.com.vn\/shop\/\"},{\"@type\":\"ListItem\",\"position\":3,\"name\":\"Logix 3800 Locator Repair \u2013 MASAN\"}]},{\"@type\":\"WebSite\",\"@id\":\"https:\/\/mog.com.vn\/#website\",\"url\":\"https:\/\/mog.com.vn\/\",\"name\":\"Mog.com.vn\",\"description\":\"FLOW Control Solutions\",\"publisher\":{\"@id\":\"https:\/\/mog.com.vn\/#organization\"},\"potentialAction\":[{\"@type\":\"SearchAction\",\"target\":{\"@type\":\"EntryPoint\",\"urlTemplate\":\"https:\/\/mog.com.vn\/?s={search_term_string}\"},\"query-input\":{\"@type\":\"PropertyValueSpecification\",\"valueRequired\":true,\"valueName\":\"search_term_string\"}}],\"inLanguage\":\"vi\"},{\"@type\":\"Organization\",\"@id\":\"https:\/\/mog.com.vn\/#organization\",\"name\":\"Mog.com.vn\",\"url\":\"https:\/\/mog.com.vn\/\",\"logo\":{\"@type\":\"ImageObject\",\"inLanguage\":\"vi\",\"@id\":\"https:\/\/mog.com.vn\/#\/schema\/logo\/image\/\",\"url\":\"https:\/\/mog.com.vn\/wp-content\/uploads\/2025\/10\/Logo-MOG.jpg\",\"contentUrl\":\"https:\/\/mog.com.vn\/wp-content\/uploads\/2025\/10\/Logo-MOG.jpg\",\"width\":755,\"height\":230,\"caption\":\"Mog.com.vn\"},\"image\":{\"@id\":\"https:\/\/mog.com.vn\/#\/schema\/logo\/image\/\"},\"description\":\"Gi\u1ea3i ph\u00e1p C\u01a1 kh\u00ed ch\u00ednh x\u00e1c & Van c\u00f4ng nghi\u1ec7p to\u00e0n di\u1ec7n cho doanh nghi\u1ec7p c\u1ee7a b\u1ea1n.\",\"email\":\"giacongcokhimog@gmail.com\",\"telephone\":\"090 311 4883\"}]}<\/script>\n<!-- \/ Yoast SEO Premium plugin. -->","yoast_head_json":{"title":"[:en]Logix 3800 Locator Repair \u2013 MASAN[:vi]S\u1eeda b\u1ed9 \u0111\u1ecbnh v\u1ecb Logix 3800 \u2013 MASAN[:ja]Logix 3800\u30dd\u30b8\u30b7\u30e7\u30ca\u30fc\u306e\u4fee\u7406 \u2013 MASAN[:kr]Logix 3800 \ub0b4\ube44\uac8c\uc774\uc158 \uc218\ub9ac \u2013 MASAN[:] - Mog.com.vn","robots":{"index":"index","follow":"follow","max-snippet":"max-snippet:-1","max-image-preview":"max-image-preview:large","max-video-preview":"max-video-preview:-1"},"canonical":"https:\/\/mog.com.vn\/product\/korean-logix-3800-\ub0b4\ube44\uac8c\uc774\uc158-\uc218\ub9ac-masan\/","og_locale":"vi_VN","og_type":"article","og_title":"[:en]Logix 3800 Locator Repair \u2013 MASAN[:vi]S\u1eeda b\u1ed9 \u0111\u1ecbnh v\u1ecb Logix 3800 \u2013 MASAN[:ja]Logix 3800\u30dd\u30b8\u30b7\u30e7\u30ca\u30fc\u306e\u4fee\u7406 \u2013 MASAN[:kr]Logix 3800 \ub0b4\ube44\uac8c\uc774\uc158 \uc218\ub9ac \u2013 MASAN[:]","og_description":"Th\u00f4ng tin: B\u1ed9 \u0111\u1ecbnh v\u1ecb Logix 3800 series. T\u00ecnh tr\u1ea1ng: Kh\u00e1ch h\u00e0ng \u0111\u00e3 h\u1ed7 tr\u1ee3 l\u00e0m mounting cho b\u1ed9 \u0111\u1ecbnh v\u1ecb b\u1ecb h\u01b0 h\u1ecfng. Th\u1ef1c hi\u1ec7n: \u2013\u00a0\u00a0\u00a0\u00a0\u00a0\u00a0\u00a0\u00a0\u00a0\u00a0\u00a0\u00a0\u00a0 Ti\u1ebfn h\u00e0nh c\u1ea5p kh\u00ed v\u1edbi \u00e1p t\u0103ng d\u1ea7n cho actuator \u0111\u1ec3 ki\u1ec3m tra xem actuator c\u00f3 ho\u1ea1t \u0111\u1ed9ng m\u01b0\u1ee3t kh\u00f4ng; \u2013\u00a0\u00a0\u00a0\u00a0\u00a0\u00a0\u00a0\u00a0\u00a0\u00a0\u00a0\u00a0\u00a0 L\u1eafp Logix 3800 l\u00ean th\u00e2n ATS actuator; [...]","og_url":"https:\/\/mog.com.vn\/product\/korean-logix-3800-\ub0b4\ube44\uac8c\uc774\uc158-\uc218\ub9ac-masan\/","og_site_name":"Mog.com.vn","article_modified_time":"2025-06-09T03:42:46+00:00","og_image":[{"width":448,"height":552,"url":"https:\/\/mog.com.vn\/wp-content\/uploads\/2025\/04\/Screenshot-2023-03-10-083128.png","type":"image\/png"}],"twitter_card":"summary_large_image","twitter_misc":{"\u01af\u1edbc t\u00ednh th\u1eddi gian \u0111\u1ecdc":"2 ph\u00fat"},"schema":{"@context":"https:\/\/schema.org","@graph":[{"@type":"WebPage","@id":"https:\/\/mog.com.vn\/product\/korean-logix-3800-%eb%82%b4%eb%b9%84%ea%b2%8c%ec%9d%b4%ec%85%98-%ec%88%98%eb%a6%ac-masan\/","url":"https:\/\/mog.com.vn\/product\/korean-logix-3800-%eb%82%b4%eb%b9%84%ea%b2%8c%ec%9d%b4%ec%85%98-%ec%88%98%eb%a6%ac-masan\/","name":"[:en]Logix 3800 Locator Repair \u2013 MASAN[:vi]S\u1eeda b\u1ed9 \u0111\u1ecbnh v\u1ecb Logix 3800 \u2013 MASAN[:ja]Logix 3800\u30dd\u30b8\u30b7\u30e7\u30ca\u30fc\u306e\u4fee\u7406 \u2013 MASAN[:kr]Logix 3800 \ub0b4\ube44\uac8c\uc774\uc158 \uc218\ub9ac \u2013 MASAN[:] - Mog.com.vn","isPartOf":{"@id":"https:\/\/mog.com.vn\/#website"},"primaryImageOfPage":{"@id":"https:\/\/mog.com.vn\/product\/korean-logix-3800-%eb%82%b4%eb%b9%84%ea%b2%8c%ec%9d%b4%ec%85%98-%ec%88%98%eb%a6%ac-masan\/#primaryimage"},"image":{"@id":"https:\/\/mog.com.vn\/product\/korean-logix-3800-%eb%82%b4%eb%b9%84%ea%b2%8c%ec%9d%b4%ec%85%98-%ec%88%98%eb%a6%ac-masan\/#primaryimage"},"thumbnailUrl":"https:\/\/mog.com.vn\/wp-content\/uploads\/2025\/04\/Screenshot-2023-03-10-083128.png","datePublished":"2025-04-12T17:10:17+00:00","dateModified":"2025-06-09T03:42:46+00:00","breadcrumb":{"@id":"https:\/\/mog.com.vn\/product\/korean-logix-3800-%eb%82%b4%eb%b9%84%ea%b2%8c%ec%9d%b4%ec%85%98-%ec%88%98%eb%a6%ac-masan\/#breadcrumb"},"inLanguage":"vi","potentialAction":[{"@type":"ReadAction","target":["https:\/\/mog.com.vn\/product\/korean-logix-3800-%eb%82%b4%eb%b9%84%ea%b2%8c%ec%9d%b4%ec%85%98-%ec%88%98%eb%a6%ac-masan\/"]}]},{"@type":"ImageObject","inLanguage":"vi","@id":"https:\/\/mog.com.vn\/product\/korean-logix-3800-%eb%82%b4%eb%b9%84%ea%b2%8c%ec%9d%b4%ec%85%98-%ec%88%98%eb%a6%ac-masan\/#primaryimage","url":"https:\/\/mog.com.vn\/wp-content\/uploads\/2025\/04\/Screenshot-2023-03-10-083128.png","contentUrl":"https:\/\/mog.com.vn\/wp-content\/uploads\/2025\/04\/Screenshot-2023-03-10-083128.png","width":448,"height":552},{"@type":"BreadcrumbList","@id":"https:\/\/mog.com.vn\/product\/korean-logix-3800-%eb%82%b4%eb%b9%84%ea%b2%8c%ec%9d%b4%ec%85%98-%ec%88%98%eb%a6%ac-masan\/#breadcrumb","itemListElement":[{"@type":"ListItem","position":1,"name":"Home","item":"https:\/\/mog.com.vn\/"},{"@type":"ListItem","position":2,"name":"Shop","item":"https:\/\/mog.com.vn\/shop\/"},{"@type":"ListItem","position":3,"name":"Logix 3800 Locator Repair \u2013 MASAN"}]},{"@type":"WebSite","@id":"https:\/\/mog.com.vn\/#website","url":"https:\/\/mog.com.vn\/","name":"Mog.com.vn","description":"FLOW Control Solutions","publisher":{"@id":"https:\/\/mog.com.vn\/#organization"},"potentialAction":[{"@type":"SearchAction","target":{"@type":"EntryPoint","urlTemplate":"https:\/\/mog.com.vn\/?s={search_term_string}"},"query-input":{"@type":"PropertyValueSpecification","valueRequired":true,"valueName":"search_term_string"}}],"inLanguage":"vi"},{"@type":"Organization","@id":"https:\/\/mog.com.vn\/#organization","name":"Mog.com.vn","url":"https:\/\/mog.com.vn\/","logo":{"@type":"ImageObject","inLanguage":"vi","@id":"https:\/\/mog.com.vn\/#\/schema\/logo\/image\/","url":"https:\/\/mog.com.vn\/wp-content\/uploads\/2025\/10\/Logo-MOG.jpg","contentUrl":"https:\/\/mog.com.vn\/wp-content\/uploads\/2025\/10\/Logo-MOG.jpg","width":755,"height":230,"caption":"Mog.com.vn"},"image":{"@id":"https:\/\/mog.com.vn\/#\/schema\/logo\/image\/"},"description":"Gi\u1ea3i ph\u00e1p C\u01a1 kh\u00ed ch\u00ednh x\u00e1c & Van c\u00f4ng nghi\u1ec7p to\u00e0n di\u1ec7n cho doanh nghi\u1ec7p c\u1ee7a b\u1ea1n.","email":"giacongcokhimog@gmail.com","telephone":"090 311 4883"}]}},"_links":{"self":[{"href":"https:\/\/mog.com.vn\/vi\/wp-json\/wp\/v2\/product\/478","targetHints":{"allow":["GET"]}}],"collection":[{"href":"https:\/\/mog.com.vn\/vi\/wp-json\/wp\/v2\/product"}],"about":[{"href":"https:\/\/mog.com.vn\/vi\/wp-json\/wp\/v2\/types\/product"}],"replies":[{"embeddable":true,"href":"https:\/\/mog.com.vn\/vi\/wp-json\/wp\/v2\/comments?post=478"}],"wp:featuredmedia":[{"embeddable":true,"href":"https:\/\/mog.com.vn\/vi\/wp-json\/wp\/v2\/media\/479"}],"wp:attachment":[{"href":"https:\/\/mog.com.vn\/vi\/wp-json\/wp\/v2\/media?parent=478"}],"wp:term":[{"taxonomy":"product_brand","embeddable":true,"href":"https:\/\/mog.com.vn\/vi\/wp-json\/wp\/v2\/product_brand?post=478"},{"taxonomy":"product_cat","embeddable":true,"href":"https:\/\/mog.com.vn\/vi\/wp-json\/wp\/v2\/product_cat?post=478"},{"taxonomy":"product_tag","embeddable":true,"href":"https:\/\/mog.com.vn\/vi\/wp-json\/wp\/v2\/product_tag?post=478"}],"curies":[{"name":"wp","href":"https:\/\/api.w.org\/{rel}","templated":true}]}}