{"id":486,"date":"2025-04-12T17:10:43","date_gmt":"2025-04-12T17:10:43","guid":{"rendered":"https:\/\/mog.com.vn\/renew\/product\/korean-lcd-%ea%b3%a0%ec%9e%a5-logix-520md-%eb%82%b4%eb%b9%84%ea%b2%8c%ec%9d%b4%ec%85%98-%ec%88%98%eb%a6%ac-korea-zinc\/"},"modified":"2025-06-09T03:46:43","modified_gmt":"2025-06-09T03:46:43","slug":"korean-lcd-%ea%b3%a0%ec%9e%a5-logix-520md-%eb%82%b4%eb%b9%84%ea%b2%8c%ec%9d%b4%ec%85%98-%ec%88%98%eb%a6%ac-korea-zinc","status":"publish","type":"product","link":"https:\/\/mog.com.vn\/vi\/product\/korean-lcd-%ea%b3%a0%ec%9e%a5-logix-520md-%eb%82%b4%eb%b9%84%ea%b2%8c%ec%9d%b4%ec%85%98-%ec%88%98%eb%a6%ac-korea-zinc\/","title":{"rendered":"S\u1eeda b\u1ed9 \u0111\u1ecbnh v\u1ecb Logix 520MD h\u1ecfng m\u00e0n LCD \u2013 Korea Zinc"},"content":{"rendered":"<strong>Th\u00f4ng tin:<\/strong><\/p>\n<p>B\u1ed9 \u0111\u1ecbnh v\u1ecb Logix 520MD.<\/p>\n<p><strong>T\u00ecnh tr\u1ea1ng:<\/strong><\/p>\n<p>M\u00e0n LCD b\u1ecb l\u1ed7i hi\u1ec3n th\u1ecb, nh\u1ea5p nh\u00e1y li\u00ean t\u1ee5c.<\/p>\n<p><img loading=\"lazy\" decoding=\"async\" class=\"alignnone size-full wp-image-961\" src=\"https:\/\/sval.vn\/wp-content\/uploads\/2023\/03\/Screenshot-2023-03-19-154958.png\" alt=\"\" width=\"202\" height=\"212\" \/><\/p>\n<p><strong>Th\u1ef1c hi\u1ec7n:<\/strong><\/p>\n<p>Th\u00e1o positioner ra ki\u1ec3m tra x\u00e1c \u0111\u1ecbnh nguy\u00ean nh\u00e2n m\u00e0n h\u00ecnh b\u1ecb l\u1ed7i l\u00e0 do b\u1ecb \u1ea9m b\u1edfi h\u01a1i n\u01b0\u1edbc;<\/p>\n<p>Thay m\u1edbi m\u00e0n LCD;<\/p>\n<p>Ki\u1ec3m tra positioner sau khi thay m\u1edbi, positioner ho\u1ea1t \u0111\u1ed9ng b\u00ecnh th\u01b0\u1eddng.","protected":false},"excerpt":{"rendered":"<p>Th\u00f4ng tin: B\u1ed9 \u0111\u1ecbnh v\u1ecb Logix 520MD. T\u00ecnh tr\u1ea1ng: M\u00e0n LCD b\u1ecb l\u1ed7i hi\u1ec3n th\u1ecb, nh\u1ea5p nh\u00e1y li\u00ean t\u1ee5c. Th\u1ef1c hi\u1ec7n: Th\u00e1o positioner ra ki\u1ec3m tra x\u00e1c \u0111\u1ecbnh nguy\u00ean nh\u00e2n m\u00e0n h\u00ecnh b\u1ecb l\u1ed7i l\u00e0 do b\u1ecb \u1ea9m b\u1edfi h\u01a1i n\u01b0\u1edbc; Thay m\u1edbi m\u00e0n LCD; Ki\u1ec3m tra positioner sau khi thay m\u1edbi, positioner ho\u1ea1t \u0111\u1ed9ng [&#8230;]\n","protected":false},"featured_media":487,"comment_status":"closed","ping_status":"closed","template":"","meta":[],"product_brand":[],"product_cat":[45],"product_tag":[94],"class_list":{"0":"post-486","1":"product","2":"type-product","3":"status-publish","4":"has-post-thumbnail","6":"product_cat-valve-repair","7":"product_tag-korean-zinclcd-logix-520mdpositioner-","9":"first","10":"instock","11":"product-type-simple"},"yoast_head":"<!-- This site is optimized with the Yoast SEO Premium plugin v25.9 (Yoast SEO v25.9) - https:\/\/yoast.com\/wordpress\/plugins\/seo\/ -->\n<title>S\u1eeda b\u1ed9 \u0111\u1ecbnh v\u1ecb Logix 520MD h\u1ecfng m\u00e0n LCD \u2013 Korea Zinc - Mog.com.vn<\/title>\n<meta name=\"robots\" content=\"index, follow, max-snippet:-1, max-image-preview:large, max-video-preview:-1\" \/>\n<link rel=\"canonical\" href=\"https:\/\/mog.com.vn\/product\/korean-lcd-\uace0\uc7a5-logix-520md-\ub0b4\ube44\uac8c\uc774\uc158-\uc218\ub9ac-korea-zinc\/\" \/>\n<meta property=\"og:locale\" content=\"vi_VN\" \/>\n<meta property=\"og:type\" content=\"article\" \/>\n<meta property=\"og:title\" content=\"[:en]Logix 520MD Positioner LCD Repair \u2013 Korea Zinc[:vi]S\u1eeda b\u1ed9 \u0111\u1ecbnh v\u1ecb Logix 520MD h\u1ecfng m\u00e0n LCD \u2013 Korea Zinc[:ja]\u6db2\u6676\u753b\u9762\u304c\u6545\u969c\u3057\u305fLogix 520MD\u30dd\u30b8\u30b7\u30e7\u30ca\u30fc\u306e\u4fee\u7406 \u2013 Korea Zinc[:kr]LCD \uace0\uc7a5 Logix 520MD \ub0b4\ube44\uac8c\uc774\uc158 \uc218\ub9ac - KOREA Zinc[:]\" \/>\n<meta property=\"og:description\" content=\"Th\u00f4ng tin: B\u1ed9 \u0111\u1ecbnh v\u1ecb Logix 520MD. T\u00ecnh tr\u1ea1ng: M\u00e0n LCD b\u1ecb l\u1ed7i hi\u1ec3n th\u1ecb, nh\u1ea5p nh\u00e1y li\u00ean t\u1ee5c. Th\u1ef1c hi\u1ec7n: Th\u00e1o positioner ra ki\u1ec3m tra x\u00e1c \u0111\u1ecbnh nguy\u00ean nh\u00e2n m\u00e0n h\u00ecnh b\u1ecb l\u1ed7i l\u00e0 do b\u1ecb \u1ea9m b\u1edfi h\u01a1i n\u01b0\u1edbc; Thay m\u1edbi m\u00e0n LCD; Ki\u1ec3m tra positioner sau khi thay m\u1edbi, positioner ho\u1ea1t \u0111\u1ed9ng [...]\" \/>\n<meta property=\"og:url\" content=\"https:\/\/mog.com.vn\/product\/korean-lcd-\uace0\uc7a5-logix-520md-\ub0b4\ube44\uac8c\uc774\uc158-\uc218\ub9ac-korea-zinc\/\" \/>\n<meta property=\"og:site_name\" content=\"Mog.com.vn\" \/>\n<meta property=\"article:modified_time\" content=\"2025-06-09T03:46:43+00:00\" \/>\n<meta property=\"og:image\" content=\"https:\/\/mog.com.vn\/wp-content\/uploads\/2025\/04\/Screenshot-2023-03-19-154815.png\" \/>\n\t<meta property=\"og:image:width\" content=\"251\" \/>\n\t<meta property=\"og:image:height\" content=\"187\" \/>\n\t<meta property=\"og:image:type\" content=\"image\/png\" \/>\n<meta name=\"twitter:card\" content=\"summary_large_image\" \/>\n<meta name=\"twitter:label1\" content=\"\u01af\u1edbc t\u00ednh th\u1eddi gian \u0111\u1ecdc\" \/>\n\t<meta name=\"twitter:data1\" content=\"1 ph\u00fat\" \/>\n<script type=\"application\/ld+json\" class=\"yoast-schema-graph\">{\"@context\":\"https:\/\/schema.org\",\"@graph\":[{\"@type\":\"WebPage\",\"@id\":\"https:\/\/mog.com.vn\/product\/korean-lcd-%ea%b3%a0%ec%9e%a5-logix-520md-%eb%82%b4%eb%b9%84%ea%b2%8c%ec%9d%b4%ec%85%98-%ec%88%98%eb%a6%ac-korea-zinc\/\",\"url\":\"https:\/\/mog.com.vn\/product\/korean-lcd-%ea%b3%a0%ec%9e%a5-logix-520md-%eb%82%b4%eb%b9%84%ea%b2%8c%ec%9d%b4%ec%85%98-%ec%88%98%eb%a6%ac-korea-zinc\/\",\"name\":\"[:en]Logix 520MD Positioner LCD Repair \u2013 Korea Zinc[:vi]S\u1eeda b\u1ed9 \u0111\u1ecbnh v\u1ecb Logix 520MD h\u1ecfng m\u00e0n LCD \u2013 Korea Zinc[:ja]\u6db2\u6676\u753b\u9762\u304c\u6545\u969c\u3057\u305fLogix 520MD\u30dd\u30b8\u30b7\u30e7\u30ca\u30fc\u306e\u4fee\u7406 \u2013 Korea Zinc[:kr]LCD \uace0\uc7a5 Logix 520MD \ub0b4\ube44\uac8c\uc774\uc158 \uc218\ub9ac - KOREA Zinc[:] - Mog.com.vn\",\"isPartOf\":{\"@id\":\"https:\/\/mog.com.vn\/#website\"},\"primaryImageOfPage\":{\"@id\":\"https:\/\/mog.com.vn\/product\/korean-lcd-%ea%b3%a0%ec%9e%a5-logix-520md-%eb%82%b4%eb%b9%84%ea%b2%8c%ec%9d%b4%ec%85%98-%ec%88%98%eb%a6%ac-korea-zinc\/#primaryimage\"},\"image\":{\"@id\":\"https:\/\/mog.com.vn\/product\/korean-lcd-%ea%b3%a0%ec%9e%a5-logix-520md-%eb%82%b4%eb%b9%84%ea%b2%8c%ec%9d%b4%ec%85%98-%ec%88%98%eb%a6%ac-korea-zinc\/#primaryimage\"},\"thumbnailUrl\":\"https:\/\/mog.com.vn\/wp-content\/uploads\/2025\/04\/Screenshot-2023-03-19-154815.png\",\"datePublished\":\"2025-04-12T17:10:43+00:00\",\"dateModified\":\"2025-06-09T03:46:43+00:00\",\"breadcrumb\":{\"@id\":\"https:\/\/mog.com.vn\/product\/korean-lcd-%ea%b3%a0%ec%9e%a5-logix-520md-%eb%82%b4%eb%b9%84%ea%b2%8c%ec%9d%b4%ec%85%98-%ec%88%98%eb%a6%ac-korea-zinc\/#breadcrumb\"},\"inLanguage\":\"vi\",\"potentialAction\":[{\"@type\":\"ReadAction\",\"target\":[\"https:\/\/mog.com.vn\/product\/korean-lcd-%ea%b3%a0%ec%9e%a5-logix-520md-%eb%82%b4%eb%b9%84%ea%b2%8c%ec%9d%b4%ec%85%98-%ec%88%98%eb%a6%ac-korea-zinc\/\"]}]},{\"@type\":\"ImageObject\",\"inLanguage\":\"vi\",\"@id\":\"https:\/\/mog.com.vn\/product\/korean-lcd-%ea%b3%a0%ec%9e%a5-logix-520md-%eb%82%b4%eb%b9%84%ea%b2%8c%ec%9d%b4%ec%85%98-%ec%88%98%eb%a6%ac-korea-zinc\/#primaryimage\",\"url\":\"https:\/\/mog.com.vn\/wp-content\/uploads\/2025\/04\/Screenshot-2023-03-19-154815.png\",\"contentUrl\":\"https:\/\/mog.com.vn\/wp-content\/uploads\/2025\/04\/Screenshot-2023-03-19-154815.png\",\"width\":251,\"height\":187},{\"@type\":\"BreadcrumbList\",\"@id\":\"https:\/\/mog.com.vn\/product\/korean-lcd-%ea%b3%a0%ec%9e%a5-logix-520md-%eb%82%b4%eb%b9%84%ea%b2%8c%ec%9d%b4%ec%85%98-%ec%88%98%eb%a6%ac-korea-zinc\/#breadcrumb\",\"itemListElement\":[{\"@type\":\"ListItem\",\"position\":1,\"name\":\"Home\",\"item\":\"https:\/\/mog.com.vn\/\"},{\"@type\":\"ListItem\",\"position\":2,\"name\":\"Shop\",\"item\":\"https:\/\/mog.com.vn\/shop\/\"},{\"@type\":\"ListItem\",\"position\":3,\"name\":\"Logix 520MD Positioner LCD Repair \u2013 Korea Zinc\"}]},{\"@type\":\"WebSite\",\"@id\":\"https:\/\/mog.com.vn\/#website\",\"url\":\"https:\/\/mog.com.vn\/\",\"name\":\"Mog.com.vn\",\"description\":\"FLOW Control Solutions\",\"publisher\":{\"@id\":\"https:\/\/mog.com.vn\/#organization\"},\"potentialAction\":[{\"@type\":\"SearchAction\",\"target\":{\"@type\":\"EntryPoint\",\"urlTemplate\":\"https:\/\/mog.com.vn\/?s={search_term_string}\"},\"query-input\":{\"@type\":\"PropertyValueSpecification\",\"valueRequired\":true,\"valueName\":\"search_term_string\"}}],\"inLanguage\":\"vi\"},{\"@type\":\"Organization\",\"@id\":\"https:\/\/mog.com.vn\/#organization\",\"name\":\"Mog.com.vn\",\"url\":\"https:\/\/mog.com.vn\/\",\"logo\":{\"@type\":\"ImageObject\",\"inLanguage\":\"vi\",\"@id\":\"https:\/\/mog.com.vn\/#\/schema\/logo\/image\/\",\"url\":\"https:\/\/mog.com.vn\/wp-content\/uploads\/2025\/10\/Logo-MOG.jpg\",\"contentUrl\":\"https:\/\/mog.com.vn\/wp-content\/uploads\/2025\/10\/Logo-MOG.jpg\",\"width\":755,\"height\":230,\"caption\":\"Mog.com.vn\"},\"image\":{\"@id\":\"https:\/\/mog.com.vn\/#\/schema\/logo\/image\/\"},\"description\":\"Gi\u1ea3i ph\u00e1p C\u01a1 kh\u00ed ch\u00ednh x\u00e1c & Van c\u00f4ng nghi\u1ec7p to\u00e0n di\u1ec7n cho doanh nghi\u1ec7p c\u1ee7a b\u1ea1n.\",\"email\":\"giacongcokhimog@gmail.com\",\"telephone\":\"090 311 4883\"}]}<\/script>\n<!-- \/ Yoast SEO Premium plugin. -->","yoast_head_json":{"title":"[:en]Logix 520MD Positioner LCD Repair \u2013 Korea Zinc[:vi]S\u1eeda b\u1ed9 \u0111\u1ecbnh v\u1ecb Logix 520MD h\u1ecfng m\u00e0n LCD \u2013 Korea Zinc[:ja]\u6db2\u6676\u753b\u9762\u304c\u6545\u969c\u3057\u305fLogix 520MD\u30dd\u30b8\u30b7\u30e7\u30ca\u30fc\u306e\u4fee\u7406 \u2013 Korea Zinc[:kr]LCD \uace0\uc7a5 Logix 520MD \ub0b4\ube44\uac8c\uc774\uc158 \uc218\ub9ac - KOREA Zinc[:] - Mog.com.vn","robots":{"index":"index","follow":"follow","max-snippet":"max-snippet:-1","max-image-preview":"max-image-preview:large","max-video-preview":"max-video-preview:-1"},"canonical":"https:\/\/mog.com.vn\/product\/korean-lcd-\uace0\uc7a5-logix-520md-\ub0b4\ube44\uac8c\uc774\uc158-\uc218\ub9ac-korea-zinc\/","og_locale":"vi_VN","og_type":"article","og_title":"[:en]Logix 520MD Positioner LCD Repair \u2013 Korea Zinc[:vi]S\u1eeda b\u1ed9 \u0111\u1ecbnh v\u1ecb Logix 520MD h\u1ecfng m\u00e0n LCD \u2013 Korea Zinc[:ja]\u6db2\u6676\u753b\u9762\u304c\u6545\u969c\u3057\u305fLogix 520MD\u30dd\u30b8\u30b7\u30e7\u30ca\u30fc\u306e\u4fee\u7406 \u2013 Korea Zinc[:kr]LCD \uace0\uc7a5 Logix 520MD \ub0b4\ube44\uac8c\uc774\uc158 \uc218\ub9ac - KOREA Zinc[:]","og_description":"Th\u00f4ng tin: B\u1ed9 \u0111\u1ecbnh v\u1ecb Logix 520MD. T\u00ecnh tr\u1ea1ng: M\u00e0n LCD b\u1ecb l\u1ed7i hi\u1ec3n th\u1ecb, nh\u1ea5p nh\u00e1y li\u00ean t\u1ee5c. Th\u1ef1c hi\u1ec7n: Th\u00e1o positioner ra ki\u1ec3m tra x\u00e1c \u0111\u1ecbnh nguy\u00ean nh\u00e2n m\u00e0n h\u00ecnh b\u1ecb l\u1ed7i l\u00e0 do b\u1ecb \u1ea9m b\u1edfi h\u01a1i n\u01b0\u1edbc; Thay m\u1edbi m\u00e0n LCD; Ki\u1ec3m tra positioner sau khi thay m\u1edbi, positioner ho\u1ea1t \u0111\u1ed9ng [...]","og_url":"https:\/\/mog.com.vn\/product\/korean-lcd-\uace0\uc7a5-logix-520md-\ub0b4\ube44\uac8c\uc774\uc158-\uc218\ub9ac-korea-zinc\/","og_site_name":"Mog.com.vn","article_modified_time":"2025-06-09T03:46:43+00:00","og_image":[{"width":251,"height":187,"url":"https:\/\/mog.com.vn\/wp-content\/uploads\/2025\/04\/Screenshot-2023-03-19-154815.png","type":"image\/png"}],"twitter_card":"summary_large_image","twitter_misc":{"\u01af\u1edbc t\u00ednh th\u1eddi gian \u0111\u1ecdc":"1 ph\u00fat"},"schema":{"@context":"https:\/\/schema.org","@graph":[{"@type":"WebPage","@id":"https:\/\/mog.com.vn\/product\/korean-lcd-%ea%b3%a0%ec%9e%a5-logix-520md-%eb%82%b4%eb%b9%84%ea%b2%8c%ec%9d%b4%ec%85%98-%ec%88%98%eb%a6%ac-korea-zinc\/","url":"https:\/\/mog.com.vn\/product\/korean-lcd-%ea%b3%a0%ec%9e%a5-logix-520md-%eb%82%b4%eb%b9%84%ea%b2%8c%ec%9d%b4%ec%85%98-%ec%88%98%eb%a6%ac-korea-zinc\/","name":"[:en]Logix 520MD Positioner LCD Repair \u2013 Korea Zinc[:vi]S\u1eeda b\u1ed9 \u0111\u1ecbnh v\u1ecb Logix 520MD h\u1ecfng m\u00e0n LCD \u2013 Korea Zinc[:ja]\u6db2\u6676\u753b\u9762\u304c\u6545\u969c\u3057\u305fLogix 520MD\u30dd\u30b8\u30b7\u30e7\u30ca\u30fc\u306e\u4fee\u7406 \u2013 Korea Zinc[:kr]LCD \uace0\uc7a5 Logix 520MD \ub0b4\ube44\uac8c\uc774\uc158 \uc218\ub9ac - KOREA Zinc[:] - Mog.com.vn","isPartOf":{"@id":"https:\/\/mog.com.vn\/#website"},"primaryImageOfPage":{"@id":"https:\/\/mog.com.vn\/product\/korean-lcd-%ea%b3%a0%ec%9e%a5-logix-520md-%eb%82%b4%eb%b9%84%ea%b2%8c%ec%9d%b4%ec%85%98-%ec%88%98%eb%a6%ac-korea-zinc\/#primaryimage"},"image":{"@id":"https:\/\/mog.com.vn\/product\/korean-lcd-%ea%b3%a0%ec%9e%a5-logix-520md-%eb%82%b4%eb%b9%84%ea%b2%8c%ec%9d%b4%ec%85%98-%ec%88%98%eb%a6%ac-korea-zinc\/#primaryimage"},"thumbnailUrl":"https:\/\/mog.com.vn\/wp-content\/uploads\/2025\/04\/Screenshot-2023-03-19-154815.png","datePublished":"2025-04-12T17:10:43+00:00","dateModified":"2025-06-09T03:46:43+00:00","breadcrumb":{"@id":"https:\/\/mog.com.vn\/product\/korean-lcd-%ea%b3%a0%ec%9e%a5-logix-520md-%eb%82%b4%eb%b9%84%ea%b2%8c%ec%9d%b4%ec%85%98-%ec%88%98%eb%a6%ac-korea-zinc\/#breadcrumb"},"inLanguage":"vi","potentialAction":[{"@type":"ReadAction","target":["https:\/\/mog.com.vn\/product\/korean-lcd-%ea%b3%a0%ec%9e%a5-logix-520md-%eb%82%b4%eb%b9%84%ea%b2%8c%ec%9d%b4%ec%85%98-%ec%88%98%eb%a6%ac-korea-zinc\/"]}]},{"@type":"ImageObject","inLanguage":"vi","@id":"https:\/\/mog.com.vn\/product\/korean-lcd-%ea%b3%a0%ec%9e%a5-logix-520md-%eb%82%b4%eb%b9%84%ea%b2%8c%ec%9d%b4%ec%85%98-%ec%88%98%eb%a6%ac-korea-zinc\/#primaryimage","url":"https:\/\/mog.com.vn\/wp-content\/uploads\/2025\/04\/Screenshot-2023-03-19-154815.png","contentUrl":"https:\/\/mog.com.vn\/wp-content\/uploads\/2025\/04\/Screenshot-2023-03-19-154815.png","width":251,"height":187},{"@type":"BreadcrumbList","@id":"https:\/\/mog.com.vn\/product\/korean-lcd-%ea%b3%a0%ec%9e%a5-logix-520md-%eb%82%b4%eb%b9%84%ea%b2%8c%ec%9d%b4%ec%85%98-%ec%88%98%eb%a6%ac-korea-zinc\/#breadcrumb","itemListElement":[{"@type":"ListItem","position":1,"name":"Home","item":"https:\/\/mog.com.vn\/"},{"@type":"ListItem","position":2,"name":"Shop","item":"https:\/\/mog.com.vn\/shop\/"},{"@type":"ListItem","position":3,"name":"Logix 520MD Positioner LCD Repair \u2013 Korea Zinc"}]},{"@type":"WebSite","@id":"https:\/\/mog.com.vn\/#website","url":"https:\/\/mog.com.vn\/","name":"Mog.com.vn","description":"FLOW Control Solutions","publisher":{"@id":"https:\/\/mog.com.vn\/#organization"},"potentialAction":[{"@type":"SearchAction","target":{"@type":"EntryPoint","urlTemplate":"https:\/\/mog.com.vn\/?s={search_term_string}"},"query-input":{"@type":"PropertyValueSpecification","valueRequired":true,"valueName":"search_term_string"}}],"inLanguage":"vi"},{"@type":"Organization","@id":"https:\/\/mog.com.vn\/#organization","name":"Mog.com.vn","url":"https:\/\/mog.com.vn\/","logo":{"@type":"ImageObject","inLanguage":"vi","@id":"https:\/\/mog.com.vn\/#\/schema\/logo\/image\/","url":"https:\/\/mog.com.vn\/wp-content\/uploads\/2025\/10\/Logo-MOG.jpg","contentUrl":"https:\/\/mog.com.vn\/wp-content\/uploads\/2025\/10\/Logo-MOG.jpg","width":755,"height":230,"caption":"Mog.com.vn"},"image":{"@id":"https:\/\/mog.com.vn\/#\/schema\/logo\/image\/"},"description":"Gi\u1ea3i ph\u00e1p C\u01a1 kh\u00ed ch\u00ednh x\u00e1c & Van c\u00f4ng nghi\u1ec7p to\u00e0n di\u1ec7n cho doanh nghi\u1ec7p c\u1ee7a b\u1ea1n.","email":"giacongcokhimog@gmail.com","telephone":"090 311 4883"}]}},"_links":{"self":[{"href":"https:\/\/mog.com.vn\/vi\/wp-json\/wp\/v2\/product\/486","targetHints":{"allow":["GET"]}}],"collection":[{"href":"https:\/\/mog.com.vn\/vi\/wp-json\/wp\/v2\/product"}],"about":[{"href":"https:\/\/mog.com.vn\/vi\/wp-json\/wp\/v2\/types\/product"}],"replies":[{"embeddable":true,"href":"https:\/\/mog.com.vn\/vi\/wp-json\/wp\/v2\/comments?post=486"}],"wp:featuredmedia":[{"embeddable":true,"href":"https:\/\/mog.com.vn\/vi\/wp-json\/wp\/v2\/media\/487"}],"wp:attachment":[{"href":"https:\/\/mog.com.vn\/vi\/wp-json\/wp\/v2\/media?parent=486"}],"wp:term":[{"taxonomy":"product_brand","embeddable":true,"href":"https:\/\/mog.com.vn\/vi\/wp-json\/wp\/v2\/product_brand?post=486"},{"taxonomy":"product_cat","embeddable":true,"href":"https:\/\/mog.com.vn\/vi\/wp-json\/wp\/v2\/product_cat?post=486"},{"taxonomy":"product_tag","embeddable":true,"href":"https:\/\/mog.com.vn\/vi\/wp-json\/wp\/v2\/product_tag?post=486"}],"curies":[{"name":"wp","href":"https:\/\/api.w.org\/{rel}","templated":true}]}}