{"id":494,"date":"2025-04-12T17:10:43","date_gmt":"2025-04-12T17:10:43","guid":{"rendered":"https:\/\/mog.com.vn\/renew\/product\/korean-%eb%82%b4%eb%b9%84%ea%b2%8c%ec%9d%b4%ec%85%98%ec%9d%84-%ec%9c%84%ed%95%b4-%ea%b0%80%ec%8a%a4%eb%a1%9c-%ec%95%95%ec%b6%95-%ea%b3%b5%ea%b8%b0%eb%a5%bc-%ec%a0%84%ed%99%98-thai-nippon-steel\/"},"modified":"2025-06-09T03:32:15","modified_gmt":"2025-06-09T03:32:15","slug":"korean-%eb%82%b4%eb%b9%84%ea%b2%8c%ec%9d%b4%ec%85%98%ec%9d%84-%ec%9c%84%ed%95%b4-%ea%b0%80%ec%8a%a4%eb%a1%9c-%ec%95%95%ec%b6%95-%ea%b3%b5%ea%b8%b0%eb%a5%bc-%ec%a0%84%ed%99%98-thai-nippon-steel","status":"publish","type":"product","link":"https:\/\/mog.com.vn\/vi\/product\/korean-%eb%82%b4%eb%b9%84%ea%b2%8c%ec%9d%b4%ec%85%98%ec%9d%84-%ec%9c%84%ed%95%b4-%ea%b0%80%ec%8a%a4%eb%a1%9c-%ec%95%95%ec%b6%95-%ea%b3%b5%ea%b8%b0%eb%a5%bc-%ec%a0%84%ed%99%98-thai-nippon-steel\/","title":{"rendered":"Chuy\u1ec3n \u0111\u1ed5i kh\u00ed n\u00e9n sang kh\u00ed gas cho b\u1ed9 \u0111\u1ecbnh v\u1ecb \u2013 Thai Nippon Steel"},"content":{"rendered":"<strong>Th\u00f4ng tin:<\/strong><\/p>\n<p>Van \u0111i\u1ec1u khi\u1ec3n Mark One.<\/p>\n<p><img loading=\"lazy\" decoding=\"async\" class=\"alignnone size-medium wp-image-914\" src=\"https:\/\/sval.vn\/wp-content\/uploads\/2023\/03\/Picture3-300x400.jpg\" sizes=\"auto, (max-width: 300px) 100vw, 300px\" srcset=\"https:\/\/sval.vn\/wp-content\/uploads\/2023\/03\/Picture3-300x400.jpg 300w, https:\/\/sval.vn\/wp-content\/uploads\/2023\/03\/Picture3-768x1024.jpg 768w, https:\/\/sval.vn\/wp-content\/uploads\/2023\/03\/Picture3-600x800.jpg 600w\" alt=\"\" width=\"300\" height=\"400\" \/><\/p>\n<p><strong>T\u00ecnh tr\u1ea1ng:<\/strong><\/p>\n<p>Thay \u0111\u1ed5i thi\u1ebft k\u1ebf t\u1eeb vi\u1ec7c s\u1eed d\u1ee5ng kh\u00ed n\u00e9n cho van \u0111i\u1ec1u khi\u1ec3n sang s\u1eed d\u1ee5ng natural gas.<\/p>\n<p><strong>MOG Technology Service th\u1ef1c hi\u1ec7n:<\/strong><\/p>\n<p><img loading=\"lazy\" decoding=\"async\" class=\"alignnone size-medium wp-image-916\" src=\"https:\/\/sval.vn\/wp-content\/uploads\/2023\/03\/Picture5-300x400.jpg\" sizes=\"auto, (max-width: 300px) 100vw, 300px\" srcset=\"https:\/\/sval.vn\/wp-content\/uploads\/2023\/03\/Picture5-300x400.jpg 300w, https:\/\/sval.vn\/wp-content\/uploads\/2023\/03\/Picture5-768x1024.jpg 768w, https:\/\/sval.vn\/wp-content\/uploads\/2023\/03\/Picture5-600x800.jpg 600w, https:\/\/sval.vn\/wp-content\/uploads\/2023\/03\/Picture5.jpg 960w\" alt=\"\" width=\"300\" height=\"400\" \/><img loading=\"lazy\" decoding=\"async\" class=\"alignnone size-medium wp-image-918\" src=\"https:\/\/sval.vn\/wp-content\/uploads\/2023\/03\/Picture7-300x400.jpg\" sizes=\"auto, (max-width: 300px) 100vw, 300px\" srcset=\"https:\/\/sval.vn\/wp-content\/uploads\/2023\/03\/Picture7-300x400.jpg 300w, https:\/\/sval.vn\/wp-content\/uploads\/2023\/03\/Picture7-768x1024.jpg 768w, https:\/\/sval.vn\/wp-content\/uploads\/2023\/03\/Picture7-600x800.jpg 600w, https:\/\/sval.vn\/wp-content\/uploads\/2023\/03\/Picture7.jpg 960w\" alt=\"\" width=\"300\" height=\"400\" \/><\/p>\n<p>L\u1eafp \u0111\u1eb7t \u0111\u01b0\u1eddng \u1ed1ng x\u1ea3 kh\u00ed gas (vent) cho b\u1ed9 \u0111\u1ecbnh v\u1ecb, thay gio\u0103ng t\u1eeb v\u1eadt li\u1ec7u Buna-N sang v\u1eadt li\u1ec7u Viton-A;<\/p>\n<p>Test ho\u1ea1t \u0111\u1ed9ng b\u00ecnh th\u01b0\u1eddng kh\u00f4ng r\u00f2 r\u1ec9.","protected":false},"excerpt":{"rendered":"<p>Th\u00f4ng tin: Van \u0111i\u1ec1u khi\u1ec3n Mark One. T\u00ecnh tr\u1ea1ng: Thay \u0111\u1ed5i thi\u1ebft k\u1ebf t\u1eeb vi\u1ec7c s\u1eed d\u1ee5ng kh\u00ed n\u00e9n cho van \u0111i\u1ec1u khi\u1ec3n sang s\u1eed d\u1ee5ng natural gas. MOG Technology Service th\u1ef1c hi\u1ec7n: L\u1eafp \u0111\u1eb7t \u0111\u01b0\u1eddng \u1ed1ng x\u1ea3 kh\u00ed gas (vent) cho b\u1ed9 \u0111\u1ecbnh v\u1ecb, thay gio\u0103ng t\u1eeb v\u1eadt li\u1ec7u Buna-N sang v\u1eadt li\u1ec7u Viton-A; [&#8230;]\n","protected":false},"featured_media":495,"comment_status":"closed","ping_status":"closed","template":"","meta":[],"product_brand":[],"product_cat":[45],"product_tag":[98],"class_list":{"0":"post-494","1":"product","2":"type-product","3":"status-publish","4":"has-post-thumbnail","6":"product_cat-valve-repair","7":"product_tag-svalthai-nippon-sval","9":"first","10":"instock","11":"product-type-simple"},"yoast_head":"<!-- This site is optimized with the Yoast SEO Premium plugin v25.9 (Yoast SEO v25.9) - https:\/\/yoast.com\/wordpress\/plugins\/seo\/ -->\n<title>Chuy\u1ec3n \u0111\u1ed5i kh\u00ed n\u00e9n sang kh\u00ed gas cho b\u1ed9 \u0111\u1ecbnh v\u1ecb \u2013 Thai Nippon Steel - Mog.com.vn<\/title>\n<meta name=\"robots\" content=\"index, follow, max-snippet:-1, max-image-preview:large, max-video-preview:-1\" \/>\n<link rel=\"canonical\" href=\"https:\/\/mog.com.vn\/product\/korean-\ub0b4\ube44\uac8c\uc774\uc158\uc744-\uc704\ud574-\uac00\uc2a4\ub85c-\uc555\ucd95-\uacf5\uae30\ub97c-\uc804\ud658-thai-nippon-steel\/\" \/>\n<meta property=\"og:locale\" content=\"vi_VN\" \/>\n<meta property=\"og:type\" content=\"article\" \/>\n<meta property=\"og:title\" content=\"[:en]Convert Compressed Air To Gas For Positioning Unit[:vi]Chuy\u1ec3n \u0111\u1ed5i kh\u00ed n\u00e9n sang kh\u00ed gas cho b\u1ed9 \u0111\u1ecbnh v\u1ecb \u2013 Thai Nippon Steel[:ja]\u30dd\u30b8\u30b7\u30e7\u30ca\u30fc\u306e\u305f\u3081\u306b\u5727\u7e2e\u7a7a\u6c17\u304b\u3089\u30ac\u30b9\u306b\u5207\u308a\u66ff\u3048\u308b \u2013 Thai Nippon Steel[:kr]\ub0b4\ube44\uac8c\uc774\uc158\uc744 \uc704\ud574 \uac00\uc2a4\ub85c \uc555\ucd95 \uacf5\uae30\ub97c \uc804\ud658 - Thai Nippon Steel[:]\" \/>\n<meta property=\"og:description\" content=\"Th\u00f4ng tin: Van \u0111i\u1ec1u khi\u1ec3n Mark One. T\u00ecnh tr\u1ea1ng: Thay \u0111\u1ed5i thi\u1ebft k\u1ebf t\u1eeb vi\u1ec7c s\u1eed d\u1ee5ng kh\u00ed n\u00e9n cho van \u0111i\u1ec1u khi\u1ec3n sang s\u1eed d\u1ee5ng natural gas. MOG Technology Service th\u1ef1c hi\u1ec7n: L\u1eafp \u0111\u1eb7t \u0111\u01b0\u1eddng \u1ed1ng x\u1ea3 kh\u00ed gas (vent) cho b\u1ed9 \u0111\u1ecbnh v\u1ecb, thay gio\u0103ng t\u1eeb v\u1eadt li\u1ec7u Buna-N sang v\u1eadt li\u1ec7u Viton-A; [...]\" \/>\n<meta property=\"og:url\" content=\"https:\/\/mog.com.vn\/product\/korean-\ub0b4\ube44\uac8c\uc774\uc158\uc744-\uc704\ud574-\uac00\uc2a4\ub85c-\uc555\ucd95-\uacf5\uae30\ub97c-\uc804\ud658-thai-nippon-steel\/\" \/>\n<meta property=\"og:site_name\" content=\"Mog.com.vn\" \/>\n<meta property=\"article:modified_time\" content=\"2025-06-09T03:32:15+00:00\" \/>\n<meta property=\"og:image\" content=\"https:\/\/mog.com.vn\/wp-content\/uploads\/2025\/04\/Picture9.jpg\" \/>\n\t<meta property=\"og:image:width\" content=\"960\" \/>\n\t<meta property=\"og:image:height\" content=\"1280\" \/>\n\t<meta property=\"og:image:type\" content=\"image\/jpeg\" \/>\n<meta name=\"twitter:card\" content=\"summary_large_image\" \/>\n<meta name=\"twitter:label1\" content=\"\u01af\u1edbc t\u00ednh th\u1eddi gian \u0111\u1ecdc\" \/>\n\t<meta name=\"twitter:data1\" content=\"1 ph\u00fat\" \/>\n<script type=\"application\/ld+json\" class=\"yoast-schema-graph\">{\"@context\":\"https:\/\/schema.org\",\"@graph\":[{\"@type\":\"WebPage\",\"@id\":\"https:\/\/mog.com.vn\/product\/korean-%eb%82%b4%eb%b9%84%ea%b2%8c%ec%9d%b4%ec%85%98%ec%9d%84-%ec%9c%84%ed%95%b4-%ea%b0%80%ec%8a%a4%eb%a1%9c-%ec%95%95%ec%b6%95-%ea%b3%b5%ea%b8%b0%eb%a5%bc-%ec%a0%84%ed%99%98-thai-nippon-steel\/\",\"url\":\"https:\/\/mog.com.vn\/product\/korean-%eb%82%b4%eb%b9%84%ea%b2%8c%ec%9d%b4%ec%85%98%ec%9d%84-%ec%9c%84%ed%95%b4-%ea%b0%80%ec%8a%a4%eb%a1%9c-%ec%95%95%ec%b6%95-%ea%b3%b5%ea%b8%b0%eb%a5%bc-%ec%a0%84%ed%99%98-thai-nippon-steel\/\",\"name\":\"[:en]Convert Compressed Air To Gas For Positioning Unit[:vi]Chuy\u1ec3n \u0111\u1ed5i kh\u00ed n\u00e9n sang kh\u00ed gas cho b\u1ed9 \u0111\u1ecbnh v\u1ecb \u2013 Thai Nippon Steel[:ja]\u30dd\u30b8\u30b7\u30e7\u30ca\u30fc\u306e\u305f\u3081\u306b\u5727\u7e2e\u7a7a\u6c17\u304b\u3089\u30ac\u30b9\u306b\u5207\u308a\u66ff\u3048\u308b \u2013 Thai Nippon Steel[:kr]\ub0b4\ube44\uac8c\uc774\uc158\uc744 \uc704\ud574 \uac00\uc2a4\ub85c \uc555\ucd95 \uacf5\uae30\ub97c \uc804\ud658 - Thai Nippon Steel[:] - Mog.com.vn\",\"isPartOf\":{\"@id\":\"https:\/\/mog.com.vn\/#website\"},\"primaryImageOfPage\":{\"@id\":\"https:\/\/mog.com.vn\/product\/korean-%eb%82%b4%eb%b9%84%ea%b2%8c%ec%9d%b4%ec%85%98%ec%9d%84-%ec%9c%84%ed%95%b4-%ea%b0%80%ec%8a%a4%eb%a1%9c-%ec%95%95%ec%b6%95-%ea%b3%b5%ea%b8%b0%eb%a5%bc-%ec%a0%84%ed%99%98-thai-nippon-steel\/#primaryimage\"},\"image\":{\"@id\":\"https:\/\/mog.com.vn\/product\/korean-%eb%82%b4%eb%b9%84%ea%b2%8c%ec%9d%b4%ec%85%98%ec%9d%84-%ec%9c%84%ed%95%b4-%ea%b0%80%ec%8a%a4%eb%a1%9c-%ec%95%95%ec%b6%95-%ea%b3%b5%ea%b8%b0%eb%a5%bc-%ec%a0%84%ed%99%98-thai-nippon-steel\/#primaryimage\"},\"thumbnailUrl\":\"https:\/\/mog.com.vn\/wp-content\/uploads\/2025\/04\/Picture9.jpg\",\"datePublished\":\"2025-04-12T17:10:43+00:00\",\"dateModified\":\"2025-06-09T03:32:15+00:00\",\"breadcrumb\":{\"@id\":\"https:\/\/mog.com.vn\/product\/korean-%eb%82%b4%eb%b9%84%ea%b2%8c%ec%9d%b4%ec%85%98%ec%9d%84-%ec%9c%84%ed%95%b4-%ea%b0%80%ec%8a%a4%eb%a1%9c-%ec%95%95%ec%b6%95-%ea%b3%b5%ea%b8%b0%eb%a5%bc-%ec%a0%84%ed%99%98-thai-nippon-steel\/#breadcrumb\"},\"inLanguage\":\"vi\",\"potentialAction\":[{\"@type\":\"ReadAction\",\"target\":[\"https:\/\/mog.com.vn\/product\/korean-%eb%82%b4%eb%b9%84%ea%b2%8c%ec%9d%b4%ec%85%98%ec%9d%84-%ec%9c%84%ed%95%b4-%ea%b0%80%ec%8a%a4%eb%a1%9c-%ec%95%95%ec%b6%95-%ea%b3%b5%ea%b8%b0%eb%a5%bc-%ec%a0%84%ed%99%98-thai-nippon-steel\/\"]}]},{\"@type\":\"ImageObject\",\"inLanguage\":\"vi\",\"@id\":\"https:\/\/mog.com.vn\/product\/korean-%eb%82%b4%eb%b9%84%ea%b2%8c%ec%9d%b4%ec%85%98%ec%9d%84-%ec%9c%84%ed%95%b4-%ea%b0%80%ec%8a%a4%eb%a1%9c-%ec%95%95%ec%b6%95-%ea%b3%b5%ea%b8%b0%eb%a5%bc-%ec%a0%84%ed%99%98-thai-nippon-steel\/#primaryimage\",\"url\":\"https:\/\/mog.com.vn\/wp-content\/uploads\/2025\/04\/Picture9.jpg\",\"contentUrl\":\"https:\/\/mog.com.vn\/wp-content\/uploads\/2025\/04\/Picture9.jpg\",\"width\":960,\"height\":1280},{\"@type\":\"BreadcrumbList\",\"@id\":\"https:\/\/mog.com.vn\/product\/korean-%eb%82%b4%eb%b9%84%ea%b2%8c%ec%9d%b4%ec%85%98%ec%9d%84-%ec%9c%84%ed%95%b4-%ea%b0%80%ec%8a%a4%eb%a1%9c-%ec%95%95%ec%b6%95-%ea%b3%b5%ea%b8%b0%eb%a5%bc-%ec%a0%84%ed%99%98-thai-nippon-steel\/#breadcrumb\",\"itemListElement\":[{\"@type\":\"ListItem\",\"position\":1,\"name\":\"Home\",\"item\":\"https:\/\/mog.com.vn\/\"},{\"@type\":\"ListItem\",\"position\":2,\"name\":\"Shop\",\"item\":\"https:\/\/mog.com.vn\/shop\/\"},{\"@type\":\"ListItem\",\"position\":3,\"name\":\"Convert Compressed Air To Gas For Positioning Unit\"}]},{\"@type\":\"WebSite\",\"@id\":\"https:\/\/mog.com.vn\/#website\",\"url\":\"https:\/\/mog.com.vn\/\",\"name\":\"Mog.com.vn\",\"description\":\"FLOW Control Solutions\",\"publisher\":{\"@id\":\"https:\/\/mog.com.vn\/#organization\"},\"potentialAction\":[{\"@type\":\"SearchAction\",\"target\":{\"@type\":\"EntryPoint\",\"urlTemplate\":\"https:\/\/mog.com.vn\/?s={search_term_string}\"},\"query-input\":{\"@type\":\"PropertyValueSpecification\",\"valueRequired\":true,\"valueName\":\"search_term_string\"}}],\"inLanguage\":\"vi\"},{\"@type\":\"Organization\",\"@id\":\"https:\/\/mog.com.vn\/#organization\",\"name\":\"Mog.com.vn\",\"url\":\"https:\/\/mog.com.vn\/\",\"logo\":{\"@type\":\"ImageObject\",\"inLanguage\":\"vi\",\"@id\":\"https:\/\/mog.com.vn\/#\/schema\/logo\/image\/\",\"url\":\"https:\/\/mog.com.vn\/wp-content\/uploads\/2025\/10\/Logo-MOG.jpg\",\"contentUrl\":\"https:\/\/mog.com.vn\/wp-content\/uploads\/2025\/10\/Logo-MOG.jpg\",\"width\":755,\"height\":230,\"caption\":\"Mog.com.vn\"},\"image\":{\"@id\":\"https:\/\/mog.com.vn\/#\/schema\/logo\/image\/\"},\"description\":\"Gi\u1ea3i ph\u00e1p C\u01a1 kh\u00ed ch\u00ednh x\u00e1c & Van c\u00f4ng nghi\u1ec7p to\u00e0n di\u1ec7n cho doanh nghi\u1ec7p c\u1ee7a b\u1ea1n.\",\"email\":\"giacongcokhimog@gmail.com\",\"telephone\":\"090 311 4883\"}]}<\/script>\n<!-- \/ Yoast SEO Premium plugin. -->","yoast_head_json":{"title":"[:en]Convert Compressed Air To Gas For Positioning Unit[:vi]Chuy\u1ec3n \u0111\u1ed5i kh\u00ed n\u00e9n sang kh\u00ed gas cho b\u1ed9 \u0111\u1ecbnh v\u1ecb \u2013 Thai Nippon Steel[:ja]\u30dd\u30b8\u30b7\u30e7\u30ca\u30fc\u306e\u305f\u3081\u306b\u5727\u7e2e\u7a7a\u6c17\u304b\u3089\u30ac\u30b9\u306b\u5207\u308a\u66ff\u3048\u308b \u2013 Thai Nippon Steel[:kr]\ub0b4\ube44\uac8c\uc774\uc158\uc744 \uc704\ud574 \uac00\uc2a4\ub85c \uc555\ucd95 \uacf5\uae30\ub97c \uc804\ud658 - Thai Nippon Steel[:] - Mog.com.vn","robots":{"index":"index","follow":"follow","max-snippet":"max-snippet:-1","max-image-preview":"max-image-preview:large","max-video-preview":"max-video-preview:-1"},"canonical":"https:\/\/mog.com.vn\/product\/korean-\ub0b4\ube44\uac8c\uc774\uc158\uc744-\uc704\ud574-\uac00\uc2a4\ub85c-\uc555\ucd95-\uacf5\uae30\ub97c-\uc804\ud658-thai-nippon-steel\/","og_locale":"vi_VN","og_type":"article","og_title":"[:en]Convert Compressed Air To Gas For Positioning Unit[:vi]Chuy\u1ec3n \u0111\u1ed5i kh\u00ed n\u00e9n sang kh\u00ed gas cho b\u1ed9 \u0111\u1ecbnh v\u1ecb \u2013 Thai Nippon Steel[:ja]\u30dd\u30b8\u30b7\u30e7\u30ca\u30fc\u306e\u305f\u3081\u306b\u5727\u7e2e\u7a7a\u6c17\u304b\u3089\u30ac\u30b9\u306b\u5207\u308a\u66ff\u3048\u308b \u2013 Thai Nippon Steel[:kr]\ub0b4\ube44\uac8c\uc774\uc158\uc744 \uc704\ud574 \uac00\uc2a4\ub85c \uc555\ucd95 \uacf5\uae30\ub97c \uc804\ud658 - Thai Nippon Steel[:]","og_description":"Th\u00f4ng tin: Van \u0111i\u1ec1u khi\u1ec3n Mark One. T\u00ecnh tr\u1ea1ng: Thay \u0111\u1ed5i thi\u1ebft k\u1ebf t\u1eeb vi\u1ec7c s\u1eed d\u1ee5ng kh\u00ed n\u00e9n cho van \u0111i\u1ec1u khi\u1ec3n sang s\u1eed d\u1ee5ng natural gas. MOG Technology Service th\u1ef1c hi\u1ec7n: L\u1eafp \u0111\u1eb7t \u0111\u01b0\u1eddng \u1ed1ng x\u1ea3 kh\u00ed gas (vent) cho b\u1ed9 \u0111\u1ecbnh v\u1ecb, thay gio\u0103ng t\u1eeb v\u1eadt li\u1ec7u Buna-N sang v\u1eadt li\u1ec7u Viton-A; [...]","og_url":"https:\/\/mog.com.vn\/product\/korean-\ub0b4\ube44\uac8c\uc774\uc158\uc744-\uc704\ud574-\uac00\uc2a4\ub85c-\uc555\ucd95-\uacf5\uae30\ub97c-\uc804\ud658-thai-nippon-steel\/","og_site_name":"Mog.com.vn","article_modified_time":"2025-06-09T03:32:15+00:00","og_image":[{"width":960,"height":1280,"url":"https:\/\/mog.com.vn\/wp-content\/uploads\/2025\/04\/Picture9.jpg","type":"image\/jpeg"}],"twitter_card":"summary_large_image","twitter_misc":{"\u01af\u1edbc t\u00ednh th\u1eddi gian \u0111\u1ecdc":"1 ph\u00fat"},"schema":{"@context":"https:\/\/schema.org","@graph":[{"@type":"WebPage","@id":"https:\/\/mog.com.vn\/product\/korean-%eb%82%b4%eb%b9%84%ea%b2%8c%ec%9d%b4%ec%85%98%ec%9d%84-%ec%9c%84%ed%95%b4-%ea%b0%80%ec%8a%a4%eb%a1%9c-%ec%95%95%ec%b6%95-%ea%b3%b5%ea%b8%b0%eb%a5%bc-%ec%a0%84%ed%99%98-thai-nippon-steel\/","url":"https:\/\/mog.com.vn\/product\/korean-%eb%82%b4%eb%b9%84%ea%b2%8c%ec%9d%b4%ec%85%98%ec%9d%84-%ec%9c%84%ed%95%b4-%ea%b0%80%ec%8a%a4%eb%a1%9c-%ec%95%95%ec%b6%95-%ea%b3%b5%ea%b8%b0%eb%a5%bc-%ec%a0%84%ed%99%98-thai-nippon-steel\/","name":"[:en]Convert Compressed Air To Gas For Positioning Unit[:vi]Chuy\u1ec3n \u0111\u1ed5i kh\u00ed n\u00e9n sang kh\u00ed gas cho b\u1ed9 \u0111\u1ecbnh v\u1ecb \u2013 Thai Nippon Steel[:ja]\u30dd\u30b8\u30b7\u30e7\u30ca\u30fc\u306e\u305f\u3081\u306b\u5727\u7e2e\u7a7a\u6c17\u304b\u3089\u30ac\u30b9\u306b\u5207\u308a\u66ff\u3048\u308b \u2013 Thai Nippon Steel[:kr]\ub0b4\ube44\uac8c\uc774\uc158\uc744 \uc704\ud574 \uac00\uc2a4\ub85c \uc555\ucd95 \uacf5\uae30\ub97c \uc804\ud658 - Thai Nippon Steel[:] - Mog.com.vn","isPartOf":{"@id":"https:\/\/mog.com.vn\/#website"},"primaryImageOfPage":{"@id":"https:\/\/mog.com.vn\/product\/korean-%eb%82%b4%eb%b9%84%ea%b2%8c%ec%9d%b4%ec%85%98%ec%9d%84-%ec%9c%84%ed%95%b4-%ea%b0%80%ec%8a%a4%eb%a1%9c-%ec%95%95%ec%b6%95-%ea%b3%b5%ea%b8%b0%eb%a5%bc-%ec%a0%84%ed%99%98-thai-nippon-steel\/#primaryimage"},"image":{"@id":"https:\/\/mog.com.vn\/product\/korean-%eb%82%b4%eb%b9%84%ea%b2%8c%ec%9d%b4%ec%85%98%ec%9d%84-%ec%9c%84%ed%95%b4-%ea%b0%80%ec%8a%a4%eb%a1%9c-%ec%95%95%ec%b6%95-%ea%b3%b5%ea%b8%b0%eb%a5%bc-%ec%a0%84%ed%99%98-thai-nippon-steel\/#primaryimage"},"thumbnailUrl":"https:\/\/mog.com.vn\/wp-content\/uploads\/2025\/04\/Picture9.jpg","datePublished":"2025-04-12T17:10:43+00:00","dateModified":"2025-06-09T03:32:15+00:00","breadcrumb":{"@id":"https:\/\/mog.com.vn\/product\/korean-%eb%82%b4%eb%b9%84%ea%b2%8c%ec%9d%b4%ec%85%98%ec%9d%84-%ec%9c%84%ed%95%b4-%ea%b0%80%ec%8a%a4%eb%a1%9c-%ec%95%95%ec%b6%95-%ea%b3%b5%ea%b8%b0%eb%a5%bc-%ec%a0%84%ed%99%98-thai-nippon-steel\/#breadcrumb"},"inLanguage":"vi","potentialAction":[{"@type":"ReadAction","target":["https:\/\/mog.com.vn\/product\/korean-%eb%82%b4%eb%b9%84%ea%b2%8c%ec%9d%b4%ec%85%98%ec%9d%84-%ec%9c%84%ed%95%b4-%ea%b0%80%ec%8a%a4%eb%a1%9c-%ec%95%95%ec%b6%95-%ea%b3%b5%ea%b8%b0%eb%a5%bc-%ec%a0%84%ed%99%98-thai-nippon-steel\/"]}]},{"@type":"ImageObject","inLanguage":"vi","@id":"https:\/\/mog.com.vn\/product\/korean-%eb%82%b4%eb%b9%84%ea%b2%8c%ec%9d%b4%ec%85%98%ec%9d%84-%ec%9c%84%ed%95%b4-%ea%b0%80%ec%8a%a4%eb%a1%9c-%ec%95%95%ec%b6%95-%ea%b3%b5%ea%b8%b0%eb%a5%bc-%ec%a0%84%ed%99%98-thai-nippon-steel\/#primaryimage","url":"https:\/\/mog.com.vn\/wp-content\/uploads\/2025\/04\/Picture9.jpg","contentUrl":"https:\/\/mog.com.vn\/wp-content\/uploads\/2025\/04\/Picture9.jpg","width":960,"height":1280},{"@type":"BreadcrumbList","@id":"https:\/\/mog.com.vn\/product\/korean-%eb%82%b4%eb%b9%84%ea%b2%8c%ec%9d%b4%ec%85%98%ec%9d%84-%ec%9c%84%ed%95%b4-%ea%b0%80%ec%8a%a4%eb%a1%9c-%ec%95%95%ec%b6%95-%ea%b3%b5%ea%b8%b0%eb%a5%bc-%ec%a0%84%ed%99%98-thai-nippon-steel\/#breadcrumb","itemListElement":[{"@type":"ListItem","position":1,"name":"Home","item":"https:\/\/mog.com.vn\/"},{"@type":"ListItem","position":2,"name":"Shop","item":"https:\/\/mog.com.vn\/shop\/"},{"@type":"ListItem","position":3,"name":"Convert Compressed Air To Gas For Positioning Unit"}]},{"@type":"WebSite","@id":"https:\/\/mog.com.vn\/#website","url":"https:\/\/mog.com.vn\/","name":"Mog.com.vn","description":"FLOW Control Solutions","publisher":{"@id":"https:\/\/mog.com.vn\/#organization"},"potentialAction":[{"@type":"SearchAction","target":{"@type":"EntryPoint","urlTemplate":"https:\/\/mog.com.vn\/?s={search_term_string}"},"query-input":{"@type":"PropertyValueSpecification","valueRequired":true,"valueName":"search_term_string"}}],"inLanguage":"vi"},{"@type":"Organization","@id":"https:\/\/mog.com.vn\/#organization","name":"Mog.com.vn","url":"https:\/\/mog.com.vn\/","logo":{"@type":"ImageObject","inLanguage":"vi","@id":"https:\/\/mog.com.vn\/#\/schema\/logo\/image\/","url":"https:\/\/mog.com.vn\/wp-content\/uploads\/2025\/10\/Logo-MOG.jpg","contentUrl":"https:\/\/mog.com.vn\/wp-content\/uploads\/2025\/10\/Logo-MOG.jpg","width":755,"height":230,"caption":"Mog.com.vn"},"image":{"@id":"https:\/\/mog.com.vn\/#\/schema\/logo\/image\/"},"description":"Gi\u1ea3i ph\u00e1p C\u01a1 kh\u00ed ch\u00ednh x\u00e1c & Van c\u00f4ng nghi\u1ec7p to\u00e0n di\u1ec7n cho doanh nghi\u1ec7p c\u1ee7a b\u1ea1n.","email":"giacongcokhimog@gmail.com","telephone":"090 311 4883"}]}},"_links":{"self":[{"href":"https:\/\/mog.com.vn\/vi\/wp-json\/wp\/v2\/product\/494","targetHints":{"allow":["GET"]}}],"collection":[{"href":"https:\/\/mog.com.vn\/vi\/wp-json\/wp\/v2\/product"}],"about":[{"href":"https:\/\/mog.com.vn\/vi\/wp-json\/wp\/v2\/types\/product"}],"replies":[{"embeddable":true,"href":"https:\/\/mog.com.vn\/vi\/wp-json\/wp\/v2\/comments?post=494"}],"wp:featuredmedia":[{"embeddable":true,"href":"https:\/\/mog.com.vn\/vi\/wp-json\/wp\/v2\/media\/495"}],"wp:attachment":[{"href":"https:\/\/mog.com.vn\/vi\/wp-json\/wp\/v2\/media?parent=494"}],"wp:term":[{"taxonomy":"product_brand","embeddable":true,"href":"https:\/\/mog.com.vn\/vi\/wp-json\/wp\/v2\/product_brand?post=494"},{"taxonomy":"product_cat","embeddable":true,"href":"https:\/\/mog.com.vn\/vi\/wp-json\/wp\/v2\/product_cat?post=494"},{"taxonomy":"product_tag","embeddable":true,"href":"https:\/\/mog.com.vn\/vi\/wp-json\/wp\/v2\/product_tag?post=494"}],"curies":[{"name":"wp","href":"https:\/\/api.w.org\/{rel}","templated":true}]}}