{"id":504,"date":"2025-04-12T17:10:43","date_gmt":"2025-04-12T17:10:43","guid":{"rendered":"https:\/\/mog.com.vn\/renew\/product\/wr525-high-temperature-material\/"},"modified":"2025-04-12T17:10:48","modified_gmt":"2025-04-12T17:10:48","slug":"wr525-high-temperature-material","status":"publish","type":"product","link":"https:\/\/mog.com.vn\/vi\/product\/wr525-high-temperature-material\/","title":{"rendered":"WR\u00ae525 High Temperature Material"},"content":{"rendered":"<strong>T\u00ednh n\u0103ng<\/strong><\/p>\n<p>&nbsp;<\/p>\n<ul>\n<li>Thay th\u1ebf th\u00e9p<\/li>\n<li>C\u1ef1c k\u1ef3 nh\u1eb9<\/li>\n<li>H\u1ec7 s\u1ed1 gi\u00e3n n\u1edf nhi\u1ec7t th\u1ea5p<\/li>\n<li>Kh\u1ea3 n\u0103ng ch\u1ed1ng h\u00f3a ch\u1ea5t tuy\u1ec7t v\u1eddi<\/li>\n<li>T\u00ednh ch\u1ea5t kh\u00f4ng b\u1ecb \u0103n m\u00f2n\/kh\u00f4ng b\u1ecb k\u1eb9t<\/li>\n<li>H\u1ec7 s\u1ed1 ma s\u00e1t th\u1ea5p<\/li>\n<li>Kh\u1ea3 n\u0103ng ch\u1ed1ng va \u0111\u1eadp<\/li>\n<li>Kh\u1ea3 n\u0103ng ch\u1ed1ng s\u1ed1c nhi\u1ec7t<\/li>\n<\/ul>\n<p>&nbsp;<\/p>\n<ul>\n<li>\u0110\u1ed1i v\u1edbi chi\u1ec1u d\u00e0i 162 inch \u2013 164 inch, \u0111\u01b0\u1eddng k\u00ednh ngo\u00e0i t\u1ed1i \u0111a l\u00e0 60 inch.<\/li>\n<li>\u0110\u1ed1i v\u1edbi chi\u1ec1u d\u00e0i 414 inch \u2013 416 inch, \u0111\u01b0\u1eddng k\u00ednh ngo\u00e0i t\u1ed1i \u0111a l\u00e0 24 inch.<\/li>\n<li>Kh\u1ea3 n\u0103ng \u0111\u01b0\u1eddng k\u00ednh ngo\u00e0i: GT hi\u1ec7n s\u1ebd ch\u1ebf t\u1ea1o \u0111\u1ebfn \u0111\u01b0\u1eddng k\u00ednh ngo\u00e0i l\u00e0 60 inch v\u00e0 c\u00f3 th\u1ec3 x\u1eed l\u00fd \u0111\u01b0\u1eddng k\u00ednh l\u1edbn h\u01a1n theo y\u00eau c\u1ea7u.<\/li>\n<li>\u0110\u1ed9 d\u00e0y th\u00e0nh: \u0110\u1ed9 d\u00e0y th\u00e0nh ph\u1ea3i l\u1edbn h\u01a1n 0,0055 inch. T\u1ef7 l\u1ec7 \u0111\u1ed9 d\u00e0y th\u00e0nh ID\/ b\u00e1n k\u00ednh \u0111\u01b0\u1ee3c khuy\u1ebfn ngh\u1ecb l\u00e0 10:1. Kh\u00f4ng c\u00f3 gi\u1edbi h\u1ea1n \u0111\u1ed9 d\u00e0y th\u00e0nh t\u1ed1i \u0111a.<\/li>\n<\/ul>\n<p>&nbsp;<\/p>\n<p><strong>Thu\u1ed9c t\u00ednh \u0111i\u1ec3n h\u00ecnh<\/strong><\/p>\n<p><img loading=\"lazy\" decoding=\"async\" class=\"alignnone wp-image-987453132 \" src=\"http:\/\/www.khonglieng.com.sg\/wp-content\/uploads\/wr525-spec.png\" sizes=\"auto, (max-width: 498px) 100vw, 498px\" srcset=\"https:\/\/khonglieng.com.sg\/wp-content\/uploads\/wr525-spec.png 627w, https:\/\/khonglieng.com.sg\/wp-content\/uploads\/wr525-spec-510x564.png 510w, https:\/\/khonglieng.com.sg\/wp-content\/uploads\/wr525-spec-271x300.png 271w\" alt=\"\" width=\"498\" height=\"551\" \/>","protected":false},"excerpt":{"rendered":"<p><strong>Thermoplastic Composite<\/strong><\/p>\n<p>WR\u00ae525 l\u00e0 h\u1ee3p ch\u1ea5t nhi\u1ec7t d\u1ebbo bao g\u1ed3m s\u1ee3i carbon trong ma tr\u1eadn PEEK. Do \u0111\u1eb7c t\u00ednh gi\u00e3n n\u1edf nhi\u1ec7t \u0111\u1ed9c \u0111\u00e1o, WR525 l\u00fd t\u01b0\u1edfng \u0111\u1ec3 s\u1eed d\u1ee5ng l\u00e0m v\u00f2ng \u0111\u1ec7m c\u00e1nh qu\u1ea1t, \u1ed1ng l\u00f3t v\u00e0 v\u00f2ng \u0111\u1ec7m v\u1ecf.<\/p>\n<p>WR525 cho ph\u00e9p ng\u01b0\u1eddi d\u00f9ng b\u01a1m t\u0103ng hi\u1ec7u su\u1ea5t b\u01a1m b\u1eb1ng c\u00e1ch ch\u1ea1y c\u00e1c khe h\u1edf v\u00f2ng \u0111\u1ec7m ch\u1eb7t h\u01a1n, \u0111\u1ed3ng th\u1eddi gi\u1ea3m kh\u1ea3 n\u0103ng h\u01b0 h\u1ecfng b\u01a1m khi b\u01a1m b\u1ecb r\u1ed7 ho\u1eb7c g\u1eb7p s\u1ef1 c\u1ed1 \u1ed5 tr\u1ee5c \u1edf \u0111\u01b0\u1eddng \u1ed1ng d\u01b0\u1edbi. WR525 \u0111\u01b0\u1ee3c API 610 ch\u1ea5p thu\u1eadn cho c\u00e1c \u1ee9ng d\u1ee5ng ch\u1ecbu m\u00e0i m\u00f2n (t\u0129nh\/t\u0129nh v\u00e0 quay).<\/p>\n","protected":false},"featured_media":505,"comment_status":"closed","ping_status":"open","template":"","meta":[],"product_brand":[],"product_cat":[140],"product_tag":[],"class_list":{"0":"post-504","1":"product","2":"type-product","3":"status-publish","4":"has-post-thumbnail","6":"product_cat-ve-chung-toi","8":"first","9":"instock","10":"product-type-simple"},"yoast_head":"<!-- This site is optimized with the Yoast SEO Premium plugin v25.9 (Yoast SEO v25.9) - https:\/\/yoast.com\/wordpress\/plugins\/seo\/ -->\n<title>WR\u00ae525 High Temperature Material - Mog.com.vn<\/title>\n<meta name=\"robots\" content=\"index, follow, max-snippet:-1, max-image-preview:large, max-video-preview:-1\" \/>\n<link rel=\"canonical\" href=\"https:\/\/mog.com.vn\/product\/wr525-high-temperature-material\/\" \/>\n<meta property=\"og:locale\" content=\"vi_VN\" \/>\n<meta property=\"og:type\" content=\"article\" \/>\n<meta property=\"og:title\" content=\"[:vi]WR\u00ae525 High Temperature Material[:en]WR\u00ae525 High Temperature Material[:ja]\u8010\u71b1\u6750\u6599 WR\u00ae525[:kr]WR\u00ae525 \uace0\uc628 \uc7ac\ub8cc[:]\" \/>\n<meta property=\"og:description\" content=\"[:vi]Thermoplastic Composite WR\u00ae525 l\u00e0 h\u1ee3p ch\u1ea5t nhi\u1ec7t d\u1ebbo bao g\u1ed3m s\u1ee3i carbon trong ma tr\u1eadn PEEK. Do \u0111\u1eb7c t\u00ednh gi\u00e3n n\u1edf nhi\u1ec7t \u0111\u1ed9c \u0111\u00e1o, WR525 l\u00fd t\u01b0\u1edfng \u0111\u1ec3 s\u1eed d\u1ee5ng l\u00e0m v\u00f2ng \u0111\u1ec7m c\u00e1nh qu\u1ea1t, \u1ed1ng l\u00f3t v\u00e0 v\u00f2ng \u0111\u1ec7m v\u1ecf. WR525 cho ph\u00e9p ng\u01b0\u1eddi d\u00f9ng b\u01a1m t\u0103ng hi\u1ec7u su\u1ea5t b\u01a1m b\u1eb1ng c\u00e1ch ch\u1ea1y c\u00e1c khe h\u1edf v\u00f2ng \u0111\u1ec7m ch\u1eb7t h\u01a1n, \u0111\u1ed3ng th\u1eddi gi\u1ea3m kh\u1ea3 n\u0103ng h\u01b0 h\u1ecfng b\u01a1m khi b\u01a1m b\u1ecb r\u1ed7 ho\u1eb7c g\u1eb7p s\u1ef1 c\u1ed1 \u1ed5 tr\u1ee5c \u1edf \u0111\u01b0\u1eddng \u1ed1ng d\u01b0\u1edbi. WR525 \u0111\u01b0\u1ee3c API 610 ch\u1ea5p thu\u1eadn cho c\u00e1c \u1ee9ng d\u1ee5ng ch\u1ecbu m\u00e0i m\u00f2n (t\u0129nh\/t\u0129nh v\u00e0 quay).[:en]Thermoplastic Composite WR\u00ae525 is a thermoplastic composite consisting of carbon fiber in a PEEK matrix. Because of its unique thermal expansion properties, WR525 is ideal for use as impeller wear rings, bushings and case wear rings. WR525 allows the pump user to increase pump efficiency by running tighter wear ring clearances, while decreasing potential pump damage when pumps are cavitated or experience down-line bearing failures. WR525 is API 610 approved for (stationary\/stationary and rotating) wear applications.[:ja]\u71b1\u53ef\u5851\u6027\u8907\u5408\u6750\u6599 WR\u00ae525 \u306f\u3001PEEK \u30de\u30c8\u30ea\u30c3\u30af\u30b9\u306b\u30ab\u30fc\u30dc\u30f3\u30d5\u30a1\u30a4\u30d0\u30fc\u3092\u542b\u3080\u71b1\u53ef\u5851\u6027\u6a39\u8102\u8907\u5408\u6750\u6599\u3067\u3059\u3002\u305d\u306e\u30e6\u30cb\u30fc\u30af\u306a\u71b1\u81a8\u5f35\u7279\u6027\u306b\u3088\u308a\u3001\u30a4\u30f3\u30da\u30e9\u30ea\u30f3\u30b0\u3001\u30d6\u30c3\u30b7\u30f3\u30b0\u3001\u30b7\u30a7\u30eb\u30ea\u30f3\u30b0\u3068\u3057\u3066\u7406\u60f3\u7684\u3067\u3059\u3002 WR525 \u306f\u3001\u30dd\u30f3\u30d7\u30e6\u30fc\u30b6\u30fc\u304c\u30ea\u30f3\u30b0\u306e\u30af\u30ea\u30a2\u30e9\u30f3\u30b9\u3092\u72ed\u304f\u3057\u3066\u30dd\u30f3\u30d7\u306e\u6027\u80fd\u3092\u5411\u4e0a\u3055\u305b\u308b\u4e00\u65b9\u3067\u3001\u30ad\u30e3\u30d3\u30c6\u30fc\u30b7\u30e7\u30f3\u3084\u30d1\u30a4\u30d7\u30e9\u30a4\u30f3\u306e\u8ef8\u53d7\u30c8\u30e9\u30d6\u30eb\u304c\u767a\u751f\u3057\u305f\u5834\u5408\u306e\u30dd\u30f3\u30d7\u306e\u640d\u50b7\u3092\u8efd\u6e1b\u3057\u307e\u3059\u3002WR525 \u306f\u3001API 610 \u306b\u3088\u3063\u3066\u6469\u8017\u30a2\u30d7\u30ea\u30b1\u30fc\u30b7\u30e7\u30f3 (\u9759\u7684\/\u9759\u7684\u304a\u3088\u3073\u56de\u8ee2) \u306b\u627f\u8a8d\u3055\u308c\u3066\u3044\u307e\u3059\u3002[:kr]\uc5f4\uac00\uc18c\uc131 \ubcf5\ud569\uc7ac WR\u00ae525\ub294 PEEK \ub9e4\ud2b8\ub9ad\uc2a4\uc5d0 \ud0c4\uc18c \uc12c\uc720\ub85c \uad6c\uc131\ub41c \uc5f4\uac00\uc18c\uc131 \ubcf5\ud569\uc7ac\uc785\ub2c8\ub2e4. \ub3c5\ud2b9\ud55c \uc5f4 \ud33d\ucc3d \ud2b9\uc131 \ub355\ubd84\uc5d0 WR525\ub294 \uc784\ud3a0\ub7ec \ub9c8\ubaa8 \ub9c1, \ubd80\uc2f1 \ubc0f \ucf00\uc774\uc2a4 \ub9c8\ubaa8 \ub9c1\uc73c\ub85c \uc0ac\uc6a9\ud558\uae30\uc5d0 \uc801\ud569\ud569\ub2c8\ub2e4. WR525\ub294 \ud38c\ud504 \uc0ac\uc6a9\uc790\uac00 \ub354 \uc881\uc740 \ub9c8\ubaa8 \ub9c1 \uac04\uaca9\uc73c\ub85c \ud38c\ud504 \ud6a8\uc728\uc744 \ub192\uc77c \uc218 \uc788\ub3c4\ub85d \ud558\uba70, \ud38c\ud504\uac00 \uacf5\ub3d9 \ud604\uc0c1\uc744 \uacaa\uac70\ub098 \ub2e4\uc6b4\ub77c\uc778 \ubca0\uc5b4\ub9c1 \uace0\uc7a5\uc774 \ubc1c\uc0dd\ud560 \ub54c \uc7a0\uc7ac\uc801\uc778 \ud38c\ud504 \uc190\uc0c1\uc744 \uc904\uc5ec\uc90d\ub2c8\ub2e4. WR525\ub294 (\uc815\uc9c0\/\ud68c\uc804) \ub9c8\ubaa8 \uc560\ud50c\ub9ac\ucf00\uc774\uc158\uc5d0 \ub300\ud574 API 610 \uc2b9\uc778\uc744 \ubc1b\uc558\uc2b5\ub2c8\ub2e4.[:]\" \/>\n<meta property=\"og:url\" content=\"https:\/\/mog.com.vn\/product\/wr525-high-temperature-material\/\" \/>\n<meta property=\"og:site_name\" content=\"Mog.com.vn\" \/>\n<meta property=\"article:modified_time\" content=\"2025-04-12T17:10:48+00:00\" \/>\n<meta property=\"og:image\" content=\"https:\/\/mog.com.vn\/wp-content\/uploads\/2025\/04\/Untitled-1_0001_WR\u00ae525.jpg\" \/>\n\t<meta property=\"og:image:width\" content=\"800\" \/>\n\t<meta property=\"og:image:height\" content=\"800\" \/>\n\t<meta property=\"og:image:type\" content=\"image\/jpeg\" \/>\n<meta name=\"twitter:card\" content=\"summary_large_image\" \/>\n<meta name=\"twitter:label1\" content=\"\u01af\u1edbc t\u00ednh th\u1eddi gian \u0111\u1ecdc\" \/>\n\t<meta name=\"twitter:data1\" content=\"2 ph\u00fat\" \/>\n<script type=\"application\/ld+json\" class=\"yoast-schema-graph\">{\"@context\":\"https:\/\/schema.org\",\"@graph\":[{\"@type\":\"WebPage\",\"@id\":\"https:\/\/mog.com.vn\/product\/wr525-high-temperature-material\/\",\"url\":\"https:\/\/mog.com.vn\/product\/wr525-high-temperature-material\/\",\"name\":\"[:vi]WR\u00ae525 High Temperature Material[:en]WR\u00ae525 High Temperature Material[:ja]\u8010\u71b1\u6750\u6599 WR\u00ae525[:kr]WR\u00ae525 \uace0\uc628 \uc7ac\ub8cc[:] - Mog.com.vn\",\"isPartOf\":{\"@id\":\"https:\/\/mog.com.vn\/#website\"},\"primaryImageOfPage\":{\"@id\":\"https:\/\/mog.com.vn\/product\/wr525-high-temperature-material\/#primaryimage\"},\"image\":{\"@id\":\"https:\/\/mog.com.vn\/product\/wr525-high-temperature-material\/#primaryimage\"},\"thumbnailUrl\":\"https:\/\/mog.com.vn\/wp-content\/uploads\/2025\/04\/Untitled-1_0001_WR\u00ae525.jpg\",\"datePublished\":\"2025-04-12T17:10:43+00:00\",\"dateModified\":\"2025-04-12T17:10:48+00:00\",\"breadcrumb\":{\"@id\":\"https:\/\/mog.com.vn\/product\/wr525-high-temperature-material\/#breadcrumb\"},\"inLanguage\":\"vi\",\"potentialAction\":[{\"@type\":\"ReadAction\",\"target\":[\"https:\/\/mog.com.vn\/product\/wr525-high-temperature-material\/\"]}]},{\"@type\":\"ImageObject\",\"inLanguage\":\"vi\",\"@id\":\"https:\/\/mog.com.vn\/product\/wr525-high-temperature-material\/#primaryimage\",\"url\":\"https:\/\/mog.com.vn\/wp-content\/uploads\/2025\/04\/Untitled-1_0001_WR\u00ae525.jpg\",\"contentUrl\":\"https:\/\/mog.com.vn\/wp-content\/uploads\/2025\/04\/Untitled-1_0001_WR\u00ae525.jpg\",\"width\":800,\"height\":800},{\"@type\":\"BreadcrumbList\",\"@id\":\"https:\/\/mog.com.vn\/product\/wr525-high-temperature-material\/#breadcrumb\",\"itemListElement\":[{\"@type\":\"ListItem\",\"position\":1,\"name\":\"Home\",\"item\":\"https:\/\/mog.com.vn\/\"},{\"@type\":\"ListItem\",\"position\":2,\"name\":\"Shop\",\"item\":\"https:\/\/mog.com.vn\/shop\/\"},{\"@type\":\"ListItem\",\"position\":3,\"name\":\"WR\u00ae525 High Temperature Material\"}]},{\"@type\":\"WebSite\",\"@id\":\"https:\/\/mog.com.vn\/#website\",\"url\":\"https:\/\/mog.com.vn\/\",\"name\":\"Mog.com.vn\",\"description\":\"FLOW Control Solutions\",\"publisher\":{\"@id\":\"https:\/\/mog.com.vn\/#organization\"},\"potentialAction\":[{\"@type\":\"SearchAction\",\"target\":{\"@type\":\"EntryPoint\",\"urlTemplate\":\"https:\/\/mog.com.vn\/?s={search_term_string}\"},\"query-input\":{\"@type\":\"PropertyValueSpecification\",\"valueRequired\":true,\"valueName\":\"search_term_string\"}}],\"inLanguage\":\"vi\"},{\"@type\":\"Organization\",\"@id\":\"https:\/\/mog.com.vn\/#organization\",\"name\":\"Mog.com.vn\",\"url\":\"https:\/\/mog.com.vn\/\",\"logo\":{\"@type\":\"ImageObject\",\"inLanguage\":\"vi\",\"@id\":\"https:\/\/mog.com.vn\/#\/schema\/logo\/image\/\",\"url\":\"https:\/\/mog.com.vn\/wp-content\/uploads\/2025\/10\/Logo-MOG.jpg\",\"contentUrl\":\"https:\/\/mog.com.vn\/wp-content\/uploads\/2025\/10\/Logo-MOG.jpg\",\"width\":755,\"height\":230,\"caption\":\"Mog.com.vn\"},\"image\":{\"@id\":\"https:\/\/mog.com.vn\/#\/schema\/logo\/image\/\"},\"description\":\"Gi\u1ea3i ph\u00e1p C\u01a1 kh\u00ed ch\u00ednh x\u00e1c & Van c\u00f4ng nghi\u1ec7p to\u00e0n di\u1ec7n cho doanh nghi\u1ec7p c\u1ee7a b\u1ea1n.\",\"email\":\"giacongcokhimog@gmail.com\",\"telephone\":\"090 311 4883\"}]}<\/script>\n<!-- \/ Yoast SEO Premium plugin. -->","yoast_head_json":{"title":"[:vi]WR\u00ae525 High Temperature Material[:en]WR\u00ae525 High Temperature Material[:ja]\u8010\u71b1\u6750\u6599 WR\u00ae525[:kr]WR\u00ae525 \uace0\uc628 \uc7ac\ub8cc[:] - Mog.com.vn","robots":{"index":"index","follow":"follow","max-snippet":"max-snippet:-1","max-image-preview":"max-image-preview:large","max-video-preview":"max-video-preview:-1"},"canonical":"https:\/\/mog.com.vn\/product\/wr525-high-temperature-material\/","og_locale":"vi_VN","og_type":"article","og_title":"[:vi]WR\u00ae525 High Temperature Material[:en]WR\u00ae525 High Temperature Material[:ja]\u8010\u71b1\u6750\u6599 WR\u00ae525[:kr]WR\u00ae525 \uace0\uc628 \uc7ac\ub8cc[:]","og_description":"[:vi]Thermoplastic Composite WR\u00ae525 l\u00e0 h\u1ee3p ch\u1ea5t nhi\u1ec7t d\u1ebbo bao g\u1ed3m s\u1ee3i carbon trong ma tr\u1eadn PEEK. Do \u0111\u1eb7c t\u00ednh gi\u00e3n n\u1edf nhi\u1ec7t \u0111\u1ed9c \u0111\u00e1o, WR525 l\u00fd t\u01b0\u1edfng \u0111\u1ec3 s\u1eed d\u1ee5ng l\u00e0m v\u00f2ng \u0111\u1ec7m c\u00e1nh qu\u1ea1t, \u1ed1ng l\u00f3t v\u00e0 v\u00f2ng \u0111\u1ec7m v\u1ecf. WR525 cho ph\u00e9p ng\u01b0\u1eddi d\u00f9ng b\u01a1m t\u0103ng hi\u1ec7u su\u1ea5t b\u01a1m b\u1eb1ng c\u00e1ch ch\u1ea1y c\u00e1c khe h\u1edf v\u00f2ng \u0111\u1ec7m ch\u1eb7t h\u01a1n, \u0111\u1ed3ng th\u1eddi gi\u1ea3m kh\u1ea3 n\u0103ng h\u01b0 h\u1ecfng b\u01a1m khi b\u01a1m b\u1ecb r\u1ed7 ho\u1eb7c g\u1eb7p s\u1ef1 c\u1ed1 \u1ed5 tr\u1ee5c \u1edf \u0111\u01b0\u1eddng \u1ed1ng d\u01b0\u1edbi. WR525 \u0111\u01b0\u1ee3c API 610 ch\u1ea5p thu\u1eadn cho c\u00e1c \u1ee9ng d\u1ee5ng ch\u1ecbu m\u00e0i m\u00f2n (t\u0129nh\/t\u0129nh v\u00e0 quay).[:en]Thermoplastic Composite WR\u00ae525 is a thermoplastic composite consisting of carbon fiber in a PEEK matrix. Because of its unique thermal expansion properties, WR525 is ideal for use as impeller wear rings, bushings and case wear rings. WR525 allows the pump user to increase pump efficiency by running tighter wear ring clearances, while decreasing potential pump damage when pumps are cavitated or experience down-line bearing failures. WR525 is API 610 approved for (stationary\/stationary and rotating) wear applications.[:ja]\u71b1\u53ef\u5851\u6027\u8907\u5408\u6750\u6599 WR\u00ae525 \u306f\u3001PEEK \u30de\u30c8\u30ea\u30c3\u30af\u30b9\u306b\u30ab\u30fc\u30dc\u30f3\u30d5\u30a1\u30a4\u30d0\u30fc\u3092\u542b\u3080\u71b1\u53ef\u5851\u6027\u6a39\u8102\u8907\u5408\u6750\u6599\u3067\u3059\u3002\u305d\u306e\u30e6\u30cb\u30fc\u30af\u306a\u71b1\u81a8\u5f35\u7279\u6027\u306b\u3088\u308a\u3001\u30a4\u30f3\u30da\u30e9\u30ea\u30f3\u30b0\u3001\u30d6\u30c3\u30b7\u30f3\u30b0\u3001\u30b7\u30a7\u30eb\u30ea\u30f3\u30b0\u3068\u3057\u3066\u7406\u60f3\u7684\u3067\u3059\u3002 WR525 \u306f\u3001\u30dd\u30f3\u30d7\u30e6\u30fc\u30b6\u30fc\u304c\u30ea\u30f3\u30b0\u306e\u30af\u30ea\u30a2\u30e9\u30f3\u30b9\u3092\u72ed\u304f\u3057\u3066\u30dd\u30f3\u30d7\u306e\u6027\u80fd\u3092\u5411\u4e0a\u3055\u305b\u308b\u4e00\u65b9\u3067\u3001\u30ad\u30e3\u30d3\u30c6\u30fc\u30b7\u30e7\u30f3\u3084\u30d1\u30a4\u30d7\u30e9\u30a4\u30f3\u306e\u8ef8\u53d7\u30c8\u30e9\u30d6\u30eb\u304c\u767a\u751f\u3057\u305f\u5834\u5408\u306e\u30dd\u30f3\u30d7\u306e\u640d\u50b7\u3092\u8efd\u6e1b\u3057\u307e\u3059\u3002WR525 \u306f\u3001API 610 \u306b\u3088\u3063\u3066\u6469\u8017\u30a2\u30d7\u30ea\u30b1\u30fc\u30b7\u30e7\u30f3 (\u9759\u7684\/\u9759\u7684\u304a\u3088\u3073\u56de\u8ee2) \u306b\u627f\u8a8d\u3055\u308c\u3066\u3044\u307e\u3059\u3002[:kr]\uc5f4\uac00\uc18c\uc131 \ubcf5\ud569\uc7ac WR\u00ae525\ub294 PEEK \ub9e4\ud2b8\ub9ad\uc2a4\uc5d0 \ud0c4\uc18c \uc12c\uc720\ub85c \uad6c\uc131\ub41c \uc5f4\uac00\uc18c\uc131 \ubcf5\ud569\uc7ac\uc785\ub2c8\ub2e4. \ub3c5\ud2b9\ud55c \uc5f4 \ud33d\ucc3d \ud2b9\uc131 \ub355\ubd84\uc5d0 WR525\ub294 \uc784\ud3a0\ub7ec \ub9c8\ubaa8 \ub9c1, \ubd80\uc2f1 \ubc0f \ucf00\uc774\uc2a4 \ub9c8\ubaa8 \ub9c1\uc73c\ub85c \uc0ac\uc6a9\ud558\uae30\uc5d0 \uc801\ud569\ud569\ub2c8\ub2e4. WR525\ub294 \ud38c\ud504 \uc0ac\uc6a9\uc790\uac00 \ub354 \uc881\uc740 \ub9c8\ubaa8 \ub9c1 \uac04\uaca9\uc73c\ub85c \ud38c\ud504 \ud6a8\uc728\uc744 \ub192\uc77c \uc218 \uc788\ub3c4\ub85d \ud558\uba70, \ud38c\ud504\uac00 \uacf5\ub3d9 \ud604\uc0c1\uc744 \uacaa\uac70\ub098 \ub2e4\uc6b4\ub77c\uc778 \ubca0\uc5b4\ub9c1 \uace0\uc7a5\uc774 \ubc1c\uc0dd\ud560 \ub54c \uc7a0\uc7ac\uc801\uc778 \ud38c\ud504 \uc190\uc0c1\uc744 \uc904\uc5ec\uc90d\ub2c8\ub2e4. WR525\ub294 (\uc815\uc9c0\/\ud68c\uc804) \ub9c8\ubaa8 \uc560\ud50c\ub9ac\ucf00\uc774\uc158\uc5d0 \ub300\ud574 API 610 \uc2b9\uc778\uc744 \ubc1b\uc558\uc2b5\ub2c8\ub2e4.[:]","og_url":"https:\/\/mog.com.vn\/product\/wr525-high-temperature-material\/","og_site_name":"Mog.com.vn","article_modified_time":"2025-04-12T17:10:48+00:00","og_image":[{"width":800,"height":800,"url":"https:\/\/mog.com.vn\/wp-content\/uploads\/2025\/04\/Untitled-1_0001_WR\u00ae525.jpg","type":"image\/jpeg"}],"twitter_card":"summary_large_image","twitter_misc":{"\u01af\u1edbc t\u00ednh th\u1eddi gian \u0111\u1ecdc":"2 ph\u00fat"},"schema":{"@context":"https:\/\/schema.org","@graph":[{"@type":"WebPage","@id":"https:\/\/mog.com.vn\/product\/wr525-high-temperature-material\/","url":"https:\/\/mog.com.vn\/product\/wr525-high-temperature-material\/","name":"[:vi]WR\u00ae525 High Temperature Material[:en]WR\u00ae525 High Temperature Material[:ja]\u8010\u71b1\u6750\u6599 WR\u00ae525[:kr]WR\u00ae525 \uace0\uc628 \uc7ac\ub8cc[:] - Mog.com.vn","isPartOf":{"@id":"https:\/\/mog.com.vn\/#website"},"primaryImageOfPage":{"@id":"https:\/\/mog.com.vn\/product\/wr525-high-temperature-material\/#primaryimage"},"image":{"@id":"https:\/\/mog.com.vn\/product\/wr525-high-temperature-material\/#primaryimage"},"thumbnailUrl":"https:\/\/mog.com.vn\/wp-content\/uploads\/2025\/04\/Untitled-1_0001_WR\u00ae525.jpg","datePublished":"2025-04-12T17:10:43+00:00","dateModified":"2025-04-12T17:10:48+00:00","breadcrumb":{"@id":"https:\/\/mog.com.vn\/product\/wr525-high-temperature-material\/#breadcrumb"},"inLanguage":"vi","potentialAction":[{"@type":"ReadAction","target":["https:\/\/mog.com.vn\/product\/wr525-high-temperature-material\/"]}]},{"@type":"ImageObject","inLanguage":"vi","@id":"https:\/\/mog.com.vn\/product\/wr525-high-temperature-material\/#primaryimage","url":"https:\/\/mog.com.vn\/wp-content\/uploads\/2025\/04\/Untitled-1_0001_WR\u00ae525.jpg","contentUrl":"https:\/\/mog.com.vn\/wp-content\/uploads\/2025\/04\/Untitled-1_0001_WR\u00ae525.jpg","width":800,"height":800},{"@type":"BreadcrumbList","@id":"https:\/\/mog.com.vn\/product\/wr525-high-temperature-material\/#breadcrumb","itemListElement":[{"@type":"ListItem","position":1,"name":"Home","item":"https:\/\/mog.com.vn\/"},{"@type":"ListItem","position":2,"name":"Shop","item":"https:\/\/mog.com.vn\/shop\/"},{"@type":"ListItem","position":3,"name":"WR\u00ae525 High Temperature Material"}]},{"@type":"WebSite","@id":"https:\/\/mog.com.vn\/#website","url":"https:\/\/mog.com.vn\/","name":"Mog.com.vn","description":"FLOW Control Solutions","publisher":{"@id":"https:\/\/mog.com.vn\/#organization"},"potentialAction":[{"@type":"SearchAction","target":{"@type":"EntryPoint","urlTemplate":"https:\/\/mog.com.vn\/?s={search_term_string}"},"query-input":{"@type":"PropertyValueSpecification","valueRequired":true,"valueName":"search_term_string"}}],"inLanguage":"vi"},{"@type":"Organization","@id":"https:\/\/mog.com.vn\/#organization","name":"Mog.com.vn","url":"https:\/\/mog.com.vn\/","logo":{"@type":"ImageObject","inLanguage":"vi","@id":"https:\/\/mog.com.vn\/#\/schema\/logo\/image\/","url":"https:\/\/mog.com.vn\/wp-content\/uploads\/2025\/10\/Logo-MOG.jpg","contentUrl":"https:\/\/mog.com.vn\/wp-content\/uploads\/2025\/10\/Logo-MOG.jpg","width":755,"height":230,"caption":"Mog.com.vn"},"image":{"@id":"https:\/\/mog.com.vn\/#\/schema\/logo\/image\/"},"description":"Gi\u1ea3i ph\u00e1p C\u01a1 kh\u00ed ch\u00ednh x\u00e1c & Van c\u00f4ng nghi\u1ec7p to\u00e0n di\u1ec7n cho doanh nghi\u1ec7p c\u1ee7a b\u1ea1n.","email":"giacongcokhimog@gmail.com","telephone":"090 311 4883"}]}},"_links":{"self":[{"href":"https:\/\/mog.com.vn\/vi\/wp-json\/wp\/v2\/product\/504","targetHints":{"allow":["GET"]}}],"collection":[{"href":"https:\/\/mog.com.vn\/vi\/wp-json\/wp\/v2\/product"}],"about":[{"href":"https:\/\/mog.com.vn\/vi\/wp-json\/wp\/v2\/types\/product"}],"replies":[{"embeddable":true,"href":"https:\/\/mog.com.vn\/vi\/wp-json\/wp\/v2\/comments?post=504"}],"wp:featuredmedia":[{"embeddable":true,"href":"https:\/\/mog.com.vn\/vi\/wp-json\/wp\/v2\/media\/505"}],"wp:attachment":[{"href":"https:\/\/mog.com.vn\/vi\/wp-json\/wp\/v2\/media?parent=504"}],"wp:term":[{"taxonomy":"product_brand","embeddable":true,"href":"https:\/\/mog.com.vn\/vi\/wp-json\/wp\/v2\/product_brand?post=504"},{"taxonomy":"product_cat","embeddable":true,"href":"https:\/\/mog.com.vn\/vi\/wp-json\/wp\/v2\/product_cat?post=504"},{"taxonomy":"product_tag","embeddable":true,"href":"https:\/\/mog.com.vn\/vi\/wp-json\/wp\/v2\/product_tag?post=504"}],"curies":[{"name":"wp","href":"https:\/\/api.w.org\/{rel}","templated":true}]}}