{"id":506,"date":"2025-04-12T17:10:43","date_gmt":"2025-04-12T17:10:43","guid":{"rendered":"https:\/\/mog.com.vn\/renew\/product\/wr300\/"},"modified":"2025-04-12T17:10:48","modified_gmt":"2025-04-12T17:10:48","slug":"wr300","status":"publish","type":"product","link":"https:\/\/mog.com.vn\/vi\/product\/wr300\/","title":{"rendered":"WR\u00ae300"},"content":{"rendered":"<strong>T\u00ednh n\u0103ng<\/strong><\/p>\n<p>&nbsp;<\/p>\n<p>Kh\u1ea3 n\u0103ng ch\u1ed1ng h\u00f3a ch\u1ea5t tuy\u1ec7t v\u1eddi<\/p>\n<p>T\u00ednh ch\u1ea5t kh\u00f4ng b\u1ecb k\u1eb9t\/kh\u00f4ng b\u1ecb k\u1eb9t<\/p>\n<p>H\u1ec7 s\u1ed1 ma s\u00e1t th\u1ea5p<\/p>\n<p>Kh\u1ea3 n\u0103ng ch\u1ed1ng va \u0111\u1eadp<\/p>\n<p>Kh\u1ea3 n\u0103ng ch\u1ed1ng s\u1ed1c nhi\u1ec7t<\/p>\n<p><strong>T\u00ednh kh\u1ea3 d\u1ee5ng<\/strong><\/p>\n<p>&nbsp;<\/p>\n<p>Nh\u00f3m CPI\/MRO c\u1ee7a Greene, Tweed duy tr\u00ec c\u00e1c k\u00edch th\u01b0\u1edbc ph\u00f4i v\u00f2ng \u0111\u1ec7m m\u00f2n v\u00e0 \u1ed1ng l\u00f3t th\u00f4ng th\u01b0\u1eddng trong kho. \u0110\u01b0\u1eddng k\u00ednh ph\u00f4i ngo\u00e0i dao \u0111\u1ed9ng t\u1eeb 1 in. \u0111\u1ebfn 33 in. (2,5 cm \u0111\u1ebfn 84 cm) v\u00e0 chi\u1ec1u d\u00e0i c\u00f3 th\u1ec3 l\u00ean t\u1edbi 8 in. (20 cm).<\/p>\n<p><strong>H\u1ea1n ch\u1ebf<\/strong><\/p>\n<p>WR300 kh\u00f4ng n\u00ean \u0111\u01b0\u1ee3c s\u1eed d\u1ee5ng trong c\u00e1c ph\u01b0\u01a1ng ti\u1ec7n m\u00e0i m\u00f2n ho\u1eb7c trong c\u00e1c \u1ee9ng d\u1ee5ng \u00e9p tr\u00ean 275\u00b0F (135\u00b0C)<\/p>\n<p><strong>C\u00e1c t\u00ednh ch\u1ea5t \u0111i\u1ec3n h\u00ecnh<\/strong><\/p>\n<p><img loading=\"lazy\" decoding=\"async\" class=\"alignnone wp-image-987454045\" src=\"https:\/\/khonglieng.com.sg\/wp-content\/uploads\/WR300-Typical-Properties-Table-871x1024.png\" sizes=\"auto, (max-width: 459px) 100vw, 459px\" srcset=\"https:\/\/khonglieng.com.sg\/wp-content\/uploads\/WR300-Typical-Properties-Table-871x1024.png 871w, https:\/\/khonglieng.com.sg\/wp-content\/uploads\/WR300-Typical-Properties-Table-255x300.png 255w, https:\/\/khonglieng.com.sg\/wp-content\/uploads\/WR300-Typical-Properties-Table-768x903.png 768w, https:\/\/khonglieng.com.sg\/wp-content\/uploads\/WR300-Typical-Properties-Table-510x600.png 510w, https:\/\/khonglieng.com.sg\/wp-content\/uploads\/WR300-Typical-Properties-Table.png 978w\" alt=\"WR300 Typical Properties Table\" width=\"459\" height=\"540\" \/>","protected":false},"excerpt":{"rendered":"<p><strong>Nh\u1ef1a nhi\u1ec7t d\u1ebbo t\u1ed5ng h\u1ee3p<\/strong><\/p>\n<p>&nbsp;<\/p>\n<p>WR\u00ae300 l\u00e0 PEEK\u2122 \u0111\u00fac n\u00e9n gia c\u1ed1 b\u1eb1ng s\u1ee3i carbon th\u01b0\u1eddng \u0111\u01b0\u1ee3c c\u00e1c nh\u00e0 s\u1ea3n xu\u1ea5t v\u00e0 ng\u01b0\u1eddi d\u00f9ng m\u00e1y b\u01a1m l\u1ef1a ch\u1ecdn cho \u1ed1ng l\u00f3t m\u00e1y b\u01a1m v\u00e0 v\u00f2ng \u0111\u1ec7m m\u00f2n v\u1ecf ho\u1eb7c c\u00e1nh qu\u1ea1t. Tu\u1ed5i th\u1ecd s\u1eed d\u1ee5ng t\u1ed1i \u0111a \u0111\u1ea1t \u0111\u01b0\u1ee3c trong m\u00f4i tr\u01b0\u1eddng s\u1ea1ch, b\u00f4i tr\u01a1n v\u00e0\/ho\u1eb7c \u1ea9m \u01b0\u1edbt.<\/p>\n<p>&nbsp;<\/p>\n<p>WR300 cho ph\u00e9p ng\u01b0\u1eddi d\u00f9ng m\u00e1y b\u01a1m t\u0103ng hi\u1ec7u su\u1ea5t m\u00e1y b\u01a1m b\u1eb1ng c\u00e1ch ch\u1ea1y c\u00e1c khe h\u1edf v\u00f2ng \u0111\u1ec7m m\u00f2n ch\u1eb7t h\u01a1n trong khi gi\u1ea3m kh\u1ea3 n\u0103ng h\u01b0 h\u1ecfng m\u00e1y b\u01a1m khi m\u00e1y b\u01a1m b\u1ecb r\u1ed7 ho\u1eb7c g\u1eb7p s\u1ef1 c\u1ed1 \u1ed5 tr\u1ee5c h\u01b0\u1edbng t\u00e2m.<\/p>\n","protected":false},"featured_media":507,"comment_status":"closed","ping_status":"open","template":"","meta":[],"product_brand":[],"product_cat":[140],"product_tag":[],"class_list":{"0":"post-506","1":"product","2":"type-product","3":"status-publish","4":"has-post-thumbnail","6":"product_cat-ve-chung-toi","8":"first","9":"instock","10":"product-type-simple"},"yoast_head":"<!-- This site is optimized with the Yoast SEO Premium plugin v25.9 (Yoast SEO v25.9) - https:\/\/yoast.com\/wordpress\/plugins\/seo\/ -->\n<title>WR\u00ae300 - Mog.com.vn<\/title>\n<meta name=\"robots\" content=\"index, follow, max-snippet:-1, max-image-preview:large, max-video-preview:-1\" \/>\n<link rel=\"canonical\" href=\"https:\/\/mog.com.vn\/product\/wr300\/\" \/>\n<meta property=\"og:locale\" content=\"vi_VN\" \/>\n<meta property=\"og:type\" content=\"article\" \/>\n<meta property=\"og:title\" content=\"WR\u00ae300\" \/>\n<meta property=\"og:description\" content=\"[:vi]Nh\u1ef1a nhi\u1ec7t d\u1ebbo t\u1ed5ng h\u1ee3p &nbsp; WR\u00ae300 l\u00e0 PEEK\u2122 \u0111\u00fac n\u00e9n gia c\u1ed1 b\u1eb1ng s\u1ee3i carbon th\u01b0\u1eddng \u0111\u01b0\u1ee3c c\u00e1c nh\u00e0 s\u1ea3n xu\u1ea5t v\u00e0 ng\u01b0\u1eddi d\u00f9ng m\u00e1y b\u01a1m l\u1ef1a ch\u1ecdn cho \u1ed1ng l\u00f3t m\u00e1y b\u01a1m v\u00e0 v\u00f2ng \u0111\u1ec7m m\u00f2n v\u1ecf ho\u1eb7c c\u00e1nh qu\u1ea1t. Tu\u1ed5i th\u1ecd s\u1eed d\u1ee5ng t\u1ed1i \u0111a \u0111\u1ea1t \u0111\u01b0\u1ee3c trong m\u00f4i tr\u01b0\u1eddng s\u1ea1ch, b\u00f4i tr\u01a1n v\u00e0\/ho\u1eb7c \u1ea9m \u01b0\u1edbt. &nbsp; WR300 cho ph\u00e9p ng\u01b0\u1eddi d\u00f9ng m\u00e1y b\u01a1m t\u0103ng hi\u1ec7u su\u1ea5t m\u00e1y b\u01a1m b\u1eb1ng c\u00e1ch ch\u1ea1y c\u00e1c khe h\u1edf v\u00f2ng \u0111\u1ec7m m\u00f2n ch\u1eb7t h\u01a1n trong khi gi\u1ea3m kh\u1ea3 n\u0103ng h\u01b0 h\u1ecfng m\u00e1y b\u01a1m khi m\u00e1y b\u01a1m b\u1ecb r\u1ed7 ho\u1eb7c g\u1eb7p s\u1ef1 c\u1ed1 \u1ed5 tr\u1ee5c h\u01b0\u1edbng t\u00e2m.[:en]Thermoplastic Composite WR\u00ae300 is a carbon-fiber reinforced compression molded PEEK\u2122\u00a0often selected by pump manufacturers and users for pump bushings and case or impeller wear rings. Maximum service life is achieved in clean, lubricated and\/or moist environments. WR300 allows the pump user to increase pump efficiency by running tighter wear ring clearances while decreasing potential pump damage when pumps are cavitated or experience radial bearing failures.[:ja]&nbsp; \u5408\u6210\u71b1\u53ef\u5851\u6027\u6a39\u8102 WR\u00ae300 \u306f\u3001\u30ab\u30fc\u30dc\u30f3\u30d5\u30a1\u30a4\u30d0\u30fc\u3067\u5f37\u5316\u3055\u308c\u305f\u5727\u7e2e\u6210\u5f62 PEEK\u2122 \u3067\u3042\u308a\u3001\u30dd\u30f3\u30d7\u306e\u30d6\u30c3\u30b7\u30f3\u30b0\u3084\u30b7\u30a7\u30eb\u307e\u305f\u306f\u30a4\u30f3\u30da\u30e9\u306e\u6469\u8017\u30ea\u30f3\u30b0\u306b\u6700\u9069\u306a\u9078\u629e\u80a2\u3067\u3059\u3002\u30af\u30ea\u30fc\u30f3\u3067\u6f64\u6ed1\u304a\u3088\u3073\/\u307e\u305f\u306f\u6e7f\u6f64\u74b0\u5883\u3067\u306e\u4f7f\u7528\u5bff\u547d\u304c\u6700\u5927\u5316\u3055\u308c\u307e\u3059\u3002 WR300 \u306f\u3001\u30dd\u30f3\u30d7\u30e6\u30fc\u30b6\u30fc\u304c\u6469\u8017\u30ea\u30f3\u30b0\u306e\u30af\u30ea\u30a2\u30e9\u30f3\u30b9\u3092\u3088\u308a\u72ed\u304f\u3057\u3066\u30dd\u30f3\u30d7\u306e\u6027\u80fd\u3092\u5411\u4e0a\u3055\u305b\u308b\u4e00\u65b9\u3067\u3001\u30ad\u30e3\u30d3\u30c6\u30fc\u30b7\u30e7\u30f3\u3084\u30e9\u30b8\u30a2\u30eb\u30d9\u30a2\u30ea\u30f3\u30b0\u969c\u5bb3\u304c\u767a\u751f\u3057\u305f\u5834\u5408\u306e\u30dd\u30f3\u30d7\u306e\u640d\u50b7\u3092\u8efd\u6e1b\u3057\u307e\u3059\u3002[:kr]\uc5f4\uac00\uc18c\uc131 \ubcf5\ud569\uc7ac WR\u00ae300\uc740 \ud0c4\uc18c \uc12c\uc720 \uac15\ud654 \uc555\ucd95 \uc131\ud615 PEEK\u2122\ub85c, \ud38c\ud504 \uc81c\uc870\uc5c5\uccb4\uc640 \uc0ac\uc6a9\uc790\ub4e4\uc774 \ud38c\ud504 \ubd80\uc2f1 \ubc0f \ucf00\uc774\uc2a4 \ub610\ub294 \uc784\ud3a0\ub7ec \ub9c8\ubaa8 \ub9c1\uc5d0 \uc790\uc8fc \uc120\ud0dd\ud569\ub2c8\ub2e4. \ucd5c\ub300 \uc11c\ube44\uc2a4 \uc218\uba85\uc740 \uae68\ub057\ud558\uace0 \uc724\ud65c\ub41c \ubc0f\/\ub610\ub294 \uc2b5\uae30 \uc788\ub294 \ud658\uacbd\uc5d0\uc11c \ub2ec\uc131\ub429\ub2c8\ub2e4. WR300\uc740 \ud38c\ud504 \uc0ac\uc6a9\uc790\uac00 \ub354 \uc881\uc740 \ub9c8\ubaa8 \ub9c1 \uac04\uaca9\uc73c\ub85c \ud38c\ud504 \ud6a8\uc728\uc744 \ub192\uc77c \uc218 \uc788\uac8c \ud558\uba70, \ud38c\ud504\uac00 \uacf5\ub3d9 \ud604\uc0c1\uc744 \uacaa\uac70\ub098 \ubc29\uc0ac\ud615 \ubca0\uc5b4\ub9c1 \uace0\uc7a5\uc774 \ubc1c\uc0dd\ud560 \ub54c \uc7a0\uc7ac\uc801\uc778 \ud38c\ud504 \uc190\uc0c1\uc744 \uc904\uc5ec\uc90d\ub2c8\ub2e4.[:]\" \/>\n<meta property=\"og:url\" content=\"https:\/\/mog.com.vn\/product\/wr300\/\" \/>\n<meta property=\"og:site_name\" content=\"Mog.com.vn\" \/>\n<meta property=\"article:modified_time\" content=\"2025-04-12T17:10:48+00:00\" \/>\n<meta property=\"og:image\" content=\"https:\/\/mog.com.vn\/wp-content\/uploads\/2025\/04\/Untitled-1_0000_WR300.jpg\" \/>\n\t<meta property=\"og:image:width\" content=\"800\" \/>\n\t<meta property=\"og:image:height\" content=\"800\" \/>\n\t<meta property=\"og:image:type\" content=\"image\/jpeg\" \/>\n<meta name=\"twitter:card\" content=\"summary_large_image\" \/>\n<meta name=\"twitter:label1\" content=\"\u01af\u1edbc t\u00ednh th\u1eddi gian \u0111\u1ecdc\" \/>\n\t<meta name=\"twitter:data1\" content=\"1 ph\u00fat\" \/>\n<script type=\"application\/ld+json\" class=\"yoast-schema-graph\">{\"@context\":\"https:\/\/schema.org\",\"@graph\":[{\"@type\":\"WebPage\",\"@id\":\"https:\/\/mog.com.vn\/product\/wr300\/\",\"url\":\"https:\/\/mog.com.vn\/product\/wr300\/\",\"name\":\"WR\u00ae300 - Mog.com.vn\",\"isPartOf\":{\"@id\":\"https:\/\/mog.com.vn\/#website\"},\"primaryImageOfPage\":{\"@id\":\"https:\/\/mog.com.vn\/product\/wr300\/#primaryimage\"},\"image\":{\"@id\":\"https:\/\/mog.com.vn\/product\/wr300\/#primaryimage\"},\"thumbnailUrl\":\"https:\/\/mog.com.vn\/wp-content\/uploads\/2025\/04\/Untitled-1_0000_WR300.jpg\",\"datePublished\":\"2025-04-12T17:10:43+00:00\",\"dateModified\":\"2025-04-12T17:10:48+00:00\",\"breadcrumb\":{\"@id\":\"https:\/\/mog.com.vn\/product\/wr300\/#breadcrumb\"},\"inLanguage\":\"vi\",\"potentialAction\":[{\"@type\":\"ReadAction\",\"target\":[\"https:\/\/mog.com.vn\/product\/wr300\/\"]}]},{\"@type\":\"ImageObject\",\"inLanguage\":\"vi\",\"@id\":\"https:\/\/mog.com.vn\/product\/wr300\/#primaryimage\",\"url\":\"https:\/\/mog.com.vn\/wp-content\/uploads\/2025\/04\/Untitled-1_0000_WR300.jpg\",\"contentUrl\":\"https:\/\/mog.com.vn\/wp-content\/uploads\/2025\/04\/Untitled-1_0000_WR300.jpg\",\"width\":800,\"height\":800},{\"@type\":\"BreadcrumbList\",\"@id\":\"https:\/\/mog.com.vn\/product\/wr300\/#breadcrumb\",\"itemListElement\":[{\"@type\":\"ListItem\",\"position\":1,\"name\":\"Home\",\"item\":\"https:\/\/mog.com.vn\/\"},{\"@type\":\"ListItem\",\"position\":2,\"name\":\"Shop\",\"item\":\"https:\/\/mog.com.vn\/shop\/\"},{\"@type\":\"ListItem\",\"position\":3,\"name\":\"WR\u00ae300\"}]},{\"@type\":\"WebSite\",\"@id\":\"https:\/\/mog.com.vn\/#website\",\"url\":\"https:\/\/mog.com.vn\/\",\"name\":\"Mog.com.vn\",\"description\":\"FLOW Control Solutions\",\"publisher\":{\"@id\":\"https:\/\/mog.com.vn\/#organization\"},\"potentialAction\":[{\"@type\":\"SearchAction\",\"target\":{\"@type\":\"EntryPoint\",\"urlTemplate\":\"https:\/\/mog.com.vn\/?s={search_term_string}\"},\"query-input\":{\"@type\":\"PropertyValueSpecification\",\"valueRequired\":true,\"valueName\":\"search_term_string\"}}],\"inLanguage\":\"vi\"},{\"@type\":\"Organization\",\"@id\":\"https:\/\/mog.com.vn\/#organization\",\"name\":\"Mog.com.vn\",\"url\":\"https:\/\/mog.com.vn\/\",\"logo\":{\"@type\":\"ImageObject\",\"inLanguage\":\"vi\",\"@id\":\"https:\/\/mog.com.vn\/#\/schema\/logo\/image\/\",\"url\":\"https:\/\/mog.com.vn\/wp-content\/uploads\/2025\/10\/Logo-MOG.jpg\",\"contentUrl\":\"https:\/\/mog.com.vn\/wp-content\/uploads\/2025\/10\/Logo-MOG.jpg\",\"width\":755,\"height\":230,\"caption\":\"Mog.com.vn\"},\"image\":{\"@id\":\"https:\/\/mog.com.vn\/#\/schema\/logo\/image\/\"},\"description\":\"Gi\u1ea3i ph\u00e1p C\u01a1 kh\u00ed ch\u00ednh x\u00e1c & Van c\u00f4ng nghi\u1ec7p to\u00e0n di\u1ec7n cho doanh nghi\u1ec7p c\u1ee7a b\u1ea1n.\",\"email\":\"giacongcokhimog@gmail.com\",\"telephone\":\"090 311 4883\"}]}<\/script>\n<!-- \/ Yoast SEO Premium plugin. -->","yoast_head_json":{"title":"WR\u00ae300 - Mog.com.vn","robots":{"index":"index","follow":"follow","max-snippet":"max-snippet:-1","max-image-preview":"max-image-preview:large","max-video-preview":"max-video-preview:-1"},"canonical":"https:\/\/mog.com.vn\/product\/wr300\/","og_locale":"vi_VN","og_type":"article","og_title":"WR\u00ae300","og_description":"[:vi]Nh\u1ef1a nhi\u1ec7t d\u1ebbo t\u1ed5ng h\u1ee3p &nbsp; WR\u00ae300 l\u00e0 PEEK\u2122 \u0111\u00fac n\u00e9n gia c\u1ed1 b\u1eb1ng s\u1ee3i carbon th\u01b0\u1eddng \u0111\u01b0\u1ee3c c\u00e1c nh\u00e0 s\u1ea3n xu\u1ea5t v\u00e0 ng\u01b0\u1eddi d\u00f9ng m\u00e1y b\u01a1m l\u1ef1a ch\u1ecdn cho \u1ed1ng l\u00f3t m\u00e1y b\u01a1m v\u00e0 v\u00f2ng \u0111\u1ec7m m\u00f2n v\u1ecf ho\u1eb7c c\u00e1nh qu\u1ea1t. Tu\u1ed5i th\u1ecd s\u1eed d\u1ee5ng t\u1ed1i \u0111a \u0111\u1ea1t \u0111\u01b0\u1ee3c trong m\u00f4i tr\u01b0\u1eddng s\u1ea1ch, b\u00f4i tr\u01a1n v\u00e0\/ho\u1eb7c \u1ea9m \u01b0\u1edbt. &nbsp; WR300 cho ph\u00e9p ng\u01b0\u1eddi d\u00f9ng m\u00e1y b\u01a1m t\u0103ng hi\u1ec7u su\u1ea5t m\u00e1y b\u01a1m b\u1eb1ng c\u00e1ch ch\u1ea1y c\u00e1c khe h\u1edf v\u00f2ng \u0111\u1ec7m m\u00f2n ch\u1eb7t h\u01a1n trong khi gi\u1ea3m kh\u1ea3 n\u0103ng h\u01b0 h\u1ecfng m\u00e1y b\u01a1m khi m\u00e1y b\u01a1m b\u1ecb r\u1ed7 ho\u1eb7c g\u1eb7p s\u1ef1 c\u1ed1 \u1ed5 tr\u1ee5c h\u01b0\u1edbng t\u00e2m.[:en]Thermoplastic Composite WR\u00ae300 is a carbon-fiber reinforced compression molded PEEK\u2122\u00a0often selected by pump manufacturers and users for pump bushings and case or impeller wear rings. Maximum service life is achieved in clean, lubricated and\/or moist environments. WR300 allows the pump user to increase pump efficiency by running tighter wear ring clearances while decreasing potential pump damage when pumps are cavitated or experience radial bearing failures.[:ja]&nbsp; \u5408\u6210\u71b1\u53ef\u5851\u6027\u6a39\u8102 WR\u00ae300 \u306f\u3001\u30ab\u30fc\u30dc\u30f3\u30d5\u30a1\u30a4\u30d0\u30fc\u3067\u5f37\u5316\u3055\u308c\u305f\u5727\u7e2e\u6210\u5f62 PEEK\u2122 \u3067\u3042\u308a\u3001\u30dd\u30f3\u30d7\u306e\u30d6\u30c3\u30b7\u30f3\u30b0\u3084\u30b7\u30a7\u30eb\u307e\u305f\u306f\u30a4\u30f3\u30da\u30e9\u306e\u6469\u8017\u30ea\u30f3\u30b0\u306b\u6700\u9069\u306a\u9078\u629e\u80a2\u3067\u3059\u3002\u30af\u30ea\u30fc\u30f3\u3067\u6f64\u6ed1\u304a\u3088\u3073\/\u307e\u305f\u306f\u6e7f\u6f64\u74b0\u5883\u3067\u306e\u4f7f\u7528\u5bff\u547d\u304c\u6700\u5927\u5316\u3055\u308c\u307e\u3059\u3002 WR300 \u306f\u3001\u30dd\u30f3\u30d7\u30e6\u30fc\u30b6\u30fc\u304c\u6469\u8017\u30ea\u30f3\u30b0\u306e\u30af\u30ea\u30a2\u30e9\u30f3\u30b9\u3092\u3088\u308a\u72ed\u304f\u3057\u3066\u30dd\u30f3\u30d7\u306e\u6027\u80fd\u3092\u5411\u4e0a\u3055\u305b\u308b\u4e00\u65b9\u3067\u3001\u30ad\u30e3\u30d3\u30c6\u30fc\u30b7\u30e7\u30f3\u3084\u30e9\u30b8\u30a2\u30eb\u30d9\u30a2\u30ea\u30f3\u30b0\u969c\u5bb3\u304c\u767a\u751f\u3057\u305f\u5834\u5408\u306e\u30dd\u30f3\u30d7\u306e\u640d\u50b7\u3092\u8efd\u6e1b\u3057\u307e\u3059\u3002[:kr]\uc5f4\uac00\uc18c\uc131 \ubcf5\ud569\uc7ac WR\u00ae300\uc740 \ud0c4\uc18c \uc12c\uc720 \uac15\ud654 \uc555\ucd95 \uc131\ud615 PEEK\u2122\ub85c, \ud38c\ud504 \uc81c\uc870\uc5c5\uccb4\uc640 \uc0ac\uc6a9\uc790\ub4e4\uc774 \ud38c\ud504 \ubd80\uc2f1 \ubc0f \ucf00\uc774\uc2a4 \ub610\ub294 \uc784\ud3a0\ub7ec \ub9c8\ubaa8 \ub9c1\uc5d0 \uc790\uc8fc \uc120\ud0dd\ud569\ub2c8\ub2e4. \ucd5c\ub300 \uc11c\ube44\uc2a4 \uc218\uba85\uc740 \uae68\ub057\ud558\uace0 \uc724\ud65c\ub41c \ubc0f\/\ub610\ub294 \uc2b5\uae30 \uc788\ub294 \ud658\uacbd\uc5d0\uc11c \ub2ec\uc131\ub429\ub2c8\ub2e4. WR300\uc740 \ud38c\ud504 \uc0ac\uc6a9\uc790\uac00 \ub354 \uc881\uc740 \ub9c8\ubaa8 \ub9c1 \uac04\uaca9\uc73c\ub85c \ud38c\ud504 \ud6a8\uc728\uc744 \ub192\uc77c \uc218 \uc788\uac8c \ud558\uba70, \ud38c\ud504\uac00 \uacf5\ub3d9 \ud604\uc0c1\uc744 \uacaa\uac70\ub098 \ubc29\uc0ac\ud615 \ubca0\uc5b4\ub9c1 \uace0\uc7a5\uc774 \ubc1c\uc0dd\ud560 \ub54c \uc7a0\uc7ac\uc801\uc778 \ud38c\ud504 \uc190\uc0c1\uc744 \uc904\uc5ec\uc90d\ub2c8\ub2e4.[:]","og_url":"https:\/\/mog.com.vn\/product\/wr300\/","og_site_name":"Mog.com.vn","article_modified_time":"2025-04-12T17:10:48+00:00","og_image":[{"width":800,"height":800,"url":"https:\/\/mog.com.vn\/wp-content\/uploads\/2025\/04\/Untitled-1_0000_WR300.jpg","type":"image\/jpeg"}],"twitter_card":"summary_large_image","twitter_misc":{"\u01af\u1edbc t\u00ednh th\u1eddi gian \u0111\u1ecdc":"1 ph\u00fat"},"schema":{"@context":"https:\/\/schema.org","@graph":[{"@type":"WebPage","@id":"https:\/\/mog.com.vn\/product\/wr300\/","url":"https:\/\/mog.com.vn\/product\/wr300\/","name":"WR\u00ae300 - Mog.com.vn","isPartOf":{"@id":"https:\/\/mog.com.vn\/#website"},"primaryImageOfPage":{"@id":"https:\/\/mog.com.vn\/product\/wr300\/#primaryimage"},"image":{"@id":"https:\/\/mog.com.vn\/product\/wr300\/#primaryimage"},"thumbnailUrl":"https:\/\/mog.com.vn\/wp-content\/uploads\/2025\/04\/Untitled-1_0000_WR300.jpg","datePublished":"2025-04-12T17:10:43+00:00","dateModified":"2025-04-12T17:10:48+00:00","breadcrumb":{"@id":"https:\/\/mog.com.vn\/product\/wr300\/#breadcrumb"},"inLanguage":"vi","potentialAction":[{"@type":"ReadAction","target":["https:\/\/mog.com.vn\/product\/wr300\/"]}]},{"@type":"ImageObject","inLanguage":"vi","@id":"https:\/\/mog.com.vn\/product\/wr300\/#primaryimage","url":"https:\/\/mog.com.vn\/wp-content\/uploads\/2025\/04\/Untitled-1_0000_WR300.jpg","contentUrl":"https:\/\/mog.com.vn\/wp-content\/uploads\/2025\/04\/Untitled-1_0000_WR300.jpg","width":800,"height":800},{"@type":"BreadcrumbList","@id":"https:\/\/mog.com.vn\/product\/wr300\/#breadcrumb","itemListElement":[{"@type":"ListItem","position":1,"name":"Home","item":"https:\/\/mog.com.vn\/"},{"@type":"ListItem","position":2,"name":"Shop","item":"https:\/\/mog.com.vn\/shop\/"},{"@type":"ListItem","position":3,"name":"WR\u00ae300"}]},{"@type":"WebSite","@id":"https:\/\/mog.com.vn\/#website","url":"https:\/\/mog.com.vn\/","name":"Mog.com.vn","description":"FLOW Control Solutions","publisher":{"@id":"https:\/\/mog.com.vn\/#organization"},"potentialAction":[{"@type":"SearchAction","target":{"@type":"EntryPoint","urlTemplate":"https:\/\/mog.com.vn\/?s={search_term_string}"},"query-input":{"@type":"PropertyValueSpecification","valueRequired":true,"valueName":"search_term_string"}}],"inLanguage":"vi"},{"@type":"Organization","@id":"https:\/\/mog.com.vn\/#organization","name":"Mog.com.vn","url":"https:\/\/mog.com.vn\/","logo":{"@type":"ImageObject","inLanguage":"vi","@id":"https:\/\/mog.com.vn\/#\/schema\/logo\/image\/","url":"https:\/\/mog.com.vn\/wp-content\/uploads\/2025\/10\/Logo-MOG.jpg","contentUrl":"https:\/\/mog.com.vn\/wp-content\/uploads\/2025\/10\/Logo-MOG.jpg","width":755,"height":230,"caption":"Mog.com.vn"},"image":{"@id":"https:\/\/mog.com.vn\/#\/schema\/logo\/image\/"},"description":"Gi\u1ea3i ph\u00e1p C\u01a1 kh\u00ed ch\u00ednh x\u00e1c & Van c\u00f4ng nghi\u1ec7p to\u00e0n di\u1ec7n cho doanh nghi\u1ec7p c\u1ee7a b\u1ea1n.","email":"giacongcokhimog@gmail.com","telephone":"090 311 4883"}]}},"_links":{"self":[{"href":"https:\/\/mog.com.vn\/vi\/wp-json\/wp\/v2\/product\/506","targetHints":{"allow":["GET"]}}],"collection":[{"href":"https:\/\/mog.com.vn\/vi\/wp-json\/wp\/v2\/product"}],"about":[{"href":"https:\/\/mog.com.vn\/vi\/wp-json\/wp\/v2\/types\/product"}],"replies":[{"embeddable":true,"href":"https:\/\/mog.com.vn\/vi\/wp-json\/wp\/v2\/comments?post=506"}],"wp:featuredmedia":[{"embeddable":true,"href":"https:\/\/mog.com.vn\/vi\/wp-json\/wp\/v2\/media\/507"}],"wp:attachment":[{"href":"https:\/\/mog.com.vn\/vi\/wp-json\/wp\/v2\/media?parent=506"}],"wp:term":[{"taxonomy":"product_brand","embeddable":true,"href":"https:\/\/mog.com.vn\/vi\/wp-json\/wp\/v2\/product_brand?post=506"},{"taxonomy":"product_cat","embeddable":true,"href":"https:\/\/mog.com.vn\/vi\/wp-json\/wp\/v2\/product_cat?post=506"},{"taxonomy":"product_tag","embeddable":true,"href":"https:\/\/mog.com.vn\/vi\/wp-json\/wp\/v2\/product_tag?post=506"}],"curies":[{"name":"wp","href":"https:\/\/api.w.org\/{rel}","templated":true}]}}