{"id":510,"date":"2025-04-12T17:10:43","date_gmt":"2025-04-12T17:10:43","guid":{"rendered":"https:\/\/mog.com.vn\/renew\/product\/chemraz-605\/"},"modified":"2025-04-12T17:10:49","modified_gmt":"2025-04-12T17:10:49","slug":"chemraz-605","status":"publish","type":"product","link":"https:\/\/mog.com.vn\/vi\/product\/chemraz-605\/","title":{"rendered":"CHEMRAZ\u00ae 605"},"content":{"rendered":"<strong>T\u00cdNH N\u0102NG &amp; L\u1ee2I \u00cdCH<\/strong><\/p>\n<p>&nbsp;<\/p>\n<ul>\n<li>Kh\u1ea3 n\u0103ng ch\u1ecbu nhi\u1ec7t \u0111\u1ed9 cao<\/li>\n<li>Kh\u1ea3 n\u0103ng ch\u1ecbu n\u00e9n tuy\u1ec7t v\u1eddi<\/li>\n<li>Kh\u1ea3 n\u0103ng t\u01b0\u01a1ng th\u00edch h\u00f3a h\u1ecdc r\u1ed9ng r\u00e3i \u0111\u1ec3 s\u1eed d\u1ee5ng v\u1edbi nhi\u1ec1u lo\u1ea1i dung d\u1ecbch kh\u1eafc nghi\u1ec7t<\/li>\n<\/ul>\n<p>&nbsp;<\/p>\n<p><strong>\u1ee8ng d\u1ee5ng<\/strong><\/p>\n<p>&nbsp;<\/p>\n<ul>\n<li>Seals c\u01a1 kh\u00ed<\/li>\n<li>V\u1ecf b\u01a1m<\/li>\n<li>L\u00f2 ph\u1ea3n \u1ee9ng<\/li>\n<li>Thi\u1ebft b\u1ecb l\u1ea5y m\u1eabu\/\u0111o l\u01b0\u1eddng<\/li>\n<li>M\u00e1y tr\u1ed9n<\/li>\n<li>M\u00e1y n\u00e9n<\/li>\n<li>B\u1ed9 \u0111i\u1ec1u khi\u1ec3n\/thi\u1ebft b\u1ecb \u0111o l\u01b0\u1eddng<\/li>\n<li>Van<\/li>\n<li>M\u00e1y phun\/m\u00e1y ph\u00e2n ph\u1ed1i<\/li>\n<li>M\u00e0ng ng\u0103n<\/li>\n<li>Kh\u1edbp n\u1ed1i<\/li>\n<\/ul>\n<p>&nbsp;<\/p>\n<p><strong>T\u00ednh ch\u1ea5t \u0111i\u1ec3n h\u00ecnh<\/strong><\/p>\n<p><img loading=\"lazy\" decoding=\"async\" class=\"alignnone wp-image-987453136\" src=\"http:\/\/www.khonglieng.com.sg\/wp-content\/uploads\/chemraz605-spec.png\" sizes=\"auto, (max-width: 451px) 100vw, 451px\" srcset=\"https:\/\/khonglieng.com.sg\/wp-content\/uploads\/chemraz605-spec.png 621w, https:\/\/khonglieng.com.sg\/wp-content\/uploads\/chemraz605-spec-510x417.png 510w, https:\/\/khonglieng.com.sg\/wp-content\/uploads\/chemraz605-spec-300x245.png 300w\" alt=\"\" width=\"451\" height=\"369\" \/>","protected":false},"excerpt":{"rendered":"<p>Chemraz\u00ae 605, m\u1ed9t lo\u1ea1i perfluoroelastomer, l\u00fd t\u01b0\u1edfng cho c\u00e1c \u1ee9ng d\u1ee5ng x\u1eed l\u00fd ch\u1ea5t l\u1ecfng \u0111\u1ea7y th\u00e1ch th\u1ee9c. M\u1ed9t h\u1ee3p ch\u1ea5t ch\u1ecbu nhi\u1ec7t \u0111\u1ed9 cao v\u1edbi kh\u1ea3 n\u0103ng ch\u1ed1ng n\u00e9n, t\u00ednh ch\u1ea5t v\u1eadt l\u00fd v\u00e0 kh\u1ea3 n\u0103ng ch\u1ed1ng h\u00f3a ch\u1ea5t tuy\u1ec7t v\u1eddi, n\u00f3 v\u01b0\u1ee3t tr\u1ed9i trong c\u00e1c \u1ee9ng d\u1ee5ng t\u0129nh v\u00e0 b\u00e1n \u0111\u1ed9ng \u0111\u00f2i h\u1ecfi kh\u1eaft khe. Chemraz 605 th\u1ec3 hi\u1ec7n hi\u1ec7u su\u1ea5t v\u00f4 song v\u1edbi amin n\u00f3ng, h\u01a1i n\u01b0\u1edbc v\u00e0 n\u01b0\u1edbc v\u00e0 ho\u1ea1t \u0111\u1ed9ng t\u1ed1t \u1edf nhi\u1ec7t \u0111\u1ed9 t\u0103ng t\u1eeb -4\u00b0F \u0111\u1ebfn 500\u00b0F (-20\u00b0C \u0111\u1ebfn 260\u00b0C).<\/p>\n<p>&nbsp;<\/p>\n<p>C\u00f3 s\u1eb5n trong v\u00f2ng ch\u1eef O, mi\u1ebfng \u0111\u1ec7m v\u00e0 nhi\u1ec1u h\u00ecnh d\u1ea1ng t\u00f9y ch\u1ec9nh kh\u00e1c, Chemraz 605 s\u1edf h\u1eefu ph\u1ea1m vi ch\u1ed1ng h\u00f3a ch\u1ea5t r\u1ed9ng. H\u1ee3p ch\u1ea5t 605 ph\u00f9 h\u1ee3p \u0111\u1ec3 s\u1eed d\u1ee5ng trong nhi\u1ec1u lo\u1ea1i m\u00f4i tr\u01b0\u1eddng kh\u00e1c nhau bao g\u1ed3m axit, ch\u1ea5t \u0103n da, an\u0111ehit, este, ete, ch\u1ea5t th\u01a1m, n\u01b0\u1edbc n\u00f3ng, h\u01a1i n\u01b0\u1edbc, amin, metanol, xeton, TBA v\u00e0 MTBE.<\/p>\n","protected":false},"featured_media":511,"comment_status":"closed","ping_status":"open","template":"","meta":[],"product_brand":[],"product_cat":[140],"product_tag":[],"class_list":{"0":"post-510","1":"product","2":"type-product","3":"status-publish","4":"has-post-thumbnail","6":"product_cat-ve-chung-toi","8":"first","9":"instock","10":"product-type-simple"},"yoast_head":"<!-- This site is optimized with the Yoast SEO Premium plugin v25.9 (Yoast SEO v25.9) - https:\/\/yoast.com\/wordpress\/plugins\/seo\/ -->\n<title>CHEMRAZ\u00ae 605 - Mog.com.vn<\/title>\n<meta name=\"robots\" content=\"index, follow, max-snippet:-1, max-image-preview:large, max-video-preview:-1\" \/>\n<link rel=\"canonical\" href=\"https:\/\/mog.com.vn\/product\/chemraz-605\/\" \/>\n<meta property=\"og:locale\" content=\"vi_VN\" \/>\n<meta property=\"og:type\" content=\"article\" \/>\n<meta property=\"og:title\" content=\"CHEMRAZ\u00ae 605\" \/>\n<meta property=\"og:description\" content=\"[:vi]Chemraz\u00ae 605, m\u1ed9t lo\u1ea1i perfluoroelastomer, l\u00fd t\u01b0\u1edfng cho c\u00e1c \u1ee9ng d\u1ee5ng x\u1eed l\u00fd ch\u1ea5t l\u1ecfng \u0111\u1ea7y th\u00e1ch th\u1ee9c. M\u1ed9t h\u1ee3p ch\u1ea5t ch\u1ecbu nhi\u1ec7t \u0111\u1ed9 cao v\u1edbi kh\u1ea3 n\u0103ng ch\u1ed1ng n\u00e9n, t\u00ednh ch\u1ea5t v\u1eadt l\u00fd v\u00e0 kh\u1ea3 n\u0103ng ch\u1ed1ng h\u00f3a ch\u1ea5t tuy\u1ec7t v\u1eddi, n\u00f3 v\u01b0\u1ee3t tr\u1ed9i trong c\u00e1c \u1ee9ng d\u1ee5ng t\u0129nh v\u00e0 b\u00e1n \u0111\u1ed9ng \u0111\u00f2i h\u1ecfi kh\u1eaft khe. Chemraz 605 th\u1ec3 hi\u1ec7n hi\u1ec7u su\u1ea5t v\u00f4 song v\u1edbi amin n\u00f3ng, h\u01a1i n\u01b0\u1edbc v\u00e0 n\u01b0\u1edbc v\u00e0 ho\u1ea1t \u0111\u1ed9ng t\u1ed1t \u1edf nhi\u1ec7t \u0111\u1ed9 t\u0103ng t\u1eeb -4\u00b0F \u0111\u1ebfn 500\u00b0F (-20\u00b0C \u0111\u1ebfn 260\u00b0C). &nbsp; C\u00f3 s\u1eb5n trong v\u00f2ng ch\u1eef O, mi\u1ebfng \u0111\u1ec7m v\u00e0 nhi\u1ec1u h\u00ecnh d\u1ea1ng t\u00f9y ch\u1ec9nh kh\u00e1c, Chemraz 605 s\u1edf h\u1eefu ph\u1ea1m vi ch\u1ed1ng h\u00f3a ch\u1ea5t r\u1ed9ng. H\u1ee3p ch\u1ea5t 605 ph\u00f9 h\u1ee3p \u0111\u1ec3 s\u1eed d\u1ee5ng trong nhi\u1ec1u lo\u1ea1i m\u00f4i tr\u01b0\u1eddng kh\u00e1c nhau bao g\u1ed3m axit, ch\u1ea5t \u0103n da, an\u0111ehit, este, ete, ch\u1ea5t th\u01a1m, n\u01b0\u1edbc n\u00f3ng, h\u01a1i n\u01b0\u1edbc, amin, metanol, xeton, TBA v\u00e0 MTBE.[:en]Sealing Solutions Chemraz\u00ae 605, a perfluoroelastomer, is ideally suited for challenging fluid handling applications. A high-temperature compound with superior compression set resistance, physical properties and excellent chemical resistance, it excels in demanding static and semi-dynamic applications. Chemraz 605 exhibits unparalleled performance with hot amines, steam and water and functions well in increased temperatures ranging from -4\u00b0F to 500\u00b0F (-20\u00b0C to 260\u00b0C). Available in O-rings, gaskets and many other custom shapes, Chemraz 605 possesses a broad chemical resistance range. The 605 compound is suitable for use in a wide variety of media including acids, caustics, aldehydes, esters, ethers, aromatics, hot water, steam, amines, methanol, ketones, TBA and MTBE.[:ja]\u30b7\u30fc\u30ea\u30f3\u30b0\u30bd\u30ea\u30e5\u30fc\u30b7\u30e7\u30f3 Chemraz\u00ae 605 \u306f\u3001\u904e\u9177\u306a\u6db2\u4f53\u51e6\u7406\u7528\u9014\u306b\u6700\u9069\u306a\u30d1\u30fc\u30d5\u30eb\u30aa\u30ed\u30a8\u30e9\u30b9\u30c8\u30de\u30fc\u3067\u3059\u3002\u8010\u9ad8\u6e29\u6027\u3001\u5727\u7e2e\u8010\u6027\u3001\u512a\u308c\u305f\u7269\u7406\u7279\u6027\u3001\u5316\u5b66\u8010\u6027\u3092\u517c\u306d\u5099\u3048\u305f\u5316\u5408\u7269\u3067\u3001\u9759\u7684\u304a\u3088\u3073\u6e96\u52d5\u7684\u306a\u904e\u9177\u306a\u7528\u9014\u3067\u512a\u308c\u305f\u6027\u80fd\u3092\u767a\u63ee\u3057\u307e\u3059\u3002Chemraz 605 \u306f\u3001\u71b1\u3044\u30a2\u30df\u30f3\u3001\u84b8\u6c17\u3001\u304a\u3088\u3073\u6c34\u306b\u5bfe\u3057\u3066\u7121\u985e\u306e\u6027\u80fd\u3092\u793a\u3057\u3001-4\u00b0F \u304b\u3089 500\u00b0F (-20\u00b0C \u304b\u3089 260\u00b0C) \u307e\u3067\u306e\u6e29\u5ea6\u7bc4\u56f2\u3067\u826f\u597d\u306b\u52d5\u4f5c\u3057\u307e\u3059\u3002 O \u30ea\u30f3\u30b0\u3001\u30ac\u30b9\u30b1\u30c3\u30c8\u3001\u305d\u306e\u4ed6\u306e\u591a\u304f\u306e\u30ab\u30b9\u30bf\u30e0\u5f62\u72b6\u3067\u5229\u7528\u53ef\u80fd\u306a Chemraz 605 \u306f\u3001\u5e83\u7bc4\u306a\u5316\u5b66\u8010\u6027\u3092\u6301\u3063\u3066\u3044\u307e\u3059\u3002Chemraz 605 \u306f\u3001\u9178\u3001\u30a2\u30eb\u30ab\u30ea\u3001\u30a2\u30eb\u30c7\u30d2\u30c9\u3001\u30a8\u30b9\u30c6\u30eb\u3001\u30a8\u30fc\u30c6\u30eb\u3001\u82b3\u9999\u65cf\u5316\u5408\u7269\u3001\u71b1\u6c34\u3001\u84b8\u6c17\u3001\u30a2\u30df\u30f3\u3001\u30e1\u30bf\u30ce\u30fc\u30eb\u3001\u30b1\u30c8\u30f3\u3001TBA\u3001MTBE \u306a\u3069\u3001\u3055\u307e\u3056\u307e\u306a\u74b0\u5883\u3067\u4f7f\u7528\u3067\u304d\u307e\u3059\u3002[:kr]\ubc00\ubd09 \uc194\ub8e8\uc158 Chemraz\u00ae 605\ub294 \ud37c\ud50c\ub8e8\uc624\ub85c\uc5d8\ub77c\uc2a4\ud1a0\uba38\ub85c\uc11c \uae4c\ub2e4\ub85c\uc6b4 \uc720\uccb4 \ucde8\uae09 \uc560\ud50c\ub9ac\ucf00\uc774\uc158\uc5d0 \uc774\uc0c1\uc801\uc73c\ub85c \uc801\ud569\ud569\ub2c8\ub2e4. \uace0\uc628 \ud654\ud569\ubb3c\ub85c\uc11c \uc6b0\uc218\ud55c \uc555\ucd95 \uc138\ud2b8 \uc800\ud56d\uc131, \ubb3c\ub9ac\uc801 \ud2b9\uc131 \ubc0f \ub6f0\uc5b4\ub09c \ud654\ud559 \uc800\ud56d\uc131\uc744 \uac16\ucd94\uace0 \uc788\uc5b4 \uc815\uc801 \ubc0f \ubc18\ub3d9\uc801 \uc560\ud50c\ub9ac\ucf00\uc774\uc158\uc5d0\uc11c \ub6f0\uc5b4\ub09c \uc131\ub2a5\uc744 \ubc1c\ud718\ud569\ub2c8\ub2e4. Chemraz 605\ub294 \ub728\uac70\uc6b4 \uc544\ubbfc, \uc99d\uae30 \ubc0f \ubb3c\uc5d0 \ub300\ud574 \ube44\ud560 \ub370 \uc5c6\ub294 \uc131\ub2a5\uc744 \ubcf4\uc774\uba70, -4\u00b0F\uc5d0\uc11c 500\u00b0F (-20\u00b0C\uc5d0\uc11c 260\u00b0C)\uae4c\uc9c0\uc758 \uc99d\uac00\ub41c \uc628\ub3c4\uc5d0\uc11c \uc798 \uc791\ub3d9\ud569\ub2c8\ub2e4. Chemraz 605\ub294 O-\ub9c1, \uac00\uc2a4\ucf13 \ubc0f \uae30\ud0c0 \ub9de\ucda4\ud615 \ud615\ud0dc\ub85c \uc81c\uacf5\ub418\uba70, \ud3ed\ub113\uc740 \ud654\ud559 \uc800\ud56d\uc131\uc744 \uc9c0\ub2c8\uace0 \uc788\uc2b5\ub2c8\ub2e4. \uc774 605 \ud654\ud569\ubb3c\uc740 \uc0b0, \uac00\uc131 \ubb3c\uc9c8, \uc54c\ub370\ud788\ub4dc, \uc5d0\uc2a4\ud130, \uc5d0\ud130, \ubc29\ud5a5\uc871 \ud654\ud569\ubb3c, \uc628\uc218, \uc99d\uae30, \uc544\ubbfc, \uba54\ud0c4\uc62c, \ucf00\ud1a4, TBA \ubc0f MTBE\ub97c \ud3ec\ud568\ud55c \ub2e4\uc591\ud55c \ub9e4\uccb4\uc5d0\uc11c \uc0ac\uc6a9\uc774 \uac00\ub2a5\ud569\ub2c8\ub2e4.[:]\" \/>\n<meta property=\"og:url\" content=\"https:\/\/mog.com.vn\/product\/chemraz-605\/\" \/>\n<meta property=\"og:site_name\" content=\"Mog.com.vn\" \/>\n<meta property=\"article:modified_time\" content=\"2025-04-12T17:10:49+00:00\" \/>\n<meta property=\"og:image\" content=\"https:\/\/mog.com.vn\/wp-content\/uploads\/2025\/04\/Untitled-1_0003_CHEMRAZ\u00ae-605.jpg\" \/>\n\t<meta property=\"og:image:width\" content=\"800\" \/>\n\t<meta property=\"og:image:height\" content=\"800\" \/>\n\t<meta property=\"og:image:type\" content=\"image\/jpeg\" \/>\n<meta name=\"twitter:card\" content=\"summary_large_image\" \/>\n<meta name=\"twitter:label1\" content=\"\u01af\u1edbc t\u00ednh th\u1eddi gian \u0111\u1ecdc\" \/>\n\t<meta name=\"twitter:data1\" content=\"1 ph\u00fat\" \/>\n<script type=\"application\/ld+json\" class=\"yoast-schema-graph\">{\"@context\":\"https:\/\/schema.org\",\"@graph\":[{\"@type\":\"WebPage\",\"@id\":\"https:\/\/mog.com.vn\/product\/chemraz-605\/\",\"url\":\"https:\/\/mog.com.vn\/product\/chemraz-605\/\",\"name\":\"CHEMRAZ\u00ae 605 - Mog.com.vn\",\"isPartOf\":{\"@id\":\"https:\/\/mog.com.vn\/#website\"},\"primaryImageOfPage\":{\"@id\":\"https:\/\/mog.com.vn\/product\/chemraz-605\/#primaryimage\"},\"image\":{\"@id\":\"https:\/\/mog.com.vn\/product\/chemraz-605\/#primaryimage\"},\"thumbnailUrl\":\"https:\/\/mog.com.vn\/wp-content\/uploads\/2025\/04\/Untitled-1_0003_CHEMRAZ\u00ae-605.jpg\",\"datePublished\":\"2025-04-12T17:10:43+00:00\",\"dateModified\":\"2025-04-12T17:10:49+00:00\",\"breadcrumb\":{\"@id\":\"https:\/\/mog.com.vn\/product\/chemraz-605\/#breadcrumb\"},\"inLanguage\":\"vi\",\"potentialAction\":[{\"@type\":\"ReadAction\",\"target\":[\"https:\/\/mog.com.vn\/product\/chemraz-605\/\"]}]},{\"@type\":\"ImageObject\",\"inLanguage\":\"vi\",\"@id\":\"https:\/\/mog.com.vn\/product\/chemraz-605\/#primaryimage\",\"url\":\"https:\/\/mog.com.vn\/wp-content\/uploads\/2025\/04\/Untitled-1_0003_CHEMRAZ\u00ae-605.jpg\",\"contentUrl\":\"https:\/\/mog.com.vn\/wp-content\/uploads\/2025\/04\/Untitled-1_0003_CHEMRAZ\u00ae-605.jpg\",\"width\":800,\"height\":800},{\"@type\":\"BreadcrumbList\",\"@id\":\"https:\/\/mog.com.vn\/product\/chemraz-605\/#breadcrumb\",\"itemListElement\":[{\"@type\":\"ListItem\",\"position\":1,\"name\":\"Home\",\"item\":\"https:\/\/mog.com.vn\/\"},{\"@type\":\"ListItem\",\"position\":2,\"name\":\"Shop\",\"item\":\"https:\/\/mog.com.vn\/shop\/\"},{\"@type\":\"ListItem\",\"position\":3,\"name\":\"CHEMRAZ\u00ae 605\"}]},{\"@type\":\"WebSite\",\"@id\":\"https:\/\/mog.com.vn\/#website\",\"url\":\"https:\/\/mog.com.vn\/\",\"name\":\"Mog.com.vn\",\"description\":\"FLOW Control Solutions\",\"publisher\":{\"@id\":\"https:\/\/mog.com.vn\/#organization\"},\"potentialAction\":[{\"@type\":\"SearchAction\",\"target\":{\"@type\":\"EntryPoint\",\"urlTemplate\":\"https:\/\/mog.com.vn\/?s={search_term_string}\"},\"query-input\":{\"@type\":\"PropertyValueSpecification\",\"valueRequired\":true,\"valueName\":\"search_term_string\"}}],\"inLanguage\":\"vi\"},{\"@type\":\"Organization\",\"@id\":\"https:\/\/mog.com.vn\/#organization\",\"name\":\"Mog.com.vn\",\"url\":\"https:\/\/mog.com.vn\/\",\"logo\":{\"@type\":\"ImageObject\",\"inLanguage\":\"vi\",\"@id\":\"https:\/\/mog.com.vn\/#\/schema\/logo\/image\/\",\"url\":\"https:\/\/mog.com.vn\/wp-content\/uploads\/2025\/10\/Logo-MOG.jpg\",\"contentUrl\":\"https:\/\/mog.com.vn\/wp-content\/uploads\/2025\/10\/Logo-MOG.jpg\",\"width\":755,\"height\":230,\"caption\":\"Mog.com.vn\"},\"image\":{\"@id\":\"https:\/\/mog.com.vn\/#\/schema\/logo\/image\/\"},\"description\":\"Gi\u1ea3i ph\u00e1p C\u01a1 kh\u00ed ch\u00ednh x\u00e1c & Van c\u00f4ng nghi\u1ec7p to\u00e0n di\u1ec7n cho doanh nghi\u1ec7p c\u1ee7a b\u1ea1n.\",\"email\":\"giacongcokhimog@gmail.com\",\"telephone\":\"090 311 4883\"}]}<\/script>\n<!-- \/ Yoast SEO Premium plugin. -->","yoast_head_json":{"title":"CHEMRAZ\u00ae 605 - Mog.com.vn","robots":{"index":"index","follow":"follow","max-snippet":"max-snippet:-1","max-image-preview":"max-image-preview:large","max-video-preview":"max-video-preview:-1"},"canonical":"https:\/\/mog.com.vn\/product\/chemraz-605\/","og_locale":"vi_VN","og_type":"article","og_title":"CHEMRAZ\u00ae 605","og_description":"[:vi]Chemraz\u00ae 605, m\u1ed9t lo\u1ea1i perfluoroelastomer, l\u00fd t\u01b0\u1edfng cho c\u00e1c \u1ee9ng d\u1ee5ng x\u1eed l\u00fd ch\u1ea5t l\u1ecfng \u0111\u1ea7y th\u00e1ch th\u1ee9c. M\u1ed9t h\u1ee3p ch\u1ea5t ch\u1ecbu nhi\u1ec7t \u0111\u1ed9 cao v\u1edbi kh\u1ea3 n\u0103ng ch\u1ed1ng n\u00e9n, t\u00ednh ch\u1ea5t v\u1eadt l\u00fd v\u00e0 kh\u1ea3 n\u0103ng ch\u1ed1ng h\u00f3a ch\u1ea5t tuy\u1ec7t v\u1eddi, n\u00f3 v\u01b0\u1ee3t tr\u1ed9i trong c\u00e1c \u1ee9ng d\u1ee5ng t\u0129nh v\u00e0 b\u00e1n \u0111\u1ed9ng \u0111\u00f2i h\u1ecfi kh\u1eaft khe. Chemraz 605 th\u1ec3 hi\u1ec7n hi\u1ec7u su\u1ea5t v\u00f4 song v\u1edbi amin n\u00f3ng, h\u01a1i n\u01b0\u1edbc v\u00e0 n\u01b0\u1edbc v\u00e0 ho\u1ea1t \u0111\u1ed9ng t\u1ed1t \u1edf nhi\u1ec7t \u0111\u1ed9 t\u0103ng t\u1eeb -4\u00b0F \u0111\u1ebfn 500\u00b0F (-20\u00b0C \u0111\u1ebfn 260\u00b0C). &nbsp; C\u00f3 s\u1eb5n trong v\u00f2ng ch\u1eef O, mi\u1ebfng \u0111\u1ec7m v\u00e0 nhi\u1ec1u h\u00ecnh d\u1ea1ng t\u00f9y ch\u1ec9nh kh\u00e1c, Chemraz 605 s\u1edf h\u1eefu ph\u1ea1m vi ch\u1ed1ng h\u00f3a ch\u1ea5t r\u1ed9ng. H\u1ee3p ch\u1ea5t 605 ph\u00f9 h\u1ee3p \u0111\u1ec3 s\u1eed d\u1ee5ng trong nhi\u1ec1u lo\u1ea1i m\u00f4i tr\u01b0\u1eddng kh\u00e1c nhau bao g\u1ed3m axit, ch\u1ea5t \u0103n da, an\u0111ehit, este, ete, ch\u1ea5t th\u01a1m, n\u01b0\u1edbc n\u00f3ng, h\u01a1i n\u01b0\u1edbc, amin, metanol, xeton, TBA v\u00e0 MTBE.[:en]Sealing Solutions Chemraz\u00ae 605, a perfluoroelastomer, is ideally suited for challenging fluid handling applications. A high-temperature compound with superior compression set resistance, physical properties and excellent chemical resistance, it excels in demanding static and semi-dynamic applications. Chemraz 605 exhibits unparalleled performance with hot amines, steam and water and functions well in increased temperatures ranging from -4\u00b0F to 500\u00b0F (-20\u00b0C to 260\u00b0C). Available in O-rings, gaskets and many other custom shapes, Chemraz 605 possesses a broad chemical resistance range. The 605 compound is suitable for use in a wide variety of media including acids, caustics, aldehydes, esters, ethers, aromatics, hot water, steam, amines, methanol, ketones, TBA and MTBE.[:ja]\u30b7\u30fc\u30ea\u30f3\u30b0\u30bd\u30ea\u30e5\u30fc\u30b7\u30e7\u30f3 Chemraz\u00ae 605 \u306f\u3001\u904e\u9177\u306a\u6db2\u4f53\u51e6\u7406\u7528\u9014\u306b\u6700\u9069\u306a\u30d1\u30fc\u30d5\u30eb\u30aa\u30ed\u30a8\u30e9\u30b9\u30c8\u30de\u30fc\u3067\u3059\u3002\u8010\u9ad8\u6e29\u6027\u3001\u5727\u7e2e\u8010\u6027\u3001\u512a\u308c\u305f\u7269\u7406\u7279\u6027\u3001\u5316\u5b66\u8010\u6027\u3092\u517c\u306d\u5099\u3048\u305f\u5316\u5408\u7269\u3067\u3001\u9759\u7684\u304a\u3088\u3073\u6e96\u52d5\u7684\u306a\u904e\u9177\u306a\u7528\u9014\u3067\u512a\u308c\u305f\u6027\u80fd\u3092\u767a\u63ee\u3057\u307e\u3059\u3002Chemraz 605 \u306f\u3001\u71b1\u3044\u30a2\u30df\u30f3\u3001\u84b8\u6c17\u3001\u304a\u3088\u3073\u6c34\u306b\u5bfe\u3057\u3066\u7121\u985e\u306e\u6027\u80fd\u3092\u793a\u3057\u3001-4\u00b0F \u304b\u3089 500\u00b0F (-20\u00b0C \u304b\u3089 260\u00b0C) \u307e\u3067\u306e\u6e29\u5ea6\u7bc4\u56f2\u3067\u826f\u597d\u306b\u52d5\u4f5c\u3057\u307e\u3059\u3002 O \u30ea\u30f3\u30b0\u3001\u30ac\u30b9\u30b1\u30c3\u30c8\u3001\u305d\u306e\u4ed6\u306e\u591a\u304f\u306e\u30ab\u30b9\u30bf\u30e0\u5f62\u72b6\u3067\u5229\u7528\u53ef\u80fd\u306a Chemraz 605 \u306f\u3001\u5e83\u7bc4\u306a\u5316\u5b66\u8010\u6027\u3092\u6301\u3063\u3066\u3044\u307e\u3059\u3002Chemraz 605 \u306f\u3001\u9178\u3001\u30a2\u30eb\u30ab\u30ea\u3001\u30a2\u30eb\u30c7\u30d2\u30c9\u3001\u30a8\u30b9\u30c6\u30eb\u3001\u30a8\u30fc\u30c6\u30eb\u3001\u82b3\u9999\u65cf\u5316\u5408\u7269\u3001\u71b1\u6c34\u3001\u84b8\u6c17\u3001\u30a2\u30df\u30f3\u3001\u30e1\u30bf\u30ce\u30fc\u30eb\u3001\u30b1\u30c8\u30f3\u3001TBA\u3001MTBE \u306a\u3069\u3001\u3055\u307e\u3056\u307e\u306a\u74b0\u5883\u3067\u4f7f\u7528\u3067\u304d\u307e\u3059\u3002[:kr]\ubc00\ubd09 \uc194\ub8e8\uc158 Chemraz\u00ae 605\ub294 \ud37c\ud50c\ub8e8\uc624\ub85c\uc5d8\ub77c\uc2a4\ud1a0\uba38\ub85c\uc11c \uae4c\ub2e4\ub85c\uc6b4 \uc720\uccb4 \ucde8\uae09 \uc560\ud50c\ub9ac\ucf00\uc774\uc158\uc5d0 \uc774\uc0c1\uc801\uc73c\ub85c \uc801\ud569\ud569\ub2c8\ub2e4. \uace0\uc628 \ud654\ud569\ubb3c\ub85c\uc11c \uc6b0\uc218\ud55c \uc555\ucd95 \uc138\ud2b8 \uc800\ud56d\uc131, \ubb3c\ub9ac\uc801 \ud2b9\uc131 \ubc0f \ub6f0\uc5b4\ub09c \ud654\ud559 \uc800\ud56d\uc131\uc744 \uac16\ucd94\uace0 \uc788\uc5b4 \uc815\uc801 \ubc0f \ubc18\ub3d9\uc801 \uc560\ud50c\ub9ac\ucf00\uc774\uc158\uc5d0\uc11c \ub6f0\uc5b4\ub09c \uc131\ub2a5\uc744 \ubc1c\ud718\ud569\ub2c8\ub2e4. Chemraz 605\ub294 \ub728\uac70\uc6b4 \uc544\ubbfc, \uc99d\uae30 \ubc0f \ubb3c\uc5d0 \ub300\ud574 \ube44\ud560 \ub370 \uc5c6\ub294 \uc131\ub2a5\uc744 \ubcf4\uc774\uba70, -4\u00b0F\uc5d0\uc11c 500\u00b0F (-20\u00b0C\uc5d0\uc11c 260\u00b0C)\uae4c\uc9c0\uc758 \uc99d\uac00\ub41c \uc628\ub3c4\uc5d0\uc11c \uc798 \uc791\ub3d9\ud569\ub2c8\ub2e4. Chemraz 605\ub294 O-\ub9c1, \uac00\uc2a4\ucf13 \ubc0f \uae30\ud0c0 \ub9de\ucda4\ud615 \ud615\ud0dc\ub85c \uc81c\uacf5\ub418\uba70, \ud3ed\ub113\uc740 \ud654\ud559 \uc800\ud56d\uc131\uc744 \uc9c0\ub2c8\uace0 \uc788\uc2b5\ub2c8\ub2e4. \uc774 605 \ud654\ud569\ubb3c\uc740 \uc0b0, \uac00\uc131 \ubb3c\uc9c8, \uc54c\ub370\ud788\ub4dc, \uc5d0\uc2a4\ud130, \uc5d0\ud130, \ubc29\ud5a5\uc871 \ud654\ud569\ubb3c, \uc628\uc218, \uc99d\uae30, \uc544\ubbfc, \uba54\ud0c4\uc62c, \ucf00\ud1a4, TBA \ubc0f MTBE\ub97c \ud3ec\ud568\ud55c \ub2e4\uc591\ud55c \ub9e4\uccb4\uc5d0\uc11c \uc0ac\uc6a9\uc774 \uac00\ub2a5\ud569\ub2c8\ub2e4.[:]","og_url":"https:\/\/mog.com.vn\/product\/chemraz-605\/","og_site_name":"Mog.com.vn","article_modified_time":"2025-04-12T17:10:49+00:00","og_image":[{"width":800,"height":800,"url":"https:\/\/mog.com.vn\/wp-content\/uploads\/2025\/04\/Untitled-1_0003_CHEMRAZ\u00ae-605.jpg","type":"image\/jpeg"}],"twitter_card":"summary_large_image","twitter_misc":{"\u01af\u1edbc t\u00ednh th\u1eddi gian \u0111\u1ecdc":"1 ph\u00fat"},"schema":{"@context":"https:\/\/schema.org","@graph":[{"@type":"WebPage","@id":"https:\/\/mog.com.vn\/product\/chemraz-605\/","url":"https:\/\/mog.com.vn\/product\/chemraz-605\/","name":"CHEMRAZ\u00ae 605 - Mog.com.vn","isPartOf":{"@id":"https:\/\/mog.com.vn\/#website"},"primaryImageOfPage":{"@id":"https:\/\/mog.com.vn\/product\/chemraz-605\/#primaryimage"},"image":{"@id":"https:\/\/mog.com.vn\/product\/chemraz-605\/#primaryimage"},"thumbnailUrl":"https:\/\/mog.com.vn\/wp-content\/uploads\/2025\/04\/Untitled-1_0003_CHEMRAZ\u00ae-605.jpg","datePublished":"2025-04-12T17:10:43+00:00","dateModified":"2025-04-12T17:10:49+00:00","breadcrumb":{"@id":"https:\/\/mog.com.vn\/product\/chemraz-605\/#breadcrumb"},"inLanguage":"vi","potentialAction":[{"@type":"ReadAction","target":["https:\/\/mog.com.vn\/product\/chemraz-605\/"]}]},{"@type":"ImageObject","inLanguage":"vi","@id":"https:\/\/mog.com.vn\/product\/chemraz-605\/#primaryimage","url":"https:\/\/mog.com.vn\/wp-content\/uploads\/2025\/04\/Untitled-1_0003_CHEMRAZ\u00ae-605.jpg","contentUrl":"https:\/\/mog.com.vn\/wp-content\/uploads\/2025\/04\/Untitled-1_0003_CHEMRAZ\u00ae-605.jpg","width":800,"height":800},{"@type":"BreadcrumbList","@id":"https:\/\/mog.com.vn\/product\/chemraz-605\/#breadcrumb","itemListElement":[{"@type":"ListItem","position":1,"name":"Home","item":"https:\/\/mog.com.vn\/"},{"@type":"ListItem","position":2,"name":"Shop","item":"https:\/\/mog.com.vn\/shop\/"},{"@type":"ListItem","position":3,"name":"CHEMRAZ\u00ae 605"}]},{"@type":"WebSite","@id":"https:\/\/mog.com.vn\/#website","url":"https:\/\/mog.com.vn\/","name":"Mog.com.vn","description":"FLOW Control Solutions","publisher":{"@id":"https:\/\/mog.com.vn\/#organization"},"potentialAction":[{"@type":"SearchAction","target":{"@type":"EntryPoint","urlTemplate":"https:\/\/mog.com.vn\/?s={search_term_string}"},"query-input":{"@type":"PropertyValueSpecification","valueRequired":true,"valueName":"search_term_string"}}],"inLanguage":"vi"},{"@type":"Organization","@id":"https:\/\/mog.com.vn\/#organization","name":"Mog.com.vn","url":"https:\/\/mog.com.vn\/","logo":{"@type":"ImageObject","inLanguage":"vi","@id":"https:\/\/mog.com.vn\/#\/schema\/logo\/image\/","url":"https:\/\/mog.com.vn\/wp-content\/uploads\/2025\/10\/Logo-MOG.jpg","contentUrl":"https:\/\/mog.com.vn\/wp-content\/uploads\/2025\/10\/Logo-MOG.jpg","width":755,"height":230,"caption":"Mog.com.vn"},"image":{"@id":"https:\/\/mog.com.vn\/#\/schema\/logo\/image\/"},"description":"Gi\u1ea3i ph\u00e1p C\u01a1 kh\u00ed ch\u00ednh x\u00e1c & Van c\u00f4ng nghi\u1ec7p to\u00e0n di\u1ec7n cho doanh nghi\u1ec7p c\u1ee7a b\u1ea1n.","email":"giacongcokhimog@gmail.com","telephone":"090 311 4883"}]}},"_links":{"self":[{"href":"https:\/\/mog.com.vn\/vi\/wp-json\/wp\/v2\/product\/510","targetHints":{"allow":["GET"]}}],"collection":[{"href":"https:\/\/mog.com.vn\/vi\/wp-json\/wp\/v2\/product"}],"about":[{"href":"https:\/\/mog.com.vn\/vi\/wp-json\/wp\/v2\/types\/product"}],"replies":[{"embeddable":true,"href":"https:\/\/mog.com.vn\/vi\/wp-json\/wp\/v2\/comments?post=510"}],"wp:featuredmedia":[{"embeddable":true,"href":"https:\/\/mog.com.vn\/vi\/wp-json\/wp\/v2\/media\/511"}],"wp:attachment":[{"href":"https:\/\/mog.com.vn\/vi\/wp-json\/wp\/v2\/media?parent=510"}],"wp:term":[{"taxonomy":"product_brand","embeddable":true,"href":"https:\/\/mog.com.vn\/vi\/wp-json\/wp\/v2\/product_brand?post=510"},{"taxonomy":"product_cat","embeddable":true,"href":"https:\/\/mog.com.vn\/vi\/wp-json\/wp\/v2\/product_cat?post=510"},{"taxonomy":"product_tag","embeddable":true,"href":"https:\/\/mog.com.vn\/vi\/wp-json\/wp\/v2\/product_tag?post=510"}],"curies":[{"name":"wp","href":"https:\/\/api.w.org\/{rel}","templated":true}]}}