{"id":514,"date":"2025-04-12T17:10:43","date_gmt":"2025-04-12T17:10:43","guid":{"rendered":"https:\/\/mog.com.vn\/renew\/product\/chemraz-615\/"},"modified":"2025-04-12T17:10:50","modified_gmt":"2025-04-12T17:10:50","slug":"chemraz-615","status":"publish","type":"product","link":"https:\/\/mog.com.vn\/vi\/product\/chemraz-615\/","title":{"rendered":"CHEMRAZ\u00ae 615"},"content":{"rendered":"<strong>T\u00ednh n\u0103ng &amp; L\u1ee3i \u00edch<\/strong><\/p>\n<p>&nbsp;<\/p>\n<ul>\n<li>N\u00e9n th\u1ea5p \u0111\u01b0\u1ee3c thi\u1ebft l\u1eadp \u1edf nhi\u1ec7t \u0111\u1ed9 li\u00ean t\u1ee5c l\u00ean \u0111\u1ebfn 615\u00b0F (324\u00b0C)<\/li>\n<li>Kh\u1ea3 n\u0103ng x\u1eed l\u00fd c\u00e1c chu k\u1ef3 nhi\u1ec7t kh\u1eafc nghi\u1ec7t, ngh\u0129a l\u00e0 tu\u1ed5i th\u1ecd d\u00e0i h\u01a1n v\u00e0 chi ph\u00ed th\u1eddi gian ch\u1ebft th\u1ea5p h\u01a1n<\/li>\n<li>Kh\u00f4ng b\u1ecb d\u00ednh \u1edf nhi\u1ec7t \u0111\u1ed9 cao<\/li>\n<li>Tu\u1ed5i th\u1ecd cao trong nhi\u1ec1u lo\u1ea1i m\u00f4i tr\u01b0\u1eddng, bao g\u1ed3m c\u1ea3 d\u1ea7u truy\u1ec1n nhi\u1ec7t<\/li>\n<li>Kh\u1ea3 n\u0103ng ch\u1ed1ng h\u00f3a ch\u1ea5t tuy\u1ec7t v\u1eddi<\/li>\n<\/ul>\n<p>&nbsp;<\/p>\n<p><strong>\u1ee8ng d\u1ee5ng<\/strong><\/p>\n<p>&nbsp;<\/p>\n<ul>\n<li>Seals c\u01a1 kh\u00ed<\/li>\n<li>D\u1ee5ng c\u1ee5 ki\u1ec3m so\u00e1t quy tr\u00ecnh<\/li>\n<li>B\u1ed9 trao \u0111\u1ed5i nhi\u1ec7t<\/li>\n<li>Van<\/li>\n<li>M\u00e1y khu\u1ea5y &amp; m\u00e1y tr\u1ed9n<\/li>\n<li>M\u00e1y b\u01a1m<\/li>\n<li>Kh\u1edbp n\u1ed1i<\/li>\n<\/ul>\n<p>&nbsp;<\/p>\n<p><strong>T\u00ednh ch\u1ea5t \u0111i\u1ec3n h\u00ecnh<\/strong><\/p>\n<p><img loading=\"lazy\" decoding=\"async\" class=\"alignnone wp-image-987453141\" src=\"http:\/\/www.khonglieng.com.sg\/wp-content\/uploads\/chemraz615-spec.png\" sizes=\"auto, (max-width: 427px) 100vw, 427px\" srcset=\"https:\/\/khonglieng.com.sg\/wp-content\/uploads\/chemraz615-spec.png 620w, https:\/\/khonglieng.com.sg\/wp-content\/uploads\/chemraz615-spec-510x373.png 510w, https:\/\/khonglieng.com.sg\/wp-content\/uploads\/chemraz615-spec-300x220.png 300w\" alt=\"\" width=\"427\" height=\"313\" \/>","protected":false},"excerpt":{"rendered":"<p>Chemraz\u00ae 615 c\u1ee7a Greene, Tweed th\u1ec3 hi\u1ec7n c\u00e1c \u0111\u1eb7c t\u00ednh nhi\u1ec7t \u0111\u1ed9 cao v\u01b0\u1ee3t tr\u1ed9i, v\u1edbi ph\u1ea1m vi nhi\u1ec7t \u0111\u1ed9 t\u1eeb 0\u00b0F \u0111\u1ebfn 615\u00b0F (-18\u00b0C \u0111\u1ebfn 324\u00b0C). Kh\u1ea3 n\u0103ng ch\u1ed1ng h\u00f3a ch\u1ea5t v\u00e0 \u0111\u1eb7c t\u00ednh n\u00e9n th\u1ea5p c\u1ee7a Chemraz 615 k\u1ebft h\u1ee3p l\u1ea1i \u0111\u1ec3 v\u01b0\u1ee3t tr\u1ed9i h\u01a1n c\u00e1c lo\u1ea1i perfluoroelastomer \u0111\u00f3ng r\u1eafn b\u1eb1ng thi\u1ebfc.<\/p>\n<p>Chemraz 615 cho th\u1ea5y \u0111\u1ed9 n\u00e9n th\u1ea5p h\u01a1n \u1edf nhi\u1ec7t \u0111\u1ed9 cao v\u00e0 l\u1ef1c b\u1ecbt k\u00edn \u0111\u01b0\u1ee3c gi\u1eef l\u1ea1i cao h\u01a1n c\u00e1c lo\u1ea1i perfluoroelastomer kh\u00e1c hi\u1ec7n c\u00f3.<\/p>\n<p>V\u00ec Chemraz 615 cho ph\u00e9p s\u1eed d\u1ee5ng nhi\u1ec7t \u0111\u1ed9 v\u1eadn h\u00e0nh quy tr\u00ecnh cao h\u01a1n n\u00ean n\u00f3 l\u00fd t\u01b0\u1edfng cho nhi\u1ec1u th\u1ecb tr\u01b0\u1eddng, t\u1eeb quy tr\u00ecnh h\u00f3a h\u1ecdc \u0111\u1ebfn l\u1ecdc d\u1ea7u. Lo\u1ea1i perfluoroelastomer v\u01b0\u1ee3t tr\u1ed9i n\u00e0y ho\u1ea1t \u0111\u1ed9ng t\u1ed1t trong nhi\u1ec1u lo\u1ea1i ch\u1ea5t l\u1ecfng nh\u01b0 h\u00f3a ch\u1ea5t v\u00f4 c\u01a1 v\u00e0 h\u1eefu c\u01a1, axit, thu\u1ed1c th\u1eed, ch\u1ea5t l\u1ecfng truy\u1ec1n nhi\u1ec7t v\u00e0 hydrocarbon.<\/p>\n<p>Chemraz 615 c\u00f3 s\u1eb5n trong v\u00f2ng \u0111\u1ec7m ch\u1eef O ti\u00eau chu\u1ea9n v\u00e0 h\u00ecnh d\u1ea1ng t\u00f9y ch\u1ec9nh cho nhi\u1ec1u lo\u1ea1i thi\u1ebft b\u1ecb, t\u1eeb m\u00e1y b\u01a1m v\u00e0 van \u0111\u1ebfn m\u00e1y khu\u1ea5y v\u00e0 m\u00e1y tr\u1ed9n, t\u1eeb ph\u1edbt c\u01a1 kh\u00ed v\u00e0 d\u1ee5ng c\u1ee5 ki\u1ec3m so\u00e1t quy tr\u00ecnh \u0111\u1ebfn b\u1ed9 trao \u0111\u1ed5i nhi\u1ec7t v\u00e0 thi\u1ebft b\u1ecb ch\u1ea9n \u0111o\u00e1n.<\/p>\n","protected":false},"featured_media":515,"comment_status":"closed","ping_status":"open","template":"","meta":[],"product_brand":[],"product_cat":[140],"product_tag":[],"class_list":{"0":"post-514","1":"product","2":"type-product","3":"status-publish","4":"has-post-thumbnail","6":"product_cat-ve-chung-toi","8":"first","9":"instock","10":"product-type-simple"},"yoast_head":"<!-- This site is optimized with the Yoast SEO Premium plugin v25.9 (Yoast SEO v25.9) - https:\/\/yoast.com\/wordpress\/plugins\/seo\/ -->\n<title>CHEMRAZ\u00ae 615 - Mog.com.vn<\/title>\n<meta name=\"robots\" content=\"index, follow, max-snippet:-1, max-image-preview:large, max-video-preview:-1\" \/>\n<link rel=\"canonical\" href=\"https:\/\/mog.com.vn\/product\/chemraz-615\/\" \/>\n<meta property=\"og:locale\" content=\"vi_VN\" \/>\n<meta property=\"og:type\" content=\"article\" \/>\n<meta property=\"og:title\" content=\"CHEMRAZ\u00ae 615\" \/>\n<meta property=\"og:description\" content=\"[:vi]Chemraz\u00ae 615 c\u1ee7a Greene, Tweed th\u1ec3 hi\u1ec7n c\u00e1c \u0111\u1eb7c t\u00ednh nhi\u1ec7t \u0111\u1ed9 cao v\u01b0\u1ee3t tr\u1ed9i, v\u1edbi ph\u1ea1m vi nhi\u1ec7t \u0111\u1ed9 t\u1eeb 0\u00b0F \u0111\u1ebfn 615\u00b0F (-18\u00b0C \u0111\u1ebfn 324\u00b0C). Kh\u1ea3 n\u0103ng ch\u1ed1ng h\u00f3a ch\u1ea5t v\u00e0 \u0111\u1eb7c t\u00ednh n\u00e9n th\u1ea5p c\u1ee7a Chemraz 615 k\u1ebft h\u1ee3p l\u1ea1i \u0111\u1ec3 v\u01b0\u1ee3t tr\u1ed9i h\u01a1n c\u00e1c lo\u1ea1i perfluoroelastomer \u0111\u00f3ng r\u1eafn b\u1eb1ng thi\u1ebfc. Chemraz 615 cho th\u1ea5y \u0111\u1ed9 n\u00e9n th\u1ea5p h\u01a1n \u1edf nhi\u1ec7t \u0111\u1ed9 cao v\u00e0 l\u1ef1c b\u1ecbt k\u00edn \u0111\u01b0\u1ee3c gi\u1eef l\u1ea1i cao h\u01a1n c\u00e1c lo\u1ea1i perfluoroelastomer kh\u00e1c hi\u1ec7n c\u00f3. V\u00ec Chemraz 615 cho ph\u00e9p s\u1eed d\u1ee5ng nhi\u1ec7t \u0111\u1ed9 v\u1eadn h\u00e0nh quy tr\u00ecnh cao h\u01a1n n\u00ean n\u00f3 l\u00fd t\u01b0\u1edfng cho nhi\u1ec1u th\u1ecb tr\u01b0\u1eddng, t\u1eeb quy tr\u00ecnh h\u00f3a h\u1ecdc \u0111\u1ebfn l\u1ecdc d\u1ea7u. Lo\u1ea1i perfluoroelastomer v\u01b0\u1ee3t tr\u1ed9i n\u00e0y ho\u1ea1t \u0111\u1ed9ng t\u1ed1t trong nhi\u1ec1u lo\u1ea1i ch\u1ea5t l\u1ecfng nh\u01b0 h\u00f3a ch\u1ea5t v\u00f4 c\u01a1 v\u00e0 h\u1eefu c\u01a1, axit, thu\u1ed1c th\u1eed, ch\u1ea5t l\u1ecfng truy\u1ec1n nhi\u1ec7t v\u00e0 hydrocarbon. Chemraz 615 c\u00f3 s\u1eb5n trong v\u00f2ng \u0111\u1ec7m ch\u1eef O ti\u00eau chu\u1ea9n v\u00e0 h\u00ecnh d\u1ea1ng t\u00f9y ch\u1ec9nh cho nhi\u1ec1u lo\u1ea1i thi\u1ebft b\u1ecb, t\u1eeb m\u00e1y b\u01a1m v\u00e0 van \u0111\u1ebfn m\u00e1y khu\u1ea5y v\u00e0 m\u00e1y tr\u1ed9n, t\u1eeb ph\u1edbt c\u01a1 kh\u00ed v\u00e0 d\u1ee5ng c\u1ee5 ki\u1ec3m so\u00e1t quy tr\u00ecnh \u0111\u1ebfn b\u1ed9 trao \u0111\u1ed5i nhi\u1ec7t v\u00e0 thi\u1ebft b\u1ecb ch\u1ea9n \u0111o\u00e1n.[:en]Sealing Solutions Greene, Tweed\u2019s Chemraz\u00ae 615 exhibits outstanding high temperature properties, with a temperature range from 0\u00b0F to 615\u00b0F (-18\u00b0C to 324\u00b0C). Chemraz 615\u2019s chemical resistance and low compression set characteristics combine to out perform tin-cured perfluoroelastomers. Chemraz 615 shows lower compression set at high temperatures and a higher retained sealing force than other perfluoroelastomers available. Because Chemraz 615 allows for the use of higher process operating temperatures, it is ideal for a range of markets, from chemical process to petroleum refining. This superior perfluoroelastomer performs well in a variety of fluids such as inorganic and organic chemicals, acids, reagents, heat transfer fluids and hydrocarbons. Chemraz 615 is available in standard O-rings and custom shapes for a range of equipment, from pumps and valves to agitators and mixers, from mechanical seals and process control instruments to heat exchangers and diagnostic equipment.[:ja]\u30b7\u30fc\u30ea\u30f3\u30b0\u30bd\u30ea\u30e5\u30fc\u30b7\u30e7\u30f3 Greene, Tweed\u306eChemraz\u00ae 615 \u306f\u3001\u512a\u308c\u305f\u9ad8\u6e29\u7279\u6027\u3092\u6301\u3061\u3001\u6e29\u5ea6\u7bc4\u56f2\u304c 0\u00b0F \u304b\u3089 615\u00b0F (-18\u00b0C \u304b\u3089 324\u00b0C) \u3067\u3059\u3002Chemraz 615 \u306e\u5316\u5b66\u8010\u6027\u3068\u4f4e\u5727\u7e2e\u7279\u6027\u306f\u3001\u30b9\u30ba\u786c\u5316\u578b\u30d1\u30fc\u30d5\u30eb\u30aa\u30ed\u30a8\u30e9\u30b9\u30c8\u30de\u30fc\u3088\u308a\u3082\u512a\u308c\u3066\u3044\u307e\u3059\u3002 Chemraz 615 \u306f\u3001\u9ad8\u6e29\u3067\u306e\u4f4e\u5727\u7e2e\u6027\u3068\u3001\u4ed6\u306e\u30d1\u30fc\u30d5\u30eb\u30aa\u30ed\u30a8\u30e9\u30b9\u30c8\u30de\u30fc\u3088\u308a\u3082\u512a\u308c\u305f\u30b7\u30fc\u30ea\u30f3\u30b0\u4fdd\u6301\u529b\u3092\u793a\u3057\u307e\u3059\u3002 Chemraz 615 \u306f\u3001\u3088\u308a\u9ad8\u3044\u30d7\u30ed\u30bb\u30b9\u52d5\u4f5c\u6e29\u5ea6\u3092\u53ef\u80fd\u306b\u3059\u308b\u305f\u3081\u3001\u5316\u5b66\u30d7\u30ed\u30bb\u30b9\u304b\u3089\u7cbe\u88fd\u307e\u3067\u591a\u304f\u306e\u5e02\u5834\u306b\u7406\u60f3\u7684\u3067\u3059\u3002\u3053\u306e\u512a\u308c\u305f\u30d1\u30fc\u30d5\u30eb\u30aa\u30ed\u30a8\u30e9\u30b9\u30c8\u30de\u30fc\u306f\u3001\u7121\u6a5f\u304a\u3088\u3073\u6709\u6a5f\u5316\u5b66\u85ac\u54c1\u3001\u9178\u3001\u8a66\u85ac\u3001\u71b1\u4f1d\u9054\u6db2\u304a\u3088\u3073\u70ad\u5316\u6c34\u7d20\u306a\u3069\u3001\u591a\u69d8\u306a\u6db2\u4f53\u306b\u5bfe\u3057\u3066\u512a\u308c\u305f\u6027\u80fd\u3092\u767a\u63ee\u3057\u307e\u3059\u3002 Chemraz 615 \u306f\u3001\u6a19\u6e96\u7684\u306a O \u30ea\u30f3\u30b0\u304a\u3088\u3073\u30ab\u30b9\u30bf\u30e0\u5f62\u72b6\u3067\u3001\u30dd\u30f3\u30d7\u3084\u30d0\u30eb\u30d6\u304b\u3089\u30df\u30ad\u30b5\u30fc\u3084\u30d6\u30ec\u30f3\u30c0\u30fc\u3001\u6a5f\u68b0\u30b7\u30fc\u30eb\u3084\u30d7\u30ed\u30bb\u30b9\u5236\u5fa1\u6a5f\u5668\u3001\u71b1\u4ea4\u63db\u5668\u304a\u3088\u3073\u8a3a\u65ad\u6a5f\u5668\u307e\u3067\u3001\u591a\u69d8\u306a\u6a5f\u5668\u306b\u5bfe\u5fdc\u3057\u3066\u3044\u307e\u3059\u3002[:kr]\ubc00\ubd09 \uc194\ub8e8\uc158 Greene, Tweed\uc758 Chemraz\u00ae 615\ub294 0\u00b0F\uc5d0\uc11c 615\u00b0F (-18\u00b0C\uc5d0\uc11c 324\u00b0C)\uae4c\uc9c0\uc758 \uc6b0\uc218\ud55c \uace0\uc628 \ud2b9\uc131\uc744 \ubcf4\uc5ec\uc90d\ub2c8\ub2e4. Chemraz 615\uc758 \ud654\ud559 \uc800\ud56d\uc131\uacfc \ub0ae\uc740 \uc555\ucd95 \uc138\ud2b8 \ud2b9\uc131\uc740 \uc8fc\uc11d \uacbd\ud654 \ud37c\ud50c\ub8e8\uc624\ub85c\uc5d8\ub77c\uc2a4\ud1a0\uba38\ubcf4\ub2e4 \ub6f0\uc5b4\ub09c \uc131\ub2a5\uc744 \ubc1c\ud718\ud569\ub2c8\ub2e4. Chemraz 615\ub294 \ub192\uc740 \uc628\ub3c4\uc5d0\uc11c \ub354 \ub0ae\uc740 \uc555\ucd95 \uc138\ud2b8\ub97c \ubcf4\uc5ec\uc8fc\uba70, \ub2e4\ub978 \ud37c\ud50c\ub8e8\uc624\ub85c\uc5d8\ub77c\uc2a4\ud1a0\uba38\ubcf4\ub2e4 \ub354 \ub192\uc740 \ubc00\ubd09\ub825\uc744 \uc720\uc9c0\ud569\ub2c8\ub2e4. Chemraz 615\ub294 \ub354 \ub192\uc740 \uacf5\uc815 \uc791\ub3d9 \uc628\ub3c4\ub97c \ud5c8\uc6a9\ud558\ubbc0\ub85c \ud654\ud559 \uacf5\uc815\uc5d0\uc11c \uc11d\uc720 \uc815\uc81c\uae4c\uc9c0 \ub2e4\uc591\ud55c \uc2dc\uc7a5\uc5d0 \uc801\ud569\ud569\ub2c8\ub2e4. \uc774 \uc6b0\uc218\ud55c \ud37c\ud50c\ub8e8\uc624\ub85c\uc5d8\ub77c\uc2a4\ud1a0\uba38\ub294 \ubb34\uae30 \ubc0f \uc720\uae30 \ud654\ud559\ubb3c\uc9c8, \uc0b0, \uc2dc\uc57d, \uc5f4\uc804\ub2ec \uc720\uccb4 \ubc0f \ud0c4\ud654\uc218\uc18c\uc640 \uac19\uc740 \ub2e4\uc591\ud55c \uc720\uccb4\uc5d0\uc11c \uc798 \uc791\ub3d9\ud569\ub2c8\ub2e4. Chemraz 615\ub294 \ud38c\ud504 \ubc0f \ubc38\ube0c\uc5d0\uc11c \uad50\ubc18\uae30 \ubc0f \ubbf9\uc11c, \uae30\uacc4\uc801 \uc530 \ubc0f \uacf5\uc815 \uc81c\uc5b4 \uae30\uae30\uc5d0\uc11c \uc5f4 \uad50\ud658\uae30 \ubc0f \uc9c4\ub2e8 \uc7a5\ube44\uc5d0 \uc774\ub974\ub294 \ub2e4\uc591\ud55c \uc7a5\ube44\uc5d0 \ub300\ud55c \ud45c\uc900 O-\ub9c1 \ubc0f \ub9de\ucda4\ud615 \ud615\ud0dc\ub85c \uc81c\uacf5\ub429\ub2c8\ub2e4.[:]\" \/>\n<meta property=\"og:url\" content=\"https:\/\/mog.com.vn\/product\/chemraz-615\/\" \/>\n<meta property=\"og:site_name\" content=\"Mog.com.vn\" \/>\n<meta property=\"article:modified_time\" content=\"2025-04-12T17:10:50+00:00\" \/>\n<meta property=\"og:image\" content=\"https:\/\/mog.com.vn\/wp-content\/uploads\/2025\/04\/Untitled-1_0002_CHEMRAZ\u00ae-615.jpg\" \/>\n\t<meta property=\"og:image:width\" content=\"800\" \/>\n\t<meta property=\"og:image:height\" content=\"800\" \/>\n\t<meta property=\"og:image:type\" content=\"image\/jpeg\" \/>\n<meta name=\"twitter:card\" content=\"summary_large_image\" \/>\n<meta name=\"twitter:label1\" content=\"\u01af\u1edbc t\u00ednh th\u1eddi gian \u0111\u1ecdc\" \/>\n\t<meta name=\"twitter:data1\" content=\"1 ph\u00fat\" \/>\n<script type=\"application\/ld+json\" class=\"yoast-schema-graph\">{\"@context\":\"https:\/\/schema.org\",\"@graph\":[{\"@type\":\"WebPage\",\"@id\":\"https:\/\/mog.com.vn\/product\/chemraz-615\/\",\"url\":\"https:\/\/mog.com.vn\/product\/chemraz-615\/\",\"name\":\"CHEMRAZ\u00ae 615 - Mog.com.vn\",\"isPartOf\":{\"@id\":\"https:\/\/mog.com.vn\/#website\"},\"primaryImageOfPage\":{\"@id\":\"https:\/\/mog.com.vn\/product\/chemraz-615\/#primaryimage\"},\"image\":{\"@id\":\"https:\/\/mog.com.vn\/product\/chemraz-615\/#primaryimage\"},\"thumbnailUrl\":\"https:\/\/mog.com.vn\/wp-content\/uploads\/2025\/04\/Untitled-1_0002_CHEMRAZ\u00ae-615.jpg\",\"datePublished\":\"2025-04-12T17:10:43+00:00\",\"dateModified\":\"2025-04-12T17:10:50+00:00\",\"breadcrumb\":{\"@id\":\"https:\/\/mog.com.vn\/product\/chemraz-615\/#breadcrumb\"},\"inLanguage\":\"vi\",\"potentialAction\":[{\"@type\":\"ReadAction\",\"target\":[\"https:\/\/mog.com.vn\/product\/chemraz-615\/\"]}]},{\"@type\":\"ImageObject\",\"inLanguage\":\"vi\",\"@id\":\"https:\/\/mog.com.vn\/product\/chemraz-615\/#primaryimage\",\"url\":\"https:\/\/mog.com.vn\/wp-content\/uploads\/2025\/04\/Untitled-1_0002_CHEMRAZ\u00ae-615.jpg\",\"contentUrl\":\"https:\/\/mog.com.vn\/wp-content\/uploads\/2025\/04\/Untitled-1_0002_CHEMRAZ\u00ae-615.jpg\",\"width\":800,\"height\":800},{\"@type\":\"BreadcrumbList\",\"@id\":\"https:\/\/mog.com.vn\/product\/chemraz-615\/#breadcrumb\",\"itemListElement\":[{\"@type\":\"ListItem\",\"position\":1,\"name\":\"Home\",\"item\":\"https:\/\/mog.com.vn\/\"},{\"@type\":\"ListItem\",\"position\":2,\"name\":\"Shop\",\"item\":\"https:\/\/mog.com.vn\/shop\/\"},{\"@type\":\"ListItem\",\"position\":3,\"name\":\"CHEMRAZ\u00ae 615\"}]},{\"@type\":\"WebSite\",\"@id\":\"https:\/\/mog.com.vn\/#website\",\"url\":\"https:\/\/mog.com.vn\/\",\"name\":\"Mog.com.vn\",\"description\":\"FLOW Control Solutions\",\"publisher\":{\"@id\":\"https:\/\/mog.com.vn\/#organization\"},\"potentialAction\":[{\"@type\":\"SearchAction\",\"target\":{\"@type\":\"EntryPoint\",\"urlTemplate\":\"https:\/\/mog.com.vn\/?s={search_term_string}\"},\"query-input\":{\"@type\":\"PropertyValueSpecification\",\"valueRequired\":true,\"valueName\":\"search_term_string\"}}],\"inLanguage\":\"vi\"},{\"@type\":\"Organization\",\"@id\":\"https:\/\/mog.com.vn\/#organization\",\"name\":\"Mog.com.vn\",\"url\":\"https:\/\/mog.com.vn\/\",\"logo\":{\"@type\":\"ImageObject\",\"inLanguage\":\"vi\",\"@id\":\"https:\/\/mog.com.vn\/#\/schema\/logo\/image\/\",\"url\":\"https:\/\/mog.com.vn\/wp-content\/uploads\/2025\/10\/Logo-MOG.jpg\",\"contentUrl\":\"https:\/\/mog.com.vn\/wp-content\/uploads\/2025\/10\/Logo-MOG.jpg\",\"width\":755,\"height\":230,\"caption\":\"Mog.com.vn\"},\"image\":{\"@id\":\"https:\/\/mog.com.vn\/#\/schema\/logo\/image\/\"},\"description\":\"Gi\u1ea3i ph\u00e1p C\u01a1 kh\u00ed ch\u00ednh x\u00e1c & Van c\u00f4ng nghi\u1ec7p to\u00e0n di\u1ec7n cho doanh nghi\u1ec7p c\u1ee7a b\u1ea1n.\",\"email\":\"giacongcokhimog@gmail.com\",\"telephone\":\"090 311 4883\"}]}<\/script>\n<!-- \/ Yoast SEO Premium plugin. -->","yoast_head_json":{"title":"CHEMRAZ\u00ae 615 - Mog.com.vn","robots":{"index":"index","follow":"follow","max-snippet":"max-snippet:-1","max-image-preview":"max-image-preview:large","max-video-preview":"max-video-preview:-1"},"canonical":"https:\/\/mog.com.vn\/product\/chemraz-615\/","og_locale":"vi_VN","og_type":"article","og_title":"CHEMRAZ\u00ae 615","og_description":"[:vi]Chemraz\u00ae 615 c\u1ee7a Greene, Tweed th\u1ec3 hi\u1ec7n c\u00e1c \u0111\u1eb7c t\u00ednh nhi\u1ec7t \u0111\u1ed9 cao v\u01b0\u1ee3t tr\u1ed9i, v\u1edbi ph\u1ea1m vi nhi\u1ec7t \u0111\u1ed9 t\u1eeb 0\u00b0F \u0111\u1ebfn 615\u00b0F (-18\u00b0C \u0111\u1ebfn 324\u00b0C). Kh\u1ea3 n\u0103ng ch\u1ed1ng h\u00f3a ch\u1ea5t v\u00e0 \u0111\u1eb7c t\u00ednh n\u00e9n th\u1ea5p c\u1ee7a Chemraz 615 k\u1ebft h\u1ee3p l\u1ea1i \u0111\u1ec3 v\u01b0\u1ee3t tr\u1ed9i h\u01a1n c\u00e1c lo\u1ea1i perfluoroelastomer \u0111\u00f3ng r\u1eafn b\u1eb1ng thi\u1ebfc. Chemraz 615 cho th\u1ea5y \u0111\u1ed9 n\u00e9n th\u1ea5p h\u01a1n \u1edf nhi\u1ec7t \u0111\u1ed9 cao v\u00e0 l\u1ef1c b\u1ecbt k\u00edn \u0111\u01b0\u1ee3c gi\u1eef l\u1ea1i cao h\u01a1n c\u00e1c lo\u1ea1i perfluoroelastomer kh\u00e1c hi\u1ec7n c\u00f3. V\u00ec Chemraz 615 cho ph\u00e9p s\u1eed d\u1ee5ng nhi\u1ec7t \u0111\u1ed9 v\u1eadn h\u00e0nh quy tr\u00ecnh cao h\u01a1n n\u00ean n\u00f3 l\u00fd t\u01b0\u1edfng cho nhi\u1ec1u th\u1ecb tr\u01b0\u1eddng, t\u1eeb quy tr\u00ecnh h\u00f3a h\u1ecdc \u0111\u1ebfn l\u1ecdc d\u1ea7u. Lo\u1ea1i perfluoroelastomer v\u01b0\u1ee3t tr\u1ed9i n\u00e0y ho\u1ea1t \u0111\u1ed9ng t\u1ed1t trong nhi\u1ec1u lo\u1ea1i ch\u1ea5t l\u1ecfng nh\u01b0 h\u00f3a ch\u1ea5t v\u00f4 c\u01a1 v\u00e0 h\u1eefu c\u01a1, axit, thu\u1ed1c th\u1eed, ch\u1ea5t l\u1ecfng truy\u1ec1n nhi\u1ec7t v\u00e0 hydrocarbon. Chemraz 615 c\u00f3 s\u1eb5n trong v\u00f2ng \u0111\u1ec7m ch\u1eef O ti\u00eau chu\u1ea9n v\u00e0 h\u00ecnh d\u1ea1ng t\u00f9y ch\u1ec9nh cho nhi\u1ec1u lo\u1ea1i thi\u1ebft b\u1ecb, t\u1eeb m\u00e1y b\u01a1m v\u00e0 van \u0111\u1ebfn m\u00e1y khu\u1ea5y v\u00e0 m\u00e1y tr\u1ed9n, t\u1eeb ph\u1edbt c\u01a1 kh\u00ed v\u00e0 d\u1ee5ng c\u1ee5 ki\u1ec3m so\u00e1t quy tr\u00ecnh \u0111\u1ebfn b\u1ed9 trao \u0111\u1ed5i nhi\u1ec7t v\u00e0 thi\u1ebft b\u1ecb ch\u1ea9n \u0111o\u00e1n.[:en]Sealing Solutions Greene, Tweed\u2019s Chemraz\u00ae 615 exhibits outstanding high temperature properties, with a temperature range from 0\u00b0F to 615\u00b0F (-18\u00b0C to 324\u00b0C). Chemraz 615\u2019s chemical resistance and low compression set characteristics combine to out perform tin-cured perfluoroelastomers. Chemraz 615 shows lower compression set at high temperatures and a higher retained sealing force than other perfluoroelastomers available. Because Chemraz 615 allows for the use of higher process operating temperatures, it is ideal for a range of markets, from chemical process to petroleum refining. This superior perfluoroelastomer performs well in a variety of fluids such as inorganic and organic chemicals, acids, reagents, heat transfer fluids and hydrocarbons. Chemraz 615 is available in standard O-rings and custom shapes for a range of equipment, from pumps and valves to agitators and mixers, from mechanical seals and process control instruments to heat exchangers and diagnostic equipment.[:ja]\u30b7\u30fc\u30ea\u30f3\u30b0\u30bd\u30ea\u30e5\u30fc\u30b7\u30e7\u30f3 Greene, Tweed\u306eChemraz\u00ae 615 \u306f\u3001\u512a\u308c\u305f\u9ad8\u6e29\u7279\u6027\u3092\u6301\u3061\u3001\u6e29\u5ea6\u7bc4\u56f2\u304c 0\u00b0F \u304b\u3089 615\u00b0F (-18\u00b0C \u304b\u3089 324\u00b0C) \u3067\u3059\u3002Chemraz 615 \u306e\u5316\u5b66\u8010\u6027\u3068\u4f4e\u5727\u7e2e\u7279\u6027\u306f\u3001\u30b9\u30ba\u786c\u5316\u578b\u30d1\u30fc\u30d5\u30eb\u30aa\u30ed\u30a8\u30e9\u30b9\u30c8\u30de\u30fc\u3088\u308a\u3082\u512a\u308c\u3066\u3044\u307e\u3059\u3002 Chemraz 615 \u306f\u3001\u9ad8\u6e29\u3067\u306e\u4f4e\u5727\u7e2e\u6027\u3068\u3001\u4ed6\u306e\u30d1\u30fc\u30d5\u30eb\u30aa\u30ed\u30a8\u30e9\u30b9\u30c8\u30de\u30fc\u3088\u308a\u3082\u512a\u308c\u305f\u30b7\u30fc\u30ea\u30f3\u30b0\u4fdd\u6301\u529b\u3092\u793a\u3057\u307e\u3059\u3002 Chemraz 615 \u306f\u3001\u3088\u308a\u9ad8\u3044\u30d7\u30ed\u30bb\u30b9\u52d5\u4f5c\u6e29\u5ea6\u3092\u53ef\u80fd\u306b\u3059\u308b\u305f\u3081\u3001\u5316\u5b66\u30d7\u30ed\u30bb\u30b9\u304b\u3089\u7cbe\u88fd\u307e\u3067\u591a\u304f\u306e\u5e02\u5834\u306b\u7406\u60f3\u7684\u3067\u3059\u3002\u3053\u306e\u512a\u308c\u305f\u30d1\u30fc\u30d5\u30eb\u30aa\u30ed\u30a8\u30e9\u30b9\u30c8\u30de\u30fc\u306f\u3001\u7121\u6a5f\u304a\u3088\u3073\u6709\u6a5f\u5316\u5b66\u85ac\u54c1\u3001\u9178\u3001\u8a66\u85ac\u3001\u71b1\u4f1d\u9054\u6db2\u304a\u3088\u3073\u70ad\u5316\u6c34\u7d20\u306a\u3069\u3001\u591a\u69d8\u306a\u6db2\u4f53\u306b\u5bfe\u3057\u3066\u512a\u308c\u305f\u6027\u80fd\u3092\u767a\u63ee\u3057\u307e\u3059\u3002 Chemraz 615 \u306f\u3001\u6a19\u6e96\u7684\u306a O \u30ea\u30f3\u30b0\u304a\u3088\u3073\u30ab\u30b9\u30bf\u30e0\u5f62\u72b6\u3067\u3001\u30dd\u30f3\u30d7\u3084\u30d0\u30eb\u30d6\u304b\u3089\u30df\u30ad\u30b5\u30fc\u3084\u30d6\u30ec\u30f3\u30c0\u30fc\u3001\u6a5f\u68b0\u30b7\u30fc\u30eb\u3084\u30d7\u30ed\u30bb\u30b9\u5236\u5fa1\u6a5f\u5668\u3001\u71b1\u4ea4\u63db\u5668\u304a\u3088\u3073\u8a3a\u65ad\u6a5f\u5668\u307e\u3067\u3001\u591a\u69d8\u306a\u6a5f\u5668\u306b\u5bfe\u5fdc\u3057\u3066\u3044\u307e\u3059\u3002[:kr]\ubc00\ubd09 \uc194\ub8e8\uc158 Greene, Tweed\uc758 Chemraz\u00ae 615\ub294 0\u00b0F\uc5d0\uc11c 615\u00b0F (-18\u00b0C\uc5d0\uc11c 324\u00b0C)\uae4c\uc9c0\uc758 \uc6b0\uc218\ud55c \uace0\uc628 \ud2b9\uc131\uc744 \ubcf4\uc5ec\uc90d\ub2c8\ub2e4. Chemraz 615\uc758 \ud654\ud559 \uc800\ud56d\uc131\uacfc \ub0ae\uc740 \uc555\ucd95 \uc138\ud2b8 \ud2b9\uc131\uc740 \uc8fc\uc11d \uacbd\ud654 \ud37c\ud50c\ub8e8\uc624\ub85c\uc5d8\ub77c\uc2a4\ud1a0\uba38\ubcf4\ub2e4 \ub6f0\uc5b4\ub09c \uc131\ub2a5\uc744 \ubc1c\ud718\ud569\ub2c8\ub2e4. Chemraz 615\ub294 \ub192\uc740 \uc628\ub3c4\uc5d0\uc11c \ub354 \ub0ae\uc740 \uc555\ucd95 \uc138\ud2b8\ub97c \ubcf4\uc5ec\uc8fc\uba70, \ub2e4\ub978 \ud37c\ud50c\ub8e8\uc624\ub85c\uc5d8\ub77c\uc2a4\ud1a0\uba38\ubcf4\ub2e4 \ub354 \ub192\uc740 \ubc00\ubd09\ub825\uc744 \uc720\uc9c0\ud569\ub2c8\ub2e4. Chemraz 615\ub294 \ub354 \ub192\uc740 \uacf5\uc815 \uc791\ub3d9 \uc628\ub3c4\ub97c \ud5c8\uc6a9\ud558\ubbc0\ub85c \ud654\ud559 \uacf5\uc815\uc5d0\uc11c \uc11d\uc720 \uc815\uc81c\uae4c\uc9c0 \ub2e4\uc591\ud55c \uc2dc\uc7a5\uc5d0 \uc801\ud569\ud569\ub2c8\ub2e4. \uc774 \uc6b0\uc218\ud55c \ud37c\ud50c\ub8e8\uc624\ub85c\uc5d8\ub77c\uc2a4\ud1a0\uba38\ub294 \ubb34\uae30 \ubc0f \uc720\uae30 \ud654\ud559\ubb3c\uc9c8, \uc0b0, \uc2dc\uc57d, \uc5f4\uc804\ub2ec \uc720\uccb4 \ubc0f \ud0c4\ud654\uc218\uc18c\uc640 \uac19\uc740 \ub2e4\uc591\ud55c \uc720\uccb4\uc5d0\uc11c \uc798 \uc791\ub3d9\ud569\ub2c8\ub2e4. Chemraz 615\ub294 \ud38c\ud504 \ubc0f \ubc38\ube0c\uc5d0\uc11c \uad50\ubc18\uae30 \ubc0f \ubbf9\uc11c, \uae30\uacc4\uc801 \uc530 \ubc0f \uacf5\uc815 \uc81c\uc5b4 \uae30\uae30\uc5d0\uc11c \uc5f4 \uad50\ud658\uae30 \ubc0f \uc9c4\ub2e8 \uc7a5\ube44\uc5d0 \uc774\ub974\ub294 \ub2e4\uc591\ud55c \uc7a5\ube44\uc5d0 \ub300\ud55c \ud45c\uc900 O-\ub9c1 \ubc0f \ub9de\ucda4\ud615 \ud615\ud0dc\ub85c \uc81c\uacf5\ub429\ub2c8\ub2e4.[:]","og_url":"https:\/\/mog.com.vn\/product\/chemraz-615\/","og_site_name":"Mog.com.vn","article_modified_time":"2025-04-12T17:10:50+00:00","og_image":[{"width":800,"height":800,"url":"https:\/\/mog.com.vn\/wp-content\/uploads\/2025\/04\/Untitled-1_0002_CHEMRAZ\u00ae-615.jpg","type":"image\/jpeg"}],"twitter_card":"summary_large_image","twitter_misc":{"\u01af\u1edbc t\u00ednh th\u1eddi gian \u0111\u1ecdc":"1 ph\u00fat"},"schema":{"@context":"https:\/\/schema.org","@graph":[{"@type":"WebPage","@id":"https:\/\/mog.com.vn\/product\/chemraz-615\/","url":"https:\/\/mog.com.vn\/product\/chemraz-615\/","name":"CHEMRAZ\u00ae 615 - Mog.com.vn","isPartOf":{"@id":"https:\/\/mog.com.vn\/#website"},"primaryImageOfPage":{"@id":"https:\/\/mog.com.vn\/product\/chemraz-615\/#primaryimage"},"image":{"@id":"https:\/\/mog.com.vn\/product\/chemraz-615\/#primaryimage"},"thumbnailUrl":"https:\/\/mog.com.vn\/wp-content\/uploads\/2025\/04\/Untitled-1_0002_CHEMRAZ\u00ae-615.jpg","datePublished":"2025-04-12T17:10:43+00:00","dateModified":"2025-04-12T17:10:50+00:00","breadcrumb":{"@id":"https:\/\/mog.com.vn\/product\/chemraz-615\/#breadcrumb"},"inLanguage":"vi","potentialAction":[{"@type":"ReadAction","target":["https:\/\/mog.com.vn\/product\/chemraz-615\/"]}]},{"@type":"ImageObject","inLanguage":"vi","@id":"https:\/\/mog.com.vn\/product\/chemraz-615\/#primaryimage","url":"https:\/\/mog.com.vn\/wp-content\/uploads\/2025\/04\/Untitled-1_0002_CHEMRAZ\u00ae-615.jpg","contentUrl":"https:\/\/mog.com.vn\/wp-content\/uploads\/2025\/04\/Untitled-1_0002_CHEMRAZ\u00ae-615.jpg","width":800,"height":800},{"@type":"BreadcrumbList","@id":"https:\/\/mog.com.vn\/product\/chemraz-615\/#breadcrumb","itemListElement":[{"@type":"ListItem","position":1,"name":"Home","item":"https:\/\/mog.com.vn\/"},{"@type":"ListItem","position":2,"name":"Shop","item":"https:\/\/mog.com.vn\/shop\/"},{"@type":"ListItem","position":3,"name":"CHEMRAZ\u00ae 615"}]},{"@type":"WebSite","@id":"https:\/\/mog.com.vn\/#website","url":"https:\/\/mog.com.vn\/","name":"Mog.com.vn","description":"FLOW Control Solutions","publisher":{"@id":"https:\/\/mog.com.vn\/#organization"},"potentialAction":[{"@type":"SearchAction","target":{"@type":"EntryPoint","urlTemplate":"https:\/\/mog.com.vn\/?s={search_term_string}"},"query-input":{"@type":"PropertyValueSpecification","valueRequired":true,"valueName":"search_term_string"}}],"inLanguage":"vi"},{"@type":"Organization","@id":"https:\/\/mog.com.vn\/#organization","name":"Mog.com.vn","url":"https:\/\/mog.com.vn\/","logo":{"@type":"ImageObject","inLanguage":"vi","@id":"https:\/\/mog.com.vn\/#\/schema\/logo\/image\/","url":"https:\/\/mog.com.vn\/wp-content\/uploads\/2025\/10\/Logo-MOG.jpg","contentUrl":"https:\/\/mog.com.vn\/wp-content\/uploads\/2025\/10\/Logo-MOG.jpg","width":755,"height":230,"caption":"Mog.com.vn"},"image":{"@id":"https:\/\/mog.com.vn\/#\/schema\/logo\/image\/"},"description":"Gi\u1ea3i ph\u00e1p C\u01a1 kh\u00ed ch\u00ednh x\u00e1c & Van c\u00f4ng nghi\u1ec7p to\u00e0n di\u1ec7n cho doanh nghi\u1ec7p c\u1ee7a b\u1ea1n.","email":"giacongcokhimog@gmail.com","telephone":"090 311 4883"}]}},"_links":{"self":[{"href":"https:\/\/mog.com.vn\/vi\/wp-json\/wp\/v2\/product\/514","targetHints":{"allow":["GET"]}}],"collection":[{"href":"https:\/\/mog.com.vn\/vi\/wp-json\/wp\/v2\/product"}],"about":[{"href":"https:\/\/mog.com.vn\/vi\/wp-json\/wp\/v2\/types\/product"}],"replies":[{"embeddable":true,"href":"https:\/\/mog.com.vn\/vi\/wp-json\/wp\/v2\/comments?post=514"}],"wp:featuredmedia":[{"embeddable":true,"href":"https:\/\/mog.com.vn\/vi\/wp-json\/wp\/v2\/media\/515"}],"wp:attachment":[{"href":"https:\/\/mog.com.vn\/vi\/wp-json\/wp\/v2\/media?parent=514"}],"wp:term":[{"taxonomy":"product_brand","embeddable":true,"href":"https:\/\/mog.com.vn\/vi\/wp-json\/wp\/v2\/product_brand?post=514"},{"taxonomy":"product_cat","embeddable":true,"href":"https:\/\/mog.com.vn\/vi\/wp-json\/wp\/v2\/product_cat?post=514"},{"taxonomy":"product_tag","embeddable":true,"href":"https:\/\/mog.com.vn\/vi\/wp-json\/wp\/v2\/product_tag?post=514"}],"curies":[{"name":"wp","href":"https:\/\/api.w.org\/{rel}","templated":true}]}}