{"id":550,"date":"2025-04-12T17:11:04","date_gmt":"2025-04-12T17:11:04","guid":{"rendered":"https:\/\/mog.com.vn\/renew\/product\/leakblok-premium-p400\/"},"modified":"2025-04-12T17:11:09","modified_gmt":"2025-04-12T17:11:09","slug":"leakblok-premium-p400","status":"publish","type":"product","link":"https:\/\/mog.com.vn\/vi\/product\/leakblok-premium-p400\/","title":{"rendered":"LEAKBLOK\u00ae Premium P400"},"content":{"rendered":"<strong>T\u00ednh ch\u1ea5t v\u1eadt li\u1ec7u<\/strong><\/p>\n<table width=\"587\">\n<tbody>\n<tr>\n<td class=\"grey\">Color<\/td>\n<td>Brown(Black Printed)<\/td>\n<\/tr>\n<tr>\n<td class=\"grey\">Composition<\/td>\n<td>Aramid Fiber + NBR Binder<\/td>\n<\/tr>\n<tr>\n<td class=\"grey\">Fluids Service<\/td>\n<td>Portable Water, Oils, Fuels, Salt Solution, Mild acids and alkalis, gas line<\/td>\n<\/tr>\n<tr>\n<td class=\"grey\">Pressure<\/td>\n<td>Short-term peak<br \/>\n100bar(1450 psi)<\/td>\n<\/tr>\n<tr>\n<td class=\"grey\">Temperature<\/td>\n<td>Continuous<br \/>\n-150\u00b0C(-238\u00b0F)<br \/>\nShort-term peak-196\u00b0C (-321\u00b0F)<br \/>\nMax 430\u2103(806\u00b0F)<\/td>\n<\/tr>\n<tr>\n<td class=\"grey\">pH range<\/td>\n<td>4-11<\/td>\n<\/tr>\n<tr>\n<td class=\"grey\">Thickness(mm)<\/td>\n<td>0.8 ~ 3.2(mm)<\/td>\n<\/tr>\n<tr>\n<td class=\"grey\">Size(mm)<\/td>\n<td>1270\u00d71270, 1500\u00d71500 (mm)<\/td>\n<\/tr>\n<tr>\n<td class=\"grey\">Certificates<\/td>\n<td>Lloyd\u2019s &amp; ABS Type Approval , TA-Luft(VDI 2440), WRAS, BS 7531 Grade X<\/p>\n<p>Fire Endurance Test(ISO 19921 &amp; 19922)<\/td>\n<\/tr>\n<\/tbody>\n<\/table>\n<p><strong>Ph\u1ea1m vi d\u1ecbch v\u1ee5<\/strong><\/p>\n<p><img loading=\"lazy\" decoding=\"async\" class=\"alignnone wp-image-987453720 size-full\" src=\"http:\/\/www.khonglieng.com.sg\/wp-content\/uploads\/P400-Service-Ranges.jpg\" sizes=\"auto, (max-width: 400px) 100vw, 400px\" srcset=\"https:\/\/khonglieng.com.sg\/wp-content\/uploads\/P400-Service-Ranges.jpg 400w, https:\/\/khonglieng.com.sg\/wp-content\/uploads\/P400-Service-Ranges-300x206.jpg 300w\" alt=\"P400 Service Range\" width=\"400\" height=\"275\" \/><\/p>\n<table>\n<tbody>\n<tr>\n<td class=\"grey\">Area A<\/td>\n<td>Satisfactory area subject to chemical compatibility<\/td>\n<\/tr>\n<tr>\n<td class=\"grey\">Area B<\/td>\n<td>Usually suitable but required technical recommend by Khong Lieng<\/td>\n<\/tr>\n<tr>\n<td class=\"grey\">P\u00d7T(Max)<\/td>\n<td>psi \u00d7\u00b0F(bar\u00d7\u00b0C) \/ 725,000(26,000)<\/td>\n<\/tr>\n<\/tbody>\n<\/table>\n<p><strong>T\u00ednh ch\u1ea5t v\u1eadt l\u00fd<\/strong><\/p>\n<table>\n<tbody>\n<tr class=\"grey\">\n<td>Test Method<\/td>\n<td>Description<\/td>\n<td class=\"center\">LEAKBLOK<span class=\"small\"><sup>\u00ae<\/sup><\/span>\u00a0P400<\/td>\n<\/tr>\n<tr>\n<td class=\"grey\">ASTM D792<\/td>\n<td>Density (g\/cm<span class=\"small\"><sup>3<\/sup><\/span>)<\/td>\n<td class=\"center\">\u00a01.9<\/td>\n<\/tr>\n<tr>\n<td class=\"grey\">ASTM F152<\/td>\n<td>Tensile Strength<br \/>\nAcross grain.<br \/>\nMPa (kgf\/mm<span class=\"small\"><sup>2<\/sup><\/span>)<\/td>\n<td class=\"center\">16.7(1.70)<\/td>\n<\/tr>\n<tr>\n<td class=\"grey\">ASTM F36<br \/>\nProcedure J<\/td>\n<td>Compressibility (%)<br \/>\nRecovery (%)<\/td>\n<td class=\"center\">8<br \/>\n63<\/td>\n<\/tr>\n<tr>\n<td class=\"grey\">DIN 52913<\/td>\n<td>Relaxation Stress(MPa)<br \/>\n-50MPa 16 hours @300\u00b0C<\/td>\n<td class=\"center\">38.2<\/td>\n<\/tr>\n<tr>\n<td class=\"grey\">BS 7531<\/td>\n<td>Relaxation Stress(MPa)<br \/>\n-40MPa 16 hours @300\u00b0C<\/td>\n<td class=\"center\">25.1<\/td>\n<\/tr>\n<tr>\n<td class=\"grey\">DIN 3535-6<\/td>\n<td>Gas permeability(ml\/min)<\/td>\n<td class=\"center\">\u2264 0.01<\/td>\n<\/tr>\n<tr>\n<td class=\"grey\">VDI 2440<br \/>\n(TA-Luft)<\/td>\n<td>Leak rate<br \/>\n( mbar\u00b7l \/(s\u00b7m) )<br \/>\n-at 150\u00b0C 48 hours<\/td>\n<td class=\"center\">2\u00b710<span class=\"small\"><sup>-8<\/sup><\/span><\/td>\n<\/tr>\n<\/tbody>\n<\/table>\n<p><strong>T\u00ednh ch\u1ea5t ng\u00e2m<\/strong><\/p>\n<table>\n<tbody>\n<tr class=\"grey\">\n<td>Test Method<br \/>\nASTM F146\u00a0at 150\u00b0C\u00d75hrs<\/td>\n<td>Description<\/td>\n<td class=\"center\">LEAKBLOK<span class=\"small\"><sup>\u00ae<\/sup><\/span>\u00a0P400<\/td>\n<\/tr>\n<tr>\n<td class=\"grey\">ASTM Oil no 3 at 20~30\u00b0C\u00d75hrs<\/td>\n<td>Thickness Increase (%)<\/td>\n<td class=\"center\">4<\/td>\n<\/tr>\n<tr>\n<td class=\"grey\">ASTM Fuel A<br \/>\nASTM Fuel B<\/td>\n<td>Thickness Increase (%)<br \/>\nThickness Increase (%)<\/td>\n<td class=\"center\">1<br \/>\n4<\/td>\n<\/tr>\n<\/tbody>\n<\/table>\n<p><strong>D\u1eef li\u1ec7u thi\u1ebft k\u1ebf gio\u0103ng<\/strong><\/p>\n<table>\n<tbody>\n<tr class=\"grey\">\n<td class=\"center\">Thickness (mm)<\/td>\n<td class=\"center\">Gasket Factor (m)<\/td>\n<td class=\"center\">Min. Design Seating Stress(y)<br \/>\nKgf\/cm<span class=\"small\"><sup>2<\/sup><\/span>\u00a0(psi)<\/td>\n<\/tr>\n<tr>\n<td class=\"center\">3.2<\/td>\n<td class=\"center\">2.00<\/td>\n<td class=\"center\">112(1600)<\/td>\n<\/tr>\n<tr>\n<td class=\"center\">1.6<\/td>\n<td class=\"center\">2.75<\/td>\n<td class=\"center\">260(3700)<\/td>\n<\/tr>\n<tr>\n<td class=\"center\">0.8<\/td>\n<td class=\"center\">3.50<\/td>\n<td class=\"center\">457(6500)<\/td>\n<\/tr>\n<\/tbody>\n<\/table>\n<p>* T\u1ea5t c\u1ea3 d\u1eef li\u1ec7u l\u00e0 gi\u00e1 tr\u1ecb \u0111i\u1ec3n h\u00ecnh v\u1ec1 \u0111\u1ed9 d\u00e0y 1,5 mm.<\/p>\n<p>C\u00f4ng ngh\u1ec7 ti\u00ean ti\u1ebfn, LEAKBLOK\u00ae, ho\u00e0n to\u00e0n kh\u00e1c bi\u1ec7t so v\u1edbi c\u00e1ch s\u1ea3n xu\u1ea5t cu\u1ed9n l\u1ecbch truy\u1ec1n th\u1ed1ng.<\/p>\n<p>N\u00f3 \u0111\u01b0\u1ee3c ph\u00e1t minh \u0111\u1eb7c bi\u1ec7t v\u1edbi quy tr\u00ecnh kh\u00f4ng dung m\u00f4i th\u00e2n thi\u1ec7n v\u1edbi m\u00f4i tr\u01b0\u1eddng.<\/p>\n<p>So v\u1edbi s\u1ea3n ph\u1ea9m tr\u01b0\u1edbc \u0111\u00f3, n\u00f3 cho th\u1ea5y \u0111\u1ed9 b\u1ec1n cao v\u00e0 v\u01b0\u1ee3t tr\u1ed9i \u1edf \u1ee9ng su\u1ea5t ng\u1ed3i th\u1ea5p.<\/p>\n<p>Th\u00edch h\u1ee3p \u0111\u1ec3 s\u1eed d\u1ee5ng \u0111\u01b0\u1eddng h\u01a1i v\u00e0 \u0111\u01b0\u1eddng s\u1ea1ch, b\u1ea3o v\u1ec7 tuy\u1ec7t v\u1eddi kh\u1ecfi \u00f4 nhi\u1ec5m ch\u1ea5t l\u1ecfng.<\/p>\n<p><strong>C\u1ea3nh b\u00e1o<\/strong><\/p>\n<p>Kh\u00f4ng kh\u1ea3 d\u1ee5ng v\u1edbi nhi\u1ec7t \u0111\u1ed9 v\u00e0 \u00e1p su\u1ea5t t\u1ed1i \u0111a c\u00f9ng m\u1ed9t l\u00fac.<\/p>\n<p>Ch\u1ec9 c\u00f3 h\u01b0\u1edbng d\u1eabn, n\u1ebfu n\u1eb1m ngo\u00e0i ph\u1ea1m vi n\u00e0y, h\u00e3y li\u00ean h\u1ec7 v\u1edbi ch\u00fang t\u00f4i.<\/p>\n<p>Kh\u00f4ng t\u00e1i s\u1eed d\u1ee5ng gio\u0103ng tr\u1eeb khi c\u00f3 ch\u1ec9 \u0111\u1ecbnh c\u1ee5 th\u1ec3.<\/p>\n<p>Kh\u00f4ng s\u1eed d\u1ee5ng h\u1ee3p ch\u1ea5t gio\u0103ng v\u1edbi gio\u0103ng v\u00ec \u0111i\u1ec1u n\u00e0y s\u1ebd \u1ea3nh h\u01b0\u1edfng x\u1ea5u \u0111\u1ebfn hi\u1ec7u su\u1ea5t.<\/p>\n<p>Vui l\u00f2ng tham kh\u1ea3o \u00fd ki\u1ebfn \u200b\u200bc\u1ee7a SVAL \u0111\u1ec3 \u1ee9ng d\u1ee5ng \u0111\u01b0\u1eddng h\u01a1i v\u00e0 \u0111\u01b0\u1eddng kh\u00ed n\u1ed5.","protected":false},"excerpt":{"rendered":"<p><strong>Gio\u0103ng n\u00e9n kh\u00f4ng ami\u0103ng\u00a0 (Compressed Asbestos-Free Gasket)<\/strong><\/p>\n","protected":false},"featured_media":551,"comment_status":"closed","ping_status":"open","template":"","meta":[],"product_brand":[],"product_cat":[104],"product_tag":[],"class_list":{"0":"post-550","1":"product","2":"type-product","3":"status-publish","4":"has-post-thumbnail","6":"product_cat-jesleakblok","8":"first","9":"instock","10":"product-type-simple"},"yoast_head":"<!-- This site is optimized with the Yoast SEO Premium plugin v25.9 (Yoast SEO v25.9) - https:\/\/yoast.com\/wordpress\/plugins\/seo\/ -->\n<title>LEAKBLOK\u00ae Premium P400 - Mog.com.vn<\/title>\n<meta name=\"robots\" content=\"index, follow, max-snippet:-1, max-image-preview:large, max-video-preview:-1\" \/>\n<link rel=\"canonical\" href=\"https:\/\/mog.com.vn\/product\/leakblok-premium-p400\/\" \/>\n<meta property=\"og:locale\" content=\"vi_VN\" \/>\n<meta property=\"og:type\" content=\"article\" \/>\n<meta property=\"og:title\" content=\"LEAKBLOK\u00ae Premium P400\" \/>\n<meta property=\"og:description\" content=\"[:vi]Gio\u0103ng n\u00e9n kh\u00f4ng ami\u0103ng\u00a0 (Compressed Asbestos-Free Gasket)[:en]Compressed Asbestos-Free Gasket[:ja]\u5727\u7e2e\u30a2\u30b9\u30d9\u30b9\u30c8\u30d5\u30ea\u30fc\u30ac\u30b9\u30b1\u30c3\u30c8\u3002[:kr]\uc555\ucd95 \uc11d\uba74 \ubb34\ud568\uc720 \uac1c\uc2a4\ud0b7[:]\" \/>\n<meta property=\"og:url\" content=\"https:\/\/mog.com.vn\/product\/leakblok-premium-p400\/\" \/>\n<meta property=\"og:site_name\" content=\"Mog.com.vn\" \/>\n<meta property=\"article:modified_time\" content=\"2025-04-12T17:11:09+00:00\" \/>\n<meta property=\"og:image\" content=\"https:\/\/mog.com.vn\/wp-content\/uploads\/2025\/04\/P400.jpg\" \/>\n\t<meta property=\"og:image:width\" content=\"1000\" \/>\n\t<meta property=\"og:image:height\" content=\"1000\" \/>\n\t<meta property=\"og:image:type\" content=\"image\/jpeg\" \/>\n<meta name=\"twitter:card\" content=\"summary_large_image\" \/>\n<meta name=\"twitter:label1\" content=\"\u01af\u1edbc t\u00ednh th\u1eddi gian \u0111\u1ecdc\" \/>\n\t<meta name=\"twitter:data1\" content=\"6 ph\u00fat\" \/>\n<script type=\"application\/ld+json\" class=\"yoast-schema-graph\">{\"@context\":\"https:\/\/schema.org\",\"@graph\":[{\"@type\":\"WebPage\",\"@id\":\"https:\/\/mog.com.vn\/product\/leakblok-premium-p400\/\",\"url\":\"https:\/\/mog.com.vn\/product\/leakblok-premium-p400\/\",\"name\":\"LEAKBLOK\u00ae Premium P400 - Mog.com.vn\",\"isPartOf\":{\"@id\":\"https:\/\/mog.com.vn\/#website\"},\"primaryImageOfPage\":{\"@id\":\"https:\/\/mog.com.vn\/product\/leakblok-premium-p400\/#primaryimage\"},\"image\":{\"@id\":\"https:\/\/mog.com.vn\/product\/leakblok-premium-p400\/#primaryimage\"},\"thumbnailUrl\":\"https:\/\/mog.com.vn\/wp-content\/uploads\/2025\/04\/P400.jpg\",\"datePublished\":\"2025-04-12T17:11:04+00:00\",\"dateModified\":\"2025-04-12T17:11:09+00:00\",\"breadcrumb\":{\"@id\":\"https:\/\/mog.com.vn\/product\/leakblok-premium-p400\/#breadcrumb\"},\"inLanguage\":\"vi\",\"potentialAction\":[{\"@type\":\"ReadAction\",\"target\":[\"https:\/\/mog.com.vn\/product\/leakblok-premium-p400\/\"]}]},{\"@type\":\"ImageObject\",\"inLanguage\":\"vi\",\"@id\":\"https:\/\/mog.com.vn\/product\/leakblok-premium-p400\/#primaryimage\",\"url\":\"https:\/\/mog.com.vn\/wp-content\/uploads\/2025\/04\/P400.jpg\",\"contentUrl\":\"https:\/\/mog.com.vn\/wp-content\/uploads\/2025\/04\/P400.jpg\",\"width\":1000,\"height\":1000},{\"@type\":\"BreadcrumbList\",\"@id\":\"https:\/\/mog.com.vn\/product\/leakblok-premium-p400\/#breadcrumb\",\"itemListElement\":[{\"@type\":\"ListItem\",\"position\":1,\"name\":\"Home\",\"item\":\"https:\/\/mog.com.vn\/\"},{\"@type\":\"ListItem\",\"position\":2,\"name\":\"Shop\",\"item\":\"https:\/\/mog.com.vn\/shop\/\"},{\"@type\":\"ListItem\",\"position\":3,\"name\":\"LEAKBLOK\u00ae Premium P400\"}]},{\"@type\":\"WebSite\",\"@id\":\"https:\/\/mog.com.vn\/#website\",\"url\":\"https:\/\/mog.com.vn\/\",\"name\":\"Mog.com.vn\",\"description\":\"FLOW Control Solutions\",\"publisher\":{\"@id\":\"https:\/\/mog.com.vn\/#organization\"},\"potentialAction\":[{\"@type\":\"SearchAction\",\"target\":{\"@type\":\"EntryPoint\",\"urlTemplate\":\"https:\/\/mog.com.vn\/?s={search_term_string}\"},\"query-input\":{\"@type\":\"PropertyValueSpecification\",\"valueRequired\":true,\"valueName\":\"search_term_string\"}}],\"inLanguage\":\"vi\"},{\"@type\":\"Organization\",\"@id\":\"https:\/\/mog.com.vn\/#organization\",\"name\":\"Mog.com.vn\",\"url\":\"https:\/\/mog.com.vn\/\",\"logo\":{\"@type\":\"ImageObject\",\"inLanguage\":\"vi\",\"@id\":\"https:\/\/mog.com.vn\/#\/schema\/logo\/image\/\",\"url\":\"https:\/\/mog.com.vn\/wp-content\/uploads\/2025\/10\/Logo-MOG.jpg\",\"contentUrl\":\"https:\/\/mog.com.vn\/wp-content\/uploads\/2025\/10\/Logo-MOG.jpg\",\"width\":755,\"height\":230,\"caption\":\"Mog.com.vn\"},\"image\":{\"@id\":\"https:\/\/mog.com.vn\/#\/schema\/logo\/image\/\"},\"description\":\"Gi\u1ea3i ph\u00e1p C\u01a1 kh\u00ed ch\u00ednh x\u00e1c & Van c\u00f4ng nghi\u1ec7p to\u00e0n di\u1ec7n cho doanh nghi\u1ec7p c\u1ee7a b\u1ea1n.\",\"email\":\"giacongcokhimog@gmail.com\",\"telephone\":\"090 311 4883\"}]}<\/script>\n<!-- \/ Yoast SEO Premium plugin. -->","yoast_head_json":{"title":"LEAKBLOK\u00ae Premium P400 - Mog.com.vn","robots":{"index":"index","follow":"follow","max-snippet":"max-snippet:-1","max-image-preview":"max-image-preview:large","max-video-preview":"max-video-preview:-1"},"canonical":"https:\/\/mog.com.vn\/product\/leakblok-premium-p400\/","og_locale":"vi_VN","og_type":"article","og_title":"LEAKBLOK\u00ae Premium P400","og_description":"[:vi]Gio\u0103ng n\u00e9n kh\u00f4ng ami\u0103ng\u00a0 (Compressed Asbestos-Free Gasket)[:en]Compressed Asbestos-Free Gasket[:ja]\u5727\u7e2e\u30a2\u30b9\u30d9\u30b9\u30c8\u30d5\u30ea\u30fc\u30ac\u30b9\u30b1\u30c3\u30c8\u3002[:kr]\uc555\ucd95 \uc11d\uba74 \ubb34\ud568\uc720 \uac1c\uc2a4\ud0b7[:]","og_url":"https:\/\/mog.com.vn\/product\/leakblok-premium-p400\/","og_site_name":"Mog.com.vn","article_modified_time":"2025-04-12T17:11:09+00:00","og_image":[{"width":1000,"height":1000,"url":"https:\/\/mog.com.vn\/wp-content\/uploads\/2025\/04\/P400.jpg","type":"image\/jpeg"}],"twitter_card":"summary_large_image","twitter_misc":{"\u01af\u1edbc t\u00ednh th\u1eddi gian \u0111\u1ecdc":"6 ph\u00fat"},"schema":{"@context":"https:\/\/schema.org","@graph":[{"@type":"WebPage","@id":"https:\/\/mog.com.vn\/product\/leakblok-premium-p400\/","url":"https:\/\/mog.com.vn\/product\/leakblok-premium-p400\/","name":"LEAKBLOK\u00ae Premium P400 - Mog.com.vn","isPartOf":{"@id":"https:\/\/mog.com.vn\/#website"},"primaryImageOfPage":{"@id":"https:\/\/mog.com.vn\/product\/leakblok-premium-p400\/#primaryimage"},"image":{"@id":"https:\/\/mog.com.vn\/product\/leakblok-premium-p400\/#primaryimage"},"thumbnailUrl":"https:\/\/mog.com.vn\/wp-content\/uploads\/2025\/04\/P400.jpg","datePublished":"2025-04-12T17:11:04+00:00","dateModified":"2025-04-12T17:11:09+00:00","breadcrumb":{"@id":"https:\/\/mog.com.vn\/product\/leakblok-premium-p400\/#breadcrumb"},"inLanguage":"vi","potentialAction":[{"@type":"ReadAction","target":["https:\/\/mog.com.vn\/product\/leakblok-premium-p400\/"]}]},{"@type":"ImageObject","inLanguage":"vi","@id":"https:\/\/mog.com.vn\/product\/leakblok-premium-p400\/#primaryimage","url":"https:\/\/mog.com.vn\/wp-content\/uploads\/2025\/04\/P400.jpg","contentUrl":"https:\/\/mog.com.vn\/wp-content\/uploads\/2025\/04\/P400.jpg","width":1000,"height":1000},{"@type":"BreadcrumbList","@id":"https:\/\/mog.com.vn\/product\/leakblok-premium-p400\/#breadcrumb","itemListElement":[{"@type":"ListItem","position":1,"name":"Home","item":"https:\/\/mog.com.vn\/"},{"@type":"ListItem","position":2,"name":"Shop","item":"https:\/\/mog.com.vn\/shop\/"},{"@type":"ListItem","position":3,"name":"LEAKBLOK\u00ae Premium P400"}]},{"@type":"WebSite","@id":"https:\/\/mog.com.vn\/#website","url":"https:\/\/mog.com.vn\/","name":"Mog.com.vn","description":"FLOW Control Solutions","publisher":{"@id":"https:\/\/mog.com.vn\/#organization"},"potentialAction":[{"@type":"SearchAction","target":{"@type":"EntryPoint","urlTemplate":"https:\/\/mog.com.vn\/?s={search_term_string}"},"query-input":{"@type":"PropertyValueSpecification","valueRequired":true,"valueName":"search_term_string"}}],"inLanguage":"vi"},{"@type":"Organization","@id":"https:\/\/mog.com.vn\/#organization","name":"Mog.com.vn","url":"https:\/\/mog.com.vn\/","logo":{"@type":"ImageObject","inLanguage":"vi","@id":"https:\/\/mog.com.vn\/#\/schema\/logo\/image\/","url":"https:\/\/mog.com.vn\/wp-content\/uploads\/2025\/10\/Logo-MOG.jpg","contentUrl":"https:\/\/mog.com.vn\/wp-content\/uploads\/2025\/10\/Logo-MOG.jpg","width":755,"height":230,"caption":"Mog.com.vn"},"image":{"@id":"https:\/\/mog.com.vn\/#\/schema\/logo\/image\/"},"description":"Gi\u1ea3i ph\u00e1p C\u01a1 kh\u00ed ch\u00ednh x\u00e1c & Van c\u00f4ng nghi\u1ec7p to\u00e0n di\u1ec7n cho doanh nghi\u1ec7p c\u1ee7a b\u1ea1n.","email":"giacongcokhimog@gmail.com","telephone":"090 311 4883"}]}},"_links":{"self":[{"href":"https:\/\/mog.com.vn\/vi\/wp-json\/wp\/v2\/product\/550","targetHints":{"allow":["GET"]}}],"collection":[{"href":"https:\/\/mog.com.vn\/vi\/wp-json\/wp\/v2\/product"}],"about":[{"href":"https:\/\/mog.com.vn\/vi\/wp-json\/wp\/v2\/types\/product"}],"replies":[{"embeddable":true,"href":"https:\/\/mog.com.vn\/vi\/wp-json\/wp\/v2\/comments?post=550"}],"wp:featuredmedia":[{"embeddable":true,"href":"https:\/\/mog.com.vn\/vi\/wp-json\/wp\/v2\/media\/551"}],"wp:attachment":[{"href":"https:\/\/mog.com.vn\/vi\/wp-json\/wp\/v2\/media?parent=550"}],"wp:term":[{"taxonomy":"product_brand","embeddable":true,"href":"https:\/\/mog.com.vn\/vi\/wp-json\/wp\/v2\/product_brand?post=550"},{"taxonomy":"product_cat","embeddable":true,"href":"https:\/\/mog.com.vn\/vi\/wp-json\/wp\/v2\/product_cat?post=550"},{"taxonomy":"product_tag","embeddable":true,"href":"https:\/\/mog.com.vn\/vi\/wp-json\/wp\/v2\/product_tag?post=550"}],"curies":[{"name":"wp","href":"https:\/\/api.w.org\/{rel}","templated":true}]}}