{"id":578,"date":"2025-04-12T17:11:24","date_gmt":"2025-04-12T17:11:24","guid":{"rendered":"https:\/\/mog.com.vn\/renew\/product\/flange-band-protectors\/"},"modified":"2025-04-12T17:11:28","modified_gmt":"2025-04-12T17:11:28","slug":"flange-band-protectors","status":"publish","type":"product","link":"https:\/\/mog.com.vn\/vi\/product\/flange-band-protectors\/","title":{"rendered":"Flange Band Protectors"},"content":{"rendered":"","protected":false},"excerpt":{"rendered":"<ul>\n<li>Designed to cover flanges to protect flange faces, stud bolts, and gaskets from corrosion.<\/li>\n<li>Keeps out moisture, chemicals, salt water, acid rain, etc.<\/li>\n<li>Keeps out foreign matter, which is critical on systems that are cathodically protected.<\/li>\n<li>Available in 316 stainless steel and Kydex plastic.<\/li>\n<li>316 stainless steel worm gear clamp.<\/li>\n<li>316 stainless steel injection fitting.<\/li>\n<li>Gasket liner of closed cell neoprene, maximum operating temperature of 82\u00b0C.<\/li>\n<li>Optional EPDM rubber gasket liner, maximum operating temperature of 132\u00b0C.<\/li>\n<li>Safety relief valve optional, bleeds at 5 psi.<\/li>\n<li>Available for all size flanges.<\/li>\n<li>Optional liner of Teflon<span class=\"small\"><sup>\u00ae<\/sup><\/span>\u00a0or silicone for chemical and high temperature applications.<\/li>\n<li>Custom engineered designs available per application.<\/li>\n<\/ul>\n","protected":false},"featured_media":579,"comment_status":"closed","ping_status":"open","template":"","meta":[],"product_brand":[],"product_cat":[108],"product_tag":[],"class_list":{"0":"post-578","1":"product","2":"type-product","3":"status-publish","4":"has-post-thumbnail","6":"product_cat-klingersafety-spray-shield","8":"first","9":"instock","10":"product-type-simple"},"yoast_head":"<!-- This site is optimized with the Yoast SEO Premium plugin v25.9 (Yoast SEO v25.9) - https:\/\/yoast.com\/wordpress\/plugins\/seo\/ -->\n<title>Flange Band Protectors - Mog.com.vn<\/title>\n<meta name=\"robots\" content=\"index, follow, max-snippet:-1, max-image-preview:large, max-video-preview:-1\" \/>\n<link rel=\"canonical\" href=\"https:\/\/mog.com.vn\/product\/flange-band-protectors\/\" \/>\n<meta property=\"og:locale\" content=\"vi_VN\" \/>\n<meta property=\"og:type\" content=\"article\" \/>\n<meta property=\"og:title\" content=\"[:vi]Flange Band Protectors[:en]Flange Band Protectors[:ja]\u30d5\u30e9\u30f3\u30b8\u30d9\u30eb\u30c8\u30d7\u30ed\u30c6\u30af\u30bf\u30fc[:kr]Flange Band Protectors[:]\" \/>\n<meta property=\"og:description\" content=\"[:vi]  Designed to cover flanges to protect flange faces, stud bolts, and gaskets from corrosion.  Keeps out moisture, chemicals, salt water, acid rain, etc.  Keeps out foreign matter, which is critical on systems that are cathodically protected.  Available in 316 stainless steel and Kydex plastic.  316 stainless steel worm gear clamp.  316 stainless steel injection fitting.  Gasket liner of closed cell neoprene, maximum operating temperature of 82\u00b0C.  Optional EPDM rubber gasket liner, maximum operating temperature of 132\u00b0C.  Safety relief valve optional, bleeds at 5 psi.  Available for all size flanges.  Optional liner of Teflon\u00ae\u00a0or silicone for chemical and high temperature applications.  Custom engineered designs available per application. [:en]  Designed to cover flanges to protect flange faces, stud bolts, and gaskets from corrosion.  Keeps out moisture, chemicals, salt water, acid rain, etc.  Keeps out foreign matter, which is critical on systems that are cathodically protected.  Available in 316 stainless steel and Kydex plastic.  316 stainless steel worm gear clamp.  316 stainless steel injection fitting.  Gasket liner of closed cell neoprene, maximum operating temperature of 82\u00b0C.  Optional EPDM rubber gasket liner, maximum operating temperature of 132\u00b0C.  Safety relief valve optional, bleeds at 5 psi.  Available for all size flanges.  Optional liner of Teflon\u00ae\u00a0or silicone for chemical and high temperature applications.  Custom engineered designs available per application. [:ja]&nbsp; \u30d5\u30e9\u30f3\u30b8\u3001\u30b9\u30bf\u30c3\u30c9\u30dc\u30eb\u30c8\u3001\u30ac\u30b9\u30b1\u30c3\u30c8\u3092\u8150\u98df\u304b\u3089\u4fdd\u8b77\u3059\u308b\u305f\u3081\u306b\u8a2d\u8a08\u3055\u308c\u305f\u30d7\u30ed\u30c6\u30af\u30bf\u30fc\u3067\u3059\u3002\u00a0 \u6e7f\u6c17\u3001\u5316\u5b66\u7269\u8cea\u3001\u5869\u6c34\u3001\u9178\u6027\u96e8\u306a\u3069\u3092\u9632\u304e\u307e\u3059\u3002\u00a0 \u7570\u7269\u306e\u4fb5\u5165\u3092\u9632\u304e\u3001\u7279\u306b\u30ab\u30bd\u30fc\u30c9\u4fdd\u8b77\u30b7\u30b9\u30c6\u30e0\u3067\u306f\u91cd\u8981\u3067\u3059\u3002\u00a0 316 \u30b9\u30c6\u30f3\u30ec\u30b9\u92fc\u304a\u3088\u3073 Kydex \u30d7\u30e9\u30b9\u30c1\u30c3\u30af\u88fd\u304c\u3042\u308a\u307e\u3059\u3002\u00a0 316 \u30b9\u30c6\u30f3\u30ec\u30b9\u92fc\u306e\u30a6\u30a9\u30fc\u30e0\u30ae\u30a2\u30af\u30e9\u30f3\u30d7\u3002\u00a0 316 \u30b9\u30c6\u30f3\u30ec\u30b9\u92fc\u306e\u30b9\u30d7\u30ec\u30fc\u30a2\u30af\u30bb\u30b5\u30ea\u30fc\u3002\u00a0 \u6700\u5927\u52d5\u4f5c\u6e29\u5ea6\u304c 82\u00b0C \u306e\u30bb\u30eb\u30af\u30ed\u30fc\u30ba\u30c9 EPDM \u30b4\u30e0\u30ac\u30b9\u30b1\u30c3\u30c8\u30e9\u30a4\u30ca\u30fc\u3002\u00a0 \u30aa\u30d7\u30b7\u30e7\u30f3\u306e EPDM \u30b4\u30e0\u30ac\u30b9\u30b1\u30c3\u30c8\u30e9\u30a4\u30ca\u30fc\u3001\u6700\u5927\u52d5\u4f5c\u6e29\u5ea6\u306f 132\u00b0C\u3002\u00a0 5 psi \u3067\u6392\u51fa\u3059\u308b\u30aa\u30d7\u30b7\u30e7\u30f3\u306e\u5b89\u5168\u653e\u51fa\u30d0\u30eb\u30d6\u3002\u00a0 \u3042\u3089\u3086\u308b\u30b5\u30a4\u30ba\u306e\u30d5\u30e9\u30f3\u30b8\u306b\u5bfe\u5fdc\u3002\u00a0 \u9ad8\u6e29\u5316\u5b66\u7528\u9014\u5411\u3051\u306b Teflon\u00ae \u307e\u305f\u306f\u30b7\u30ea\u30b3\u30f3\u306e\u30aa\u30d7\u30b7\u30e7\u30f3\u30e9\u30a4\u30ca\u30fc\u3002\u00a0 \u5404\u30a2\u30d7\u30ea\u30b1\u30fc\u30b7\u30e7\u30f3\u306b\u5bfe\u5fdc\u3059\u308b\u30ab\u30b9\u30bf\u30e0\u8a2d\u8a08\u306e\u6280\u8853\u4ed5\u69d8\u3082\u5229\u7528\u53ef\u80fd\u3002[:kr]\ud50c\ub79c\uc9c0\ub97c \ub36e\uc5b4 \ud50c\ub79c\uc9c0 \uba74, \uc2a4\ud130\ub4dc \ubcfc\ud2b8 \ubc0f \uac1c\uc2a4\ud0b7\uc744 \ubd80\uc2dd\uc73c\ub85c\ubd80\ud130 \ubcf4\ud638\ud558\ub3c4\ub85d \uc124\uacc4\ub418\uc5c8\uc2b5\ub2c8\ub2e4. \uc2b5\uae30, \ud654\ud559\ubb3c\uc9c8, \uc5fc\uc218, \uc0b0\uc131\ube44 \ub4f1\uc744 \ucc28\ub2e8\ud569\ub2c8\ub2e4. \uc804\ud574 \ubc29\uc2dd\uc73c\ub85c \ubcf4\ud638\ub418\ub294 \uc2dc\uc2a4\ud15c\uc5d0\uc11c \uc911\uc694\ud55c \uc678\ubd80 \ubb3c\uc9c8\uc744 \ucc28\ub2e8\ud569\ub2c8\ub2e4. 316 \uc2a4\ud14c\uc778\ub9ac\uc2a4 \uc2a4\ud2f8 \ubc0f Kydex \ud50c\ub77c\uc2a4\ud2f1\uc73c\ub85c \uc81c\uacf5\ub429\ub2c8\ub2e4. 316 \uc2a4\ud14c\uc778\ub9ac\uc2a4 \uc2a4\ud2f8 \uc6dc \uae30\uc5b4 \ud074\ub7a8\ud504. 316 \uc2a4\ud14c\uc778\ub9ac\uc2a4 \uc2a4\ud2f8 \uc778\uc81d\uc158 \ud53c\ud305. \ub2eb\ud78c \uc138\ud3ec \ub124\uc624\ud504\ub80c\uc758 \uac1c\uc2a4\ud0b7 \ub77c\uc774\ub108, \ucd5c\ub300 \uc791\ub3d9 \uc628\ub3c4 82\u00b0C. \uc635\uc158\uc73c\ub85c EPDM \uace0\ubb34 \uac1c\uc2a4\ud0b7 \ub77c\uc774\ub108 \uc81c\uacf5, \ucd5c\ub300 \uc791\ub3d9 \uc628\ub3c4 132\u00b0C. \uc548\uc804 \ub9b4\ub9ac\ud504 \ubc38\ube0c \uc635\uc158, 5 psi\uc5d0\uc11c \ubc30\ucd9c\ud569\ub2c8\ub2e4 \ubaa8\ub4e0 \ud06c\uae30\uc758 \ud50c\ub79c\uc9c0\uc5d0 \ub9de\ucda4 \uc81c\uc791 \uac00\ub2a5\ud569\ub2c8\ub2e4. \ud654\ud559 \ubc0f \uace0\uc628 \uc560\ud50c\ub9ac\ucf00\uc774\uc158\uc744 \uc704\ud55c \ud14c\ud50c\ub860(Teflon\u00ae) \ub610\ub294 \uc2e4\ub9ac\ucf58 \ub77c\uc774\ub108 \uc635\uc158 \uc81c\uacf5. \ud2b9\uc815 \uc560\ud50c\ub9ac\ucf00\uc774\uc158\uc5d0 \ub9de\ucd98 \ub9de\ucda4\ud615 \uc124\uacc4 \uac00\ub2a5\ud569\ub2c8\ub2e4.[:]\" \/>\n<meta property=\"og:url\" content=\"https:\/\/mog.com.vn\/product\/flange-band-protectors\/\" \/>\n<meta property=\"og:site_name\" content=\"Mog.com.vn\" \/>\n<meta property=\"article:modified_time\" content=\"2025-04-12T17:11:28+00:00\" \/>\n<meta property=\"og:image\" content=\"https:\/\/mog.com.vn\/wp-content\/uploads\/2025\/04\/Flange-Band-Protectors.jpg\" \/>\n\t<meta property=\"og:image:width\" content=\"1000\" \/>\n\t<meta property=\"og:image:height\" content=\"1000\" \/>\n\t<meta property=\"og:image:type\" content=\"image\/jpeg\" \/>\n<meta name=\"twitter:card\" content=\"summary_large_image\" \/>\n<script type=\"application\/ld+json\" class=\"yoast-schema-graph\">{\"@context\":\"https:\/\/schema.org\",\"@graph\":[{\"@type\":\"WebPage\",\"@id\":\"https:\/\/mog.com.vn\/product\/flange-band-protectors\/\",\"url\":\"https:\/\/mog.com.vn\/product\/flange-band-protectors\/\",\"name\":\"[:vi]Flange Band Protectors[:en]Flange Band Protectors[:ja]\u30d5\u30e9\u30f3\u30b8\u30d9\u30eb\u30c8\u30d7\u30ed\u30c6\u30af\u30bf\u30fc[:kr]Flange Band Protectors[:] - Mog.com.vn\",\"isPartOf\":{\"@id\":\"https:\/\/mog.com.vn\/#website\"},\"primaryImageOfPage\":{\"@id\":\"https:\/\/mog.com.vn\/product\/flange-band-protectors\/#primaryimage\"},\"image\":{\"@id\":\"https:\/\/mog.com.vn\/product\/flange-band-protectors\/#primaryimage\"},\"thumbnailUrl\":\"https:\/\/mog.com.vn\/wp-content\/uploads\/2025\/04\/Flange-Band-Protectors.jpg\",\"datePublished\":\"2025-04-12T17:11:24+00:00\",\"dateModified\":\"2025-04-12T17:11:28+00:00\",\"breadcrumb\":{\"@id\":\"https:\/\/mog.com.vn\/product\/flange-band-protectors\/#breadcrumb\"},\"inLanguage\":\"vi\",\"potentialAction\":[{\"@type\":\"ReadAction\",\"target\":[\"https:\/\/mog.com.vn\/product\/flange-band-protectors\/\"]}]},{\"@type\":\"ImageObject\",\"inLanguage\":\"vi\",\"@id\":\"https:\/\/mog.com.vn\/product\/flange-band-protectors\/#primaryimage\",\"url\":\"https:\/\/mog.com.vn\/wp-content\/uploads\/2025\/04\/Flange-Band-Protectors.jpg\",\"contentUrl\":\"https:\/\/mog.com.vn\/wp-content\/uploads\/2025\/04\/Flange-Band-Protectors.jpg\",\"width\":1000,\"height\":1000},{\"@type\":\"BreadcrumbList\",\"@id\":\"https:\/\/mog.com.vn\/product\/flange-band-protectors\/#breadcrumb\",\"itemListElement\":[{\"@type\":\"ListItem\",\"position\":1,\"name\":\"Home\",\"item\":\"https:\/\/mog.com.vn\/\"},{\"@type\":\"ListItem\",\"position\":2,\"name\":\"Shop\",\"item\":\"https:\/\/mog.com.vn\/shop\/\"},{\"@type\":\"ListItem\",\"position\":3,\"name\":\"Flange Band Protectors\"}]},{\"@type\":\"WebSite\",\"@id\":\"https:\/\/mog.com.vn\/#website\",\"url\":\"https:\/\/mog.com.vn\/\",\"name\":\"Mog.com.vn\",\"description\":\"FLOW Control Solutions\",\"publisher\":{\"@id\":\"https:\/\/mog.com.vn\/#organization\"},\"potentialAction\":[{\"@type\":\"SearchAction\",\"target\":{\"@type\":\"EntryPoint\",\"urlTemplate\":\"https:\/\/mog.com.vn\/?s={search_term_string}\"},\"query-input\":{\"@type\":\"PropertyValueSpecification\",\"valueRequired\":true,\"valueName\":\"search_term_string\"}}],\"inLanguage\":\"vi\"},{\"@type\":\"Organization\",\"@id\":\"https:\/\/mog.com.vn\/#organization\",\"name\":\"Mog.com.vn\",\"url\":\"https:\/\/mog.com.vn\/\",\"logo\":{\"@type\":\"ImageObject\",\"inLanguage\":\"vi\",\"@id\":\"https:\/\/mog.com.vn\/#\/schema\/logo\/image\/\",\"url\":\"https:\/\/mog.com.vn\/wp-content\/uploads\/2025\/10\/Logo-MOG.jpg\",\"contentUrl\":\"https:\/\/mog.com.vn\/wp-content\/uploads\/2025\/10\/Logo-MOG.jpg\",\"width\":755,\"height\":230,\"caption\":\"Mog.com.vn\"},\"image\":{\"@id\":\"https:\/\/mog.com.vn\/#\/schema\/logo\/image\/\"},\"description\":\"Gi\u1ea3i ph\u00e1p C\u01a1 kh\u00ed ch\u00ednh x\u00e1c & Van c\u00f4ng nghi\u1ec7p to\u00e0n di\u1ec7n cho doanh nghi\u1ec7p c\u1ee7a b\u1ea1n.\",\"email\":\"giacongcokhimog@gmail.com\",\"telephone\":\"090 311 4883\"}]}<\/script>\n<!-- \/ Yoast SEO Premium plugin. -->","yoast_head_json":{"title":"[:vi]Flange Band Protectors[:en]Flange Band Protectors[:ja]\u30d5\u30e9\u30f3\u30b8\u30d9\u30eb\u30c8\u30d7\u30ed\u30c6\u30af\u30bf\u30fc[:kr]Flange Band Protectors[:] - Mog.com.vn","robots":{"index":"index","follow":"follow","max-snippet":"max-snippet:-1","max-image-preview":"max-image-preview:large","max-video-preview":"max-video-preview:-1"},"canonical":"https:\/\/mog.com.vn\/product\/flange-band-protectors\/","og_locale":"vi_VN","og_type":"article","og_title":"[:vi]Flange Band Protectors[:en]Flange Band Protectors[:ja]\u30d5\u30e9\u30f3\u30b8\u30d9\u30eb\u30c8\u30d7\u30ed\u30c6\u30af\u30bf\u30fc[:kr]Flange Band Protectors[:]","og_description":"[:vi]  Designed to cover flanges to protect flange faces, stud bolts, and gaskets from corrosion.  Keeps out moisture, chemicals, salt water, acid rain, etc.  Keeps out foreign matter, which is critical on systems that are cathodically protected.  Available in 316 stainless steel and Kydex plastic.  316 stainless steel worm gear clamp.  316 stainless steel injection fitting.  Gasket liner of closed cell neoprene, maximum operating temperature of 82\u00b0C.  Optional EPDM rubber gasket liner, maximum operating temperature of 132\u00b0C.  Safety relief valve optional, bleeds at 5 psi.  Available for all size flanges.  Optional liner of Teflon\u00ae\u00a0or silicone for chemical and high temperature applications.  Custom engineered designs available per application. [:en]  Designed to cover flanges to protect flange faces, stud bolts, and gaskets from corrosion.  Keeps out moisture, chemicals, salt water, acid rain, etc.  Keeps out foreign matter, which is critical on systems that are cathodically protected.  Available in 316 stainless steel and Kydex plastic.  316 stainless steel worm gear clamp.  316 stainless steel injection fitting.  Gasket liner of closed cell neoprene, maximum operating temperature of 82\u00b0C.  Optional EPDM rubber gasket liner, maximum operating temperature of 132\u00b0C.  Safety relief valve optional, bleeds at 5 psi.  Available for all size flanges.  Optional liner of Teflon\u00ae\u00a0or silicone for chemical and high temperature applications.  Custom engineered designs available per application. [:ja]&nbsp; \u30d5\u30e9\u30f3\u30b8\u3001\u30b9\u30bf\u30c3\u30c9\u30dc\u30eb\u30c8\u3001\u30ac\u30b9\u30b1\u30c3\u30c8\u3092\u8150\u98df\u304b\u3089\u4fdd\u8b77\u3059\u308b\u305f\u3081\u306b\u8a2d\u8a08\u3055\u308c\u305f\u30d7\u30ed\u30c6\u30af\u30bf\u30fc\u3067\u3059\u3002\u00a0 \u6e7f\u6c17\u3001\u5316\u5b66\u7269\u8cea\u3001\u5869\u6c34\u3001\u9178\u6027\u96e8\u306a\u3069\u3092\u9632\u304e\u307e\u3059\u3002\u00a0 \u7570\u7269\u306e\u4fb5\u5165\u3092\u9632\u304e\u3001\u7279\u306b\u30ab\u30bd\u30fc\u30c9\u4fdd\u8b77\u30b7\u30b9\u30c6\u30e0\u3067\u306f\u91cd\u8981\u3067\u3059\u3002\u00a0 316 \u30b9\u30c6\u30f3\u30ec\u30b9\u92fc\u304a\u3088\u3073 Kydex \u30d7\u30e9\u30b9\u30c1\u30c3\u30af\u88fd\u304c\u3042\u308a\u307e\u3059\u3002\u00a0 316 \u30b9\u30c6\u30f3\u30ec\u30b9\u92fc\u306e\u30a6\u30a9\u30fc\u30e0\u30ae\u30a2\u30af\u30e9\u30f3\u30d7\u3002\u00a0 316 \u30b9\u30c6\u30f3\u30ec\u30b9\u92fc\u306e\u30b9\u30d7\u30ec\u30fc\u30a2\u30af\u30bb\u30b5\u30ea\u30fc\u3002\u00a0 \u6700\u5927\u52d5\u4f5c\u6e29\u5ea6\u304c 82\u00b0C \u306e\u30bb\u30eb\u30af\u30ed\u30fc\u30ba\u30c9 EPDM \u30b4\u30e0\u30ac\u30b9\u30b1\u30c3\u30c8\u30e9\u30a4\u30ca\u30fc\u3002\u00a0 \u30aa\u30d7\u30b7\u30e7\u30f3\u306e EPDM \u30b4\u30e0\u30ac\u30b9\u30b1\u30c3\u30c8\u30e9\u30a4\u30ca\u30fc\u3001\u6700\u5927\u52d5\u4f5c\u6e29\u5ea6\u306f 132\u00b0C\u3002\u00a0 5 psi \u3067\u6392\u51fa\u3059\u308b\u30aa\u30d7\u30b7\u30e7\u30f3\u306e\u5b89\u5168\u653e\u51fa\u30d0\u30eb\u30d6\u3002\u00a0 \u3042\u3089\u3086\u308b\u30b5\u30a4\u30ba\u306e\u30d5\u30e9\u30f3\u30b8\u306b\u5bfe\u5fdc\u3002\u00a0 \u9ad8\u6e29\u5316\u5b66\u7528\u9014\u5411\u3051\u306b Teflon\u00ae \u307e\u305f\u306f\u30b7\u30ea\u30b3\u30f3\u306e\u30aa\u30d7\u30b7\u30e7\u30f3\u30e9\u30a4\u30ca\u30fc\u3002\u00a0 \u5404\u30a2\u30d7\u30ea\u30b1\u30fc\u30b7\u30e7\u30f3\u306b\u5bfe\u5fdc\u3059\u308b\u30ab\u30b9\u30bf\u30e0\u8a2d\u8a08\u306e\u6280\u8853\u4ed5\u69d8\u3082\u5229\u7528\u53ef\u80fd\u3002[:kr]\ud50c\ub79c\uc9c0\ub97c \ub36e\uc5b4 \ud50c\ub79c\uc9c0 \uba74, \uc2a4\ud130\ub4dc \ubcfc\ud2b8 \ubc0f \uac1c\uc2a4\ud0b7\uc744 \ubd80\uc2dd\uc73c\ub85c\ubd80\ud130 \ubcf4\ud638\ud558\ub3c4\ub85d \uc124\uacc4\ub418\uc5c8\uc2b5\ub2c8\ub2e4. \uc2b5\uae30, \ud654\ud559\ubb3c\uc9c8, \uc5fc\uc218, \uc0b0\uc131\ube44 \ub4f1\uc744 \ucc28\ub2e8\ud569\ub2c8\ub2e4. \uc804\ud574 \ubc29\uc2dd\uc73c\ub85c \ubcf4\ud638\ub418\ub294 \uc2dc\uc2a4\ud15c\uc5d0\uc11c \uc911\uc694\ud55c \uc678\ubd80 \ubb3c\uc9c8\uc744 \ucc28\ub2e8\ud569\ub2c8\ub2e4. 316 \uc2a4\ud14c\uc778\ub9ac\uc2a4 \uc2a4\ud2f8 \ubc0f Kydex \ud50c\ub77c\uc2a4\ud2f1\uc73c\ub85c \uc81c\uacf5\ub429\ub2c8\ub2e4. 316 \uc2a4\ud14c\uc778\ub9ac\uc2a4 \uc2a4\ud2f8 \uc6dc \uae30\uc5b4 \ud074\ub7a8\ud504. 316 \uc2a4\ud14c\uc778\ub9ac\uc2a4 \uc2a4\ud2f8 \uc778\uc81d\uc158 \ud53c\ud305. \ub2eb\ud78c \uc138\ud3ec \ub124\uc624\ud504\ub80c\uc758 \uac1c\uc2a4\ud0b7 \ub77c\uc774\ub108, \ucd5c\ub300 \uc791\ub3d9 \uc628\ub3c4 82\u00b0C. \uc635\uc158\uc73c\ub85c EPDM \uace0\ubb34 \uac1c\uc2a4\ud0b7 \ub77c\uc774\ub108 \uc81c\uacf5, \ucd5c\ub300 \uc791\ub3d9 \uc628\ub3c4 132\u00b0C. \uc548\uc804 \ub9b4\ub9ac\ud504 \ubc38\ube0c \uc635\uc158, 5 psi\uc5d0\uc11c \ubc30\ucd9c\ud569\ub2c8\ub2e4 \ubaa8\ub4e0 \ud06c\uae30\uc758 \ud50c\ub79c\uc9c0\uc5d0 \ub9de\ucda4 \uc81c\uc791 \uac00\ub2a5\ud569\ub2c8\ub2e4. \ud654\ud559 \ubc0f \uace0\uc628 \uc560\ud50c\ub9ac\ucf00\uc774\uc158\uc744 \uc704\ud55c \ud14c\ud50c\ub860(Teflon\u00ae) \ub610\ub294 \uc2e4\ub9ac\ucf58 \ub77c\uc774\ub108 \uc635\uc158 \uc81c\uacf5. \ud2b9\uc815 \uc560\ud50c\ub9ac\ucf00\uc774\uc158\uc5d0 \ub9de\ucd98 \ub9de\ucda4\ud615 \uc124\uacc4 \uac00\ub2a5\ud569\ub2c8\ub2e4.[:]","og_url":"https:\/\/mog.com.vn\/product\/flange-band-protectors\/","og_site_name":"Mog.com.vn","article_modified_time":"2025-04-12T17:11:28+00:00","og_image":[{"width":1000,"height":1000,"url":"https:\/\/mog.com.vn\/wp-content\/uploads\/2025\/04\/Flange-Band-Protectors.jpg","type":"image\/jpeg"}],"twitter_card":"summary_large_image","schema":{"@context":"https:\/\/schema.org","@graph":[{"@type":"WebPage","@id":"https:\/\/mog.com.vn\/product\/flange-band-protectors\/","url":"https:\/\/mog.com.vn\/product\/flange-band-protectors\/","name":"[:vi]Flange Band Protectors[:en]Flange Band Protectors[:ja]\u30d5\u30e9\u30f3\u30b8\u30d9\u30eb\u30c8\u30d7\u30ed\u30c6\u30af\u30bf\u30fc[:kr]Flange Band Protectors[:] - Mog.com.vn","isPartOf":{"@id":"https:\/\/mog.com.vn\/#website"},"primaryImageOfPage":{"@id":"https:\/\/mog.com.vn\/product\/flange-band-protectors\/#primaryimage"},"image":{"@id":"https:\/\/mog.com.vn\/product\/flange-band-protectors\/#primaryimage"},"thumbnailUrl":"https:\/\/mog.com.vn\/wp-content\/uploads\/2025\/04\/Flange-Band-Protectors.jpg","datePublished":"2025-04-12T17:11:24+00:00","dateModified":"2025-04-12T17:11:28+00:00","breadcrumb":{"@id":"https:\/\/mog.com.vn\/product\/flange-band-protectors\/#breadcrumb"},"inLanguage":"vi","potentialAction":[{"@type":"ReadAction","target":["https:\/\/mog.com.vn\/product\/flange-band-protectors\/"]}]},{"@type":"ImageObject","inLanguage":"vi","@id":"https:\/\/mog.com.vn\/product\/flange-band-protectors\/#primaryimage","url":"https:\/\/mog.com.vn\/wp-content\/uploads\/2025\/04\/Flange-Band-Protectors.jpg","contentUrl":"https:\/\/mog.com.vn\/wp-content\/uploads\/2025\/04\/Flange-Band-Protectors.jpg","width":1000,"height":1000},{"@type":"BreadcrumbList","@id":"https:\/\/mog.com.vn\/product\/flange-band-protectors\/#breadcrumb","itemListElement":[{"@type":"ListItem","position":1,"name":"Home","item":"https:\/\/mog.com.vn\/"},{"@type":"ListItem","position":2,"name":"Shop","item":"https:\/\/mog.com.vn\/shop\/"},{"@type":"ListItem","position":3,"name":"Flange Band Protectors"}]},{"@type":"WebSite","@id":"https:\/\/mog.com.vn\/#website","url":"https:\/\/mog.com.vn\/","name":"Mog.com.vn","description":"FLOW Control Solutions","publisher":{"@id":"https:\/\/mog.com.vn\/#organization"},"potentialAction":[{"@type":"SearchAction","target":{"@type":"EntryPoint","urlTemplate":"https:\/\/mog.com.vn\/?s={search_term_string}"},"query-input":{"@type":"PropertyValueSpecification","valueRequired":true,"valueName":"search_term_string"}}],"inLanguage":"vi"},{"@type":"Organization","@id":"https:\/\/mog.com.vn\/#organization","name":"Mog.com.vn","url":"https:\/\/mog.com.vn\/","logo":{"@type":"ImageObject","inLanguage":"vi","@id":"https:\/\/mog.com.vn\/#\/schema\/logo\/image\/","url":"https:\/\/mog.com.vn\/wp-content\/uploads\/2025\/10\/Logo-MOG.jpg","contentUrl":"https:\/\/mog.com.vn\/wp-content\/uploads\/2025\/10\/Logo-MOG.jpg","width":755,"height":230,"caption":"Mog.com.vn"},"image":{"@id":"https:\/\/mog.com.vn\/#\/schema\/logo\/image\/"},"description":"Gi\u1ea3i ph\u00e1p C\u01a1 kh\u00ed ch\u00ednh x\u00e1c & Van c\u00f4ng nghi\u1ec7p to\u00e0n di\u1ec7n cho doanh nghi\u1ec7p c\u1ee7a b\u1ea1n.","email":"giacongcokhimog@gmail.com","telephone":"090 311 4883"}]}},"_links":{"self":[{"href":"https:\/\/mog.com.vn\/vi\/wp-json\/wp\/v2\/product\/578","targetHints":{"allow":["GET"]}}],"collection":[{"href":"https:\/\/mog.com.vn\/vi\/wp-json\/wp\/v2\/product"}],"about":[{"href":"https:\/\/mog.com.vn\/vi\/wp-json\/wp\/v2\/types\/product"}],"replies":[{"embeddable":true,"href":"https:\/\/mog.com.vn\/vi\/wp-json\/wp\/v2\/comments?post=578"}],"wp:featuredmedia":[{"embeddable":true,"href":"https:\/\/mog.com.vn\/vi\/wp-json\/wp\/v2\/media\/579"}],"wp:attachment":[{"href":"https:\/\/mog.com.vn\/vi\/wp-json\/wp\/v2\/media?parent=578"}],"wp:term":[{"taxonomy":"product_brand","embeddable":true,"href":"https:\/\/mog.com.vn\/vi\/wp-json\/wp\/v2\/product_brand?post=578"},{"taxonomy":"product_cat","embeddable":true,"href":"https:\/\/mog.com.vn\/vi\/wp-json\/wp\/v2\/product_cat?post=578"},{"taxonomy":"product_tag","embeddable":true,"href":"https:\/\/mog.com.vn\/vi\/wp-json\/wp\/v2\/product_tag?post=578"}],"curies":[{"name":"wp","href":"https:\/\/api.w.org\/{rel}","templated":true}]}}