{"id":582,"date":"2025-04-12T17:11:24","date_gmt":"2025-04-12T17:11:24","guid":{"rendered":"https:\/\/mog.com.vn\/renew\/product\/klinger-kvn\/"},"modified":"2025-04-12T17:11:28","modified_gmt":"2025-04-12T17:11:28","slug":"klinger-kvn","status":"publish","type":"product","link":"https:\/\/mog.com.vn\/vi\/product\/klinger-kvn\/","title":{"rendered":"KLINGER KVN"},"content":{"rendered":"<strong>K\u1ebft n\u1ed1i<\/strong>:<\/p>\n<p>M\u1eb7t b\u00edch theo EN 1092-1 v\u00e0 EN1092-2<\/p>\n<p>ANSI 150\/300<\/p>\n<p>\u0110\u1ea7u v\u00edt c\u00e1i theo ISO 228-1 v\u00e0 ren NPT ANSI B 2.1<\/p>\n<p>\u0110\u1ea7u h\u00e0n c\u00f3 ren theo EN 12 760 v\u00e0 \u0111\u1ea7u h\u00e0n \u0111\u1ed1i \u0111\u1ea7u theo theo EN 12627<\/p>\n<p>&nbsp;<\/p>\n<p><strong>Ph\u1ee5 ki\u1ec7n:<\/strong><\/p>\n<p>B\u1ed9 truy\u1ec1n \u0111\u1ed9ng (c\u01a1 \u0111i\u1ec7n, kh\u00ed n\u00e9n), \u00e1o s\u01b0\u1edfi, v.v.<\/p>\n<p>&nbsp;<\/p>\n<p><strong>C\u00e1c lo\u1ea1i \u0111\u1eb7c bi\u1ec7t:<\/strong><\/p>\n<p>Van piston cho \u1ee9ng d\u1ee5ng an to\u00e0n ch\u00e1y n\u1ed5<\/p>\n<p>Van piston cho TA-Luff (\u0111i\u1ec1u ch\u1ec9nh kh\u00f4ng kh\u00ed s\u1ea1ch) v\u00e0 \u1ee9ng d\u1ee5ng EPA<\/p>\n<p>Van piston cho m\u00f4i tr\u01b0\u1eddng truy\u1ec1n nhi\u1ec7t<\/p>\n<p>Van piston cho kh\u00ed h\u00f3a l\u1ecfng<\/p>\n<p>Van piston cho h\u01a1i n\u01b0\u1edbc<\/p>\n<p>Van piston \u0111i\u1ec1u ch\u1ec9nh DN 10-50 c\u00f3 piton \u0111i\u1ec1u ch\u1ec9nh (KVRKN)<\/p>\n<p>Van piston \u0111i\u1ec1u ch\u1ec9nh DN 65 \u2013 200 c\u00f3 \u1ed1ng l\u00f3t \u0111\u00e8n l\u1ed3ng \u0111i\u1ec1u ch\u1ec9nh (KVRLN)<\/p>\n<p>&nbsp;<\/p>\n<p><strong>Ch\u1ee9ng nh\u1eadn v\u00e0 ph\u00ea duy\u1ec7t:<\/strong><\/p>\n<p>An to\u00e0n ch\u00e1y n\u1ed5 theo API 6FA<\/p>\n<p>Ph\u00ea duy\u1ec7t lo\u1ea1i theo \u0110\u1ebfn VdT\u03cbV 1065<\/p>\n<p>Ph\u00ea duy\u1ec7t lo\u1ea1i cho t\u00e0u ch\u1edf d\u1ea7u (RID\/ADR+TRT)<\/p>\n<p>Th\u1ea3 \u0111\u1ec3 ph\u1ee5c v\u1ee5 oxy<\/p>\n<p>Tu\u00e2n th\u1ee7 c\u00e1c y\u00eau c\u1ea7u c\u1ee7a TA-Luft<\/p>\n<p>&nbsp;<\/p>\n<p><strong>C\u00e1c s\u1ea3n ph\u1ea9m \u0111o l\u01b0u ch\u1ea5t kh\u00e1c<\/strong><\/p>\n<p>\u0110\u01b0\u1eddng k\u00ednh \u1ed1ng \u0111o th\u1ee7y tinh: 1\/2\u201d, 5\/8\u201d v\u00e0 3\/4\u201d<\/p>\n<p>Chi\u1ec1u d\u00e0i: T\u1ed1i \u0111a 2000mm Tu\u00e2n th\u1ee7 BS3463<\/p>\n<p>K\u1ebft n\u1ed1i ch\u1ec9 b\u00e1o l\u01b0u l\u01b0\u1ee3ng: M\u1eb7t b\u00edch 1\/2\u201d \u0111\u1ebfn 4\u201d<\/p>\n<p>ANSI 150# v\u00e0 300#<\/p>\n<p>C\u00f3 ren v\u00e0 m\u1ed1i h\u00e0n \u1ed5 c\u1eafm l\u00ean \u0111\u1ebfn 2\u201d<\/p>\n<p>V\u1eadt li\u1ec7u: Th\u00e9p cacbon v\u00e0 th\u00e9p kh\u00f4ng g\u1ec9<\/p>\n<p>K\u1ebft n\u1ed1i v\u00f2i \u0111\u00f3ng g\u00f3i \u1ed1ng: C\u00f3 ren v\u00e0 m\u1ed1i h\u00e0n \u1ed5 c\u1eafm 1\/4\u201d \u0111\u1ebfn 3\/4\u2033<\/p>\n<p>V\u1eadt li\u1ec7u: Th\u00e9p cacbon v\u00e0 th\u00e9p kh\u00f4ng g\u1ec9<\/p>\n<p>&nbsp;","protected":false},"excerpt":{"rendered":"<p>C\u00e1c van piston cho l\u0129nh v\u1ef1c \u1ee9ng d\u1ee5ng chung<\/p>\n<p><strong>K\u00edch th\u01b0\u1edbc danh ngh\u0129a:<\/strong><\/p>\n<p>DN 10 \u2013 200 (NPS \u00bd\u201d \u2013 8\u201d)<\/p>\n<p><strong>Ph\u1ea1m vi \u00e1p su\u1ea5t:<\/strong><\/p>\n<p>PN 6, PN 16, PN 40 v\u00e0 PN 63<\/p>\n<p>Class 150, Class 300 v\u00e0 CWP 900<\/p>\n<p><strong>Ph\u1ea1m vi nhi\u1ec7t \u0111\u1ed9:<\/strong><\/p>\n<p>T\u1eeb -196\u00b0C \u0111\u1ebfn 400\u00b0C<\/p>\n<p><strong>V\u1eadt li\u1ec7u th\u00e2n:<\/strong><\/p>\n<p>Gang, gang c\u1ea7u, th\u00e9p cacbon v\u00e0 th\u00e9p kh\u00f4ng g\u1ec9<\/p>\n","protected":false},"featured_media":583,"comment_status":"closed","ping_status":"open","template":"","meta":[],"product_brand":[],"product_cat":[108],"product_tag":[],"class_list":{"0":"post-582","1":"product","2":"type-product","3":"status-publish","4":"has-post-thumbnail","6":"product_cat-klingersafety-spray-shield","8":"first","9":"instock","10":"product-type-simple"},"yoast_head":"<!-- This site is optimized with the Yoast SEO Premium plugin v25.9 (Yoast SEO v25.9) - https:\/\/yoast.com\/wordpress\/plugins\/seo\/ -->\n<title>KLINGER KVN - Mog.com.vn<\/title>\n<meta name=\"robots\" content=\"index, follow, max-snippet:-1, max-image-preview:large, max-video-preview:-1\" \/>\n<link rel=\"canonical\" href=\"https:\/\/mog.com.vn\/product\/klinger-kvn\/\" \/>\n<meta property=\"og:locale\" content=\"vi_VN\" \/>\n<meta property=\"og:type\" content=\"article\" \/>\n<meta property=\"og:title\" content=\"KLINGER KVN\" \/>\n<meta property=\"og:description\" content=\"[:vi]C\u00e1c van piston cho l\u0129nh v\u1ef1c \u1ee9ng d\u1ee5ng chung K\u00edch th\u01b0\u1edbc danh ngh\u0129a: DN 10 \u2013 200 (NPS \u00bd\u201d \u2013 8\u201d) Ph\u1ea1m vi \u00e1p su\u1ea5t: PN 6, PN 16, PN 40 v\u00e0 PN 63 Class 150, Class 300 v\u00e0 CWP 900 Ph\u1ea1m vi nhi\u1ec7t \u0111\u1ed9: T\u1eeb -196\u00b0C \u0111\u1ebfn 400\u00b0C V\u1eadt li\u1ec7u th\u00e2n: Gang, gang c\u1ea7u, th\u00e9p cacbon v\u00e0 th\u00e9p kh\u00f4ng g\u1ec9[:en]The Piston Valves for a General Field of Applications Nominal Sizes: DN 10 \u2013 200 (NPS \u00bd\u201d \u2013 8\u201d) Pressure Range: PN 6, PN 16, PN 40 and PN 63 Class 150, Class 300 and CWP 900 Temperature Range: From -196\u00b0C up to 400\u00b0C Materials of Body: Cast iron, spheroidal iron, carbon steel and stainless steel[:ja]\u4e00\u822c\u7684\u306a\u7528\u9014\u5411\u3051\u306e\u30d4\u30b9\u30c8\u30f3\u30d0\u30eb\u30d6 \u516c\u79f0\u30b5\u30a4\u30ba:   \u00a0 \u00a0 \u00a0 DN 10 \u2013 200 (NPS \u00bd\u201d \u2013 8\u201d) &nbsp; \u5727\u529b\u7bc4\u56f2:   \u00a0 \u00a0 \u00a0 PN 6, PN 16, PN 40, \u304a\u3088\u3073 PN 63  \u00a0 \u00a0 \u00a0 \u30af\u30e9\u30b9 150, \u30af\u30e9\u30b9 300, \u304a\u3088\u3073 CWP 900 &nbsp; \u6e29\u5ea6\u7bc4\u56f2:   \u00a0 \u00a0 \u00a0 -196\u00b0C \u304b\u3089 400\u00b0C \u307e\u3067 &nbsp; \u30dc\u30c7\u30a3\u6750\u6599:   \u00a0 \u00a0 \u00a0 \u92f3\u9244\u3001\u30c0\u30af\u30bf\u30a4\u30eb\u92f3\u9244\u3001\u70ad\u7d20\u92fc\u3001\u304a\u3088\u3073\u30b9\u30c6\u30f3\u30ec\u30b9\u92fc [:kr]\uc77c\ubc18 \uc6a9\ub3c4\uc758 \ud53c\uc2a4\ud1a4 \ubc38\ube0c \uacf5\uce6d \ud06c\uae30: DN 10 \u2013 200 (NPS \u00bd\u201d \u2013 8\u201d) \uc555\ub825 \ubc94\uc704: PN 6, PN 16, PN 40, PN 63 Class 150, Class 300 \ubc0f CWP 900 \uc628\ub3c4 \ubc94\uc704: -196\u00b0C\uc5d0\uc11c 400\u00b0C\uae4c\uc9c0 \ubc14\ub514 \uc7ac\ub8cc: \uc8fc\ucca0, \uad6c\ud615 \ucca0, \ud0c4\uc18c\uac15 \ubc0f \uc2a4\ud14c\uc778\ub9ac\uc2a4 \uc2a4\ud2f8[:]\" \/>\n<meta property=\"og:url\" content=\"https:\/\/mog.com.vn\/product\/klinger-kvn\/\" \/>\n<meta property=\"og:site_name\" content=\"Mog.com.vn\" \/>\n<meta property=\"article:modified_time\" content=\"2025-04-12T17:11:28+00:00\" \/>\n<meta property=\"og:image\" content=\"https:\/\/mog.com.vn\/wp-content\/uploads\/2025\/04\/35.-Klinger-KVN.jpg\" \/>\n\t<meta property=\"og:image:width\" content=\"800\" \/>\n\t<meta property=\"og:image:height\" content=\"800\" \/>\n\t<meta property=\"og:image:type\" content=\"image\/jpeg\" \/>\n<meta name=\"twitter:card\" content=\"summary_large_image\" \/>\n<meta name=\"twitter:label1\" content=\"\u01af\u1edbc t\u00ednh th\u1eddi gian \u0111\u1ecdc\" \/>\n\t<meta name=\"twitter:data1\" content=\"3 ph\u00fat\" \/>\n<script type=\"application\/ld+json\" class=\"yoast-schema-graph\">{\"@context\":\"https:\/\/schema.org\",\"@graph\":[{\"@type\":\"WebPage\",\"@id\":\"https:\/\/mog.com.vn\/product\/klinger-kvn\/\",\"url\":\"https:\/\/mog.com.vn\/product\/klinger-kvn\/\",\"name\":\"KLINGER KVN - Mog.com.vn\",\"isPartOf\":{\"@id\":\"https:\/\/mog.com.vn\/#website\"},\"primaryImageOfPage\":{\"@id\":\"https:\/\/mog.com.vn\/product\/klinger-kvn\/#primaryimage\"},\"image\":{\"@id\":\"https:\/\/mog.com.vn\/product\/klinger-kvn\/#primaryimage\"},\"thumbnailUrl\":\"https:\/\/mog.com.vn\/wp-content\/uploads\/2025\/04\/35.-Klinger-KVN.jpg\",\"datePublished\":\"2025-04-12T17:11:24+00:00\",\"dateModified\":\"2025-04-12T17:11:28+00:00\",\"breadcrumb\":{\"@id\":\"https:\/\/mog.com.vn\/product\/klinger-kvn\/#breadcrumb\"},\"inLanguage\":\"vi\",\"potentialAction\":[{\"@type\":\"ReadAction\",\"target\":[\"https:\/\/mog.com.vn\/product\/klinger-kvn\/\"]}]},{\"@type\":\"ImageObject\",\"inLanguage\":\"vi\",\"@id\":\"https:\/\/mog.com.vn\/product\/klinger-kvn\/#primaryimage\",\"url\":\"https:\/\/mog.com.vn\/wp-content\/uploads\/2025\/04\/35.-Klinger-KVN.jpg\",\"contentUrl\":\"https:\/\/mog.com.vn\/wp-content\/uploads\/2025\/04\/35.-Klinger-KVN.jpg\",\"width\":800,\"height\":800},{\"@type\":\"BreadcrumbList\",\"@id\":\"https:\/\/mog.com.vn\/product\/klinger-kvn\/#breadcrumb\",\"itemListElement\":[{\"@type\":\"ListItem\",\"position\":1,\"name\":\"Home\",\"item\":\"https:\/\/mog.com.vn\/\"},{\"@type\":\"ListItem\",\"position\":2,\"name\":\"Shop\",\"item\":\"https:\/\/mog.com.vn\/shop\/\"},{\"@type\":\"ListItem\",\"position\":3,\"name\":\"KLINGER KVN\"}]},{\"@type\":\"WebSite\",\"@id\":\"https:\/\/mog.com.vn\/#website\",\"url\":\"https:\/\/mog.com.vn\/\",\"name\":\"Mog.com.vn\",\"description\":\"FLOW Control Solutions\",\"publisher\":{\"@id\":\"https:\/\/mog.com.vn\/#organization\"},\"potentialAction\":[{\"@type\":\"SearchAction\",\"target\":{\"@type\":\"EntryPoint\",\"urlTemplate\":\"https:\/\/mog.com.vn\/?s={search_term_string}\"},\"query-input\":{\"@type\":\"PropertyValueSpecification\",\"valueRequired\":true,\"valueName\":\"search_term_string\"}}],\"inLanguage\":\"vi\"},{\"@type\":\"Organization\",\"@id\":\"https:\/\/mog.com.vn\/#organization\",\"name\":\"Mog.com.vn\",\"url\":\"https:\/\/mog.com.vn\/\",\"logo\":{\"@type\":\"ImageObject\",\"inLanguage\":\"vi\",\"@id\":\"https:\/\/mog.com.vn\/#\/schema\/logo\/image\/\",\"url\":\"https:\/\/mog.com.vn\/wp-content\/uploads\/2025\/10\/Logo-MOG.jpg\",\"contentUrl\":\"https:\/\/mog.com.vn\/wp-content\/uploads\/2025\/10\/Logo-MOG.jpg\",\"width\":755,\"height\":230,\"caption\":\"Mog.com.vn\"},\"image\":{\"@id\":\"https:\/\/mog.com.vn\/#\/schema\/logo\/image\/\"},\"description\":\"Gi\u1ea3i ph\u00e1p C\u01a1 kh\u00ed ch\u00ednh x\u00e1c & Van c\u00f4ng nghi\u1ec7p to\u00e0n di\u1ec7n cho doanh nghi\u1ec7p c\u1ee7a b\u1ea1n.\",\"email\":\"giacongcokhimog@gmail.com\",\"telephone\":\"090 311 4883\"}]}<\/script>\n<!-- \/ Yoast SEO Premium plugin. -->","yoast_head_json":{"title":"KLINGER KVN - Mog.com.vn","robots":{"index":"index","follow":"follow","max-snippet":"max-snippet:-1","max-image-preview":"max-image-preview:large","max-video-preview":"max-video-preview:-1"},"canonical":"https:\/\/mog.com.vn\/product\/klinger-kvn\/","og_locale":"vi_VN","og_type":"article","og_title":"KLINGER KVN","og_description":"[:vi]C\u00e1c van piston cho l\u0129nh v\u1ef1c \u1ee9ng d\u1ee5ng chung K\u00edch th\u01b0\u1edbc danh ngh\u0129a: DN 10 \u2013 200 (NPS \u00bd\u201d \u2013 8\u201d) Ph\u1ea1m vi \u00e1p su\u1ea5t: PN 6, PN 16, PN 40 v\u00e0 PN 63 Class 150, Class 300 v\u00e0 CWP 900 Ph\u1ea1m vi nhi\u1ec7t \u0111\u1ed9: T\u1eeb -196\u00b0C \u0111\u1ebfn 400\u00b0C V\u1eadt li\u1ec7u th\u00e2n: Gang, gang c\u1ea7u, th\u00e9p cacbon v\u00e0 th\u00e9p kh\u00f4ng g\u1ec9[:en]The Piston Valves for a General Field of Applications Nominal Sizes: DN 10 \u2013 200 (NPS \u00bd\u201d \u2013 8\u201d) Pressure Range: PN 6, PN 16, PN 40 and PN 63 Class 150, Class 300 and CWP 900 Temperature Range: From -196\u00b0C up to 400\u00b0C Materials of Body: Cast iron, spheroidal iron, carbon steel and stainless steel[:ja]\u4e00\u822c\u7684\u306a\u7528\u9014\u5411\u3051\u306e\u30d4\u30b9\u30c8\u30f3\u30d0\u30eb\u30d6 \u516c\u79f0\u30b5\u30a4\u30ba:   \u00a0 \u00a0 \u00a0 DN 10 \u2013 200 (NPS \u00bd\u201d \u2013 8\u201d) &nbsp; \u5727\u529b\u7bc4\u56f2:   \u00a0 \u00a0 \u00a0 PN 6, PN 16, PN 40, \u304a\u3088\u3073 PN 63  \u00a0 \u00a0 \u00a0 \u30af\u30e9\u30b9 150, \u30af\u30e9\u30b9 300, \u304a\u3088\u3073 CWP 900 &nbsp; \u6e29\u5ea6\u7bc4\u56f2:   \u00a0 \u00a0 \u00a0 -196\u00b0C \u304b\u3089 400\u00b0C \u307e\u3067 &nbsp; \u30dc\u30c7\u30a3\u6750\u6599:   \u00a0 \u00a0 \u00a0 \u92f3\u9244\u3001\u30c0\u30af\u30bf\u30a4\u30eb\u92f3\u9244\u3001\u70ad\u7d20\u92fc\u3001\u304a\u3088\u3073\u30b9\u30c6\u30f3\u30ec\u30b9\u92fc [:kr]\uc77c\ubc18 \uc6a9\ub3c4\uc758 \ud53c\uc2a4\ud1a4 \ubc38\ube0c \uacf5\uce6d \ud06c\uae30: DN 10 \u2013 200 (NPS \u00bd\u201d \u2013 8\u201d) \uc555\ub825 \ubc94\uc704: PN 6, PN 16, PN 40, PN 63 Class 150, Class 300 \ubc0f CWP 900 \uc628\ub3c4 \ubc94\uc704: -196\u00b0C\uc5d0\uc11c 400\u00b0C\uae4c\uc9c0 \ubc14\ub514 \uc7ac\ub8cc: \uc8fc\ucca0, \uad6c\ud615 \ucca0, \ud0c4\uc18c\uac15 \ubc0f \uc2a4\ud14c\uc778\ub9ac\uc2a4 \uc2a4\ud2f8[:]","og_url":"https:\/\/mog.com.vn\/product\/klinger-kvn\/","og_site_name":"Mog.com.vn","article_modified_time":"2025-04-12T17:11:28+00:00","og_image":[{"width":800,"height":800,"url":"https:\/\/mog.com.vn\/wp-content\/uploads\/2025\/04\/35.-Klinger-KVN.jpg","type":"image\/jpeg"}],"twitter_card":"summary_large_image","twitter_misc":{"\u01af\u1edbc t\u00ednh th\u1eddi gian \u0111\u1ecdc":"3 ph\u00fat"},"schema":{"@context":"https:\/\/schema.org","@graph":[{"@type":"WebPage","@id":"https:\/\/mog.com.vn\/product\/klinger-kvn\/","url":"https:\/\/mog.com.vn\/product\/klinger-kvn\/","name":"KLINGER KVN - Mog.com.vn","isPartOf":{"@id":"https:\/\/mog.com.vn\/#website"},"primaryImageOfPage":{"@id":"https:\/\/mog.com.vn\/product\/klinger-kvn\/#primaryimage"},"image":{"@id":"https:\/\/mog.com.vn\/product\/klinger-kvn\/#primaryimage"},"thumbnailUrl":"https:\/\/mog.com.vn\/wp-content\/uploads\/2025\/04\/35.-Klinger-KVN.jpg","datePublished":"2025-04-12T17:11:24+00:00","dateModified":"2025-04-12T17:11:28+00:00","breadcrumb":{"@id":"https:\/\/mog.com.vn\/product\/klinger-kvn\/#breadcrumb"},"inLanguage":"vi","potentialAction":[{"@type":"ReadAction","target":["https:\/\/mog.com.vn\/product\/klinger-kvn\/"]}]},{"@type":"ImageObject","inLanguage":"vi","@id":"https:\/\/mog.com.vn\/product\/klinger-kvn\/#primaryimage","url":"https:\/\/mog.com.vn\/wp-content\/uploads\/2025\/04\/35.-Klinger-KVN.jpg","contentUrl":"https:\/\/mog.com.vn\/wp-content\/uploads\/2025\/04\/35.-Klinger-KVN.jpg","width":800,"height":800},{"@type":"BreadcrumbList","@id":"https:\/\/mog.com.vn\/product\/klinger-kvn\/#breadcrumb","itemListElement":[{"@type":"ListItem","position":1,"name":"Home","item":"https:\/\/mog.com.vn\/"},{"@type":"ListItem","position":2,"name":"Shop","item":"https:\/\/mog.com.vn\/shop\/"},{"@type":"ListItem","position":3,"name":"KLINGER KVN"}]},{"@type":"WebSite","@id":"https:\/\/mog.com.vn\/#website","url":"https:\/\/mog.com.vn\/","name":"Mog.com.vn","description":"FLOW Control Solutions","publisher":{"@id":"https:\/\/mog.com.vn\/#organization"},"potentialAction":[{"@type":"SearchAction","target":{"@type":"EntryPoint","urlTemplate":"https:\/\/mog.com.vn\/?s={search_term_string}"},"query-input":{"@type":"PropertyValueSpecification","valueRequired":true,"valueName":"search_term_string"}}],"inLanguage":"vi"},{"@type":"Organization","@id":"https:\/\/mog.com.vn\/#organization","name":"Mog.com.vn","url":"https:\/\/mog.com.vn\/","logo":{"@type":"ImageObject","inLanguage":"vi","@id":"https:\/\/mog.com.vn\/#\/schema\/logo\/image\/","url":"https:\/\/mog.com.vn\/wp-content\/uploads\/2025\/10\/Logo-MOG.jpg","contentUrl":"https:\/\/mog.com.vn\/wp-content\/uploads\/2025\/10\/Logo-MOG.jpg","width":755,"height":230,"caption":"Mog.com.vn"},"image":{"@id":"https:\/\/mog.com.vn\/#\/schema\/logo\/image\/"},"description":"Gi\u1ea3i ph\u00e1p C\u01a1 kh\u00ed ch\u00ednh x\u00e1c & Van c\u00f4ng nghi\u1ec7p to\u00e0n di\u1ec7n cho doanh nghi\u1ec7p c\u1ee7a b\u1ea1n.","email":"giacongcokhimog@gmail.com","telephone":"090 311 4883"}]}},"_links":{"self":[{"href":"https:\/\/mog.com.vn\/vi\/wp-json\/wp\/v2\/product\/582","targetHints":{"allow":["GET"]}}],"collection":[{"href":"https:\/\/mog.com.vn\/vi\/wp-json\/wp\/v2\/product"}],"about":[{"href":"https:\/\/mog.com.vn\/vi\/wp-json\/wp\/v2\/types\/product"}],"replies":[{"embeddable":true,"href":"https:\/\/mog.com.vn\/vi\/wp-json\/wp\/v2\/comments?post=582"}],"wp:featuredmedia":[{"embeddable":true,"href":"https:\/\/mog.com.vn\/vi\/wp-json\/wp\/v2\/media\/583"}],"wp:attachment":[{"href":"https:\/\/mog.com.vn\/vi\/wp-json\/wp\/v2\/media?parent=582"}],"wp:term":[{"taxonomy":"product_brand","embeddable":true,"href":"https:\/\/mog.com.vn\/vi\/wp-json\/wp\/v2\/product_brand?post=582"},{"taxonomy":"product_cat","embeddable":true,"href":"https:\/\/mog.com.vn\/vi\/wp-json\/wp\/v2\/product_cat?post=582"},{"taxonomy":"product_tag","embeddable":true,"href":"https:\/\/mog.com.vn\/vi\/wp-json\/wp\/v2\/product_tag?post=582"}],"curies":[{"name":"wp","href":"https:\/\/api.w.org\/{rel}","templated":true}]}}