{"id":584,"date":"2025-04-12T17:11:24","date_gmt":"2025-04-12T17:11:24","guid":{"rendered":"https:\/\/mog.com.vn\/renew\/product\/nut-and-bolt-caps\/"},"modified":"2025-04-12T17:11:29","modified_gmt":"2025-04-12T17:11:29","slug":"nut-and-bolt-caps","status":"publish","type":"product","link":"https:\/\/mog.com.vn\/vi\/product\/nut-and-bolt-caps\/","title":{"rendered":"Nut and Bolt Caps"},"content":{"rendered":"","protected":false},"excerpt":{"rendered":"<p>\u0110\u01b0\u1ee3c thi\u1ebft k\u1ebf \u0111\u1ec3 b\u1ea3o v\u1ec7 \u0111ai \u1ed1c l\u1ee5c gi\u00e1c v\u00e0 \u0111\u1ea7u bu l\u00f4ng \u0111inh t\u00e1n kh\u1ecfi b\u1ecb \u0103n m\u00f2n, do \u0111\u00f3 cho ph\u00e9p th\u00e1o bu l\u00f4ng d\u1ec5 d\u00e0ng.<\/p>\n<p>Lo\u1ea1i b\u1ecf nhu c\u1ea7u s\u1eed d\u1ee5ng \u0111\u00e8n kh\u00f2 \u0111\u1ec3 th\u00e1o \u0111ai \u1ed1c.<\/p>\n<p>Ng\u0103n ch\u1eb7n \u0111\u1ed9 \u1ea9m, h\u00f3a ch\u1ea5t, h\u01a1i mu\u1ed1i v\u00e0 s\u01a1n t\u00edch t\u1ee5.<\/p>\n<p>\u0110\u01b0\u1ee3c \u0111\u00fac t\u1eeb nh\u1ef1a polyethylene ch\u1ed1ng tia UV, h\u00f3a ch\u1ea5t v\u00e0 th\u1eddi ti\u1ebft.<\/p>\n<p>\u0110\u01a1n gi\u1ea3n v\u00e0 d\u1ec5 l\u1eafp \u0111\u1eb7t.<\/p>\n<p>Ti\u1ebft ki\u1ec7m v\u00e0 c\u00f3 th\u1ec3 t\u00e1i s\u1eed d\u1ee5ng.<\/p>\n<p>Nhi\u1ec7t \u0111\u1ed9 kh\u00f4ng \u0111\u1ed5i l\u00e0 77 \u00b0C.<\/p>\n<p>C\u00f3 s\u1eb5n k\u00edch th\u01b0\u1edbc ti\u00eau chu\u1ea9n v\u00e0 t\u00f9y ch\u1ec9nh.<\/p>\n","protected":false},"featured_media":585,"comment_status":"closed","ping_status":"open","template":"","meta":[],"product_brand":[],"product_cat":[108],"product_tag":[],"class_list":{"0":"post-584","1":"product","2":"type-product","3":"status-publish","4":"has-post-thumbnail","6":"product_cat-klingersafety-spray-shield","8":"first","9":"instock","10":"product-type-simple"},"yoast_head":"<!-- This site is optimized with the Yoast SEO Premium plugin v25.9 (Yoast SEO v25.9) - https:\/\/yoast.com\/wordpress\/plugins\/seo\/ -->\n<title>Nut and Bolt Caps - Mog.com.vn<\/title>\n<meta name=\"robots\" content=\"index, follow, max-snippet:-1, max-image-preview:large, max-video-preview:-1\" \/>\n<link rel=\"canonical\" href=\"https:\/\/mog.com.vn\/product\/nut-and-bolt-caps\/\" \/>\n<meta property=\"og:locale\" content=\"vi_VN\" \/>\n<meta property=\"og:type\" content=\"article\" \/>\n<meta property=\"og:title\" content=\"[:vi]Nut and Bolt Caps[:en]Nut and Bolt Caps[:ja]\u30ca\u30c3\u30c8\u3068\u30dc\u30eb\u30c8\u30ab\u30d0\u30fc[:kr]Nut and Bolt Caps[:]\" \/>\n<meta property=\"og:description\" content=\"[:vi]\u0110\u01b0\u1ee3c thi\u1ebft k\u1ebf \u0111\u1ec3 b\u1ea3o v\u1ec7 \u0111ai \u1ed1c l\u1ee5c gi\u00e1c v\u00e0 \u0111\u1ea7u bu l\u00f4ng \u0111inh t\u00e1n kh\u1ecfi b\u1ecb \u0103n m\u00f2n, do \u0111\u00f3 cho ph\u00e9p th\u00e1o bu l\u00f4ng d\u1ec5 d\u00e0ng. Lo\u1ea1i b\u1ecf nhu c\u1ea7u s\u1eed d\u1ee5ng \u0111\u00e8n kh\u00f2 \u0111\u1ec3 th\u00e1o \u0111ai \u1ed1c. Ng\u0103n ch\u1eb7n \u0111\u1ed9 \u1ea9m, h\u00f3a ch\u1ea5t, h\u01a1i mu\u1ed1i v\u00e0 s\u01a1n t\u00edch t\u1ee5. \u0110\u01b0\u1ee3c \u0111\u00fac t\u1eeb nh\u1ef1a polyethylene ch\u1ed1ng tia UV, h\u00f3a ch\u1ea5t v\u00e0 th\u1eddi ti\u1ebft. \u0110\u01a1n gi\u1ea3n v\u00e0 d\u1ec5 l\u1eafp \u0111\u1eb7t. Ti\u1ebft ki\u1ec7m v\u00e0 c\u00f3 th\u1ec3 t\u00e1i s\u1eed d\u1ee5ng. Nhi\u1ec7t \u0111\u1ed9 kh\u00f4ng \u0111\u1ed5i l\u00e0 77 \u00b0C. C\u00f3 s\u1eb5n k\u00edch th\u01b0\u1edbc ti\u00eau chu\u1ea9n v\u00e0 t\u00f9y ch\u1ec9nh.[:en]  Designed to protect hex nuts and stud bolt ends from corrosion, thus allowing easy unbolting.  Eliminates need of a torch for nut removal.  Keeps out moisture, chemicals, salt spray, and paint build up.  Moulded from UV, chemical, and weather resistant polyethylene plastic.  Simple and easy to install.  Economical and reusable.  Constant temperature of 77 \u00b0C.  Standard &amp; custom sizes available. [:ja]&nbsp; \u516d\u89d2\u30ca\u30c3\u30c8\u3068\u30b9\u30bf\u30c3\u30c9\u30dc\u30eb\u30c8\u306e\u982d\u3092\u8150\u98df\u304b\u3089\u4fdd\u8b77\u3059\u308b\u3088\u3046\u306b\u8a2d\u8a08\u3055\u308c\u3066\u304a\u308a\u3001\u30dc\u30eb\u30c8\u306e\u53d6\u308a\u5916\u3057\u3092\u5bb9\u6613\u306b\u3057\u307e\u3059\u3002 \u30ca\u30c3\u30c8\u3092\u53d6\u308a\u5916\u3059\u305f\u3081\u306b\u30d0\u30fc\u30ca\u30fc\u3092\u4f7f\u7528\u3059\u308b\u5fc5\u8981\u304c\u306a\u304f\u306a\u308a\u307e\u3059\u3002 \u6e7f\u6c17\u3001\u5316\u5b66\u7269\u8cea\u3001\u5869\u5206\u3001\u5857\u6599\u306e\u84c4\u7a4d\u3092\u9632\u304e\u307e\u3059\u3002 UV\u3001\u5316\u5b66\u85ac\u54c1\u3001\u5929\u5019\u306b\u8010\u6027\u306e\u3042\u308b\u30dd\u30ea\u30a8\u30c1\u30ec\u30f3\u30d7\u30e9\u30b9\u30c1\u30c3\u30af\u3067\u6210\u5f62\u3055\u308c\u3066\u3044\u307e\u3059\u3002 \u30b7\u30f3\u30d7\u30eb\u3067\u7c21\u5358\u306b\u53d6\u308a\u4ed8\u3051\u3089\u308c\u307e\u3059\u3002 \u6700\u5927\u52d5\u4f5c\u6e29\u5ea6\u306f 77\u00b0C \u3067\u3059\u3002[:kr]\uc721\uac01 \ub108\ud2b8\uc640 \uc2a4\ud130\ub4dc \ubcfc\ud2b8 \ub05d\uc744 \ubd80\uc2dd\uc73c\ub85c\ubd80\ud130 \ubcf4\ud638\ud558\uc5ec \uc27d\uac8c \ubd84\ub9ac\ud560 \uc218 \uc788\ub3c4\ub85d \uc124\uacc4\ub418\uc5c8\uc2b5\ub2c8\ub2e4. \ub108\ud2b8\ub97c \uc81c\uac70\ud560 \ub54c \ud1a0\uce58\ub97c \uc0ac\uc6a9\ud560 \ud544\uc694\uac00 \uc5c6\uc2b5\ub2c8\ub2e4. \uc2b5\uae30, \ud654\ud559\ubb3c\uc9c8, \uc5fc\uc218 \ubd84\ubb34 \ubc0f \ud398\uc778\ud2b8 \ucd95\uc801\uc744 \ucc28\ub2e8\ud569\ub2c8\ub2e4. UV, \ud654\ud559 \ubc0f \uae30\uc0c1 \uc800\ud56d\uc131\uc774 \uc788\ub294 \ud3f4\ub9ac\uc5d0\ud2f8\ub80c \ud50c\ub77c\uc2a4\ud2f1\uc73c\ub85c \uc131\ud615\ub418\uc5c8\uc2b5\ub2c8\ub2e4. \uc124\uce58\uac00 \uac04\ub2e8\ud558\uace0 \uc27d\uc2b5\ub2c8\ub2e4. \uacbd\uc81c\uc801\uc774\uba70 \uc7ac\uc0ac\uc6a9\uc774 \uac00\ub2a5\ud569\ub2c8\ub2e4. \ucd5c\ub300 \uc628\ub3c4 77 \u00b0C. \ud45c\uc900 \ubc0f \ub9de\ucda4\ud615 \ud06c\uae30\ub97c \uc81c\uacf5\ud569\ub2c8\ub2e4.[:]\" \/>\n<meta property=\"og:url\" content=\"https:\/\/mog.com.vn\/product\/nut-and-bolt-caps\/\" \/>\n<meta property=\"og:site_name\" content=\"Mog.com.vn\" \/>\n<meta property=\"article:modified_time\" content=\"2025-04-12T17:11:29+00:00\" \/>\n<meta property=\"og:image\" content=\"https:\/\/mog.com.vn\/wp-content\/uploads\/2025\/04\/37.-Nut-Bolt-Caps.jpg\" \/>\n\t<meta property=\"og:image:width\" content=\"800\" \/>\n\t<meta property=\"og:image:height\" content=\"800\" \/>\n\t<meta property=\"og:image:type\" content=\"image\/jpeg\" \/>\n<meta name=\"twitter:card\" content=\"summary_large_image\" \/>\n<script type=\"application\/ld+json\" class=\"yoast-schema-graph\">{\"@context\":\"https:\/\/schema.org\",\"@graph\":[{\"@type\":\"WebPage\",\"@id\":\"https:\/\/mog.com.vn\/product\/nut-and-bolt-caps\/\",\"url\":\"https:\/\/mog.com.vn\/product\/nut-and-bolt-caps\/\",\"name\":\"[:vi]Nut and Bolt Caps[:en]Nut and Bolt Caps[:ja]\u30ca\u30c3\u30c8\u3068\u30dc\u30eb\u30c8\u30ab\u30d0\u30fc[:kr]Nut and Bolt Caps[:] - Mog.com.vn\",\"isPartOf\":{\"@id\":\"https:\/\/mog.com.vn\/#website\"},\"primaryImageOfPage\":{\"@id\":\"https:\/\/mog.com.vn\/product\/nut-and-bolt-caps\/#primaryimage\"},\"image\":{\"@id\":\"https:\/\/mog.com.vn\/product\/nut-and-bolt-caps\/#primaryimage\"},\"thumbnailUrl\":\"https:\/\/mog.com.vn\/wp-content\/uploads\/2025\/04\/37.-Nut-Bolt-Caps.jpg\",\"datePublished\":\"2025-04-12T17:11:24+00:00\",\"dateModified\":\"2025-04-12T17:11:29+00:00\",\"breadcrumb\":{\"@id\":\"https:\/\/mog.com.vn\/product\/nut-and-bolt-caps\/#breadcrumb\"},\"inLanguage\":\"vi\",\"potentialAction\":[{\"@type\":\"ReadAction\",\"target\":[\"https:\/\/mog.com.vn\/product\/nut-and-bolt-caps\/\"]}]},{\"@type\":\"ImageObject\",\"inLanguage\":\"vi\",\"@id\":\"https:\/\/mog.com.vn\/product\/nut-and-bolt-caps\/#primaryimage\",\"url\":\"https:\/\/mog.com.vn\/wp-content\/uploads\/2025\/04\/37.-Nut-Bolt-Caps.jpg\",\"contentUrl\":\"https:\/\/mog.com.vn\/wp-content\/uploads\/2025\/04\/37.-Nut-Bolt-Caps.jpg\",\"width\":800,\"height\":800},{\"@type\":\"BreadcrumbList\",\"@id\":\"https:\/\/mog.com.vn\/product\/nut-and-bolt-caps\/#breadcrumb\",\"itemListElement\":[{\"@type\":\"ListItem\",\"position\":1,\"name\":\"Home\",\"item\":\"https:\/\/mog.com.vn\/\"},{\"@type\":\"ListItem\",\"position\":2,\"name\":\"Shop\",\"item\":\"https:\/\/mog.com.vn\/shop\/\"},{\"@type\":\"ListItem\",\"position\":3,\"name\":\"Nut and Bolt Caps\"}]},{\"@type\":\"WebSite\",\"@id\":\"https:\/\/mog.com.vn\/#website\",\"url\":\"https:\/\/mog.com.vn\/\",\"name\":\"Mog.com.vn\",\"description\":\"FLOW Control Solutions\",\"publisher\":{\"@id\":\"https:\/\/mog.com.vn\/#organization\"},\"potentialAction\":[{\"@type\":\"SearchAction\",\"target\":{\"@type\":\"EntryPoint\",\"urlTemplate\":\"https:\/\/mog.com.vn\/?s={search_term_string}\"},\"query-input\":{\"@type\":\"PropertyValueSpecification\",\"valueRequired\":true,\"valueName\":\"search_term_string\"}}],\"inLanguage\":\"vi\"},{\"@type\":\"Organization\",\"@id\":\"https:\/\/mog.com.vn\/#organization\",\"name\":\"Mog.com.vn\",\"url\":\"https:\/\/mog.com.vn\/\",\"logo\":{\"@type\":\"ImageObject\",\"inLanguage\":\"vi\",\"@id\":\"https:\/\/mog.com.vn\/#\/schema\/logo\/image\/\",\"url\":\"https:\/\/mog.com.vn\/wp-content\/uploads\/2025\/10\/Logo-MOG.jpg\",\"contentUrl\":\"https:\/\/mog.com.vn\/wp-content\/uploads\/2025\/10\/Logo-MOG.jpg\",\"width\":755,\"height\":230,\"caption\":\"Mog.com.vn\"},\"image\":{\"@id\":\"https:\/\/mog.com.vn\/#\/schema\/logo\/image\/\"},\"description\":\"Gi\u1ea3i ph\u00e1p C\u01a1 kh\u00ed ch\u00ednh x\u00e1c & Van c\u00f4ng nghi\u1ec7p to\u00e0n di\u1ec7n cho doanh nghi\u1ec7p c\u1ee7a b\u1ea1n.\",\"email\":\"giacongcokhimog@gmail.com\",\"telephone\":\"090 311 4883\"}]}<\/script>\n<!-- \/ Yoast SEO Premium plugin. -->","yoast_head_json":{"title":"[:vi]Nut and Bolt Caps[:en]Nut and Bolt Caps[:ja]\u30ca\u30c3\u30c8\u3068\u30dc\u30eb\u30c8\u30ab\u30d0\u30fc[:kr]Nut and Bolt Caps[:] - Mog.com.vn","robots":{"index":"index","follow":"follow","max-snippet":"max-snippet:-1","max-image-preview":"max-image-preview:large","max-video-preview":"max-video-preview:-1"},"canonical":"https:\/\/mog.com.vn\/product\/nut-and-bolt-caps\/","og_locale":"vi_VN","og_type":"article","og_title":"[:vi]Nut and Bolt Caps[:en]Nut and Bolt Caps[:ja]\u30ca\u30c3\u30c8\u3068\u30dc\u30eb\u30c8\u30ab\u30d0\u30fc[:kr]Nut and Bolt Caps[:]","og_description":"[:vi]\u0110\u01b0\u1ee3c thi\u1ebft k\u1ebf \u0111\u1ec3 b\u1ea3o v\u1ec7 \u0111ai \u1ed1c l\u1ee5c gi\u00e1c v\u00e0 \u0111\u1ea7u bu l\u00f4ng \u0111inh t\u00e1n kh\u1ecfi b\u1ecb \u0103n m\u00f2n, do \u0111\u00f3 cho ph\u00e9p th\u00e1o bu l\u00f4ng d\u1ec5 d\u00e0ng. Lo\u1ea1i b\u1ecf nhu c\u1ea7u s\u1eed d\u1ee5ng \u0111\u00e8n kh\u00f2 \u0111\u1ec3 th\u00e1o \u0111ai \u1ed1c. Ng\u0103n ch\u1eb7n \u0111\u1ed9 \u1ea9m, h\u00f3a ch\u1ea5t, h\u01a1i mu\u1ed1i v\u00e0 s\u01a1n t\u00edch t\u1ee5. \u0110\u01b0\u1ee3c \u0111\u00fac t\u1eeb nh\u1ef1a polyethylene ch\u1ed1ng tia UV, h\u00f3a ch\u1ea5t v\u00e0 th\u1eddi ti\u1ebft. \u0110\u01a1n gi\u1ea3n v\u00e0 d\u1ec5 l\u1eafp \u0111\u1eb7t. Ti\u1ebft ki\u1ec7m v\u00e0 c\u00f3 th\u1ec3 t\u00e1i s\u1eed d\u1ee5ng. Nhi\u1ec7t \u0111\u1ed9 kh\u00f4ng \u0111\u1ed5i l\u00e0 77 \u00b0C. C\u00f3 s\u1eb5n k\u00edch th\u01b0\u1edbc ti\u00eau chu\u1ea9n v\u00e0 t\u00f9y ch\u1ec9nh.[:en]  Designed to protect hex nuts and stud bolt ends from corrosion, thus allowing easy unbolting.  Eliminates need of a torch for nut removal.  Keeps out moisture, chemicals, salt spray, and paint build up.  Moulded from UV, chemical, and weather resistant polyethylene plastic.  Simple and easy to install.  Economical and reusable.  Constant temperature of 77 \u00b0C.  Standard &amp; custom sizes available. [:ja]&nbsp; \u516d\u89d2\u30ca\u30c3\u30c8\u3068\u30b9\u30bf\u30c3\u30c9\u30dc\u30eb\u30c8\u306e\u982d\u3092\u8150\u98df\u304b\u3089\u4fdd\u8b77\u3059\u308b\u3088\u3046\u306b\u8a2d\u8a08\u3055\u308c\u3066\u304a\u308a\u3001\u30dc\u30eb\u30c8\u306e\u53d6\u308a\u5916\u3057\u3092\u5bb9\u6613\u306b\u3057\u307e\u3059\u3002 \u30ca\u30c3\u30c8\u3092\u53d6\u308a\u5916\u3059\u305f\u3081\u306b\u30d0\u30fc\u30ca\u30fc\u3092\u4f7f\u7528\u3059\u308b\u5fc5\u8981\u304c\u306a\u304f\u306a\u308a\u307e\u3059\u3002 \u6e7f\u6c17\u3001\u5316\u5b66\u7269\u8cea\u3001\u5869\u5206\u3001\u5857\u6599\u306e\u84c4\u7a4d\u3092\u9632\u304e\u307e\u3059\u3002 UV\u3001\u5316\u5b66\u85ac\u54c1\u3001\u5929\u5019\u306b\u8010\u6027\u306e\u3042\u308b\u30dd\u30ea\u30a8\u30c1\u30ec\u30f3\u30d7\u30e9\u30b9\u30c1\u30c3\u30af\u3067\u6210\u5f62\u3055\u308c\u3066\u3044\u307e\u3059\u3002 \u30b7\u30f3\u30d7\u30eb\u3067\u7c21\u5358\u306b\u53d6\u308a\u4ed8\u3051\u3089\u308c\u307e\u3059\u3002 \u6700\u5927\u52d5\u4f5c\u6e29\u5ea6\u306f 77\u00b0C \u3067\u3059\u3002[:kr]\uc721\uac01 \ub108\ud2b8\uc640 \uc2a4\ud130\ub4dc \ubcfc\ud2b8 \ub05d\uc744 \ubd80\uc2dd\uc73c\ub85c\ubd80\ud130 \ubcf4\ud638\ud558\uc5ec \uc27d\uac8c \ubd84\ub9ac\ud560 \uc218 \uc788\ub3c4\ub85d \uc124\uacc4\ub418\uc5c8\uc2b5\ub2c8\ub2e4. \ub108\ud2b8\ub97c \uc81c\uac70\ud560 \ub54c \ud1a0\uce58\ub97c \uc0ac\uc6a9\ud560 \ud544\uc694\uac00 \uc5c6\uc2b5\ub2c8\ub2e4. \uc2b5\uae30, \ud654\ud559\ubb3c\uc9c8, \uc5fc\uc218 \ubd84\ubb34 \ubc0f \ud398\uc778\ud2b8 \ucd95\uc801\uc744 \ucc28\ub2e8\ud569\ub2c8\ub2e4. UV, \ud654\ud559 \ubc0f \uae30\uc0c1 \uc800\ud56d\uc131\uc774 \uc788\ub294 \ud3f4\ub9ac\uc5d0\ud2f8\ub80c \ud50c\ub77c\uc2a4\ud2f1\uc73c\ub85c \uc131\ud615\ub418\uc5c8\uc2b5\ub2c8\ub2e4. \uc124\uce58\uac00 \uac04\ub2e8\ud558\uace0 \uc27d\uc2b5\ub2c8\ub2e4. \uacbd\uc81c\uc801\uc774\uba70 \uc7ac\uc0ac\uc6a9\uc774 \uac00\ub2a5\ud569\ub2c8\ub2e4. \ucd5c\ub300 \uc628\ub3c4 77 \u00b0C. \ud45c\uc900 \ubc0f \ub9de\ucda4\ud615 \ud06c\uae30\ub97c \uc81c\uacf5\ud569\ub2c8\ub2e4.[:]","og_url":"https:\/\/mog.com.vn\/product\/nut-and-bolt-caps\/","og_site_name":"Mog.com.vn","article_modified_time":"2025-04-12T17:11:29+00:00","og_image":[{"width":800,"height":800,"url":"https:\/\/mog.com.vn\/wp-content\/uploads\/2025\/04\/37.-Nut-Bolt-Caps.jpg","type":"image\/jpeg"}],"twitter_card":"summary_large_image","schema":{"@context":"https:\/\/schema.org","@graph":[{"@type":"WebPage","@id":"https:\/\/mog.com.vn\/product\/nut-and-bolt-caps\/","url":"https:\/\/mog.com.vn\/product\/nut-and-bolt-caps\/","name":"[:vi]Nut and Bolt Caps[:en]Nut and Bolt Caps[:ja]\u30ca\u30c3\u30c8\u3068\u30dc\u30eb\u30c8\u30ab\u30d0\u30fc[:kr]Nut and Bolt Caps[:] - Mog.com.vn","isPartOf":{"@id":"https:\/\/mog.com.vn\/#website"},"primaryImageOfPage":{"@id":"https:\/\/mog.com.vn\/product\/nut-and-bolt-caps\/#primaryimage"},"image":{"@id":"https:\/\/mog.com.vn\/product\/nut-and-bolt-caps\/#primaryimage"},"thumbnailUrl":"https:\/\/mog.com.vn\/wp-content\/uploads\/2025\/04\/37.-Nut-Bolt-Caps.jpg","datePublished":"2025-04-12T17:11:24+00:00","dateModified":"2025-04-12T17:11:29+00:00","breadcrumb":{"@id":"https:\/\/mog.com.vn\/product\/nut-and-bolt-caps\/#breadcrumb"},"inLanguage":"vi","potentialAction":[{"@type":"ReadAction","target":["https:\/\/mog.com.vn\/product\/nut-and-bolt-caps\/"]}]},{"@type":"ImageObject","inLanguage":"vi","@id":"https:\/\/mog.com.vn\/product\/nut-and-bolt-caps\/#primaryimage","url":"https:\/\/mog.com.vn\/wp-content\/uploads\/2025\/04\/37.-Nut-Bolt-Caps.jpg","contentUrl":"https:\/\/mog.com.vn\/wp-content\/uploads\/2025\/04\/37.-Nut-Bolt-Caps.jpg","width":800,"height":800},{"@type":"BreadcrumbList","@id":"https:\/\/mog.com.vn\/product\/nut-and-bolt-caps\/#breadcrumb","itemListElement":[{"@type":"ListItem","position":1,"name":"Home","item":"https:\/\/mog.com.vn\/"},{"@type":"ListItem","position":2,"name":"Shop","item":"https:\/\/mog.com.vn\/shop\/"},{"@type":"ListItem","position":3,"name":"Nut and Bolt Caps"}]},{"@type":"WebSite","@id":"https:\/\/mog.com.vn\/#website","url":"https:\/\/mog.com.vn\/","name":"Mog.com.vn","description":"FLOW Control Solutions","publisher":{"@id":"https:\/\/mog.com.vn\/#organization"},"potentialAction":[{"@type":"SearchAction","target":{"@type":"EntryPoint","urlTemplate":"https:\/\/mog.com.vn\/?s={search_term_string}"},"query-input":{"@type":"PropertyValueSpecification","valueRequired":true,"valueName":"search_term_string"}}],"inLanguage":"vi"},{"@type":"Organization","@id":"https:\/\/mog.com.vn\/#organization","name":"Mog.com.vn","url":"https:\/\/mog.com.vn\/","logo":{"@type":"ImageObject","inLanguage":"vi","@id":"https:\/\/mog.com.vn\/#\/schema\/logo\/image\/","url":"https:\/\/mog.com.vn\/wp-content\/uploads\/2025\/10\/Logo-MOG.jpg","contentUrl":"https:\/\/mog.com.vn\/wp-content\/uploads\/2025\/10\/Logo-MOG.jpg","width":755,"height":230,"caption":"Mog.com.vn"},"image":{"@id":"https:\/\/mog.com.vn\/#\/schema\/logo\/image\/"},"description":"Gi\u1ea3i ph\u00e1p C\u01a1 kh\u00ed ch\u00ednh x\u00e1c & Van c\u00f4ng nghi\u1ec7p to\u00e0n di\u1ec7n cho doanh nghi\u1ec7p c\u1ee7a b\u1ea1n.","email":"giacongcokhimog@gmail.com","telephone":"090 311 4883"}]}},"_links":{"self":[{"href":"https:\/\/mog.com.vn\/vi\/wp-json\/wp\/v2\/product\/584","targetHints":{"allow":["GET"]}}],"collection":[{"href":"https:\/\/mog.com.vn\/vi\/wp-json\/wp\/v2\/product"}],"about":[{"href":"https:\/\/mog.com.vn\/vi\/wp-json\/wp\/v2\/types\/product"}],"replies":[{"embeddable":true,"href":"https:\/\/mog.com.vn\/vi\/wp-json\/wp\/v2\/comments?post=584"}],"wp:featuredmedia":[{"embeddable":true,"href":"https:\/\/mog.com.vn\/vi\/wp-json\/wp\/v2\/media\/585"}],"wp:attachment":[{"href":"https:\/\/mog.com.vn\/vi\/wp-json\/wp\/v2\/media?parent=584"}],"wp:term":[{"taxonomy":"product_brand","embeddable":true,"href":"https:\/\/mog.com.vn\/vi\/wp-json\/wp\/v2\/product_brand?post=584"},{"taxonomy":"product_cat","embeddable":true,"href":"https:\/\/mog.com.vn\/vi\/wp-json\/wp\/v2\/product_cat?post=584"},{"taxonomy":"product_tag","embeddable":true,"href":"https:\/\/mog.com.vn\/vi\/wp-json\/wp\/v2\/product_tag?post=584"}],"curies":[{"name":"wp","href":"https:\/\/api.w.org\/{rel}","templated":true}]}}