{"id":588,"date":"2025-04-12T17:11:24","date_gmt":"2025-04-12T17:11:24","guid":{"rendered":"https:\/\/mog.com.vn\/renew\/product\/klinger-ix-seal-ring\/"},"modified":"2025-04-12T17:11:29","modified_gmt":"2025-04-12T17:11:29","slug":"klinger-ix-seal-ring","status":"publish","type":"product","link":"https:\/\/mog.com.vn\/vi\/product\/klinger-ix-seal-ring\/","title":{"rendered":"Klinger IX Seal Ring"},"content":{"rendered":"","protected":false},"excerpt":{"rendered":"<p><strong>\u1ee8ng d\u1ee5ng<\/strong><\/p>\n<p>S\u1eed d\u1ee5ng cho c\u00e1c \u1ee9ng d\u1ee5ng \u00e1p su\u1ea5t cao<\/p>\n<p>D\u00f9ng trong m\u1eb7t b\u00edch nh\u1ecf g\u1ecdn<\/p>\n<p>&nbsp;<\/p>\n<p><strong>\u0110\u1eb7c t\u00ednh ti\u00eau bi\u1ec3u<\/strong><\/p>\n<p>\u0110\u1ed9 k\u00edn to\u00e0n v\u1eb9n cao \u1edf \u00e1p su\u1ea5t cao<\/p>\n<p>L\u1edbp ph\u1ee7 PTFE c\u1ea3i thi\u1ec7n kh\u1ea3 n\u0103ng ch\u1ed1ng \u0103n m\u00f2n v\u00e0 d\u1ec5 d\u00e0ng nh\u1eadn d\u1ea1ng<\/p>\n<p>\u0110\u01b0\u1ee3c thi\u1ebft k\u1ebf \u0111\u1ec3 t\u1ea1o m\u1ed1i n\u1ed1i to\u00e0n v\u1eb9n cao v\u1edbi ph\u1edbt ch\u00ednh v\u00e0 ph\u1edbt ph\u1ee5<\/p>\n<p><strong>Th\u00f4ng s\u1ed1 k\u1ef9 thu\u1eadt ti\u00eau bi\u1ec3u:<\/strong><\/p>\n<p>D\u00f9ng cho lo\u1ea1i l\u00ean \u0111\u1ebfn 2500<\/p>\n<p>\u0110\u01b0\u1ee3c s\u1ea3n xu\u1ea5t theo ti\u00eau chu\u1ea9n ASME B16 20<\/p>\n<p>C\u0169ng c\u00f3 s\u1eb5n trong nhi\u1ec1u lo\u1ea1i h\u1ee3p kim: Th\u00e9p cacbon th\u1ea5p, Duplex v\u00e0 Inconel 625<\/p>\n","protected":false},"featured_media":589,"comment_status":"closed","ping_status":"open","template":"","meta":[],"product_brand":[],"product_cat":[109],"product_tag":[],"class_list":{"0":"post-588","1":"product","2":"type-product","3":"status-publish","4":"has-post-thumbnail","6":"product_cat-klingerring-type-joints","8":"first","9":"instock","10":"product-type-simple"},"yoast_head":"<!-- This site is optimized with the Yoast SEO Premium plugin v25.9 (Yoast SEO v25.9) - https:\/\/yoast.com\/wordpress\/plugins\/seo\/ -->\n<title>Klinger IX Seal Ring - Mog.com.vn<\/title>\n<meta name=\"robots\" content=\"index, follow, max-snippet:-1, max-image-preview:large, max-video-preview:-1\" \/>\n<link rel=\"canonical\" href=\"https:\/\/mog.com.vn\/product\/klinger-ix-seal-ring\/\" \/>\n<meta property=\"og:locale\" content=\"vi_VN\" \/>\n<meta property=\"og:type\" content=\"article\" \/>\n<meta property=\"og:title\" content=\"[:vi]Klinger IX Seal Ring[:en]Klinger IX Seal Ring[:ja]Klinger IX \u30ac\u30b9\u30b1\u30c3\u30c8[:kr]Klinger IX Seal Ring[:]\" \/>\n<meta property=\"og:description\" content=\"[:vi]\u1ee8ng d\u1ee5ng S\u1eed d\u1ee5ng cho c\u00e1c \u1ee9ng d\u1ee5ng \u00e1p su\u1ea5t cao D\u00f9ng trong m\u1eb7t b\u00edch nh\u1ecf g\u1ecdn &nbsp; \u0110\u1eb7c t\u00ednh ti\u00eau bi\u1ec3u \u0110\u1ed9 k\u00edn to\u00e0n v\u1eb9n cao \u1edf \u00e1p su\u1ea5t cao L\u1edbp ph\u1ee7 PTFE c\u1ea3i thi\u1ec7n kh\u1ea3 n\u0103ng ch\u1ed1ng \u0103n m\u00f2n v\u00e0 d\u1ec5 d\u00e0ng nh\u1eadn d\u1ea1ng \u0110\u01b0\u1ee3c thi\u1ebft k\u1ebf \u0111\u1ec3 t\u1ea1o m\u1ed1i n\u1ed1i to\u00e0n v\u1eb9n cao v\u1edbi ph\u1edbt ch\u00ednh v\u00e0 ph\u1edbt ph\u1ee5 Th\u00f4ng s\u1ed1 k\u1ef9 thu\u1eadt ti\u00eau bi\u1ec3u: D\u00f9ng cho lo\u1ea1i l\u00ean \u0111\u1ebfn 2500 \u0110\u01b0\u1ee3c s\u1ea3n xu\u1ea5t theo ti\u00eau chu\u1ea9n ASME B16 20 C\u0169ng c\u00f3 s\u1eb5n trong nhi\u1ec1u lo\u1ea1i h\u1ee3p kim: Th\u00e9p cacbon th\u1ea5p, Duplex v\u00e0 Inconel 625[:en]Applications  Used for high pressure applications  For use in compact flanges Typical Properties  High integrity seal at high pressures  PTFE coating improves corrosion resistance and provides easy identification  Designed to create a high integrity joint with primary and secondary seals Typical Specifications:  For use up to class 2500 Manufactured to ASME B16 20 Also available in a range of alloys: Low Carbon Steel, Duplex, and Inconel 625[:ja]&nbsp; \u7528\u9014   \u00a0 \u00a0 \u00a0 \u9ad8\u5727\u30a2\u30d7\u30ea\u30b1\u30fc\u30b7\u30e7\u30f3\u306b\u4f7f\u7528  \u00a0 \u00a0 \u00a0 \u30b3\u30f3\u30d1\u30af\u30c8\u30d5\u30e9\u30f3\u30b8\u306b\u4f7f\u7528 \u7279\u5fb4   \u00a0 \u00a0 \u00a0 \u9ad8\u5727\u3067\u306e\u512a\u308c\u305f\u30b7\u30fc\u30eb\u6574\u5408\u6027  \u00a0 \u00a0 \u00a0 PTFE \u30b3\u30fc\u30c6\u30a3\u30f3\u30b0\u306b\u3088\u308a\u3001\u8010\u8150\u98df\u6027\u304c\u5411\u4e0a\u3057\u3001\u8b58\u5225\u304c\u5bb9\u6613  \u00a0 \u00a0 \u00a0 \u4e3b\u30b7\u30fc\u30eb\u3068\u526f\u30b7\u30fc\u30eb\u3068\u306e\u9ad8\u3044\u6574\u5408\u6027\u306e\u63a5\u7d9a\u3092\u8a2d\u8a08 \u4ee3\u8868\u7684\u306a\u4ed5\u69d8   \u00a0 \u00a0 \u00a0 \u6700\u5927 2500 \u30af\u30e9\u30b9\u306b\u5bfe\u5fdc  \u00a0 \u00a0 \u00a0 ASME B16 20 \u306b\u6e96\u62e0\u3057\u3066\u88fd\u9020 \u591a\u304f\u306e\u5408\u91d1\u3067\u3082\u5229\u7528\u53ef\u80fd\u3067\u3059\uff1a\u4f4e\u70ad\u7d20\u92fc\u3001\u30c7\u30e5\u30d7\u30ec\u30c3\u30af\u30b9\u3001\u30a4\u30f3\u30b3\u30cd\u30eb 625 \u00a0[:kr]\uc751\uc6a9\u00a0 \uace0\uc555 \uc751\uc6a9 \ud504\ub85c\uadf8\ub7a8\uc5d0 \uc0ac\uc6a9\ub429\ub2c8\ub2e4. \ucf64\ud329\ud2b8 \ud50c\ub79c\uc9c0\uc5d0\uc11c \uc0ac\uc6a9\ub429\ub2c8\ub2e4. \ub300\ud45c\uc801\uc778 \ud2b9\uc131  \uace0\uc555\uc5d0\uc11c \ub192\uc740 \uc644\uc804\uc131\uc758 \ubc00\ubd09  PTFE \ucf54\ud305\uc740 \ub0b4\uc2dd\uc131\uc744 \uac1c\uc120\ud558\uace0 \uc27d\uac8c \uc2dd\ubcc4\ud560 \uc218 \uc788\ub3c4\ub85d \ud569\ub2c8\ub2e4.  1\ucc28 \ubc0f 2\ucc28 \ubc00\ubd09\uc73c\ub85c \ub192\uc740 \uc644\uc804\uc131\uc758 \uc870\uc778\ud2b8\ub97c \uc0dd\uc131\ud558\ub3c4\ub85d \uc124\uacc4\ub418\uc5c8\uc2b5\ub2c8\ub2e4. \ub300\ud45c\uc801\uc778 \uc0ac\uc591:  \ud074\ub798\uc2a4 2500\uae4c\uc9c0 \uc0ac\uc6a9 \uac00\ub2a5  ASME B16.20\uc5d0 \ub530\ub77c \uc81c\uc870\ub428 \ub2e4\uc591\ud55c \ud569\uae08\uc73c\ub85c\ub3c4 \uc81c\uacf5\ub429\ub2c8\ub2e4: \uc800\ud0c4\uc18c\uac15, \ub4c0\ud50c\ub809\uc2a4, \uc778\ucf54\ub12c 625.[:]\" \/>\n<meta property=\"og:url\" content=\"https:\/\/mog.com.vn\/product\/klinger-ix-seal-ring\/\" \/>\n<meta property=\"og:site_name\" content=\"Mog.com.vn\" \/>\n<meta property=\"article:modified_time\" content=\"2025-04-12T17:11:29+00:00\" \/>\n<meta property=\"og:image\" content=\"https:\/\/mog.com.vn\/wp-content\/uploads\/2025\/04\/25.-Klinger-IX-Seal-Ring.jpg\" \/>\n\t<meta property=\"og:image:width\" content=\"800\" \/>\n\t<meta property=\"og:image:height\" content=\"800\" \/>\n\t<meta property=\"og:image:type\" content=\"image\/jpeg\" \/>\n<meta name=\"twitter:card\" content=\"summary_large_image\" \/>\n<script type=\"application\/ld+json\" class=\"yoast-schema-graph\">{\"@context\":\"https:\/\/schema.org\",\"@graph\":[{\"@type\":\"WebPage\",\"@id\":\"https:\/\/mog.com.vn\/product\/klinger-ix-seal-ring\/\",\"url\":\"https:\/\/mog.com.vn\/product\/klinger-ix-seal-ring\/\",\"name\":\"[:vi]Klinger IX Seal Ring[:en]Klinger IX Seal Ring[:ja]Klinger IX \u30ac\u30b9\u30b1\u30c3\u30c8[:kr]Klinger IX Seal Ring[:] - Mog.com.vn\",\"isPartOf\":{\"@id\":\"https:\/\/mog.com.vn\/#website\"},\"primaryImageOfPage\":{\"@id\":\"https:\/\/mog.com.vn\/product\/klinger-ix-seal-ring\/#primaryimage\"},\"image\":{\"@id\":\"https:\/\/mog.com.vn\/product\/klinger-ix-seal-ring\/#primaryimage\"},\"thumbnailUrl\":\"https:\/\/mog.com.vn\/wp-content\/uploads\/2025\/04\/25.-Klinger-IX-Seal-Ring.jpg\",\"datePublished\":\"2025-04-12T17:11:24+00:00\",\"dateModified\":\"2025-04-12T17:11:29+00:00\",\"breadcrumb\":{\"@id\":\"https:\/\/mog.com.vn\/product\/klinger-ix-seal-ring\/#breadcrumb\"},\"inLanguage\":\"vi\",\"potentialAction\":[{\"@type\":\"ReadAction\",\"target\":[\"https:\/\/mog.com.vn\/product\/klinger-ix-seal-ring\/\"]}]},{\"@type\":\"ImageObject\",\"inLanguage\":\"vi\",\"@id\":\"https:\/\/mog.com.vn\/product\/klinger-ix-seal-ring\/#primaryimage\",\"url\":\"https:\/\/mog.com.vn\/wp-content\/uploads\/2025\/04\/25.-Klinger-IX-Seal-Ring.jpg\",\"contentUrl\":\"https:\/\/mog.com.vn\/wp-content\/uploads\/2025\/04\/25.-Klinger-IX-Seal-Ring.jpg\",\"width\":800,\"height\":800},{\"@type\":\"BreadcrumbList\",\"@id\":\"https:\/\/mog.com.vn\/product\/klinger-ix-seal-ring\/#breadcrumb\",\"itemListElement\":[{\"@type\":\"ListItem\",\"position\":1,\"name\":\"Home\",\"item\":\"https:\/\/mog.com.vn\/\"},{\"@type\":\"ListItem\",\"position\":2,\"name\":\"Shop\",\"item\":\"https:\/\/mog.com.vn\/shop\/\"},{\"@type\":\"ListItem\",\"position\":3,\"name\":\"Klinger IX Seal Ring\"}]},{\"@type\":\"WebSite\",\"@id\":\"https:\/\/mog.com.vn\/#website\",\"url\":\"https:\/\/mog.com.vn\/\",\"name\":\"Mog.com.vn\",\"description\":\"FLOW Control Solutions\",\"publisher\":{\"@id\":\"https:\/\/mog.com.vn\/#organization\"},\"potentialAction\":[{\"@type\":\"SearchAction\",\"target\":{\"@type\":\"EntryPoint\",\"urlTemplate\":\"https:\/\/mog.com.vn\/?s={search_term_string}\"},\"query-input\":{\"@type\":\"PropertyValueSpecification\",\"valueRequired\":true,\"valueName\":\"search_term_string\"}}],\"inLanguage\":\"vi\"},{\"@type\":\"Organization\",\"@id\":\"https:\/\/mog.com.vn\/#organization\",\"name\":\"Mog.com.vn\",\"url\":\"https:\/\/mog.com.vn\/\",\"logo\":{\"@type\":\"ImageObject\",\"inLanguage\":\"vi\",\"@id\":\"https:\/\/mog.com.vn\/#\/schema\/logo\/image\/\",\"url\":\"https:\/\/mog.com.vn\/wp-content\/uploads\/2025\/10\/Logo-MOG.jpg\",\"contentUrl\":\"https:\/\/mog.com.vn\/wp-content\/uploads\/2025\/10\/Logo-MOG.jpg\",\"width\":755,\"height\":230,\"caption\":\"Mog.com.vn\"},\"image\":{\"@id\":\"https:\/\/mog.com.vn\/#\/schema\/logo\/image\/\"},\"description\":\"Gi\u1ea3i ph\u00e1p C\u01a1 kh\u00ed ch\u00ednh x\u00e1c & Van c\u00f4ng nghi\u1ec7p to\u00e0n di\u1ec7n cho doanh nghi\u1ec7p c\u1ee7a b\u1ea1n.\",\"email\":\"giacongcokhimog@gmail.com\",\"telephone\":\"090 311 4883\"}]}<\/script>\n<!-- \/ Yoast SEO Premium plugin. -->","yoast_head_json":{"title":"[:vi]Klinger IX Seal Ring[:en]Klinger IX Seal Ring[:ja]Klinger IX \u30ac\u30b9\u30b1\u30c3\u30c8[:kr]Klinger IX Seal Ring[:] - Mog.com.vn","robots":{"index":"index","follow":"follow","max-snippet":"max-snippet:-1","max-image-preview":"max-image-preview:large","max-video-preview":"max-video-preview:-1"},"canonical":"https:\/\/mog.com.vn\/product\/klinger-ix-seal-ring\/","og_locale":"vi_VN","og_type":"article","og_title":"[:vi]Klinger IX Seal Ring[:en]Klinger IX Seal Ring[:ja]Klinger IX \u30ac\u30b9\u30b1\u30c3\u30c8[:kr]Klinger IX Seal Ring[:]","og_description":"[:vi]\u1ee8ng d\u1ee5ng S\u1eed d\u1ee5ng cho c\u00e1c \u1ee9ng d\u1ee5ng \u00e1p su\u1ea5t cao D\u00f9ng trong m\u1eb7t b\u00edch nh\u1ecf g\u1ecdn &nbsp; \u0110\u1eb7c t\u00ednh ti\u00eau bi\u1ec3u \u0110\u1ed9 k\u00edn to\u00e0n v\u1eb9n cao \u1edf \u00e1p su\u1ea5t cao L\u1edbp ph\u1ee7 PTFE c\u1ea3i thi\u1ec7n kh\u1ea3 n\u0103ng ch\u1ed1ng \u0103n m\u00f2n v\u00e0 d\u1ec5 d\u00e0ng nh\u1eadn d\u1ea1ng \u0110\u01b0\u1ee3c thi\u1ebft k\u1ebf \u0111\u1ec3 t\u1ea1o m\u1ed1i n\u1ed1i to\u00e0n v\u1eb9n cao v\u1edbi ph\u1edbt ch\u00ednh v\u00e0 ph\u1edbt ph\u1ee5 Th\u00f4ng s\u1ed1 k\u1ef9 thu\u1eadt ti\u00eau bi\u1ec3u: D\u00f9ng cho lo\u1ea1i l\u00ean \u0111\u1ebfn 2500 \u0110\u01b0\u1ee3c s\u1ea3n xu\u1ea5t theo ti\u00eau chu\u1ea9n ASME B16 20 C\u0169ng c\u00f3 s\u1eb5n trong nhi\u1ec1u lo\u1ea1i h\u1ee3p kim: Th\u00e9p cacbon th\u1ea5p, Duplex v\u00e0 Inconel 625[:en]Applications  Used for high pressure applications  For use in compact flanges Typical Properties  High integrity seal at high pressures  PTFE coating improves corrosion resistance and provides easy identification  Designed to create a high integrity joint with primary and secondary seals Typical Specifications:  For use up to class 2500 Manufactured to ASME B16 20 Also available in a range of alloys: Low Carbon Steel, Duplex, and Inconel 625[:ja]&nbsp; \u7528\u9014   \u00a0 \u00a0 \u00a0 \u9ad8\u5727\u30a2\u30d7\u30ea\u30b1\u30fc\u30b7\u30e7\u30f3\u306b\u4f7f\u7528  \u00a0 \u00a0 \u00a0 \u30b3\u30f3\u30d1\u30af\u30c8\u30d5\u30e9\u30f3\u30b8\u306b\u4f7f\u7528 \u7279\u5fb4   \u00a0 \u00a0 \u00a0 \u9ad8\u5727\u3067\u306e\u512a\u308c\u305f\u30b7\u30fc\u30eb\u6574\u5408\u6027  \u00a0 \u00a0 \u00a0 PTFE \u30b3\u30fc\u30c6\u30a3\u30f3\u30b0\u306b\u3088\u308a\u3001\u8010\u8150\u98df\u6027\u304c\u5411\u4e0a\u3057\u3001\u8b58\u5225\u304c\u5bb9\u6613  \u00a0 \u00a0 \u00a0 \u4e3b\u30b7\u30fc\u30eb\u3068\u526f\u30b7\u30fc\u30eb\u3068\u306e\u9ad8\u3044\u6574\u5408\u6027\u306e\u63a5\u7d9a\u3092\u8a2d\u8a08 \u4ee3\u8868\u7684\u306a\u4ed5\u69d8   \u00a0 \u00a0 \u00a0 \u6700\u5927 2500 \u30af\u30e9\u30b9\u306b\u5bfe\u5fdc  \u00a0 \u00a0 \u00a0 ASME B16 20 \u306b\u6e96\u62e0\u3057\u3066\u88fd\u9020 \u591a\u304f\u306e\u5408\u91d1\u3067\u3082\u5229\u7528\u53ef\u80fd\u3067\u3059\uff1a\u4f4e\u70ad\u7d20\u92fc\u3001\u30c7\u30e5\u30d7\u30ec\u30c3\u30af\u30b9\u3001\u30a4\u30f3\u30b3\u30cd\u30eb 625 \u00a0[:kr]\uc751\uc6a9\u00a0 \uace0\uc555 \uc751\uc6a9 \ud504\ub85c\uadf8\ub7a8\uc5d0 \uc0ac\uc6a9\ub429\ub2c8\ub2e4. \ucf64\ud329\ud2b8 \ud50c\ub79c\uc9c0\uc5d0\uc11c \uc0ac\uc6a9\ub429\ub2c8\ub2e4. \ub300\ud45c\uc801\uc778 \ud2b9\uc131  \uace0\uc555\uc5d0\uc11c \ub192\uc740 \uc644\uc804\uc131\uc758 \ubc00\ubd09  PTFE \ucf54\ud305\uc740 \ub0b4\uc2dd\uc131\uc744 \uac1c\uc120\ud558\uace0 \uc27d\uac8c \uc2dd\ubcc4\ud560 \uc218 \uc788\ub3c4\ub85d \ud569\ub2c8\ub2e4.  1\ucc28 \ubc0f 2\ucc28 \ubc00\ubd09\uc73c\ub85c \ub192\uc740 \uc644\uc804\uc131\uc758 \uc870\uc778\ud2b8\ub97c \uc0dd\uc131\ud558\ub3c4\ub85d \uc124\uacc4\ub418\uc5c8\uc2b5\ub2c8\ub2e4. \ub300\ud45c\uc801\uc778 \uc0ac\uc591:  \ud074\ub798\uc2a4 2500\uae4c\uc9c0 \uc0ac\uc6a9 \uac00\ub2a5  ASME B16.20\uc5d0 \ub530\ub77c \uc81c\uc870\ub428 \ub2e4\uc591\ud55c \ud569\uae08\uc73c\ub85c\ub3c4 \uc81c\uacf5\ub429\ub2c8\ub2e4: \uc800\ud0c4\uc18c\uac15, \ub4c0\ud50c\ub809\uc2a4, \uc778\ucf54\ub12c 625.[:]","og_url":"https:\/\/mog.com.vn\/product\/klinger-ix-seal-ring\/","og_site_name":"Mog.com.vn","article_modified_time":"2025-04-12T17:11:29+00:00","og_image":[{"width":800,"height":800,"url":"https:\/\/mog.com.vn\/wp-content\/uploads\/2025\/04\/25.-Klinger-IX-Seal-Ring.jpg","type":"image\/jpeg"}],"twitter_card":"summary_large_image","schema":{"@context":"https:\/\/schema.org","@graph":[{"@type":"WebPage","@id":"https:\/\/mog.com.vn\/product\/klinger-ix-seal-ring\/","url":"https:\/\/mog.com.vn\/product\/klinger-ix-seal-ring\/","name":"[:vi]Klinger IX Seal Ring[:en]Klinger IX Seal Ring[:ja]Klinger IX \u30ac\u30b9\u30b1\u30c3\u30c8[:kr]Klinger IX Seal Ring[:] - Mog.com.vn","isPartOf":{"@id":"https:\/\/mog.com.vn\/#website"},"primaryImageOfPage":{"@id":"https:\/\/mog.com.vn\/product\/klinger-ix-seal-ring\/#primaryimage"},"image":{"@id":"https:\/\/mog.com.vn\/product\/klinger-ix-seal-ring\/#primaryimage"},"thumbnailUrl":"https:\/\/mog.com.vn\/wp-content\/uploads\/2025\/04\/25.-Klinger-IX-Seal-Ring.jpg","datePublished":"2025-04-12T17:11:24+00:00","dateModified":"2025-04-12T17:11:29+00:00","breadcrumb":{"@id":"https:\/\/mog.com.vn\/product\/klinger-ix-seal-ring\/#breadcrumb"},"inLanguage":"vi","potentialAction":[{"@type":"ReadAction","target":["https:\/\/mog.com.vn\/product\/klinger-ix-seal-ring\/"]}]},{"@type":"ImageObject","inLanguage":"vi","@id":"https:\/\/mog.com.vn\/product\/klinger-ix-seal-ring\/#primaryimage","url":"https:\/\/mog.com.vn\/wp-content\/uploads\/2025\/04\/25.-Klinger-IX-Seal-Ring.jpg","contentUrl":"https:\/\/mog.com.vn\/wp-content\/uploads\/2025\/04\/25.-Klinger-IX-Seal-Ring.jpg","width":800,"height":800},{"@type":"BreadcrumbList","@id":"https:\/\/mog.com.vn\/product\/klinger-ix-seal-ring\/#breadcrumb","itemListElement":[{"@type":"ListItem","position":1,"name":"Home","item":"https:\/\/mog.com.vn\/"},{"@type":"ListItem","position":2,"name":"Shop","item":"https:\/\/mog.com.vn\/shop\/"},{"@type":"ListItem","position":3,"name":"Klinger IX Seal Ring"}]},{"@type":"WebSite","@id":"https:\/\/mog.com.vn\/#website","url":"https:\/\/mog.com.vn\/","name":"Mog.com.vn","description":"FLOW Control Solutions","publisher":{"@id":"https:\/\/mog.com.vn\/#organization"},"potentialAction":[{"@type":"SearchAction","target":{"@type":"EntryPoint","urlTemplate":"https:\/\/mog.com.vn\/?s={search_term_string}"},"query-input":{"@type":"PropertyValueSpecification","valueRequired":true,"valueName":"search_term_string"}}],"inLanguage":"vi"},{"@type":"Organization","@id":"https:\/\/mog.com.vn\/#organization","name":"Mog.com.vn","url":"https:\/\/mog.com.vn\/","logo":{"@type":"ImageObject","inLanguage":"vi","@id":"https:\/\/mog.com.vn\/#\/schema\/logo\/image\/","url":"https:\/\/mog.com.vn\/wp-content\/uploads\/2025\/10\/Logo-MOG.jpg","contentUrl":"https:\/\/mog.com.vn\/wp-content\/uploads\/2025\/10\/Logo-MOG.jpg","width":755,"height":230,"caption":"Mog.com.vn"},"image":{"@id":"https:\/\/mog.com.vn\/#\/schema\/logo\/image\/"},"description":"Gi\u1ea3i ph\u00e1p C\u01a1 kh\u00ed ch\u00ednh x\u00e1c & Van c\u00f4ng nghi\u1ec7p to\u00e0n di\u1ec7n cho doanh nghi\u1ec7p c\u1ee7a b\u1ea1n.","email":"giacongcokhimog@gmail.com","telephone":"090 311 4883"}]}},"_links":{"self":[{"href":"https:\/\/mog.com.vn\/vi\/wp-json\/wp\/v2\/product\/588","targetHints":{"allow":["GET"]}}],"collection":[{"href":"https:\/\/mog.com.vn\/vi\/wp-json\/wp\/v2\/product"}],"about":[{"href":"https:\/\/mog.com.vn\/vi\/wp-json\/wp\/v2\/types\/product"}],"replies":[{"embeddable":true,"href":"https:\/\/mog.com.vn\/vi\/wp-json\/wp\/v2\/comments?post=588"}],"wp:featuredmedia":[{"embeddable":true,"href":"https:\/\/mog.com.vn\/vi\/wp-json\/wp\/v2\/media\/589"}],"wp:attachment":[{"href":"https:\/\/mog.com.vn\/vi\/wp-json\/wp\/v2\/media?parent=588"}],"wp:term":[{"taxonomy":"product_brand","embeddable":true,"href":"https:\/\/mog.com.vn\/vi\/wp-json\/wp\/v2\/product_brand?post=588"},{"taxonomy":"product_cat","embeddable":true,"href":"https:\/\/mog.com.vn\/vi\/wp-json\/wp\/v2\/product_cat?post=588"},{"taxonomy":"product_tag","embeddable":true,"href":"https:\/\/mog.com.vn\/vi\/wp-json\/wp\/v2\/product_tag?post=588"}],"curies":[{"name":"wp","href":"https:\/\/api.w.org\/{rel}","templated":true}]}}