{"id":590,"date":"2025-04-12T17:11:24","date_gmt":"2025-04-12T17:11:24","guid":{"rendered":"https:\/\/mog.com.vn\/renew\/product\/style-bx\/"},"modified":"2025-04-12T17:11:30","modified_gmt":"2025-04-12T17:11:30","slug":"style-bx","status":"publish","type":"product","link":"https:\/\/mog.com.vn\/vi\/product\/style-bx\/","title":{"rendered":"Style BX"},"content":{"rendered":"","protected":false},"excerpt":{"rendered":"<p><strong>\u1ee8ng d\u1ee5ng<\/strong><\/p>\n<p>&nbsp;<\/p>\n<p>Kh\u1edbp n\u1ed1i v\u00f2ng lo\u1ea1i Style BX \u0111\u01b0\u1ee3c s\u1ea3n xu\u1ea5t theo API 6A \u0111\u1ec3 s\u1eed d\u1ee5ng trong \u0111i\u1ec1u ki\u1ec7n \u00e1p su\u1ea5t cao.<\/p>\n<p>Kh\u1edbp n\u1ed1i v\u00f2ng lo\u1ea1i Style BX k\u1ebft h\u1ee3p m\u1ed9t l\u1ed7 d\u1eabn \u00e1p su\u1ea5t \u0111\u1ec3 c\u00e2n b\u1eb1ng \u00e1p su\u1ea5t \u1edf m\u1ed7i b\u00ean c\u1ee7a m\u1eb7t b\u1ecbt k\u00edn.<\/p>\n<p>Ki\u1ec3u BX kh\u00f4ng th\u1ec3 ho\u00e1n \u0111\u1ed5i v\u1edbi b\u1ea5t k\u1ef3 ki\u1ec3u n\u00e0o kh\u00e1c v\u00e0 ch\u1ec9 ph\u00f9 h\u1ee3p v\u1edbi m\u1eb7t b\u00edch API 6BX.<\/p>\n<p>C\u0169ng c\u00f3 s\u1eb5n \u1edf Ki\u1ec3u SBX.<\/p>\n","protected":false},"featured_media":591,"comment_status":"closed","ping_status":"open","template":"","meta":[],"product_brand":[],"product_cat":[109],"product_tag":[],"class_list":{"0":"post-590","1":"product","2":"type-product","3":"status-publish","4":"has-post-thumbnail","6":"product_cat-klingerring-type-joints","8":"first","9":"instock","10":"product-type-simple"},"yoast_head":"<!-- This site is optimized with the Yoast SEO Premium plugin v25.9 (Yoast SEO v25.9) - https:\/\/yoast.com\/wordpress\/plugins\/seo\/ -->\n<title>Style BX - Mog.com.vn<\/title>\n<meta name=\"robots\" content=\"index, follow, max-snippet:-1, max-image-preview:large, max-video-preview:-1\" \/>\n<link rel=\"canonical\" href=\"https:\/\/mog.com.vn\/vi\/product\/style-bx\/\" \/>\n<meta property=\"og:locale\" content=\"vi_VN\" \/>\n<meta property=\"og:type\" content=\"article\" \/>\n<meta property=\"og:title\" content=\"[:vi]Style BX[:en]Style BX[:ja]\u30bf\u30a4\u30d7 BX[:kr]\uc2a4\ud0c0\uc77c BX[:]\" \/>\n<meta property=\"og:description\" content=\"[:vi]\u1ee8ng d\u1ee5ng &nbsp; Kh\u1edbp n\u1ed1i v\u00f2ng lo\u1ea1i Style BX \u0111\u01b0\u1ee3c s\u1ea3n xu\u1ea5t theo API 6A \u0111\u1ec3 s\u1eed d\u1ee5ng trong \u0111i\u1ec1u ki\u1ec7n \u00e1p su\u1ea5t cao. Kh\u1edbp n\u1ed1i v\u00f2ng lo\u1ea1i Style BX k\u1ebft h\u1ee3p m\u1ed9t l\u1ed7 d\u1eabn \u00e1p su\u1ea5t \u0111\u1ec3 c\u00e2n b\u1eb1ng \u00e1p su\u1ea5t \u1edf m\u1ed7i b\u00ean c\u1ee7a m\u1eb7t b\u1ecbt k\u00edn. Ki\u1ec3u BX kh\u00f4ng th\u1ec3 ho\u00e1n \u0111\u1ed5i v\u1edbi b\u1ea5t k\u1ef3 ki\u1ec3u n\u00e0o kh\u00e1c v\u00e0 ch\u1ec9 ph\u00f9 h\u1ee3p v\u1edbi m\u1eb7t b\u00edch API 6BX. C\u0169ng c\u00f3 s\u1eb5n \u1edf Ki\u1ec3u SBX.[:en]Applications  The Style BX energised ring type joint is manufactured in accordance of API 6A for use in high pressures.  Style BX ring type joints incorporate a pressure passage hole to allow for pressure equalization each side of the sealing faces.  Style BX is not interchangeable with any other style, and is only suited for API 6BX flanges. Also available in Style SBX.[:ja]&nbsp; \u7528\u9014 \u30bf\u30a4\u30d7 BX \u306e\u30ea\u30f3\u30b0\u30b8\u30e7\u30a4\u30f3\u30c8\u306f\u3001\u9ad8\u5727\u6761\u4ef6\u3067\u306e\u4f7f\u7528\u306e\u305f\u3081\u306b API 6A \u898f\u683c\u306b\u57fa\u3065\u3044\u3066\u88fd\u9020\u3055\u308c\u3066\u3044\u307e\u3059\u3002 \u30bf\u30a4\u30d7 BX \u306e\u30ea\u30f3\u30b0\u30b8\u30e7\u30a4\u30f3\u30c8\u306f\u3001\u30b7\u30fc\u30eb\u9762\u306e\u4e21\u5074\u3067\u5727\u529b\u3092\u5747\u7b49\u306b\u3059\u308b\u305f\u3081\u306e\u5727\u529b\u30d0\u30e9\u30f3\u30b9\u30db\u30fc\u30eb\u3092\u5099\u3048\u3066\u3044\u307e\u3059\u3002 \u30bf\u30a4\u30d7 BX \u306f\u4ed6\u306e\u3069\u306e\u30bf\u30a4\u30d7\u3068\u3082\u4e92\u63db\u6027\u304c\u306a\u304f\u3001API 6BX \u30d5\u30e9\u30f3\u30b8\u306b\u306e\u307f\u9069\u3057\u3066\u3044\u307e\u3059\u3002 \u30bf\u30a4\u30d7 SBX \u3067\u3082\u5229\u7528\u53ef\u80fd\u3067\u3059\u3002[:kr]\uc751\uc6a9 Style BX \uc5d0\ub108\uc790\uc774\uc988 \ub9c1 \ud0c0\uc785 \uc870\uc778\ud2b8\ub294 \uace0\uc555\uc5d0\uc11c \uc0ac\uc6a9\ud558\uae30 \uc704\ud574 API 6A\uc5d0 \ub530\ub77c \uc81c\uc870\ub429\ub2c8\ub2e4. Style BX \ub9c1 \ud0c0\uc785 \uc870\uc778\ud2b8\ub294 \ubc00\ubd09\uba74 \uc591\ucabd\uc758 \uc555\ub825 \ud3c9\ud615\uc744 \uc704\ud574 \uc555\ub825 \ud1b5\uacfc \ud640\uc774 \ud3ec\ud568\ub418\uc5b4 \uc788\uc2b5\ub2c8\ub2e4. Style BX\ub294 \ub2e4\ub978 \uc2a4\ud0c0\uc77c\uacfc \ud638\ud658\ub418\uc9c0 \uc54a\uc73c\uba70, API 6BX \ud50c\ub79c\uc9c0\uc5d0\ub9cc \uc801\ud569\ud569\ub2c8\ub2e4. Style SBX \ubc84\uc804\ub3c4 \uc0ac\uc6a9 \uac00\ub2a5\ud569\ub2c8\ub2e4. &nbsp;[:]\" \/>\n<meta property=\"og:url\" content=\"https:\/\/mog.com.vn\/vi\/product\/style-bx\/\" \/>\n<meta property=\"og:site_name\" content=\"Mog.com.vn\" \/>\n<meta property=\"article:modified_time\" content=\"2025-04-12T17:11:30+00:00\" \/>\n<meta property=\"og:image\" content=\"https:\/\/mog.com.vn\/wp-content\/uploads\/2025\/04\/24.-Style-BX.jpg\" \/>\n\t<meta property=\"og:image:width\" content=\"800\" \/>\n\t<meta property=\"og:image:height\" content=\"800\" \/>\n\t<meta property=\"og:image:type\" content=\"image\/jpeg\" \/>\n<meta name=\"twitter:card\" content=\"summary_large_image\" \/>\n<script type=\"application\/ld+json\" class=\"yoast-schema-graph\">{\"@context\":\"https:\/\/schema.org\",\"@graph\":[{\"@type\":\"WebPage\",\"@id\":\"https:\/\/mog.com.vn\/vi\/product\/style-bx\/\",\"url\":\"https:\/\/mog.com.vn\/vi\/product\/style-bx\/\",\"name\":\"[:vi]Style BX[:en]Style BX[:ja]\u30bf\u30a4\u30d7 BX[:kr]\uc2a4\ud0c0\uc77c BX[:] - Mog.com.vn\",\"isPartOf\":{\"@id\":\"https:\/\/mog.com.vn\/#website\"},\"primaryImageOfPage\":{\"@id\":\"https:\/\/mog.com.vn\/vi\/product\/style-bx\/#primaryimage\"},\"image\":{\"@id\":\"https:\/\/mog.com.vn\/vi\/product\/style-bx\/#primaryimage\"},\"thumbnailUrl\":\"https:\/\/mog.com.vn\/wp-content\/uploads\/2025\/04\/24.-Style-BX.jpg\",\"datePublished\":\"2025-04-12T17:11:24+00:00\",\"dateModified\":\"2025-04-12T17:11:30+00:00\",\"breadcrumb\":{\"@id\":\"https:\/\/mog.com.vn\/vi\/product\/style-bx\/#breadcrumb\"},\"inLanguage\":\"vi\",\"potentialAction\":[{\"@type\":\"ReadAction\",\"target\":[\"https:\/\/mog.com.vn\/vi\/product\/style-bx\/\"]}]},{\"@type\":\"ImageObject\",\"inLanguage\":\"vi\",\"@id\":\"https:\/\/mog.com.vn\/vi\/product\/style-bx\/#primaryimage\",\"url\":\"https:\/\/mog.com.vn\/wp-content\/uploads\/2025\/04\/24.-Style-BX.jpg\",\"contentUrl\":\"https:\/\/mog.com.vn\/wp-content\/uploads\/2025\/04\/24.-Style-BX.jpg\",\"width\":800,\"height\":800},{\"@type\":\"BreadcrumbList\",\"@id\":\"https:\/\/mog.com.vn\/vi\/product\/style-bx\/#breadcrumb\",\"itemListElement\":[{\"@type\":\"ListItem\",\"position\":1,\"name\":\"Home\",\"item\":\"https:\/\/mog.com.vn\/\"},{\"@type\":\"ListItem\",\"position\":2,\"name\":\"Shop\",\"item\":\"https:\/\/mog.com.vn\/shop\/\"},{\"@type\":\"ListItem\",\"position\":3,\"name\":\"Style BX\"}]},{\"@type\":\"WebSite\",\"@id\":\"https:\/\/mog.com.vn\/#website\",\"url\":\"https:\/\/mog.com.vn\/\",\"name\":\"Mog.com.vn\",\"description\":\"FLOW Control Solutions\",\"publisher\":{\"@id\":\"https:\/\/mog.com.vn\/#organization\"},\"potentialAction\":[{\"@type\":\"SearchAction\",\"target\":{\"@type\":\"EntryPoint\",\"urlTemplate\":\"https:\/\/mog.com.vn\/?s={search_term_string}\"},\"query-input\":{\"@type\":\"PropertyValueSpecification\",\"valueRequired\":true,\"valueName\":\"search_term_string\"}}],\"inLanguage\":\"vi\"},{\"@type\":\"Organization\",\"@id\":\"https:\/\/mog.com.vn\/#organization\",\"name\":\"Mog.com.vn\",\"url\":\"https:\/\/mog.com.vn\/\",\"logo\":{\"@type\":\"ImageObject\",\"inLanguage\":\"vi\",\"@id\":\"https:\/\/mog.com.vn\/#\/schema\/logo\/image\/\",\"url\":\"https:\/\/mog.com.vn\/wp-content\/uploads\/2025\/10\/Logo-MOG.jpg\",\"contentUrl\":\"https:\/\/mog.com.vn\/wp-content\/uploads\/2025\/10\/Logo-MOG.jpg\",\"width\":755,\"height\":230,\"caption\":\"Mog.com.vn\"},\"image\":{\"@id\":\"https:\/\/mog.com.vn\/#\/schema\/logo\/image\/\"},\"description\":\"Gi\u1ea3i ph\u00e1p C\u01a1 kh\u00ed ch\u00ednh x\u00e1c & Van c\u00f4ng nghi\u1ec7p to\u00e0n di\u1ec7n cho doanh nghi\u1ec7p c\u1ee7a b\u1ea1n.\",\"email\":\"giacongcokhimog@gmail.com\",\"telephone\":\"090 311 4883\"}]}<\/script>\n<!-- \/ Yoast SEO Premium plugin. -->","yoast_head_json":{"title":"[:vi]Style BX[:en]Style BX[:ja]\u30bf\u30a4\u30d7 BX[:kr]\uc2a4\ud0c0\uc77c BX[:] - Mog.com.vn","robots":{"index":"index","follow":"follow","max-snippet":"max-snippet:-1","max-image-preview":"max-image-preview:large","max-video-preview":"max-video-preview:-1"},"canonical":"https:\/\/mog.com.vn\/vi\/product\/style-bx\/","og_locale":"vi_VN","og_type":"article","og_title":"[:vi]Style BX[:en]Style BX[:ja]\u30bf\u30a4\u30d7 BX[:kr]\uc2a4\ud0c0\uc77c BX[:]","og_description":"[:vi]\u1ee8ng d\u1ee5ng &nbsp; Kh\u1edbp n\u1ed1i v\u00f2ng lo\u1ea1i Style BX \u0111\u01b0\u1ee3c s\u1ea3n xu\u1ea5t theo API 6A \u0111\u1ec3 s\u1eed d\u1ee5ng trong \u0111i\u1ec1u ki\u1ec7n \u00e1p su\u1ea5t cao. Kh\u1edbp n\u1ed1i v\u00f2ng lo\u1ea1i Style BX k\u1ebft h\u1ee3p m\u1ed9t l\u1ed7 d\u1eabn \u00e1p su\u1ea5t \u0111\u1ec3 c\u00e2n b\u1eb1ng \u00e1p su\u1ea5t \u1edf m\u1ed7i b\u00ean c\u1ee7a m\u1eb7t b\u1ecbt k\u00edn. Ki\u1ec3u BX kh\u00f4ng th\u1ec3 ho\u00e1n \u0111\u1ed5i v\u1edbi b\u1ea5t k\u1ef3 ki\u1ec3u n\u00e0o kh\u00e1c v\u00e0 ch\u1ec9 ph\u00f9 h\u1ee3p v\u1edbi m\u1eb7t b\u00edch API 6BX. C\u0169ng c\u00f3 s\u1eb5n \u1edf Ki\u1ec3u SBX.[:en]Applications  The Style BX energised ring type joint is manufactured in accordance of API 6A for use in high pressures.  Style BX ring type joints incorporate a pressure passage hole to allow for pressure equalization each side of the sealing faces.  Style BX is not interchangeable with any other style, and is only suited for API 6BX flanges. Also available in Style SBX.[:ja]&nbsp; \u7528\u9014 \u30bf\u30a4\u30d7 BX \u306e\u30ea\u30f3\u30b0\u30b8\u30e7\u30a4\u30f3\u30c8\u306f\u3001\u9ad8\u5727\u6761\u4ef6\u3067\u306e\u4f7f\u7528\u306e\u305f\u3081\u306b API 6A \u898f\u683c\u306b\u57fa\u3065\u3044\u3066\u88fd\u9020\u3055\u308c\u3066\u3044\u307e\u3059\u3002 \u30bf\u30a4\u30d7 BX \u306e\u30ea\u30f3\u30b0\u30b8\u30e7\u30a4\u30f3\u30c8\u306f\u3001\u30b7\u30fc\u30eb\u9762\u306e\u4e21\u5074\u3067\u5727\u529b\u3092\u5747\u7b49\u306b\u3059\u308b\u305f\u3081\u306e\u5727\u529b\u30d0\u30e9\u30f3\u30b9\u30db\u30fc\u30eb\u3092\u5099\u3048\u3066\u3044\u307e\u3059\u3002 \u30bf\u30a4\u30d7 BX \u306f\u4ed6\u306e\u3069\u306e\u30bf\u30a4\u30d7\u3068\u3082\u4e92\u63db\u6027\u304c\u306a\u304f\u3001API 6BX \u30d5\u30e9\u30f3\u30b8\u306b\u306e\u307f\u9069\u3057\u3066\u3044\u307e\u3059\u3002 \u30bf\u30a4\u30d7 SBX \u3067\u3082\u5229\u7528\u53ef\u80fd\u3067\u3059\u3002[:kr]\uc751\uc6a9 Style BX \uc5d0\ub108\uc790\uc774\uc988 \ub9c1 \ud0c0\uc785 \uc870\uc778\ud2b8\ub294 \uace0\uc555\uc5d0\uc11c \uc0ac\uc6a9\ud558\uae30 \uc704\ud574 API 6A\uc5d0 \ub530\ub77c \uc81c\uc870\ub429\ub2c8\ub2e4. Style BX \ub9c1 \ud0c0\uc785 \uc870\uc778\ud2b8\ub294 \ubc00\ubd09\uba74 \uc591\ucabd\uc758 \uc555\ub825 \ud3c9\ud615\uc744 \uc704\ud574 \uc555\ub825 \ud1b5\uacfc \ud640\uc774 \ud3ec\ud568\ub418\uc5b4 \uc788\uc2b5\ub2c8\ub2e4. Style BX\ub294 \ub2e4\ub978 \uc2a4\ud0c0\uc77c\uacfc \ud638\ud658\ub418\uc9c0 \uc54a\uc73c\uba70, API 6BX \ud50c\ub79c\uc9c0\uc5d0\ub9cc \uc801\ud569\ud569\ub2c8\ub2e4. Style SBX \ubc84\uc804\ub3c4 \uc0ac\uc6a9 \uac00\ub2a5\ud569\ub2c8\ub2e4. &nbsp;[:]","og_url":"https:\/\/mog.com.vn\/vi\/product\/style-bx\/","og_site_name":"Mog.com.vn","article_modified_time":"2025-04-12T17:11:30+00:00","og_image":[{"width":800,"height":800,"url":"https:\/\/mog.com.vn\/wp-content\/uploads\/2025\/04\/24.-Style-BX.jpg","type":"image\/jpeg"}],"twitter_card":"summary_large_image","schema":{"@context":"https:\/\/schema.org","@graph":[{"@type":"WebPage","@id":"https:\/\/mog.com.vn\/vi\/product\/style-bx\/","url":"https:\/\/mog.com.vn\/vi\/product\/style-bx\/","name":"[:vi]Style BX[:en]Style BX[:ja]\u30bf\u30a4\u30d7 BX[:kr]\uc2a4\ud0c0\uc77c BX[:] - Mog.com.vn","isPartOf":{"@id":"https:\/\/mog.com.vn\/#website"},"primaryImageOfPage":{"@id":"https:\/\/mog.com.vn\/vi\/product\/style-bx\/#primaryimage"},"image":{"@id":"https:\/\/mog.com.vn\/vi\/product\/style-bx\/#primaryimage"},"thumbnailUrl":"https:\/\/mog.com.vn\/wp-content\/uploads\/2025\/04\/24.-Style-BX.jpg","datePublished":"2025-04-12T17:11:24+00:00","dateModified":"2025-04-12T17:11:30+00:00","breadcrumb":{"@id":"https:\/\/mog.com.vn\/vi\/product\/style-bx\/#breadcrumb"},"inLanguage":"vi","potentialAction":[{"@type":"ReadAction","target":["https:\/\/mog.com.vn\/vi\/product\/style-bx\/"]}]},{"@type":"ImageObject","inLanguage":"vi","@id":"https:\/\/mog.com.vn\/vi\/product\/style-bx\/#primaryimage","url":"https:\/\/mog.com.vn\/wp-content\/uploads\/2025\/04\/24.-Style-BX.jpg","contentUrl":"https:\/\/mog.com.vn\/wp-content\/uploads\/2025\/04\/24.-Style-BX.jpg","width":800,"height":800},{"@type":"BreadcrumbList","@id":"https:\/\/mog.com.vn\/vi\/product\/style-bx\/#breadcrumb","itemListElement":[{"@type":"ListItem","position":1,"name":"Home","item":"https:\/\/mog.com.vn\/"},{"@type":"ListItem","position":2,"name":"Shop","item":"https:\/\/mog.com.vn\/shop\/"},{"@type":"ListItem","position":3,"name":"Style BX"}]},{"@type":"WebSite","@id":"https:\/\/mog.com.vn\/#website","url":"https:\/\/mog.com.vn\/","name":"Mog.com.vn","description":"FLOW Control Solutions","publisher":{"@id":"https:\/\/mog.com.vn\/#organization"},"potentialAction":[{"@type":"SearchAction","target":{"@type":"EntryPoint","urlTemplate":"https:\/\/mog.com.vn\/?s={search_term_string}"},"query-input":{"@type":"PropertyValueSpecification","valueRequired":true,"valueName":"search_term_string"}}],"inLanguage":"vi"},{"@type":"Organization","@id":"https:\/\/mog.com.vn\/#organization","name":"Mog.com.vn","url":"https:\/\/mog.com.vn\/","logo":{"@type":"ImageObject","inLanguage":"vi","@id":"https:\/\/mog.com.vn\/#\/schema\/logo\/image\/","url":"https:\/\/mog.com.vn\/wp-content\/uploads\/2025\/10\/Logo-MOG.jpg","contentUrl":"https:\/\/mog.com.vn\/wp-content\/uploads\/2025\/10\/Logo-MOG.jpg","width":755,"height":230,"caption":"Mog.com.vn"},"image":{"@id":"https:\/\/mog.com.vn\/#\/schema\/logo\/image\/"},"description":"Gi\u1ea3i ph\u00e1p C\u01a1 kh\u00ed ch\u00ednh x\u00e1c & Van c\u00f4ng nghi\u1ec7p to\u00e0n di\u1ec7n cho doanh nghi\u1ec7p c\u1ee7a b\u1ea1n.","email":"giacongcokhimog@gmail.com","telephone":"090 311 4883"}]}},"_links":{"self":[{"href":"https:\/\/mog.com.vn\/vi\/wp-json\/wp\/v2\/product\/590","targetHints":{"allow":["GET"]}}],"collection":[{"href":"https:\/\/mog.com.vn\/vi\/wp-json\/wp\/v2\/product"}],"about":[{"href":"https:\/\/mog.com.vn\/vi\/wp-json\/wp\/v2\/types\/product"}],"replies":[{"embeddable":true,"href":"https:\/\/mog.com.vn\/vi\/wp-json\/wp\/v2\/comments?post=590"}],"wp:featuredmedia":[{"embeddable":true,"href":"https:\/\/mog.com.vn\/vi\/wp-json\/wp\/v2\/media\/591"}],"wp:attachment":[{"href":"https:\/\/mog.com.vn\/vi\/wp-json\/wp\/v2\/media?parent=590"}],"wp:term":[{"taxonomy":"product_brand","embeddable":true,"href":"https:\/\/mog.com.vn\/vi\/wp-json\/wp\/v2\/product_brand?post=590"},{"taxonomy":"product_cat","embeddable":true,"href":"https:\/\/mog.com.vn\/vi\/wp-json\/wp\/v2\/product_cat?post=590"},{"taxonomy":"product_tag","embeddable":true,"href":"https:\/\/mog.com.vn\/vi\/wp-json\/wp\/v2\/product_tag?post=590"}],"curies":[{"name":"wp","href":"https:\/\/api.w.org\/{rel}","templated":true}]}}