{"id":592,"date":"2025-04-12T17:11:24","date_gmt":"2025-04-12T17:11:24","guid":{"rendered":"https:\/\/mog.com.vn\/renew\/product\/style-r-octagonal\/"},"modified":"2025-04-12T17:11:30","modified_gmt":"2025-04-12T17:11:30","slug":"style-r-octagonal","status":"publish","type":"product","link":"https:\/\/mog.com.vn\/vi\/product\/style-r-octagonal\/","title":{"rendered":"Style R Octagonal"},"content":{"rendered":"","protected":false},"excerpt":{"rendered":"<p><strong>\u1ee8ng d\u1ee5ng<\/strong><\/p>\n<p>\u0110\u01b0\u1ee3c s\u1eed d\u1ee5ng cho c\u00e1c \u1ee9ng d\u1ee5ng \u00e1p su\u1ea5t cao<\/p>\n<p><strong>\u0110\u1eb7c t\u00ednh \u0111i\u1ec3n h\u00ecnh<\/strong><\/p>\n<p>\u0110\u1ed9 k\u00edn to\u00e0n v\u1eb9n cao \u1edf \u00e1p su\u1ea5t cao<\/p>\n<p>M\u1eb7t c\u1eaft b\u00e1t gi\u00e1c c\u00f3 hi\u1ec7u qu\u1ea3 b\u1ecbt k\u00edn cao h\u01a1n h\u00ecnh b\u1ea7u d\u1ee5c v\u00e0 s\u1ebd l\u00e0 mi\u1ebfng \u0111\u1ec7m \u0111\u01b0\u1ee3c \u01b0a chu\u1ed9ng<\/p>\n<p>Th\u00edch h\u1ee3p cho m\u1eb7t b\u00edch r\u00e3nh \u0111\u00e1y ph\u1eb3ng<\/p>\n<p>C\u00f3 s\u1eb5n trong s\u1ed1 v\u00f2ng R11 \u0111\u1ebfn R105<\/p>\n","protected":false},"featured_media":593,"comment_status":"closed","ping_status":"open","template":"","meta":[],"product_brand":[],"product_cat":[109],"product_tag":[],"class_list":{"0":"post-592","1":"product","2":"type-product","3":"status-publish","4":"has-post-thumbnail","6":"product_cat-klingerring-type-joints","8":"first","9":"instock","10":"product-type-simple"},"yoast_head":"<!-- This site is optimized with the Yoast SEO Premium plugin v25.9 (Yoast SEO v25.9) - https:\/\/yoast.com\/wordpress\/plugins\/seo\/ -->\n<title>Style R Octagonal - Mog.com.vn<\/title>\n<meta name=\"robots\" content=\"index, follow, max-snippet:-1, max-image-preview:large, max-video-preview:-1\" \/>\n<link rel=\"canonical\" href=\"https:\/\/mog.com.vn\/product\/style-r-octagonal\/\" \/>\n<meta property=\"og:locale\" content=\"vi_VN\" \/>\n<meta property=\"og:type\" content=\"article\" \/>\n<meta property=\"og:title\" content=\"[:vi]Style R Octagonal[:en]Style R Octagonal[:ja]\u30bf\u30a4\u30d7 R \u516b\u89d2\u5f62[:kr]\uc2a4\ud0c0\uc77c R Octagonal[:]\" \/>\n<meta property=\"og:description\" content=\"[:vi]\u1ee8ng d\u1ee5ng \u0110\u01b0\u1ee3c s\u1eed d\u1ee5ng cho c\u00e1c \u1ee9ng d\u1ee5ng \u00e1p su\u1ea5t cao \u0110\u1eb7c t\u00ednh \u0111i\u1ec3n h\u00ecnh \u0110\u1ed9 k\u00edn to\u00e0n v\u1eb9n cao \u1edf \u00e1p su\u1ea5t cao M\u1eb7t c\u1eaft b\u00e1t gi\u00e1c c\u00f3 hi\u1ec7u qu\u1ea3 b\u1ecbt k\u00edn cao h\u01a1n h\u00ecnh b\u1ea7u d\u1ee5c v\u00e0 s\u1ebd l\u00e0 mi\u1ebfng \u0111\u1ec7m \u0111\u01b0\u1ee3c \u01b0a chu\u1ed9ng Th\u00edch h\u1ee3p cho m\u1eb7t b\u00edch r\u00e3nh \u0111\u00e1y ph\u1eb3ng C\u00f3 s\u1eb5n trong s\u1ed1 v\u00f2ng R11 \u0111\u1ebfn R105[:en]Applications  Used for high pressure applications Typical Properties  High integrity seal at high pressures  The octagonal cross section has a higher sealing efficiency than the oval and would be the preferred gasket  Suitable for flat bottom groove flanges  Available in Ring numbers R11 to R105 [:ja]\u30bf\u30a4\u30d7 R \u516b\u89d2\u5f62 \u7528\u9014 \u9ad8\u5727\u7528\u9014\u306b\u4f7f\u7528\u3055\u308c\u307e\u3059\u3002 \u7279\u5fb4   \u00a0 \u00a0 \u00a0 \u9ad8\u5727\u3067\u306e\u512a\u308c\u305f\u30b7\u30fc\u30eb\u6574\u5408\u6027  \u00a0 \u00a0 \u00a0 \u516b\u89d2\u5f62\u306e\u65ad\u9762\u306f\u6955\u5186\u5f62\u3088\u308a\u3082\u9ad8\u3044\u30b7\u30fc\u30eb\u52b9\u679c\u3092\u6301\u3061\u3001\u597d\u307e\u308c\u308b\u30ac\u30b9\u30b1\u30c3\u30c8\u5f62\u72b6\u3067\u3059\u3002  \u00a0 \u00a0 \u00a0 \u5e73\u5e95\u306e\u6e9d\u30d5\u30e9\u30f3\u30b8\u306b\u9069\u3057\u3066\u3044\u307e\u3059\u3002  \u00a0 \u00a0 \u00a0 R11 \u304b\u3089 R105 \u307e\u3067\u306e\u30ea\u30f3\u30b0\u304c\u5229\u7528\u53ef\u80fd\u3067\u3059\u3002 [:kr]\uc751\uc6a9 \uace0\uc555 \uc751\uc6a9 \ud504\ub85c\uadf8\ub7a8\uc5d0 \uc0ac\uc6a9\ub429\ub2c8\ub2e4. \uc77c\ubc18\uc801\uc778 \ud2b9\uc131  \uace0\uc555\uc5d0\uc11c \ub192\uc740 \uc644\uc804\uc131\uc758 \ubc00\ubd09  \ud314\uac01\ud615 \ub2e8\uba74\uc740 \ud0c0\uc6d0\ud615\ubcf4\ub2e4 \ubc00\ubd09 \ud6a8\uc728\uc774 \ub192\uc544 \uc120\ud638\ub418\ub294 \uac00\uc2a4\ucf13\uc785\ub2c8\ub2e4.  \ud3c9\uba74 \ubc14\ub2e5 \uadf8\ub8e8\ube0c \ud50c\ub79c\uc9c0\uc5d0 \uc801\ud569\ud569\ub2c8\ub2e4.  R11\uc5d0\uc11c R105\uae4c\uc9c0\uc758 \ub9c1 \ubc88\ud638\ub85c \uc81c\uacf5\ub429\ub2c8\ub2e4. [:]\" \/>\n<meta property=\"og:url\" content=\"https:\/\/mog.com.vn\/product\/style-r-octagonal\/\" \/>\n<meta property=\"og:site_name\" content=\"Mog.com.vn\" \/>\n<meta property=\"article:modified_time\" content=\"2025-04-12T17:11:30+00:00\" \/>\n<meta property=\"og:image\" content=\"https:\/\/mog.com.vn\/wp-content\/uploads\/2025\/04\/23.-Style-R-Octagonal.jpg\" \/>\n\t<meta property=\"og:image:width\" content=\"800\" \/>\n\t<meta property=\"og:image:height\" content=\"800\" \/>\n\t<meta property=\"og:image:type\" content=\"image\/jpeg\" \/>\n<meta name=\"twitter:card\" content=\"summary_large_image\" \/>\n<script type=\"application\/ld+json\" class=\"yoast-schema-graph\">{\"@context\":\"https:\/\/schema.org\",\"@graph\":[{\"@type\":\"WebPage\",\"@id\":\"https:\/\/mog.com.vn\/product\/style-r-octagonal\/\",\"url\":\"https:\/\/mog.com.vn\/product\/style-r-octagonal\/\",\"name\":\"[:vi]Style R Octagonal[:en]Style R Octagonal[:ja]\u30bf\u30a4\u30d7 R \u516b\u89d2\u5f62[:kr]\uc2a4\ud0c0\uc77c R Octagonal[:] - Mog.com.vn\",\"isPartOf\":{\"@id\":\"https:\/\/mog.com.vn\/#website\"},\"primaryImageOfPage\":{\"@id\":\"https:\/\/mog.com.vn\/product\/style-r-octagonal\/#primaryimage\"},\"image\":{\"@id\":\"https:\/\/mog.com.vn\/product\/style-r-octagonal\/#primaryimage\"},\"thumbnailUrl\":\"https:\/\/mog.com.vn\/wp-content\/uploads\/2025\/04\/23.-Style-R-Octagonal.jpg\",\"datePublished\":\"2025-04-12T17:11:24+00:00\",\"dateModified\":\"2025-04-12T17:11:30+00:00\",\"breadcrumb\":{\"@id\":\"https:\/\/mog.com.vn\/product\/style-r-octagonal\/#breadcrumb\"},\"inLanguage\":\"vi\",\"potentialAction\":[{\"@type\":\"ReadAction\",\"target\":[\"https:\/\/mog.com.vn\/product\/style-r-octagonal\/\"]}]},{\"@type\":\"ImageObject\",\"inLanguage\":\"vi\",\"@id\":\"https:\/\/mog.com.vn\/product\/style-r-octagonal\/#primaryimage\",\"url\":\"https:\/\/mog.com.vn\/wp-content\/uploads\/2025\/04\/23.-Style-R-Octagonal.jpg\",\"contentUrl\":\"https:\/\/mog.com.vn\/wp-content\/uploads\/2025\/04\/23.-Style-R-Octagonal.jpg\",\"width\":800,\"height\":800},{\"@type\":\"BreadcrumbList\",\"@id\":\"https:\/\/mog.com.vn\/product\/style-r-octagonal\/#breadcrumb\",\"itemListElement\":[{\"@type\":\"ListItem\",\"position\":1,\"name\":\"Home\",\"item\":\"https:\/\/mog.com.vn\/\"},{\"@type\":\"ListItem\",\"position\":2,\"name\":\"Shop\",\"item\":\"https:\/\/mog.com.vn\/shop\/\"},{\"@type\":\"ListItem\",\"position\":3,\"name\":\"Style R Octagonal\"}]},{\"@type\":\"WebSite\",\"@id\":\"https:\/\/mog.com.vn\/#website\",\"url\":\"https:\/\/mog.com.vn\/\",\"name\":\"Mog.com.vn\",\"description\":\"FLOW Control Solutions\",\"publisher\":{\"@id\":\"https:\/\/mog.com.vn\/#organization\"},\"potentialAction\":[{\"@type\":\"SearchAction\",\"target\":{\"@type\":\"EntryPoint\",\"urlTemplate\":\"https:\/\/mog.com.vn\/?s={search_term_string}\"},\"query-input\":{\"@type\":\"PropertyValueSpecification\",\"valueRequired\":true,\"valueName\":\"search_term_string\"}}],\"inLanguage\":\"vi\"},{\"@type\":\"Organization\",\"@id\":\"https:\/\/mog.com.vn\/#organization\",\"name\":\"Mog.com.vn\",\"url\":\"https:\/\/mog.com.vn\/\",\"logo\":{\"@type\":\"ImageObject\",\"inLanguage\":\"vi\",\"@id\":\"https:\/\/mog.com.vn\/#\/schema\/logo\/image\/\",\"url\":\"https:\/\/mog.com.vn\/wp-content\/uploads\/2025\/10\/Logo-MOG.jpg\",\"contentUrl\":\"https:\/\/mog.com.vn\/wp-content\/uploads\/2025\/10\/Logo-MOG.jpg\",\"width\":755,\"height\":230,\"caption\":\"Mog.com.vn\"},\"image\":{\"@id\":\"https:\/\/mog.com.vn\/#\/schema\/logo\/image\/\"},\"description\":\"Gi\u1ea3i ph\u00e1p C\u01a1 kh\u00ed ch\u00ednh x\u00e1c & Van c\u00f4ng nghi\u1ec7p to\u00e0n di\u1ec7n cho doanh nghi\u1ec7p c\u1ee7a b\u1ea1n.\",\"email\":\"giacongcokhimog@gmail.com\",\"telephone\":\"090 311 4883\"}]}<\/script>\n<!-- \/ Yoast SEO Premium plugin. -->","yoast_head_json":{"title":"[:vi]Style R Octagonal[:en]Style R Octagonal[:ja]\u30bf\u30a4\u30d7 R \u516b\u89d2\u5f62[:kr]\uc2a4\ud0c0\uc77c R Octagonal[:] - Mog.com.vn","robots":{"index":"index","follow":"follow","max-snippet":"max-snippet:-1","max-image-preview":"max-image-preview:large","max-video-preview":"max-video-preview:-1"},"canonical":"https:\/\/mog.com.vn\/product\/style-r-octagonal\/","og_locale":"vi_VN","og_type":"article","og_title":"[:vi]Style R Octagonal[:en]Style R Octagonal[:ja]\u30bf\u30a4\u30d7 R \u516b\u89d2\u5f62[:kr]\uc2a4\ud0c0\uc77c R Octagonal[:]","og_description":"[:vi]\u1ee8ng d\u1ee5ng \u0110\u01b0\u1ee3c s\u1eed d\u1ee5ng cho c\u00e1c \u1ee9ng d\u1ee5ng \u00e1p su\u1ea5t cao \u0110\u1eb7c t\u00ednh \u0111i\u1ec3n h\u00ecnh \u0110\u1ed9 k\u00edn to\u00e0n v\u1eb9n cao \u1edf \u00e1p su\u1ea5t cao M\u1eb7t c\u1eaft b\u00e1t gi\u00e1c c\u00f3 hi\u1ec7u qu\u1ea3 b\u1ecbt k\u00edn cao h\u01a1n h\u00ecnh b\u1ea7u d\u1ee5c v\u00e0 s\u1ebd l\u00e0 mi\u1ebfng \u0111\u1ec7m \u0111\u01b0\u1ee3c \u01b0a chu\u1ed9ng Th\u00edch h\u1ee3p cho m\u1eb7t b\u00edch r\u00e3nh \u0111\u00e1y ph\u1eb3ng C\u00f3 s\u1eb5n trong s\u1ed1 v\u00f2ng R11 \u0111\u1ebfn R105[:en]Applications  Used for high pressure applications Typical Properties  High integrity seal at high pressures  The octagonal cross section has a higher sealing efficiency than the oval and would be the preferred gasket  Suitable for flat bottom groove flanges  Available in Ring numbers R11 to R105 [:ja]\u30bf\u30a4\u30d7 R \u516b\u89d2\u5f62 \u7528\u9014 \u9ad8\u5727\u7528\u9014\u306b\u4f7f\u7528\u3055\u308c\u307e\u3059\u3002 \u7279\u5fb4   \u00a0 \u00a0 \u00a0 \u9ad8\u5727\u3067\u306e\u512a\u308c\u305f\u30b7\u30fc\u30eb\u6574\u5408\u6027  \u00a0 \u00a0 \u00a0 \u516b\u89d2\u5f62\u306e\u65ad\u9762\u306f\u6955\u5186\u5f62\u3088\u308a\u3082\u9ad8\u3044\u30b7\u30fc\u30eb\u52b9\u679c\u3092\u6301\u3061\u3001\u597d\u307e\u308c\u308b\u30ac\u30b9\u30b1\u30c3\u30c8\u5f62\u72b6\u3067\u3059\u3002  \u00a0 \u00a0 \u00a0 \u5e73\u5e95\u306e\u6e9d\u30d5\u30e9\u30f3\u30b8\u306b\u9069\u3057\u3066\u3044\u307e\u3059\u3002  \u00a0 \u00a0 \u00a0 R11 \u304b\u3089 R105 \u307e\u3067\u306e\u30ea\u30f3\u30b0\u304c\u5229\u7528\u53ef\u80fd\u3067\u3059\u3002 [:kr]\uc751\uc6a9 \uace0\uc555 \uc751\uc6a9 \ud504\ub85c\uadf8\ub7a8\uc5d0 \uc0ac\uc6a9\ub429\ub2c8\ub2e4. \uc77c\ubc18\uc801\uc778 \ud2b9\uc131  \uace0\uc555\uc5d0\uc11c \ub192\uc740 \uc644\uc804\uc131\uc758 \ubc00\ubd09  \ud314\uac01\ud615 \ub2e8\uba74\uc740 \ud0c0\uc6d0\ud615\ubcf4\ub2e4 \ubc00\ubd09 \ud6a8\uc728\uc774 \ub192\uc544 \uc120\ud638\ub418\ub294 \uac00\uc2a4\ucf13\uc785\ub2c8\ub2e4.  \ud3c9\uba74 \ubc14\ub2e5 \uadf8\ub8e8\ube0c \ud50c\ub79c\uc9c0\uc5d0 \uc801\ud569\ud569\ub2c8\ub2e4.  R11\uc5d0\uc11c R105\uae4c\uc9c0\uc758 \ub9c1 \ubc88\ud638\ub85c \uc81c\uacf5\ub429\ub2c8\ub2e4. [:]","og_url":"https:\/\/mog.com.vn\/product\/style-r-octagonal\/","og_site_name":"Mog.com.vn","article_modified_time":"2025-04-12T17:11:30+00:00","og_image":[{"width":800,"height":800,"url":"https:\/\/mog.com.vn\/wp-content\/uploads\/2025\/04\/23.-Style-R-Octagonal.jpg","type":"image\/jpeg"}],"twitter_card":"summary_large_image","schema":{"@context":"https:\/\/schema.org","@graph":[{"@type":"WebPage","@id":"https:\/\/mog.com.vn\/product\/style-r-octagonal\/","url":"https:\/\/mog.com.vn\/product\/style-r-octagonal\/","name":"[:vi]Style R Octagonal[:en]Style R Octagonal[:ja]\u30bf\u30a4\u30d7 R \u516b\u89d2\u5f62[:kr]\uc2a4\ud0c0\uc77c R Octagonal[:] - Mog.com.vn","isPartOf":{"@id":"https:\/\/mog.com.vn\/#website"},"primaryImageOfPage":{"@id":"https:\/\/mog.com.vn\/product\/style-r-octagonal\/#primaryimage"},"image":{"@id":"https:\/\/mog.com.vn\/product\/style-r-octagonal\/#primaryimage"},"thumbnailUrl":"https:\/\/mog.com.vn\/wp-content\/uploads\/2025\/04\/23.-Style-R-Octagonal.jpg","datePublished":"2025-04-12T17:11:24+00:00","dateModified":"2025-04-12T17:11:30+00:00","breadcrumb":{"@id":"https:\/\/mog.com.vn\/product\/style-r-octagonal\/#breadcrumb"},"inLanguage":"vi","potentialAction":[{"@type":"ReadAction","target":["https:\/\/mog.com.vn\/product\/style-r-octagonal\/"]}]},{"@type":"ImageObject","inLanguage":"vi","@id":"https:\/\/mog.com.vn\/product\/style-r-octagonal\/#primaryimage","url":"https:\/\/mog.com.vn\/wp-content\/uploads\/2025\/04\/23.-Style-R-Octagonal.jpg","contentUrl":"https:\/\/mog.com.vn\/wp-content\/uploads\/2025\/04\/23.-Style-R-Octagonal.jpg","width":800,"height":800},{"@type":"BreadcrumbList","@id":"https:\/\/mog.com.vn\/product\/style-r-octagonal\/#breadcrumb","itemListElement":[{"@type":"ListItem","position":1,"name":"Home","item":"https:\/\/mog.com.vn\/"},{"@type":"ListItem","position":2,"name":"Shop","item":"https:\/\/mog.com.vn\/shop\/"},{"@type":"ListItem","position":3,"name":"Style R Octagonal"}]},{"@type":"WebSite","@id":"https:\/\/mog.com.vn\/#website","url":"https:\/\/mog.com.vn\/","name":"Mog.com.vn","description":"FLOW Control Solutions","publisher":{"@id":"https:\/\/mog.com.vn\/#organization"},"potentialAction":[{"@type":"SearchAction","target":{"@type":"EntryPoint","urlTemplate":"https:\/\/mog.com.vn\/?s={search_term_string}"},"query-input":{"@type":"PropertyValueSpecification","valueRequired":true,"valueName":"search_term_string"}}],"inLanguage":"vi"},{"@type":"Organization","@id":"https:\/\/mog.com.vn\/#organization","name":"Mog.com.vn","url":"https:\/\/mog.com.vn\/","logo":{"@type":"ImageObject","inLanguage":"vi","@id":"https:\/\/mog.com.vn\/#\/schema\/logo\/image\/","url":"https:\/\/mog.com.vn\/wp-content\/uploads\/2025\/10\/Logo-MOG.jpg","contentUrl":"https:\/\/mog.com.vn\/wp-content\/uploads\/2025\/10\/Logo-MOG.jpg","width":755,"height":230,"caption":"Mog.com.vn"},"image":{"@id":"https:\/\/mog.com.vn\/#\/schema\/logo\/image\/"},"description":"Gi\u1ea3i ph\u00e1p C\u01a1 kh\u00ed ch\u00ednh x\u00e1c & Van c\u00f4ng nghi\u1ec7p to\u00e0n di\u1ec7n cho doanh nghi\u1ec7p c\u1ee7a b\u1ea1n.","email":"giacongcokhimog@gmail.com","telephone":"090 311 4883"}]}},"_links":{"self":[{"href":"https:\/\/mog.com.vn\/vi\/wp-json\/wp\/v2\/product\/592","targetHints":{"allow":["GET"]}}],"collection":[{"href":"https:\/\/mog.com.vn\/vi\/wp-json\/wp\/v2\/product"}],"about":[{"href":"https:\/\/mog.com.vn\/vi\/wp-json\/wp\/v2\/types\/product"}],"replies":[{"embeddable":true,"href":"https:\/\/mog.com.vn\/vi\/wp-json\/wp\/v2\/comments?post=592"}],"wp:featuredmedia":[{"embeddable":true,"href":"https:\/\/mog.com.vn\/vi\/wp-json\/wp\/v2\/media\/593"}],"wp:attachment":[{"href":"https:\/\/mog.com.vn\/vi\/wp-json\/wp\/v2\/media?parent=592"}],"wp:term":[{"taxonomy":"product_brand","embeddable":true,"href":"https:\/\/mog.com.vn\/vi\/wp-json\/wp\/v2\/product_brand?post=592"},{"taxonomy":"product_cat","embeddable":true,"href":"https:\/\/mog.com.vn\/vi\/wp-json\/wp\/v2\/product_cat?post=592"},{"taxonomy":"product_tag","embeddable":true,"href":"https:\/\/mog.com.vn\/vi\/wp-json\/wp\/v2\/product_tag?post=592"}],"curies":[{"name":"wp","href":"https:\/\/api.w.org\/{rel}","templated":true}]}}