{"id":596,"date":"2025-04-12T17:11:24","date_gmt":"2025-04-12T17:11:24","guid":{"rendered":"https:\/\/mog.com.vn\/renew\/product\/style-rx\/"},"modified":"2025-04-12T17:11:30","modified_gmt":"2025-04-12T17:11:30","slug":"style-rx","status":"publish","type":"product","link":"https:\/\/mog.com.vn\/vi\/product\/style-rx\/","title":{"rendered":"Style RX"},"content":{"rendered":"","protected":false},"excerpt":{"rendered":"<p><strong>\u1ee8ng d\u1ee5ng<\/strong><\/p>\n<p>\u0110\u01b0\u1ee3c s\u1eed d\u1ee5ng cho c\u00e1c \u1ee9ng d\u1ee5ng \u00e1p su\u1ea5t cao.<\/p>\n<p>Ki\u1ec3u RX \u0111\u01b0\u1ee3c thi\u1ebft k\u1ebf \u0111\u1ec3 ph\u00f9 h\u1ee3p v\u1edbi c\u00f9ng thi\u1ebft k\u1ebf r\u00e3nh nh\u01b0 ki\u1ec3u R ti\u00eau chu\u1ea9n, gi\u00fap c\u00e1c m\u1ed1i n\u1ed1i c\u00f3 th\u1ec3 ho\u00e1n \u0111\u1ed5i cho nhau<\/p>\n<p>Ki\u1ec3u RX c\u00f3 chi\u1ec1u cao t\u0103ng l\u00ean v\u00e0 s\u1eed d\u1ee5ng \u00e1p su\u1ea5t h\u1ec7 th\u1ed1ng b\u00ean trong \u0111\u1ec3 cung c\u1ea5p n\u0103ng l\u01b0\u1ee3ng v\u00e0 c\u1ea3i thi\u1ec7n \u0111\u1ed9 k\u00edn khi \u00e1p su\u1ea5t b\u00ean trong t\u0103ng l\u00ean<\/p>\n<p>Th\u00edch h\u1ee3p cho m\u1eb7t b\u00edch r\u00e3nh \u0111\u00e1y ph\u1eb3ng<\/p>\n<p>C\u0169ng c\u00f3 s\u1eb5n trong Ki\u1ec3u SRX.<\/p>\n","protected":false},"featured_media":597,"comment_status":"closed","ping_status":"open","template":"","meta":[],"product_brand":[],"product_cat":[109],"product_tag":[],"class_list":{"0":"post-596","1":"product","2":"type-product","3":"status-publish","4":"has-post-thumbnail","6":"product_cat-klingerring-type-joints","8":"first","9":"instock","10":"product-type-simple"},"yoast_head":"<!-- This site is optimized with the Yoast SEO Premium plugin v25.9 (Yoast SEO v25.9) - https:\/\/yoast.com\/wordpress\/plugins\/seo\/ -->\n<title>Style RX - Mog.com.vn<\/title>\n<meta name=\"robots\" content=\"index, follow, max-snippet:-1, max-image-preview:large, max-video-preview:-1\" \/>\n<link rel=\"canonical\" href=\"https:\/\/mog.com.vn\/vi\/product\/style-rx\/\" \/>\n<meta property=\"og:locale\" content=\"vi_VN\" \/>\n<meta property=\"og:type\" content=\"article\" \/>\n<meta property=\"og:title\" content=\"[:vi]Style RX[:en]Style RX[:ja]\u30bf\u30a4\u30d7 RX[:kr]\uc2a4\ud0c0\uc77c RX[:]\" \/>\n<meta property=\"og:description\" content=\"[:vi]\u1ee8ng d\u1ee5ng \u0110\u01b0\u1ee3c s\u1eed d\u1ee5ng cho c\u00e1c \u1ee9ng d\u1ee5ng \u00e1p su\u1ea5t cao. Ki\u1ec3u RX \u0111\u01b0\u1ee3c thi\u1ebft k\u1ebf \u0111\u1ec3 ph\u00f9 h\u1ee3p v\u1edbi c\u00f9ng thi\u1ebft k\u1ebf r\u00e3nh nh\u01b0 ki\u1ec3u R ti\u00eau chu\u1ea9n, gi\u00fap c\u00e1c m\u1ed1i n\u1ed1i c\u00f3 th\u1ec3 ho\u00e1n \u0111\u1ed5i cho nhau Ki\u1ec3u RX c\u00f3 chi\u1ec1u cao t\u0103ng l\u00ean v\u00e0 s\u1eed d\u1ee5ng \u00e1p su\u1ea5t h\u1ec7 th\u1ed1ng b\u00ean trong \u0111\u1ec3 cung c\u1ea5p n\u0103ng l\u01b0\u1ee3ng v\u00e0 c\u1ea3i thi\u1ec7n \u0111\u1ed9 k\u00edn khi \u00e1p su\u1ea5t b\u00ean trong t\u0103ng l\u00ean Th\u00edch h\u1ee3p cho m\u1eb7t b\u00edch r\u00e3nh \u0111\u00e1y ph\u1eb3ng C\u0169ng c\u00f3 s\u1eb5n trong Ki\u1ec3u SRX.[:en]Applications  Used for high pressure applications.  The Style RX is designed to fit the same groove design as a standard style R making joints interchangeable  The\u00a0Style RX has an increased height and utilizes the internal system pressure to energize and improve the seal as internal pressure increase  Suitable for flat bottom groove flanges Also available in Style SRX.[:ja]&nbsp; \u7528\u9014 \u9ad8\u5727\u7528\u9014\u306b\u4f7f\u7528\u3055\u308c\u307e\u3059\u3002 \u30bf\u30a4\u30d7 RX \u306f\u6a19\u6e96\u306e R \u30bf\u30a4\u30d7\u306e\u6e9d\u8a2d\u8a08\u3068\u4e92\u63db\u6027\u304c\u3042\u308a\u3001\u76f8\u4e92\u4ea4\u63db\u53ef\u80fd\u306a\u63a5\u7d9a\u3092\u5b9f\u73fe\u3057\u307e\u3059\u3002 RX \u30bf\u30a4\u30d7\u306f\u9ad8\u3055\u304c\u5897\u52a0\u3057\u3066\u304a\u308a\u3001\u5185\u90e8\u306e\u30b7\u30b9\u30c6\u30e0\u5727\u529b\u3092\u5229\u7528\u3057\u3066\u30b7\u30fc\u30eb\u6027\u3092\u5411\u4e0a\u3055\u305b\u307e\u3059\u3002\u5185\u90e8\u5727\u529b\u304c\u5897\u52a0\u3059\u308b\u3068\u30b7\u30fc\u30eb\u304c\u3055\u3089\u306b\u5f37\u5316\u3055\u308c\u307e\u3059\u3002 \u5e73\u5e95\u306e\u6e9d\u30d5\u30e9\u30f3\u30b8\u306b\u9069\u3057\u3066\u3044\u307e\u3059\u3002 \u30bf\u30a4\u30d7 SRX \u3082\u5229\u7528\u53ef\u80fd\u3067\u3059\u3002[:kr]\uc751\uc6a9 \uace0\uc555 \uc751\uc6a9 \ud504\ub85c\uadf8\ub7a8\uc5d0 \uc0ac\uc6a9\ub429\ub2c8\ub2e4. Style RX\ub294 \ud45c\uc900 Style R\uacfc \ub3d9\uc77c\ud55c \uadf8\ub8e8\ube0c \ub514\uc790\uc778\uc5d0 \ub9de\ucdb0 \uc124\uacc4\ub418\uc5b4 \uc870\uc778\ud2b8\ub97c \uad50\ud658\ud560 \uc218 \uc788\uc2b5\ub2c8\ub2e4. Style RX\ub294 \ub192\uc774\uac00 \uc99d\uac00\ud558\uc600\uc73c\uba70 \ub0b4\ubd80 \uc2dc\uc2a4\ud15c \uc555\ub825\uc744 \ud65c\uc6a9\ud558\uc5ec \ubc00\ubd09\uc744 \uac15\ud654\ud558\uace0 \ub0b4\ubd80 \uc555\ub825\uc774 \uc99d\uac00\ud560 \ub54c \ubc00\ubd09 \uc131\ub2a5\uc744 \uac1c\uc120\ud569\ub2c8\ub2e4. \ud3c9\ud3c9\ud55c \ubc14\ub2e5 \uadf8\ub8e8\ube0c \ud50c\ub79c\uc9c0\uc5d0 \uc801\ud569\ud569\ub2c8\ub2e4. Style SRX \ubc84\uc804\ub3c4 \uc0ac\uc6a9 \uac00\ub2a5\ud569\ub2c8\ub2e4.[:]\" \/>\n<meta property=\"og:url\" content=\"https:\/\/mog.com.vn\/vi\/product\/style-rx\/\" \/>\n<meta property=\"og:site_name\" content=\"Mog.com.vn\" \/>\n<meta property=\"article:modified_time\" content=\"2025-04-12T17:11:30+00:00\" \/>\n<meta property=\"og:image\" content=\"https:\/\/mog.com.vn\/wp-content\/uploads\/2025\/04\/22.-Style-RX.jpg\" \/>\n\t<meta property=\"og:image:width\" content=\"800\" \/>\n\t<meta property=\"og:image:height\" content=\"800\" \/>\n\t<meta property=\"og:image:type\" content=\"image\/jpeg\" \/>\n<meta name=\"twitter:card\" content=\"summary_large_image\" \/>\n<script type=\"application\/ld+json\" class=\"yoast-schema-graph\">{\"@context\":\"https:\/\/schema.org\",\"@graph\":[{\"@type\":\"WebPage\",\"@id\":\"https:\/\/mog.com.vn\/vi\/product\/style-rx\/\",\"url\":\"https:\/\/mog.com.vn\/vi\/product\/style-rx\/\",\"name\":\"[:vi]Style RX[:en]Style RX[:ja]\u30bf\u30a4\u30d7 RX[:kr]\uc2a4\ud0c0\uc77c RX[:] - Mog.com.vn\",\"isPartOf\":{\"@id\":\"https:\/\/mog.com.vn\/#website\"},\"primaryImageOfPage\":{\"@id\":\"https:\/\/mog.com.vn\/vi\/product\/style-rx\/#primaryimage\"},\"image\":{\"@id\":\"https:\/\/mog.com.vn\/vi\/product\/style-rx\/#primaryimage\"},\"thumbnailUrl\":\"https:\/\/mog.com.vn\/wp-content\/uploads\/2025\/04\/22.-Style-RX.jpg\",\"datePublished\":\"2025-04-12T17:11:24+00:00\",\"dateModified\":\"2025-04-12T17:11:30+00:00\",\"breadcrumb\":{\"@id\":\"https:\/\/mog.com.vn\/vi\/product\/style-rx\/#breadcrumb\"},\"inLanguage\":\"vi\",\"potentialAction\":[{\"@type\":\"ReadAction\",\"target\":[\"https:\/\/mog.com.vn\/vi\/product\/style-rx\/\"]}]},{\"@type\":\"ImageObject\",\"inLanguage\":\"vi\",\"@id\":\"https:\/\/mog.com.vn\/vi\/product\/style-rx\/#primaryimage\",\"url\":\"https:\/\/mog.com.vn\/wp-content\/uploads\/2025\/04\/22.-Style-RX.jpg\",\"contentUrl\":\"https:\/\/mog.com.vn\/wp-content\/uploads\/2025\/04\/22.-Style-RX.jpg\",\"width\":800,\"height\":800},{\"@type\":\"BreadcrumbList\",\"@id\":\"https:\/\/mog.com.vn\/vi\/product\/style-rx\/#breadcrumb\",\"itemListElement\":[{\"@type\":\"ListItem\",\"position\":1,\"name\":\"Home\",\"item\":\"https:\/\/mog.com.vn\/\"},{\"@type\":\"ListItem\",\"position\":2,\"name\":\"Shop\",\"item\":\"https:\/\/mog.com.vn\/shop\/\"},{\"@type\":\"ListItem\",\"position\":3,\"name\":\"Style RX\"}]},{\"@type\":\"WebSite\",\"@id\":\"https:\/\/mog.com.vn\/#website\",\"url\":\"https:\/\/mog.com.vn\/\",\"name\":\"Mog.com.vn\",\"description\":\"FLOW Control Solutions\",\"publisher\":{\"@id\":\"https:\/\/mog.com.vn\/#organization\"},\"potentialAction\":[{\"@type\":\"SearchAction\",\"target\":{\"@type\":\"EntryPoint\",\"urlTemplate\":\"https:\/\/mog.com.vn\/?s={search_term_string}\"},\"query-input\":{\"@type\":\"PropertyValueSpecification\",\"valueRequired\":true,\"valueName\":\"search_term_string\"}}],\"inLanguage\":\"vi\"},{\"@type\":\"Organization\",\"@id\":\"https:\/\/mog.com.vn\/#organization\",\"name\":\"Mog.com.vn\",\"url\":\"https:\/\/mog.com.vn\/\",\"logo\":{\"@type\":\"ImageObject\",\"inLanguage\":\"vi\",\"@id\":\"https:\/\/mog.com.vn\/#\/schema\/logo\/image\/\",\"url\":\"https:\/\/mog.com.vn\/wp-content\/uploads\/2025\/10\/Logo-MOG.jpg\",\"contentUrl\":\"https:\/\/mog.com.vn\/wp-content\/uploads\/2025\/10\/Logo-MOG.jpg\",\"width\":755,\"height\":230,\"caption\":\"Mog.com.vn\"},\"image\":{\"@id\":\"https:\/\/mog.com.vn\/#\/schema\/logo\/image\/\"},\"description\":\"Gi\u1ea3i ph\u00e1p C\u01a1 kh\u00ed ch\u00ednh x\u00e1c & Van c\u00f4ng nghi\u1ec7p to\u00e0n di\u1ec7n cho doanh nghi\u1ec7p c\u1ee7a b\u1ea1n.\",\"email\":\"giacongcokhimog@gmail.com\",\"telephone\":\"090 311 4883\"}]}<\/script>\n<!-- \/ Yoast SEO Premium plugin. -->","yoast_head_json":{"title":"[:vi]Style RX[:en]Style RX[:ja]\u30bf\u30a4\u30d7 RX[:kr]\uc2a4\ud0c0\uc77c RX[:] - Mog.com.vn","robots":{"index":"index","follow":"follow","max-snippet":"max-snippet:-1","max-image-preview":"max-image-preview:large","max-video-preview":"max-video-preview:-1"},"canonical":"https:\/\/mog.com.vn\/vi\/product\/style-rx\/","og_locale":"vi_VN","og_type":"article","og_title":"[:vi]Style RX[:en]Style RX[:ja]\u30bf\u30a4\u30d7 RX[:kr]\uc2a4\ud0c0\uc77c RX[:]","og_description":"[:vi]\u1ee8ng d\u1ee5ng \u0110\u01b0\u1ee3c s\u1eed d\u1ee5ng cho c\u00e1c \u1ee9ng d\u1ee5ng \u00e1p su\u1ea5t cao. Ki\u1ec3u RX \u0111\u01b0\u1ee3c thi\u1ebft k\u1ebf \u0111\u1ec3 ph\u00f9 h\u1ee3p v\u1edbi c\u00f9ng thi\u1ebft k\u1ebf r\u00e3nh nh\u01b0 ki\u1ec3u R ti\u00eau chu\u1ea9n, gi\u00fap c\u00e1c m\u1ed1i n\u1ed1i c\u00f3 th\u1ec3 ho\u00e1n \u0111\u1ed5i cho nhau Ki\u1ec3u RX c\u00f3 chi\u1ec1u cao t\u0103ng l\u00ean v\u00e0 s\u1eed d\u1ee5ng \u00e1p su\u1ea5t h\u1ec7 th\u1ed1ng b\u00ean trong \u0111\u1ec3 cung c\u1ea5p n\u0103ng l\u01b0\u1ee3ng v\u00e0 c\u1ea3i thi\u1ec7n \u0111\u1ed9 k\u00edn khi \u00e1p su\u1ea5t b\u00ean trong t\u0103ng l\u00ean Th\u00edch h\u1ee3p cho m\u1eb7t b\u00edch r\u00e3nh \u0111\u00e1y ph\u1eb3ng C\u0169ng c\u00f3 s\u1eb5n trong Ki\u1ec3u SRX.[:en]Applications  Used for high pressure applications.  The Style RX is designed to fit the same groove design as a standard style R making joints interchangeable  The\u00a0Style RX has an increased height and utilizes the internal system pressure to energize and improve the seal as internal pressure increase  Suitable for flat bottom groove flanges Also available in Style SRX.[:ja]&nbsp; \u7528\u9014 \u9ad8\u5727\u7528\u9014\u306b\u4f7f\u7528\u3055\u308c\u307e\u3059\u3002 \u30bf\u30a4\u30d7 RX \u306f\u6a19\u6e96\u306e R \u30bf\u30a4\u30d7\u306e\u6e9d\u8a2d\u8a08\u3068\u4e92\u63db\u6027\u304c\u3042\u308a\u3001\u76f8\u4e92\u4ea4\u63db\u53ef\u80fd\u306a\u63a5\u7d9a\u3092\u5b9f\u73fe\u3057\u307e\u3059\u3002 RX \u30bf\u30a4\u30d7\u306f\u9ad8\u3055\u304c\u5897\u52a0\u3057\u3066\u304a\u308a\u3001\u5185\u90e8\u306e\u30b7\u30b9\u30c6\u30e0\u5727\u529b\u3092\u5229\u7528\u3057\u3066\u30b7\u30fc\u30eb\u6027\u3092\u5411\u4e0a\u3055\u305b\u307e\u3059\u3002\u5185\u90e8\u5727\u529b\u304c\u5897\u52a0\u3059\u308b\u3068\u30b7\u30fc\u30eb\u304c\u3055\u3089\u306b\u5f37\u5316\u3055\u308c\u307e\u3059\u3002 \u5e73\u5e95\u306e\u6e9d\u30d5\u30e9\u30f3\u30b8\u306b\u9069\u3057\u3066\u3044\u307e\u3059\u3002 \u30bf\u30a4\u30d7 SRX \u3082\u5229\u7528\u53ef\u80fd\u3067\u3059\u3002[:kr]\uc751\uc6a9 \uace0\uc555 \uc751\uc6a9 \ud504\ub85c\uadf8\ub7a8\uc5d0 \uc0ac\uc6a9\ub429\ub2c8\ub2e4. Style RX\ub294 \ud45c\uc900 Style R\uacfc \ub3d9\uc77c\ud55c \uadf8\ub8e8\ube0c \ub514\uc790\uc778\uc5d0 \ub9de\ucdb0 \uc124\uacc4\ub418\uc5b4 \uc870\uc778\ud2b8\ub97c \uad50\ud658\ud560 \uc218 \uc788\uc2b5\ub2c8\ub2e4. Style RX\ub294 \ub192\uc774\uac00 \uc99d\uac00\ud558\uc600\uc73c\uba70 \ub0b4\ubd80 \uc2dc\uc2a4\ud15c \uc555\ub825\uc744 \ud65c\uc6a9\ud558\uc5ec \ubc00\ubd09\uc744 \uac15\ud654\ud558\uace0 \ub0b4\ubd80 \uc555\ub825\uc774 \uc99d\uac00\ud560 \ub54c \ubc00\ubd09 \uc131\ub2a5\uc744 \uac1c\uc120\ud569\ub2c8\ub2e4. \ud3c9\ud3c9\ud55c \ubc14\ub2e5 \uadf8\ub8e8\ube0c \ud50c\ub79c\uc9c0\uc5d0 \uc801\ud569\ud569\ub2c8\ub2e4. Style SRX \ubc84\uc804\ub3c4 \uc0ac\uc6a9 \uac00\ub2a5\ud569\ub2c8\ub2e4.[:]","og_url":"https:\/\/mog.com.vn\/vi\/product\/style-rx\/","og_site_name":"Mog.com.vn","article_modified_time":"2025-04-12T17:11:30+00:00","og_image":[{"width":800,"height":800,"url":"https:\/\/mog.com.vn\/wp-content\/uploads\/2025\/04\/22.-Style-RX.jpg","type":"image\/jpeg"}],"twitter_card":"summary_large_image","schema":{"@context":"https:\/\/schema.org","@graph":[{"@type":"WebPage","@id":"https:\/\/mog.com.vn\/vi\/product\/style-rx\/","url":"https:\/\/mog.com.vn\/vi\/product\/style-rx\/","name":"[:vi]Style RX[:en]Style RX[:ja]\u30bf\u30a4\u30d7 RX[:kr]\uc2a4\ud0c0\uc77c RX[:] - Mog.com.vn","isPartOf":{"@id":"https:\/\/mog.com.vn\/#website"},"primaryImageOfPage":{"@id":"https:\/\/mog.com.vn\/vi\/product\/style-rx\/#primaryimage"},"image":{"@id":"https:\/\/mog.com.vn\/vi\/product\/style-rx\/#primaryimage"},"thumbnailUrl":"https:\/\/mog.com.vn\/wp-content\/uploads\/2025\/04\/22.-Style-RX.jpg","datePublished":"2025-04-12T17:11:24+00:00","dateModified":"2025-04-12T17:11:30+00:00","breadcrumb":{"@id":"https:\/\/mog.com.vn\/vi\/product\/style-rx\/#breadcrumb"},"inLanguage":"vi","potentialAction":[{"@type":"ReadAction","target":["https:\/\/mog.com.vn\/vi\/product\/style-rx\/"]}]},{"@type":"ImageObject","inLanguage":"vi","@id":"https:\/\/mog.com.vn\/vi\/product\/style-rx\/#primaryimage","url":"https:\/\/mog.com.vn\/wp-content\/uploads\/2025\/04\/22.-Style-RX.jpg","contentUrl":"https:\/\/mog.com.vn\/wp-content\/uploads\/2025\/04\/22.-Style-RX.jpg","width":800,"height":800},{"@type":"BreadcrumbList","@id":"https:\/\/mog.com.vn\/vi\/product\/style-rx\/#breadcrumb","itemListElement":[{"@type":"ListItem","position":1,"name":"Home","item":"https:\/\/mog.com.vn\/"},{"@type":"ListItem","position":2,"name":"Shop","item":"https:\/\/mog.com.vn\/shop\/"},{"@type":"ListItem","position":3,"name":"Style RX"}]},{"@type":"WebSite","@id":"https:\/\/mog.com.vn\/#website","url":"https:\/\/mog.com.vn\/","name":"Mog.com.vn","description":"FLOW Control Solutions","publisher":{"@id":"https:\/\/mog.com.vn\/#organization"},"potentialAction":[{"@type":"SearchAction","target":{"@type":"EntryPoint","urlTemplate":"https:\/\/mog.com.vn\/?s={search_term_string}"},"query-input":{"@type":"PropertyValueSpecification","valueRequired":true,"valueName":"search_term_string"}}],"inLanguage":"vi"},{"@type":"Organization","@id":"https:\/\/mog.com.vn\/#organization","name":"Mog.com.vn","url":"https:\/\/mog.com.vn\/","logo":{"@type":"ImageObject","inLanguage":"vi","@id":"https:\/\/mog.com.vn\/#\/schema\/logo\/image\/","url":"https:\/\/mog.com.vn\/wp-content\/uploads\/2025\/10\/Logo-MOG.jpg","contentUrl":"https:\/\/mog.com.vn\/wp-content\/uploads\/2025\/10\/Logo-MOG.jpg","width":755,"height":230,"caption":"Mog.com.vn"},"image":{"@id":"https:\/\/mog.com.vn\/#\/schema\/logo\/image\/"},"description":"Gi\u1ea3i ph\u00e1p C\u01a1 kh\u00ed ch\u00ednh x\u00e1c & Van c\u00f4ng nghi\u1ec7p to\u00e0n di\u1ec7n cho doanh nghi\u1ec7p c\u1ee7a b\u1ea1n.","email":"giacongcokhimog@gmail.com","telephone":"090 311 4883"}]}},"_links":{"self":[{"href":"https:\/\/mog.com.vn\/vi\/wp-json\/wp\/v2\/product\/596","targetHints":{"allow":["GET"]}}],"collection":[{"href":"https:\/\/mog.com.vn\/vi\/wp-json\/wp\/v2\/product"}],"about":[{"href":"https:\/\/mog.com.vn\/vi\/wp-json\/wp\/v2\/types\/product"}],"replies":[{"embeddable":true,"href":"https:\/\/mog.com.vn\/vi\/wp-json\/wp\/v2\/comments?post=596"}],"wp:featuredmedia":[{"embeddable":true,"href":"https:\/\/mog.com.vn\/vi\/wp-json\/wp\/v2\/media\/597"}],"wp:attachment":[{"href":"https:\/\/mog.com.vn\/vi\/wp-json\/wp\/v2\/media?parent=596"}],"wp:term":[{"taxonomy":"product_brand","embeddable":true,"href":"https:\/\/mog.com.vn\/vi\/wp-json\/wp\/v2\/product_brand?post=596"},{"taxonomy":"product_cat","embeddable":true,"href":"https:\/\/mog.com.vn\/vi\/wp-json\/wp\/v2\/product_cat?post=596"},{"taxonomy":"product_tag","embeddable":true,"href":"https:\/\/mog.com.vn\/vi\/wp-json\/wp\/v2\/product_tag?post=596"}],"curies":[{"name":"wp","href":"https:\/\/api.w.org\/{rel}","templated":true}]}}