{"id":598,"date":"2025-04-12T17:11:24","date_gmt":"2025-04-12T17:11:24","guid":{"rendered":"https:\/\/mog.com.vn\/renew\/product\/lens-rings\/"},"modified":"2025-04-12T17:11:31","modified_gmt":"2025-04-12T17:11:31","slug":"lens-rings","status":"publish","type":"product","link":"https:\/\/mog.com.vn\/vi\/product\/lens-rings\/","title":{"rendered":"Lens Rings"},"content":{"rendered":"","protected":false},"excerpt":{"rendered":"<p><strong>V\u00f2ng th\u1ea5u k\u00ednh<\/strong><\/p>\n<p>V\u00f2ng th\u1ea5u k\u00ednh c\u00f3 b\u1ec1 m\u1eb7t h\u00ecnh c\u1ea7u v\u00e0 \u0111\u01b0\u1ee3c s\u1eed d\u1ee5ng tr\u00ean c\u00e1c m\u1eb7t b\u00edch c\u00f3 m\u1eb7t h\u00ecnh n\u00f3n. V\u1eadt li\u1ec7u gio\u0103ng ph\u1ea3i m\u1ec1m h\u01a1n v\u1eadt li\u1ec7u m\u1eb7t b\u00edch, \u0111\u1ea3m b\u1ea3o r\u1eb1ng t\u1ea3i tr\u1ecdng n\u00e9n \u0111\u01b0\u1ee3c \u00e1p d\u1ee5ng d\u1eabn \u0111\u1ebfn bi\u1ebfn d\u1ea1ng \u0111\u00e0n h\u1ed3i ho\u1eb7c d\u1ebbo c\u1ee7a gio\u0103ng ch\u1ee9 kh\u00f4ng ph\u1ea3i m\u1eb7t b\u1ecbt k\u00edn c\u1ee7a m\u1eb7t b\u00edch.<\/p>\n<p>B\u1eb1ng c\u00e1ch \u00e1p d\u1ee5ng t\u1ea3i tr\u1ecdng cao h\u01a1n l\u00ean gio\u0103ng, di\u1ec7n t\u00edch ti\u1ebfp x\u00fac gi\u1eefa gio\u0103ng v\u00e0 m\u1eb7t b\u00edch s\u1ebd t\u0103ng l\u00ean. \u0110i\u1ec1u n\u00e0y ng\u0103n kh\u00f4ng cho gio\u0103ng b\u1ecb qu\u00e1 t\u1ea3i.<\/p>\n<p>C\u0169ng nh\u01b0 v\u1edbi t\u1ea5t c\u1ea3 c\u00e1c m\u1ed1i n\u1ed1i kim lo\u1ea1i, kh\u00f4ng n\u00ean t\u00e1i s\u1eed d\u1ee5ng V\u00f2ng th\u1ea5u k\u00ednh.<\/p>\n","protected":false},"featured_media":599,"comment_status":"closed","ping_status":"open","template":"","meta":[],"product_brand":[],"product_cat":[109],"product_tag":[],"class_list":{"0":"post-598","1":"product","2":"type-product","3":"status-publish","4":"has-post-thumbnail","6":"product_cat-klingerring-type-joints","8":"first","9":"instock","10":"product-type-simple"},"yoast_head":"<!-- This site is optimized with the Yoast SEO Premium plugin v25.9 (Yoast SEO v25.9) - https:\/\/yoast.com\/wordpress\/plugins\/seo\/ -->\n<title>Lens Rings - Mog.com.vn<\/title>\n<meta name=\"robots\" content=\"index, follow, max-snippet:-1, max-image-preview:large, max-video-preview:-1\" \/>\n<link rel=\"canonical\" href=\"https:\/\/mog.com.vn\/product\/lens-rings\/\" \/>\n<meta property=\"og:locale\" content=\"vi_VN\" \/>\n<meta property=\"og:type\" content=\"article\" \/>\n<meta property=\"og:title\" content=\"[:vi]Lens Rings[:en]Lens Rings[:ja]\u30ec\u30f3\u30ba\u30ea\u30f3\u30b0[:kr]\ub80c\uc988 \ub9c1[:]\" \/>\n<meta property=\"og:description\" content=\"[:vi]V\u00f2ng th\u1ea5u k\u00ednh V\u00f2ng th\u1ea5u k\u00ednh c\u00f3 b\u1ec1 m\u1eb7t h\u00ecnh c\u1ea7u v\u00e0 \u0111\u01b0\u1ee3c s\u1eed d\u1ee5ng tr\u00ean c\u00e1c m\u1eb7t b\u00edch c\u00f3 m\u1eb7t h\u00ecnh n\u00f3n. V\u1eadt li\u1ec7u gio\u0103ng ph\u1ea3i m\u1ec1m h\u01a1n v\u1eadt li\u1ec7u m\u1eb7t b\u00edch, \u0111\u1ea3m b\u1ea3o r\u1eb1ng t\u1ea3i tr\u1ecdng n\u00e9n \u0111\u01b0\u1ee3c \u00e1p d\u1ee5ng d\u1eabn \u0111\u1ebfn bi\u1ebfn d\u1ea1ng \u0111\u00e0n h\u1ed3i ho\u1eb7c d\u1ebbo c\u1ee7a gio\u0103ng ch\u1ee9 kh\u00f4ng ph\u1ea3i m\u1eb7t b\u1ecbt k\u00edn c\u1ee7a m\u1eb7t b\u00edch. B\u1eb1ng c\u00e1ch \u00e1p d\u1ee5ng t\u1ea3i tr\u1ecdng cao h\u01a1n l\u00ean gio\u0103ng, di\u1ec7n t\u00edch ti\u1ebfp x\u00fac gi\u1eefa gio\u0103ng v\u00e0 m\u1eb7t b\u00edch s\u1ebd t\u0103ng l\u00ean. \u0110i\u1ec1u n\u00e0y ng\u0103n kh\u00f4ng cho gio\u0103ng b\u1ecb qu\u00e1 t\u1ea3i. C\u0169ng nh\u01b0 v\u1edbi t\u1ea5t c\u1ea3 c\u00e1c m\u1ed1i n\u1ed1i kim lo\u1ea1i, kh\u00f4ng n\u00ean t\u00e1i s\u1eed d\u1ee5ng V\u00f2ng th\u1ea5u k\u00ednh.[:en]Lens Rings have a spherical surface and are used on flanges with conical faces. The gasket material should be softer than the flange material, ensuring that the applied compressive load leads to the elastic or plastic deformation of the gasket and not the flange sealing face. By applying higher loads on the gasket the contact area between the gasket and the flange increases. This prevent the gasket from being overstressed. As with all metallic joint\u2019s, the re-use of Lens Rings is not recommended.[:ja]&nbsp; \u30ec\u30f3\u30ba\u30ea\u30f3\u30b0\u306f\u7403\u9762\u306e\u8868\u9762\u3092\u6301\u3061\u3001\u5186\u9310\u5f62\u306e\u30d5\u30e9\u30f3\u30b8\u9762\u3067\u4f7f\u7528\u3055\u308c\u307e\u3059\u3002\u30ac\u30b9\u30b1\u30c3\u30c8\u6750\u6599\u306f\u30d5\u30e9\u30f3\u30b8\u6750\u6599\u3088\u308a\u3082\u67d4\u3089\u304b\u304f\u3001\u5727\u7e2e\u8377\u91cd\u304c\u30ac\u30b9\u30b1\u30c3\u30c8\u306e\u5f3e\u6027\u307e\u305f\u306f\u5851\u6027\u5909\u5f62\u3092\u5f15\u304d\u8d77\u3053\u3057\u3001\u30d5\u30e9\u30f3\u30b8\u306e\u30b7\u30fc\u30eb\u9762\u304c\u640d\u50b7\u3057\u306a\u3044\u3088\u3046\u306b\u3057\u307e\u3059\u3002 \u9ad8\u3044\u8377\u91cd\u3092\u30ac\u30b9\u30b1\u30c3\u30c8\u306b\u9069\u7528\u3059\u308b\u3053\u3068\u3067\u3001\u30ac\u30b9\u30b1\u30c3\u30c8\u3068\u30d5\u30e9\u30f3\u30b8\u306e\u63a5\u89e6\u9762\u7a4d\u304c\u5897\u52a0\u3057\u3001\u30ac\u30b9\u30b1\u30c3\u30c8\u306e\u904e\u8ca0\u8377\u3092\u9632\u304e\u307e\u3059\u3002 \u91d1\u5c5e\u63a5\u5408\u90e8\u3059\u3079\u3066\u306b\u5171\u901a\u3059\u308b\u3088\u3046\u306b\u3001\u30ec\u30f3\u30ba\u30ea\u30f3\u30b0\u306f\u518d\u5229\u7528\u3057\u306a\u3044\u3053\u3068\u3092\u304a\u52e7\u3081\u3057\u307e\u3059\u3002[:kr]&nbsp; \ub80c\uc988 \ub9c1\uc740 \uad6c\ud615 \ud45c\uba74\uc744 \uac00\uc9c0\uace0 \uc788\uc73c\uba70, \uc6d0\ubfd4\ud615 \uba74\uc744 \uac00\uc9c4 \ud50c\ub79c\uc9c0\uc5d0 \uc0ac\uc6a9\ub429\ub2c8\ub2e4. \uac00\uc2a4\ucf13 \uc18c\uc7ac\ub294 \ud50c\ub79c\uc9c0 \uc18c\uc7ac\ubcf4\ub2e4 \ubd80\ub4dc\ub7ec\uc6cc\uc57c \ud558\uba70, \uc774\ub294 \uc801\uc6a9\ub41c \uc555\ucd95 \ud558\uc911\uc774 \uac00\uc2a4\ucf13\uc758 \ud0c4\uc131 \ub610\ub294 \ud50c\ub77c\uc2a4\ud2f1 \ubcc0\ud615\uc744 \uc720\ub3c4\ud558\uace0 \ud50c\ub79c\uc9c0\uc758 \ubc00\ubd09\uba74\uc740 \ubcc0\ud615\ub418\uc9c0 \uc54a\ub3c4\ub85d \ubcf4\uc7a5\ud569\ub2c8\ub2e4. \uac00\uc2a4\ucf13\uc5d0 \ub354 \ub192\uc740 \ud558\uc911\uc744 \uc801\uc6a9\ud558\uba74 \uac00\uc2a4\ucf13\uacfc \ud50c\ub79c\uc9c0 \uac04\uc758 \uc811\ucd09 \uba74\uc801\uc774 \uc99d\uac00\ud569\ub2c8\ub2e4. \uc774\ub294 \uac00\uc2a4\ucf13\uc774 \uacfc\ub3c4\ud55c \uc2a4\ud2b8\ub808\uc2a4\ub97c \ubc1b\ub294 \uac83\uc744 \ubc29\uc9c0\ud569\ub2c8\ub2e4. \ubaa8\ub4e0 \uae08\uc18d \uc870\uc778\ud2b8\uc640 \ub9c8\ucc2c\uac00\uc9c0\ub85c \ub80c\uc988 \ub9c1\uc758 \uc7ac\uc0ac\uc6a9\uc740 \uad8c\uc7a5\ub418\uc9c0 \uc54a\uc2b5\ub2c8\ub2e4.[:]\" \/>\n<meta property=\"og:url\" content=\"https:\/\/mog.com.vn\/product\/lens-rings\/\" \/>\n<meta property=\"og:site_name\" content=\"Mog.com.vn\" \/>\n<meta property=\"article:modified_time\" content=\"2025-04-12T17:11:31+00:00\" \/>\n<meta property=\"og:image\" content=\"https:\/\/mog.com.vn\/wp-content\/uploads\/2025\/04\/klinger-lens-ring.jpg\" \/>\n\t<meta property=\"og:image:width\" content=\"1000\" \/>\n\t<meta property=\"og:image:height\" content=\"1000\" \/>\n\t<meta property=\"og:image:type\" content=\"image\/jpeg\" \/>\n<meta name=\"twitter:card\" content=\"summary_large_image\" \/>\n<script type=\"application\/ld+json\" class=\"yoast-schema-graph\">{\"@context\":\"https:\/\/schema.org\",\"@graph\":[{\"@type\":\"WebPage\",\"@id\":\"https:\/\/mog.com.vn\/product\/lens-rings\/\",\"url\":\"https:\/\/mog.com.vn\/product\/lens-rings\/\",\"name\":\"[:vi]Lens Rings[:en]Lens Rings[:ja]\u30ec\u30f3\u30ba\u30ea\u30f3\u30b0[:kr]\ub80c\uc988 \ub9c1[:] - Mog.com.vn\",\"isPartOf\":{\"@id\":\"https:\/\/mog.com.vn\/#website\"},\"primaryImageOfPage\":{\"@id\":\"https:\/\/mog.com.vn\/product\/lens-rings\/#primaryimage\"},\"image\":{\"@id\":\"https:\/\/mog.com.vn\/product\/lens-rings\/#primaryimage\"},\"thumbnailUrl\":\"https:\/\/mog.com.vn\/wp-content\/uploads\/2025\/04\/klinger-lens-ring.jpg\",\"datePublished\":\"2025-04-12T17:11:24+00:00\",\"dateModified\":\"2025-04-12T17:11:31+00:00\",\"breadcrumb\":{\"@id\":\"https:\/\/mog.com.vn\/product\/lens-rings\/#breadcrumb\"},\"inLanguage\":\"vi\",\"potentialAction\":[{\"@type\":\"ReadAction\",\"target\":[\"https:\/\/mog.com.vn\/product\/lens-rings\/\"]}]},{\"@type\":\"ImageObject\",\"inLanguage\":\"vi\",\"@id\":\"https:\/\/mog.com.vn\/product\/lens-rings\/#primaryimage\",\"url\":\"https:\/\/mog.com.vn\/wp-content\/uploads\/2025\/04\/klinger-lens-ring.jpg\",\"contentUrl\":\"https:\/\/mog.com.vn\/wp-content\/uploads\/2025\/04\/klinger-lens-ring.jpg\",\"width\":1000,\"height\":1000},{\"@type\":\"BreadcrumbList\",\"@id\":\"https:\/\/mog.com.vn\/product\/lens-rings\/#breadcrumb\",\"itemListElement\":[{\"@type\":\"ListItem\",\"position\":1,\"name\":\"Home\",\"item\":\"https:\/\/mog.com.vn\/\"},{\"@type\":\"ListItem\",\"position\":2,\"name\":\"Shop\",\"item\":\"https:\/\/mog.com.vn\/shop\/\"},{\"@type\":\"ListItem\",\"position\":3,\"name\":\"Lens Rings\"}]},{\"@type\":\"WebSite\",\"@id\":\"https:\/\/mog.com.vn\/#website\",\"url\":\"https:\/\/mog.com.vn\/\",\"name\":\"Mog.com.vn\",\"description\":\"FLOW Control Solutions\",\"publisher\":{\"@id\":\"https:\/\/mog.com.vn\/#organization\"},\"potentialAction\":[{\"@type\":\"SearchAction\",\"target\":{\"@type\":\"EntryPoint\",\"urlTemplate\":\"https:\/\/mog.com.vn\/?s={search_term_string}\"},\"query-input\":{\"@type\":\"PropertyValueSpecification\",\"valueRequired\":true,\"valueName\":\"search_term_string\"}}],\"inLanguage\":\"vi\"},{\"@type\":\"Organization\",\"@id\":\"https:\/\/mog.com.vn\/#organization\",\"name\":\"Mog.com.vn\",\"url\":\"https:\/\/mog.com.vn\/\",\"logo\":{\"@type\":\"ImageObject\",\"inLanguage\":\"vi\",\"@id\":\"https:\/\/mog.com.vn\/#\/schema\/logo\/image\/\",\"url\":\"https:\/\/mog.com.vn\/wp-content\/uploads\/2025\/10\/Logo-MOG.jpg\",\"contentUrl\":\"https:\/\/mog.com.vn\/wp-content\/uploads\/2025\/10\/Logo-MOG.jpg\",\"width\":755,\"height\":230,\"caption\":\"Mog.com.vn\"},\"image\":{\"@id\":\"https:\/\/mog.com.vn\/#\/schema\/logo\/image\/\"},\"description\":\"Gi\u1ea3i ph\u00e1p C\u01a1 kh\u00ed ch\u00ednh x\u00e1c & Van c\u00f4ng nghi\u1ec7p to\u00e0n di\u1ec7n cho doanh nghi\u1ec7p c\u1ee7a b\u1ea1n.\",\"email\":\"giacongcokhimog@gmail.com\",\"telephone\":\"090 311 4883\"}]}<\/script>\n<!-- \/ Yoast SEO Premium plugin. -->","yoast_head_json":{"title":"[:vi]Lens Rings[:en]Lens Rings[:ja]\u30ec\u30f3\u30ba\u30ea\u30f3\u30b0[:kr]\ub80c\uc988 \ub9c1[:] - Mog.com.vn","robots":{"index":"index","follow":"follow","max-snippet":"max-snippet:-1","max-image-preview":"max-image-preview:large","max-video-preview":"max-video-preview:-1"},"canonical":"https:\/\/mog.com.vn\/product\/lens-rings\/","og_locale":"vi_VN","og_type":"article","og_title":"[:vi]Lens Rings[:en]Lens Rings[:ja]\u30ec\u30f3\u30ba\u30ea\u30f3\u30b0[:kr]\ub80c\uc988 \ub9c1[:]","og_description":"[:vi]V\u00f2ng th\u1ea5u k\u00ednh V\u00f2ng th\u1ea5u k\u00ednh c\u00f3 b\u1ec1 m\u1eb7t h\u00ecnh c\u1ea7u v\u00e0 \u0111\u01b0\u1ee3c s\u1eed d\u1ee5ng tr\u00ean c\u00e1c m\u1eb7t b\u00edch c\u00f3 m\u1eb7t h\u00ecnh n\u00f3n. V\u1eadt li\u1ec7u gio\u0103ng ph\u1ea3i m\u1ec1m h\u01a1n v\u1eadt li\u1ec7u m\u1eb7t b\u00edch, \u0111\u1ea3m b\u1ea3o r\u1eb1ng t\u1ea3i tr\u1ecdng n\u00e9n \u0111\u01b0\u1ee3c \u00e1p d\u1ee5ng d\u1eabn \u0111\u1ebfn bi\u1ebfn d\u1ea1ng \u0111\u00e0n h\u1ed3i ho\u1eb7c d\u1ebbo c\u1ee7a gio\u0103ng ch\u1ee9 kh\u00f4ng ph\u1ea3i m\u1eb7t b\u1ecbt k\u00edn c\u1ee7a m\u1eb7t b\u00edch. B\u1eb1ng c\u00e1ch \u00e1p d\u1ee5ng t\u1ea3i tr\u1ecdng cao h\u01a1n l\u00ean gio\u0103ng, di\u1ec7n t\u00edch ti\u1ebfp x\u00fac gi\u1eefa gio\u0103ng v\u00e0 m\u1eb7t b\u00edch s\u1ebd t\u0103ng l\u00ean. \u0110i\u1ec1u n\u00e0y ng\u0103n kh\u00f4ng cho gio\u0103ng b\u1ecb qu\u00e1 t\u1ea3i. C\u0169ng nh\u01b0 v\u1edbi t\u1ea5t c\u1ea3 c\u00e1c m\u1ed1i n\u1ed1i kim lo\u1ea1i, kh\u00f4ng n\u00ean t\u00e1i s\u1eed d\u1ee5ng V\u00f2ng th\u1ea5u k\u00ednh.[:en]Lens Rings have a spherical surface and are used on flanges with conical faces. The gasket material should be softer than the flange material, ensuring that the applied compressive load leads to the elastic or plastic deformation of the gasket and not the flange sealing face. By applying higher loads on the gasket the contact area between the gasket and the flange increases. This prevent the gasket from being overstressed. As with all metallic joint\u2019s, the re-use of Lens Rings is not recommended.[:ja]&nbsp; \u30ec\u30f3\u30ba\u30ea\u30f3\u30b0\u306f\u7403\u9762\u306e\u8868\u9762\u3092\u6301\u3061\u3001\u5186\u9310\u5f62\u306e\u30d5\u30e9\u30f3\u30b8\u9762\u3067\u4f7f\u7528\u3055\u308c\u307e\u3059\u3002\u30ac\u30b9\u30b1\u30c3\u30c8\u6750\u6599\u306f\u30d5\u30e9\u30f3\u30b8\u6750\u6599\u3088\u308a\u3082\u67d4\u3089\u304b\u304f\u3001\u5727\u7e2e\u8377\u91cd\u304c\u30ac\u30b9\u30b1\u30c3\u30c8\u306e\u5f3e\u6027\u307e\u305f\u306f\u5851\u6027\u5909\u5f62\u3092\u5f15\u304d\u8d77\u3053\u3057\u3001\u30d5\u30e9\u30f3\u30b8\u306e\u30b7\u30fc\u30eb\u9762\u304c\u640d\u50b7\u3057\u306a\u3044\u3088\u3046\u306b\u3057\u307e\u3059\u3002 \u9ad8\u3044\u8377\u91cd\u3092\u30ac\u30b9\u30b1\u30c3\u30c8\u306b\u9069\u7528\u3059\u308b\u3053\u3068\u3067\u3001\u30ac\u30b9\u30b1\u30c3\u30c8\u3068\u30d5\u30e9\u30f3\u30b8\u306e\u63a5\u89e6\u9762\u7a4d\u304c\u5897\u52a0\u3057\u3001\u30ac\u30b9\u30b1\u30c3\u30c8\u306e\u904e\u8ca0\u8377\u3092\u9632\u304e\u307e\u3059\u3002 \u91d1\u5c5e\u63a5\u5408\u90e8\u3059\u3079\u3066\u306b\u5171\u901a\u3059\u308b\u3088\u3046\u306b\u3001\u30ec\u30f3\u30ba\u30ea\u30f3\u30b0\u306f\u518d\u5229\u7528\u3057\u306a\u3044\u3053\u3068\u3092\u304a\u52e7\u3081\u3057\u307e\u3059\u3002[:kr]&nbsp; \ub80c\uc988 \ub9c1\uc740 \uad6c\ud615 \ud45c\uba74\uc744 \uac00\uc9c0\uace0 \uc788\uc73c\uba70, \uc6d0\ubfd4\ud615 \uba74\uc744 \uac00\uc9c4 \ud50c\ub79c\uc9c0\uc5d0 \uc0ac\uc6a9\ub429\ub2c8\ub2e4. \uac00\uc2a4\ucf13 \uc18c\uc7ac\ub294 \ud50c\ub79c\uc9c0 \uc18c\uc7ac\ubcf4\ub2e4 \ubd80\ub4dc\ub7ec\uc6cc\uc57c \ud558\uba70, \uc774\ub294 \uc801\uc6a9\ub41c \uc555\ucd95 \ud558\uc911\uc774 \uac00\uc2a4\ucf13\uc758 \ud0c4\uc131 \ub610\ub294 \ud50c\ub77c\uc2a4\ud2f1 \ubcc0\ud615\uc744 \uc720\ub3c4\ud558\uace0 \ud50c\ub79c\uc9c0\uc758 \ubc00\ubd09\uba74\uc740 \ubcc0\ud615\ub418\uc9c0 \uc54a\ub3c4\ub85d \ubcf4\uc7a5\ud569\ub2c8\ub2e4. \uac00\uc2a4\ucf13\uc5d0 \ub354 \ub192\uc740 \ud558\uc911\uc744 \uc801\uc6a9\ud558\uba74 \uac00\uc2a4\ucf13\uacfc \ud50c\ub79c\uc9c0 \uac04\uc758 \uc811\ucd09 \uba74\uc801\uc774 \uc99d\uac00\ud569\ub2c8\ub2e4. \uc774\ub294 \uac00\uc2a4\ucf13\uc774 \uacfc\ub3c4\ud55c \uc2a4\ud2b8\ub808\uc2a4\ub97c \ubc1b\ub294 \uac83\uc744 \ubc29\uc9c0\ud569\ub2c8\ub2e4. \ubaa8\ub4e0 \uae08\uc18d \uc870\uc778\ud2b8\uc640 \ub9c8\ucc2c\uac00\uc9c0\ub85c \ub80c\uc988 \ub9c1\uc758 \uc7ac\uc0ac\uc6a9\uc740 \uad8c\uc7a5\ub418\uc9c0 \uc54a\uc2b5\ub2c8\ub2e4.[:]","og_url":"https:\/\/mog.com.vn\/product\/lens-rings\/","og_site_name":"Mog.com.vn","article_modified_time":"2025-04-12T17:11:31+00:00","og_image":[{"width":1000,"height":1000,"url":"https:\/\/mog.com.vn\/wp-content\/uploads\/2025\/04\/klinger-lens-ring.jpg","type":"image\/jpeg"}],"twitter_card":"summary_large_image","schema":{"@context":"https:\/\/schema.org","@graph":[{"@type":"WebPage","@id":"https:\/\/mog.com.vn\/product\/lens-rings\/","url":"https:\/\/mog.com.vn\/product\/lens-rings\/","name":"[:vi]Lens Rings[:en]Lens Rings[:ja]\u30ec\u30f3\u30ba\u30ea\u30f3\u30b0[:kr]\ub80c\uc988 \ub9c1[:] - Mog.com.vn","isPartOf":{"@id":"https:\/\/mog.com.vn\/#website"},"primaryImageOfPage":{"@id":"https:\/\/mog.com.vn\/product\/lens-rings\/#primaryimage"},"image":{"@id":"https:\/\/mog.com.vn\/product\/lens-rings\/#primaryimage"},"thumbnailUrl":"https:\/\/mog.com.vn\/wp-content\/uploads\/2025\/04\/klinger-lens-ring.jpg","datePublished":"2025-04-12T17:11:24+00:00","dateModified":"2025-04-12T17:11:31+00:00","breadcrumb":{"@id":"https:\/\/mog.com.vn\/product\/lens-rings\/#breadcrumb"},"inLanguage":"vi","potentialAction":[{"@type":"ReadAction","target":["https:\/\/mog.com.vn\/product\/lens-rings\/"]}]},{"@type":"ImageObject","inLanguage":"vi","@id":"https:\/\/mog.com.vn\/product\/lens-rings\/#primaryimage","url":"https:\/\/mog.com.vn\/wp-content\/uploads\/2025\/04\/klinger-lens-ring.jpg","contentUrl":"https:\/\/mog.com.vn\/wp-content\/uploads\/2025\/04\/klinger-lens-ring.jpg","width":1000,"height":1000},{"@type":"BreadcrumbList","@id":"https:\/\/mog.com.vn\/product\/lens-rings\/#breadcrumb","itemListElement":[{"@type":"ListItem","position":1,"name":"Home","item":"https:\/\/mog.com.vn\/"},{"@type":"ListItem","position":2,"name":"Shop","item":"https:\/\/mog.com.vn\/shop\/"},{"@type":"ListItem","position":3,"name":"Lens Rings"}]},{"@type":"WebSite","@id":"https:\/\/mog.com.vn\/#website","url":"https:\/\/mog.com.vn\/","name":"Mog.com.vn","description":"FLOW Control Solutions","publisher":{"@id":"https:\/\/mog.com.vn\/#organization"},"potentialAction":[{"@type":"SearchAction","target":{"@type":"EntryPoint","urlTemplate":"https:\/\/mog.com.vn\/?s={search_term_string}"},"query-input":{"@type":"PropertyValueSpecification","valueRequired":true,"valueName":"search_term_string"}}],"inLanguage":"vi"},{"@type":"Organization","@id":"https:\/\/mog.com.vn\/#organization","name":"Mog.com.vn","url":"https:\/\/mog.com.vn\/","logo":{"@type":"ImageObject","inLanguage":"vi","@id":"https:\/\/mog.com.vn\/#\/schema\/logo\/image\/","url":"https:\/\/mog.com.vn\/wp-content\/uploads\/2025\/10\/Logo-MOG.jpg","contentUrl":"https:\/\/mog.com.vn\/wp-content\/uploads\/2025\/10\/Logo-MOG.jpg","width":755,"height":230,"caption":"Mog.com.vn"},"image":{"@id":"https:\/\/mog.com.vn\/#\/schema\/logo\/image\/"},"description":"Gi\u1ea3i ph\u00e1p C\u01a1 kh\u00ed ch\u00ednh x\u00e1c & Van c\u00f4ng nghi\u1ec7p to\u00e0n di\u1ec7n cho doanh nghi\u1ec7p c\u1ee7a b\u1ea1n.","email":"giacongcokhimog@gmail.com","telephone":"090 311 4883"}]}},"_links":{"self":[{"href":"https:\/\/mog.com.vn\/vi\/wp-json\/wp\/v2\/product\/598","targetHints":{"allow":["GET"]}}],"collection":[{"href":"https:\/\/mog.com.vn\/vi\/wp-json\/wp\/v2\/product"}],"about":[{"href":"https:\/\/mog.com.vn\/vi\/wp-json\/wp\/v2\/types\/product"}],"replies":[{"embeddable":true,"href":"https:\/\/mog.com.vn\/vi\/wp-json\/wp\/v2\/comments?post=598"}],"wp:featuredmedia":[{"embeddable":true,"href":"https:\/\/mog.com.vn\/vi\/wp-json\/wp\/v2\/media\/599"}],"wp:attachment":[{"href":"https:\/\/mog.com.vn\/vi\/wp-json\/wp\/v2\/media?parent=598"}],"wp:term":[{"taxonomy":"product_brand","embeddable":true,"href":"https:\/\/mog.com.vn\/vi\/wp-json\/wp\/v2\/product_brand?post=598"},{"taxonomy":"product_cat","embeddable":true,"href":"https:\/\/mog.com.vn\/vi\/wp-json\/wp\/v2\/product_cat?post=598"},{"taxonomy":"product_tag","embeddable":true,"href":"https:\/\/mog.com.vn\/vi\/wp-json\/wp\/v2\/product_tag?post=598"}],"curies":[{"name":"wp","href":"https:\/\/api.w.org\/{rel}","templated":true}]}}