{"id":602,"date":"2025-04-12T17:11:24","date_gmt":"2025-04-12T17:11:24","guid":{"rendered":"https:\/\/mog.com.vn\/renew\/product\/klingermilam-pss\/"},"modified":"2025-04-12T17:11:32","modified_gmt":"2025-04-12T17:11:32","slug":"klingermilam-pss","status":"publish","type":"product","link":"https:\/\/mog.com.vn\/vi\/product\/klingermilam-pss\/","title":{"rendered":"KLINGERmilam PSS"},"content":{"rendered":"","protected":false},"excerpt":{"rendered":"<p><strong>\u0110\u1eb7c \u0111i\u1ec3m &amp; \u1ee9ng d\u1ee5ng ch\u00ednh<\/strong><\/p>\n<p>KLINGERmilam l\u00e0 v\u1eadt li\u1ec7u gio\u0103ng ch\u1ecbu nhi\u1ec7t \u0111\u1ed9 cao kh\u00f4ng ch\u1ee9a ami\u0103ng. KLINGERmilam \u0111\u1eb7c bi\u1ec7t ph\u00f9 h\u1ee3p \u0111\u1ec3 s\u1eed d\u1ee5ng trong c\u00e1c \u1ee9ng d\u1ee5ng axit m\u1ea1nh v\u00e0 nhi\u1ec7t \u0111\u1ed9 cao.<\/p>\n<p>N\u00f3 c\u0169ng ph\u00f9 h\u1ee3p \u1edf nhi\u1ec7t \u0111\u1ed9 cao h\u01a1n nhi\u1ec7t \u0111\u1ed9 \u1ee9ng d\u1ee5ng th\u00f4ng th\u01b0\u1eddng c\u1ee7a Graphite.<\/p>\n<p>&nbsp;<\/p>\n<p>\u0110\u01b0\u1ee3c s\u1eed d\u1ee5ng cho c\u00e1c \u1ee9ng d\u1ee5ng nhi\u1ec7t \u0111\u1ed9 cao nh\u01b0 \u1ed1ng x\u1ea3, tua bin, b\u1ed9 t\u0103ng \u00e1p v\u00e0 \u1ed1ng d\u1eabn \u0111\u1ea7u \u0111\u1ed1t.<\/p>\n<p>Kh\u1ea3 n\u0103ng ch\u1ed1ng nhi\u1ec7t kh\u00f4 tuy\u1ec7t v\u1eddi.<\/p>\n<p>Kh\u1ea3 n\u0103ng ch\u1ed1ng axit m\u1ea1nh, baz\u01a1, dung m\u00f4i, d\u1ea7u kho\u00e1ng t\u1ed1t.<\/p>\n<p>C\u01b0\u1eddng \u0111\u1ed9 n\u00e9n t\u1ed1t<\/p>\n<p>Kh\u00f4ng b\u1eaft l\u1eeda<\/p>\n<p>Kh\u00f4ng th\u1ea3i ra kh\u00f3i<\/p>\n<p>Kh\u00f4ng \u0111\u1ed9c h\u1ea1i<\/p>\n","protected":false},"featured_media":603,"comment_status":"closed","ping_status":"open","template":"","meta":[],"product_brand":[],"product_cat":[99],"product_tag":[],"class_list":{"0":"post-602","1":"product","2":"type-product","3":"status-publish","4":"has-post-thumbnail","6":"product_cat-klingergraphite-laminates","8":"first","9":"instock","10":"product-type-simple"},"yoast_head":"<!-- This site is optimized with the Yoast SEO Premium plugin v25.9 (Yoast SEO v25.9) - https:\/\/yoast.com\/wordpress\/plugins\/seo\/ -->\n<title>KLINGERmilam PSS - Mog.com.vn<\/title>\n<meta name=\"robots\" content=\"index, follow, max-snippet:-1, max-image-preview:large, max-video-preview:-1\" \/>\n<link rel=\"canonical\" href=\"https:\/\/mog.com.vn\/product\/klingermilam-pss\/\" \/>\n<meta property=\"og:locale\" content=\"vi_VN\" \/>\n<meta property=\"og:type\" content=\"article\" \/>\n<meta property=\"og:title\" content=\"KLINGERmilam PSS\" \/>\n<meta property=\"og:description\" content=\"[:vi]\u0110\u1eb7c \u0111i\u1ec3m &amp; \u1ee9ng d\u1ee5ng ch\u00ednh KLINGERmilam l\u00e0 v\u1eadt li\u1ec7u gio\u0103ng ch\u1ecbu nhi\u1ec7t \u0111\u1ed9 cao kh\u00f4ng ch\u1ee9a ami\u0103ng. KLINGERmilam \u0111\u1eb7c bi\u1ec7t ph\u00f9 h\u1ee3p \u0111\u1ec3 s\u1eed d\u1ee5ng trong c\u00e1c \u1ee9ng d\u1ee5ng axit m\u1ea1nh v\u00e0 nhi\u1ec7t \u0111\u1ed9 cao. N\u00f3 c\u0169ng ph\u00f9 h\u1ee3p \u1edf nhi\u1ec7t \u0111\u1ed9 cao h\u01a1n nhi\u1ec7t \u0111\u1ed9 \u1ee9ng d\u1ee5ng th\u00f4ng th\u01b0\u1eddng c\u1ee7a Graphite. &nbsp; \u0110\u01b0\u1ee3c s\u1eed d\u1ee5ng cho c\u00e1c \u1ee9ng d\u1ee5ng nhi\u1ec7t \u0111\u1ed9 cao nh\u01b0 \u1ed1ng x\u1ea3, tua bin, b\u1ed9 t\u0103ng \u00e1p v\u00e0 \u1ed1ng d\u1eabn \u0111\u1ea7u \u0111\u1ed1t. Kh\u1ea3 n\u0103ng ch\u1ed1ng nhi\u1ec7t kh\u00f4 tuy\u1ec7t v\u1eddi. Kh\u1ea3 n\u0103ng ch\u1ed1ng axit m\u1ea1nh, baz\u01a1, dung m\u00f4i, d\u1ea7u kho\u00e1ng t\u1ed1t. C\u01b0\u1eddng \u0111\u1ed9 n\u00e9n t\u1ed1t Kh\u00f4ng b\u1eaft l\u1eeda Kh\u00f4ng th\u1ea3i ra kh\u00f3i Kh\u00f4ng \u0111\u1ed9c h\u1ea1i[:en]Characteristic &amp; main applications KLINGERmilam is a high temperature gasket material which is asbestos free. KLINGERmilam is specifically suitable for use in aggressive acids and high temperature applications. It is also suitable above the typical application temperatures of Graphite.  Used for high temperature applications such as exhaust manifolds, turbines, turbochargers and burner ducting.  Outstanding resistance to dry heat.  Good resistance to aggressive acids, bases, solvents, mineral oils.  Good compressive strength  Non-flammable  Does not give off fumes  Non toxic [:ja]\u7279\u5fb4\u3068\u4e3b\u306a\u7528\u9014 KLINGERmilam \u306f\u3001\u9ad8\u6e29\u975e\u77f3\u7dbf\u30ac\u30b9\u30b1\u30c3\u30c8\u6750\u6599\u3067\u3059\u3002 KLINGERmilam \u306f\u3001\u5f37\u9178\u304a\u3088\u3073\u9ad8\u6e29\u7528\u9014\u306b\u7279\u306b\u9069\u3057\u3066\u3044\u307e\u3059\u3002 \u30b0\u30e9\u30d5\u30a1\u30a4\u30c8\u306e\u901a\u5e38\u306e\u4f7f\u7528\u6e29\u5ea6\u7bc4\u56f2\u3092\u8d85\u3048\u305f\u9ad8\u6e29\u3067\u3082\u9069\u3057\u3066\u3044\u307e\u3059\u3002 \u9ad8\u6e29\u30a2\u30d7\u30ea\u30b1\u30fc\u30b7\u30e7\u30f3\uff08\u6392\u6c17\u7ba1\u3001\u30bf\u30fc\u30d3\u30f3\u3001\u30bf\u30fc\u30dc\u30c1\u30e3\u30fc\u30b8\u30e3\u30fc\u3001\u30d0\u30fc\u30ca\u30fc\u30c0\u30af\u30c8\u306a\u3069\uff09\u306b\u4f7f\u7528\u3055\u308c\u307e\u3059\u3002 \u512a\u308c\u305f\u4e7e\u71b1\u8010\u6027 \u5f37\u9178\u3001\u30a2\u30eb\u30ab\u30ea\u3001\u6eb6\u5264\u3001\u9271\u6cb9\u306b\u5bfe\u3059\u308b\u512a\u308c\u305f\u8010\u6027 \u826f\u597d\u306a\u5727\u7e2e\u5f37\u5ea6 \u4e0d\u71c3\u6027 \u7159\u3092\u51fa\u3055\u306a\u3044 \u7121\u6bd2[:kr]\u00a0\ud2b9\uc131 \ubc0f \uc8fc\uc694 \uc751\uc6a9 KLINGERmilam\uc740 \uc11d\uba74\uc774 \uc5c6\ub294 \uace0\uc628 \uac1c\uc2a4\ud0b7 \uc18c\uc7ac\uc785\ub2c8\ub2e4. KLINGERmilam\uc740 \ud2b9\ud788 \uacf5\uaca9\uc801\uc778 \uc0b0 \ubc0f \uace0\uc628 \uc751\uc6a9 \ubd84\uc57c\uc5d0\uc11c \uc0ac\uc6a9\ud558\uae30\uc5d0 \uc801\ud569\ud569\ub2c8\ub2e4. \ub610\ud55c Graphite\uc758 \uc77c\ubc18\uc801\uc778 \uc751\uc6a9 \uc628\ub3c4 \uc774\uc0c1\uc5d0 \uc801\ud569\ud569\ub2c8\ub2e4. \ubc30\uae30 \ub9e4\ub2c8\ud3f4\ub4dc, \ud130\ube48, \ud130\ubcf4\ucc28\uc800 \ubc0f \ubc84\ub108 \ub355\ud305\uacfc \uac19\uc740 \uace0\uc628 \uc751\uc6a9 \ubd84\uc57c\uc5d0 \uc0ac\uc6a9\ub429\ub2c8\ub2e4. \ub6f0\uc5b4\ub09c \uac74\uc870 \uc5f4 \uc800\ud56d\uc131. \uacf5\uaca9\uc801\uc778 \uc0b0, \uc5fc\uae30, \uc6a9\ub9e4, \ubbf8\ub124\ub784 \uc624\uc77c\uc5d0 \ub300\ud55c \uc6b0\uc218\ud55c \uc800\ud56d\uc131. \uc6b0\uc218\ud55c \uc555\ucd95 \uac15\ub3c4 \ubd88\uc5f0\uc131 \uc5f0\uae30\ub97c \ubc1c\uc0dd\uc2dc\ud0a4\uc9c0 \uc54a\uc74c \ubb34\ub3c5\uc131[:]\" \/>\n<meta property=\"og:url\" content=\"https:\/\/mog.com.vn\/product\/klingermilam-pss\/\" \/>\n<meta property=\"og:site_name\" content=\"Mog.com.vn\" \/>\n<meta property=\"article:modified_time\" content=\"2025-04-12T17:11:32+00:00\" \/>\n<meta property=\"og:image\" content=\"https:\/\/mog.com.vn\/wp-content\/uploads\/2025\/04\/49.-Klingermilam-PSS.jpg\" \/>\n\t<meta property=\"og:image:width\" content=\"800\" \/>\n\t<meta property=\"og:image:height\" content=\"800\" \/>\n\t<meta property=\"og:image:type\" content=\"image\/jpeg\" \/>\n<meta name=\"twitter:card\" content=\"summary_large_image\" \/>\n<script type=\"application\/ld+json\" class=\"yoast-schema-graph\">{\"@context\":\"https:\/\/schema.org\",\"@graph\":[{\"@type\":\"WebPage\",\"@id\":\"https:\/\/mog.com.vn\/product\/klingermilam-pss\/\",\"url\":\"https:\/\/mog.com.vn\/product\/klingermilam-pss\/\",\"name\":\"KLINGERmilam PSS - Mog.com.vn\",\"isPartOf\":{\"@id\":\"https:\/\/mog.com.vn\/#website\"},\"primaryImageOfPage\":{\"@id\":\"https:\/\/mog.com.vn\/product\/klingermilam-pss\/#primaryimage\"},\"image\":{\"@id\":\"https:\/\/mog.com.vn\/product\/klingermilam-pss\/#primaryimage\"},\"thumbnailUrl\":\"https:\/\/mog.com.vn\/wp-content\/uploads\/2025\/04\/49.-Klingermilam-PSS.jpg\",\"datePublished\":\"2025-04-12T17:11:24+00:00\",\"dateModified\":\"2025-04-12T17:11:32+00:00\",\"breadcrumb\":{\"@id\":\"https:\/\/mog.com.vn\/product\/klingermilam-pss\/#breadcrumb\"},\"inLanguage\":\"vi\",\"potentialAction\":[{\"@type\":\"ReadAction\",\"target\":[\"https:\/\/mog.com.vn\/product\/klingermilam-pss\/\"]}]},{\"@type\":\"ImageObject\",\"inLanguage\":\"vi\",\"@id\":\"https:\/\/mog.com.vn\/product\/klingermilam-pss\/#primaryimage\",\"url\":\"https:\/\/mog.com.vn\/wp-content\/uploads\/2025\/04\/49.-Klingermilam-PSS.jpg\",\"contentUrl\":\"https:\/\/mog.com.vn\/wp-content\/uploads\/2025\/04\/49.-Klingermilam-PSS.jpg\",\"width\":800,\"height\":800},{\"@type\":\"BreadcrumbList\",\"@id\":\"https:\/\/mog.com.vn\/product\/klingermilam-pss\/#breadcrumb\",\"itemListElement\":[{\"@type\":\"ListItem\",\"position\":1,\"name\":\"Home\",\"item\":\"https:\/\/mog.com.vn\/\"},{\"@type\":\"ListItem\",\"position\":2,\"name\":\"Shop\",\"item\":\"https:\/\/mog.com.vn\/shop\/\"},{\"@type\":\"ListItem\",\"position\":3,\"name\":\"KLINGERmilam PSS\"}]},{\"@type\":\"WebSite\",\"@id\":\"https:\/\/mog.com.vn\/#website\",\"url\":\"https:\/\/mog.com.vn\/\",\"name\":\"Mog.com.vn\",\"description\":\"FLOW Control Solutions\",\"publisher\":{\"@id\":\"https:\/\/mog.com.vn\/#organization\"},\"potentialAction\":[{\"@type\":\"SearchAction\",\"target\":{\"@type\":\"EntryPoint\",\"urlTemplate\":\"https:\/\/mog.com.vn\/?s={search_term_string}\"},\"query-input\":{\"@type\":\"PropertyValueSpecification\",\"valueRequired\":true,\"valueName\":\"search_term_string\"}}],\"inLanguage\":\"vi\"},{\"@type\":\"Organization\",\"@id\":\"https:\/\/mog.com.vn\/#organization\",\"name\":\"Mog.com.vn\",\"url\":\"https:\/\/mog.com.vn\/\",\"logo\":{\"@type\":\"ImageObject\",\"inLanguage\":\"vi\",\"@id\":\"https:\/\/mog.com.vn\/#\/schema\/logo\/image\/\",\"url\":\"https:\/\/mog.com.vn\/wp-content\/uploads\/2025\/10\/Logo-MOG.jpg\",\"contentUrl\":\"https:\/\/mog.com.vn\/wp-content\/uploads\/2025\/10\/Logo-MOG.jpg\",\"width\":755,\"height\":230,\"caption\":\"Mog.com.vn\"},\"image\":{\"@id\":\"https:\/\/mog.com.vn\/#\/schema\/logo\/image\/\"},\"description\":\"Gi\u1ea3i ph\u00e1p C\u01a1 kh\u00ed ch\u00ednh x\u00e1c & Van c\u00f4ng nghi\u1ec7p to\u00e0n di\u1ec7n cho doanh nghi\u1ec7p c\u1ee7a b\u1ea1n.\",\"email\":\"giacongcokhimog@gmail.com\",\"telephone\":\"090 311 4883\"}]}<\/script>\n<!-- \/ Yoast SEO Premium plugin. -->","yoast_head_json":{"title":"KLINGERmilam PSS - Mog.com.vn","robots":{"index":"index","follow":"follow","max-snippet":"max-snippet:-1","max-image-preview":"max-image-preview:large","max-video-preview":"max-video-preview:-1"},"canonical":"https:\/\/mog.com.vn\/product\/klingermilam-pss\/","og_locale":"vi_VN","og_type":"article","og_title":"KLINGERmilam PSS","og_description":"[:vi]\u0110\u1eb7c \u0111i\u1ec3m &amp; \u1ee9ng d\u1ee5ng ch\u00ednh KLINGERmilam l\u00e0 v\u1eadt li\u1ec7u gio\u0103ng ch\u1ecbu nhi\u1ec7t \u0111\u1ed9 cao kh\u00f4ng ch\u1ee9a ami\u0103ng. KLINGERmilam \u0111\u1eb7c bi\u1ec7t ph\u00f9 h\u1ee3p \u0111\u1ec3 s\u1eed d\u1ee5ng trong c\u00e1c \u1ee9ng d\u1ee5ng axit m\u1ea1nh v\u00e0 nhi\u1ec7t \u0111\u1ed9 cao. N\u00f3 c\u0169ng ph\u00f9 h\u1ee3p \u1edf nhi\u1ec7t \u0111\u1ed9 cao h\u01a1n nhi\u1ec7t \u0111\u1ed9 \u1ee9ng d\u1ee5ng th\u00f4ng th\u01b0\u1eddng c\u1ee7a Graphite. &nbsp; \u0110\u01b0\u1ee3c s\u1eed d\u1ee5ng cho c\u00e1c \u1ee9ng d\u1ee5ng nhi\u1ec7t \u0111\u1ed9 cao nh\u01b0 \u1ed1ng x\u1ea3, tua bin, b\u1ed9 t\u0103ng \u00e1p v\u00e0 \u1ed1ng d\u1eabn \u0111\u1ea7u \u0111\u1ed1t. Kh\u1ea3 n\u0103ng ch\u1ed1ng nhi\u1ec7t kh\u00f4 tuy\u1ec7t v\u1eddi. Kh\u1ea3 n\u0103ng ch\u1ed1ng axit m\u1ea1nh, baz\u01a1, dung m\u00f4i, d\u1ea7u kho\u00e1ng t\u1ed1t. C\u01b0\u1eddng \u0111\u1ed9 n\u00e9n t\u1ed1t Kh\u00f4ng b\u1eaft l\u1eeda Kh\u00f4ng th\u1ea3i ra kh\u00f3i Kh\u00f4ng \u0111\u1ed9c h\u1ea1i[:en]Characteristic &amp; main applications KLINGERmilam is a high temperature gasket material which is asbestos free. KLINGERmilam is specifically suitable for use in aggressive acids and high temperature applications. It is also suitable above the typical application temperatures of Graphite.  Used for high temperature applications such as exhaust manifolds, turbines, turbochargers and burner ducting.  Outstanding resistance to dry heat.  Good resistance to aggressive acids, bases, solvents, mineral oils.  Good compressive strength  Non-flammable  Does not give off fumes  Non toxic [:ja]\u7279\u5fb4\u3068\u4e3b\u306a\u7528\u9014 KLINGERmilam \u306f\u3001\u9ad8\u6e29\u975e\u77f3\u7dbf\u30ac\u30b9\u30b1\u30c3\u30c8\u6750\u6599\u3067\u3059\u3002 KLINGERmilam \u306f\u3001\u5f37\u9178\u304a\u3088\u3073\u9ad8\u6e29\u7528\u9014\u306b\u7279\u306b\u9069\u3057\u3066\u3044\u307e\u3059\u3002 \u30b0\u30e9\u30d5\u30a1\u30a4\u30c8\u306e\u901a\u5e38\u306e\u4f7f\u7528\u6e29\u5ea6\u7bc4\u56f2\u3092\u8d85\u3048\u305f\u9ad8\u6e29\u3067\u3082\u9069\u3057\u3066\u3044\u307e\u3059\u3002 \u9ad8\u6e29\u30a2\u30d7\u30ea\u30b1\u30fc\u30b7\u30e7\u30f3\uff08\u6392\u6c17\u7ba1\u3001\u30bf\u30fc\u30d3\u30f3\u3001\u30bf\u30fc\u30dc\u30c1\u30e3\u30fc\u30b8\u30e3\u30fc\u3001\u30d0\u30fc\u30ca\u30fc\u30c0\u30af\u30c8\u306a\u3069\uff09\u306b\u4f7f\u7528\u3055\u308c\u307e\u3059\u3002 \u512a\u308c\u305f\u4e7e\u71b1\u8010\u6027 \u5f37\u9178\u3001\u30a2\u30eb\u30ab\u30ea\u3001\u6eb6\u5264\u3001\u9271\u6cb9\u306b\u5bfe\u3059\u308b\u512a\u308c\u305f\u8010\u6027 \u826f\u597d\u306a\u5727\u7e2e\u5f37\u5ea6 \u4e0d\u71c3\u6027 \u7159\u3092\u51fa\u3055\u306a\u3044 \u7121\u6bd2[:kr]\u00a0\ud2b9\uc131 \ubc0f \uc8fc\uc694 \uc751\uc6a9 KLINGERmilam\uc740 \uc11d\uba74\uc774 \uc5c6\ub294 \uace0\uc628 \uac1c\uc2a4\ud0b7 \uc18c\uc7ac\uc785\ub2c8\ub2e4. KLINGERmilam\uc740 \ud2b9\ud788 \uacf5\uaca9\uc801\uc778 \uc0b0 \ubc0f \uace0\uc628 \uc751\uc6a9 \ubd84\uc57c\uc5d0\uc11c \uc0ac\uc6a9\ud558\uae30\uc5d0 \uc801\ud569\ud569\ub2c8\ub2e4. \ub610\ud55c Graphite\uc758 \uc77c\ubc18\uc801\uc778 \uc751\uc6a9 \uc628\ub3c4 \uc774\uc0c1\uc5d0 \uc801\ud569\ud569\ub2c8\ub2e4. \ubc30\uae30 \ub9e4\ub2c8\ud3f4\ub4dc, \ud130\ube48, \ud130\ubcf4\ucc28\uc800 \ubc0f \ubc84\ub108 \ub355\ud305\uacfc \uac19\uc740 \uace0\uc628 \uc751\uc6a9 \ubd84\uc57c\uc5d0 \uc0ac\uc6a9\ub429\ub2c8\ub2e4. \ub6f0\uc5b4\ub09c \uac74\uc870 \uc5f4 \uc800\ud56d\uc131. \uacf5\uaca9\uc801\uc778 \uc0b0, \uc5fc\uae30, \uc6a9\ub9e4, \ubbf8\ub124\ub784 \uc624\uc77c\uc5d0 \ub300\ud55c \uc6b0\uc218\ud55c \uc800\ud56d\uc131. \uc6b0\uc218\ud55c \uc555\ucd95 \uac15\ub3c4 \ubd88\uc5f0\uc131 \uc5f0\uae30\ub97c \ubc1c\uc0dd\uc2dc\ud0a4\uc9c0 \uc54a\uc74c \ubb34\ub3c5\uc131[:]","og_url":"https:\/\/mog.com.vn\/product\/klingermilam-pss\/","og_site_name":"Mog.com.vn","article_modified_time":"2025-04-12T17:11:32+00:00","og_image":[{"width":800,"height":800,"url":"https:\/\/mog.com.vn\/wp-content\/uploads\/2025\/04\/49.-Klingermilam-PSS.jpg","type":"image\/jpeg"}],"twitter_card":"summary_large_image","schema":{"@context":"https:\/\/schema.org","@graph":[{"@type":"WebPage","@id":"https:\/\/mog.com.vn\/product\/klingermilam-pss\/","url":"https:\/\/mog.com.vn\/product\/klingermilam-pss\/","name":"KLINGERmilam PSS - Mog.com.vn","isPartOf":{"@id":"https:\/\/mog.com.vn\/#website"},"primaryImageOfPage":{"@id":"https:\/\/mog.com.vn\/product\/klingermilam-pss\/#primaryimage"},"image":{"@id":"https:\/\/mog.com.vn\/product\/klingermilam-pss\/#primaryimage"},"thumbnailUrl":"https:\/\/mog.com.vn\/wp-content\/uploads\/2025\/04\/49.-Klingermilam-PSS.jpg","datePublished":"2025-04-12T17:11:24+00:00","dateModified":"2025-04-12T17:11:32+00:00","breadcrumb":{"@id":"https:\/\/mog.com.vn\/product\/klingermilam-pss\/#breadcrumb"},"inLanguage":"vi","potentialAction":[{"@type":"ReadAction","target":["https:\/\/mog.com.vn\/product\/klingermilam-pss\/"]}]},{"@type":"ImageObject","inLanguage":"vi","@id":"https:\/\/mog.com.vn\/product\/klingermilam-pss\/#primaryimage","url":"https:\/\/mog.com.vn\/wp-content\/uploads\/2025\/04\/49.-Klingermilam-PSS.jpg","contentUrl":"https:\/\/mog.com.vn\/wp-content\/uploads\/2025\/04\/49.-Klingermilam-PSS.jpg","width":800,"height":800},{"@type":"BreadcrumbList","@id":"https:\/\/mog.com.vn\/product\/klingermilam-pss\/#breadcrumb","itemListElement":[{"@type":"ListItem","position":1,"name":"Home","item":"https:\/\/mog.com.vn\/"},{"@type":"ListItem","position":2,"name":"Shop","item":"https:\/\/mog.com.vn\/shop\/"},{"@type":"ListItem","position":3,"name":"KLINGERmilam PSS"}]},{"@type":"WebSite","@id":"https:\/\/mog.com.vn\/#website","url":"https:\/\/mog.com.vn\/","name":"Mog.com.vn","description":"FLOW Control Solutions","publisher":{"@id":"https:\/\/mog.com.vn\/#organization"},"potentialAction":[{"@type":"SearchAction","target":{"@type":"EntryPoint","urlTemplate":"https:\/\/mog.com.vn\/?s={search_term_string}"},"query-input":{"@type":"PropertyValueSpecification","valueRequired":true,"valueName":"search_term_string"}}],"inLanguage":"vi"},{"@type":"Organization","@id":"https:\/\/mog.com.vn\/#organization","name":"Mog.com.vn","url":"https:\/\/mog.com.vn\/","logo":{"@type":"ImageObject","inLanguage":"vi","@id":"https:\/\/mog.com.vn\/#\/schema\/logo\/image\/","url":"https:\/\/mog.com.vn\/wp-content\/uploads\/2025\/10\/Logo-MOG.jpg","contentUrl":"https:\/\/mog.com.vn\/wp-content\/uploads\/2025\/10\/Logo-MOG.jpg","width":755,"height":230,"caption":"Mog.com.vn"},"image":{"@id":"https:\/\/mog.com.vn\/#\/schema\/logo\/image\/"},"description":"Gi\u1ea3i ph\u00e1p C\u01a1 kh\u00ed ch\u00ednh x\u00e1c & Van c\u00f4ng nghi\u1ec7p to\u00e0n di\u1ec7n cho doanh nghi\u1ec7p c\u1ee7a b\u1ea1n.","email":"giacongcokhimog@gmail.com","telephone":"090 311 4883"}]}},"_links":{"self":[{"href":"https:\/\/mog.com.vn\/vi\/wp-json\/wp\/v2\/product\/602","targetHints":{"allow":["GET"]}}],"collection":[{"href":"https:\/\/mog.com.vn\/vi\/wp-json\/wp\/v2\/product"}],"about":[{"href":"https:\/\/mog.com.vn\/vi\/wp-json\/wp\/v2\/types\/product"}],"replies":[{"embeddable":true,"href":"https:\/\/mog.com.vn\/vi\/wp-json\/wp\/v2\/comments?post=602"}],"wp:featuredmedia":[{"embeddable":true,"href":"https:\/\/mog.com.vn\/vi\/wp-json\/wp\/v2\/media\/603"}],"wp:attachment":[{"href":"https:\/\/mog.com.vn\/vi\/wp-json\/wp\/v2\/media?parent=602"}],"wp:term":[{"taxonomy":"product_brand","embeddable":true,"href":"https:\/\/mog.com.vn\/vi\/wp-json\/wp\/v2\/product_brand?post=602"},{"taxonomy":"product_cat","embeddable":true,"href":"https:\/\/mog.com.vn\/vi\/wp-json\/wp\/v2\/product_cat?post=602"},{"taxonomy":"product_tag","embeddable":true,"href":"https:\/\/mog.com.vn\/vi\/wp-json\/wp\/v2\/product_tag?post=602"}],"curies":[{"name":"wp","href":"https:\/\/api.w.org\/{rel}","templated":true}]}}