{"id":606,"date":"2025-04-12T17:11:41","date_gmt":"2025-04-12T17:11:41","guid":{"rendered":"https:\/\/mog.com.vn\/renew\/product\/klingersls\/"},"modified":"2025-04-12T17:11:41","modified_gmt":"2025-04-12T17:11:41","slug":"klingersls","status":"publish","type":"product","link":"https:\/\/mog.com.vn\/vi\/product\/klingersls\/","title":{"rendered":"KLINGER\u00aeSLS"},"content":{"rendered":"<strong>V\u1eadt li\u1ec7u<\/strong><\/p>\n<p>Than ch\u00ec t\u00e1ch l\u1edbp nguy\u00ean ch\u1ea5t v\u1edbi l\u1edbp gia c\u1ed1 l\u00e1 th\u00e9p kh\u00f4ng g\u1ec9.<\/p>\n<p><strong>Bi\u1ec3u \u0111\u1ed3 pT<\/strong><\/p>\n<p>Bi\u1ec3u \u0111\u1ed3 pT c\u1ee7a Klinger cung c\u1ea5p h\u01b0\u1edbng d\u1eabn \u0111\u1ec3 x\u00e1c \u0111\u1ecbnh t\u00ednh ph\u00f9 h\u1ee3p c\u1ee7a v\u1eadt li\u1ec7u gio\u0103ng c\u1ee5 th\u1ec3 cho m\u1ed9t \u1ee9ng d\u1ee5ng c\u1ee5 th\u1ec3 ch\u1ec9 d\u1ef1a tr\u00ean nhi\u1ec7t \u0111\u1ed9 v\u00e0 \u00e1p su\u1ea5t v\u1eadn h\u00e0nh. Lu\u00f4n tham kh\u1ea3o kh\u1ea3 n\u0103ng ch\u1ed1ng h\u00f3a ch\u1ea5t c\u1ee7a gio\u0103ng \u0111\u1ed1i v\u1edbi ch\u1ea5t l\u1ecfng.<\/p>\n<p><img loading=\"lazy\" decoding=\"async\" class=\"alignnone size-medium wp-image-987452520\" src=\"http:\/\/www.khonglieng.com.sg\/wp-content\/uploads\/klinger-sls-diagram-300x277.jpg\" sizes=\"auto, (max-width: 300px) 100vw, 300px\" srcset=\"https:\/\/khonglieng.com.sg\/wp-content\/uploads\/klinger-sls-diagram-300x277.jpg 300w, https:\/\/khonglieng.com.sg\/wp-content\/uploads\/klinger-sls-diagram.jpg 400w\" alt=\"\" width=\"300\" height=\"277\" \/><\/p>\n<ol>\n<li>\u1ede khu v\u1ef1c m\u1ed9t, v\u1eadt li\u1ec7u gio\u0103ng th\u01b0\u1eddng ph\u00f9 h\u1ee3p t\u00f9y thu\u1ed9c v\u00e0o kh\u1ea3 n\u0103ng t\u01b0\u01a1ng th\u00edch h\u00f3a h\u1ecdc.<\/li>\n<li>\u1ede khu v\u1ef1c hai, v\u1eadt li\u1ec7u gio\u0103ng c\u00f3 th\u1ec3 ph\u00f9 h\u1ee3p nh\u01b0ng n\u00ean \u0111\u00e1nh gi\u00e1 k\u1ef9 thu\u1eadt.<\/li>\n<li>\u1ede khu v\u1ef1c ba, kh\u00f4ng l\u1eafp gio\u0103ng m\u00e0 kh\u00f4ng c\u00f3 \u0111\u00e1nh gi\u00e1 k\u1ef9 thu\u1eadt.<\/li>\n<\/ol>\n<p>&nbsp;<\/p>\n<p><strong>D\u1eef li\u1ec7u k\u1ef9 thu\u1eadt \u2013 Gi\u00e1 tr\u1ecb ti\u00eau bi\u1ec3u cho \u0111\u1ed9 d\u00e0y 1,5mm<\/strong><\/p>\n<table>\n<tbody>\n<tr>\n<td class=\"col1\">Compressibility (ASTM F36J)<\/td>\n<td class=\"col2\">40%<\/td>\n<\/tr>\n<tr>\n<td>Recovery (ASTM F36J)<\/td>\n<td>15%<\/td>\n<\/tr>\n<tr>\n<td>Stress relaxation DIN 52913<br \/>\n50 MPa, 16 h\/300\u00b0C<\/td>\n<td>48N\/mm<span class=\"small\"><sup>2<\/sup><\/span><\/td>\n<\/tr>\n<tr>\n<td>Stress relaxation BS 7531<br \/>\n40 MPa, 16 h\/300\u00b0C<\/td>\n<td>38N\/mm<span class=\"small\"><sup>2<\/sup><\/span><\/td>\n<\/tr>\n<tr>\n<td>Leachable chloride<\/td>\n<td>&lt;40ppm<\/td>\n<\/tr>\n<tr>\n<td>Graphite purity<\/td>\n<td>&gt;98%<\/td>\n<\/tr>\n<tr>\n<td>Gas leakage (DIN 3535\/6)<\/td>\n<td>&lt; 1.0ml\/min<\/td>\n<\/tr>\n<tr>\n<td>Thickness increase after immersion in<br \/>\noil JRM 903: 5 h\/150\u00b0C<\/td>\n<td>&lt;2%<\/td>\n<\/tr>\n<tr>\n<td>Density<\/td>\n<td>1.0g\/cm<span class=\"small\"><sup>3<\/sup><\/span><\/td>\n<\/tr>\n<tr>\n<td>Standard insert: 316<\/td>\n<td>\u00a00.05mm<\/td>\n<\/tr>\n<\/tbody>\n<\/table>\n<p>C\u0169ng c\u00f3 s\u1eb5n v\u1edbi d\u00e2y ho\u1eb7c c\u1ed1t kim lo\u1ea1i gi\u00e3n n\u1edf.<\/p>\n<p><strong>K\u00edch th\u01b0\u1edbc c\u1ee7a c\u00e1c t\u1ea5m ti\u00eau chu\u1ea9n<\/strong><\/p>\n<p>K\u00edch th\u01b0\u1edbc: 1000 x 1000mm , 1500 x 1500mm<\/p>\n<p>\u0110\u1ed9 d\u00e0y: 0,8mm, 1,0mm, 1,5mm, 2,0mm, 3,0mm<\/p>\n<p>Dung sai: \u0111\u1ed9 d\u00e0y \u00b1 5% \u0111\u1ed9 d\u00e0y danh ngh\u0129a \/ T\u1ea5m \u00b1 5mm k\u00edch th\u01b0\u1edbc danh ngh\u0129a. **<\/p>\n<p><strong>Ch\u1ee9c n\u0103ng v\u00e0 \u0111\u1ed9 b\u1ec1n<\/strong><\/p>\n<p>Hi\u1ec7u su\u1ea5t v\u00e0 tu\u1ed5i th\u1ecd c\u1ee7a gio\u0103ng KLINGER ph\u1ee5 thu\u1ed9c ph\u1ea7n l\u1edbn v\u00e0o vi\u1ec7c b\u1ea3o qu\u1ea3n v\u00e0 l\u1eafp \u0111\u1eb7t \u0111\u00fang c\u00e1ch, c\u00e1c y\u1ebfu t\u1ed1 n\u1eb1m ngo\u00e0i t\u1ea7m ki\u1ec3m so\u00e1t c\u1ee7a nh\u00e0 s\u1ea3n xu\u1ea5t. Tuy nhi\u00ean, ch\u00fang t\u00f4i c\u00f3 th\u1ec3 \u0111\u1ea3m b\u1ea3o ch\u1ea5t l\u01b0\u1ee3ng tuy\u1ec7t v\u1eddi c\u1ee7a c\u00e1c s\u1ea3n ph\u1ea9m c\u1ee7a m\u00ecnh. V\u1edbi l\u01b0u \u00fd n\u00e0y, vui l\u00f2ng tu\u00e2n th\u1ee7 h\u01b0\u1edbng d\u1eabn l\u1eafp \u0111\u1eb7t c\u1ee7a ch\u00fang t\u00f4i.","protected":false},"excerpt":{"rendered":"<p><strong>\u0110\u1eb7c \u0111i\u1ec3m &amp; \u1ee9ng d\u1ee5ng ch\u00ednh<\/strong><\/p>\n<p>&nbsp;<\/p>\n<p>KLINGER\u00aeSLS c\u00f3 s\u1eb5n trong c\u1ea5u h\u00ecnh AS (ch\u1ed1ng d\u00ednh) ho\u1eb7c G \u0111\u1ed9c \u0111\u00e1o.<\/p>\n<p>L\u00e1 th\u00e9p gi\u00fap c\u1ea3i thi\u1ec7n kh\u1ea3 n\u0103ng x\u1eed l\u00fd v\u00e0 ch\u1ecbu t\u1ea3i.<\/p>\n<p>T\u00ednh th\u00edch nghi tuy\u1ec7t v\u1eddi c\u1ee7a than ch\u00ec c\u00f3 ngh\u0129a l\u00e0 v\u1eadt li\u1ec7u n\u00e0y ph\u00f9 h\u1ee3p v\u1edbi c\u00e1c \u1ee9ng d\u1ee5ng c\u00f3 t\u1ea3i tr\u1ecdng bu l\u00f4ng b\u1ecb h\u1ea1n ch\u1ebf ho\u1eb7c m\u1eb7t b\u00edch b\u1ecb h\u1ecfng.<\/p>\n<p>Th\u00edch h\u1ee3p \u0111\u1ec3 s\u1eed d\u1ee5ng trong ng\u00e0nh b\u1ed9t gi\u1ea5y v\u00e0 gi\u1ea5y, h\u00f3a ch\u1ea5t v\u00e0 h\u01a1i n\u01b0\u1edbc.<\/p>\n","protected":false},"featured_media":607,"comment_status":"closed","ping_status":"open","template":"","meta":[],"product_brand":[],"product_cat":[99],"product_tag":[],"class_list":{"0":"post-606","1":"product","2":"type-product","3":"status-publish","4":"has-post-thumbnail","6":"product_cat-klingergraphite-laminates","8":"first","9":"instock","10":"product-type-simple"},"yoast_head":"<!-- This site is optimized with the Yoast SEO Premium plugin v25.9 (Yoast SEO v25.9) - https:\/\/yoast.com\/wordpress\/plugins\/seo\/ -->\n<title>KLINGER\u00aeSLS - Mog.com.vn<\/title>\n<meta name=\"robots\" content=\"index, follow, max-snippet:-1, max-image-preview:large, max-video-preview:-1\" \/>\n<link rel=\"canonical\" href=\"https:\/\/mog.com.vn\/vi\/product\/klingersls\/\" \/>\n<meta property=\"og:locale\" content=\"vi_VN\" \/>\n<meta property=\"og:type\" content=\"article\" \/>\n<meta property=\"og:title\" content=\"KLINGER\u00aeSLS\" \/>\n<meta property=\"og:description\" content=\"[:vi]\u0110\u1eb7c \u0111i\u1ec3m &amp; \u1ee9ng d\u1ee5ng ch\u00ednh &nbsp; KLINGER\u00aeSLS c\u00f3 s\u1eb5n trong c\u1ea5u h\u00ecnh AS (ch\u1ed1ng d\u00ednh) ho\u1eb7c G \u0111\u1ed9c \u0111\u00e1o. L\u00e1 th\u00e9p gi\u00fap c\u1ea3i thi\u1ec7n kh\u1ea3 n\u0103ng x\u1eed l\u00fd v\u00e0 ch\u1ecbu t\u1ea3i. T\u00ednh th\u00edch nghi tuy\u1ec7t v\u1eddi c\u1ee7a than ch\u00ec c\u00f3 ngh\u0129a l\u00e0 v\u1eadt li\u1ec7u n\u00e0y ph\u00f9 h\u1ee3p v\u1edbi c\u00e1c \u1ee9ng d\u1ee5ng c\u00f3 t\u1ea3i tr\u1ecdng bu l\u00f4ng b\u1ecb h\u1ea1n ch\u1ebf ho\u1eb7c m\u1eb7t b\u00edch b\u1ecb h\u1ecfng. Th\u00edch h\u1ee3p \u0111\u1ec3 s\u1eed d\u1ee5ng trong ng\u00e0nh b\u1ed9t gi\u1ea5y v\u00e0 gi\u1ea5y, h\u00f3a ch\u1ea5t v\u00e0 h\u01a1i n\u01b0\u1edbc.[:en]Characteristic &amp; main applications KLINGER\u00aeSLS is available in the unique AS (anti stick) or G configuration. The steel foil gives improved handling and load-bearing characteristics. The excellent conformability of graphite means that the material is suitable for applications where bolt load is limited or flanges are damaged. It is ideal for use in the pulp and paper, chemicals and steam industries.[:ja]\u7279\u5fb4\u3068\u4e3b\u306a\u7528\u9014 KLINGER\u00aeSLS \u306f\u3001AS (\u30a2\u30f3\u30c1\u30b9\u30c6\u30a3\u30c3\u30af) \u307e\u305f\u306f G \u306e\u72ec\u81ea\u306e\u69cb\u6210\u3067\u5229\u7528\u53ef\u80fd\u3067\u3059\u3002 \u92fc\u306e\u7b94\u304c\u53d6\u308a\u6271\u3044\u3068\u8010\u8377\u91cd\u6027\u3092\u5411\u4e0a\u3055\u305b\u307e\u3059\u3002 \u30b0\u30e9\u30d5\u30a1\u30a4\u30c8\u306e\u512a\u308c\u305f\u9069\u5fdc\u6027\u306b\u3088\u308a\u3001\u30dc\u30eb\u30c8\u8ca0\u8377\u304c\u5236\u9650\u3055\u308c\u305f\u7528\u9014\u3084\u7834\u640d\u3057\u305f\u30d5\u30e9\u30f3\u30b8\u306b\u9069\u3057\u3066\u3044\u307e\u3059\u3002 \u88fd\u7d19\u3001\u5316\u5b66\u3001\u304a\u3088\u3073\u84b8\u6c17\u7523\u696d\u3067\u306e\u4f7f\u7528\u306b\u9069\u3057\u3066\u3044\u307e\u3059\u3002[:kr]\ud2b9\uc131 \ubc0f \uc8fc\uc694 \uc751\uc6a9\u00a0 KLINGER\u00aeSLS\ub294 \uace0\uc720\ud55c AS(\uc548\ud2f0 \uc2a4\ud2f1) \ub610\ub294 G \uad6c\uc131\uc73c\ub85c \uc81c\uacf5\ub429\ub2c8\ub2e4. \uac15\ucca0 \ud638\uc77c\uc740 \ud5a5\uc0c1\ub41c \ucde8\uae09 \ubc0f \ud558\uc911 \uc9c0\uc9c0 \ud2b9\uc131\uc744 \uc81c\uacf5\ud569\ub2c8\ub2e4. \ud751\uc5f0\uc758 \ub6f0\uc5b4\ub09c \uc801\ud569\uc131\uc740 \ubcfc\ud2b8 \ud558\uc911\uc774 \uc81c\ud55c\ub418\uac70\ub098 \ud50c\ub79c\uc9c0\uac00 \uc190\uc0c1\ub41c \uc751\uc6a9 \ubd84\uc57c\uc5d0 \uc801\ud569\ud558\ub2e4\ub294 \uac83\uc744 \uc758\ubbf8\ud569\ub2c8\ub2e4. \ud384\ud504 \ubc0f \uc81c\uc9c0, \ud654\ud559 \ubc0f \uc99d\uae30 \uc0b0\uc5c5\uc5d0\uc11c \uc0ac\uc6a9\ud558\uae30\uc5d0 \uc774\uc0c1\uc801\uc785\ub2c8\ub2e4.[:]\" \/>\n<meta property=\"og:url\" content=\"https:\/\/mog.com.vn\/vi\/product\/klingersls\/\" \/>\n<meta property=\"og:site_name\" content=\"Mog.com.vn\" \/>\n<meta property=\"og:image\" content=\"https:\/\/mog.com.vn\/wp-content\/uploads\/2025\/04\/klinger-sls.jpg\" \/>\n\t<meta property=\"og:image:width\" content=\"764\" \/>\n\t<meta property=\"og:image:height\" content=\"764\" \/>\n\t<meta property=\"og:image:type\" content=\"image\/jpeg\" \/>\n<meta name=\"twitter:card\" content=\"summary_large_image\" \/>\n<meta name=\"twitter:label1\" content=\"\u01af\u1edbc t\u00ednh th\u1eddi gian \u0111\u1ecdc\" \/>\n\t<meta name=\"twitter:data1\" content=\"4 ph\u00fat\" \/>\n<script type=\"application\/ld+json\" class=\"yoast-schema-graph\">{\"@context\":\"https:\/\/schema.org\",\"@graph\":[{\"@type\":\"WebPage\",\"@id\":\"https:\/\/mog.com.vn\/vi\/product\/klingersls\/\",\"url\":\"https:\/\/mog.com.vn\/vi\/product\/klingersls\/\",\"name\":\"KLINGER\u00aeSLS - Mog.com.vn\",\"isPartOf\":{\"@id\":\"https:\/\/mog.com.vn\/#website\"},\"primaryImageOfPage\":{\"@id\":\"https:\/\/mog.com.vn\/vi\/product\/klingersls\/#primaryimage\"},\"image\":{\"@id\":\"https:\/\/mog.com.vn\/vi\/product\/klingersls\/#primaryimage\"},\"thumbnailUrl\":\"https:\/\/mog.com.vn\/wp-content\/uploads\/2025\/04\/klinger-sls.jpg\",\"datePublished\":\"2025-04-12T17:11:41+00:00\",\"breadcrumb\":{\"@id\":\"https:\/\/mog.com.vn\/vi\/product\/klingersls\/#breadcrumb\"},\"inLanguage\":\"vi\",\"potentialAction\":[{\"@type\":\"ReadAction\",\"target\":[\"https:\/\/mog.com.vn\/vi\/product\/klingersls\/\"]}]},{\"@type\":\"ImageObject\",\"inLanguage\":\"vi\",\"@id\":\"https:\/\/mog.com.vn\/vi\/product\/klingersls\/#primaryimage\",\"url\":\"https:\/\/mog.com.vn\/wp-content\/uploads\/2025\/04\/klinger-sls.jpg\",\"contentUrl\":\"https:\/\/mog.com.vn\/wp-content\/uploads\/2025\/04\/klinger-sls.jpg\",\"width\":764,\"height\":764},{\"@type\":\"BreadcrumbList\",\"@id\":\"https:\/\/mog.com.vn\/vi\/product\/klingersls\/#breadcrumb\",\"itemListElement\":[{\"@type\":\"ListItem\",\"position\":1,\"name\":\"Home\",\"item\":\"https:\/\/mog.com.vn\/\"},{\"@type\":\"ListItem\",\"position\":2,\"name\":\"Shop\",\"item\":\"https:\/\/mog.com.vn\/shop\/\"},{\"@type\":\"ListItem\",\"position\":3,\"name\":\"KLINGER\u00aeSLS\"}]},{\"@type\":\"WebSite\",\"@id\":\"https:\/\/mog.com.vn\/#website\",\"url\":\"https:\/\/mog.com.vn\/\",\"name\":\"Mog.com.vn\",\"description\":\"FLOW Control Solutions\",\"publisher\":{\"@id\":\"https:\/\/mog.com.vn\/#organization\"},\"potentialAction\":[{\"@type\":\"SearchAction\",\"target\":{\"@type\":\"EntryPoint\",\"urlTemplate\":\"https:\/\/mog.com.vn\/?s={search_term_string}\"},\"query-input\":{\"@type\":\"PropertyValueSpecification\",\"valueRequired\":true,\"valueName\":\"search_term_string\"}}],\"inLanguage\":\"vi\"},{\"@type\":\"Organization\",\"@id\":\"https:\/\/mog.com.vn\/#organization\",\"name\":\"Mog.com.vn\",\"url\":\"https:\/\/mog.com.vn\/\",\"logo\":{\"@type\":\"ImageObject\",\"inLanguage\":\"vi\",\"@id\":\"https:\/\/mog.com.vn\/#\/schema\/logo\/image\/\",\"url\":\"https:\/\/mog.com.vn\/wp-content\/uploads\/2025\/10\/Logo-MOG.jpg\",\"contentUrl\":\"https:\/\/mog.com.vn\/wp-content\/uploads\/2025\/10\/Logo-MOG.jpg\",\"width\":755,\"height\":230,\"caption\":\"Mog.com.vn\"},\"image\":{\"@id\":\"https:\/\/mog.com.vn\/#\/schema\/logo\/image\/\"},\"description\":\"Gi\u1ea3i ph\u00e1p C\u01a1 kh\u00ed ch\u00ednh x\u00e1c & Van c\u00f4ng nghi\u1ec7p to\u00e0n di\u1ec7n cho doanh nghi\u1ec7p c\u1ee7a b\u1ea1n.\",\"email\":\"giacongcokhimog@gmail.com\",\"telephone\":\"090 311 4883\"}]}<\/script>\n<!-- \/ Yoast SEO Premium plugin. -->","yoast_head_json":{"title":"KLINGER\u00aeSLS - Mog.com.vn","robots":{"index":"index","follow":"follow","max-snippet":"max-snippet:-1","max-image-preview":"max-image-preview:large","max-video-preview":"max-video-preview:-1"},"canonical":"https:\/\/mog.com.vn\/vi\/product\/klingersls\/","og_locale":"vi_VN","og_type":"article","og_title":"KLINGER\u00aeSLS","og_description":"[:vi]\u0110\u1eb7c \u0111i\u1ec3m &amp; \u1ee9ng d\u1ee5ng ch\u00ednh &nbsp; KLINGER\u00aeSLS c\u00f3 s\u1eb5n trong c\u1ea5u h\u00ecnh AS (ch\u1ed1ng d\u00ednh) ho\u1eb7c G \u0111\u1ed9c \u0111\u00e1o. L\u00e1 th\u00e9p gi\u00fap c\u1ea3i thi\u1ec7n kh\u1ea3 n\u0103ng x\u1eed l\u00fd v\u00e0 ch\u1ecbu t\u1ea3i. T\u00ednh th\u00edch nghi tuy\u1ec7t v\u1eddi c\u1ee7a than ch\u00ec c\u00f3 ngh\u0129a l\u00e0 v\u1eadt li\u1ec7u n\u00e0y ph\u00f9 h\u1ee3p v\u1edbi c\u00e1c \u1ee9ng d\u1ee5ng c\u00f3 t\u1ea3i tr\u1ecdng bu l\u00f4ng b\u1ecb h\u1ea1n ch\u1ebf ho\u1eb7c m\u1eb7t b\u00edch b\u1ecb h\u1ecfng. Th\u00edch h\u1ee3p \u0111\u1ec3 s\u1eed d\u1ee5ng trong ng\u00e0nh b\u1ed9t gi\u1ea5y v\u00e0 gi\u1ea5y, h\u00f3a ch\u1ea5t v\u00e0 h\u01a1i n\u01b0\u1edbc.[:en]Characteristic &amp; main applications KLINGER\u00aeSLS is available in the unique AS (anti stick) or G configuration. The steel foil gives improved handling and load-bearing characteristics. The excellent conformability of graphite means that the material is suitable for applications where bolt load is limited or flanges are damaged. It is ideal for use in the pulp and paper, chemicals and steam industries.[:ja]\u7279\u5fb4\u3068\u4e3b\u306a\u7528\u9014 KLINGER\u00aeSLS \u306f\u3001AS (\u30a2\u30f3\u30c1\u30b9\u30c6\u30a3\u30c3\u30af) \u307e\u305f\u306f G \u306e\u72ec\u81ea\u306e\u69cb\u6210\u3067\u5229\u7528\u53ef\u80fd\u3067\u3059\u3002 \u92fc\u306e\u7b94\u304c\u53d6\u308a\u6271\u3044\u3068\u8010\u8377\u91cd\u6027\u3092\u5411\u4e0a\u3055\u305b\u307e\u3059\u3002 \u30b0\u30e9\u30d5\u30a1\u30a4\u30c8\u306e\u512a\u308c\u305f\u9069\u5fdc\u6027\u306b\u3088\u308a\u3001\u30dc\u30eb\u30c8\u8ca0\u8377\u304c\u5236\u9650\u3055\u308c\u305f\u7528\u9014\u3084\u7834\u640d\u3057\u305f\u30d5\u30e9\u30f3\u30b8\u306b\u9069\u3057\u3066\u3044\u307e\u3059\u3002 \u88fd\u7d19\u3001\u5316\u5b66\u3001\u304a\u3088\u3073\u84b8\u6c17\u7523\u696d\u3067\u306e\u4f7f\u7528\u306b\u9069\u3057\u3066\u3044\u307e\u3059\u3002[:kr]\ud2b9\uc131 \ubc0f \uc8fc\uc694 \uc751\uc6a9\u00a0 KLINGER\u00aeSLS\ub294 \uace0\uc720\ud55c AS(\uc548\ud2f0 \uc2a4\ud2f1) \ub610\ub294 G \uad6c\uc131\uc73c\ub85c \uc81c\uacf5\ub429\ub2c8\ub2e4. \uac15\ucca0 \ud638\uc77c\uc740 \ud5a5\uc0c1\ub41c \ucde8\uae09 \ubc0f \ud558\uc911 \uc9c0\uc9c0 \ud2b9\uc131\uc744 \uc81c\uacf5\ud569\ub2c8\ub2e4. \ud751\uc5f0\uc758 \ub6f0\uc5b4\ub09c \uc801\ud569\uc131\uc740 \ubcfc\ud2b8 \ud558\uc911\uc774 \uc81c\ud55c\ub418\uac70\ub098 \ud50c\ub79c\uc9c0\uac00 \uc190\uc0c1\ub41c \uc751\uc6a9 \ubd84\uc57c\uc5d0 \uc801\ud569\ud558\ub2e4\ub294 \uac83\uc744 \uc758\ubbf8\ud569\ub2c8\ub2e4. \ud384\ud504 \ubc0f \uc81c\uc9c0, \ud654\ud559 \ubc0f \uc99d\uae30 \uc0b0\uc5c5\uc5d0\uc11c \uc0ac\uc6a9\ud558\uae30\uc5d0 \uc774\uc0c1\uc801\uc785\ub2c8\ub2e4.[:]","og_url":"https:\/\/mog.com.vn\/vi\/product\/klingersls\/","og_site_name":"Mog.com.vn","og_image":[{"width":764,"height":764,"url":"https:\/\/mog.com.vn\/wp-content\/uploads\/2025\/04\/klinger-sls.jpg","type":"image\/jpeg"}],"twitter_card":"summary_large_image","twitter_misc":{"\u01af\u1edbc t\u00ednh th\u1eddi gian \u0111\u1ecdc":"4 ph\u00fat"},"schema":{"@context":"https:\/\/schema.org","@graph":[{"@type":"WebPage","@id":"https:\/\/mog.com.vn\/vi\/product\/klingersls\/","url":"https:\/\/mog.com.vn\/vi\/product\/klingersls\/","name":"KLINGER\u00aeSLS - Mog.com.vn","isPartOf":{"@id":"https:\/\/mog.com.vn\/#website"},"primaryImageOfPage":{"@id":"https:\/\/mog.com.vn\/vi\/product\/klingersls\/#primaryimage"},"image":{"@id":"https:\/\/mog.com.vn\/vi\/product\/klingersls\/#primaryimage"},"thumbnailUrl":"https:\/\/mog.com.vn\/wp-content\/uploads\/2025\/04\/klinger-sls.jpg","datePublished":"2025-04-12T17:11:41+00:00","breadcrumb":{"@id":"https:\/\/mog.com.vn\/vi\/product\/klingersls\/#breadcrumb"},"inLanguage":"vi","potentialAction":[{"@type":"ReadAction","target":["https:\/\/mog.com.vn\/vi\/product\/klingersls\/"]}]},{"@type":"ImageObject","inLanguage":"vi","@id":"https:\/\/mog.com.vn\/vi\/product\/klingersls\/#primaryimage","url":"https:\/\/mog.com.vn\/wp-content\/uploads\/2025\/04\/klinger-sls.jpg","contentUrl":"https:\/\/mog.com.vn\/wp-content\/uploads\/2025\/04\/klinger-sls.jpg","width":764,"height":764},{"@type":"BreadcrumbList","@id":"https:\/\/mog.com.vn\/vi\/product\/klingersls\/#breadcrumb","itemListElement":[{"@type":"ListItem","position":1,"name":"Home","item":"https:\/\/mog.com.vn\/"},{"@type":"ListItem","position":2,"name":"Shop","item":"https:\/\/mog.com.vn\/shop\/"},{"@type":"ListItem","position":3,"name":"KLINGER\u00aeSLS"}]},{"@type":"WebSite","@id":"https:\/\/mog.com.vn\/#website","url":"https:\/\/mog.com.vn\/","name":"Mog.com.vn","description":"FLOW Control Solutions","publisher":{"@id":"https:\/\/mog.com.vn\/#organization"},"potentialAction":[{"@type":"SearchAction","target":{"@type":"EntryPoint","urlTemplate":"https:\/\/mog.com.vn\/?s={search_term_string}"},"query-input":{"@type":"PropertyValueSpecification","valueRequired":true,"valueName":"search_term_string"}}],"inLanguage":"vi"},{"@type":"Organization","@id":"https:\/\/mog.com.vn\/#organization","name":"Mog.com.vn","url":"https:\/\/mog.com.vn\/","logo":{"@type":"ImageObject","inLanguage":"vi","@id":"https:\/\/mog.com.vn\/#\/schema\/logo\/image\/","url":"https:\/\/mog.com.vn\/wp-content\/uploads\/2025\/10\/Logo-MOG.jpg","contentUrl":"https:\/\/mog.com.vn\/wp-content\/uploads\/2025\/10\/Logo-MOG.jpg","width":755,"height":230,"caption":"Mog.com.vn"},"image":{"@id":"https:\/\/mog.com.vn\/#\/schema\/logo\/image\/"},"description":"Gi\u1ea3i ph\u00e1p C\u01a1 kh\u00ed ch\u00ednh x\u00e1c & Van c\u00f4ng nghi\u1ec7p to\u00e0n di\u1ec7n cho doanh nghi\u1ec7p c\u1ee7a b\u1ea1n.","email":"giacongcokhimog@gmail.com","telephone":"090 311 4883"}]}},"_links":{"self":[{"href":"https:\/\/mog.com.vn\/vi\/wp-json\/wp\/v2\/product\/606","targetHints":{"allow":["GET"]}}],"collection":[{"href":"https:\/\/mog.com.vn\/vi\/wp-json\/wp\/v2\/product"}],"about":[{"href":"https:\/\/mog.com.vn\/vi\/wp-json\/wp\/v2\/types\/product"}],"replies":[{"embeddable":true,"href":"https:\/\/mog.com.vn\/vi\/wp-json\/wp\/v2\/comments?post=606"}],"wp:featuredmedia":[{"embeddable":true,"href":"https:\/\/mog.com.vn\/vi\/wp-json\/wp\/v2\/media\/607"}],"wp:attachment":[{"href":"https:\/\/mog.com.vn\/vi\/wp-json\/wp\/v2\/media?parent=606"}],"wp:term":[{"taxonomy":"product_brand","embeddable":true,"href":"https:\/\/mog.com.vn\/vi\/wp-json\/wp\/v2\/product_brand?post=606"},{"taxonomy":"product_cat","embeddable":true,"href":"https:\/\/mog.com.vn\/vi\/wp-json\/wp\/v2\/product_cat?post=606"},{"taxonomy":"product_tag","embeddable":true,"href":"https:\/\/mog.com.vn\/vi\/wp-json\/wp\/v2\/product_tag?post=606"}],"curies":[{"name":"wp","href":"https:\/\/api.w.org\/{rel}","templated":true}]}}