{"id":622,"date":"2025-04-12T17:11:41","date_gmt":"2025-04-12T17:11:41","guid":{"rendered":"https:\/\/mog.com.vn\/renew\/product\/klingertop-graph-2000\/"},"modified":"2025-04-12T17:11:44","modified_gmt":"2025-04-12T17:11:44","slug":"klingertop-graph-2000","status":"publish","type":"product","link":"https:\/\/mog.com.vn\/vi\/product\/klingertop-graph-2000\/","title":{"rendered":"KLINGER\u00aetop-graph 2000"},"content":{"rendered":"<strong>V\u1eadt li\u1ec7u<\/strong><\/p>\n<p>D\u1ef1a tr\u00ean than ch\u00ec v\u00e0 s\u1ee3i t\u1ed5ng h\u1ee3p. \u0110\u01b0\u1ee3c s\u1ea3n xu\u1ea5t b\u1eb1ng quy tr\u00ecnh cung c\u1ea5p cho mi\u1ebfng \u0111\u1ec7m than ch\u00ec nh\u1eefng \u0111\u1eb7c t\u00ednh ho\u00e0n to\u00e0n m\u1edbi, tr\u01b0\u1edbc \u0111\u00e2y kh\u00f4ng th\u1ec3 \u0111\u1ea1t \u0111\u01b0\u1ee3c.<\/p>\n<p><strong>Bi\u1ec3u \u0111\u1ed3 pT<\/strong><\/p>\n<p>Bi\u1ec3u \u0111\u1ed3 pT c\u1ee7a Klinger cung c\u1ea5p h\u01b0\u1edbng d\u1eabn \u0111\u1ec3 x\u00e1c \u0111\u1ecbnh t\u00ednh ph\u00f9 h\u1ee3p c\u1ee7a v\u1eadt li\u1ec7u mi\u1ebfng \u0111\u1ec7m c\u1ee5 th\u1ec3 cho m\u1ed9t \u1ee9ng d\u1ee5ng c\u1ee5 th\u1ec3 ch\u1ec9 d\u1ef1a tr\u00ean nhi\u1ec7t \u0111\u1ed9 v\u00e0 \u00e1p su\u1ea5t v\u1eadn h\u00e0nh. Lu\u00f4n tham kh\u1ea3o kh\u1ea3 n\u0103ng ch\u1ed1ng h\u00f3a ch\u1ea5t c\u1ee7a mi\u1ebfng \u0111\u1ec7m \u0111\u1ed1i v\u1edbi ch\u1ea5t l\u1ecfng.<\/p>\n<p><img loading=\"lazy\" decoding=\"async\" class=\"alignnone wp-image-987452572\" src=\"http:\/\/www.khonglieng.com.sg\/wp-content\/uploads\/klingersil-topgraph-2000-diagram.jpg\" sizes=\"auto, (max-width: 400px) 100vw, 400px\" srcset=\"https:\/\/khonglieng.com.sg\/wp-content\/uploads\/klingersil-topgraph-2000-diagram.jpg 780w, https:\/\/khonglieng.com.sg\/wp-content\/uploads\/klingersil-topgraph-2000-diagram-150x150.jpg 150w, https:\/\/khonglieng.com.sg\/wp-content\/uploads\/klingersil-topgraph-2000-diagram-298x300.jpg 298w, https:\/\/khonglieng.com.sg\/wp-content\/uploads\/klingersil-topgraph-2000-diagram-768x772.jpg 768w, https:\/\/khonglieng.com.sg\/wp-content\/uploads\/klingersil-topgraph-2000-diagram-157x157.jpg 157w\" alt=\"\" width=\"400\" height=\"402\" \/><\/p>\n<ol>\n<li>\u1ede khu v\u1ef1c m\u1ed9t, v\u1eadt li\u1ec7u gio\u0103ng th\u01b0\u1eddng ph\u00f9 h\u1ee3p t\u00f9y thu\u1ed9c v\u00e0o kh\u1ea3 n\u0103ng t\u01b0\u01a1ng th\u00edch h\u00f3a h\u1ecdc.<\/li>\n<li>\u1ede khu v\u1ef1c hai, v\u1eadt li\u1ec7u gio\u0103ng c\u00f3 th\u1ec3 ph\u00f9 h\u1ee3p nh\u01b0ng n\u00ean \u0111\u00e1nh gi\u00e1 k\u1ef9 thu\u1eadt.<\/li>\n<li>\u1ede khu v\u1ef1c ba, kh\u00f4ng l\u1eafp gio\u0103ng n\u1ebfu ch\u01b0a c\u00f3 \u0111\u00e1nh gi\u00e1 k\u1ef9 thu\u1eadt.<\/li>\n<\/ol>\n<p>\u0110\u00e1p \u1ee9ng c\u00e1c y\u00eau c\u1ea7u k\u1ef9 thu\u1eadt c\u1ee7a BS 7531:2006 C\u1ea5p AX<\/p>\n<table>\n<tbody>\n<tr>\n<td class=\"col1\">Compressibility ASTM F 36 J<\/td>\n<td class=\"col2\">10%<\/td>\n<\/tr>\n<tr>\n<td>Recovery ASTM F 36 J\u00a0min.<\/td>\n<td>60%<\/td>\n<\/tr>\n<tr>\n<td>Stress relaxation DIN 52913<br \/>\n50 MPa, 16 h\/300\u00b0C<\/td>\n<td>32MPa<\/td>\n<\/tr>\n<tr>\n<td colspan=\"2\"><strong>Klinger cold\/hot compression 50 MPa<\/strong><\/td>\n<\/tr>\n<tr>\n<td>thickness decrease at 23\u00b0C<\/td>\n<td>10%<\/td>\n<\/tr>\n<tr>\n<td>thickness decrease at 300\u00b0C<\/td>\n<td>10%<\/td>\n<\/tr>\n<tr>\n<td>Tightness according DIN 3535\/6\u00a0ml\/min<\/td>\n<td>0,5<\/td>\n<\/tr>\n<tr>\n<td colspan=\"2\"><strong>Thickness increase ASTM F 146<\/strong><\/td>\n<\/tr>\n<tr>\n<td>water: 5 h\/100\u00b0C<\/td>\n<td>5%<\/td>\n<\/tr>\n<tr>\n<td>fuel B: 5 h\/23\u00b0C<\/td>\n<td>7%<\/td>\n<\/tr>\n<tr>\n<td>Density<\/td>\n<td>1,75g\/cm<span class=\"small\"><sup>3<\/sup><\/span><\/td>\n<\/tr>\n<\/tbody>\n<\/table>\n<p><strong>K\u00edch th\u01b0\u1edbc c\u1ee7a c\u00e1c t\u1ea5m ti\u00eau chu\u1ea9n<\/strong><\/p>\n<p>K\u00edch th\u01b0\u1edbc: 1.000 x 1.500 mm, 2.000 x 1.500 mm.<\/p>\n<p>\u0110\u1ed9 d\u00e0y: 0,5 mm, 0,8 mm, 1,0 mm, 1,5 mm, 2,0 mm, 3,0 mm, \u0111\u1ed9 d\u00e0y kh\u00e1c theo y\u00eau c\u1ea7u.<\/p>\n<p>Dung sai: \u0111\u1ed9 d\u00e0y \u00b1 10%, chi\u1ec1u d\u00e0i \u00b1 50 mm, chi\u1ec1u r\u1ed9ng \u00b1 50 mm<\/p>\n<p><strong>Ch\u1ee9c n\u0103ng v\u00e0 \u0111\u1ed9 b\u1ec1n<\/strong><\/p>\n<p>Hi\u1ec7u su\u1ea5t v\u00e0 tu\u1ed5i th\u1ecd c\u1ee7a gio\u0103ng KLINGER ph\u1ee5 thu\u1ed9c ph\u1ea7n l\u1edbn v\u00e0o vi\u1ec7c b\u1ea3o qu\u1ea3n v\u00e0 l\u1eafp \u0111\u1eb7t \u0111\u00fang c\u00e1ch, nh\u1eefng y\u1ebfu t\u1ed1 n\u1eb1m ngo\u00e0i t\u1ea7m ki\u1ec3m so\u00e1t c\u1ee7a nh\u00e0 s\u1ea3n xu\u1ea5t. Tuy nhi\u00ean, ch\u00fang t\u00f4i c\u00f3 th\u1ec3 \u0111\u1ea3m b\u1ea3o ch\u1ea5t l\u01b0\u1ee3ng tuy\u1ec7t v\u1eddi c\u1ee7a s\u1ea3n ph\u1ea9m. V\u1edbi l\u01b0u \u00fd n\u00e0y, vui l\u00f2ng tu\u00e2n th\u1ee7 h\u01b0\u1edbng d\u1eabn l\u1eafp \u0111\u1eb7t c\u1ee7a ch\u00fang t\u00f4i","protected":false},"excerpt":{"rendered":"<p><strong>\u0110\u1eb7c \u0111i\u1ec3m &amp; \u1ee9ng d\u1ee5ng ch\u00ednh<\/strong><\/p>\n<p>V\u1eadt li\u1ec7u b\u1ecbt k\u00edn graphite linh ho\u1ea1t c\u00f3 \u0111\u1ed9 \u1ed5n \u0111\u1ecbnh v\u1ed1n c\u00f3 cao.<\/p>\n<p>N\u00f3 c\u00f3 kh\u1ea3 n\u0103ng ch\u1ecbu t\u1ea3i cao k\u1ebft h\u1ee3p v\u1edbi kh\u1ea3 n\u0103ng b\u1ecbt k\u00edn cao.<\/p>\n<p>N\u00f3 l\u00fd t\u01b0\u1edfng \u0111\u1ec3 s\u1eed d\u1ee5ng v\u1edbi h\u01a1i n\u01b0\u1edbc v\u00e0 c\u00e1c \u1ee9ng d\u1ee5ng quan tr\u1ecdng kh\u00e1c.<\/p>\n","protected":false},"featured_media":623,"comment_status":"closed","ping_status":"open","template":"","meta":[],"product_brand":[],"product_cat":[111],"product_tag":[],"class_list":{"0":"post-622","1":"product","2":"type-product","3":"status-publish","4":"has-post-thumbnail","6":"product_cat-klingerjointing-material","8":"first","9":"instock","10":"product-type-simple"},"yoast_head":"<!-- This site is optimized with the Yoast SEO Premium plugin v25.9 (Yoast SEO v25.9) - https:\/\/yoast.com\/wordpress\/plugins\/seo\/ -->\n<title>KLINGER\u00aetop-graph 2000 - Mog.com.vn<\/title>\n<meta name=\"robots\" content=\"index, follow, max-snippet:-1, max-image-preview:large, max-video-preview:-1\" \/>\n<link rel=\"canonical\" href=\"https:\/\/mog.com.vn\/product\/klingertop-graph-2000\/\" \/>\n<meta property=\"og:locale\" content=\"vi_VN\" \/>\n<meta property=\"og:type\" content=\"article\" \/>\n<meta property=\"og:title\" content=\"KLINGER\u00aetop-graph 2000\" \/>\n<meta property=\"og:description\" content=\"[:vi]\u0110\u1eb7c \u0111i\u1ec3m &amp; \u1ee9ng d\u1ee5ng ch\u00ednh V\u1eadt li\u1ec7u b\u1ecbt k\u00edn graphite linh ho\u1ea1t c\u00f3 \u0111\u1ed9 \u1ed5n \u0111\u1ecbnh v\u1ed1n c\u00f3 cao. N\u00f3 c\u00f3 kh\u1ea3 n\u0103ng ch\u1ecbu t\u1ea3i cao k\u1ebft h\u1ee3p v\u1edbi kh\u1ea3 n\u0103ng b\u1ecbt k\u00edn cao. N\u00f3 l\u00fd t\u01b0\u1edfng \u0111\u1ec3 s\u1eed d\u1ee5ng v\u1edbi h\u01a1i n\u01b0\u1edbc v\u00e0 c\u00e1c \u1ee9ng d\u1ee5ng quan tr\u1ecdng kh\u00e1c.[:en]Characteristic &amp; main applications The flexible graphite sealing material with a high degree of inherent stability. It has high load bearing capacity combined with high seal ability. It is ideally suited for use with steam and other critical applications.[:ja]\u7279\u5fb4\u3068\u4e3b\u306a\u7528\u9014 \u67d4\u8edf\u306a\u30b0\u30e9\u30d5\u30a1\u30a4\u30c8\u30b7\u30fc\u30eb\u6750\u6599\u306b\u306f\u9ad8\u3044\u5b89\u5b9a\u6027\u304c\u3042\u308a\u307e\u3059\u3002 \u9ad8\u3044\u30b7\u30fc\u30eb\u6027\u80fd\u3092\u6301\u3064\u3068\u540c\u6642\u306b\u3001\u9ad8\u8ca0\u8377\u306b\u8010\u3048\u308b\u3053\u3068\u304c\u3067\u304d\u307e\u3059\u3002 \u84b8\u6c17\u3084\u305d\u306e\u4ed6\u306e\u91cd\u8981\u306a\u7528\u9014\u306b\u7406\u60f3\u7684\u3067\u3059\u3002[:kr]\ud2b9\uc9d5 \ubc0f \uc8fc\uc694 \uc751\uc6a9\u00a0 \uace0\ub3c4\uc758 \uace0\uc720 \uc548\uc815\uc131\uc744 \uac16\ucd98 \uc720\uc5f0\ud55c \ud751\uc5f0 \ubc00\ubd09 \uc7ac\ub8cc\uc785\ub2c8\ub2e4. \ub192\uc740 \ud558\uc911 \uc9c0\uc9c0 \uc6a9\ub7c9\uacfc \ub192\uc740 \ubc00\ubd09 \uc131\ub2a5\uc744 \uacb0\ud569\ud588\uc2b5\ub2c8\ub2e4. \uc99d\uae30 \ubc0f \uae30\ud0c0 \uc911\uc694\ud55c \uc751\uc6a9 \ubd84\uc57c\uc5d0\uc11c \uc0ac\uc6a9\ud558\uae30\uc5d0 \uc774\uc0c1\uc801\uc785\ub2c8\ub2e4.[:]\" \/>\n<meta property=\"og:url\" content=\"https:\/\/mog.com.vn\/product\/klingertop-graph-2000\/\" \/>\n<meta property=\"og:site_name\" content=\"Mog.com.vn\" \/>\n<meta property=\"article:modified_time\" content=\"2025-04-12T17:11:44+00:00\" \/>\n<meta property=\"og:image\" content=\"https:\/\/mog.com.vn\/wp-content\/uploads\/2025\/04\/Klinger-Top-Graph-2000-1.png\" \/>\n\t<meta property=\"og:image:width\" content=\"1000\" \/>\n\t<meta property=\"og:image:height\" content=\"1000\" \/>\n\t<meta property=\"og:image:type\" content=\"image\/png\" \/>\n<meta name=\"twitter:card\" content=\"summary_large_image\" \/>\n<meta name=\"twitter:label1\" content=\"\u01af\u1edbc t\u00ednh th\u1eddi gian \u0111\u1ecdc\" \/>\n\t<meta name=\"twitter:data1\" content=\"4 ph\u00fat\" \/>\n<script type=\"application\/ld+json\" class=\"yoast-schema-graph\">{\"@context\":\"https:\/\/schema.org\",\"@graph\":[{\"@type\":\"WebPage\",\"@id\":\"https:\/\/mog.com.vn\/product\/klingertop-graph-2000\/\",\"url\":\"https:\/\/mog.com.vn\/product\/klingertop-graph-2000\/\",\"name\":\"KLINGER\u00aetop-graph 2000 - Mog.com.vn\",\"isPartOf\":{\"@id\":\"https:\/\/mog.com.vn\/#website\"},\"primaryImageOfPage\":{\"@id\":\"https:\/\/mog.com.vn\/product\/klingertop-graph-2000\/#primaryimage\"},\"image\":{\"@id\":\"https:\/\/mog.com.vn\/product\/klingertop-graph-2000\/#primaryimage\"},\"thumbnailUrl\":\"https:\/\/mog.com.vn\/wp-content\/uploads\/2025\/04\/Klinger-Top-Graph-2000-1.png\",\"datePublished\":\"2025-04-12T17:11:41+00:00\",\"dateModified\":\"2025-04-12T17:11:44+00:00\",\"breadcrumb\":{\"@id\":\"https:\/\/mog.com.vn\/product\/klingertop-graph-2000\/#breadcrumb\"},\"inLanguage\":\"vi\",\"potentialAction\":[{\"@type\":\"ReadAction\",\"target\":[\"https:\/\/mog.com.vn\/product\/klingertop-graph-2000\/\"]}]},{\"@type\":\"ImageObject\",\"inLanguage\":\"vi\",\"@id\":\"https:\/\/mog.com.vn\/product\/klingertop-graph-2000\/#primaryimage\",\"url\":\"https:\/\/mog.com.vn\/wp-content\/uploads\/2025\/04\/Klinger-Top-Graph-2000-1.png\",\"contentUrl\":\"https:\/\/mog.com.vn\/wp-content\/uploads\/2025\/04\/Klinger-Top-Graph-2000-1.png\",\"width\":1000,\"height\":1000},{\"@type\":\"BreadcrumbList\",\"@id\":\"https:\/\/mog.com.vn\/product\/klingertop-graph-2000\/#breadcrumb\",\"itemListElement\":[{\"@type\":\"ListItem\",\"position\":1,\"name\":\"Home\",\"item\":\"https:\/\/mog.com.vn\/\"},{\"@type\":\"ListItem\",\"position\":2,\"name\":\"Shop\",\"item\":\"https:\/\/mog.com.vn\/shop\/\"},{\"@type\":\"ListItem\",\"position\":3,\"name\":\"KLINGER\u00aetop-graph 2000\"}]},{\"@type\":\"WebSite\",\"@id\":\"https:\/\/mog.com.vn\/#website\",\"url\":\"https:\/\/mog.com.vn\/\",\"name\":\"Mog.com.vn\",\"description\":\"FLOW Control Solutions\",\"publisher\":{\"@id\":\"https:\/\/mog.com.vn\/#organization\"},\"potentialAction\":[{\"@type\":\"SearchAction\",\"target\":{\"@type\":\"EntryPoint\",\"urlTemplate\":\"https:\/\/mog.com.vn\/?s={search_term_string}\"},\"query-input\":{\"@type\":\"PropertyValueSpecification\",\"valueRequired\":true,\"valueName\":\"search_term_string\"}}],\"inLanguage\":\"vi\"},{\"@type\":\"Organization\",\"@id\":\"https:\/\/mog.com.vn\/#organization\",\"name\":\"Mog.com.vn\",\"url\":\"https:\/\/mog.com.vn\/\",\"logo\":{\"@type\":\"ImageObject\",\"inLanguage\":\"vi\",\"@id\":\"https:\/\/mog.com.vn\/#\/schema\/logo\/image\/\",\"url\":\"https:\/\/mog.com.vn\/wp-content\/uploads\/2025\/10\/Logo-MOG.jpg\",\"contentUrl\":\"https:\/\/mog.com.vn\/wp-content\/uploads\/2025\/10\/Logo-MOG.jpg\",\"width\":755,\"height\":230,\"caption\":\"Mog.com.vn\"},\"image\":{\"@id\":\"https:\/\/mog.com.vn\/#\/schema\/logo\/image\/\"},\"description\":\"Gi\u1ea3i ph\u00e1p C\u01a1 kh\u00ed ch\u00ednh x\u00e1c & Van c\u00f4ng nghi\u1ec7p to\u00e0n di\u1ec7n cho doanh nghi\u1ec7p c\u1ee7a b\u1ea1n.\",\"email\":\"giacongcokhimog@gmail.com\",\"telephone\":\"090 311 4883\"}]}<\/script>\n<!-- \/ Yoast SEO Premium plugin. -->","yoast_head_json":{"title":"KLINGER\u00aetop-graph 2000 - Mog.com.vn","robots":{"index":"index","follow":"follow","max-snippet":"max-snippet:-1","max-image-preview":"max-image-preview:large","max-video-preview":"max-video-preview:-1"},"canonical":"https:\/\/mog.com.vn\/product\/klingertop-graph-2000\/","og_locale":"vi_VN","og_type":"article","og_title":"KLINGER\u00aetop-graph 2000","og_description":"[:vi]\u0110\u1eb7c \u0111i\u1ec3m &amp; \u1ee9ng d\u1ee5ng ch\u00ednh V\u1eadt li\u1ec7u b\u1ecbt k\u00edn graphite linh ho\u1ea1t c\u00f3 \u0111\u1ed9 \u1ed5n \u0111\u1ecbnh v\u1ed1n c\u00f3 cao. N\u00f3 c\u00f3 kh\u1ea3 n\u0103ng ch\u1ecbu t\u1ea3i cao k\u1ebft h\u1ee3p v\u1edbi kh\u1ea3 n\u0103ng b\u1ecbt k\u00edn cao. N\u00f3 l\u00fd t\u01b0\u1edfng \u0111\u1ec3 s\u1eed d\u1ee5ng v\u1edbi h\u01a1i n\u01b0\u1edbc v\u00e0 c\u00e1c \u1ee9ng d\u1ee5ng quan tr\u1ecdng kh\u00e1c.[:en]Characteristic &amp; main applications The flexible graphite sealing material with a high degree of inherent stability. It has high load bearing capacity combined with high seal ability. It is ideally suited for use with steam and other critical applications.[:ja]\u7279\u5fb4\u3068\u4e3b\u306a\u7528\u9014 \u67d4\u8edf\u306a\u30b0\u30e9\u30d5\u30a1\u30a4\u30c8\u30b7\u30fc\u30eb\u6750\u6599\u306b\u306f\u9ad8\u3044\u5b89\u5b9a\u6027\u304c\u3042\u308a\u307e\u3059\u3002 \u9ad8\u3044\u30b7\u30fc\u30eb\u6027\u80fd\u3092\u6301\u3064\u3068\u540c\u6642\u306b\u3001\u9ad8\u8ca0\u8377\u306b\u8010\u3048\u308b\u3053\u3068\u304c\u3067\u304d\u307e\u3059\u3002 \u84b8\u6c17\u3084\u305d\u306e\u4ed6\u306e\u91cd\u8981\u306a\u7528\u9014\u306b\u7406\u60f3\u7684\u3067\u3059\u3002[:kr]\ud2b9\uc9d5 \ubc0f \uc8fc\uc694 \uc751\uc6a9\u00a0 \uace0\ub3c4\uc758 \uace0\uc720 \uc548\uc815\uc131\uc744 \uac16\ucd98 \uc720\uc5f0\ud55c \ud751\uc5f0 \ubc00\ubd09 \uc7ac\ub8cc\uc785\ub2c8\ub2e4. \ub192\uc740 \ud558\uc911 \uc9c0\uc9c0 \uc6a9\ub7c9\uacfc \ub192\uc740 \ubc00\ubd09 \uc131\ub2a5\uc744 \uacb0\ud569\ud588\uc2b5\ub2c8\ub2e4. \uc99d\uae30 \ubc0f \uae30\ud0c0 \uc911\uc694\ud55c \uc751\uc6a9 \ubd84\uc57c\uc5d0\uc11c \uc0ac\uc6a9\ud558\uae30\uc5d0 \uc774\uc0c1\uc801\uc785\ub2c8\ub2e4.[:]","og_url":"https:\/\/mog.com.vn\/product\/klingertop-graph-2000\/","og_site_name":"Mog.com.vn","article_modified_time":"2025-04-12T17:11:44+00:00","og_image":[{"width":1000,"height":1000,"url":"https:\/\/mog.com.vn\/wp-content\/uploads\/2025\/04\/Klinger-Top-Graph-2000-1.png","type":"image\/png"}],"twitter_card":"summary_large_image","twitter_misc":{"\u01af\u1edbc t\u00ednh th\u1eddi gian \u0111\u1ecdc":"4 ph\u00fat"},"schema":{"@context":"https:\/\/schema.org","@graph":[{"@type":"WebPage","@id":"https:\/\/mog.com.vn\/product\/klingertop-graph-2000\/","url":"https:\/\/mog.com.vn\/product\/klingertop-graph-2000\/","name":"KLINGER\u00aetop-graph 2000 - Mog.com.vn","isPartOf":{"@id":"https:\/\/mog.com.vn\/#website"},"primaryImageOfPage":{"@id":"https:\/\/mog.com.vn\/product\/klingertop-graph-2000\/#primaryimage"},"image":{"@id":"https:\/\/mog.com.vn\/product\/klingertop-graph-2000\/#primaryimage"},"thumbnailUrl":"https:\/\/mog.com.vn\/wp-content\/uploads\/2025\/04\/Klinger-Top-Graph-2000-1.png","datePublished":"2025-04-12T17:11:41+00:00","dateModified":"2025-04-12T17:11:44+00:00","breadcrumb":{"@id":"https:\/\/mog.com.vn\/product\/klingertop-graph-2000\/#breadcrumb"},"inLanguage":"vi","potentialAction":[{"@type":"ReadAction","target":["https:\/\/mog.com.vn\/product\/klingertop-graph-2000\/"]}]},{"@type":"ImageObject","inLanguage":"vi","@id":"https:\/\/mog.com.vn\/product\/klingertop-graph-2000\/#primaryimage","url":"https:\/\/mog.com.vn\/wp-content\/uploads\/2025\/04\/Klinger-Top-Graph-2000-1.png","contentUrl":"https:\/\/mog.com.vn\/wp-content\/uploads\/2025\/04\/Klinger-Top-Graph-2000-1.png","width":1000,"height":1000},{"@type":"BreadcrumbList","@id":"https:\/\/mog.com.vn\/product\/klingertop-graph-2000\/#breadcrumb","itemListElement":[{"@type":"ListItem","position":1,"name":"Home","item":"https:\/\/mog.com.vn\/"},{"@type":"ListItem","position":2,"name":"Shop","item":"https:\/\/mog.com.vn\/shop\/"},{"@type":"ListItem","position":3,"name":"KLINGER\u00aetop-graph 2000"}]},{"@type":"WebSite","@id":"https:\/\/mog.com.vn\/#website","url":"https:\/\/mog.com.vn\/","name":"Mog.com.vn","description":"FLOW Control Solutions","publisher":{"@id":"https:\/\/mog.com.vn\/#organization"},"potentialAction":[{"@type":"SearchAction","target":{"@type":"EntryPoint","urlTemplate":"https:\/\/mog.com.vn\/?s={search_term_string}"},"query-input":{"@type":"PropertyValueSpecification","valueRequired":true,"valueName":"search_term_string"}}],"inLanguage":"vi"},{"@type":"Organization","@id":"https:\/\/mog.com.vn\/#organization","name":"Mog.com.vn","url":"https:\/\/mog.com.vn\/","logo":{"@type":"ImageObject","inLanguage":"vi","@id":"https:\/\/mog.com.vn\/#\/schema\/logo\/image\/","url":"https:\/\/mog.com.vn\/wp-content\/uploads\/2025\/10\/Logo-MOG.jpg","contentUrl":"https:\/\/mog.com.vn\/wp-content\/uploads\/2025\/10\/Logo-MOG.jpg","width":755,"height":230,"caption":"Mog.com.vn"},"image":{"@id":"https:\/\/mog.com.vn\/#\/schema\/logo\/image\/"},"description":"Gi\u1ea3i ph\u00e1p C\u01a1 kh\u00ed ch\u00ednh x\u00e1c & Van c\u00f4ng nghi\u1ec7p to\u00e0n di\u1ec7n cho doanh nghi\u1ec7p c\u1ee7a b\u1ea1n.","email":"giacongcokhimog@gmail.com","telephone":"090 311 4883"}]}},"_links":{"self":[{"href":"https:\/\/mog.com.vn\/vi\/wp-json\/wp\/v2\/product\/622","targetHints":{"allow":["GET"]}}],"collection":[{"href":"https:\/\/mog.com.vn\/vi\/wp-json\/wp\/v2\/product"}],"about":[{"href":"https:\/\/mog.com.vn\/vi\/wp-json\/wp\/v2\/types\/product"}],"replies":[{"embeddable":true,"href":"https:\/\/mog.com.vn\/vi\/wp-json\/wp\/v2\/comments?post=622"}],"wp:featuredmedia":[{"embeddable":true,"href":"https:\/\/mog.com.vn\/vi\/wp-json\/wp\/v2\/media\/623"}],"wp:attachment":[{"href":"https:\/\/mog.com.vn\/vi\/wp-json\/wp\/v2\/media?parent=622"}],"wp:term":[{"taxonomy":"product_brand","embeddable":true,"href":"https:\/\/mog.com.vn\/vi\/wp-json\/wp\/v2\/product_brand?post=622"},{"taxonomy":"product_cat","embeddable":true,"href":"https:\/\/mog.com.vn\/vi\/wp-json\/wp\/v2\/product_cat?post=622"},{"taxonomy":"product_tag","embeddable":true,"href":"https:\/\/mog.com.vn\/vi\/wp-json\/wp\/v2\/product_tag?post=622"}],"curies":[{"name":"wp","href":"https:\/\/api.w.org\/{rel}","templated":true}]}}