{"id":650,"date":"2025-04-12T17:11:58","date_gmt":"2025-04-12T17:11:58","guid":{"rendered":"https:\/\/mog.com.vn\/renew\/product\/style-181\/"},"modified":"2025-04-12T17:11:59","modified_gmt":"2025-04-12T17:11:59","slug":"style-181","status":"publish","type":"product","link":"https:\/\/mog.com.vn\/vi\/product\/style-181\/","title":{"rendered":"Style 181"},"content":{"rendered":"","protected":false},"excerpt":{"rendered":"<p><strong>Gio\u0103ng r\u0103ng c\u01b0a \u0111\u1eb7c<\/strong><\/p>\n<p>Ch\u1ee7 y\u1ebfu \u0111\u01b0\u1ee3c s\u1eed d\u1ee5ng tr\u00ean b\u1ed9 trao \u0111\u1ed5i nhi\u1ec7t, tua bin v\u00e0 van. V\u1eadt li\u1ec7u gio\u0103ng l\u00fd t\u01b0\u1edfng nh\u1ea5t l\u00e0 \u00edt h\u01a1n kho\u1ea3ng 30 Brinell so v\u1edbi v\u1eadt li\u1ec7u m\u1eb7t b\u00edch \u0111\u1ec3 \u0111\u1ea3m b\u1ea3o gio\u0103ng \u0111\u1ee7 bi\u1ebfn d\u1ea1ng m\u00e0 kh\u00f4ng l\u00e0m h\u1ecfng m\u1eb7t b\u00edch. B\u1ec1 m\u1eb7t ho\u00e0n thi\u1ec7n c\u1ee7a m\u1eb7t b\u00edch l\u00e0 r\u1ea5t quan tr\u1ecdng.<\/p>\n<p>C\u00e1c kim lo\u1ea1i ph\u1ed5 bi\u1ebfn l\u00e0 Th\u00e9p cacbon, Th\u00e9p kh\u00f4ng g\u1ec9 304, 316L, 321, S\u1eaft m\u1ec1m, Monel v\u00e0 Inconel.<\/p>\n<p>C\u00e1c v\u1eadt li\u1ec7u kh\u00e1c c\u00f3 s\u1eb5n theo y\u00eau c\u1ea7u.<\/p>\n","protected":false},"featured_media":651,"comment_status":"closed","ping_status":"open","template":"","meta":[],"product_brand":[],"product_cat":[112],"product_tag":[],"class_list":{"0":"post-650","1":"product","2":"type-product","3":"status-publish","4":"has-post-thumbnail","6":"product_cat-klingermetallic-gaskets","8":"first","9":"instock","10":"product-type-simple"},"yoast_head":"<!-- This site is optimized with the Yoast SEO Premium plugin v25.9 (Yoast SEO v25.9) - https:\/\/yoast.com\/wordpress\/plugins\/seo\/ -->\n<title>Style 181 - Mog.com.vn<\/title>\n<meta name=\"robots\" content=\"index, follow, max-snippet:-1, max-image-preview:large, max-video-preview:-1\" \/>\n<link rel=\"canonical\" href=\"https:\/\/mog.com.vn\/product\/style-181\/\" \/>\n<meta property=\"og:locale\" content=\"vi_VN\" \/>\n<meta property=\"og:type\" content=\"article\" \/>\n<meta property=\"og:title\" content=\"[:vi]Style 181[:en]Style 181[:ja]\u30bf\u30a4\u30d7 181[:kr]\uc2a4\ud0c0\uc77c 181[:]\" \/>\n<meta property=\"og:description\" content=\"[:vi]Gio\u0103ng r\u0103ng c\u01b0a \u0111\u1eb7c Ch\u1ee7 y\u1ebfu \u0111\u01b0\u1ee3c s\u1eed d\u1ee5ng tr\u00ean b\u1ed9 trao \u0111\u1ed5i nhi\u1ec7t, tua bin v\u00e0 van. V\u1eadt li\u1ec7u gio\u0103ng l\u00fd t\u01b0\u1edfng nh\u1ea5t l\u00e0 \u00edt h\u01a1n kho\u1ea3ng 30 Brinell so v\u1edbi v\u1eadt li\u1ec7u m\u1eb7t b\u00edch \u0111\u1ec3 \u0111\u1ea3m b\u1ea3o gio\u0103ng \u0111\u1ee7 bi\u1ebfn d\u1ea1ng m\u00e0 kh\u00f4ng l\u00e0m h\u1ecfng m\u1eb7t b\u00edch. B\u1ec1 m\u1eb7t ho\u00e0n thi\u1ec7n c\u1ee7a m\u1eb7t b\u00edch l\u00e0 r\u1ea5t quan tr\u1ecdng. C\u00e1c kim lo\u1ea1i ph\u1ed5 bi\u1ebfn l\u00e0 Th\u00e9p cacbon, Th\u00e9p kh\u00f4ng g\u1ec9 304, 316L, 321, S\u1eaft m\u1ec1m, Monel v\u00e0 Inconel. C\u00e1c v\u1eadt li\u1ec7u kh\u00e1c c\u00f3 s\u1eb5n theo y\u00eau c\u1ea7u.[:en]Solid Serrated Gasket Primarily used on heat exchangers, turbines and valves. The gasket material ideally needs to be roughly 30 Brinell less than the flange material to ensure sufficient deformation of the gasket without damaging the flange facing. Flange surface finish is critical. Common metals are Carbon Steel, Stainless Steel 304, 316L, 321, Soft Iron, Monel and Inconel. Other materials available on request.[:ja]\u56fa\u4f53\u92f8\u6b6f\u72b6\u30ac\u30b9\u30b1\u30c3\u30c8 \u4e3b\u306b\u71b1\u4ea4\u63db\u5668\u3001\u30bf\u30fc\u30d3\u30f3\u3001\u30d0\u30eb\u30d6\u3067\u4f7f\u7528\u3055\u308c\u307e\u3059\u3002\u7406\u60f3\u7684\u306a\u30ac\u30b9\u30b1\u30c3\u30c8\u6750\u6599\u306f\u3001\u30d5\u30e9\u30f3\u30b8\u6750\u6599\u3088\u308a\u7d0430\u30d6\u30ea\u30cd\u30eb\u786c\u5ea6\u304c\u4f4e\u304f\u3001\u30ac\u30b9\u30b1\u30c3\u30c8\u304c\u5341\u5206\u306b\u5909\u5f62\u3057\u3001\u30d5\u30e9\u30f3\u30b8\u3092\u640d\u50b7\u3055\u305b\u306a\u3044\u3088\u3046\u306b\u3059\u308b\u3053\u3068\u3067\u3059\u3002\u30d5\u30e9\u30f3\u30b8\u8868\u9762\u306e\u4ed5\u4e0a\u3052\u306f\u975e\u5e38\u306b\u91cd\u8981\u3067\u3059\u3002 \u4e00\u822c\u7684\u306a\u91d1\u5c5e\u6750\u6599\uff1a\u70ad\u7d20\u92fc, \u30b9\u30c6\u30f3\u30ec\u30b9\u92fc 304, 316L, 321, \u8edf\u92fc, \u30e2\u30cd\u30eb\u3068\u30a4\u30f3\u30b3\u30cd\u30eb\u3002 \u305d\u306e\u4ed6\u306e\u6750\u6599\u3082\u30ea\u30af\u30a8\u30b9\u30c8\u306b\u5fdc\u3058\u3066\u5229\u7528\u53ef\u80fd[:kr]\ub2e8\ub2e8\ud55c \ud1b1\ub2c8\uc758 \ubaa8\uc591\uc774 \uc788\ub294 \uac00\uc2a4\ucf13 \uc8fc\ub85c \uc5f4\uad50\ud658\uae30, \ud130\ube48 \ubc0f \ubc38\ube0c\uc5d0 \uc0ac\uc6a9\ub429\ub2c8\ub2e4. \uac00\uc2a4\ucf13 \uc7ac\ub8cc\ub294 \ud50c\ub79c\uc9c0 \uc7ac\ub8cc\ubcf4\ub2e4 \uc57d 30 \ube0c\ub9ac\ub12c \ub0ae\uc544\uc57c \ud558\uba70, \uc774\ub97c \ud1b5\ud574 \uac00\uc2a4\ucf13\uc774 \ucda9\ubd84\ud788 \ubcc0\ud615\ub418\uba74\uc11c \ud50c\ub79c\uc9c0 \ud45c\uba74\uc744 \uc190\uc0c1\uc2dc\ud0a4\uc9c0 \uc54a\ub3c4\ub85d \ud574\uc57c \ud569\ub2c8\ub2e4. \ud50c\ub79c\uc9c0 \ud45c\uba74 \ub9c8\uac10\uc774 \uc911\uc694\ud569\ub2c8\ub2e4. \uc77c\ubc18\uc801\uc73c\ub85c \uc0ac\uc6a9\ub418\ub294 \uae08\uc18d\uc740 \ud0c4\uc18c\uac15, \uc2a4\ud14c\uc778\ub9ac\uc2a4 \uc2a4\ud2f8 304, 316L, 321, \uc5f0\uac15, \ubaa8\ub12c, \uc778\ucf54\ub12c \ub4f1\uc774 \uc788\uc2b5\ub2c8\ub2e4. \uae30\ud0c0 \uc7ac\ub8cc\ub294 \uc694\uccad \uc2dc \uc81c\uacf5 \uac00\ub2a5\ud569\ub2c8\ub2e4.[:]\" \/>\n<meta property=\"og:url\" content=\"https:\/\/mog.com.vn\/product\/style-181\/\" \/>\n<meta property=\"og:site_name\" content=\"Mog.com.vn\" \/>\n<meta property=\"article:modified_time\" content=\"2025-04-12T17:11:59+00:00\" \/>\n<meta property=\"og:image\" content=\"https:\/\/mog.com.vn\/wp-content\/uploads\/2025\/04\/26.-Style-181.jpg\" \/>\n\t<meta property=\"og:image:width\" content=\"800\" \/>\n\t<meta property=\"og:image:height\" content=\"800\" \/>\n\t<meta property=\"og:image:type\" content=\"image\/jpeg\" \/>\n<meta name=\"twitter:card\" content=\"summary_large_image\" \/>\n<script type=\"application\/ld+json\" class=\"yoast-schema-graph\">{\"@context\":\"https:\/\/schema.org\",\"@graph\":[{\"@type\":\"WebPage\",\"@id\":\"https:\/\/mog.com.vn\/product\/style-181\/\",\"url\":\"https:\/\/mog.com.vn\/product\/style-181\/\",\"name\":\"[:vi]Style 181[:en]Style 181[:ja]\u30bf\u30a4\u30d7 181[:kr]\uc2a4\ud0c0\uc77c 181[:] - Mog.com.vn\",\"isPartOf\":{\"@id\":\"https:\/\/mog.com.vn\/#website\"},\"primaryImageOfPage\":{\"@id\":\"https:\/\/mog.com.vn\/product\/style-181\/#primaryimage\"},\"image\":{\"@id\":\"https:\/\/mog.com.vn\/product\/style-181\/#primaryimage\"},\"thumbnailUrl\":\"https:\/\/mog.com.vn\/wp-content\/uploads\/2025\/04\/26.-Style-181.jpg\",\"datePublished\":\"2025-04-12T17:11:58+00:00\",\"dateModified\":\"2025-04-12T17:11:59+00:00\",\"breadcrumb\":{\"@id\":\"https:\/\/mog.com.vn\/product\/style-181\/#breadcrumb\"},\"inLanguage\":\"vi\",\"potentialAction\":[{\"@type\":\"ReadAction\",\"target\":[\"https:\/\/mog.com.vn\/product\/style-181\/\"]}]},{\"@type\":\"ImageObject\",\"inLanguage\":\"vi\",\"@id\":\"https:\/\/mog.com.vn\/product\/style-181\/#primaryimage\",\"url\":\"https:\/\/mog.com.vn\/wp-content\/uploads\/2025\/04\/26.-Style-181.jpg\",\"contentUrl\":\"https:\/\/mog.com.vn\/wp-content\/uploads\/2025\/04\/26.-Style-181.jpg\",\"width\":800,\"height\":800},{\"@type\":\"BreadcrumbList\",\"@id\":\"https:\/\/mog.com.vn\/product\/style-181\/#breadcrumb\",\"itemListElement\":[{\"@type\":\"ListItem\",\"position\":1,\"name\":\"Home\",\"item\":\"https:\/\/mog.com.vn\/\"},{\"@type\":\"ListItem\",\"position\":2,\"name\":\"Shop\",\"item\":\"https:\/\/mog.com.vn\/shop\/\"},{\"@type\":\"ListItem\",\"position\":3,\"name\":\"Style 181\"}]},{\"@type\":\"WebSite\",\"@id\":\"https:\/\/mog.com.vn\/#website\",\"url\":\"https:\/\/mog.com.vn\/\",\"name\":\"Mog.com.vn\",\"description\":\"FLOW Control Solutions\",\"publisher\":{\"@id\":\"https:\/\/mog.com.vn\/#organization\"},\"potentialAction\":[{\"@type\":\"SearchAction\",\"target\":{\"@type\":\"EntryPoint\",\"urlTemplate\":\"https:\/\/mog.com.vn\/?s={search_term_string}\"},\"query-input\":{\"@type\":\"PropertyValueSpecification\",\"valueRequired\":true,\"valueName\":\"search_term_string\"}}],\"inLanguage\":\"vi\"},{\"@type\":\"Organization\",\"@id\":\"https:\/\/mog.com.vn\/#organization\",\"name\":\"Mog.com.vn\",\"url\":\"https:\/\/mog.com.vn\/\",\"logo\":{\"@type\":\"ImageObject\",\"inLanguage\":\"vi\",\"@id\":\"https:\/\/mog.com.vn\/#\/schema\/logo\/image\/\",\"url\":\"https:\/\/mog.com.vn\/wp-content\/uploads\/2025\/10\/Logo-MOG.jpg\",\"contentUrl\":\"https:\/\/mog.com.vn\/wp-content\/uploads\/2025\/10\/Logo-MOG.jpg\",\"width\":755,\"height\":230,\"caption\":\"Mog.com.vn\"},\"image\":{\"@id\":\"https:\/\/mog.com.vn\/#\/schema\/logo\/image\/\"},\"description\":\"Gi\u1ea3i ph\u00e1p C\u01a1 kh\u00ed ch\u00ednh x\u00e1c & Van c\u00f4ng nghi\u1ec7p to\u00e0n di\u1ec7n cho doanh nghi\u1ec7p c\u1ee7a b\u1ea1n.\",\"email\":\"giacongcokhimog@gmail.com\",\"telephone\":\"090 311 4883\"}]}<\/script>\n<!-- \/ Yoast SEO Premium plugin. -->","yoast_head_json":{"title":"[:vi]Style 181[:en]Style 181[:ja]\u30bf\u30a4\u30d7 181[:kr]\uc2a4\ud0c0\uc77c 181[:] - Mog.com.vn","robots":{"index":"index","follow":"follow","max-snippet":"max-snippet:-1","max-image-preview":"max-image-preview:large","max-video-preview":"max-video-preview:-1"},"canonical":"https:\/\/mog.com.vn\/product\/style-181\/","og_locale":"vi_VN","og_type":"article","og_title":"[:vi]Style 181[:en]Style 181[:ja]\u30bf\u30a4\u30d7 181[:kr]\uc2a4\ud0c0\uc77c 181[:]","og_description":"[:vi]Gio\u0103ng r\u0103ng c\u01b0a \u0111\u1eb7c Ch\u1ee7 y\u1ebfu \u0111\u01b0\u1ee3c s\u1eed d\u1ee5ng tr\u00ean b\u1ed9 trao \u0111\u1ed5i nhi\u1ec7t, tua bin v\u00e0 van. V\u1eadt li\u1ec7u gio\u0103ng l\u00fd t\u01b0\u1edfng nh\u1ea5t l\u00e0 \u00edt h\u01a1n kho\u1ea3ng 30 Brinell so v\u1edbi v\u1eadt li\u1ec7u m\u1eb7t b\u00edch \u0111\u1ec3 \u0111\u1ea3m b\u1ea3o gio\u0103ng \u0111\u1ee7 bi\u1ebfn d\u1ea1ng m\u00e0 kh\u00f4ng l\u00e0m h\u1ecfng m\u1eb7t b\u00edch. B\u1ec1 m\u1eb7t ho\u00e0n thi\u1ec7n c\u1ee7a m\u1eb7t b\u00edch l\u00e0 r\u1ea5t quan tr\u1ecdng. C\u00e1c kim lo\u1ea1i ph\u1ed5 bi\u1ebfn l\u00e0 Th\u00e9p cacbon, Th\u00e9p kh\u00f4ng g\u1ec9 304, 316L, 321, S\u1eaft m\u1ec1m, Monel v\u00e0 Inconel. C\u00e1c v\u1eadt li\u1ec7u kh\u00e1c c\u00f3 s\u1eb5n theo y\u00eau c\u1ea7u.[:en]Solid Serrated Gasket Primarily used on heat exchangers, turbines and valves. The gasket material ideally needs to be roughly 30 Brinell less than the flange material to ensure sufficient deformation of the gasket without damaging the flange facing. Flange surface finish is critical. Common metals are Carbon Steel, Stainless Steel 304, 316L, 321, Soft Iron, Monel and Inconel. Other materials available on request.[:ja]\u56fa\u4f53\u92f8\u6b6f\u72b6\u30ac\u30b9\u30b1\u30c3\u30c8 \u4e3b\u306b\u71b1\u4ea4\u63db\u5668\u3001\u30bf\u30fc\u30d3\u30f3\u3001\u30d0\u30eb\u30d6\u3067\u4f7f\u7528\u3055\u308c\u307e\u3059\u3002\u7406\u60f3\u7684\u306a\u30ac\u30b9\u30b1\u30c3\u30c8\u6750\u6599\u306f\u3001\u30d5\u30e9\u30f3\u30b8\u6750\u6599\u3088\u308a\u7d0430\u30d6\u30ea\u30cd\u30eb\u786c\u5ea6\u304c\u4f4e\u304f\u3001\u30ac\u30b9\u30b1\u30c3\u30c8\u304c\u5341\u5206\u306b\u5909\u5f62\u3057\u3001\u30d5\u30e9\u30f3\u30b8\u3092\u640d\u50b7\u3055\u305b\u306a\u3044\u3088\u3046\u306b\u3059\u308b\u3053\u3068\u3067\u3059\u3002\u30d5\u30e9\u30f3\u30b8\u8868\u9762\u306e\u4ed5\u4e0a\u3052\u306f\u975e\u5e38\u306b\u91cd\u8981\u3067\u3059\u3002 \u4e00\u822c\u7684\u306a\u91d1\u5c5e\u6750\u6599\uff1a\u70ad\u7d20\u92fc, \u30b9\u30c6\u30f3\u30ec\u30b9\u92fc 304, 316L, 321, \u8edf\u92fc, \u30e2\u30cd\u30eb\u3068\u30a4\u30f3\u30b3\u30cd\u30eb\u3002 \u305d\u306e\u4ed6\u306e\u6750\u6599\u3082\u30ea\u30af\u30a8\u30b9\u30c8\u306b\u5fdc\u3058\u3066\u5229\u7528\u53ef\u80fd[:kr]\ub2e8\ub2e8\ud55c \ud1b1\ub2c8\uc758 \ubaa8\uc591\uc774 \uc788\ub294 \uac00\uc2a4\ucf13 \uc8fc\ub85c \uc5f4\uad50\ud658\uae30, \ud130\ube48 \ubc0f \ubc38\ube0c\uc5d0 \uc0ac\uc6a9\ub429\ub2c8\ub2e4. \uac00\uc2a4\ucf13 \uc7ac\ub8cc\ub294 \ud50c\ub79c\uc9c0 \uc7ac\ub8cc\ubcf4\ub2e4 \uc57d 30 \ube0c\ub9ac\ub12c \ub0ae\uc544\uc57c \ud558\uba70, \uc774\ub97c \ud1b5\ud574 \uac00\uc2a4\ucf13\uc774 \ucda9\ubd84\ud788 \ubcc0\ud615\ub418\uba74\uc11c \ud50c\ub79c\uc9c0 \ud45c\uba74\uc744 \uc190\uc0c1\uc2dc\ud0a4\uc9c0 \uc54a\ub3c4\ub85d \ud574\uc57c \ud569\ub2c8\ub2e4. \ud50c\ub79c\uc9c0 \ud45c\uba74 \ub9c8\uac10\uc774 \uc911\uc694\ud569\ub2c8\ub2e4. \uc77c\ubc18\uc801\uc73c\ub85c \uc0ac\uc6a9\ub418\ub294 \uae08\uc18d\uc740 \ud0c4\uc18c\uac15, \uc2a4\ud14c\uc778\ub9ac\uc2a4 \uc2a4\ud2f8 304, 316L, 321, \uc5f0\uac15, \ubaa8\ub12c, \uc778\ucf54\ub12c \ub4f1\uc774 \uc788\uc2b5\ub2c8\ub2e4. \uae30\ud0c0 \uc7ac\ub8cc\ub294 \uc694\uccad \uc2dc \uc81c\uacf5 \uac00\ub2a5\ud569\ub2c8\ub2e4.[:]","og_url":"https:\/\/mog.com.vn\/product\/style-181\/","og_site_name":"Mog.com.vn","article_modified_time":"2025-04-12T17:11:59+00:00","og_image":[{"width":800,"height":800,"url":"https:\/\/mog.com.vn\/wp-content\/uploads\/2025\/04\/26.-Style-181.jpg","type":"image\/jpeg"}],"twitter_card":"summary_large_image","schema":{"@context":"https:\/\/schema.org","@graph":[{"@type":"WebPage","@id":"https:\/\/mog.com.vn\/product\/style-181\/","url":"https:\/\/mog.com.vn\/product\/style-181\/","name":"[:vi]Style 181[:en]Style 181[:ja]\u30bf\u30a4\u30d7 181[:kr]\uc2a4\ud0c0\uc77c 181[:] - Mog.com.vn","isPartOf":{"@id":"https:\/\/mog.com.vn\/#website"},"primaryImageOfPage":{"@id":"https:\/\/mog.com.vn\/product\/style-181\/#primaryimage"},"image":{"@id":"https:\/\/mog.com.vn\/product\/style-181\/#primaryimage"},"thumbnailUrl":"https:\/\/mog.com.vn\/wp-content\/uploads\/2025\/04\/26.-Style-181.jpg","datePublished":"2025-04-12T17:11:58+00:00","dateModified":"2025-04-12T17:11:59+00:00","breadcrumb":{"@id":"https:\/\/mog.com.vn\/product\/style-181\/#breadcrumb"},"inLanguage":"vi","potentialAction":[{"@type":"ReadAction","target":["https:\/\/mog.com.vn\/product\/style-181\/"]}]},{"@type":"ImageObject","inLanguage":"vi","@id":"https:\/\/mog.com.vn\/product\/style-181\/#primaryimage","url":"https:\/\/mog.com.vn\/wp-content\/uploads\/2025\/04\/26.-Style-181.jpg","contentUrl":"https:\/\/mog.com.vn\/wp-content\/uploads\/2025\/04\/26.-Style-181.jpg","width":800,"height":800},{"@type":"BreadcrumbList","@id":"https:\/\/mog.com.vn\/product\/style-181\/#breadcrumb","itemListElement":[{"@type":"ListItem","position":1,"name":"Home","item":"https:\/\/mog.com.vn\/"},{"@type":"ListItem","position":2,"name":"Shop","item":"https:\/\/mog.com.vn\/shop\/"},{"@type":"ListItem","position":3,"name":"Style 181"}]},{"@type":"WebSite","@id":"https:\/\/mog.com.vn\/#website","url":"https:\/\/mog.com.vn\/","name":"Mog.com.vn","description":"FLOW Control Solutions","publisher":{"@id":"https:\/\/mog.com.vn\/#organization"},"potentialAction":[{"@type":"SearchAction","target":{"@type":"EntryPoint","urlTemplate":"https:\/\/mog.com.vn\/?s={search_term_string}"},"query-input":{"@type":"PropertyValueSpecification","valueRequired":true,"valueName":"search_term_string"}}],"inLanguage":"vi"},{"@type":"Organization","@id":"https:\/\/mog.com.vn\/#organization","name":"Mog.com.vn","url":"https:\/\/mog.com.vn\/","logo":{"@type":"ImageObject","inLanguage":"vi","@id":"https:\/\/mog.com.vn\/#\/schema\/logo\/image\/","url":"https:\/\/mog.com.vn\/wp-content\/uploads\/2025\/10\/Logo-MOG.jpg","contentUrl":"https:\/\/mog.com.vn\/wp-content\/uploads\/2025\/10\/Logo-MOG.jpg","width":755,"height":230,"caption":"Mog.com.vn"},"image":{"@id":"https:\/\/mog.com.vn\/#\/schema\/logo\/image\/"},"description":"Gi\u1ea3i ph\u00e1p C\u01a1 kh\u00ed ch\u00ednh x\u00e1c & Van c\u00f4ng nghi\u1ec7p to\u00e0n di\u1ec7n cho doanh nghi\u1ec7p c\u1ee7a b\u1ea1n.","email":"giacongcokhimog@gmail.com","telephone":"090 311 4883"}]}},"_links":{"self":[{"href":"https:\/\/mog.com.vn\/vi\/wp-json\/wp\/v2\/product\/650","targetHints":{"allow":["GET"]}}],"collection":[{"href":"https:\/\/mog.com.vn\/vi\/wp-json\/wp\/v2\/product"}],"about":[{"href":"https:\/\/mog.com.vn\/vi\/wp-json\/wp\/v2\/types\/product"}],"replies":[{"embeddable":true,"href":"https:\/\/mog.com.vn\/vi\/wp-json\/wp\/v2\/comments?post=650"}],"wp:featuredmedia":[{"embeddable":true,"href":"https:\/\/mog.com.vn\/vi\/wp-json\/wp\/v2\/media\/651"}],"wp:attachment":[{"href":"https:\/\/mog.com.vn\/vi\/wp-json\/wp\/v2\/media?parent=650"}],"wp:term":[{"taxonomy":"product_brand","embeddable":true,"href":"https:\/\/mog.com.vn\/vi\/wp-json\/wp\/v2\/product_brand?post=650"},{"taxonomy":"product_cat","embeddable":true,"href":"https:\/\/mog.com.vn\/vi\/wp-json\/wp\/v2\/product_cat?post=650"},{"taxonomy":"product_tag","embeddable":true,"href":"https:\/\/mog.com.vn\/vi\/wp-json\/wp\/v2\/product_tag?post=650"}],"curies":[{"name":"wp","href":"https:\/\/api.w.org\/{rel}","templated":true}]}}