{"id":656,"date":"2025-04-12T17:11:58","date_gmt":"2025-04-12T17:11:58","guid":{"rendered":"https:\/\/mog.com.vn\/renew\/product\/klingermaxiflex\/"},"modified":"2025-04-12T17:12:00","modified_gmt":"2025-04-12T17:12:00","slug":"klingermaxiflex","status":"publish","type":"product","link":"https:\/\/mog.com.vn\/vi\/product\/klingermaxiflex\/","title":{"rendered":"KLINGERmaxiflex"},"content":{"rendered":"C\u00f3 th\u1ec3 l\u1eafp v\u00f2ng trong v\u00e0 v\u00f2ng ngo\u00e0i \u0111\u1ec3 \u0111\u1ecbnh t\u00e2m gio\u0103ng tr\u00ean m\u1eb7t b\u00edch v\u00e0 b\u1ea3o v\u1ec7 c\u00e1c cu\u1ed9n d\u00e2y b\u00ean trong kh\u1ecfi b\u1ecb x\u00f3i m\u00f2n. Ch\u00fang c\u0169ng ho\u1ea1t \u0111\u1ed9ng nh\u01b0 m\u1ed9t \u0111i\u1ec3m d\u1eebng n\u00e9n. Gio\u0103ng xo\u1eafn Maxiflex c\u00f3 th\u1ec3 \u0111\u01b0\u1ee3c s\u1ea3n xu\u1ea5t b\u1eb1ng nhi\u1ec1u lo\u1ea1i v\u1eadt li\u1ec7u l\u00e0m \u0111\u1ea7y t\u00f9y theo \u0111i\u1ec1u ki\u1ec7n s\u1eed d\u1ee5ng kh\u00e1c nhau.<\/p>\n<p>Gio\u0103ng Maxiflex c\u00f3 th\u1ec3 \u0111\u01b0\u1ee3c s\u1ea3n xu\u1ea5t \u0111\u1ec3 \u0111\u00e1p \u1ee9ng t\u1ea5t c\u1ea3 c\u00e1c ti\u00eau chu\u1ea9n qu\u1ed1c t\u1ebf nh\u01b0 ASME B16.20, DIN v\u00e0 c\u00e1c y\u00eau c\u1ea7u c\u1ee5 th\u1ec3 c\u1ee7a kh\u00e1ch h\u00e0ng.<\/p>\n<p><strong>Ho\u00e0n thi\u1ec7n b\u1ec1 m\u1eb7t b\u00edch<\/strong><\/p>\n<p>Gio\u0103ng Maxiflex c\u00f3 kh\u1ea3 n\u0103ng t\u1ea1o ra l\u1edbp \u0111\u1ec7m tuy\u1ec7t v\u1eddi tr\u00ean nhi\u1ec1u lo\u1ea1i ho\u00e0n thi\u1ec7n b\u1ec1 m\u1eb7t b\u00edch, nh\u01b0ng nh\u01b0 m\u1ed9t h\u01b0\u1edbng d\u1eabn chung, ch\u00fang t\u00f4i \u0111\u1ec1 xu\u1ea5t nh\u01b0 sau:<\/p>\n<table>\n<tbody>\n<tr>\n<td><strong>Duty<\/strong><\/td>\n<td colspan=\"2\"><strong>Roughness<\/strong><\/td>\n<\/tr>\n<tr>\n<td>General<\/td>\n<td>3.2-6 3\u00b5m<\/td>\n<td>125-250\u00b5\u201d<\/td>\n<\/tr>\n<tr>\n<td>Critical<\/td>\n<td>3 2\u00b5m<\/td>\n<td>125\u00b5\u201d<\/td>\n<\/tr>\n<tr>\n<td>Vacuum<\/td>\n<td>2.0\u00b5m<\/td>\n<td>80\u00b5\u201d<\/td>\n<\/tr>\n<\/tbody>\n<\/table>\n<p>&nbsp;<\/p>\n<table>\n<tbody>\n<tr>\n<td width=\"30%\"><strong>Winding Material<\/strong><\/td>\n<td width=\"70%\"><strong>Maximum temperature<\/strong><\/td>\n<\/tr>\n<tr>\n<td>Carbon steel<\/td>\n<td>500\u00b0C<\/td>\n<\/tr>\n<tr>\n<td>304 Stainless steel<\/td>\n<td>650\u00b0C<\/td>\n<\/tr>\n<tr>\n<td>316L Stainless steel<\/td>\n<td>800\u00b0C<\/td>\n<\/tr>\n<tr>\n<td>Duplex UN\u00a0 S 31803<\/td>\n<td>800\u00b0C<\/td>\n<\/tr>\n<tr>\n<td>347 Stainless steel<\/td>\n<td>870\u00b0C<\/td>\n<\/tr>\n<tr>\n<td>321 Stainless steel<\/td>\n<td>870\u00b0C<\/td>\n<\/tr>\n<tr>\n<td>Monel 400<\/td>\n<td>800\u00b0C<\/td>\n<\/tr>\n<tr>\n<td>Nickel 200<\/td>\n<td>600\u00b0C<\/td>\n<\/tr>\n<tr>\n<td>Titanium Gr2<\/td>\n<td>500\u00b0C<\/td>\n<\/tr>\n<tr>\n<td>Titanium Gr7<\/td>\n<td>500\u00b0C<\/td>\n<\/tr>\n<tr>\n<td>Hastelloy B-2\/B-3<\/td>\n<td>700\u00b0C<\/td>\n<\/tr>\n<tr>\n<td>Hastelloy C-276<\/td>\n<td>700\u00b0C<\/td>\n<\/tr>\n<tr>\n<td>Inconel 600<\/td>\n<td>1000\u00b0C<\/td>\n<\/tr>\n<tr>\n<td>Inconel 625<\/td>\n<td>1000\u00b0C<\/td>\n<\/tr>\n<tr>\n<td>Inconel X 750<\/td>\n<td>1000\u00b0C<\/td>\n<\/tr>\n<tr>\n<td>Incoloy 825<\/td>\n<td>600\u00b0C<\/td>\n<\/tr>\n<tr>\n<td>Zirconium<\/td>\n<td>500\u00b0C<\/td>\n<\/tr>\n<tr>\n<td>Super Duplex<\/td>\n<td>600\u00b0C<\/td>\n<\/tr>\n<tr>\n<td>Alloy 20<\/td>\n<td>600\u00b0C<\/td>\n<\/tr>\n<tr>\n<td colspan=\"2\">Other grades of steel available on request.<\/td>\n<\/tr>\n<\/tbody>\n<\/table>\n<p>&nbsp;<\/p>\n<table>\n<tbody>\n<tr>\n<td width=\"30%\"><strong>Filler Material<\/strong><\/td>\n<td width=\"70%\"><strong>Maximum and minimum temperature<\/strong><\/td>\n<\/tr>\n<tr>\n<td>Graphite<\/td>\n<td>-200 to 500\u00b0C<\/td>\n<\/tr>\n<tr>\n<td>PTFE<\/td>\n<td>-196 TO 260\u00b0C<\/td>\n<\/tr>\n<tr>\n<td>Mica<\/td>\n<td>1000\u00b0C<\/td>\n<\/tr>\n<tr>\n<td>Mica &amp; Graphite<\/td>\n<td>900\u00b0C<\/td>\n<\/tr>\n<tr>\n<td>Ceramic<\/td>\n<td>1200\u00b0C<\/td>\n<\/tr>\n<\/tbody>\n<\/table>","protected":false},"excerpt":{"rendered":"<p><strong>Nguy\u00ean l\u00fd thi\u1ebft k\u1ebf c\u1ee7a Gio\u0103ng xo\u1eafn KLINGERmaxiflex<\/strong><\/p>\n<p>Gio\u0103ng xo\u1eafn c\u00f3 kh\u1ea3 n\u0103ng ph\u1ee5c h\u1ed3i d\u01b0\u1edbi t\u00e1c \u0111\u1ed9ng c\u1ee7a t\u1ea3i tr\u1ecdng dao \u0111\u1ed9ng do \u00e1p su\u1ea5t ch\u1ea5t l\u1ecfng trong quy tr\u00ecnh v\u00e0 thay \u0111\u1ed5i nhi\u1ec7t \u0111\u1ed9, nhi\u1ec7t \u0111\u1ed9 m\u1eb7t b\u00edch thay \u0111\u1ed5i, m\u1eb7t b\u00edch quay, \u1ee9ng su\u1ea5t bu l\u00f4ng gi\u00e3n n\u1edf v\u00e0 bi\u1ebfn d\u1ea1ng.<\/p>\n<p>Th\u00e0nh ph\u1ea7n l\u00e0m k\u00edn gio\u0103ng bao g\u1ed3m m\u1ed9t d\u1ea3i qu\u1ea5n kim lo\u1ea1i \u0111\u01b0\u1ee3c \u0111\u1ecbnh h\u00ecnh s\u1eb5n v\u1edbi c\u00e1c l\u1edbp v\u1eadt li\u1ec7u l\u00e0m k\u00edn m\u1ec1m h\u01a1n, d\u1ec5 n\u00e9n h\u01a1n, trong qu\u00e1 tr\u00ecnh n\u00e9n, v\u1eadt li\u1ec7u n\u00e0y s\u1ebd \u0111\u01b0\u1ee3c l\u00e0m \u0111\u1eb7c l\u1ea1i v\u00e0 ch\u1ea3y \u0111\u1ec3 l\u1ea5p \u0111\u1ea7y c\u00e1c khuy\u1ebft \u0111i\u1ec3m tr\u00ean b\u1ec1 m\u1eb7t m\u1eb7t b\u00edch khi gio\u0103ng \u0111\u01b0\u1ee3c l\u1eafp v\u00e0o. D\u1ea3i kim lo\u1ea1i gi\u1eef ch\u1ea5t \u0111\u1ed9n, t\u1ea1o cho gio\u0103ng kh\u1ea3 n\u0103ng ch\u1ecbu l\u1ef1c (ch\u1ed1ng ch\u1ecbu) v\u00e0 \u0111\u00e0n h\u1ed3i.<\/p>\n","protected":false},"featured_media":657,"comment_status":"closed","ping_status":"open","template":"","meta":[],"product_brand":[],"product_cat":[113],"product_tag":[],"class_list":{"0":"post-656","1":"product","2":"type-product","3":"status-publish","4":"has-post-thumbnail","6":"product_cat-klingerspiral-wounds","8":"first","9":"instock","10":"product-type-simple"},"yoast_head":"<!-- This site is optimized with the Yoast SEO Premium plugin v25.9 (Yoast SEO v25.9) - https:\/\/yoast.com\/wordpress\/plugins\/seo\/ -->\n<title>KLINGERmaxiflex - Mog.com.vn<\/title>\n<meta name=\"robots\" content=\"index, follow, max-snippet:-1, max-image-preview:large, max-video-preview:-1\" \/>\n<link rel=\"canonical\" href=\"https:\/\/mog.com.vn\/product\/klingermaxiflex\/\" \/>\n<meta property=\"og:locale\" content=\"vi_VN\" \/>\n<meta property=\"og:type\" content=\"article\" \/>\n<meta property=\"og:title\" content=\"KLINGERmaxiflex\" \/>\n<meta property=\"og:description\" content=\"[:vi]Nguy\u00ean l\u00fd thi\u1ebft k\u1ebf c\u1ee7a Gio\u0103ng xo\u1eafn KLINGERmaxiflex Gio\u0103ng xo\u1eafn c\u00f3 kh\u1ea3 n\u0103ng ph\u1ee5c h\u1ed3i d\u01b0\u1edbi t\u00e1c \u0111\u1ed9ng c\u1ee7a t\u1ea3i tr\u1ecdng dao \u0111\u1ed9ng do \u00e1p su\u1ea5t ch\u1ea5t l\u1ecfng trong quy tr\u00ecnh v\u00e0 thay \u0111\u1ed5i nhi\u1ec7t \u0111\u1ed9, nhi\u1ec7t \u0111\u1ed9 m\u1eb7t b\u00edch thay \u0111\u1ed5i, m\u1eb7t b\u00edch quay, \u1ee9ng su\u1ea5t bu l\u00f4ng gi\u00e3n n\u1edf v\u00e0 bi\u1ebfn d\u1ea1ng. Th\u00e0nh ph\u1ea7n l\u00e0m k\u00edn gio\u0103ng bao g\u1ed3m m\u1ed9t d\u1ea3i qu\u1ea5n kim lo\u1ea1i \u0111\u01b0\u1ee3c \u0111\u1ecbnh h\u00ecnh s\u1eb5n v\u1edbi c\u00e1c l\u1edbp v\u1eadt li\u1ec7u l\u00e0m k\u00edn m\u1ec1m h\u01a1n, d\u1ec5 n\u00e9n h\u01a1n, trong qu\u00e1 tr\u00ecnh n\u00e9n, v\u1eadt li\u1ec7u n\u00e0y s\u1ebd \u0111\u01b0\u1ee3c l\u00e0m \u0111\u1eb7c l\u1ea1i v\u00e0 ch\u1ea3y \u0111\u1ec3 l\u1ea5p \u0111\u1ea7y c\u00e1c khuy\u1ebft \u0111i\u1ec3m tr\u00ean b\u1ec1 m\u1eb7t m\u1eb7t b\u00edch khi gio\u0103ng \u0111\u01b0\u1ee3c l\u1eafp v\u00e0o. D\u1ea3i kim lo\u1ea1i gi\u1eef ch\u1ea5t \u0111\u1ed9n, t\u1ea1o cho gio\u0103ng kh\u1ea3 n\u0103ng ch\u1ecbu l\u1ef1c (ch\u1ed1ng ch\u1ecbu) v\u00e0 \u0111\u00e0n h\u1ed3i.[:en]The design principle of the KLINGERmaxiflex Spiral-Wound Gasket Spiral Wound Gasket have the ability to recover under the action of fluctuating loads caused by process fluid pressure and temperature changes, flange face temperature variations, flange rotation, bolt stress relaxation and creep. The gasket sealing element consists of a pre formed metallic winding strip with layers of a softer, more compressible sealing material which, during compression, is densified and flows to fill imperfection in the flange surfaces when the gasket is seated. The metal strip holds the filler giving the gasket mechanical (resistance) and resilience.[:ja]KLINGERmaxiflex \u30b9\u30d1\u30a4\u30e9\u30eb\u30ef\u30a6\u30f3\u30c9\u30ac\u30b9\u30b1\u30c3\u30c8\u306e\u30c7\u30b6\u30a4\u30f3\u539f\u7406 KLINGERmaxiflex \u30b9\u30d1\u30a4\u30e9\u30eb\u30ef\u30a6\u30f3\u30c9\u30ac\u30b9\u30b1\u30c3\u30c8\u306f\u3001\u6d41\u4f53\u5727\u529b\u306e\u5909\u52d5\u3084\u6e29\u5ea6\u5909\u5316\u3001\u30d5\u30e9\u30f3\u30b8\u306e\u56de\u8ee2\u3001\u30dc\u30eb\u30c8\u5fdc\u529b\u306e\u62e1\u5f35\u3084\u5909\u5f62\u306b\u3088\u308b\u8377\u91cd\u5909\u52d5\u306b\u5bfe\u5fdc\u3057\u3066\u5fa9\u5143\u3059\u308b\u80fd\u529b\u3092\u6301\u3063\u3066\u3044\u307e\u3059\u3002 \u30ac\u30b9\u30b1\u30c3\u30c8\u306e\u30b7\u30fc\u30eb\u6210\u5206\u306f\u3001\u3042\u3089\u304b\u3058\u3081\u5f62\u6210\u3055\u308c\u305f\u91d1\u5c5e\u30b9\u30c8\u30ea\u30c3\u30d7\u3068\u3001\u67d4\u3089\u304b\u304f\u5727\u7e2e\u3057\u3084\u3059\u3044\u30b7\u30fc\u30ea\u30f3\u30b0\u6750\u6599\u306e\u5c64\u3067\u69cb\u6210\u3055\u308c\u3066\u3044\u307e\u3059\u3002\u3053\u308c\u3089\u306e\u6750\u6599\u306f\u5727\u7e2e\u6642\u306b\u51dd\u7e2e\u3057\u3066\u6d41\u308c\u3001\u30d5\u30e9\u30f3\u30b8\u9762\u306e\u6b20\u9665\u3092\u57cb\u3081\u308b\u305f\u3081\u306e\u30b7\u30fc\u30eb\u3092\u4f5c\u308a\u51fa\u3057\u307e\u3059\u3002\u91d1\u5c5e\u30b9\u30c8\u30ea\u30c3\u30d7\u306f\u30d5\u30a3\u30e9\u30fc\u3092\u4fdd\u6301\u3057\u3001\u30ac\u30b9\u30b1\u30c3\u30c8\u306b\u5f37\u5ea6\u3068\u5f3e\u529b\u6027\u3092\u63d0\u4f9b\u3057\u307e\u3059\u3002[:kr]KLINGERmaxiflex \uc2a4\ud30c\uc774\ub7f4 \uc640\uc6b4\ub4dc \uac00\uc2a4\ucf13\uc758 \uc124\uacc4 \uc6d0\ub9ac \uc2a4\ud30c\uc774\ub7f4 \uc640\uc6b4\ub4dc \uac00\uc2a4\ucf13\uc740 \uacf5\uc815 \uc720\uccb4\uc758 \uc555\ub825 \ubc0f \uc628\ub3c4 \ubcc0\ud654, \ud50c\ub79c\uc9c0 \uba74 \uc628\ub3c4 \ubcc0\ud654, \ud50c\ub79c\uc9c0 \ud68c\uc804, \ubcfc\ud2b8 \uc2a4\ud2b8\ub808\uc2a4 \uc644\ud654 \ubc0f \ud06c\ub9ac\ud504\uc5d0 \uc758\ud574 \ubc1c\uc0dd\ud558\ub294 \ubcc0\ub3d9 \ud558\uc911\uc5d0 \ub530\ub77c \ubcf5\uc6d0\ud560 \uc218 \uc788\ub294 \ub2a5\ub825\uc744 \uac00\uc9c0\uace0 \uc788\uc2b5\ub2c8\ub2e4. \uac00\uc2a4\ucf13 \ubc00\ud3d0 \uc694\uc18c\ub294 \ubbf8\ub9ac \ud615\uc131\ub41c \uae08\uc18d \uc640\uc778\ub529 \uc2a4\ud2b8\ub9bd\uacfc \ub354 \ubd80\ub4dc\ub7fd\uace0 \uc555\ucd95 \uac00\ub2a5\ud55c \ubc00\ud3d0 \uc7ac\ub8cc\uc758 \uce35\uc73c\ub85c \uad6c\uc131\ub429\ub2c8\ub2e4. \uc555\ucd95 \uc2dc \ubc00\ud3d0 \uc7ac\ub8cc\ub294 \ubc00\uc9d1\ub418\uace0 \ud750\ub974\uba74\uc11c \uac00\uc2a4\ucf13\uc774 \uc790\ub9ac \uc7a1\uc744 \ub54c \ud50c\ub79c\uc9c0 \ud45c\uba74\uc758 \ubd88\uc644\uc804\ud568\uc744 \ucc44\uc6c1\ub2c8\ub2e4. \uae08\uc18d \uc2a4\ud2b8\ub9bd\uc740 \ucda9\uc804\uc7ac\ub97c \uc9c0\ud0f1\ud558\uc5ec \uac00\uc2a4\ucf13\uc5d0 \uae30\uacc4\uc801 \uc800\ud56d\uc131\uacfc \ud0c4\ub825\uc744 \uc81c\uacf5\ud569\ub2c8\ub2e4.[:]\" \/>\n<meta property=\"og:url\" content=\"https:\/\/mog.com.vn\/product\/klingermaxiflex\/\" \/>\n<meta property=\"og:site_name\" content=\"Mog.com.vn\" \/>\n<meta property=\"article:modified_time\" content=\"2025-04-12T17:12:00+00:00\" \/>\n<meta property=\"og:image\" content=\"https:\/\/mog.com.vn\/wp-content\/uploads\/2025\/04\/klinger-spiral-wounds.jpg\" \/>\n\t<meta property=\"og:image:width\" content=\"1000\" \/>\n\t<meta property=\"og:image:height\" content=\"1000\" \/>\n\t<meta property=\"og:image:type\" content=\"image\/jpeg\" \/>\n<meta name=\"twitter:card\" content=\"summary_large_image\" \/>\n<meta name=\"twitter:label1\" content=\"\u01af\u1edbc t\u00ednh th\u1eddi gian \u0111\u1ecdc\" \/>\n\t<meta name=\"twitter:data1\" content=\"4 ph\u00fat\" \/>\n<script type=\"application\/ld+json\" class=\"yoast-schema-graph\">{\"@context\":\"https:\/\/schema.org\",\"@graph\":[{\"@type\":\"WebPage\",\"@id\":\"https:\/\/mog.com.vn\/product\/klingermaxiflex\/\",\"url\":\"https:\/\/mog.com.vn\/product\/klingermaxiflex\/\",\"name\":\"KLINGERmaxiflex - Mog.com.vn\",\"isPartOf\":{\"@id\":\"https:\/\/mog.com.vn\/#website\"},\"primaryImageOfPage\":{\"@id\":\"https:\/\/mog.com.vn\/product\/klingermaxiflex\/#primaryimage\"},\"image\":{\"@id\":\"https:\/\/mog.com.vn\/product\/klingermaxiflex\/#primaryimage\"},\"thumbnailUrl\":\"https:\/\/mog.com.vn\/wp-content\/uploads\/2025\/04\/klinger-spiral-wounds.jpg\",\"datePublished\":\"2025-04-12T17:11:58+00:00\",\"dateModified\":\"2025-04-12T17:12:00+00:00\",\"breadcrumb\":{\"@id\":\"https:\/\/mog.com.vn\/product\/klingermaxiflex\/#breadcrumb\"},\"inLanguage\":\"vi\",\"potentialAction\":[{\"@type\":\"ReadAction\",\"target\":[\"https:\/\/mog.com.vn\/product\/klingermaxiflex\/\"]}]},{\"@type\":\"ImageObject\",\"inLanguage\":\"vi\",\"@id\":\"https:\/\/mog.com.vn\/product\/klingermaxiflex\/#primaryimage\",\"url\":\"https:\/\/mog.com.vn\/wp-content\/uploads\/2025\/04\/klinger-spiral-wounds.jpg\",\"contentUrl\":\"https:\/\/mog.com.vn\/wp-content\/uploads\/2025\/04\/klinger-spiral-wounds.jpg\",\"width\":1000,\"height\":1000},{\"@type\":\"BreadcrumbList\",\"@id\":\"https:\/\/mog.com.vn\/product\/klingermaxiflex\/#breadcrumb\",\"itemListElement\":[{\"@type\":\"ListItem\",\"position\":1,\"name\":\"Home\",\"item\":\"https:\/\/mog.com.vn\/\"},{\"@type\":\"ListItem\",\"position\":2,\"name\":\"Shop\",\"item\":\"https:\/\/mog.com.vn\/shop\/\"},{\"@type\":\"ListItem\",\"position\":3,\"name\":\"KLINGERmaxiflex\"}]},{\"@type\":\"WebSite\",\"@id\":\"https:\/\/mog.com.vn\/#website\",\"url\":\"https:\/\/mog.com.vn\/\",\"name\":\"Mog.com.vn\",\"description\":\"FLOW Control Solutions\",\"publisher\":{\"@id\":\"https:\/\/mog.com.vn\/#organization\"},\"potentialAction\":[{\"@type\":\"SearchAction\",\"target\":{\"@type\":\"EntryPoint\",\"urlTemplate\":\"https:\/\/mog.com.vn\/?s={search_term_string}\"},\"query-input\":{\"@type\":\"PropertyValueSpecification\",\"valueRequired\":true,\"valueName\":\"search_term_string\"}}],\"inLanguage\":\"vi\"},{\"@type\":\"Organization\",\"@id\":\"https:\/\/mog.com.vn\/#organization\",\"name\":\"Mog.com.vn\",\"url\":\"https:\/\/mog.com.vn\/\",\"logo\":{\"@type\":\"ImageObject\",\"inLanguage\":\"vi\",\"@id\":\"https:\/\/mog.com.vn\/#\/schema\/logo\/image\/\",\"url\":\"https:\/\/mog.com.vn\/wp-content\/uploads\/2025\/10\/Logo-MOG.jpg\",\"contentUrl\":\"https:\/\/mog.com.vn\/wp-content\/uploads\/2025\/10\/Logo-MOG.jpg\",\"width\":755,\"height\":230,\"caption\":\"Mog.com.vn\"},\"image\":{\"@id\":\"https:\/\/mog.com.vn\/#\/schema\/logo\/image\/\"},\"description\":\"Gi\u1ea3i ph\u00e1p C\u01a1 kh\u00ed ch\u00ednh x\u00e1c & Van c\u00f4ng nghi\u1ec7p to\u00e0n di\u1ec7n cho doanh nghi\u1ec7p c\u1ee7a b\u1ea1n.\",\"email\":\"giacongcokhimog@gmail.com\",\"telephone\":\"090 311 4883\"}]}<\/script>\n<!-- \/ Yoast SEO Premium plugin. -->","yoast_head_json":{"title":"KLINGERmaxiflex - Mog.com.vn","robots":{"index":"index","follow":"follow","max-snippet":"max-snippet:-1","max-image-preview":"max-image-preview:large","max-video-preview":"max-video-preview:-1"},"canonical":"https:\/\/mog.com.vn\/product\/klingermaxiflex\/","og_locale":"vi_VN","og_type":"article","og_title":"KLINGERmaxiflex","og_description":"[:vi]Nguy\u00ean l\u00fd thi\u1ebft k\u1ebf c\u1ee7a Gio\u0103ng xo\u1eafn KLINGERmaxiflex Gio\u0103ng xo\u1eafn c\u00f3 kh\u1ea3 n\u0103ng ph\u1ee5c h\u1ed3i d\u01b0\u1edbi t\u00e1c \u0111\u1ed9ng c\u1ee7a t\u1ea3i tr\u1ecdng dao \u0111\u1ed9ng do \u00e1p su\u1ea5t ch\u1ea5t l\u1ecfng trong quy tr\u00ecnh v\u00e0 thay \u0111\u1ed5i nhi\u1ec7t \u0111\u1ed9, nhi\u1ec7t \u0111\u1ed9 m\u1eb7t b\u00edch thay \u0111\u1ed5i, m\u1eb7t b\u00edch quay, \u1ee9ng su\u1ea5t bu l\u00f4ng gi\u00e3n n\u1edf v\u00e0 bi\u1ebfn d\u1ea1ng. Th\u00e0nh ph\u1ea7n l\u00e0m k\u00edn gio\u0103ng bao g\u1ed3m m\u1ed9t d\u1ea3i qu\u1ea5n kim lo\u1ea1i \u0111\u01b0\u1ee3c \u0111\u1ecbnh h\u00ecnh s\u1eb5n v\u1edbi c\u00e1c l\u1edbp v\u1eadt li\u1ec7u l\u00e0m k\u00edn m\u1ec1m h\u01a1n, d\u1ec5 n\u00e9n h\u01a1n, trong qu\u00e1 tr\u00ecnh n\u00e9n, v\u1eadt li\u1ec7u n\u00e0y s\u1ebd \u0111\u01b0\u1ee3c l\u00e0m \u0111\u1eb7c l\u1ea1i v\u00e0 ch\u1ea3y \u0111\u1ec3 l\u1ea5p \u0111\u1ea7y c\u00e1c khuy\u1ebft \u0111i\u1ec3m tr\u00ean b\u1ec1 m\u1eb7t m\u1eb7t b\u00edch khi gio\u0103ng \u0111\u01b0\u1ee3c l\u1eafp v\u00e0o. D\u1ea3i kim lo\u1ea1i gi\u1eef ch\u1ea5t \u0111\u1ed9n, t\u1ea1o cho gio\u0103ng kh\u1ea3 n\u0103ng ch\u1ecbu l\u1ef1c (ch\u1ed1ng ch\u1ecbu) v\u00e0 \u0111\u00e0n h\u1ed3i.[:en]The design principle of the KLINGERmaxiflex Spiral-Wound Gasket Spiral Wound Gasket have the ability to recover under the action of fluctuating loads caused by process fluid pressure and temperature changes, flange face temperature variations, flange rotation, bolt stress relaxation and creep. The gasket sealing element consists of a pre formed metallic winding strip with layers of a softer, more compressible sealing material which, during compression, is densified and flows to fill imperfection in the flange surfaces when the gasket is seated. The metal strip holds the filler giving the gasket mechanical (resistance) and resilience.[:ja]KLINGERmaxiflex \u30b9\u30d1\u30a4\u30e9\u30eb\u30ef\u30a6\u30f3\u30c9\u30ac\u30b9\u30b1\u30c3\u30c8\u306e\u30c7\u30b6\u30a4\u30f3\u539f\u7406 KLINGERmaxiflex \u30b9\u30d1\u30a4\u30e9\u30eb\u30ef\u30a6\u30f3\u30c9\u30ac\u30b9\u30b1\u30c3\u30c8\u306f\u3001\u6d41\u4f53\u5727\u529b\u306e\u5909\u52d5\u3084\u6e29\u5ea6\u5909\u5316\u3001\u30d5\u30e9\u30f3\u30b8\u306e\u56de\u8ee2\u3001\u30dc\u30eb\u30c8\u5fdc\u529b\u306e\u62e1\u5f35\u3084\u5909\u5f62\u306b\u3088\u308b\u8377\u91cd\u5909\u52d5\u306b\u5bfe\u5fdc\u3057\u3066\u5fa9\u5143\u3059\u308b\u80fd\u529b\u3092\u6301\u3063\u3066\u3044\u307e\u3059\u3002 \u30ac\u30b9\u30b1\u30c3\u30c8\u306e\u30b7\u30fc\u30eb\u6210\u5206\u306f\u3001\u3042\u3089\u304b\u3058\u3081\u5f62\u6210\u3055\u308c\u305f\u91d1\u5c5e\u30b9\u30c8\u30ea\u30c3\u30d7\u3068\u3001\u67d4\u3089\u304b\u304f\u5727\u7e2e\u3057\u3084\u3059\u3044\u30b7\u30fc\u30ea\u30f3\u30b0\u6750\u6599\u306e\u5c64\u3067\u69cb\u6210\u3055\u308c\u3066\u3044\u307e\u3059\u3002\u3053\u308c\u3089\u306e\u6750\u6599\u306f\u5727\u7e2e\u6642\u306b\u51dd\u7e2e\u3057\u3066\u6d41\u308c\u3001\u30d5\u30e9\u30f3\u30b8\u9762\u306e\u6b20\u9665\u3092\u57cb\u3081\u308b\u305f\u3081\u306e\u30b7\u30fc\u30eb\u3092\u4f5c\u308a\u51fa\u3057\u307e\u3059\u3002\u91d1\u5c5e\u30b9\u30c8\u30ea\u30c3\u30d7\u306f\u30d5\u30a3\u30e9\u30fc\u3092\u4fdd\u6301\u3057\u3001\u30ac\u30b9\u30b1\u30c3\u30c8\u306b\u5f37\u5ea6\u3068\u5f3e\u529b\u6027\u3092\u63d0\u4f9b\u3057\u307e\u3059\u3002[:kr]KLINGERmaxiflex \uc2a4\ud30c\uc774\ub7f4 \uc640\uc6b4\ub4dc \uac00\uc2a4\ucf13\uc758 \uc124\uacc4 \uc6d0\ub9ac \uc2a4\ud30c\uc774\ub7f4 \uc640\uc6b4\ub4dc \uac00\uc2a4\ucf13\uc740 \uacf5\uc815 \uc720\uccb4\uc758 \uc555\ub825 \ubc0f \uc628\ub3c4 \ubcc0\ud654, \ud50c\ub79c\uc9c0 \uba74 \uc628\ub3c4 \ubcc0\ud654, \ud50c\ub79c\uc9c0 \ud68c\uc804, \ubcfc\ud2b8 \uc2a4\ud2b8\ub808\uc2a4 \uc644\ud654 \ubc0f \ud06c\ub9ac\ud504\uc5d0 \uc758\ud574 \ubc1c\uc0dd\ud558\ub294 \ubcc0\ub3d9 \ud558\uc911\uc5d0 \ub530\ub77c \ubcf5\uc6d0\ud560 \uc218 \uc788\ub294 \ub2a5\ub825\uc744 \uac00\uc9c0\uace0 \uc788\uc2b5\ub2c8\ub2e4. \uac00\uc2a4\ucf13 \ubc00\ud3d0 \uc694\uc18c\ub294 \ubbf8\ub9ac \ud615\uc131\ub41c \uae08\uc18d \uc640\uc778\ub529 \uc2a4\ud2b8\ub9bd\uacfc \ub354 \ubd80\ub4dc\ub7fd\uace0 \uc555\ucd95 \uac00\ub2a5\ud55c \ubc00\ud3d0 \uc7ac\ub8cc\uc758 \uce35\uc73c\ub85c \uad6c\uc131\ub429\ub2c8\ub2e4. \uc555\ucd95 \uc2dc \ubc00\ud3d0 \uc7ac\ub8cc\ub294 \ubc00\uc9d1\ub418\uace0 \ud750\ub974\uba74\uc11c \uac00\uc2a4\ucf13\uc774 \uc790\ub9ac \uc7a1\uc744 \ub54c \ud50c\ub79c\uc9c0 \ud45c\uba74\uc758 \ubd88\uc644\uc804\ud568\uc744 \ucc44\uc6c1\ub2c8\ub2e4. \uae08\uc18d \uc2a4\ud2b8\ub9bd\uc740 \ucda9\uc804\uc7ac\ub97c \uc9c0\ud0f1\ud558\uc5ec \uac00\uc2a4\ucf13\uc5d0 \uae30\uacc4\uc801 \uc800\ud56d\uc131\uacfc \ud0c4\ub825\uc744 \uc81c\uacf5\ud569\ub2c8\ub2e4.[:]","og_url":"https:\/\/mog.com.vn\/product\/klingermaxiflex\/","og_site_name":"Mog.com.vn","article_modified_time":"2025-04-12T17:12:00+00:00","og_image":[{"width":1000,"height":1000,"url":"https:\/\/mog.com.vn\/wp-content\/uploads\/2025\/04\/klinger-spiral-wounds.jpg","type":"image\/jpeg"}],"twitter_card":"summary_large_image","twitter_misc":{"\u01af\u1edbc t\u00ednh th\u1eddi gian \u0111\u1ecdc":"4 ph\u00fat"},"schema":{"@context":"https:\/\/schema.org","@graph":[{"@type":"WebPage","@id":"https:\/\/mog.com.vn\/product\/klingermaxiflex\/","url":"https:\/\/mog.com.vn\/product\/klingermaxiflex\/","name":"KLINGERmaxiflex - Mog.com.vn","isPartOf":{"@id":"https:\/\/mog.com.vn\/#website"},"primaryImageOfPage":{"@id":"https:\/\/mog.com.vn\/product\/klingermaxiflex\/#primaryimage"},"image":{"@id":"https:\/\/mog.com.vn\/product\/klingermaxiflex\/#primaryimage"},"thumbnailUrl":"https:\/\/mog.com.vn\/wp-content\/uploads\/2025\/04\/klinger-spiral-wounds.jpg","datePublished":"2025-04-12T17:11:58+00:00","dateModified":"2025-04-12T17:12:00+00:00","breadcrumb":{"@id":"https:\/\/mog.com.vn\/product\/klingermaxiflex\/#breadcrumb"},"inLanguage":"vi","potentialAction":[{"@type":"ReadAction","target":["https:\/\/mog.com.vn\/product\/klingermaxiflex\/"]}]},{"@type":"ImageObject","inLanguage":"vi","@id":"https:\/\/mog.com.vn\/product\/klingermaxiflex\/#primaryimage","url":"https:\/\/mog.com.vn\/wp-content\/uploads\/2025\/04\/klinger-spiral-wounds.jpg","contentUrl":"https:\/\/mog.com.vn\/wp-content\/uploads\/2025\/04\/klinger-spiral-wounds.jpg","width":1000,"height":1000},{"@type":"BreadcrumbList","@id":"https:\/\/mog.com.vn\/product\/klingermaxiflex\/#breadcrumb","itemListElement":[{"@type":"ListItem","position":1,"name":"Home","item":"https:\/\/mog.com.vn\/"},{"@type":"ListItem","position":2,"name":"Shop","item":"https:\/\/mog.com.vn\/shop\/"},{"@type":"ListItem","position":3,"name":"KLINGERmaxiflex"}]},{"@type":"WebSite","@id":"https:\/\/mog.com.vn\/#website","url":"https:\/\/mog.com.vn\/","name":"Mog.com.vn","description":"FLOW Control Solutions","publisher":{"@id":"https:\/\/mog.com.vn\/#organization"},"potentialAction":[{"@type":"SearchAction","target":{"@type":"EntryPoint","urlTemplate":"https:\/\/mog.com.vn\/?s={search_term_string}"},"query-input":{"@type":"PropertyValueSpecification","valueRequired":true,"valueName":"search_term_string"}}],"inLanguage":"vi"},{"@type":"Organization","@id":"https:\/\/mog.com.vn\/#organization","name":"Mog.com.vn","url":"https:\/\/mog.com.vn\/","logo":{"@type":"ImageObject","inLanguage":"vi","@id":"https:\/\/mog.com.vn\/#\/schema\/logo\/image\/","url":"https:\/\/mog.com.vn\/wp-content\/uploads\/2025\/10\/Logo-MOG.jpg","contentUrl":"https:\/\/mog.com.vn\/wp-content\/uploads\/2025\/10\/Logo-MOG.jpg","width":755,"height":230,"caption":"Mog.com.vn"},"image":{"@id":"https:\/\/mog.com.vn\/#\/schema\/logo\/image\/"},"description":"Gi\u1ea3i ph\u00e1p C\u01a1 kh\u00ed ch\u00ednh x\u00e1c & Van c\u00f4ng nghi\u1ec7p to\u00e0n di\u1ec7n cho doanh nghi\u1ec7p c\u1ee7a b\u1ea1n.","email":"giacongcokhimog@gmail.com","telephone":"090 311 4883"}]}},"_links":{"self":[{"href":"https:\/\/mog.com.vn\/vi\/wp-json\/wp\/v2\/product\/656","targetHints":{"allow":["GET"]}}],"collection":[{"href":"https:\/\/mog.com.vn\/vi\/wp-json\/wp\/v2\/product"}],"about":[{"href":"https:\/\/mog.com.vn\/vi\/wp-json\/wp\/v2\/types\/product"}],"replies":[{"embeddable":true,"href":"https:\/\/mog.com.vn\/vi\/wp-json\/wp\/v2\/comments?post=656"}],"wp:featuredmedia":[{"embeddable":true,"href":"https:\/\/mog.com.vn\/vi\/wp-json\/wp\/v2\/media\/657"}],"wp:attachment":[{"href":"https:\/\/mog.com.vn\/vi\/wp-json\/wp\/v2\/media?parent=656"}],"wp:term":[{"taxonomy":"product_brand","embeddable":true,"href":"https:\/\/mog.com.vn\/vi\/wp-json\/wp\/v2\/product_brand?post=656"},{"taxonomy":"product_cat","embeddable":true,"href":"https:\/\/mog.com.vn\/vi\/wp-json\/wp\/v2\/product_cat?post=656"},{"taxonomy":"product_tag","embeddable":true,"href":"https:\/\/mog.com.vn\/vi\/wp-json\/wp\/v2\/product_tag?post=656"}],"curies":[{"name":"wp","href":"https:\/\/api.w.org\/{rel}","templated":true}]}}