{"id":658,"date":"2025-04-12T17:11:58","date_gmt":"2025-04-12T17:11:58","guid":{"rendered":"https:\/\/mog.com.vn\/renew\/product\/maxiflex-style-r\/"},"modified":"2025-04-12T17:12:01","modified_gmt":"2025-04-12T17:12:01","slug":"maxiflex-style-r","status":"publish","type":"product","link":"https:\/\/mog.com.vn\/vi\/product\/maxiflex-style-r\/","title":{"rendered":"Maxiflex Style R"},"content":{"rendered":"","protected":false},"excerpt":{"rendered":"<p>Y\u1ebfu t\u1ed1 b\u1ecbt k\u00edn v\u1ebft th\u01b0\u01a1ng xo\u1eafn Maxiflex<br \/>\nNhi\u1ec1u l\u1ef1a ch\u1ecdn v\u1eadt li\u1ec7u cho ch\u1ea5t \u0111\u1ed9n v\u00e0 d\u1ea3i kim lo\u1ea1i<br \/>\nTh\u00edch h\u1ee3p cho c\u00e1c \u1ee9ng d\u1ee5ng \u00e1p su\u1ea5t v\u00e0 nhi\u1ec7t \u0111\u1ed9 cao<br \/>\nM\u1eb7t b\u00edch \u0111\u01b0\u1ee3c \u0111\u1ec1 xu\u1ea5t \u2013 l\u01b0\u1ee1i v\u00e0 r\u00e3nh, m\u1eb7t \u0111\u1ef1c sang m\u1eb7t c\u00e1i v\u00e0 r\u00e3nh m\u1eb7t ph\u1eb3ng<br \/>\nNhi\u1ec7m v\u1ee5 chung v\u00e0 quan tr\u1ecdng<\/p>\n","protected":false},"featured_media":659,"comment_status":"closed","ping_status":"open","template":"","meta":[],"product_brand":[],"product_cat":[113],"product_tag":[],"class_list":{"0":"post-658","1":"product","2":"type-product","3":"status-publish","4":"has-post-thumbnail","6":"product_cat-klingerspiral-wounds","8":"first","9":"instock","10":"product-type-simple"},"yoast_head":"<!-- This site is optimized with the Yoast SEO Premium plugin v25.9 (Yoast SEO v25.9) - https:\/\/yoast.com\/wordpress\/plugins\/seo\/ -->\n<title>Maxiflex Style R - Mog.com.vn<\/title>\n<meta name=\"robots\" content=\"index, follow, max-snippet:-1, max-image-preview:large, max-video-preview:-1\" \/>\n<link rel=\"canonical\" href=\"https:\/\/mog.com.vn\/product\/maxiflex-style-r\/\" \/>\n<meta property=\"og:locale\" content=\"vi_VN\" \/>\n<meta property=\"og:type\" content=\"article\" \/>\n<meta property=\"og:title\" content=\"Maxiflex Style R\" \/>\n<meta property=\"og:description\" content=\"[:vi]Y\u1ebfu t\u1ed1 b\u1ecbt k\u00edn v\u1ebft th\u01b0\u01a1ng xo\u1eafn Maxiflex Nhi\u1ec1u l\u1ef1a ch\u1ecdn v\u1eadt li\u1ec7u cho ch\u1ea5t \u0111\u1ed9n v\u00e0 d\u1ea3i kim lo\u1ea1i Th\u00edch h\u1ee3p cho c\u00e1c \u1ee9ng d\u1ee5ng \u00e1p su\u1ea5t v\u00e0 nhi\u1ec7t \u0111\u1ed9 cao M\u1eb7t b\u00edch \u0111\u01b0\u1ee3c \u0111\u1ec1 xu\u1ea5t \u2013 l\u01b0\u1ee1i v\u00e0 r\u00e3nh, m\u1eb7t \u0111\u1ef1c sang m\u1eb7t c\u00e1i v\u00e0 r\u00e3nh m\u1eb7t ph\u1eb3ng Nhi\u1ec7m v\u1ee5 chung v\u00e0 quan tr\u1ecdng[:en]  Maxiflex spiral wound sealing element  Wide choice of materials for filler and metal strip  Suitable for high pressure and temperature applications  Recommended flanges \u2013 tongue and groove, male to female and flat face recess  General and critical duties [:ja]Maxiflex \u30b9\u30d1\u30a4\u30e9\u30eb\u30b7\u30fc\u30eb\u30a8\u30ec\u30e1\u30f3\u30c8 \u30d5\u30a3\u30e9\u30fc\u304a\u3088\u3073\u91d1\u5c5e\u30b9\u30c8\u30ea\u30c3\u30d7\u306e\u6750\u6599\u30aa\u30d7\u30b7\u30e7\u30f3\u304c\u8c4a\u5bcc \u9ad8\u5727\u304a\u3088\u3073\u9ad8\u6e29\u306e\u7528\u9014\u306b\u9069\u3057\u3066\u3044\u307e\u3059 \u63a8\u5968\u3055\u308c\u308b\u30d5\u30e9\u30f3\u30b8: \u30bf\u30f3\u30b0 &amp; \u30b0\u30eb\u30fc\u30d6\u3001\u30aa\u30b9-\u30e1\u30b9\u3001\u5e73\u9762\u30b0\u30eb\u30fc\u30d6 \u4e00\u822c\u304a\u3088\u3073\u91cd\u8981\u306a\u7528\u9014\u306b\u5bfe\u5fdc[:kr]Maxiflex \uc2a4\ud30c\uc774\ub7f4 \uc640\uc6b4\ub4dc \uc530\ub9c1 \uc5d8\ub9ac\uba3c\ud2b8 \ucda9\uc804\uc7ac \ubc0f \uae08\uc18d \uc2a4\ud2b8\ub9bd\uc5d0 \ub300\ud55c \ub2e4\uc591\ud55c \uc7ac\ub8cc \uc120\ud0dd \uac00\ub2a5 \uace0\uc555 \ubc0f \uace0\uc628 \uc560\ud50c\ub9ac\ucf00\uc774\uc158\uc5d0 \uc801\ud569 \ucd94\ucc9c\ub418\ub294 \ud50c\ub79c\uc9c0: \ud1b1\ub2c8\uc640 \ud648, \ub0a8\uc131-\uc5ec\uc131, \ud3c9\uba74 \uba74 \ub9ac\uc138\uc2a4 \uc77c\ubc18 \ubc0f \uc911\uc694 \uc758\ubb34\uc5d0 \uc801\ud569[:]\" \/>\n<meta property=\"og:url\" content=\"https:\/\/mog.com.vn\/product\/maxiflex-style-r\/\" \/>\n<meta property=\"og:site_name\" content=\"Mog.com.vn\" \/>\n<meta property=\"article:modified_time\" content=\"2025-04-12T17:12:01+00:00\" \/>\n<meta property=\"og:image\" content=\"https:\/\/mog.com.vn\/wp-content\/uploads\/2025\/04\/1.-Maxiflex-Style-R.jpg\" \/>\n\t<meta property=\"og:image:width\" content=\"800\" \/>\n\t<meta property=\"og:image:height\" content=\"800\" \/>\n\t<meta property=\"og:image:type\" content=\"image\/jpeg\" \/>\n<meta name=\"twitter:card\" content=\"summary_large_image\" \/>\n<script type=\"application\/ld+json\" class=\"yoast-schema-graph\">{\"@context\":\"https:\/\/schema.org\",\"@graph\":[{\"@type\":\"WebPage\",\"@id\":\"https:\/\/mog.com.vn\/product\/maxiflex-style-r\/\",\"url\":\"https:\/\/mog.com.vn\/product\/maxiflex-style-r\/\",\"name\":\"Maxiflex Style R - Mog.com.vn\",\"isPartOf\":{\"@id\":\"https:\/\/mog.com.vn\/#website\"},\"primaryImageOfPage\":{\"@id\":\"https:\/\/mog.com.vn\/product\/maxiflex-style-r\/#primaryimage\"},\"image\":{\"@id\":\"https:\/\/mog.com.vn\/product\/maxiflex-style-r\/#primaryimage\"},\"thumbnailUrl\":\"https:\/\/mog.com.vn\/wp-content\/uploads\/2025\/04\/1.-Maxiflex-Style-R.jpg\",\"datePublished\":\"2025-04-12T17:11:58+00:00\",\"dateModified\":\"2025-04-12T17:12:01+00:00\",\"breadcrumb\":{\"@id\":\"https:\/\/mog.com.vn\/product\/maxiflex-style-r\/#breadcrumb\"},\"inLanguage\":\"vi\",\"potentialAction\":[{\"@type\":\"ReadAction\",\"target\":[\"https:\/\/mog.com.vn\/product\/maxiflex-style-r\/\"]}]},{\"@type\":\"ImageObject\",\"inLanguage\":\"vi\",\"@id\":\"https:\/\/mog.com.vn\/product\/maxiflex-style-r\/#primaryimage\",\"url\":\"https:\/\/mog.com.vn\/wp-content\/uploads\/2025\/04\/1.-Maxiflex-Style-R.jpg\",\"contentUrl\":\"https:\/\/mog.com.vn\/wp-content\/uploads\/2025\/04\/1.-Maxiflex-Style-R.jpg\",\"width\":800,\"height\":800},{\"@type\":\"BreadcrumbList\",\"@id\":\"https:\/\/mog.com.vn\/product\/maxiflex-style-r\/#breadcrumb\",\"itemListElement\":[{\"@type\":\"ListItem\",\"position\":1,\"name\":\"Home\",\"item\":\"https:\/\/mog.com.vn\/\"},{\"@type\":\"ListItem\",\"position\":2,\"name\":\"Shop\",\"item\":\"https:\/\/mog.com.vn\/shop\/\"},{\"@type\":\"ListItem\",\"position\":3,\"name\":\"Maxiflex Style R\"}]},{\"@type\":\"WebSite\",\"@id\":\"https:\/\/mog.com.vn\/#website\",\"url\":\"https:\/\/mog.com.vn\/\",\"name\":\"Mog.com.vn\",\"description\":\"FLOW Control Solutions\",\"publisher\":{\"@id\":\"https:\/\/mog.com.vn\/#organization\"},\"potentialAction\":[{\"@type\":\"SearchAction\",\"target\":{\"@type\":\"EntryPoint\",\"urlTemplate\":\"https:\/\/mog.com.vn\/?s={search_term_string}\"},\"query-input\":{\"@type\":\"PropertyValueSpecification\",\"valueRequired\":true,\"valueName\":\"search_term_string\"}}],\"inLanguage\":\"vi\"},{\"@type\":\"Organization\",\"@id\":\"https:\/\/mog.com.vn\/#organization\",\"name\":\"Mog.com.vn\",\"url\":\"https:\/\/mog.com.vn\/\",\"logo\":{\"@type\":\"ImageObject\",\"inLanguage\":\"vi\",\"@id\":\"https:\/\/mog.com.vn\/#\/schema\/logo\/image\/\",\"url\":\"https:\/\/mog.com.vn\/wp-content\/uploads\/2025\/10\/Logo-MOG.jpg\",\"contentUrl\":\"https:\/\/mog.com.vn\/wp-content\/uploads\/2025\/10\/Logo-MOG.jpg\",\"width\":755,\"height\":230,\"caption\":\"Mog.com.vn\"},\"image\":{\"@id\":\"https:\/\/mog.com.vn\/#\/schema\/logo\/image\/\"},\"description\":\"Gi\u1ea3i ph\u00e1p C\u01a1 kh\u00ed ch\u00ednh x\u00e1c & Van c\u00f4ng nghi\u1ec7p to\u00e0n di\u1ec7n cho doanh nghi\u1ec7p c\u1ee7a b\u1ea1n.\",\"email\":\"giacongcokhimog@gmail.com\",\"telephone\":\"090 311 4883\"}]}<\/script>\n<!-- \/ Yoast SEO Premium plugin. -->","yoast_head_json":{"title":"Maxiflex Style R - Mog.com.vn","robots":{"index":"index","follow":"follow","max-snippet":"max-snippet:-1","max-image-preview":"max-image-preview:large","max-video-preview":"max-video-preview:-1"},"canonical":"https:\/\/mog.com.vn\/product\/maxiflex-style-r\/","og_locale":"vi_VN","og_type":"article","og_title":"Maxiflex Style R","og_description":"[:vi]Y\u1ebfu t\u1ed1 b\u1ecbt k\u00edn v\u1ebft th\u01b0\u01a1ng xo\u1eafn Maxiflex Nhi\u1ec1u l\u1ef1a ch\u1ecdn v\u1eadt li\u1ec7u cho ch\u1ea5t \u0111\u1ed9n v\u00e0 d\u1ea3i kim lo\u1ea1i Th\u00edch h\u1ee3p cho c\u00e1c \u1ee9ng d\u1ee5ng \u00e1p su\u1ea5t v\u00e0 nhi\u1ec7t \u0111\u1ed9 cao M\u1eb7t b\u00edch \u0111\u01b0\u1ee3c \u0111\u1ec1 xu\u1ea5t \u2013 l\u01b0\u1ee1i v\u00e0 r\u00e3nh, m\u1eb7t \u0111\u1ef1c sang m\u1eb7t c\u00e1i v\u00e0 r\u00e3nh m\u1eb7t ph\u1eb3ng Nhi\u1ec7m v\u1ee5 chung v\u00e0 quan tr\u1ecdng[:en]  Maxiflex spiral wound sealing element  Wide choice of materials for filler and metal strip  Suitable for high pressure and temperature applications  Recommended flanges \u2013 tongue and groove, male to female and flat face recess  General and critical duties [:ja]Maxiflex \u30b9\u30d1\u30a4\u30e9\u30eb\u30b7\u30fc\u30eb\u30a8\u30ec\u30e1\u30f3\u30c8 \u30d5\u30a3\u30e9\u30fc\u304a\u3088\u3073\u91d1\u5c5e\u30b9\u30c8\u30ea\u30c3\u30d7\u306e\u6750\u6599\u30aa\u30d7\u30b7\u30e7\u30f3\u304c\u8c4a\u5bcc \u9ad8\u5727\u304a\u3088\u3073\u9ad8\u6e29\u306e\u7528\u9014\u306b\u9069\u3057\u3066\u3044\u307e\u3059 \u63a8\u5968\u3055\u308c\u308b\u30d5\u30e9\u30f3\u30b8: \u30bf\u30f3\u30b0 &amp; \u30b0\u30eb\u30fc\u30d6\u3001\u30aa\u30b9-\u30e1\u30b9\u3001\u5e73\u9762\u30b0\u30eb\u30fc\u30d6 \u4e00\u822c\u304a\u3088\u3073\u91cd\u8981\u306a\u7528\u9014\u306b\u5bfe\u5fdc[:kr]Maxiflex \uc2a4\ud30c\uc774\ub7f4 \uc640\uc6b4\ub4dc \uc530\ub9c1 \uc5d8\ub9ac\uba3c\ud2b8 \ucda9\uc804\uc7ac \ubc0f \uae08\uc18d \uc2a4\ud2b8\ub9bd\uc5d0 \ub300\ud55c \ub2e4\uc591\ud55c \uc7ac\ub8cc \uc120\ud0dd \uac00\ub2a5 \uace0\uc555 \ubc0f \uace0\uc628 \uc560\ud50c\ub9ac\ucf00\uc774\uc158\uc5d0 \uc801\ud569 \ucd94\ucc9c\ub418\ub294 \ud50c\ub79c\uc9c0: \ud1b1\ub2c8\uc640 \ud648, \ub0a8\uc131-\uc5ec\uc131, \ud3c9\uba74 \uba74 \ub9ac\uc138\uc2a4 \uc77c\ubc18 \ubc0f \uc911\uc694 \uc758\ubb34\uc5d0 \uc801\ud569[:]","og_url":"https:\/\/mog.com.vn\/product\/maxiflex-style-r\/","og_site_name":"Mog.com.vn","article_modified_time":"2025-04-12T17:12:01+00:00","og_image":[{"width":800,"height":800,"url":"https:\/\/mog.com.vn\/wp-content\/uploads\/2025\/04\/1.-Maxiflex-Style-R.jpg","type":"image\/jpeg"}],"twitter_card":"summary_large_image","schema":{"@context":"https:\/\/schema.org","@graph":[{"@type":"WebPage","@id":"https:\/\/mog.com.vn\/product\/maxiflex-style-r\/","url":"https:\/\/mog.com.vn\/product\/maxiflex-style-r\/","name":"Maxiflex Style R - Mog.com.vn","isPartOf":{"@id":"https:\/\/mog.com.vn\/#website"},"primaryImageOfPage":{"@id":"https:\/\/mog.com.vn\/product\/maxiflex-style-r\/#primaryimage"},"image":{"@id":"https:\/\/mog.com.vn\/product\/maxiflex-style-r\/#primaryimage"},"thumbnailUrl":"https:\/\/mog.com.vn\/wp-content\/uploads\/2025\/04\/1.-Maxiflex-Style-R.jpg","datePublished":"2025-04-12T17:11:58+00:00","dateModified":"2025-04-12T17:12:01+00:00","breadcrumb":{"@id":"https:\/\/mog.com.vn\/product\/maxiflex-style-r\/#breadcrumb"},"inLanguage":"vi","potentialAction":[{"@type":"ReadAction","target":["https:\/\/mog.com.vn\/product\/maxiflex-style-r\/"]}]},{"@type":"ImageObject","inLanguage":"vi","@id":"https:\/\/mog.com.vn\/product\/maxiflex-style-r\/#primaryimage","url":"https:\/\/mog.com.vn\/wp-content\/uploads\/2025\/04\/1.-Maxiflex-Style-R.jpg","contentUrl":"https:\/\/mog.com.vn\/wp-content\/uploads\/2025\/04\/1.-Maxiflex-Style-R.jpg","width":800,"height":800},{"@type":"BreadcrumbList","@id":"https:\/\/mog.com.vn\/product\/maxiflex-style-r\/#breadcrumb","itemListElement":[{"@type":"ListItem","position":1,"name":"Home","item":"https:\/\/mog.com.vn\/"},{"@type":"ListItem","position":2,"name":"Shop","item":"https:\/\/mog.com.vn\/shop\/"},{"@type":"ListItem","position":3,"name":"Maxiflex Style R"}]},{"@type":"WebSite","@id":"https:\/\/mog.com.vn\/#website","url":"https:\/\/mog.com.vn\/","name":"Mog.com.vn","description":"FLOW Control Solutions","publisher":{"@id":"https:\/\/mog.com.vn\/#organization"},"potentialAction":[{"@type":"SearchAction","target":{"@type":"EntryPoint","urlTemplate":"https:\/\/mog.com.vn\/?s={search_term_string}"},"query-input":{"@type":"PropertyValueSpecification","valueRequired":true,"valueName":"search_term_string"}}],"inLanguage":"vi"},{"@type":"Organization","@id":"https:\/\/mog.com.vn\/#organization","name":"Mog.com.vn","url":"https:\/\/mog.com.vn\/","logo":{"@type":"ImageObject","inLanguage":"vi","@id":"https:\/\/mog.com.vn\/#\/schema\/logo\/image\/","url":"https:\/\/mog.com.vn\/wp-content\/uploads\/2025\/10\/Logo-MOG.jpg","contentUrl":"https:\/\/mog.com.vn\/wp-content\/uploads\/2025\/10\/Logo-MOG.jpg","width":755,"height":230,"caption":"Mog.com.vn"},"image":{"@id":"https:\/\/mog.com.vn\/#\/schema\/logo\/image\/"},"description":"Gi\u1ea3i ph\u00e1p C\u01a1 kh\u00ed ch\u00ednh x\u00e1c & Van c\u00f4ng nghi\u1ec7p to\u00e0n di\u1ec7n cho doanh nghi\u1ec7p c\u1ee7a b\u1ea1n.","email":"giacongcokhimog@gmail.com","telephone":"090 311 4883"}]}},"_links":{"self":[{"href":"https:\/\/mog.com.vn\/vi\/wp-json\/wp\/v2\/product\/658","targetHints":{"allow":["GET"]}}],"collection":[{"href":"https:\/\/mog.com.vn\/vi\/wp-json\/wp\/v2\/product"}],"about":[{"href":"https:\/\/mog.com.vn\/vi\/wp-json\/wp\/v2\/types\/product"}],"replies":[{"embeddable":true,"href":"https:\/\/mog.com.vn\/vi\/wp-json\/wp\/v2\/comments?post=658"}],"wp:featuredmedia":[{"embeddable":true,"href":"https:\/\/mog.com.vn\/vi\/wp-json\/wp\/v2\/media\/659"}],"wp:attachment":[{"href":"https:\/\/mog.com.vn\/vi\/wp-json\/wp\/v2\/media?parent=658"}],"wp:term":[{"taxonomy":"product_brand","embeddable":true,"href":"https:\/\/mog.com.vn\/vi\/wp-json\/wp\/v2\/product_brand?post=658"},{"taxonomy":"product_cat","embeddable":true,"href":"https:\/\/mog.com.vn\/vi\/wp-json\/wp\/v2\/product_cat?post=658"},{"taxonomy":"product_tag","embeddable":true,"href":"https:\/\/mog.com.vn\/vi\/wp-json\/wp\/v2\/product_tag?post=658"}],"curies":[{"name":"wp","href":"https:\/\/api.w.org\/{rel}","templated":true}]}}