{"id":660,"date":"2025-04-12T17:11:58","date_gmt":"2025-04-12T17:11:58","guid":{"rendered":"https:\/\/mog.com.vn\/renew\/product\/maxiflex-style-cr\/"},"modified":"2025-04-12T17:12:01","modified_gmt":"2025-04-12T17:12:01","slug":"maxiflex-style-cr","status":"publish","type":"product","link":"https:\/\/mog.com.vn\/vi\/product\/maxiflex-style-cr\/","title":{"rendered":"Maxiflex Style CR"},"content":{"rendered":"","protected":false},"excerpt":{"rendered":"<p>Y\u1ebfu t\u1ed1 b\u1ecbt k\u00edn v\u1ebft th\u01b0\u01a1ng xo\u1eafn Maxiflex<br \/>\nV\u00f2ng ngo\u00e0i b\u1eb1ng kim lo\u1ea1i r\u1eafn \u0111\u01b0\u1ee3c s\u1eed d\u1ee5ng l\u00e0m thi\u1ebft b\u1ecb \u0111\u1ecbnh t\u00e2m v\u00e0 ch\u1eb7n n\u00e9n.<br \/>\nCh\u1ee7 y\u1ebfu \u0111\u01b0\u1ee3c s\u1eed d\u1ee5ng tr\u00ean m\u1eb7t b\u00edch n\u00e2ng l\u00ean v\u00e0 m\u1eb7t b\u00edch ph\u1eb3ng.<br \/>\nNhi\u1ec1u l\u1ef1a ch\u1ecdn v\u1eadt li\u1ec7u cho ch\u1ea5t \u0111\u1ed9n v\u00e0 d\u1ea3i kim lo\u1ea1i.<br \/>\nNhi\u1ec7m v\u1ee5 chung.<\/p>\n","protected":false},"featured_media":661,"comment_status":"closed","ping_status":"open","template":"","meta":[],"product_brand":[],"product_cat":[113],"product_tag":[],"class_list":{"0":"post-660","1":"product","2":"type-product","3":"status-publish","4":"has-post-thumbnail","6":"product_cat-klingerspiral-wounds","8":"first","9":"instock","10":"product-type-simple"},"yoast_head":"<!-- This site is optimized with the Yoast SEO Premium plugin v25.9 (Yoast SEO v25.9) - https:\/\/yoast.com\/wordpress\/plugins\/seo\/ -->\n<title>Maxiflex Style CR - Mog.com.vn<\/title>\n<meta name=\"robots\" content=\"index, follow, max-snippet:-1, max-image-preview:large, max-video-preview:-1\" \/>\n<link rel=\"canonical\" href=\"https:\/\/mog.com.vn\/product\/maxiflex-style-cr\/\" \/>\n<meta property=\"og:locale\" content=\"vi_VN\" \/>\n<meta property=\"og:type\" content=\"article\" \/>\n<meta property=\"og:title\" content=\"[:vi]Maxiflex Style CR[:en]Maxiflex Style CR[:]\" \/>\n<meta property=\"og:description\" content=\"[:vi]Y\u1ebfu t\u1ed1 b\u1ecbt k\u00edn v\u1ebft th\u01b0\u01a1ng xo\u1eafn Maxiflex V\u00f2ng ngo\u00e0i b\u1eb1ng kim lo\u1ea1i r\u1eafn \u0111\u01b0\u1ee3c s\u1eed d\u1ee5ng l\u00e0m thi\u1ebft b\u1ecb \u0111\u1ecbnh t\u00e2m v\u00e0 ch\u1eb7n n\u00e9n. Ch\u1ee7 y\u1ebfu \u0111\u01b0\u1ee3c s\u1eed d\u1ee5ng tr\u00ean m\u1eb7t b\u00edch n\u00e2ng l\u00ean v\u00e0 m\u1eb7t b\u00edch ph\u1eb3ng. Nhi\u1ec1u l\u1ef1a ch\u1ecdn v\u1eadt li\u1ec7u cho ch\u1ea5t \u0111\u1ed9n v\u00e0 d\u1ea3i kim lo\u1ea1i. Nhi\u1ec7m v\u1ee5 chung.[:en]  Maxiflex spiral wound sealing element  Solid metal outer ring used as a centering device and compression stop.  Used mainly on raised face and flat face flanges.  Wide choice of materials for filler and metal strip.  General Duties. [:ja]Maxiflex \u30b9\u30d1\u30a4\u30e9\u30eb\u5dfb\u304d\u30b7\u30fc\u30eb\u8981\u7d20 \u30bb\u30f3\u30bf\u30ea\u30f3\u30b0\u88c5\u7f6e\u304a\u3088\u3073\u5727\u7e2e\u30b9\u30c8\u30c3\u30d1\u30fc\u3068\u3057\u3066\u4f7f\u7528\u3055\u308c\u308b\u30bd\u30ea\u30c3\u30c9\u30e1\u30bf\u30eb\u5916\u8f2a\u3002 \u4e3b\u306b\u51f8\u9762\u30d5\u30e9\u30f3\u30b8\u304a\u3088\u3073\u5e73\u9762\u30d5\u30e9\u30f3\u30b8\u306b\u4f7f\u7528\u3055\u308c\u307e\u3059\u3002 \u30d5\u30a3\u30e9\u30fc\u304a\u3088\u3073\u91d1\u5c5e\u30b9\u30c8\u30ea\u30c3\u30d7\u306e\u6750\u6599\u306e\u5e45\u5e83\u3044\u9078\u629e\u80a2\u3002 \u4e00\u822c\u7684\u306a\u696d\u52d9\u3002[:kr]Maxiflex \ub098\uc120\ud615 \uad8c\uc120 \ubc00\ubd09 \uc694\uc18c \uc13c\ud130\ub9c1 \uc7a5\uce58 \ubc0f \uc555\ucd95 \uc2a4\ud1b1\uc73c\ub85c \uc0ac\uc6a9\ub418\ub294 \uc194\ub9ac\ub4dc \uae08\uc18d \uc678\ub95c. \uc8fc\ub85c \ub3cc\ucd9c\uba74 \ubc0f \ud3c9\uba74 \ud50c\ub79c\uc9c0\uc5d0 \uc0ac\uc6a9. \ud544\ub7ec \ubc0f \uae08\uc18d \uc2a4\ud2b8\ub9bd\uc5d0 \ub300\ud55c \ub2e4\uc591\ud55c \uc7ac\ub8cc \uc120\ud0dd. \uc77c\ubc18 \uc5c5\ubb34.[:]\" \/>\n<meta property=\"og:url\" content=\"https:\/\/mog.com.vn\/product\/maxiflex-style-cr\/\" \/>\n<meta property=\"og:site_name\" content=\"Mog.com.vn\" \/>\n<meta property=\"article:modified_time\" content=\"2025-04-12T17:12:01+00:00\" \/>\n<meta property=\"og:image\" content=\"https:\/\/mog.com.vn\/wp-content\/uploads\/2025\/04\/2.-Maxiflex-Style-CR.jpg\" \/>\n\t<meta property=\"og:image:width\" content=\"800\" \/>\n\t<meta property=\"og:image:height\" content=\"800\" \/>\n\t<meta property=\"og:image:type\" content=\"image\/jpeg\" \/>\n<meta name=\"twitter:card\" content=\"summary_large_image\" \/>\n<script type=\"application\/ld+json\" class=\"yoast-schema-graph\">{\"@context\":\"https:\/\/schema.org\",\"@graph\":[{\"@type\":\"WebPage\",\"@id\":\"https:\/\/mog.com.vn\/product\/maxiflex-style-cr\/\",\"url\":\"https:\/\/mog.com.vn\/product\/maxiflex-style-cr\/\",\"name\":\"[:vi]Maxiflex Style CR[:en]Maxiflex Style CR[:] - Mog.com.vn\",\"isPartOf\":{\"@id\":\"https:\/\/mog.com.vn\/#website\"},\"primaryImageOfPage\":{\"@id\":\"https:\/\/mog.com.vn\/product\/maxiflex-style-cr\/#primaryimage\"},\"image\":{\"@id\":\"https:\/\/mog.com.vn\/product\/maxiflex-style-cr\/#primaryimage\"},\"thumbnailUrl\":\"https:\/\/mog.com.vn\/wp-content\/uploads\/2025\/04\/2.-Maxiflex-Style-CR.jpg\",\"datePublished\":\"2025-04-12T17:11:58+00:00\",\"dateModified\":\"2025-04-12T17:12:01+00:00\",\"breadcrumb\":{\"@id\":\"https:\/\/mog.com.vn\/product\/maxiflex-style-cr\/#breadcrumb\"},\"inLanguage\":\"vi\",\"potentialAction\":[{\"@type\":\"ReadAction\",\"target\":[\"https:\/\/mog.com.vn\/product\/maxiflex-style-cr\/\"]}]},{\"@type\":\"ImageObject\",\"inLanguage\":\"vi\",\"@id\":\"https:\/\/mog.com.vn\/product\/maxiflex-style-cr\/#primaryimage\",\"url\":\"https:\/\/mog.com.vn\/wp-content\/uploads\/2025\/04\/2.-Maxiflex-Style-CR.jpg\",\"contentUrl\":\"https:\/\/mog.com.vn\/wp-content\/uploads\/2025\/04\/2.-Maxiflex-Style-CR.jpg\",\"width\":800,\"height\":800},{\"@type\":\"BreadcrumbList\",\"@id\":\"https:\/\/mog.com.vn\/product\/maxiflex-style-cr\/#breadcrumb\",\"itemListElement\":[{\"@type\":\"ListItem\",\"position\":1,\"name\":\"Home\",\"item\":\"https:\/\/mog.com.vn\/\"},{\"@type\":\"ListItem\",\"position\":2,\"name\":\"Shop\",\"item\":\"https:\/\/mog.com.vn\/shop\/\"},{\"@type\":\"ListItem\",\"position\":3,\"name\":\"Maxiflex Style CR\"}]},{\"@type\":\"WebSite\",\"@id\":\"https:\/\/mog.com.vn\/#website\",\"url\":\"https:\/\/mog.com.vn\/\",\"name\":\"Mog.com.vn\",\"description\":\"FLOW Control Solutions\",\"publisher\":{\"@id\":\"https:\/\/mog.com.vn\/#organization\"},\"potentialAction\":[{\"@type\":\"SearchAction\",\"target\":{\"@type\":\"EntryPoint\",\"urlTemplate\":\"https:\/\/mog.com.vn\/?s={search_term_string}\"},\"query-input\":{\"@type\":\"PropertyValueSpecification\",\"valueRequired\":true,\"valueName\":\"search_term_string\"}}],\"inLanguage\":\"vi\"},{\"@type\":\"Organization\",\"@id\":\"https:\/\/mog.com.vn\/#organization\",\"name\":\"Mog.com.vn\",\"url\":\"https:\/\/mog.com.vn\/\",\"logo\":{\"@type\":\"ImageObject\",\"inLanguage\":\"vi\",\"@id\":\"https:\/\/mog.com.vn\/#\/schema\/logo\/image\/\",\"url\":\"https:\/\/mog.com.vn\/wp-content\/uploads\/2025\/10\/Logo-MOG.jpg\",\"contentUrl\":\"https:\/\/mog.com.vn\/wp-content\/uploads\/2025\/10\/Logo-MOG.jpg\",\"width\":755,\"height\":230,\"caption\":\"Mog.com.vn\"},\"image\":{\"@id\":\"https:\/\/mog.com.vn\/#\/schema\/logo\/image\/\"},\"description\":\"Gi\u1ea3i ph\u00e1p C\u01a1 kh\u00ed ch\u00ednh x\u00e1c & Van c\u00f4ng nghi\u1ec7p to\u00e0n di\u1ec7n cho doanh nghi\u1ec7p c\u1ee7a b\u1ea1n.\",\"email\":\"giacongcokhimog@gmail.com\",\"telephone\":\"090 311 4883\"}]}<\/script>\n<!-- \/ Yoast SEO Premium plugin. -->","yoast_head_json":{"title":"[:vi]Maxiflex Style CR[:en]Maxiflex Style CR[:] - Mog.com.vn","robots":{"index":"index","follow":"follow","max-snippet":"max-snippet:-1","max-image-preview":"max-image-preview:large","max-video-preview":"max-video-preview:-1"},"canonical":"https:\/\/mog.com.vn\/product\/maxiflex-style-cr\/","og_locale":"vi_VN","og_type":"article","og_title":"[:vi]Maxiflex Style CR[:en]Maxiflex Style CR[:]","og_description":"[:vi]Y\u1ebfu t\u1ed1 b\u1ecbt k\u00edn v\u1ebft th\u01b0\u01a1ng xo\u1eafn Maxiflex V\u00f2ng ngo\u00e0i b\u1eb1ng kim lo\u1ea1i r\u1eafn \u0111\u01b0\u1ee3c s\u1eed d\u1ee5ng l\u00e0m thi\u1ebft b\u1ecb \u0111\u1ecbnh t\u00e2m v\u00e0 ch\u1eb7n n\u00e9n. Ch\u1ee7 y\u1ebfu \u0111\u01b0\u1ee3c s\u1eed d\u1ee5ng tr\u00ean m\u1eb7t b\u00edch n\u00e2ng l\u00ean v\u00e0 m\u1eb7t b\u00edch ph\u1eb3ng. Nhi\u1ec1u l\u1ef1a ch\u1ecdn v\u1eadt li\u1ec7u cho ch\u1ea5t \u0111\u1ed9n v\u00e0 d\u1ea3i kim lo\u1ea1i. Nhi\u1ec7m v\u1ee5 chung.[:en]  Maxiflex spiral wound sealing element  Solid metal outer ring used as a centering device and compression stop.  Used mainly on raised face and flat face flanges.  Wide choice of materials for filler and metal strip.  General Duties. [:ja]Maxiflex \u30b9\u30d1\u30a4\u30e9\u30eb\u5dfb\u304d\u30b7\u30fc\u30eb\u8981\u7d20 \u30bb\u30f3\u30bf\u30ea\u30f3\u30b0\u88c5\u7f6e\u304a\u3088\u3073\u5727\u7e2e\u30b9\u30c8\u30c3\u30d1\u30fc\u3068\u3057\u3066\u4f7f\u7528\u3055\u308c\u308b\u30bd\u30ea\u30c3\u30c9\u30e1\u30bf\u30eb\u5916\u8f2a\u3002 \u4e3b\u306b\u51f8\u9762\u30d5\u30e9\u30f3\u30b8\u304a\u3088\u3073\u5e73\u9762\u30d5\u30e9\u30f3\u30b8\u306b\u4f7f\u7528\u3055\u308c\u307e\u3059\u3002 \u30d5\u30a3\u30e9\u30fc\u304a\u3088\u3073\u91d1\u5c5e\u30b9\u30c8\u30ea\u30c3\u30d7\u306e\u6750\u6599\u306e\u5e45\u5e83\u3044\u9078\u629e\u80a2\u3002 \u4e00\u822c\u7684\u306a\u696d\u52d9\u3002[:kr]Maxiflex \ub098\uc120\ud615 \uad8c\uc120 \ubc00\ubd09 \uc694\uc18c \uc13c\ud130\ub9c1 \uc7a5\uce58 \ubc0f \uc555\ucd95 \uc2a4\ud1b1\uc73c\ub85c \uc0ac\uc6a9\ub418\ub294 \uc194\ub9ac\ub4dc \uae08\uc18d \uc678\ub95c. \uc8fc\ub85c \ub3cc\ucd9c\uba74 \ubc0f \ud3c9\uba74 \ud50c\ub79c\uc9c0\uc5d0 \uc0ac\uc6a9. \ud544\ub7ec \ubc0f \uae08\uc18d \uc2a4\ud2b8\ub9bd\uc5d0 \ub300\ud55c \ub2e4\uc591\ud55c \uc7ac\ub8cc \uc120\ud0dd. \uc77c\ubc18 \uc5c5\ubb34.[:]","og_url":"https:\/\/mog.com.vn\/product\/maxiflex-style-cr\/","og_site_name":"Mog.com.vn","article_modified_time":"2025-04-12T17:12:01+00:00","og_image":[{"width":800,"height":800,"url":"https:\/\/mog.com.vn\/wp-content\/uploads\/2025\/04\/2.-Maxiflex-Style-CR.jpg","type":"image\/jpeg"}],"twitter_card":"summary_large_image","schema":{"@context":"https:\/\/schema.org","@graph":[{"@type":"WebPage","@id":"https:\/\/mog.com.vn\/product\/maxiflex-style-cr\/","url":"https:\/\/mog.com.vn\/product\/maxiflex-style-cr\/","name":"[:vi]Maxiflex Style CR[:en]Maxiflex Style CR[:] - Mog.com.vn","isPartOf":{"@id":"https:\/\/mog.com.vn\/#website"},"primaryImageOfPage":{"@id":"https:\/\/mog.com.vn\/product\/maxiflex-style-cr\/#primaryimage"},"image":{"@id":"https:\/\/mog.com.vn\/product\/maxiflex-style-cr\/#primaryimage"},"thumbnailUrl":"https:\/\/mog.com.vn\/wp-content\/uploads\/2025\/04\/2.-Maxiflex-Style-CR.jpg","datePublished":"2025-04-12T17:11:58+00:00","dateModified":"2025-04-12T17:12:01+00:00","breadcrumb":{"@id":"https:\/\/mog.com.vn\/product\/maxiflex-style-cr\/#breadcrumb"},"inLanguage":"vi","potentialAction":[{"@type":"ReadAction","target":["https:\/\/mog.com.vn\/product\/maxiflex-style-cr\/"]}]},{"@type":"ImageObject","inLanguage":"vi","@id":"https:\/\/mog.com.vn\/product\/maxiflex-style-cr\/#primaryimage","url":"https:\/\/mog.com.vn\/wp-content\/uploads\/2025\/04\/2.-Maxiflex-Style-CR.jpg","contentUrl":"https:\/\/mog.com.vn\/wp-content\/uploads\/2025\/04\/2.-Maxiflex-Style-CR.jpg","width":800,"height":800},{"@type":"BreadcrumbList","@id":"https:\/\/mog.com.vn\/product\/maxiflex-style-cr\/#breadcrumb","itemListElement":[{"@type":"ListItem","position":1,"name":"Home","item":"https:\/\/mog.com.vn\/"},{"@type":"ListItem","position":2,"name":"Shop","item":"https:\/\/mog.com.vn\/shop\/"},{"@type":"ListItem","position":3,"name":"Maxiflex Style CR"}]},{"@type":"WebSite","@id":"https:\/\/mog.com.vn\/#website","url":"https:\/\/mog.com.vn\/","name":"Mog.com.vn","description":"FLOW Control Solutions","publisher":{"@id":"https:\/\/mog.com.vn\/#organization"},"potentialAction":[{"@type":"SearchAction","target":{"@type":"EntryPoint","urlTemplate":"https:\/\/mog.com.vn\/?s={search_term_string}"},"query-input":{"@type":"PropertyValueSpecification","valueRequired":true,"valueName":"search_term_string"}}],"inLanguage":"vi"},{"@type":"Organization","@id":"https:\/\/mog.com.vn\/#organization","name":"Mog.com.vn","url":"https:\/\/mog.com.vn\/","logo":{"@type":"ImageObject","inLanguage":"vi","@id":"https:\/\/mog.com.vn\/#\/schema\/logo\/image\/","url":"https:\/\/mog.com.vn\/wp-content\/uploads\/2025\/10\/Logo-MOG.jpg","contentUrl":"https:\/\/mog.com.vn\/wp-content\/uploads\/2025\/10\/Logo-MOG.jpg","width":755,"height":230,"caption":"Mog.com.vn"},"image":{"@id":"https:\/\/mog.com.vn\/#\/schema\/logo\/image\/"},"description":"Gi\u1ea3i ph\u00e1p C\u01a1 kh\u00ed ch\u00ednh x\u00e1c & Van c\u00f4ng nghi\u1ec7p to\u00e0n di\u1ec7n cho doanh nghi\u1ec7p c\u1ee7a b\u1ea1n.","email":"giacongcokhimog@gmail.com","telephone":"090 311 4883"}]}},"_links":{"self":[{"href":"https:\/\/mog.com.vn\/vi\/wp-json\/wp\/v2\/product\/660","targetHints":{"allow":["GET"]}}],"collection":[{"href":"https:\/\/mog.com.vn\/vi\/wp-json\/wp\/v2\/product"}],"about":[{"href":"https:\/\/mog.com.vn\/vi\/wp-json\/wp\/v2\/types\/product"}],"replies":[{"embeddable":true,"href":"https:\/\/mog.com.vn\/vi\/wp-json\/wp\/v2\/comments?post=660"}],"wp:featuredmedia":[{"embeddable":true,"href":"https:\/\/mog.com.vn\/vi\/wp-json\/wp\/v2\/media\/661"}],"wp:attachment":[{"href":"https:\/\/mog.com.vn\/vi\/wp-json\/wp\/v2\/media?parent=660"}],"wp:term":[{"taxonomy":"product_brand","embeddable":true,"href":"https:\/\/mog.com.vn\/vi\/wp-json\/wp\/v2\/product_brand?post=660"},{"taxonomy":"product_cat","embeddable":true,"href":"https:\/\/mog.com.vn\/vi\/wp-json\/wp\/v2\/product_cat?post=660"},{"taxonomy":"product_tag","embeddable":true,"href":"https:\/\/mog.com.vn\/vi\/wp-json\/wp\/v2\/product_tag?post=660"}],"curies":[{"name":"wp","href":"https:\/\/api.w.org\/{rel}","templated":true}]}}