{"id":664,"date":"2025-04-12T17:11:58","date_gmt":"2025-04-12T17:11:58","guid":{"rendered":"https:\/\/mog.com.vn\/renew\/product\/maxiflex-style-crir\/"},"modified":"2025-04-12T17:12:02","modified_gmt":"2025-04-12T17:12:02","slug":"maxiflex-style-crir","status":"publish","type":"product","link":"https:\/\/mog.com.vn\/vi\/product\/maxiflex-style-crir\/","title":{"rendered":"Maxiflex Style CRIR"},"content":{"rendered":"","protected":false},"excerpt":{"rendered":"<p>Ph\u1ea7n t\u1eed b\u1ecbt k\u00edn xo\u1eafn \u1ed1c Maxiflex<\/p>\n<p>V\u00f2ng trong v\u00e0 v\u00f2ng ngo\u00e0i b\u1eb1ng kim lo\u1ea1i r\u1eafn<\/p>\n<p>Th\u00edch h\u1ee3p cho c\u00e1c \u1ee9ng d\u1ee5ng \u00e1p su\u1ea5t v\u00e0 nhi\u1ec7t \u0111\u1ed9 cao<\/p>\n<p>M\u1eb7t b\u00edch ph\u1eb3ng ho\u1eb7c m\u1eb7t n\u00e2ng<\/p>\n<p>Ng\u0103n ng\u1eeba nhi\u1ec5u lo\u1ea1n v\u00e0 h\u01b0 h\u1ecfng do x\u00f3i m\u00f2n cho m\u1eb7t b\u00edch<\/p>\n<p>Ng\u0103n ng\u1eeba h\u01b0 h\u1ecfng cho l\u1ed7 gio\u0103ng v\u00e0 cu\u1ed9n d\u00e2y b\u00ean trong<\/p>\n<p>V\u00f2ng trong \u0111\u00f3ng vai tr\u00f2 nh\u01b0 t\u1ea5m ch\u1eafn nhi\u1ec7t v\u00e0 r\u00e0o c\u1ea3n \u0103n m\u00f2n<\/p>\n<p>Nhi\u1ec1u l\u1ef1a ch\u1ecdn v\u1eadt li\u1ec7u cho ch\u1ea5t \u0111\u1ed9n v\u00e0 d\u1ea3i kim lo\u1ea1i<\/p>\n<p>Nhi\u1ec7m v\u1ee5 chung v\u00e0 quan tr\u1ecdng<\/p>\n","protected":false},"featured_media":665,"comment_status":"closed","ping_status":"open","template":"","meta":[],"product_brand":[],"product_cat":[113],"product_tag":[],"class_list":{"0":"post-664","1":"product","2":"type-product","3":"status-publish","4":"has-post-thumbnail","6":"product_cat-klingerspiral-wounds","8":"first","9":"instock","10":"product-type-simple"},"yoast_head":"<!-- This site is optimized with the Yoast SEO Premium plugin v25.9 (Yoast SEO v25.9) - https:\/\/yoast.com\/wordpress\/plugins\/seo\/ -->\n<title>Maxiflex Style CRIR - Mog.com.vn<\/title>\n<meta name=\"robots\" content=\"index, follow, max-snippet:-1, max-image-preview:large, max-video-preview:-1\" \/>\n<link rel=\"canonical\" href=\"https:\/\/mog.com.vn\/product\/maxiflex-style-crir\/\" \/>\n<meta property=\"og:locale\" content=\"vi_VN\" \/>\n<meta property=\"og:type\" content=\"article\" \/>\n<meta property=\"og:title\" content=\"Maxiflex Style CRIR\" \/>\n<meta property=\"og:description\" content=\"[:vi]Ph\u1ea7n t\u1eed b\u1ecbt k\u00edn xo\u1eafn \u1ed1c Maxiflex V\u00f2ng trong v\u00e0 v\u00f2ng ngo\u00e0i b\u1eb1ng kim lo\u1ea1i r\u1eafn Th\u00edch h\u1ee3p cho c\u00e1c \u1ee9ng d\u1ee5ng \u00e1p su\u1ea5t v\u00e0 nhi\u1ec7t \u0111\u1ed9 cao M\u1eb7t b\u00edch ph\u1eb3ng ho\u1eb7c m\u1eb7t n\u00e2ng Ng\u0103n ng\u1eeba nhi\u1ec5u lo\u1ea1n v\u00e0 h\u01b0 h\u1ecfng do x\u00f3i m\u00f2n cho m\u1eb7t b\u00edch Ng\u0103n ng\u1eeba h\u01b0 h\u1ecfng cho l\u1ed7 gio\u0103ng v\u00e0 cu\u1ed9n d\u00e2y b\u00ean trong V\u00f2ng trong \u0111\u00f3ng vai tr\u00f2 nh\u01b0 t\u1ea5m ch\u1eafn nhi\u1ec7t v\u00e0 r\u00e0o c\u1ea3n \u0103n m\u00f2n Nhi\u1ec1u l\u1ef1a ch\u1ecdn v\u1eadt li\u1ec7u cho ch\u1ea5t \u0111\u1ed9n v\u00e0 d\u1ea3i kim lo\u1ea1i Nhi\u1ec7m v\u1ee5 chung v\u00e0 quan tr\u1ecdng[:en]  Maxiflex spiral wound sealing element  Solid metal inner &amp; outer ring  Suitable for high pressure &amp; temperature applications  Raised face or flat flanges  Prevents turbulence and erosion damage to flange  Prevents damage to the gasket bore and inner windings  Inner ring acts as a heat shield and corrosion barrier  Wide choice of materials for filler and metal strip  General and critical duties [:ja]Maxiflex \u30b9\u30d1\u30a4\u30e9\u30eb\u30b7\u30fc\u30eb\u30a8\u30ec\u30e1\u30f3\u30c8 \u56fa\u4f53\u91d1\u5c5e\u306e\u5185\u5074\u30ea\u30f3\u30b0\u304a\u3088\u3073\u5916\u5074\u30ea\u30f3\u30b0 \u9ad8\u5727\u304a\u3088\u3073\u9ad8\u6e29\u306e\u7528\u9014\u306b\u9069\u3057\u3066\u3044\u307e\u3059 \u5e73\u9762\u30d5\u30e9\u30f3\u30b8\u307e\u305f\u306f\u4e0a\u5411\u304d\u306e\u9762\u30d5\u30e9\u30f3\u30b8 \u30d5\u30e9\u30f3\u30b8\u306e\u4e71\u6d41\u304a\u3088\u3073\u4fb5\u98df\u306b\u3088\u308b\u640d\u50b7\u3092\u9632\u6b62 \u30ac\u30b9\u30b1\u30c3\u30c8\u306e\u7a74\u304a\u3088\u3073\u5185\u5074\u30b3\u30a4\u30eb\u306e\u640d\u50b7\u3092\u9632\u6b62 \u5185\u5074\u30ea\u30f3\u30b0\u306f\u71b1\u30b7\u30fc\u30eb\u30c9\u304a\u3088\u3073\u8150\u98df\u30d0\u30ea\u30a2\u3068\u3057\u3066\u6a5f\u80fd \u30d5\u30a3\u30e9\u30fc\u304a\u3088\u3073\u91d1\u5c5e\u30b9\u30c8\u30ea\u30c3\u30d7\u306e\u6750\u6599\u30aa\u30d7\u30b7\u30e7\u30f3\u304c\u8c4a\u5bcc \u4e00\u822c\u304a\u3088\u3073\u91cd\u8981\u306a\u7528\u9014\u306b\u5bfe\u5fdc[:kr]Maxiflex \uc2a4\ud30c\uc774\ub7f4 \uc640\uc6b4\ub4dc \uc530\ub9c1 \uc5d8\ub9ac\uba3c\ud2b8 \uace0\uccb4 \uae08\uc18d \ub0b4\ubd80 \ubc0f \uc678\ubd80 \ub9c1 \uace0\uc555 \ubc0f \uace0\uc628 \uc560\ud50c\ub9ac\ucf00\uc774\uc158\uc5d0 \uc801\ud569 \ub3cc\ucd9c \uba74 \ub610\ub294 \ud3c9\uba74 \ud50c\ub79c\uc9c0 \uc0ac\uc6a9 \ud50c\ub79c\uc9c0\uc758 \ub09c\ub958 \ubc0f \uce68\uc2dd \uc190\uc0c1 \ubc29\uc9c0 \uac1c\uc2a4\ud0b7 \ubcf4\uc5b4 \ubc0f \ub0b4\ubd80 \uc640\uc778\ub529 \uc190\uc0c1 \ubc29\uc9c0 \ub0b4\ubd80 \ub9c1\uc740 \uc5f4 \ucc28\ub2e8\ub9c9 \ubc0f \ubd80\uc2dd \uc7a5\ubcbd \uc5ed\ud560 \ucda9\uc804\uc7ac \ubc0f \uae08\uc18d \uc2a4\ud2b8\ub9bd\uc5d0 \ub300\ud55c \ub2e4\uc591\ud55c \uc7ac\ub8cc \uc120\ud0dd \uac00\ub2a5 \uc77c\ubc18 \ubc0f \uc911\uc694 \uc758\ubb34\uc5d0 \uc801\ud569[:]\" \/>\n<meta property=\"og:url\" content=\"https:\/\/mog.com.vn\/product\/maxiflex-style-crir\/\" \/>\n<meta property=\"og:site_name\" content=\"Mog.com.vn\" \/>\n<meta property=\"article:modified_time\" content=\"2025-04-12T17:12:02+00:00\" \/>\n<meta property=\"og:image\" content=\"https:\/\/mog.com.vn\/wp-content\/uploads\/2025\/04\/4.-Maxiflex-Style-CRIR.jpg\" \/>\n\t<meta property=\"og:image:width\" content=\"800\" \/>\n\t<meta property=\"og:image:height\" content=\"800\" \/>\n\t<meta property=\"og:image:type\" content=\"image\/jpeg\" \/>\n<meta name=\"twitter:card\" content=\"summary_large_image\" \/>\n<script type=\"application\/ld+json\" class=\"yoast-schema-graph\">{\"@context\":\"https:\/\/schema.org\",\"@graph\":[{\"@type\":\"WebPage\",\"@id\":\"https:\/\/mog.com.vn\/product\/maxiflex-style-crir\/\",\"url\":\"https:\/\/mog.com.vn\/product\/maxiflex-style-crir\/\",\"name\":\"Maxiflex Style CRIR - Mog.com.vn\",\"isPartOf\":{\"@id\":\"https:\/\/mog.com.vn\/#website\"},\"primaryImageOfPage\":{\"@id\":\"https:\/\/mog.com.vn\/product\/maxiflex-style-crir\/#primaryimage\"},\"image\":{\"@id\":\"https:\/\/mog.com.vn\/product\/maxiflex-style-crir\/#primaryimage\"},\"thumbnailUrl\":\"https:\/\/mog.com.vn\/wp-content\/uploads\/2025\/04\/4.-Maxiflex-Style-CRIR.jpg\",\"datePublished\":\"2025-04-12T17:11:58+00:00\",\"dateModified\":\"2025-04-12T17:12:02+00:00\",\"breadcrumb\":{\"@id\":\"https:\/\/mog.com.vn\/product\/maxiflex-style-crir\/#breadcrumb\"},\"inLanguage\":\"vi\",\"potentialAction\":[{\"@type\":\"ReadAction\",\"target\":[\"https:\/\/mog.com.vn\/product\/maxiflex-style-crir\/\"]}]},{\"@type\":\"ImageObject\",\"inLanguage\":\"vi\",\"@id\":\"https:\/\/mog.com.vn\/product\/maxiflex-style-crir\/#primaryimage\",\"url\":\"https:\/\/mog.com.vn\/wp-content\/uploads\/2025\/04\/4.-Maxiflex-Style-CRIR.jpg\",\"contentUrl\":\"https:\/\/mog.com.vn\/wp-content\/uploads\/2025\/04\/4.-Maxiflex-Style-CRIR.jpg\",\"width\":800,\"height\":800},{\"@type\":\"BreadcrumbList\",\"@id\":\"https:\/\/mog.com.vn\/product\/maxiflex-style-crir\/#breadcrumb\",\"itemListElement\":[{\"@type\":\"ListItem\",\"position\":1,\"name\":\"Home\",\"item\":\"https:\/\/mog.com.vn\/\"},{\"@type\":\"ListItem\",\"position\":2,\"name\":\"Shop\",\"item\":\"https:\/\/mog.com.vn\/shop\/\"},{\"@type\":\"ListItem\",\"position\":3,\"name\":\"Maxiflex Style CRIR\"}]},{\"@type\":\"WebSite\",\"@id\":\"https:\/\/mog.com.vn\/#website\",\"url\":\"https:\/\/mog.com.vn\/\",\"name\":\"Mog.com.vn\",\"description\":\"FLOW Control Solutions\",\"publisher\":{\"@id\":\"https:\/\/mog.com.vn\/#organization\"},\"potentialAction\":[{\"@type\":\"SearchAction\",\"target\":{\"@type\":\"EntryPoint\",\"urlTemplate\":\"https:\/\/mog.com.vn\/?s={search_term_string}\"},\"query-input\":{\"@type\":\"PropertyValueSpecification\",\"valueRequired\":true,\"valueName\":\"search_term_string\"}}],\"inLanguage\":\"vi\"},{\"@type\":\"Organization\",\"@id\":\"https:\/\/mog.com.vn\/#organization\",\"name\":\"Mog.com.vn\",\"url\":\"https:\/\/mog.com.vn\/\",\"logo\":{\"@type\":\"ImageObject\",\"inLanguage\":\"vi\",\"@id\":\"https:\/\/mog.com.vn\/#\/schema\/logo\/image\/\",\"url\":\"https:\/\/mog.com.vn\/wp-content\/uploads\/2025\/10\/Logo-MOG.jpg\",\"contentUrl\":\"https:\/\/mog.com.vn\/wp-content\/uploads\/2025\/10\/Logo-MOG.jpg\",\"width\":755,\"height\":230,\"caption\":\"Mog.com.vn\"},\"image\":{\"@id\":\"https:\/\/mog.com.vn\/#\/schema\/logo\/image\/\"},\"description\":\"Gi\u1ea3i ph\u00e1p C\u01a1 kh\u00ed ch\u00ednh x\u00e1c & Van c\u00f4ng nghi\u1ec7p to\u00e0n di\u1ec7n cho doanh nghi\u1ec7p c\u1ee7a b\u1ea1n.\",\"email\":\"giacongcokhimog@gmail.com\",\"telephone\":\"090 311 4883\"}]}<\/script>\n<!-- \/ Yoast SEO Premium plugin. -->","yoast_head_json":{"title":"Maxiflex Style CRIR - Mog.com.vn","robots":{"index":"index","follow":"follow","max-snippet":"max-snippet:-1","max-image-preview":"max-image-preview:large","max-video-preview":"max-video-preview:-1"},"canonical":"https:\/\/mog.com.vn\/product\/maxiflex-style-crir\/","og_locale":"vi_VN","og_type":"article","og_title":"Maxiflex Style CRIR","og_description":"[:vi]Ph\u1ea7n t\u1eed b\u1ecbt k\u00edn xo\u1eafn \u1ed1c Maxiflex V\u00f2ng trong v\u00e0 v\u00f2ng ngo\u00e0i b\u1eb1ng kim lo\u1ea1i r\u1eafn Th\u00edch h\u1ee3p cho c\u00e1c \u1ee9ng d\u1ee5ng \u00e1p su\u1ea5t v\u00e0 nhi\u1ec7t \u0111\u1ed9 cao M\u1eb7t b\u00edch ph\u1eb3ng ho\u1eb7c m\u1eb7t n\u00e2ng Ng\u0103n ng\u1eeba nhi\u1ec5u lo\u1ea1n v\u00e0 h\u01b0 h\u1ecfng do x\u00f3i m\u00f2n cho m\u1eb7t b\u00edch Ng\u0103n ng\u1eeba h\u01b0 h\u1ecfng cho l\u1ed7 gio\u0103ng v\u00e0 cu\u1ed9n d\u00e2y b\u00ean trong V\u00f2ng trong \u0111\u00f3ng vai tr\u00f2 nh\u01b0 t\u1ea5m ch\u1eafn nhi\u1ec7t v\u00e0 r\u00e0o c\u1ea3n \u0103n m\u00f2n Nhi\u1ec1u l\u1ef1a ch\u1ecdn v\u1eadt li\u1ec7u cho ch\u1ea5t \u0111\u1ed9n v\u00e0 d\u1ea3i kim lo\u1ea1i Nhi\u1ec7m v\u1ee5 chung v\u00e0 quan tr\u1ecdng[:en]  Maxiflex spiral wound sealing element  Solid metal inner &amp; outer ring  Suitable for high pressure &amp; temperature applications  Raised face or flat flanges  Prevents turbulence and erosion damage to flange  Prevents damage to the gasket bore and inner windings  Inner ring acts as a heat shield and corrosion barrier  Wide choice of materials for filler and metal strip  General and critical duties [:ja]Maxiflex \u30b9\u30d1\u30a4\u30e9\u30eb\u30b7\u30fc\u30eb\u30a8\u30ec\u30e1\u30f3\u30c8 \u56fa\u4f53\u91d1\u5c5e\u306e\u5185\u5074\u30ea\u30f3\u30b0\u304a\u3088\u3073\u5916\u5074\u30ea\u30f3\u30b0 \u9ad8\u5727\u304a\u3088\u3073\u9ad8\u6e29\u306e\u7528\u9014\u306b\u9069\u3057\u3066\u3044\u307e\u3059 \u5e73\u9762\u30d5\u30e9\u30f3\u30b8\u307e\u305f\u306f\u4e0a\u5411\u304d\u306e\u9762\u30d5\u30e9\u30f3\u30b8 \u30d5\u30e9\u30f3\u30b8\u306e\u4e71\u6d41\u304a\u3088\u3073\u4fb5\u98df\u306b\u3088\u308b\u640d\u50b7\u3092\u9632\u6b62 \u30ac\u30b9\u30b1\u30c3\u30c8\u306e\u7a74\u304a\u3088\u3073\u5185\u5074\u30b3\u30a4\u30eb\u306e\u640d\u50b7\u3092\u9632\u6b62 \u5185\u5074\u30ea\u30f3\u30b0\u306f\u71b1\u30b7\u30fc\u30eb\u30c9\u304a\u3088\u3073\u8150\u98df\u30d0\u30ea\u30a2\u3068\u3057\u3066\u6a5f\u80fd \u30d5\u30a3\u30e9\u30fc\u304a\u3088\u3073\u91d1\u5c5e\u30b9\u30c8\u30ea\u30c3\u30d7\u306e\u6750\u6599\u30aa\u30d7\u30b7\u30e7\u30f3\u304c\u8c4a\u5bcc \u4e00\u822c\u304a\u3088\u3073\u91cd\u8981\u306a\u7528\u9014\u306b\u5bfe\u5fdc[:kr]Maxiflex \uc2a4\ud30c\uc774\ub7f4 \uc640\uc6b4\ub4dc \uc530\ub9c1 \uc5d8\ub9ac\uba3c\ud2b8 \uace0\uccb4 \uae08\uc18d \ub0b4\ubd80 \ubc0f \uc678\ubd80 \ub9c1 \uace0\uc555 \ubc0f \uace0\uc628 \uc560\ud50c\ub9ac\ucf00\uc774\uc158\uc5d0 \uc801\ud569 \ub3cc\ucd9c \uba74 \ub610\ub294 \ud3c9\uba74 \ud50c\ub79c\uc9c0 \uc0ac\uc6a9 \ud50c\ub79c\uc9c0\uc758 \ub09c\ub958 \ubc0f \uce68\uc2dd \uc190\uc0c1 \ubc29\uc9c0 \uac1c\uc2a4\ud0b7 \ubcf4\uc5b4 \ubc0f \ub0b4\ubd80 \uc640\uc778\ub529 \uc190\uc0c1 \ubc29\uc9c0 \ub0b4\ubd80 \ub9c1\uc740 \uc5f4 \ucc28\ub2e8\ub9c9 \ubc0f \ubd80\uc2dd \uc7a5\ubcbd \uc5ed\ud560 \ucda9\uc804\uc7ac \ubc0f \uae08\uc18d \uc2a4\ud2b8\ub9bd\uc5d0 \ub300\ud55c \ub2e4\uc591\ud55c \uc7ac\ub8cc \uc120\ud0dd \uac00\ub2a5 \uc77c\ubc18 \ubc0f \uc911\uc694 \uc758\ubb34\uc5d0 \uc801\ud569[:]","og_url":"https:\/\/mog.com.vn\/product\/maxiflex-style-crir\/","og_site_name":"Mog.com.vn","article_modified_time":"2025-04-12T17:12:02+00:00","og_image":[{"width":800,"height":800,"url":"https:\/\/mog.com.vn\/wp-content\/uploads\/2025\/04\/4.-Maxiflex-Style-CRIR.jpg","type":"image\/jpeg"}],"twitter_card":"summary_large_image","schema":{"@context":"https:\/\/schema.org","@graph":[{"@type":"WebPage","@id":"https:\/\/mog.com.vn\/product\/maxiflex-style-crir\/","url":"https:\/\/mog.com.vn\/product\/maxiflex-style-crir\/","name":"Maxiflex Style CRIR - Mog.com.vn","isPartOf":{"@id":"https:\/\/mog.com.vn\/#website"},"primaryImageOfPage":{"@id":"https:\/\/mog.com.vn\/product\/maxiflex-style-crir\/#primaryimage"},"image":{"@id":"https:\/\/mog.com.vn\/product\/maxiflex-style-crir\/#primaryimage"},"thumbnailUrl":"https:\/\/mog.com.vn\/wp-content\/uploads\/2025\/04\/4.-Maxiflex-Style-CRIR.jpg","datePublished":"2025-04-12T17:11:58+00:00","dateModified":"2025-04-12T17:12:02+00:00","breadcrumb":{"@id":"https:\/\/mog.com.vn\/product\/maxiflex-style-crir\/#breadcrumb"},"inLanguage":"vi","potentialAction":[{"@type":"ReadAction","target":["https:\/\/mog.com.vn\/product\/maxiflex-style-crir\/"]}]},{"@type":"ImageObject","inLanguage":"vi","@id":"https:\/\/mog.com.vn\/product\/maxiflex-style-crir\/#primaryimage","url":"https:\/\/mog.com.vn\/wp-content\/uploads\/2025\/04\/4.-Maxiflex-Style-CRIR.jpg","contentUrl":"https:\/\/mog.com.vn\/wp-content\/uploads\/2025\/04\/4.-Maxiflex-Style-CRIR.jpg","width":800,"height":800},{"@type":"BreadcrumbList","@id":"https:\/\/mog.com.vn\/product\/maxiflex-style-crir\/#breadcrumb","itemListElement":[{"@type":"ListItem","position":1,"name":"Home","item":"https:\/\/mog.com.vn\/"},{"@type":"ListItem","position":2,"name":"Shop","item":"https:\/\/mog.com.vn\/shop\/"},{"@type":"ListItem","position":3,"name":"Maxiflex Style CRIR"}]},{"@type":"WebSite","@id":"https:\/\/mog.com.vn\/#website","url":"https:\/\/mog.com.vn\/","name":"Mog.com.vn","description":"FLOW Control Solutions","publisher":{"@id":"https:\/\/mog.com.vn\/#organization"},"potentialAction":[{"@type":"SearchAction","target":{"@type":"EntryPoint","urlTemplate":"https:\/\/mog.com.vn\/?s={search_term_string}"},"query-input":{"@type":"PropertyValueSpecification","valueRequired":true,"valueName":"search_term_string"}}],"inLanguage":"vi"},{"@type":"Organization","@id":"https:\/\/mog.com.vn\/#organization","name":"Mog.com.vn","url":"https:\/\/mog.com.vn\/","logo":{"@type":"ImageObject","inLanguage":"vi","@id":"https:\/\/mog.com.vn\/#\/schema\/logo\/image\/","url":"https:\/\/mog.com.vn\/wp-content\/uploads\/2025\/10\/Logo-MOG.jpg","contentUrl":"https:\/\/mog.com.vn\/wp-content\/uploads\/2025\/10\/Logo-MOG.jpg","width":755,"height":230,"caption":"Mog.com.vn"},"image":{"@id":"https:\/\/mog.com.vn\/#\/schema\/logo\/image\/"},"description":"Gi\u1ea3i ph\u00e1p C\u01a1 kh\u00ed ch\u00ednh x\u00e1c & Van c\u00f4ng nghi\u1ec7p to\u00e0n di\u1ec7n cho doanh nghi\u1ec7p c\u1ee7a b\u1ea1n.","email":"giacongcokhimog@gmail.com","telephone":"090 311 4883"}]}},"_links":{"self":[{"href":"https:\/\/mog.com.vn\/vi\/wp-json\/wp\/v2\/product\/664","targetHints":{"allow":["GET"]}}],"collection":[{"href":"https:\/\/mog.com.vn\/vi\/wp-json\/wp\/v2\/product"}],"about":[{"href":"https:\/\/mog.com.vn\/vi\/wp-json\/wp\/v2\/types\/product"}],"replies":[{"embeddable":true,"href":"https:\/\/mog.com.vn\/vi\/wp-json\/wp\/v2\/comments?post=664"}],"wp:featuredmedia":[{"embeddable":true,"href":"https:\/\/mog.com.vn\/vi\/wp-json\/wp\/v2\/media\/665"}],"wp:attachment":[{"href":"https:\/\/mog.com.vn\/vi\/wp-json\/wp\/v2\/media?parent=664"}],"wp:term":[{"taxonomy":"product_brand","embeddable":true,"href":"https:\/\/mog.com.vn\/vi\/wp-json\/wp\/v2\/product_brand?post=664"},{"taxonomy":"product_cat","embeddable":true,"href":"https:\/\/mog.com.vn\/vi\/wp-json\/wp\/v2\/product_cat?post=664"},{"taxonomy":"product_tag","embeddable":true,"href":"https:\/\/mog.com.vn\/vi\/wp-json\/wp\/v2\/product_tag?post=664"}],"curies":[{"name":"wp","href":"https:\/\/api.w.org\/{rel}","templated":true}]}}