{"id":666,"date":"2025-04-12T17:11:58","date_gmt":"2025-04-12T17:11:58","guid":{"rendered":"https:\/\/mog.com.vn\/renew\/product\/maxiflex-style-r-graphite-faced\/"},"modified":"2025-04-12T17:12:02","modified_gmt":"2025-04-12T17:12:02","slug":"maxiflex-style-r-graphite-faced","status":"publish","type":"product","link":"https:\/\/mog.com.vn\/vi\/product\/maxiflex-style-r-graphite-faced\/","title":{"rendered":"Maxiflex Style R (Graphite faced)"},"content":{"rendered":"","protected":false},"excerpt":{"rendered":"<p>Th\u00e0nh ph\u1ea7n b\u1ecbt k\u00edn v\u1ebft th\u01b0\u01a1ng xo\u1eafn Maxiflex<br \/>\n\u0110\u01b0\u1ee3c ph\u1ee7 b\u1eb1ng l\u1edbp ph\u1ee7 Graflex 0,5mm<br \/>\n\u0110\u01b0\u1ee3c s\u1eed d\u1ee5ng tr\u00ean n\u1eafp h\u1ed1 ga<br \/>\n\u1ee8ng d\u1ee5ng t\u1ea3i bu l\u00f4ng th\u1ea5p<br \/>\nM\u1eb7t b\u1ecbt k\u00edn kh\u00f4ng b\u1eb1ng ph\u1eb3ng<br \/>\n\u0110\u01b0\u1ee3c s\u1eed d\u1ee5ng trong m\u1eb7t b\u00edch l\u01b0\u1ee1i &amp; r\u00e3nh, m\u1eb7t \u0111\u1ef1c sang m\u1eb7t c\u00e1i v\u00e0 m\u1eb7t ph\u1eb3ng \u0111\u1ebfn m\u1eb7t l\u00f5m<br \/>\nC\u0169ng c\u00f3 s\u1eb5n \u1edf phi\u00ean b\u1ea3n PTFE<\/p>\n","protected":false},"featured_media":667,"comment_status":"closed","ping_status":"open","template":"","meta":[],"product_brand":[],"product_cat":[113],"product_tag":[],"class_list":{"0":"post-666","1":"product","2":"type-product","3":"status-publish","4":"has-post-thumbnail","6":"product_cat-klingerspiral-wounds","8":"first","9":"instock","10":"product-type-simple"},"yoast_head":"<!-- This site is optimized with the Yoast SEO Premium plugin v25.9 (Yoast SEO v25.9) - https:\/\/yoast.com\/wordpress\/plugins\/seo\/ -->\n<title>Maxiflex Style R (Graphite faced) - Mog.com.vn<\/title>\n<meta name=\"robots\" content=\"index, follow, max-snippet:-1, max-image-preview:large, max-video-preview:-1\" \/>\n<link rel=\"canonical\" href=\"https:\/\/mog.com.vn\/product\/maxiflex-style-r-graphite-faced\/\" \/>\n<meta property=\"og:locale\" content=\"vi_VN\" \/>\n<meta property=\"og:type\" content=\"article\" \/>\n<meta property=\"og:title\" content=\"Maxiflex Style R (Graphite faced)\" \/>\n<meta property=\"og:description\" content=\"[:vi]Th\u00e0nh ph\u1ea7n b\u1ecbt k\u00edn v\u1ebft th\u01b0\u01a1ng xo\u1eafn Maxiflex \u0110\u01b0\u1ee3c ph\u1ee7 b\u1eb1ng l\u1edbp ph\u1ee7 Graflex 0,5mm \u0110\u01b0\u1ee3c s\u1eed d\u1ee5ng tr\u00ean n\u1eafp h\u1ed1 ga \u1ee8ng d\u1ee5ng t\u1ea3i bu l\u00f4ng th\u1ea5p M\u1eb7t b\u1ecbt k\u00edn kh\u00f4ng b\u1eb1ng ph\u1eb3ng \u0110\u01b0\u1ee3c s\u1eed d\u1ee5ng trong m\u1eb7t b\u00edch l\u01b0\u1ee1i &amp; r\u00e3nh, m\u1eb7t \u0111\u1ef1c sang m\u1eb7t c\u00e1i v\u00e0 m\u1eb7t ph\u1eb3ng \u0111\u1ebfn m\u1eb7t l\u00f5m C\u0169ng c\u00f3 s\u1eb5n \u1edf phi\u00ean b\u1ea3n PTFE[:en]  Maxiflex spiral wound sealing element  Covered with 0.5mm Graflex facings  Used on manhole covers  Low bolt load applications  Uneven sealing faces  Used in tongue &amp; groove, male to female and flat face to recess flanges  Also available in PTFE version [:ja]Maxiflex Style R (\u30b0\u30e9\u30d5\u30a1\u30a4\u30c8\u30b3\u30fc\u30c6\u30a3\u30f3\u30b0) Maxiflex \u30b9\u30d1\u30a4\u30e9\u30eb\u30b7\u30fc\u30eb\u30a8\u30ec\u30e1\u30f3\u30c80.5mm \u306e Graflex \u30b3\u30fc\u30c6\u30a3\u30f3\u30b0\u4ed8\u304d \u30de\u30f3\u30db\u30fc\u30eb\u30ab\u30d0\u30fc\u3067\u4f7f\u7528\u3055\u308c\u307e\u3059 \u4f4e\u30dc\u30eb\u30c8\u8377\u91cd\u306e\u7528\u9014 \u4e0d\u5747\u4e00\u306a\u30b7\u30fc\u30eb\u9762 \u30ea\u30f3\u30b0 &amp; \u30b0\u30eb\u30fc\u30d6\u30d5\u30e9\u30f3\u30b8\u3001\u30aa\u30b9-\u30e1\u30b9\u30d5\u30e9\u30f3\u30b8\u3001\u5e73\u9762-\u51f9\u9762\u30d5\u30e9\u30f3\u30b8\u3067\u4f7f\u7528\u3055\u308c\u307e\u3059 PTFE \u30d0\u30fc\u30b8\u30e7\u30f3\u3082\u5229\u7528\u53ef\u80fd\u3067\u3059[:kr]Maxiflex \uc2a4\ud0c0\uc77c R (\uadf8\ub798\ud30c\uc774\ud2b8 \ucf54\ud305) \ub9e5\uc2dc\ud50c\ub809\uc2a4 \uc2a4\ud30c\uc774\ub7f4 \uc640\uc6b4\ub4dc \uc530\ub9c1 \uc5d8\ub9ac\uba3c\ud2b8 0.5mm \ub450\uaed8\uc758 \uadf8\ub798\ud50c\ub809\uc2a4 \ucf54\ud305\uc774 \ub418\uc5b4 \uc788\uc2b5\ub2c8\ub2e4. \ub9e8\ud640 \ub69c\uaed1\uc5d0 \uc0ac\uc6a9\ub429\ub2c8\ub2e4. \ubcfc\ud2b8 \ud558\uc911\uc774 \ub0ae\uc740 \uc560\ud50c\ub9ac\ucf00\uc774\uc158\uc5d0 \uc801\ud569\ud569\ub2c8\ub2e4. \ubd88\uade0\uc77c\ud55c \ubc00\ubd09\uba74\uc744 \uac00\uc9c0\uace0 \uc788\uc2b5\ub2c8\ub2e4. \ud1b1\ub2c8\uc640 \ud648, \ub0a8\uc131-\uc5ec\uc131, \ud3c9\uba74 \uba74\uc5d0\uc11c \uc624\ubaa9\ud55c \uba74\uc73c\ub85c \uc0ac\uc6a9\ub429\ub2c8\ub2e4. PTFE \ubc84\uc804\ub3c4 \uc81c\uacf5\ub429\ub2c8\ub2e4.[:]\" \/>\n<meta property=\"og:url\" content=\"https:\/\/mog.com.vn\/product\/maxiflex-style-r-graphite-faced\/\" \/>\n<meta property=\"og:site_name\" content=\"Mog.com.vn\" \/>\n<meta property=\"article:modified_time\" content=\"2025-04-12T17:12:02+00:00\" \/>\n<meta property=\"og:image\" content=\"https:\/\/mog.com.vn\/wp-content\/uploads\/2025\/04\/5.-Maxiflex-Style-R-Graphite-Faced.jpg\" \/>\n\t<meta property=\"og:image:width\" content=\"800\" \/>\n\t<meta property=\"og:image:height\" content=\"800\" \/>\n\t<meta property=\"og:image:type\" content=\"image\/jpeg\" \/>\n<meta name=\"twitter:card\" content=\"summary_large_image\" \/>\n<script type=\"application\/ld+json\" class=\"yoast-schema-graph\">{\"@context\":\"https:\/\/schema.org\",\"@graph\":[{\"@type\":\"WebPage\",\"@id\":\"https:\/\/mog.com.vn\/product\/maxiflex-style-r-graphite-faced\/\",\"url\":\"https:\/\/mog.com.vn\/product\/maxiflex-style-r-graphite-faced\/\",\"name\":\"Maxiflex Style R (Graphite faced) - Mog.com.vn\",\"isPartOf\":{\"@id\":\"https:\/\/mog.com.vn\/#website\"},\"primaryImageOfPage\":{\"@id\":\"https:\/\/mog.com.vn\/product\/maxiflex-style-r-graphite-faced\/#primaryimage\"},\"image\":{\"@id\":\"https:\/\/mog.com.vn\/product\/maxiflex-style-r-graphite-faced\/#primaryimage\"},\"thumbnailUrl\":\"https:\/\/mog.com.vn\/wp-content\/uploads\/2025\/04\/5.-Maxiflex-Style-R-Graphite-Faced.jpg\",\"datePublished\":\"2025-04-12T17:11:58+00:00\",\"dateModified\":\"2025-04-12T17:12:02+00:00\",\"breadcrumb\":{\"@id\":\"https:\/\/mog.com.vn\/product\/maxiflex-style-r-graphite-faced\/#breadcrumb\"},\"inLanguage\":\"vi\",\"potentialAction\":[{\"@type\":\"ReadAction\",\"target\":[\"https:\/\/mog.com.vn\/product\/maxiflex-style-r-graphite-faced\/\"]}]},{\"@type\":\"ImageObject\",\"inLanguage\":\"vi\",\"@id\":\"https:\/\/mog.com.vn\/product\/maxiflex-style-r-graphite-faced\/#primaryimage\",\"url\":\"https:\/\/mog.com.vn\/wp-content\/uploads\/2025\/04\/5.-Maxiflex-Style-R-Graphite-Faced.jpg\",\"contentUrl\":\"https:\/\/mog.com.vn\/wp-content\/uploads\/2025\/04\/5.-Maxiflex-Style-R-Graphite-Faced.jpg\",\"width\":800,\"height\":800},{\"@type\":\"BreadcrumbList\",\"@id\":\"https:\/\/mog.com.vn\/product\/maxiflex-style-r-graphite-faced\/#breadcrumb\",\"itemListElement\":[{\"@type\":\"ListItem\",\"position\":1,\"name\":\"Home\",\"item\":\"https:\/\/mog.com.vn\/\"},{\"@type\":\"ListItem\",\"position\":2,\"name\":\"Shop\",\"item\":\"https:\/\/mog.com.vn\/shop\/\"},{\"@type\":\"ListItem\",\"position\":3,\"name\":\"Maxiflex Style R (Graphite faced)\"}]},{\"@type\":\"WebSite\",\"@id\":\"https:\/\/mog.com.vn\/#website\",\"url\":\"https:\/\/mog.com.vn\/\",\"name\":\"Mog.com.vn\",\"description\":\"FLOW Control Solutions\",\"publisher\":{\"@id\":\"https:\/\/mog.com.vn\/#organization\"},\"potentialAction\":[{\"@type\":\"SearchAction\",\"target\":{\"@type\":\"EntryPoint\",\"urlTemplate\":\"https:\/\/mog.com.vn\/?s={search_term_string}\"},\"query-input\":{\"@type\":\"PropertyValueSpecification\",\"valueRequired\":true,\"valueName\":\"search_term_string\"}}],\"inLanguage\":\"vi\"},{\"@type\":\"Organization\",\"@id\":\"https:\/\/mog.com.vn\/#organization\",\"name\":\"Mog.com.vn\",\"url\":\"https:\/\/mog.com.vn\/\",\"logo\":{\"@type\":\"ImageObject\",\"inLanguage\":\"vi\",\"@id\":\"https:\/\/mog.com.vn\/#\/schema\/logo\/image\/\",\"url\":\"https:\/\/mog.com.vn\/wp-content\/uploads\/2025\/10\/Logo-MOG.jpg\",\"contentUrl\":\"https:\/\/mog.com.vn\/wp-content\/uploads\/2025\/10\/Logo-MOG.jpg\",\"width\":755,\"height\":230,\"caption\":\"Mog.com.vn\"},\"image\":{\"@id\":\"https:\/\/mog.com.vn\/#\/schema\/logo\/image\/\"},\"description\":\"Gi\u1ea3i ph\u00e1p C\u01a1 kh\u00ed ch\u00ednh x\u00e1c & Van c\u00f4ng nghi\u1ec7p to\u00e0n di\u1ec7n cho doanh nghi\u1ec7p c\u1ee7a b\u1ea1n.\",\"email\":\"giacongcokhimog@gmail.com\",\"telephone\":\"090 311 4883\"}]}<\/script>\n<!-- \/ Yoast SEO Premium plugin. -->","yoast_head_json":{"title":"Maxiflex Style R (Graphite faced) - Mog.com.vn","robots":{"index":"index","follow":"follow","max-snippet":"max-snippet:-1","max-image-preview":"max-image-preview:large","max-video-preview":"max-video-preview:-1"},"canonical":"https:\/\/mog.com.vn\/product\/maxiflex-style-r-graphite-faced\/","og_locale":"vi_VN","og_type":"article","og_title":"Maxiflex Style R (Graphite faced)","og_description":"[:vi]Th\u00e0nh ph\u1ea7n b\u1ecbt k\u00edn v\u1ebft th\u01b0\u01a1ng xo\u1eafn Maxiflex \u0110\u01b0\u1ee3c ph\u1ee7 b\u1eb1ng l\u1edbp ph\u1ee7 Graflex 0,5mm \u0110\u01b0\u1ee3c s\u1eed d\u1ee5ng tr\u00ean n\u1eafp h\u1ed1 ga \u1ee8ng d\u1ee5ng t\u1ea3i bu l\u00f4ng th\u1ea5p M\u1eb7t b\u1ecbt k\u00edn kh\u00f4ng b\u1eb1ng ph\u1eb3ng \u0110\u01b0\u1ee3c s\u1eed d\u1ee5ng trong m\u1eb7t b\u00edch l\u01b0\u1ee1i &amp; r\u00e3nh, m\u1eb7t \u0111\u1ef1c sang m\u1eb7t c\u00e1i v\u00e0 m\u1eb7t ph\u1eb3ng \u0111\u1ebfn m\u1eb7t l\u00f5m C\u0169ng c\u00f3 s\u1eb5n \u1edf phi\u00ean b\u1ea3n PTFE[:en]  Maxiflex spiral wound sealing element  Covered with 0.5mm Graflex facings  Used on manhole covers  Low bolt load applications  Uneven sealing faces  Used in tongue &amp; groove, male to female and flat face to recess flanges  Also available in PTFE version [:ja]Maxiflex Style R (\u30b0\u30e9\u30d5\u30a1\u30a4\u30c8\u30b3\u30fc\u30c6\u30a3\u30f3\u30b0) Maxiflex \u30b9\u30d1\u30a4\u30e9\u30eb\u30b7\u30fc\u30eb\u30a8\u30ec\u30e1\u30f3\u30c80.5mm \u306e Graflex \u30b3\u30fc\u30c6\u30a3\u30f3\u30b0\u4ed8\u304d \u30de\u30f3\u30db\u30fc\u30eb\u30ab\u30d0\u30fc\u3067\u4f7f\u7528\u3055\u308c\u307e\u3059 \u4f4e\u30dc\u30eb\u30c8\u8377\u91cd\u306e\u7528\u9014 \u4e0d\u5747\u4e00\u306a\u30b7\u30fc\u30eb\u9762 \u30ea\u30f3\u30b0 &amp; \u30b0\u30eb\u30fc\u30d6\u30d5\u30e9\u30f3\u30b8\u3001\u30aa\u30b9-\u30e1\u30b9\u30d5\u30e9\u30f3\u30b8\u3001\u5e73\u9762-\u51f9\u9762\u30d5\u30e9\u30f3\u30b8\u3067\u4f7f\u7528\u3055\u308c\u307e\u3059 PTFE \u30d0\u30fc\u30b8\u30e7\u30f3\u3082\u5229\u7528\u53ef\u80fd\u3067\u3059[:kr]Maxiflex \uc2a4\ud0c0\uc77c R (\uadf8\ub798\ud30c\uc774\ud2b8 \ucf54\ud305) \ub9e5\uc2dc\ud50c\ub809\uc2a4 \uc2a4\ud30c\uc774\ub7f4 \uc640\uc6b4\ub4dc \uc530\ub9c1 \uc5d8\ub9ac\uba3c\ud2b8 0.5mm \ub450\uaed8\uc758 \uadf8\ub798\ud50c\ub809\uc2a4 \ucf54\ud305\uc774 \ub418\uc5b4 \uc788\uc2b5\ub2c8\ub2e4. \ub9e8\ud640 \ub69c\uaed1\uc5d0 \uc0ac\uc6a9\ub429\ub2c8\ub2e4. \ubcfc\ud2b8 \ud558\uc911\uc774 \ub0ae\uc740 \uc560\ud50c\ub9ac\ucf00\uc774\uc158\uc5d0 \uc801\ud569\ud569\ub2c8\ub2e4. \ubd88\uade0\uc77c\ud55c \ubc00\ubd09\uba74\uc744 \uac00\uc9c0\uace0 \uc788\uc2b5\ub2c8\ub2e4. \ud1b1\ub2c8\uc640 \ud648, \ub0a8\uc131-\uc5ec\uc131, \ud3c9\uba74 \uba74\uc5d0\uc11c \uc624\ubaa9\ud55c \uba74\uc73c\ub85c \uc0ac\uc6a9\ub429\ub2c8\ub2e4. PTFE \ubc84\uc804\ub3c4 \uc81c\uacf5\ub429\ub2c8\ub2e4.[:]","og_url":"https:\/\/mog.com.vn\/product\/maxiflex-style-r-graphite-faced\/","og_site_name":"Mog.com.vn","article_modified_time":"2025-04-12T17:12:02+00:00","og_image":[{"width":800,"height":800,"url":"https:\/\/mog.com.vn\/wp-content\/uploads\/2025\/04\/5.-Maxiflex-Style-R-Graphite-Faced.jpg","type":"image\/jpeg"}],"twitter_card":"summary_large_image","schema":{"@context":"https:\/\/schema.org","@graph":[{"@type":"WebPage","@id":"https:\/\/mog.com.vn\/product\/maxiflex-style-r-graphite-faced\/","url":"https:\/\/mog.com.vn\/product\/maxiflex-style-r-graphite-faced\/","name":"Maxiflex Style R (Graphite faced) - Mog.com.vn","isPartOf":{"@id":"https:\/\/mog.com.vn\/#website"},"primaryImageOfPage":{"@id":"https:\/\/mog.com.vn\/product\/maxiflex-style-r-graphite-faced\/#primaryimage"},"image":{"@id":"https:\/\/mog.com.vn\/product\/maxiflex-style-r-graphite-faced\/#primaryimage"},"thumbnailUrl":"https:\/\/mog.com.vn\/wp-content\/uploads\/2025\/04\/5.-Maxiflex-Style-R-Graphite-Faced.jpg","datePublished":"2025-04-12T17:11:58+00:00","dateModified":"2025-04-12T17:12:02+00:00","breadcrumb":{"@id":"https:\/\/mog.com.vn\/product\/maxiflex-style-r-graphite-faced\/#breadcrumb"},"inLanguage":"vi","potentialAction":[{"@type":"ReadAction","target":["https:\/\/mog.com.vn\/product\/maxiflex-style-r-graphite-faced\/"]}]},{"@type":"ImageObject","inLanguage":"vi","@id":"https:\/\/mog.com.vn\/product\/maxiflex-style-r-graphite-faced\/#primaryimage","url":"https:\/\/mog.com.vn\/wp-content\/uploads\/2025\/04\/5.-Maxiflex-Style-R-Graphite-Faced.jpg","contentUrl":"https:\/\/mog.com.vn\/wp-content\/uploads\/2025\/04\/5.-Maxiflex-Style-R-Graphite-Faced.jpg","width":800,"height":800},{"@type":"BreadcrumbList","@id":"https:\/\/mog.com.vn\/product\/maxiflex-style-r-graphite-faced\/#breadcrumb","itemListElement":[{"@type":"ListItem","position":1,"name":"Home","item":"https:\/\/mog.com.vn\/"},{"@type":"ListItem","position":2,"name":"Shop","item":"https:\/\/mog.com.vn\/shop\/"},{"@type":"ListItem","position":3,"name":"Maxiflex Style R (Graphite faced)"}]},{"@type":"WebSite","@id":"https:\/\/mog.com.vn\/#website","url":"https:\/\/mog.com.vn\/","name":"Mog.com.vn","description":"FLOW Control Solutions","publisher":{"@id":"https:\/\/mog.com.vn\/#organization"},"potentialAction":[{"@type":"SearchAction","target":{"@type":"EntryPoint","urlTemplate":"https:\/\/mog.com.vn\/?s={search_term_string}"},"query-input":{"@type":"PropertyValueSpecification","valueRequired":true,"valueName":"search_term_string"}}],"inLanguage":"vi"},{"@type":"Organization","@id":"https:\/\/mog.com.vn\/#organization","name":"Mog.com.vn","url":"https:\/\/mog.com.vn\/","logo":{"@type":"ImageObject","inLanguage":"vi","@id":"https:\/\/mog.com.vn\/#\/schema\/logo\/image\/","url":"https:\/\/mog.com.vn\/wp-content\/uploads\/2025\/10\/Logo-MOG.jpg","contentUrl":"https:\/\/mog.com.vn\/wp-content\/uploads\/2025\/10\/Logo-MOG.jpg","width":755,"height":230,"caption":"Mog.com.vn"},"image":{"@id":"https:\/\/mog.com.vn\/#\/schema\/logo\/image\/"},"description":"Gi\u1ea3i ph\u00e1p C\u01a1 kh\u00ed ch\u00ednh x\u00e1c & Van c\u00f4ng nghi\u1ec7p to\u00e0n di\u1ec7n cho doanh nghi\u1ec7p c\u1ee7a b\u1ea1n.","email":"giacongcokhimog@gmail.com","telephone":"090 311 4883"}]}},"_links":{"self":[{"href":"https:\/\/mog.com.vn\/vi\/wp-json\/wp\/v2\/product\/666","targetHints":{"allow":["GET"]}}],"collection":[{"href":"https:\/\/mog.com.vn\/vi\/wp-json\/wp\/v2\/product"}],"about":[{"href":"https:\/\/mog.com.vn\/vi\/wp-json\/wp\/v2\/types\/product"}],"replies":[{"embeddable":true,"href":"https:\/\/mog.com.vn\/vi\/wp-json\/wp\/v2\/comments?post=666"}],"wp:featuredmedia":[{"embeddable":true,"href":"https:\/\/mog.com.vn\/vi\/wp-json\/wp\/v2\/media\/667"}],"wp:attachment":[{"href":"https:\/\/mog.com.vn\/vi\/wp-json\/wp\/v2\/media?parent=666"}],"wp:term":[{"taxonomy":"product_brand","embeddable":true,"href":"https:\/\/mog.com.vn\/vi\/wp-json\/wp\/v2\/product_brand?post=666"},{"taxonomy":"product_cat","embeddable":true,"href":"https:\/\/mog.com.vn\/vi\/wp-json\/wp\/v2\/product_cat?post=666"},{"taxonomy":"product_tag","embeddable":true,"href":"https:\/\/mog.com.vn\/vi\/wp-json\/wp\/v2\/product_tag?post=666"}],"curies":[{"name":"wp","href":"https:\/\/api.w.org\/{rel}","templated":true}]}}