{"id":668,"date":"2025-04-12T17:11:58","date_gmt":"2025-04-12T17:11:58","guid":{"rendered":"https:\/\/mog.com.vn\/renew\/product\/maxiflex-pro\/"},"modified":"2025-04-12T17:12:03","modified_gmt":"2025-04-12T17:12:03","slug":"maxiflex-pro","status":"publish","type":"product","link":"https:\/\/mog.com.vn\/vi\/product\/maxiflex-pro\/","title":{"rendered":"Maxiflex Pro"},"content":{"rendered":"","protected":false},"excerpt":{"rendered":"<p>Gio\u0103ng k\u00e9p to\u00e0n v\u1eb9n cao \u0111\u01b0\u1ee3c thi\u1ebft k\u1ebf \u0111\u1eb7c bi\u1ec7t \u0111\u1ec3 s\u1eed d\u1ee5ng trong c\u00e1c \u1ee9ng d\u1ee5ng \u0103n m\u00f2n, c\u1ef1c k\u1ef3 quan tr\u1ecdng, trong \u0111\u00f3 hi\u1ec7u su\u1ea5t b\u1ecbt k\u00edn l\u00e0 v\u00f4 c\u00f9ng quan tr\u1ecdng.<br \/>\nGio\u0103ng Klinger Maxiflex Pro \u0111\u01b0\u1ee3c thi\u1ebft k\u1ebf \u0111\u1ec3 s\u1eed d\u1ee5ng trong c\u00e1c \u1ee9ng d\u1ee5ng h\u00f3a ch\u1ea5t c\u00f3 t\u00ednh \u0103n m\u00f2n cao.<br \/>\nV\u00f2ng trong c\u1ee7a Maxiflex ti\u00eau chu\u1ea9n c\u00f3 th\u1ec3 cho ph\u00e9p v\u1eadt li\u1ec7u t\u00edch t\u1ee5 gi\u1eefa m\u1eb7t b\u00edch v\u00e0 v\u00f2ng trong, \u0111i\u1ec1u n\u00e0y c\u00f3 th\u1ec3 th\u00fac \u0111\u1ea9y s\u1ef1 \u0103n m\u00f2n. Maxiflex Pro ng\u0103n ng\u1eeba \u0111i\u1ec1u n\u00e0y, v\u1eadt li\u1ec7u m\u1eb7t c\u00f3 th\u1ec3 u\u1ed1n cong cho ph\u00e9p gio\u0103ng b\u1ecbt k\u00edn t\u1ea1i l\u1ed7 m\u1eb7t b\u00edch \u0111\u1ec3 lo\u1ea1i b\u1ecf s\u1ef1 t\u00edch t\u1ee5 v\u1eadt li\u1ec7u.<br \/>\nVi\u1ec7c k\u1ebft h\u1ee3p v\u00f2ng trong Maxiprofile t\u1ea1o ra m\u1ed9t gio\u0103ng c\u00f3 hai v\u00f9ng b\u1ecbt k\u00edn. Maxiprofile c\u0169ng ho\u1ea1t \u0111\u1ed9ng nh\u01b0 m\u1ed9t \u0111i\u1ec3m d\u1eebng n\u00e9n c\u1ea7n thi\u1ebft cho c\u00e1c gio\u0103ng to\u00e0n v\u1eb9n cao v\u00e0 c\u0169ng cho ph\u00e9p t\u1ea1o ra m\u1ed9t l\u1edbp gio\u0103ng b\u00ean trong c\u1ee7a ph\u1ea7n t\u1eed b\u1ecbt k\u00edn xo\u1eafn \u1ed1c.<\/p>\n","protected":false},"featured_media":669,"comment_status":"closed","ping_status":"open","template":"","meta":[],"product_brand":[],"product_cat":[113],"product_tag":[],"class_list":{"0":"post-668","1":"product","2":"type-product","3":"status-publish","4":"has-post-thumbnail","6":"product_cat-klingerspiral-wounds","8":"first","9":"instock","10":"product-type-simple"},"yoast_head":"<!-- This site is optimized with the Yoast SEO Premium plugin v25.9 (Yoast SEO v25.9) - https:\/\/yoast.com\/wordpress\/plugins\/seo\/ -->\n<title>Maxiflex Pro - Mog.com.vn<\/title>\n<meta name=\"robots\" content=\"index, follow, max-snippet:-1, max-image-preview:large, max-video-preview:-1\" \/>\n<link rel=\"canonical\" href=\"https:\/\/mog.com.vn\/product\/maxiflex-pro\/\" \/>\n<meta property=\"og:locale\" content=\"vi_VN\" \/>\n<meta property=\"og:type\" content=\"article\" \/>\n<meta property=\"og:title\" content=\"Maxiflex Pro\" \/>\n<meta property=\"og:description\" content=\"[:vi]Gio\u0103ng k\u00e9p to\u00e0n v\u1eb9n cao \u0111\u01b0\u1ee3c thi\u1ebft k\u1ebf \u0111\u1eb7c bi\u1ec7t \u0111\u1ec3 s\u1eed d\u1ee5ng trong c\u00e1c \u1ee9ng d\u1ee5ng \u0103n m\u00f2n, c\u1ef1c k\u1ef3 quan tr\u1ecdng, trong \u0111\u00f3 hi\u1ec7u su\u1ea5t b\u1ecbt k\u00edn l\u00e0 v\u00f4 c\u00f9ng quan tr\u1ecdng. Gio\u0103ng Klinger Maxiflex Pro \u0111\u01b0\u1ee3c thi\u1ebft k\u1ebf \u0111\u1ec3 s\u1eed d\u1ee5ng trong c\u00e1c \u1ee9ng d\u1ee5ng h\u00f3a ch\u1ea5t c\u00f3 t\u00ednh \u0103n m\u00f2n cao. V\u00f2ng trong c\u1ee7a Maxiflex ti\u00eau chu\u1ea9n c\u00f3 th\u1ec3 cho ph\u00e9p v\u1eadt li\u1ec7u t\u00edch t\u1ee5 gi\u1eefa m\u1eb7t b\u00edch v\u00e0 v\u00f2ng trong, \u0111i\u1ec1u n\u00e0y c\u00f3 th\u1ec3 th\u00fac \u0111\u1ea9y s\u1ef1 \u0103n m\u00f2n. Maxiflex Pro ng\u0103n ng\u1eeba \u0111i\u1ec1u n\u00e0y, v\u1eadt li\u1ec7u m\u1eb7t c\u00f3 th\u1ec3 u\u1ed1n cong cho ph\u00e9p gio\u0103ng b\u1ecbt k\u00edn t\u1ea1i l\u1ed7 m\u1eb7t b\u00edch \u0111\u1ec3 lo\u1ea1i b\u1ecf s\u1ef1 t\u00edch t\u1ee5 v\u1eadt li\u1ec7u. Vi\u1ec7c k\u1ebft h\u1ee3p v\u00f2ng trong Maxiprofile t\u1ea1o ra m\u1ed9t gio\u0103ng c\u00f3 hai v\u00f9ng b\u1ecbt k\u00edn. Maxiprofile c\u0169ng ho\u1ea1t \u0111\u1ed9ng nh\u01b0 m\u1ed9t \u0111i\u1ec3m d\u1eebng n\u00e9n c\u1ea7n thi\u1ebft cho c\u00e1c gio\u0103ng to\u00e0n v\u1eb9n cao v\u00e0 c\u0169ng cho ph\u00e9p t\u1ea1o ra m\u1ed9t l\u1edbp gio\u0103ng b\u00ean trong c\u1ee7a ph\u1ea7n t\u1eed b\u1ecbt k\u00edn xo\u1eafn \u1ed1c.[:en]  A high-integrity, dual-seal gasket specially designed for service in high-critically, corrosive applications where sealing performance is of paramount importance.  The Klinger Maxiflex Pro gasket is designed for use in highly aggressive chemical applications.  The inner ring of a standard Maxiflex can allow media to accumulate between the flange and inner ring which could promote corrosion. Maxiflex Pro prevents this, the conformable facing material enables the gasket seal at the flange bore to eliminating media build-up.  The incorporation of a Maxiprofile inner ring creates a gasket with two sealing regions. The Maxiprofile also acts as a compression stop needed for high integrity gaskets and also enables a seal to be created inward of the spiral wound sealing element. [:ja]\u30b7\u30fc\u30eb\u6027\u80fd\u304c\u6700\u3082\u91cd\u8981\u3068\u306a\u308b\u3001\u6975\u3081\u3066\u91cd\u8981\u3067\u8150\u98df\u6027\u306e\u9ad8\u3044\u7528\u9014\u5411\u3051\u306b\u7279\u5225\u306b\u8a2d\u8a08\u3055\u308c\u305f\u3001\u9ad8\u4fe1\u983c\u6027\u306e\u30c7\u30e5\u30a2\u30eb\u30b7\u30fc\u30eb\u30ac\u30b9\u30b1\u30c3\u30c8\u3067\u3059\u3002 Klinger Maxiflex Pro \u30ac\u30b9\u30b1\u30c3\u30c8\u306f\u3001\u975e\u5e38\u306b\u653b\u6483\u7684\u306a\u5316\u5b66\u7528\u9014\u5411\u3051\u306b\u8a2d\u8a08\u3055\u308c\u3066\u3044\u307e\u3059\u3002 \u6a19\u6e96 Maxiflex \u306e\u5185\u8f2a\u3067\u306f\u3001\u30d5\u30e9\u30f3\u30b8\u3068\u5185\u8f2a\u306e\u9593\u306b\u5a92\u4f53\u304c\u84c4\u7a4d\u3057\u3066\u8150\u98df\u3092\u4fc3\u9032\u3059\u308b\u53ef\u80fd\u6027\u304c\u3042\u308a\u307e\u3059\u3002Maxiflex Pro \u306f\u3053\u308c\u3092\u9632\u304e\u3001\u9069\u5408\u6027\u306e\u3042\u308b\u8868\u9762\u6750\u306b\u3088\u308a\u30d5\u30e9\u30f3\u30b8\u7a74\u306e\u30ac\u30b9\u30b1\u30c3\u30c8\u30b7\u30fc\u30eb\u304c\u53ef\u80fd\u306b\u306a\u308a\u3001\u5a92\u4f53\u306e\u84c4\u7a4d\u304c\u306a\u304f\u306a\u308a\u307e\u3059\u3002 Maxiprofile \u5185\u8f2a\u3092\u7d44\u307f\u8fbc\u3080\u3053\u3068\u3067\u30012 \u3064\u306e\u30b7\u30fc\u30eb\u9818\u57df\u3092\u6301\u3064\u30ac\u30b9\u30b1\u30c3\u30c8\u304c\u4f5c\u6210\u3055\u308c\u307e\u3059\u3002Maxiprofile \u306f\u3001\u9ad8\u4fe1\u983c\u6027\u30ac\u30b9\u30b1\u30c3\u30c8\u306b\u5fc5\u8981\u306a\u5727\u7e2e\u30b9\u30c8\u30c3\u30d1\u30fc\u3068\u3057\u3066\u3082\u6a5f\u80fd\u3057\u3001\u30b9\u30d1\u30a4\u30e9\u30eb\u5dfb\u304d\u30b7\u30fc\u30eb\u8981\u7d20\u306e\u5185\u5074\u306b\u30b7\u30fc\u30eb\u3092\u4f5c\u6210\u3059\u308b\u3053\u3068\u3082\u3067\u304d\u307e\u3059\u3002[:kr]\uace0\ubd80\uc2dd\uc131, \uace0\uc911\uc694\ub3c4 \uc751\uc6a9 \ubd84\uc57c\uc5d0\uc11c \ubc00\ubd09 \uc131\ub2a5\uc774 \uac00\uc7a5 \uc911\uc694\ud55c \uc11c\ube44\uc2a4\ub97c \uc704\ud574 \ud2b9\ubcc4\ud788 \uc124\uacc4\ub41c \uace0\uc131\uacb0\uc131 \ub4c0\uc5bc \uc530 \uac1c\uc2a4\ud0b7\uc785\ub2c8\ub2e4. Klinger Maxiflex Pro \uac1c\uc2a4\ud0b7\uc740 \ub9e4\uc6b0 \uacf5\uaca9\uc801\uc778 \ud654\ud559 \uc751\uc6a9 \ubd84\uc57c\uc5d0\uc11c \uc0ac\uc6a9\ud558\ub3c4\ub85d \uc124\uacc4\ub418\uc5c8\uc2b5\ub2c8\ub2e4. \ud45c\uc900 Maxiflex\uc758 \ub0b4\ubd80 \ub9c1\uc740 \ud50c\ub79c\uc9c0\uc640 \ub0b4\ubd80 \ub9c1 \uc0ac\uc774\uc5d0 \ubbf8\ub514\uc5b4\uac00 \ucd95\uc801\ub418\uc5b4 \ubd80\uc2dd\uc744 \ucd09\uc9c4\ud560 \uc218 \uc788\uc2b5\ub2c8\ub2e4. Maxiflex Pro\ub294 \uc774\ub97c \ubc29\uc9c0\ud558\uace0, \uc801\ud569\ud55c \ud45c\uba74 \uc18c\uc7ac\ub294 \ud50c\ub79c\uc9c0 \ubcf4\uc5b4\uc5d0\uc11c \uac1c\uc2a4\ud0b7 \uc530\uc744 \uc0ac\uc6a9\ud558\uc5ec \ubbf8\ub514\uc5b4 \ube4c\ub4dc\uc5c5\uc744 \uc81c\uac70\ud569\ub2c8\ub2e4. Maxiprofile \ub0b4\ubd80 \ub9c1\uc744 \ud1b5\ud569\ud558\uba74 \ub450 \uac1c\uc758 \ubc00\ubd09 \uc601\uc5ed\uc774 \uc788\ub294 \uac1c\uc2a4\ud0b7\uc774 \uc0dd\uc131\ub429\ub2c8\ub2e4. Maxiprofile\uc740 \uace0\uc131\uacb0\uc131 \uac1c\uc2a4\ud0b7\uc5d0 \ud544\uc694\ud55c \uc555\ucd95 \uc2a4\ud1b1 \uc5ed\ud560\ub3c4 \ud558\uba70 \ub098\uc120\ud615 \uc640\uc6b4\ub4dc \ubc00\ubd09 \uc694\uc18c \uc548\ucabd\uc5d0 \uc530\uc744 \uc0dd\uc131\ud560 \uc218\ub3c4 \uc788\uc2b5\ub2c8\ub2e4.[:]\" \/>\n<meta property=\"og:url\" content=\"https:\/\/mog.com.vn\/product\/maxiflex-pro\/\" \/>\n<meta property=\"og:site_name\" content=\"Mog.com.vn\" \/>\n<meta property=\"article:modified_time\" content=\"2025-04-12T17:12:03+00:00\" \/>\n<meta property=\"og:image\" content=\"https:\/\/mog.com.vn\/wp-content\/uploads\/2025\/04\/7.-Maxiflex-Pro.jpg\" \/>\n\t<meta property=\"og:image:width\" content=\"800\" \/>\n\t<meta property=\"og:image:height\" content=\"800\" \/>\n\t<meta property=\"og:image:type\" content=\"image\/jpeg\" \/>\n<meta name=\"twitter:card\" content=\"summary_large_image\" \/>\n<script type=\"application\/ld+json\" class=\"yoast-schema-graph\">{\"@context\":\"https:\/\/schema.org\",\"@graph\":[{\"@type\":\"WebPage\",\"@id\":\"https:\/\/mog.com.vn\/product\/maxiflex-pro\/\",\"url\":\"https:\/\/mog.com.vn\/product\/maxiflex-pro\/\",\"name\":\"Maxiflex Pro - Mog.com.vn\",\"isPartOf\":{\"@id\":\"https:\/\/mog.com.vn\/#website\"},\"primaryImageOfPage\":{\"@id\":\"https:\/\/mog.com.vn\/product\/maxiflex-pro\/#primaryimage\"},\"image\":{\"@id\":\"https:\/\/mog.com.vn\/product\/maxiflex-pro\/#primaryimage\"},\"thumbnailUrl\":\"https:\/\/mog.com.vn\/wp-content\/uploads\/2025\/04\/7.-Maxiflex-Pro.jpg\",\"datePublished\":\"2025-04-12T17:11:58+00:00\",\"dateModified\":\"2025-04-12T17:12:03+00:00\",\"breadcrumb\":{\"@id\":\"https:\/\/mog.com.vn\/product\/maxiflex-pro\/#breadcrumb\"},\"inLanguage\":\"vi\",\"potentialAction\":[{\"@type\":\"ReadAction\",\"target\":[\"https:\/\/mog.com.vn\/product\/maxiflex-pro\/\"]}]},{\"@type\":\"ImageObject\",\"inLanguage\":\"vi\",\"@id\":\"https:\/\/mog.com.vn\/product\/maxiflex-pro\/#primaryimage\",\"url\":\"https:\/\/mog.com.vn\/wp-content\/uploads\/2025\/04\/7.-Maxiflex-Pro.jpg\",\"contentUrl\":\"https:\/\/mog.com.vn\/wp-content\/uploads\/2025\/04\/7.-Maxiflex-Pro.jpg\",\"width\":800,\"height\":800},{\"@type\":\"BreadcrumbList\",\"@id\":\"https:\/\/mog.com.vn\/product\/maxiflex-pro\/#breadcrumb\",\"itemListElement\":[{\"@type\":\"ListItem\",\"position\":1,\"name\":\"Home\",\"item\":\"https:\/\/mog.com.vn\/\"},{\"@type\":\"ListItem\",\"position\":2,\"name\":\"Shop\",\"item\":\"https:\/\/mog.com.vn\/shop\/\"},{\"@type\":\"ListItem\",\"position\":3,\"name\":\"Maxiflex Pro\"}]},{\"@type\":\"WebSite\",\"@id\":\"https:\/\/mog.com.vn\/#website\",\"url\":\"https:\/\/mog.com.vn\/\",\"name\":\"Mog.com.vn\",\"description\":\"FLOW Control Solutions\",\"publisher\":{\"@id\":\"https:\/\/mog.com.vn\/#organization\"},\"potentialAction\":[{\"@type\":\"SearchAction\",\"target\":{\"@type\":\"EntryPoint\",\"urlTemplate\":\"https:\/\/mog.com.vn\/?s={search_term_string}\"},\"query-input\":{\"@type\":\"PropertyValueSpecification\",\"valueRequired\":true,\"valueName\":\"search_term_string\"}}],\"inLanguage\":\"vi\"},{\"@type\":\"Organization\",\"@id\":\"https:\/\/mog.com.vn\/#organization\",\"name\":\"Mog.com.vn\",\"url\":\"https:\/\/mog.com.vn\/\",\"logo\":{\"@type\":\"ImageObject\",\"inLanguage\":\"vi\",\"@id\":\"https:\/\/mog.com.vn\/#\/schema\/logo\/image\/\",\"url\":\"https:\/\/mog.com.vn\/wp-content\/uploads\/2025\/10\/Logo-MOG.jpg\",\"contentUrl\":\"https:\/\/mog.com.vn\/wp-content\/uploads\/2025\/10\/Logo-MOG.jpg\",\"width\":755,\"height\":230,\"caption\":\"Mog.com.vn\"},\"image\":{\"@id\":\"https:\/\/mog.com.vn\/#\/schema\/logo\/image\/\"},\"description\":\"Gi\u1ea3i ph\u00e1p C\u01a1 kh\u00ed ch\u00ednh x\u00e1c & Van c\u00f4ng nghi\u1ec7p to\u00e0n di\u1ec7n cho doanh nghi\u1ec7p c\u1ee7a b\u1ea1n.\",\"email\":\"giacongcokhimog@gmail.com\",\"telephone\":\"090 311 4883\"}]}<\/script>\n<!-- \/ Yoast SEO Premium plugin. -->","yoast_head_json":{"title":"Maxiflex Pro - Mog.com.vn","robots":{"index":"index","follow":"follow","max-snippet":"max-snippet:-1","max-image-preview":"max-image-preview:large","max-video-preview":"max-video-preview:-1"},"canonical":"https:\/\/mog.com.vn\/product\/maxiflex-pro\/","og_locale":"vi_VN","og_type":"article","og_title":"Maxiflex Pro","og_description":"[:vi]Gio\u0103ng k\u00e9p to\u00e0n v\u1eb9n cao \u0111\u01b0\u1ee3c thi\u1ebft k\u1ebf \u0111\u1eb7c bi\u1ec7t \u0111\u1ec3 s\u1eed d\u1ee5ng trong c\u00e1c \u1ee9ng d\u1ee5ng \u0103n m\u00f2n, c\u1ef1c k\u1ef3 quan tr\u1ecdng, trong \u0111\u00f3 hi\u1ec7u su\u1ea5t b\u1ecbt k\u00edn l\u00e0 v\u00f4 c\u00f9ng quan tr\u1ecdng. Gio\u0103ng Klinger Maxiflex Pro \u0111\u01b0\u1ee3c thi\u1ebft k\u1ebf \u0111\u1ec3 s\u1eed d\u1ee5ng trong c\u00e1c \u1ee9ng d\u1ee5ng h\u00f3a ch\u1ea5t c\u00f3 t\u00ednh \u0103n m\u00f2n cao. V\u00f2ng trong c\u1ee7a Maxiflex ti\u00eau chu\u1ea9n c\u00f3 th\u1ec3 cho ph\u00e9p v\u1eadt li\u1ec7u t\u00edch t\u1ee5 gi\u1eefa m\u1eb7t b\u00edch v\u00e0 v\u00f2ng trong, \u0111i\u1ec1u n\u00e0y c\u00f3 th\u1ec3 th\u00fac \u0111\u1ea9y s\u1ef1 \u0103n m\u00f2n. Maxiflex Pro ng\u0103n ng\u1eeba \u0111i\u1ec1u n\u00e0y, v\u1eadt li\u1ec7u m\u1eb7t c\u00f3 th\u1ec3 u\u1ed1n cong cho ph\u00e9p gio\u0103ng b\u1ecbt k\u00edn t\u1ea1i l\u1ed7 m\u1eb7t b\u00edch \u0111\u1ec3 lo\u1ea1i b\u1ecf s\u1ef1 t\u00edch t\u1ee5 v\u1eadt li\u1ec7u. Vi\u1ec7c k\u1ebft h\u1ee3p v\u00f2ng trong Maxiprofile t\u1ea1o ra m\u1ed9t gio\u0103ng c\u00f3 hai v\u00f9ng b\u1ecbt k\u00edn. Maxiprofile c\u0169ng ho\u1ea1t \u0111\u1ed9ng nh\u01b0 m\u1ed9t \u0111i\u1ec3m d\u1eebng n\u00e9n c\u1ea7n thi\u1ebft cho c\u00e1c gio\u0103ng to\u00e0n v\u1eb9n cao v\u00e0 c\u0169ng cho ph\u00e9p t\u1ea1o ra m\u1ed9t l\u1edbp gio\u0103ng b\u00ean trong c\u1ee7a ph\u1ea7n t\u1eed b\u1ecbt k\u00edn xo\u1eafn \u1ed1c.[:en]  A high-integrity, dual-seal gasket specially designed for service in high-critically, corrosive applications where sealing performance is of paramount importance.  The Klinger Maxiflex Pro gasket is designed for use in highly aggressive chemical applications.  The inner ring of a standard Maxiflex can allow media to accumulate between the flange and inner ring which could promote corrosion. Maxiflex Pro prevents this, the conformable facing material enables the gasket seal at the flange bore to eliminating media build-up.  The incorporation of a Maxiprofile inner ring creates a gasket with two sealing regions. The Maxiprofile also acts as a compression stop needed for high integrity gaskets and also enables a seal to be created inward of the spiral wound sealing element. [:ja]\u30b7\u30fc\u30eb\u6027\u80fd\u304c\u6700\u3082\u91cd\u8981\u3068\u306a\u308b\u3001\u6975\u3081\u3066\u91cd\u8981\u3067\u8150\u98df\u6027\u306e\u9ad8\u3044\u7528\u9014\u5411\u3051\u306b\u7279\u5225\u306b\u8a2d\u8a08\u3055\u308c\u305f\u3001\u9ad8\u4fe1\u983c\u6027\u306e\u30c7\u30e5\u30a2\u30eb\u30b7\u30fc\u30eb\u30ac\u30b9\u30b1\u30c3\u30c8\u3067\u3059\u3002 Klinger Maxiflex Pro \u30ac\u30b9\u30b1\u30c3\u30c8\u306f\u3001\u975e\u5e38\u306b\u653b\u6483\u7684\u306a\u5316\u5b66\u7528\u9014\u5411\u3051\u306b\u8a2d\u8a08\u3055\u308c\u3066\u3044\u307e\u3059\u3002 \u6a19\u6e96 Maxiflex \u306e\u5185\u8f2a\u3067\u306f\u3001\u30d5\u30e9\u30f3\u30b8\u3068\u5185\u8f2a\u306e\u9593\u306b\u5a92\u4f53\u304c\u84c4\u7a4d\u3057\u3066\u8150\u98df\u3092\u4fc3\u9032\u3059\u308b\u53ef\u80fd\u6027\u304c\u3042\u308a\u307e\u3059\u3002Maxiflex Pro \u306f\u3053\u308c\u3092\u9632\u304e\u3001\u9069\u5408\u6027\u306e\u3042\u308b\u8868\u9762\u6750\u306b\u3088\u308a\u30d5\u30e9\u30f3\u30b8\u7a74\u306e\u30ac\u30b9\u30b1\u30c3\u30c8\u30b7\u30fc\u30eb\u304c\u53ef\u80fd\u306b\u306a\u308a\u3001\u5a92\u4f53\u306e\u84c4\u7a4d\u304c\u306a\u304f\u306a\u308a\u307e\u3059\u3002 Maxiprofile \u5185\u8f2a\u3092\u7d44\u307f\u8fbc\u3080\u3053\u3068\u3067\u30012 \u3064\u306e\u30b7\u30fc\u30eb\u9818\u57df\u3092\u6301\u3064\u30ac\u30b9\u30b1\u30c3\u30c8\u304c\u4f5c\u6210\u3055\u308c\u307e\u3059\u3002Maxiprofile \u306f\u3001\u9ad8\u4fe1\u983c\u6027\u30ac\u30b9\u30b1\u30c3\u30c8\u306b\u5fc5\u8981\u306a\u5727\u7e2e\u30b9\u30c8\u30c3\u30d1\u30fc\u3068\u3057\u3066\u3082\u6a5f\u80fd\u3057\u3001\u30b9\u30d1\u30a4\u30e9\u30eb\u5dfb\u304d\u30b7\u30fc\u30eb\u8981\u7d20\u306e\u5185\u5074\u306b\u30b7\u30fc\u30eb\u3092\u4f5c\u6210\u3059\u308b\u3053\u3068\u3082\u3067\u304d\u307e\u3059\u3002[:kr]\uace0\ubd80\uc2dd\uc131, \uace0\uc911\uc694\ub3c4 \uc751\uc6a9 \ubd84\uc57c\uc5d0\uc11c \ubc00\ubd09 \uc131\ub2a5\uc774 \uac00\uc7a5 \uc911\uc694\ud55c \uc11c\ube44\uc2a4\ub97c \uc704\ud574 \ud2b9\ubcc4\ud788 \uc124\uacc4\ub41c \uace0\uc131\uacb0\uc131 \ub4c0\uc5bc \uc530 \uac1c\uc2a4\ud0b7\uc785\ub2c8\ub2e4. Klinger Maxiflex Pro \uac1c\uc2a4\ud0b7\uc740 \ub9e4\uc6b0 \uacf5\uaca9\uc801\uc778 \ud654\ud559 \uc751\uc6a9 \ubd84\uc57c\uc5d0\uc11c \uc0ac\uc6a9\ud558\ub3c4\ub85d \uc124\uacc4\ub418\uc5c8\uc2b5\ub2c8\ub2e4. \ud45c\uc900 Maxiflex\uc758 \ub0b4\ubd80 \ub9c1\uc740 \ud50c\ub79c\uc9c0\uc640 \ub0b4\ubd80 \ub9c1 \uc0ac\uc774\uc5d0 \ubbf8\ub514\uc5b4\uac00 \ucd95\uc801\ub418\uc5b4 \ubd80\uc2dd\uc744 \ucd09\uc9c4\ud560 \uc218 \uc788\uc2b5\ub2c8\ub2e4. Maxiflex Pro\ub294 \uc774\ub97c \ubc29\uc9c0\ud558\uace0, \uc801\ud569\ud55c \ud45c\uba74 \uc18c\uc7ac\ub294 \ud50c\ub79c\uc9c0 \ubcf4\uc5b4\uc5d0\uc11c \uac1c\uc2a4\ud0b7 \uc530\uc744 \uc0ac\uc6a9\ud558\uc5ec \ubbf8\ub514\uc5b4 \ube4c\ub4dc\uc5c5\uc744 \uc81c\uac70\ud569\ub2c8\ub2e4. Maxiprofile \ub0b4\ubd80 \ub9c1\uc744 \ud1b5\ud569\ud558\uba74 \ub450 \uac1c\uc758 \ubc00\ubd09 \uc601\uc5ed\uc774 \uc788\ub294 \uac1c\uc2a4\ud0b7\uc774 \uc0dd\uc131\ub429\ub2c8\ub2e4. Maxiprofile\uc740 \uace0\uc131\uacb0\uc131 \uac1c\uc2a4\ud0b7\uc5d0 \ud544\uc694\ud55c \uc555\ucd95 \uc2a4\ud1b1 \uc5ed\ud560\ub3c4 \ud558\uba70 \ub098\uc120\ud615 \uc640\uc6b4\ub4dc \ubc00\ubd09 \uc694\uc18c \uc548\ucabd\uc5d0 \uc530\uc744 \uc0dd\uc131\ud560 \uc218\ub3c4 \uc788\uc2b5\ub2c8\ub2e4.[:]","og_url":"https:\/\/mog.com.vn\/product\/maxiflex-pro\/","og_site_name":"Mog.com.vn","article_modified_time":"2025-04-12T17:12:03+00:00","og_image":[{"width":800,"height":800,"url":"https:\/\/mog.com.vn\/wp-content\/uploads\/2025\/04\/7.-Maxiflex-Pro.jpg","type":"image\/jpeg"}],"twitter_card":"summary_large_image","schema":{"@context":"https:\/\/schema.org","@graph":[{"@type":"WebPage","@id":"https:\/\/mog.com.vn\/product\/maxiflex-pro\/","url":"https:\/\/mog.com.vn\/product\/maxiflex-pro\/","name":"Maxiflex Pro - Mog.com.vn","isPartOf":{"@id":"https:\/\/mog.com.vn\/#website"},"primaryImageOfPage":{"@id":"https:\/\/mog.com.vn\/product\/maxiflex-pro\/#primaryimage"},"image":{"@id":"https:\/\/mog.com.vn\/product\/maxiflex-pro\/#primaryimage"},"thumbnailUrl":"https:\/\/mog.com.vn\/wp-content\/uploads\/2025\/04\/7.-Maxiflex-Pro.jpg","datePublished":"2025-04-12T17:11:58+00:00","dateModified":"2025-04-12T17:12:03+00:00","breadcrumb":{"@id":"https:\/\/mog.com.vn\/product\/maxiflex-pro\/#breadcrumb"},"inLanguage":"vi","potentialAction":[{"@type":"ReadAction","target":["https:\/\/mog.com.vn\/product\/maxiflex-pro\/"]}]},{"@type":"ImageObject","inLanguage":"vi","@id":"https:\/\/mog.com.vn\/product\/maxiflex-pro\/#primaryimage","url":"https:\/\/mog.com.vn\/wp-content\/uploads\/2025\/04\/7.-Maxiflex-Pro.jpg","contentUrl":"https:\/\/mog.com.vn\/wp-content\/uploads\/2025\/04\/7.-Maxiflex-Pro.jpg","width":800,"height":800},{"@type":"BreadcrumbList","@id":"https:\/\/mog.com.vn\/product\/maxiflex-pro\/#breadcrumb","itemListElement":[{"@type":"ListItem","position":1,"name":"Home","item":"https:\/\/mog.com.vn\/"},{"@type":"ListItem","position":2,"name":"Shop","item":"https:\/\/mog.com.vn\/shop\/"},{"@type":"ListItem","position":3,"name":"Maxiflex Pro"}]},{"@type":"WebSite","@id":"https:\/\/mog.com.vn\/#website","url":"https:\/\/mog.com.vn\/","name":"Mog.com.vn","description":"FLOW Control Solutions","publisher":{"@id":"https:\/\/mog.com.vn\/#organization"},"potentialAction":[{"@type":"SearchAction","target":{"@type":"EntryPoint","urlTemplate":"https:\/\/mog.com.vn\/?s={search_term_string}"},"query-input":{"@type":"PropertyValueSpecification","valueRequired":true,"valueName":"search_term_string"}}],"inLanguage":"vi"},{"@type":"Organization","@id":"https:\/\/mog.com.vn\/#organization","name":"Mog.com.vn","url":"https:\/\/mog.com.vn\/","logo":{"@type":"ImageObject","inLanguage":"vi","@id":"https:\/\/mog.com.vn\/#\/schema\/logo\/image\/","url":"https:\/\/mog.com.vn\/wp-content\/uploads\/2025\/10\/Logo-MOG.jpg","contentUrl":"https:\/\/mog.com.vn\/wp-content\/uploads\/2025\/10\/Logo-MOG.jpg","width":755,"height":230,"caption":"Mog.com.vn"},"image":{"@id":"https:\/\/mog.com.vn\/#\/schema\/logo\/image\/"},"description":"Gi\u1ea3i ph\u00e1p C\u01a1 kh\u00ed ch\u00ednh x\u00e1c & Van c\u00f4ng nghi\u1ec7p to\u00e0n di\u1ec7n cho doanh nghi\u1ec7p c\u1ee7a b\u1ea1n.","email":"giacongcokhimog@gmail.com","telephone":"090 311 4883"}]}},"_links":{"self":[{"href":"https:\/\/mog.com.vn\/vi\/wp-json\/wp\/v2\/product\/668","targetHints":{"allow":["GET"]}}],"collection":[{"href":"https:\/\/mog.com.vn\/vi\/wp-json\/wp\/v2\/product"}],"about":[{"href":"https:\/\/mog.com.vn\/vi\/wp-json\/wp\/v2\/types\/product"}],"replies":[{"embeddable":true,"href":"https:\/\/mog.com.vn\/vi\/wp-json\/wp\/v2\/comments?post=668"}],"wp:featuredmedia":[{"embeddable":true,"href":"https:\/\/mog.com.vn\/vi\/wp-json\/wp\/v2\/media\/669"}],"wp:attachment":[{"href":"https:\/\/mog.com.vn\/vi\/wp-json\/wp\/v2\/media?parent=668"}],"wp:term":[{"taxonomy":"product_brand","embeddable":true,"href":"https:\/\/mog.com.vn\/vi\/wp-json\/wp\/v2\/product_brand?post=668"},{"taxonomy":"product_cat","embeddable":true,"href":"https:\/\/mog.com.vn\/vi\/wp-json\/wp\/v2\/product_cat?post=668"},{"taxonomy":"product_tag","embeddable":true,"href":"https:\/\/mog.com.vn\/vi\/wp-json\/wp\/v2\/product_tag?post=668"}],"curies":[{"name":"wp","href":"https:\/\/api.w.org\/{rel}","templated":true}]}}