{"id":672,"date":"2025-04-12T17:11:58","date_gmt":"2025-04-12T17:11:58","guid":{"rendered":"https:\/\/mog.com.vn\/renew\/product\/maxiflex-style-rhd\/"},"modified":"2025-04-12T17:12:03","modified_gmt":"2025-04-12T17:12:03","slug":"maxiflex-style-rhd","status":"publish","type":"product","link":"https:\/\/mog.com.vn\/vi\/product\/maxiflex-style-rhd\/","title":{"rendered":"Maxiflex Style RHD"},"content":{"rendered":"","protected":false},"excerpt":{"rendered":"<p>Ph\u1ea7n t\u1eed b\u1ecbt k\u00edn d\u1ea1ng xo\u1eafn \u1ed1c.<\/p>\n<p>M\u1eadt \u0111\u1ed9 qu\u1ea5n cao.<\/p>\n<p>Nhi\u1ec1u l\u1ef1a ch\u1ecdn v\u1eadt li\u1ec7u cho d\u1ea3i kim lo\u1ea1i v\u00e0 v\u1eadt li\u1ec7u \u0111\u1ed9n.<\/p>\n<p>D\u00f9ng trong b\u01a1m \u00e1p su\u1ea5t cao, van \u00e1p su\u1ea5t cao v\u00e0 \u1ee9ng d\u1ee5ng kh\u00ed.<\/p>\n","protected":false},"featured_media":673,"comment_status":"closed","ping_status":"open","template":"","meta":[],"product_brand":[],"product_cat":[113],"product_tag":[],"class_list":{"0":"post-672","1":"product","2":"type-product","3":"status-publish","4":"has-post-thumbnail","6":"product_cat-klingerspiral-wounds","8":"first","9":"instock","10":"product-type-simple"},"yoast_head":"<!-- This site is optimized with the Yoast SEO Premium plugin v25.9 (Yoast SEO v25.9) - https:\/\/yoast.com\/wordpress\/plugins\/seo\/ -->\n<title>Maxiflex Style RHD - Mog.com.vn<\/title>\n<meta name=\"robots\" content=\"index, follow, max-snippet:-1, max-image-preview:large, max-video-preview:-1\" \/>\n<link rel=\"canonical\" href=\"https:\/\/mog.com.vn\/product\/maxiflex-style-rhd\/\" \/>\n<meta property=\"og:locale\" content=\"vi_VN\" \/>\n<meta property=\"og:type\" content=\"article\" \/>\n<meta property=\"og:title\" content=\"Maxiflex Style RHD\" \/>\n<meta property=\"og:description\" content=\"[:vi]Ph\u1ea7n t\u1eed b\u1ecbt k\u00edn d\u1ea1ng xo\u1eafn \u1ed1c. M\u1eadt \u0111\u1ed9 qu\u1ea5n cao. Nhi\u1ec1u l\u1ef1a ch\u1ecdn v\u1eadt li\u1ec7u cho d\u1ea3i kim lo\u1ea1i v\u00e0 v\u1eadt li\u1ec7u \u0111\u1ed9n. D\u00f9ng trong b\u01a1m \u00e1p su\u1ea5t cao, van \u00e1p su\u1ea5t cao v\u00e0 \u1ee9ng d\u1ee5ng kh\u00ed.[:en]  Spiral wound sealing element.  Wound high density.  Wide choice of materials for metal strip and filler material.  For use in high\u2013pressure pumps, high\u2013pressure valves and gas applications. [:ja]\u30b9\u30d1\u30a4\u30e9\u30eb\u30b7\u30fc\u30eb\u30a8\u30ec\u30e1\u30f3\u30c8 \u9ad8\u5bc6\u5ea6\u5dfb\u304d \u91d1\u5c5e\u30b9\u30c8\u30ea\u30c3\u30d7\u3068\u30d5\u30a3\u30e9\u30fc\u306e\u6750\u6599\u30aa\u30d7\u30b7\u30e7\u30f3\u304c\u8c4a\u5bcc \u9ad8\u5727\u30dd\u30f3\u30d7\u3001\u9ad8\u5727\u30d0\u30eb\u30d6\u3001\u30ac\u30b9\u7528\u9014\u306b\u4f7f\u7528\u3055\u308c\u307e\u3059[:kr]\uc2a4\ud30c\uc774\ub7f4 \uc640\uc6b4\ub4dc \uc530\ub9c1 \uc5d8\ub9ac\uba3c\ud2b8 \uace0\ubc00\ub3c4\ub85c \uc640\uc778\ub529\ub429\ub2c8\ub2e4 \uae08\uc18d \uc2a4\ud2b8\ub9bd \ubc0f \ucda9\uc804\uc7ac\uc5d0 \ub300\ud55c \ub2e4\uc591\ud55c \uc7ac\ub8cc \uc120\ud0dd\uc774 \uac00\ub2a5\ud569\ub2c8\ub2e4 \uace0\uc555 \ud38c\ud504, \uace0\uc555 \ubc38\ube0c \ubc0f \uac00\uc2a4 \uc560\ud50c\ub9ac\ucf00\uc774\uc158\uc5d0 \uc0ac\uc6a9\ub429\ub2c8\ub2e4.[:]\" \/>\n<meta property=\"og:url\" content=\"https:\/\/mog.com.vn\/product\/maxiflex-style-rhd\/\" \/>\n<meta property=\"og:site_name\" content=\"Mog.com.vn\" \/>\n<meta property=\"article:modified_time\" content=\"2025-04-12T17:12:03+00:00\" \/>\n<meta property=\"og:image\" content=\"https:\/\/mog.com.vn\/wp-content\/uploads\/2025\/04\/9.-Maxiflex-Style-RHD.jpg\" \/>\n\t<meta property=\"og:image:width\" content=\"800\" \/>\n\t<meta property=\"og:image:height\" content=\"800\" \/>\n\t<meta property=\"og:image:type\" content=\"image\/jpeg\" \/>\n<meta name=\"twitter:card\" content=\"summary_large_image\" \/>\n<script type=\"application\/ld+json\" class=\"yoast-schema-graph\">{\"@context\":\"https:\/\/schema.org\",\"@graph\":[{\"@type\":\"WebPage\",\"@id\":\"https:\/\/mog.com.vn\/product\/maxiflex-style-rhd\/\",\"url\":\"https:\/\/mog.com.vn\/product\/maxiflex-style-rhd\/\",\"name\":\"Maxiflex Style RHD - Mog.com.vn\",\"isPartOf\":{\"@id\":\"https:\/\/mog.com.vn\/#website\"},\"primaryImageOfPage\":{\"@id\":\"https:\/\/mog.com.vn\/product\/maxiflex-style-rhd\/#primaryimage\"},\"image\":{\"@id\":\"https:\/\/mog.com.vn\/product\/maxiflex-style-rhd\/#primaryimage\"},\"thumbnailUrl\":\"https:\/\/mog.com.vn\/wp-content\/uploads\/2025\/04\/9.-Maxiflex-Style-RHD.jpg\",\"datePublished\":\"2025-04-12T17:11:58+00:00\",\"dateModified\":\"2025-04-12T17:12:03+00:00\",\"breadcrumb\":{\"@id\":\"https:\/\/mog.com.vn\/product\/maxiflex-style-rhd\/#breadcrumb\"},\"inLanguage\":\"vi\",\"potentialAction\":[{\"@type\":\"ReadAction\",\"target\":[\"https:\/\/mog.com.vn\/product\/maxiflex-style-rhd\/\"]}]},{\"@type\":\"ImageObject\",\"inLanguage\":\"vi\",\"@id\":\"https:\/\/mog.com.vn\/product\/maxiflex-style-rhd\/#primaryimage\",\"url\":\"https:\/\/mog.com.vn\/wp-content\/uploads\/2025\/04\/9.-Maxiflex-Style-RHD.jpg\",\"contentUrl\":\"https:\/\/mog.com.vn\/wp-content\/uploads\/2025\/04\/9.-Maxiflex-Style-RHD.jpg\",\"width\":800,\"height\":800},{\"@type\":\"BreadcrumbList\",\"@id\":\"https:\/\/mog.com.vn\/product\/maxiflex-style-rhd\/#breadcrumb\",\"itemListElement\":[{\"@type\":\"ListItem\",\"position\":1,\"name\":\"Home\",\"item\":\"https:\/\/mog.com.vn\/\"},{\"@type\":\"ListItem\",\"position\":2,\"name\":\"Shop\",\"item\":\"https:\/\/mog.com.vn\/shop\/\"},{\"@type\":\"ListItem\",\"position\":3,\"name\":\"Maxiflex Style RHD\"}]},{\"@type\":\"WebSite\",\"@id\":\"https:\/\/mog.com.vn\/#website\",\"url\":\"https:\/\/mog.com.vn\/\",\"name\":\"Mog.com.vn\",\"description\":\"FLOW Control Solutions\",\"publisher\":{\"@id\":\"https:\/\/mog.com.vn\/#organization\"},\"potentialAction\":[{\"@type\":\"SearchAction\",\"target\":{\"@type\":\"EntryPoint\",\"urlTemplate\":\"https:\/\/mog.com.vn\/?s={search_term_string}\"},\"query-input\":{\"@type\":\"PropertyValueSpecification\",\"valueRequired\":true,\"valueName\":\"search_term_string\"}}],\"inLanguage\":\"vi\"},{\"@type\":\"Organization\",\"@id\":\"https:\/\/mog.com.vn\/#organization\",\"name\":\"Mog.com.vn\",\"url\":\"https:\/\/mog.com.vn\/\",\"logo\":{\"@type\":\"ImageObject\",\"inLanguage\":\"vi\",\"@id\":\"https:\/\/mog.com.vn\/#\/schema\/logo\/image\/\",\"url\":\"https:\/\/mog.com.vn\/wp-content\/uploads\/2025\/10\/Logo-MOG.jpg\",\"contentUrl\":\"https:\/\/mog.com.vn\/wp-content\/uploads\/2025\/10\/Logo-MOG.jpg\",\"width\":755,\"height\":230,\"caption\":\"Mog.com.vn\"},\"image\":{\"@id\":\"https:\/\/mog.com.vn\/#\/schema\/logo\/image\/\"},\"description\":\"Gi\u1ea3i ph\u00e1p C\u01a1 kh\u00ed ch\u00ednh x\u00e1c & Van c\u00f4ng nghi\u1ec7p to\u00e0n di\u1ec7n cho doanh nghi\u1ec7p c\u1ee7a b\u1ea1n.\",\"email\":\"giacongcokhimog@gmail.com\",\"telephone\":\"090 311 4883\"}]}<\/script>\n<!-- \/ Yoast SEO Premium plugin. -->","yoast_head_json":{"title":"Maxiflex Style RHD - Mog.com.vn","robots":{"index":"index","follow":"follow","max-snippet":"max-snippet:-1","max-image-preview":"max-image-preview:large","max-video-preview":"max-video-preview:-1"},"canonical":"https:\/\/mog.com.vn\/product\/maxiflex-style-rhd\/","og_locale":"vi_VN","og_type":"article","og_title":"Maxiflex Style RHD","og_description":"[:vi]Ph\u1ea7n t\u1eed b\u1ecbt k\u00edn d\u1ea1ng xo\u1eafn \u1ed1c. M\u1eadt \u0111\u1ed9 qu\u1ea5n cao. Nhi\u1ec1u l\u1ef1a ch\u1ecdn v\u1eadt li\u1ec7u cho d\u1ea3i kim lo\u1ea1i v\u00e0 v\u1eadt li\u1ec7u \u0111\u1ed9n. D\u00f9ng trong b\u01a1m \u00e1p su\u1ea5t cao, van \u00e1p su\u1ea5t cao v\u00e0 \u1ee9ng d\u1ee5ng kh\u00ed.[:en]  Spiral wound sealing element.  Wound high density.  Wide choice of materials for metal strip and filler material.  For use in high\u2013pressure pumps, high\u2013pressure valves and gas applications. [:ja]\u30b9\u30d1\u30a4\u30e9\u30eb\u30b7\u30fc\u30eb\u30a8\u30ec\u30e1\u30f3\u30c8 \u9ad8\u5bc6\u5ea6\u5dfb\u304d \u91d1\u5c5e\u30b9\u30c8\u30ea\u30c3\u30d7\u3068\u30d5\u30a3\u30e9\u30fc\u306e\u6750\u6599\u30aa\u30d7\u30b7\u30e7\u30f3\u304c\u8c4a\u5bcc \u9ad8\u5727\u30dd\u30f3\u30d7\u3001\u9ad8\u5727\u30d0\u30eb\u30d6\u3001\u30ac\u30b9\u7528\u9014\u306b\u4f7f\u7528\u3055\u308c\u307e\u3059[:kr]\uc2a4\ud30c\uc774\ub7f4 \uc640\uc6b4\ub4dc \uc530\ub9c1 \uc5d8\ub9ac\uba3c\ud2b8 \uace0\ubc00\ub3c4\ub85c \uc640\uc778\ub529\ub429\ub2c8\ub2e4 \uae08\uc18d \uc2a4\ud2b8\ub9bd \ubc0f \ucda9\uc804\uc7ac\uc5d0 \ub300\ud55c \ub2e4\uc591\ud55c \uc7ac\ub8cc \uc120\ud0dd\uc774 \uac00\ub2a5\ud569\ub2c8\ub2e4 \uace0\uc555 \ud38c\ud504, \uace0\uc555 \ubc38\ube0c \ubc0f \uac00\uc2a4 \uc560\ud50c\ub9ac\ucf00\uc774\uc158\uc5d0 \uc0ac\uc6a9\ub429\ub2c8\ub2e4.[:]","og_url":"https:\/\/mog.com.vn\/product\/maxiflex-style-rhd\/","og_site_name":"Mog.com.vn","article_modified_time":"2025-04-12T17:12:03+00:00","og_image":[{"width":800,"height":800,"url":"https:\/\/mog.com.vn\/wp-content\/uploads\/2025\/04\/9.-Maxiflex-Style-RHD.jpg","type":"image\/jpeg"}],"twitter_card":"summary_large_image","schema":{"@context":"https:\/\/schema.org","@graph":[{"@type":"WebPage","@id":"https:\/\/mog.com.vn\/product\/maxiflex-style-rhd\/","url":"https:\/\/mog.com.vn\/product\/maxiflex-style-rhd\/","name":"Maxiflex Style RHD - Mog.com.vn","isPartOf":{"@id":"https:\/\/mog.com.vn\/#website"},"primaryImageOfPage":{"@id":"https:\/\/mog.com.vn\/product\/maxiflex-style-rhd\/#primaryimage"},"image":{"@id":"https:\/\/mog.com.vn\/product\/maxiflex-style-rhd\/#primaryimage"},"thumbnailUrl":"https:\/\/mog.com.vn\/wp-content\/uploads\/2025\/04\/9.-Maxiflex-Style-RHD.jpg","datePublished":"2025-04-12T17:11:58+00:00","dateModified":"2025-04-12T17:12:03+00:00","breadcrumb":{"@id":"https:\/\/mog.com.vn\/product\/maxiflex-style-rhd\/#breadcrumb"},"inLanguage":"vi","potentialAction":[{"@type":"ReadAction","target":["https:\/\/mog.com.vn\/product\/maxiflex-style-rhd\/"]}]},{"@type":"ImageObject","inLanguage":"vi","@id":"https:\/\/mog.com.vn\/product\/maxiflex-style-rhd\/#primaryimage","url":"https:\/\/mog.com.vn\/wp-content\/uploads\/2025\/04\/9.-Maxiflex-Style-RHD.jpg","contentUrl":"https:\/\/mog.com.vn\/wp-content\/uploads\/2025\/04\/9.-Maxiflex-Style-RHD.jpg","width":800,"height":800},{"@type":"BreadcrumbList","@id":"https:\/\/mog.com.vn\/product\/maxiflex-style-rhd\/#breadcrumb","itemListElement":[{"@type":"ListItem","position":1,"name":"Home","item":"https:\/\/mog.com.vn\/"},{"@type":"ListItem","position":2,"name":"Shop","item":"https:\/\/mog.com.vn\/shop\/"},{"@type":"ListItem","position":3,"name":"Maxiflex Style RHD"}]},{"@type":"WebSite","@id":"https:\/\/mog.com.vn\/#website","url":"https:\/\/mog.com.vn\/","name":"Mog.com.vn","description":"FLOW Control Solutions","publisher":{"@id":"https:\/\/mog.com.vn\/#organization"},"potentialAction":[{"@type":"SearchAction","target":{"@type":"EntryPoint","urlTemplate":"https:\/\/mog.com.vn\/?s={search_term_string}"},"query-input":{"@type":"PropertyValueSpecification","valueRequired":true,"valueName":"search_term_string"}}],"inLanguage":"vi"},{"@type":"Organization","@id":"https:\/\/mog.com.vn\/#organization","name":"Mog.com.vn","url":"https:\/\/mog.com.vn\/","logo":{"@type":"ImageObject","inLanguage":"vi","@id":"https:\/\/mog.com.vn\/#\/schema\/logo\/image\/","url":"https:\/\/mog.com.vn\/wp-content\/uploads\/2025\/10\/Logo-MOG.jpg","contentUrl":"https:\/\/mog.com.vn\/wp-content\/uploads\/2025\/10\/Logo-MOG.jpg","width":755,"height":230,"caption":"Mog.com.vn"},"image":{"@id":"https:\/\/mog.com.vn\/#\/schema\/logo\/image\/"},"description":"Gi\u1ea3i ph\u00e1p C\u01a1 kh\u00ed ch\u00ednh x\u00e1c & Van c\u00f4ng nghi\u1ec7p to\u00e0n di\u1ec7n cho doanh nghi\u1ec7p c\u1ee7a b\u1ea1n.","email":"giacongcokhimog@gmail.com","telephone":"090 311 4883"}]}},"_links":{"self":[{"href":"https:\/\/mog.com.vn\/vi\/wp-json\/wp\/v2\/product\/672","targetHints":{"allow":["GET"]}}],"collection":[{"href":"https:\/\/mog.com.vn\/vi\/wp-json\/wp\/v2\/product"}],"about":[{"href":"https:\/\/mog.com.vn\/vi\/wp-json\/wp\/v2\/types\/product"}],"replies":[{"embeddable":true,"href":"https:\/\/mog.com.vn\/vi\/wp-json\/wp\/v2\/comments?post=672"}],"wp:featuredmedia":[{"embeddable":true,"href":"https:\/\/mog.com.vn\/vi\/wp-json\/wp\/v2\/media\/673"}],"wp:attachment":[{"href":"https:\/\/mog.com.vn\/vi\/wp-json\/wp\/v2\/media?parent=672"}],"wp:term":[{"taxonomy":"product_brand","embeddable":true,"href":"https:\/\/mog.com.vn\/vi\/wp-json\/wp\/v2\/product_brand?post=672"},{"taxonomy":"product_cat","embeddable":true,"href":"https:\/\/mog.com.vn\/vi\/wp-json\/wp\/v2\/product_cat?post=672"},{"taxonomy":"product_tag","embeddable":true,"href":"https:\/\/mog.com.vn\/vi\/wp-json\/wp\/v2\/product_tag?post=672"}],"curies":[{"name":"wp","href":"https:\/\/api.w.org\/{rel}","templated":true}]}}