{"id":674,"date":"2025-04-12T17:11:58","date_gmt":"2025-04-12T17:11:58","guid":{"rendered":"https:\/\/mog.com.vn\/renew\/product\/maxiflex-crir-108\/"},"modified":"2025-04-12T17:12:03","modified_gmt":"2025-04-12T17:12:03","slug":"maxiflex-crir-108","status":"publish","type":"product","link":"https:\/\/mog.com.vn\/vi\/product\/maxiflex-crir-108\/","title":{"rendered":"Maxiflex CRIR-108"},"content":{"rendered":"","protected":false},"excerpt":{"rendered":"<div>Gio\u0103ng Klingermaxiflex CRIR-108 \u0111\u01b0\u1ee3c ph\u00e1t tri\u1ec3n ri\u00eang \u0111\u1ec3 s\u1eed d\u1ee5ng tr\u00ean c\u00e1c \u0110\u01a1n v\u1ecb Alkyl h\u00f3a HF v\u00e0 c\u00e1c \u1ee9ng d\u1ee5ng t\u01b0\u01a1ng t\u1ef1 kh\u00e1c, trong \u0111\u00f3 s\u1ef1 \u0103n m\u00f2n c\u1ee7a m\u1eb7t b\u00edch l\u00e0 v\u1ea5n \u0111\u1ec1 th\u1ef1c s\u1ef1.<\/div>\n<div><\/div>\n<div>Gio\u0103ng xo\u1eafn \u1ed1c truy\u1ec1n th\u1ed1ng s\u1eed d\u1ee5ng v\u00f2ng trong b\u1eb1ng th\u00e9p Monel ho\u1eb7c Carbon, \u0111\u00f4i khi kh\u00f4ng t\u1ea1o ra m\u00f4i tr\u01b0\u1eddng k\u00edn kh\u00edt gi\u1eefa v\u00f2ng trong v\u00e0 m\u1eb7t b\u00edch. \u0110i\u1ec1u n\u00e0y c\u00f3 th\u1ec3 khi\u1ebfn m\u1ed9t l\u01b0\u1ee3ng nh\u1ecf s\u1ea3n ph\u1ea9m di chuy\u1ec3n gi\u1eefa v\u00f2ng trong v\u00e0 m\u1eb7t b\u00edch, do \u0111\u00f3 l\u00e0m t\u0103ng kh\u1ea3 n\u0103ng x\u1ea3y ra hi\u1ec7n t\u01b0\u1ee3ng \u0103n m\u00f2n ho\u1eb7c gi\u00f2n.<\/div>\n<div><\/div>\n<div>Gio\u0103ng Klingermaxiflex CRIR-108 cung c\u1ea5p th\u00eam m\u1ed9t l\u1edbp \u0111\u1ec7m tr\u00ean v\u00f2ng trong gi\u00fap b\u1ecbt k\u00edn v\u00e0 ng\u0103n ng\u1eeba b\u1ea5t k\u1ef3 s\u1ef1 t\u00edch t\u1ee5 n\u00e0o c\u1ee7a s\u1ea3n ph\u1ea9m, gi\u00fap lo\u1ea1i b\u1ecf m\u1ecdi s\u1ef1 \u0103n m\u00f2n c\u1ee7a m\u1eb7t b\u00edch b\u1eb1ng th\u00e9p carbon.<\/div>\n<div><\/div>\n<div>Klingermaxiflex CRIR-108 \u0111\u01b0\u1ee3c thi\u1ebft k\u1ebf ph\u00f9 h\u1ee3p v\u1edbi m\u1eb7t b\u00edch Ti\u00eau chu\u1ea9n v\u00e0 Kh\u00f4ng Ti\u00eau chu\u1ea9n v\u00e0 kh\u00f4ng y\u00eau c\u1ea7u th\u00eam \u1ee9ng su\u1ea5t bu l\u00f4ng \u0111\u1ec3 n\u00e9n v\u00e0 duy tr\u00ec \u0111\u1ed9 k\u00edn kh\u00edt.<\/div>\n<div><\/div>\n<div>Vui l\u00f2ng tham kh\u1ea3o \u00fd ki\u1ebfn \u200b\u200bc\u1ee7a ch\u00fang t\u00f4i \u0111\u1ec3 bi\u1ebft thi\u1ebft k\u1ebf ch\u00ednh x\u00e1c c\u1ee7a c\u00e1c gio\u0103ng n\u00e0y do l\u1edbp ph\u1ee7 tr\u00ean v\u00f2ng trong c\u00f3 th\u1ec3 l\u00e0 than ch\u00ec gi\u00e3n n\u1edf ho\u1eb7c PTFE gi\u00e3n n\u1edf.<\/div>\n","protected":false},"featured_media":675,"comment_status":"closed","ping_status":"open","template":"","meta":[],"product_brand":[],"product_cat":[113],"product_tag":[],"class_list":{"0":"post-674","1":"product","2":"type-product","3":"status-publish","4":"has-post-thumbnail","6":"product_cat-klingerspiral-wounds","8":"first","9":"instock","10":"product-type-simple"},"yoast_head":"<!-- This site is optimized with the Yoast SEO Premium plugin v25.9 (Yoast SEO v25.9) - https:\/\/yoast.com\/wordpress\/plugins\/seo\/ -->\n<title>Maxiflex CRIR-108 - Mog.com.vn<\/title>\n<meta name=\"robots\" content=\"index, follow, max-snippet:-1, max-image-preview:large, max-video-preview:-1\" \/>\n<link rel=\"canonical\" href=\"https:\/\/mog.com.vn\/product\/maxiflex-crir-108\/\" \/>\n<meta property=\"og:locale\" content=\"vi_VN\" \/>\n<meta property=\"og:type\" content=\"article\" \/>\n<meta property=\"og:title\" content=\"Maxiflex CRIR-108\" \/>\n<meta property=\"og:description\" content=\"[:vi]Gio\u0103ng Klingermaxiflex CRIR-108 \u0111\u01b0\u1ee3c ph\u00e1t tri\u1ec3n ri\u00eang \u0111\u1ec3 s\u1eed d\u1ee5ng tr\u00ean c\u00e1c \u0110\u01a1n v\u1ecb Alkyl h\u00f3a HF v\u00e0 c\u00e1c \u1ee9ng d\u1ee5ng t\u01b0\u01a1ng t\u1ef1 kh\u00e1c, trong \u0111\u00f3 s\u1ef1 \u0103n m\u00f2n c\u1ee7a m\u1eb7t b\u00edch l\u00e0 v\u1ea5n \u0111\u1ec1 th\u1ef1c s\u1ef1. Gio\u0103ng xo\u1eafn \u1ed1c truy\u1ec1n th\u1ed1ng s\u1eed d\u1ee5ng v\u00f2ng trong b\u1eb1ng th\u00e9p Monel ho\u1eb7c Carbon, \u0111\u00f4i khi kh\u00f4ng t\u1ea1o ra m\u00f4i tr\u01b0\u1eddng k\u00edn kh\u00edt gi\u1eefa v\u00f2ng trong v\u00e0 m\u1eb7t b\u00edch. \u0110i\u1ec1u n\u00e0y c\u00f3 th\u1ec3 khi\u1ebfn m\u1ed9t l\u01b0\u1ee3ng nh\u1ecf s\u1ea3n ph\u1ea9m di chuy\u1ec3n gi\u1eefa v\u00f2ng trong v\u00e0 m\u1eb7t b\u00edch, do \u0111\u00f3 l\u00e0m t\u0103ng kh\u1ea3 n\u0103ng x\u1ea3y ra hi\u1ec7n t\u01b0\u1ee3ng \u0103n m\u00f2n ho\u1eb7c gi\u00f2n. Gio\u0103ng Klingermaxiflex CRIR-108 cung c\u1ea5p th\u00eam m\u1ed9t l\u1edbp \u0111\u1ec7m tr\u00ean v\u00f2ng trong gi\u00fap b\u1ecbt k\u00edn v\u00e0 ng\u0103n ng\u1eeba b\u1ea5t k\u1ef3 s\u1ef1 t\u00edch t\u1ee5 n\u00e0o c\u1ee7a s\u1ea3n ph\u1ea9m, gi\u00fap lo\u1ea1i b\u1ecf m\u1ecdi s\u1ef1 \u0103n m\u00f2n c\u1ee7a m\u1eb7t b\u00edch b\u1eb1ng th\u00e9p carbon. Klingermaxiflex CRIR-108 \u0111\u01b0\u1ee3c thi\u1ebft k\u1ebf ph\u00f9 h\u1ee3p v\u1edbi m\u1eb7t b\u00edch Ti\u00eau chu\u1ea9n v\u00e0 Kh\u00f4ng Ti\u00eau chu\u1ea9n v\u00e0 kh\u00f4ng y\u00eau c\u1ea7u th\u00eam \u1ee9ng su\u1ea5t bu l\u00f4ng \u0111\u1ec3 n\u00e9n v\u00e0 duy tr\u00ec \u0111\u1ed9 k\u00edn kh\u00edt. Vui l\u00f2ng tham kh\u1ea3o \u00fd ki\u1ebfn \u200b\u200bc\u1ee7a ch\u00fang t\u00f4i \u0111\u1ec3 bi\u1ebft thi\u1ebft k\u1ebf ch\u00ednh x\u00e1c c\u1ee7a c\u00e1c gio\u0103ng n\u00e0y do l\u1edbp ph\u1ee7 tr\u00ean v\u00f2ng trong c\u00f3 th\u1ec3 l\u00e0 than ch\u00ec gi\u00e3n n\u1edf ho\u1eb7c PTFE gi\u00e3n n\u1edf.[:en]The Klingermaxiflex CRIR-108 gasket has been specifically developed for use on HF Alkylation Units and other similar applications where corrosion of the flanges presents a real problem. Traditional Spiral Wound gaskets use either a Monel\u00a0 or Carbon steel inner ring, which sometimes does not create a seal tight environment between the inner ring and the face of the flange. This could allow small quantities of product to migrate between the inner ring and the flange, thus enhancing the possibilities for corrosion or embrittlement to take place. The Klingermaxiflex CRIR-108 gasket offers an additional seal on the inner ring which seals and prevents any build up of product which eliminates any corrosion of the carbon steel flanges. The Klingermaxiflex CRIR-108 is designed to suit Standard and Non Standard flanges and requires no additional bolt stress to compress and maintain a tight seal. Please consult us for the correct design of these gaskets due to the lamination on the inner ring which can be either expanded graphite or expanded PTFE.[:ja]Klingermaxiflex CRIR-108 \u30ac\u30b9\u30b1\u30c3\u30c8\u306f\u3001\u30d5\u30e9\u30f3\u30b8\u306e\u8150\u98df\u304c\u6df1\u523b\u306a\u554f\u984c\u3068\u306a\u308b HF \u30a2\u30eb\u30ad\u30eb\u5316\u30e6\u30cb\u30c3\u30c8\u3084\u305d\u306e\u4ed6\u306e\u540c\u69d8\u306e\u7528\u9014\u3067\u4f7f\u7528\u3059\u308b\u305f\u3081\u306b\u7279\u5225\u306b\u958b\u767a\u3055\u308c\u307e\u3057\u305f\u3002 \u5f93\u6765\u306e\u30b9\u30d1\u30a4\u30e9\u30eb\u5dfb\u304d\u30ac\u30b9\u30b1\u30c3\u30c8\u306f\u3001\u30e2\u30cd\u30eb\u307e\u305f\u306f\u70ad\u7d20\u92fc\u306e\u5185\u8f2a\u3092\u4f7f\u7528\u3057\u307e\u3059\u304c\u3001\u5185\u8f2a\u3068\u30d5\u30e9\u30f3\u30b8\u9762\u306e\u9593\u306b\u5bc6\u9589\u74b0\u5883\u304c\u4f5c\u3089\u308c\u306a\u3044\u5834\u5408\u304c\u3042\u308a\u307e\u3059\u3002\u3053\u308c\u306b\u3088\u308a\u3001\u5c11\u91cf\u306e\u88fd\u54c1\u304c\u5185\u8f2a\u3068\u30d5\u30e9\u30f3\u30b8\u306e\u9593\u3092\u79fb\u52d5\u3059\u308b\u53ef\u80fd\u6027\u304c\u3042\u308a\u3001\u8150\u98df\u3084\u8106\u5316\u304c\u767a\u751f\u3059\u308b\u53ef\u80fd\u6027\u304c\u9ad8\u307e\u308a\u307e\u3059\u3002 Klingermaxiflex CRIR-108 \u30ac\u30b9\u30b1\u30c3\u30c8\u306f\u3001\u5185\u8f2a\u306b\u8ffd\u52a0\u306e\u30b7\u30fc\u30eb\u3092\u63d0\u4f9b\u3057\u3001\u88fd\u54c1\u306e\u84c4\u7a4d\u3092\u5bc6\u5c01\u3057\u3066\u9632\u6b62\u3057\u3001\u70ad\u7d20\u92fc\u30d5\u30e9\u30f3\u30b8\u306e\u8150\u98df\u3092\u6392\u9664\u3057\u307e\u3059\u3002 Klingermaxiflex CRIR-108 \u306f\u3001\u6a19\u6e96\u304a\u3088\u3073\u975e\u6a19\u6e96\u30d5\u30e9\u30f3\u30b8\u306b\u9069\u5408\u3059\u308b\u3088\u3046\u306b\u8a2d\u8a08\u3055\u308c\u3066\u304a\u308a\u3001\u5727\u7e2e\u3057\u3066\u5bc6\u9589\u3092\u7dad\u6301\u3059\u308b\u305f\u3081\u306b\u8ffd\u52a0\u306e\u30dc\u30eb\u30c8\u5fdc\u529b\u3092\u5fc5\u8981\u3068\u3057\u307e\u305b\u3093\u3002 \u5185\u8f2a\u306e\u7a4d\u5c64\u306f\u81a8\u5f35\u30b0\u30e9\u30d5\u30a1\u30a4\u30c8\u307e\u305f\u306f\u81a8\u5f35 PTFE \u306e\u3044\u305a\u308c\u304b\u3067\u3042\u308b\u305f\u3081\u3001\u3053\u308c\u3089\u306e\u30ac\u30b9\u30b1\u30c3\u30c8\u306e\u6b63\u3057\u3044\u8a2d\u8a08\u306b\u3064\u3044\u3066\u306f\u5f53\u793e\u306b\u3054\u76f8\u8ac7\u304f\u3060\u3055\u3044\u3002[:kr]Klingermaxiflex CRIR-108 \uac1c\uc2a4\ud0b7\uc740 \ud50c\ub79c\uc9c0 \ubd80\uc2dd\uc774 \uc2e4\uc81c \ubb38\uc81c\uac00 \ub418\ub294 HF \uc54c\ud0ac\ud654 \uc7a5\uce58 \ubc0f \uae30\ud0c0 \uc720\uc0ac\ud55c \uc751\uc6a9 \ubd84\uc57c\uc5d0\uc11c \uc0ac\uc6a9\ud558\ub3c4\ub85d \ud2b9\ubcc4\ud788 \uac1c\ubc1c\ub418\uc5c8\uc2b5\ub2c8\ub2e4. \uae30\uc874 \ub098\uc120\ud615 \uc0c1\ucc98 \uac1c\uc2a4\ud0b7\uc740 \ubaa8\ub12c \ub610\ub294 \ud0c4\uc18c\uac15 \ub0b4\ubd80 \ub9c1\uc744 \uc0ac\uc6a9\ud558\ub294\ub370, \uc774\ub294 \ub54c\ub54c\ub85c \ub0b4\ubd80 \ub9c1\uacfc \ud50c\ub79c\uc9c0 \ud45c\uba74 \uc0ac\uc774\uc5d0 \ubc00\ubd09\uc774 \uc798 \ub418\uc9c0 \uc54a\ub294 \ud658\uacbd\uc744 \ub9cc\ub4e4\uc9c0 \ubabb\ud569\ub2c8\ub2e4. \uc774\ub85c \uc778\ud574 \uc18c\ub7c9\uc758 \uc81c\ud488\uc774 \ub0b4\ubd80 \ub9c1\uacfc \ud50c\ub79c\uc9c0 \uc0ac\uc774\ub85c \uc774\ub3d9\ud558\uc5ec \ubd80\uc2dd \ub610\ub294 \ucde8\uc131\uc774 \ubc1c\uc0dd\ud560 \uac00\ub2a5\uc131\uc774 \ucee4\uc9c8 \uc218 \uc788\uc2b5\ub2c8\ub2e4. Klingermaxiflex CRIR-108 \uac1c\uc2a4\ud0b7\uc740 \ub0b4\ubd80 \ub9c1\uc5d0 \ucd94\uac00 \ubc00\ubd09\uc744 \uc81c\uacf5\ud558\uc5ec \uc81c\ud488\uc774 \uc313\uc774\ub294 \uac83\uc744 \ubc00\ubd09\ud558\uace0 \ubc29\uc9c0\ud558\uc5ec \ud0c4\uc18c\uac15 \ud50c\ub79c\uc9c0\uc758 \ubd80\uc2dd\uc744 \uc81c\uac70\ud569\ub2c8\ub2e4. Klingermaxiflex CRIR-108\uc740 \ud45c\uc900 \ubc0f \ube44\ud45c\uc900 \ud50c\ub79c\uc9c0\uc5d0 \ub9de\uac8c \uc124\uacc4\ub418\uc5c8\uc73c\uba70 \uc555\ucd95\ud558\uace0 \ubc00\ubd09\uc744 \uc720\uc9c0\ud558\uae30 \uc704\ud574 \ucd94\uac00 \ubcfc\ud2b8 \uc751\ub825\uc774 \ud544\uc694\ud558\uc9c0 \uc54a\uc2b5\ub2c8\ub2e4. \ub0b4\ubd80 \ub9c1\uc5d0 \ud33d\ucc3d\ud751\uc5f0 \ub610\ub294 \ud33d\ucc3dPTFE\uac00 \uc801\uce35\ub418\uc5b4 \uc788\uc73c\ubbc0\ub85c \uc774 \uac1c\uc2a4\ud0b7\uc758 \uc62c\ubc14\ub978 \uc124\uacc4\uc5d0 \ub300\ud574\uc11c\ub294 \uc800\ud76c\uc5d0\uac8c \ubb38\uc758\ud574 \uc8fc\uc2dc\uae30 \ubc14\ub78d\ub2c8\ub2e4.[:]\" \/>\n<meta property=\"og:url\" content=\"https:\/\/mog.com.vn\/product\/maxiflex-crir-108\/\" \/>\n<meta property=\"og:site_name\" content=\"Mog.com.vn\" \/>\n<meta property=\"article:modified_time\" content=\"2025-04-12T17:12:03+00:00\" \/>\n<meta property=\"og:image\" content=\"https:\/\/mog.com.vn\/wp-content\/uploads\/2025\/04\/8.-Maxiflex-CRIR-\u2013-108.jpg\" \/>\n\t<meta property=\"og:image:width\" content=\"800\" \/>\n\t<meta property=\"og:image:height\" content=\"800\" \/>\n\t<meta property=\"og:image:type\" content=\"image\/jpeg\" \/>\n<meta name=\"twitter:card\" content=\"summary_large_image\" \/>\n<script type=\"application\/ld+json\" class=\"yoast-schema-graph\">{\"@context\":\"https:\/\/schema.org\",\"@graph\":[{\"@type\":\"WebPage\",\"@id\":\"https:\/\/mog.com.vn\/product\/maxiflex-crir-108\/\",\"url\":\"https:\/\/mog.com.vn\/product\/maxiflex-crir-108\/\",\"name\":\"Maxiflex CRIR-108 - Mog.com.vn\",\"isPartOf\":{\"@id\":\"https:\/\/mog.com.vn\/#website\"},\"primaryImageOfPage\":{\"@id\":\"https:\/\/mog.com.vn\/product\/maxiflex-crir-108\/#primaryimage\"},\"image\":{\"@id\":\"https:\/\/mog.com.vn\/product\/maxiflex-crir-108\/#primaryimage\"},\"thumbnailUrl\":\"https:\/\/mog.com.vn\/wp-content\/uploads\/2025\/04\/8.-Maxiflex-CRIR-\u2013-108.jpg\",\"datePublished\":\"2025-04-12T17:11:58+00:00\",\"dateModified\":\"2025-04-12T17:12:03+00:00\",\"breadcrumb\":{\"@id\":\"https:\/\/mog.com.vn\/product\/maxiflex-crir-108\/#breadcrumb\"},\"inLanguage\":\"vi\",\"potentialAction\":[{\"@type\":\"ReadAction\",\"target\":[\"https:\/\/mog.com.vn\/product\/maxiflex-crir-108\/\"]}]},{\"@type\":\"ImageObject\",\"inLanguage\":\"vi\",\"@id\":\"https:\/\/mog.com.vn\/product\/maxiflex-crir-108\/#primaryimage\",\"url\":\"https:\/\/mog.com.vn\/wp-content\/uploads\/2025\/04\/8.-Maxiflex-CRIR-\u2013-108.jpg\",\"contentUrl\":\"https:\/\/mog.com.vn\/wp-content\/uploads\/2025\/04\/8.-Maxiflex-CRIR-\u2013-108.jpg\",\"width\":800,\"height\":800},{\"@type\":\"BreadcrumbList\",\"@id\":\"https:\/\/mog.com.vn\/product\/maxiflex-crir-108\/#breadcrumb\",\"itemListElement\":[{\"@type\":\"ListItem\",\"position\":1,\"name\":\"Home\",\"item\":\"https:\/\/mog.com.vn\/\"},{\"@type\":\"ListItem\",\"position\":2,\"name\":\"Shop\",\"item\":\"https:\/\/mog.com.vn\/shop\/\"},{\"@type\":\"ListItem\",\"position\":3,\"name\":\"Maxiflex CRIR-108\"}]},{\"@type\":\"WebSite\",\"@id\":\"https:\/\/mog.com.vn\/#website\",\"url\":\"https:\/\/mog.com.vn\/\",\"name\":\"Mog.com.vn\",\"description\":\"FLOW Control Solutions\",\"publisher\":{\"@id\":\"https:\/\/mog.com.vn\/#organization\"},\"potentialAction\":[{\"@type\":\"SearchAction\",\"target\":{\"@type\":\"EntryPoint\",\"urlTemplate\":\"https:\/\/mog.com.vn\/?s={search_term_string}\"},\"query-input\":{\"@type\":\"PropertyValueSpecification\",\"valueRequired\":true,\"valueName\":\"search_term_string\"}}],\"inLanguage\":\"vi\"},{\"@type\":\"Organization\",\"@id\":\"https:\/\/mog.com.vn\/#organization\",\"name\":\"Mog.com.vn\",\"url\":\"https:\/\/mog.com.vn\/\",\"logo\":{\"@type\":\"ImageObject\",\"inLanguage\":\"vi\",\"@id\":\"https:\/\/mog.com.vn\/#\/schema\/logo\/image\/\",\"url\":\"https:\/\/mog.com.vn\/wp-content\/uploads\/2025\/10\/Logo-MOG.jpg\",\"contentUrl\":\"https:\/\/mog.com.vn\/wp-content\/uploads\/2025\/10\/Logo-MOG.jpg\",\"width\":755,\"height\":230,\"caption\":\"Mog.com.vn\"},\"image\":{\"@id\":\"https:\/\/mog.com.vn\/#\/schema\/logo\/image\/\"},\"description\":\"Gi\u1ea3i ph\u00e1p C\u01a1 kh\u00ed ch\u00ednh x\u00e1c & Van c\u00f4ng nghi\u1ec7p to\u00e0n di\u1ec7n cho doanh nghi\u1ec7p c\u1ee7a b\u1ea1n.\",\"email\":\"giacongcokhimog@gmail.com\",\"telephone\":\"090 311 4883\"}]}<\/script>\n<!-- \/ Yoast SEO Premium plugin. -->","yoast_head_json":{"title":"Maxiflex CRIR-108 - Mog.com.vn","robots":{"index":"index","follow":"follow","max-snippet":"max-snippet:-1","max-image-preview":"max-image-preview:large","max-video-preview":"max-video-preview:-1"},"canonical":"https:\/\/mog.com.vn\/product\/maxiflex-crir-108\/","og_locale":"vi_VN","og_type":"article","og_title":"Maxiflex CRIR-108","og_description":"[:vi]Gio\u0103ng Klingermaxiflex CRIR-108 \u0111\u01b0\u1ee3c ph\u00e1t tri\u1ec3n ri\u00eang \u0111\u1ec3 s\u1eed d\u1ee5ng tr\u00ean c\u00e1c \u0110\u01a1n v\u1ecb Alkyl h\u00f3a HF v\u00e0 c\u00e1c \u1ee9ng d\u1ee5ng t\u01b0\u01a1ng t\u1ef1 kh\u00e1c, trong \u0111\u00f3 s\u1ef1 \u0103n m\u00f2n c\u1ee7a m\u1eb7t b\u00edch l\u00e0 v\u1ea5n \u0111\u1ec1 th\u1ef1c s\u1ef1. Gio\u0103ng xo\u1eafn \u1ed1c truy\u1ec1n th\u1ed1ng s\u1eed d\u1ee5ng v\u00f2ng trong b\u1eb1ng th\u00e9p Monel ho\u1eb7c Carbon, \u0111\u00f4i khi kh\u00f4ng t\u1ea1o ra m\u00f4i tr\u01b0\u1eddng k\u00edn kh\u00edt gi\u1eefa v\u00f2ng trong v\u00e0 m\u1eb7t b\u00edch. \u0110i\u1ec1u n\u00e0y c\u00f3 th\u1ec3 khi\u1ebfn m\u1ed9t l\u01b0\u1ee3ng nh\u1ecf s\u1ea3n ph\u1ea9m di chuy\u1ec3n gi\u1eefa v\u00f2ng trong v\u00e0 m\u1eb7t b\u00edch, do \u0111\u00f3 l\u00e0m t\u0103ng kh\u1ea3 n\u0103ng x\u1ea3y ra hi\u1ec7n t\u01b0\u1ee3ng \u0103n m\u00f2n ho\u1eb7c gi\u00f2n. Gio\u0103ng Klingermaxiflex CRIR-108 cung c\u1ea5p th\u00eam m\u1ed9t l\u1edbp \u0111\u1ec7m tr\u00ean v\u00f2ng trong gi\u00fap b\u1ecbt k\u00edn v\u00e0 ng\u0103n ng\u1eeba b\u1ea5t k\u1ef3 s\u1ef1 t\u00edch t\u1ee5 n\u00e0o c\u1ee7a s\u1ea3n ph\u1ea9m, gi\u00fap lo\u1ea1i b\u1ecf m\u1ecdi s\u1ef1 \u0103n m\u00f2n c\u1ee7a m\u1eb7t b\u00edch b\u1eb1ng th\u00e9p carbon. Klingermaxiflex CRIR-108 \u0111\u01b0\u1ee3c thi\u1ebft k\u1ebf ph\u00f9 h\u1ee3p v\u1edbi m\u1eb7t b\u00edch Ti\u00eau chu\u1ea9n v\u00e0 Kh\u00f4ng Ti\u00eau chu\u1ea9n v\u00e0 kh\u00f4ng y\u00eau c\u1ea7u th\u00eam \u1ee9ng su\u1ea5t bu l\u00f4ng \u0111\u1ec3 n\u00e9n v\u00e0 duy tr\u00ec \u0111\u1ed9 k\u00edn kh\u00edt. Vui l\u00f2ng tham kh\u1ea3o \u00fd ki\u1ebfn \u200b\u200bc\u1ee7a ch\u00fang t\u00f4i \u0111\u1ec3 bi\u1ebft thi\u1ebft k\u1ebf ch\u00ednh x\u00e1c c\u1ee7a c\u00e1c gio\u0103ng n\u00e0y do l\u1edbp ph\u1ee7 tr\u00ean v\u00f2ng trong c\u00f3 th\u1ec3 l\u00e0 than ch\u00ec gi\u00e3n n\u1edf ho\u1eb7c PTFE gi\u00e3n n\u1edf.[:en]The Klingermaxiflex CRIR-108 gasket has been specifically developed for use on HF Alkylation Units and other similar applications where corrosion of the flanges presents a real problem. Traditional Spiral Wound gaskets use either a Monel\u00a0 or Carbon steel inner ring, which sometimes does not create a seal tight environment between the inner ring and the face of the flange. This could allow small quantities of product to migrate between the inner ring and the flange, thus enhancing the possibilities for corrosion or embrittlement to take place. The Klingermaxiflex CRIR-108 gasket offers an additional seal on the inner ring which seals and prevents any build up of product which eliminates any corrosion of the carbon steel flanges. The Klingermaxiflex CRIR-108 is designed to suit Standard and Non Standard flanges and requires no additional bolt stress to compress and maintain a tight seal. Please consult us for the correct design of these gaskets due to the lamination on the inner ring which can be either expanded graphite or expanded PTFE.[:ja]Klingermaxiflex CRIR-108 \u30ac\u30b9\u30b1\u30c3\u30c8\u306f\u3001\u30d5\u30e9\u30f3\u30b8\u306e\u8150\u98df\u304c\u6df1\u523b\u306a\u554f\u984c\u3068\u306a\u308b HF \u30a2\u30eb\u30ad\u30eb\u5316\u30e6\u30cb\u30c3\u30c8\u3084\u305d\u306e\u4ed6\u306e\u540c\u69d8\u306e\u7528\u9014\u3067\u4f7f\u7528\u3059\u308b\u305f\u3081\u306b\u7279\u5225\u306b\u958b\u767a\u3055\u308c\u307e\u3057\u305f\u3002 \u5f93\u6765\u306e\u30b9\u30d1\u30a4\u30e9\u30eb\u5dfb\u304d\u30ac\u30b9\u30b1\u30c3\u30c8\u306f\u3001\u30e2\u30cd\u30eb\u307e\u305f\u306f\u70ad\u7d20\u92fc\u306e\u5185\u8f2a\u3092\u4f7f\u7528\u3057\u307e\u3059\u304c\u3001\u5185\u8f2a\u3068\u30d5\u30e9\u30f3\u30b8\u9762\u306e\u9593\u306b\u5bc6\u9589\u74b0\u5883\u304c\u4f5c\u3089\u308c\u306a\u3044\u5834\u5408\u304c\u3042\u308a\u307e\u3059\u3002\u3053\u308c\u306b\u3088\u308a\u3001\u5c11\u91cf\u306e\u88fd\u54c1\u304c\u5185\u8f2a\u3068\u30d5\u30e9\u30f3\u30b8\u306e\u9593\u3092\u79fb\u52d5\u3059\u308b\u53ef\u80fd\u6027\u304c\u3042\u308a\u3001\u8150\u98df\u3084\u8106\u5316\u304c\u767a\u751f\u3059\u308b\u53ef\u80fd\u6027\u304c\u9ad8\u307e\u308a\u307e\u3059\u3002 Klingermaxiflex CRIR-108 \u30ac\u30b9\u30b1\u30c3\u30c8\u306f\u3001\u5185\u8f2a\u306b\u8ffd\u52a0\u306e\u30b7\u30fc\u30eb\u3092\u63d0\u4f9b\u3057\u3001\u88fd\u54c1\u306e\u84c4\u7a4d\u3092\u5bc6\u5c01\u3057\u3066\u9632\u6b62\u3057\u3001\u70ad\u7d20\u92fc\u30d5\u30e9\u30f3\u30b8\u306e\u8150\u98df\u3092\u6392\u9664\u3057\u307e\u3059\u3002 Klingermaxiflex CRIR-108 \u306f\u3001\u6a19\u6e96\u304a\u3088\u3073\u975e\u6a19\u6e96\u30d5\u30e9\u30f3\u30b8\u306b\u9069\u5408\u3059\u308b\u3088\u3046\u306b\u8a2d\u8a08\u3055\u308c\u3066\u304a\u308a\u3001\u5727\u7e2e\u3057\u3066\u5bc6\u9589\u3092\u7dad\u6301\u3059\u308b\u305f\u3081\u306b\u8ffd\u52a0\u306e\u30dc\u30eb\u30c8\u5fdc\u529b\u3092\u5fc5\u8981\u3068\u3057\u307e\u305b\u3093\u3002 \u5185\u8f2a\u306e\u7a4d\u5c64\u306f\u81a8\u5f35\u30b0\u30e9\u30d5\u30a1\u30a4\u30c8\u307e\u305f\u306f\u81a8\u5f35 PTFE \u306e\u3044\u305a\u308c\u304b\u3067\u3042\u308b\u305f\u3081\u3001\u3053\u308c\u3089\u306e\u30ac\u30b9\u30b1\u30c3\u30c8\u306e\u6b63\u3057\u3044\u8a2d\u8a08\u306b\u3064\u3044\u3066\u306f\u5f53\u793e\u306b\u3054\u76f8\u8ac7\u304f\u3060\u3055\u3044\u3002[:kr]Klingermaxiflex CRIR-108 \uac1c\uc2a4\ud0b7\uc740 \ud50c\ub79c\uc9c0 \ubd80\uc2dd\uc774 \uc2e4\uc81c \ubb38\uc81c\uac00 \ub418\ub294 HF \uc54c\ud0ac\ud654 \uc7a5\uce58 \ubc0f \uae30\ud0c0 \uc720\uc0ac\ud55c \uc751\uc6a9 \ubd84\uc57c\uc5d0\uc11c \uc0ac\uc6a9\ud558\ub3c4\ub85d \ud2b9\ubcc4\ud788 \uac1c\ubc1c\ub418\uc5c8\uc2b5\ub2c8\ub2e4. \uae30\uc874 \ub098\uc120\ud615 \uc0c1\ucc98 \uac1c\uc2a4\ud0b7\uc740 \ubaa8\ub12c \ub610\ub294 \ud0c4\uc18c\uac15 \ub0b4\ubd80 \ub9c1\uc744 \uc0ac\uc6a9\ud558\ub294\ub370, \uc774\ub294 \ub54c\ub54c\ub85c \ub0b4\ubd80 \ub9c1\uacfc \ud50c\ub79c\uc9c0 \ud45c\uba74 \uc0ac\uc774\uc5d0 \ubc00\ubd09\uc774 \uc798 \ub418\uc9c0 \uc54a\ub294 \ud658\uacbd\uc744 \ub9cc\ub4e4\uc9c0 \ubabb\ud569\ub2c8\ub2e4. \uc774\ub85c \uc778\ud574 \uc18c\ub7c9\uc758 \uc81c\ud488\uc774 \ub0b4\ubd80 \ub9c1\uacfc \ud50c\ub79c\uc9c0 \uc0ac\uc774\ub85c \uc774\ub3d9\ud558\uc5ec \ubd80\uc2dd \ub610\ub294 \ucde8\uc131\uc774 \ubc1c\uc0dd\ud560 \uac00\ub2a5\uc131\uc774 \ucee4\uc9c8 \uc218 \uc788\uc2b5\ub2c8\ub2e4. Klingermaxiflex CRIR-108 \uac1c\uc2a4\ud0b7\uc740 \ub0b4\ubd80 \ub9c1\uc5d0 \ucd94\uac00 \ubc00\ubd09\uc744 \uc81c\uacf5\ud558\uc5ec \uc81c\ud488\uc774 \uc313\uc774\ub294 \uac83\uc744 \ubc00\ubd09\ud558\uace0 \ubc29\uc9c0\ud558\uc5ec \ud0c4\uc18c\uac15 \ud50c\ub79c\uc9c0\uc758 \ubd80\uc2dd\uc744 \uc81c\uac70\ud569\ub2c8\ub2e4. Klingermaxiflex CRIR-108\uc740 \ud45c\uc900 \ubc0f \ube44\ud45c\uc900 \ud50c\ub79c\uc9c0\uc5d0 \ub9de\uac8c \uc124\uacc4\ub418\uc5c8\uc73c\uba70 \uc555\ucd95\ud558\uace0 \ubc00\ubd09\uc744 \uc720\uc9c0\ud558\uae30 \uc704\ud574 \ucd94\uac00 \ubcfc\ud2b8 \uc751\ub825\uc774 \ud544\uc694\ud558\uc9c0 \uc54a\uc2b5\ub2c8\ub2e4. \ub0b4\ubd80 \ub9c1\uc5d0 \ud33d\ucc3d\ud751\uc5f0 \ub610\ub294 \ud33d\ucc3dPTFE\uac00 \uc801\uce35\ub418\uc5b4 \uc788\uc73c\ubbc0\ub85c \uc774 \uac1c\uc2a4\ud0b7\uc758 \uc62c\ubc14\ub978 \uc124\uacc4\uc5d0 \ub300\ud574\uc11c\ub294 \uc800\ud76c\uc5d0\uac8c \ubb38\uc758\ud574 \uc8fc\uc2dc\uae30 \ubc14\ub78d\ub2c8\ub2e4.[:]","og_url":"https:\/\/mog.com.vn\/product\/maxiflex-crir-108\/","og_site_name":"Mog.com.vn","article_modified_time":"2025-04-12T17:12:03+00:00","og_image":[{"width":800,"height":800,"url":"https:\/\/mog.com.vn\/wp-content\/uploads\/2025\/04\/8.-Maxiflex-CRIR-\u2013-108.jpg","type":"image\/jpeg"}],"twitter_card":"summary_large_image","schema":{"@context":"https:\/\/schema.org","@graph":[{"@type":"WebPage","@id":"https:\/\/mog.com.vn\/product\/maxiflex-crir-108\/","url":"https:\/\/mog.com.vn\/product\/maxiflex-crir-108\/","name":"Maxiflex CRIR-108 - Mog.com.vn","isPartOf":{"@id":"https:\/\/mog.com.vn\/#website"},"primaryImageOfPage":{"@id":"https:\/\/mog.com.vn\/product\/maxiflex-crir-108\/#primaryimage"},"image":{"@id":"https:\/\/mog.com.vn\/product\/maxiflex-crir-108\/#primaryimage"},"thumbnailUrl":"https:\/\/mog.com.vn\/wp-content\/uploads\/2025\/04\/8.-Maxiflex-CRIR-\u2013-108.jpg","datePublished":"2025-04-12T17:11:58+00:00","dateModified":"2025-04-12T17:12:03+00:00","breadcrumb":{"@id":"https:\/\/mog.com.vn\/product\/maxiflex-crir-108\/#breadcrumb"},"inLanguage":"vi","potentialAction":[{"@type":"ReadAction","target":["https:\/\/mog.com.vn\/product\/maxiflex-crir-108\/"]}]},{"@type":"ImageObject","inLanguage":"vi","@id":"https:\/\/mog.com.vn\/product\/maxiflex-crir-108\/#primaryimage","url":"https:\/\/mog.com.vn\/wp-content\/uploads\/2025\/04\/8.-Maxiflex-CRIR-\u2013-108.jpg","contentUrl":"https:\/\/mog.com.vn\/wp-content\/uploads\/2025\/04\/8.-Maxiflex-CRIR-\u2013-108.jpg","width":800,"height":800},{"@type":"BreadcrumbList","@id":"https:\/\/mog.com.vn\/product\/maxiflex-crir-108\/#breadcrumb","itemListElement":[{"@type":"ListItem","position":1,"name":"Home","item":"https:\/\/mog.com.vn\/"},{"@type":"ListItem","position":2,"name":"Shop","item":"https:\/\/mog.com.vn\/shop\/"},{"@type":"ListItem","position":3,"name":"Maxiflex CRIR-108"}]},{"@type":"WebSite","@id":"https:\/\/mog.com.vn\/#website","url":"https:\/\/mog.com.vn\/","name":"Mog.com.vn","description":"FLOW Control Solutions","publisher":{"@id":"https:\/\/mog.com.vn\/#organization"},"potentialAction":[{"@type":"SearchAction","target":{"@type":"EntryPoint","urlTemplate":"https:\/\/mog.com.vn\/?s={search_term_string}"},"query-input":{"@type":"PropertyValueSpecification","valueRequired":true,"valueName":"search_term_string"}}],"inLanguage":"vi"},{"@type":"Organization","@id":"https:\/\/mog.com.vn\/#organization","name":"Mog.com.vn","url":"https:\/\/mog.com.vn\/","logo":{"@type":"ImageObject","inLanguage":"vi","@id":"https:\/\/mog.com.vn\/#\/schema\/logo\/image\/","url":"https:\/\/mog.com.vn\/wp-content\/uploads\/2025\/10\/Logo-MOG.jpg","contentUrl":"https:\/\/mog.com.vn\/wp-content\/uploads\/2025\/10\/Logo-MOG.jpg","width":755,"height":230,"caption":"Mog.com.vn"},"image":{"@id":"https:\/\/mog.com.vn\/#\/schema\/logo\/image\/"},"description":"Gi\u1ea3i ph\u00e1p C\u01a1 kh\u00ed ch\u00ednh x\u00e1c & Van c\u00f4ng nghi\u1ec7p to\u00e0n di\u1ec7n cho doanh nghi\u1ec7p c\u1ee7a b\u1ea1n.","email":"giacongcokhimog@gmail.com","telephone":"090 311 4883"}]}},"_links":{"self":[{"href":"https:\/\/mog.com.vn\/vi\/wp-json\/wp\/v2\/product\/674","targetHints":{"allow":["GET"]}}],"collection":[{"href":"https:\/\/mog.com.vn\/vi\/wp-json\/wp\/v2\/product"}],"about":[{"href":"https:\/\/mog.com.vn\/vi\/wp-json\/wp\/v2\/types\/product"}],"replies":[{"embeddable":true,"href":"https:\/\/mog.com.vn\/vi\/wp-json\/wp\/v2\/comments?post=674"}],"wp:featuredmedia":[{"embeddable":true,"href":"https:\/\/mog.com.vn\/vi\/wp-json\/wp\/v2\/media\/675"}],"wp:attachment":[{"href":"https:\/\/mog.com.vn\/vi\/wp-json\/wp\/v2\/media?parent=674"}],"wp:term":[{"taxonomy":"product_brand","embeddable":true,"href":"https:\/\/mog.com.vn\/vi\/wp-json\/wp\/v2\/product_brand?post=674"},{"taxonomy":"product_cat","embeddable":true,"href":"https:\/\/mog.com.vn\/vi\/wp-json\/wp\/v2\/product_cat?post=674"},{"taxonomy":"product_tag","embeddable":true,"href":"https:\/\/mog.com.vn\/vi\/wp-json\/wp\/v2\/product_tag?post=674"}],"curies":[{"name":"wp","href":"https:\/\/api.w.org\/{rel}","templated":true}]}}