{"id":680,"date":"2025-04-12T17:11:58","date_gmt":"2025-04-12T17:11:58","guid":{"rendered":"https:\/\/mog.com.vn\/renew\/product\/style-k25\/"},"modified":"2025-04-12T18:28:20","modified_gmt":"2025-04-12T18:28:20","slug":"style-k25","status":"publish","type":"product","link":"https:\/\/mog.com.vn\/vi\/product\/style-k25\/","title":{"rendered":"Style K25"},"content":{"rendered":"<strong>Kh\u1ea3 n\u0103ng ph\u1ee5c v\u1ee5<\/strong><\/p>\n<p>Nhi\u1ec7t \u0111\u1ed9 C: -100 \u0111\u1ebfn 260<\/p>\n<p>Kh\u1ea3 n\u0103ng pH: 2 \u2013 12<\/p>\n<p>\u00c1p su\u1ea5t quay t\u1ed1i \u0111a: 30 bar<\/p>\n<p>\u00c1p su\u1ea5t t\u0129nh t\u1ed1i \u0111a: 200 bar<\/p>\n<p>T\u1ed1c \u0111\u1ed9 quay t\u1ed1i \u0111a: 15 m\/gi\u00e2y<\/p>\n<p>\u00c1p su\u1ea5t qua l\u1ea1i t\u1ed1i \u0111a: 100 bar<\/p>\n<p>T\u1ed1c \u0111\u1ed9 qua l\u1ea1i t\u1ed1i \u0111a: 2 m\/gi\u00e2y","protected":false},"excerpt":{"rendered":"<p><strong>V\u1eadt li\u1ec7u<\/strong><\/p>\n<p>S\u1ee3i aramid v\u00e0 b\u00f4i tr\u01a1n PTFE<\/p>\n<p><strong>\u1ee8ng d\u1ee5ng<\/strong><\/p>\n<p>Th\u00edch h\u1ee3p cho nhi\u1ec1u lo\u1ea1i h\u00f3a ch\u1ea5t v\u00e0 \u1ee9ng d\u1ee5ng b\u00f9n \u0111\u1eb7c. Tuy\u1ec7t v\u1eddi khi d\u00f9ng l\u00e0m v\u1eadt li\u1ec7u \u0111\u1ea5u b\u00f2 v\u00e0 k\u1ebft h\u1ee3p v\u1edbi c\u00e1c s\u1ee3i kh\u00e1c. \u0110\u1ea3m b\u1ea3o r\u1eb1ng v\u1eadt li\u1ec7u \u0111\u1ec7m \u0111\u01b0\u1ee3c b\u00f4i tr\u01a1n t\u1ed1t n\u1ebfu s\u1eed d\u1ee5ng trong m\u00e1y b\u01a1m t\u1ed1c \u0111\u1ed9 trung b\u00ecnh v\u00e0 cao do \u0111\u1eb7c t\u00ednh ch\u1ed1ng m\u00e0i m\u00f2n c\u1ee7a n\u00f3.<\/p>\n","protected":false},"featured_media":681,"comment_status":"closed","ping_status":"open","template":"","meta":[],"product_brand":[],"product_cat":[23,114,35],"product_tag":[],"class_list":{"0":"post-680","1":"product","2":"type-product","3":"status-publish","4":"has-post-thumbnail","6":"product_cat-gaskets-flexible-joints-flanges","7":"product_cat-klingercompression-packing","8":"product_cat-supply","10":"first","11":"instock","12":"product-type-simple"},"yoast_head":"<!-- This site is optimized with the Yoast SEO Premium plugin v25.9 (Yoast SEO v25.9) - https:\/\/yoast.com\/wordpress\/plugins\/seo\/ -->\n<title>Style K25 - Mog.com.vn<\/title>\n<meta name=\"robots\" content=\"index, follow, max-snippet:-1, max-image-preview:large, max-video-preview:-1\" \/>\n<link rel=\"canonical\" href=\"https:\/\/mog.com.vn\/product\/style-k25\/\" \/>\n<meta property=\"og:locale\" content=\"vi_VN\" \/>\n<meta property=\"og:type\" content=\"article\" \/>\n<meta property=\"og:title\" content=\"[:vi]Style K25[:en]Style K25[:ja]\u30bf\u30a4\u30d7 K25[:kr]\uc2a4\ud0c0\uc77c K25[:]\" \/>\n<meta property=\"og:description\" content=\"[:vi]V\u1eadt li\u1ec7u S\u1ee3i aramid v\u00e0 b\u00f4i tr\u01a1n PTFE \u1ee8ng d\u1ee5ng Th\u00edch h\u1ee3p cho nhi\u1ec1u lo\u1ea1i h\u00f3a ch\u1ea5t v\u00e0 \u1ee9ng d\u1ee5ng b\u00f9n \u0111\u1eb7c. Tuy\u1ec7t v\u1eddi khi d\u00f9ng l\u00e0m v\u1eadt li\u1ec7u \u0111\u1ea5u b\u00f2 v\u00e0 k\u1ebft h\u1ee3p v\u1edbi c\u00e1c s\u1ee3i kh\u00e1c. \u0110\u1ea3m b\u1ea3o r\u1eb1ng v\u1eadt li\u1ec7u \u0111\u1ec7m \u0111\u01b0\u1ee3c b\u00f4i tr\u01a1n t\u1ed1t n\u1ebfu s\u1eed d\u1ee5ng trong m\u00e1y b\u01a1m t\u1ed1c \u0111\u1ed9 trung b\u00ecnh v\u00e0 cao do \u0111\u1eb7c t\u00ednh ch\u1ed1ng m\u00e0i m\u00f2n c\u1ee7a n\u00f3.[:en]Material Aramid yarn and PTFE lubrication Application Suitable for a wide range of chemicals and heavy slurry applications. Excellent as a bull ring material and in combination with other fibres. Ensure that the packing is well lubricated if used in moderate and high speed pumps due to its hard wearing properties.[:ja]\u6750\u6599 \u30a2\u30e9\u30df\u30c9\u7e4a\u7dad\u3068PTFE\u6f64\u6ed1\u5264\u3002 &nbsp; \u7528\u9014 \u5e45\u5e83\u3044\u5316\u5b66\u85ac\u54c1\u3068\u30b9\u30e9\u30ea\u30fc\u7528\u9014\u306b\u9069\u3057\u3066\u304a\u308a\u3001\u7279\u306b\u30bf\u30fc\u30cb\u30f3\u30b0\u6750\u6599\u3084\u4ed6\u306e\u7e4a\u7dad\u3068\u306e\u7d44\u307f\u5408\u308f\u305b\u306b\u6700\u9069\u3067\u3059\u3002\u4e2d\u901f\u304a\u3088\u3073\u9ad8\u901f\u30dd\u30f3\u30d7\u3067\u4f7f\u7528\u3059\u308b\u5834\u5408\u306f\u3001\u6469\u8017\u9632\u6b62\u7279\u6027\u306b\u3088\u308a\u6f64\u6ed1\u5264\u3092\u5341\u5206\u306b\u884c\u304d\u6e21\u3089\u305b\u308b\u3053\u3068\u304c\u91cd\u8981\u3067\u3059\u3002[:kr]\uc7ac\ub8cc \uc544\ub77c\ubbf8\ub4dc\uc0ac\uc640 PTFE \uc724\ud65c \uc791\uc6a9 \ubd84\uc57c \uad11\ubc94\uc704\ud55c \ud654\ud559\ubb3c\uc9c8 \ubc0f \ubb34\uac70\uc6b4 \uc2ac\ub7ec\ub9ac \uc751\uc6a9 \ubd84\uc57c\uc5d0 \uc801\ud569\ud569\ub2c8\ub2e4. \ud22c\uc6b0\ub9c1 \uc18c\uc7ac\ub85c\uc11c \ud0c1\uc6d4\ud558\uba70 \ub2e4\ub978 \uc12c\uc720\uc640 \uacb0\ud569\ud558\uc5ec \uc0ac\uc6a9\ub429\ub2c8\ub2e4. \ud328\ud0b9\uc758 \ub9c8\ubaa8\uac00 \uc2ec\ud558\ubbc0\ub85c \uc911\uc18d \ubc0f \uace0\uc18d \ud38c\ud504\uc5d0 \uc0ac\uc6a9\ud558\ub294 \uacbd\uc6b0 \ud328\ud0b9\uc5d0 \uc724\ud65c\uc720\uac00 \uc798 \ub3c4\ud3ec\ub418\uc5b4 \uc788\ub294\uc9c0 \ud655\uc778\ud558\uc2ed\uc2dc\uc624.[:]\" \/>\n<meta property=\"og:url\" content=\"https:\/\/mog.com.vn\/product\/style-k25\/\" \/>\n<meta property=\"og:site_name\" content=\"Mog.com.vn\" \/>\n<meta property=\"article:modified_time\" content=\"2025-04-12T18:28:20+00:00\" \/>\n<meta property=\"og:image\" content=\"https:\/\/mog.com.vn\/wp-content\/uploads\/2025\/04\/style-k25.jpg\" \/>\n\t<meta property=\"og:image:width\" content=\"1000\" \/>\n\t<meta property=\"og:image:height\" content=\"1000\" \/>\n\t<meta property=\"og:image:type\" content=\"image\/jpeg\" \/>\n<meta name=\"twitter:card\" content=\"summary_large_image\" \/>\n<meta name=\"twitter:label1\" content=\"\u01af\u1edbc t\u00ednh th\u1eddi gian \u0111\u1ecdc\" \/>\n\t<meta name=\"twitter:data1\" content=\"1 ph\u00fat\" \/>\n<script type=\"application\/ld+json\" class=\"yoast-schema-graph\">{\"@context\":\"https:\/\/schema.org\",\"@graph\":[{\"@type\":\"WebPage\",\"@id\":\"https:\/\/mog.com.vn\/product\/style-k25\/\",\"url\":\"https:\/\/mog.com.vn\/product\/style-k25\/\",\"name\":\"[:vi]Style K25[:en]Style K25[:ja]\u30bf\u30a4\u30d7 K25[:kr]\uc2a4\ud0c0\uc77c K25[:] - Mog.com.vn\",\"isPartOf\":{\"@id\":\"https:\/\/mog.com.vn\/#website\"},\"primaryImageOfPage\":{\"@id\":\"https:\/\/mog.com.vn\/product\/style-k25\/#primaryimage\"},\"image\":{\"@id\":\"https:\/\/mog.com.vn\/product\/style-k25\/#primaryimage\"},\"thumbnailUrl\":\"https:\/\/mog.com.vn\/wp-content\/uploads\/2025\/04\/style-k25.jpg\",\"datePublished\":\"2025-04-12T17:11:58+00:00\",\"dateModified\":\"2025-04-12T18:28:20+00:00\",\"breadcrumb\":{\"@id\":\"https:\/\/mog.com.vn\/product\/style-k25\/#breadcrumb\"},\"inLanguage\":\"vi\",\"potentialAction\":[{\"@type\":\"ReadAction\",\"target\":[\"https:\/\/mog.com.vn\/product\/style-k25\/\"]}]},{\"@type\":\"ImageObject\",\"inLanguage\":\"vi\",\"@id\":\"https:\/\/mog.com.vn\/product\/style-k25\/#primaryimage\",\"url\":\"https:\/\/mog.com.vn\/wp-content\/uploads\/2025\/04\/style-k25.jpg\",\"contentUrl\":\"https:\/\/mog.com.vn\/wp-content\/uploads\/2025\/04\/style-k25.jpg\",\"width\":1000,\"height\":1000},{\"@type\":\"BreadcrumbList\",\"@id\":\"https:\/\/mog.com.vn\/product\/style-k25\/#breadcrumb\",\"itemListElement\":[{\"@type\":\"ListItem\",\"position\":1,\"name\":\"Home\",\"item\":\"https:\/\/mog.com.vn\/\"},{\"@type\":\"ListItem\",\"position\":2,\"name\":\"Shop\",\"item\":\"https:\/\/mog.com.vn\/shop\/\"},{\"@type\":\"ListItem\",\"position\":3,\"name\":\"Style K25\"}]},{\"@type\":\"WebSite\",\"@id\":\"https:\/\/mog.com.vn\/#website\",\"url\":\"https:\/\/mog.com.vn\/\",\"name\":\"Mog.com.vn\",\"description\":\"FLOW Control Solutions\",\"publisher\":{\"@id\":\"https:\/\/mog.com.vn\/#organization\"},\"potentialAction\":[{\"@type\":\"SearchAction\",\"target\":{\"@type\":\"EntryPoint\",\"urlTemplate\":\"https:\/\/mog.com.vn\/?s={search_term_string}\"},\"query-input\":{\"@type\":\"PropertyValueSpecification\",\"valueRequired\":true,\"valueName\":\"search_term_string\"}}],\"inLanguage\":\"vi\"},{\"@type\":\"Organization\",\"@id\":\"https:\/\/mog.com.vn\/#organization\",\"name\":\"Mog.com.vn\",\"url\":\"https:\/\/mog.com.vn\/\",\"logo\":{\"@type\":\"ImageObject\",\"inLanguage\":\"vi\",\"@id\":\"https:\/\/mog.com.vn\/#\/schema\/logo\/image\/\",\"url\":\"https:\/\/mog.com.vn\/wp-content\/uploads\/2025\/10\/Logo-MOG.jpg\",\"contentUrl\":\"https:\/\/mog.com.vn\/wp-content\/uploads\/2025\/10\/Logo-MOG.jpg\",\"width\":755,\"height\":230,\"caption\":\"Mog.com.vn\"},\"image\":{\"@id\":\"https:\/\/mog.com.vn\/#\/schema\/logo\/image\/\"},\"description\":\"Gi\u1ea3i ph\u00e1p C\u01a1 kh\u00ed ch\u00ednh x\u00e1c & Van c\u00f4ng nghi\u1ec7p to\u00e0n di\u1ec7n cho doanh nghi\u1ec7p c\u1ee7a b\u1ea1n.\",\"email\":\"giacongcokhimog@gmail.com\",\"telephone\":\"090 311 4883\"}]}<\/script>\n<!-- \/ Yoast SEO Premium plugin. -->","yoast_head_json":{"title":"[:vi]Style K25[:en]Style K25[:ja]\u30bf\u30a4\u30d7 K25[:kr]\uc2a4\ud0c0\uc77c K25[:] - Mog.com.vn","robots":{"index":"index","follow":"follow","max-snippet":"max-snippet:-1","max-image-preview":"max-image-preview:large","max-video-preview":"max-video-preview:-1"},"canonical":"https:\/\/mog.com.vn\/product\/style-k25\/","og_locale":"vi_VN","og_type":"article","og_title":"[:vi]Style K25[:en]Style K25[:ja]\u30bf\u30a4\u30d7 K25[:kr]\uc2a4\ud0c0\uc77c K25[:]","og_description":"[:vi]V\u1eadt li\u1ec7u S\u1ee3i aramid v\u00e0 b\u00f4i tr\u01a1n PTFE \u1ee8ng d\u1ee5ng Th\u00edch h\u1ee3p cho nhi\u1ec1u lo\u1ea1i h\u00f3a ch\u1ea5t v\u00e0 \u1ee9ng d\u1ee5ng b\u00f9n \u0111\u1eb7c. Tuy\u1ec7t v\u1eddi khi d\u00f9ng l\u00e0m v\u1eadt li\u1ec7u \u0111\u1ea5u b\u00f2 v\u00e0 k\u1ebft h\u1ee3p v\u1edbi c\u00e1c s\u1ee3i kh\u00e1c. \u0110\u1ea3m b\u1ea3o r\u1eb1ng v\u1eadt li\u1ec7u \u0111\u1ec7m \u0111\u01b0\u1ee3c b\u00f4i tr\u01a1n t\u1ed1t n\u1ebfu s\u1eed d\u1ee5ng trong m\u00e1y b\u01a1m t\u1ed1c \u0111\u1ed9 trung b\u00ecnh v\u00e0 cao do \u0111\u1eb7c t\u00ednh ch\u1ed1ng m\u00e0i m\u00f2n c\u1ee7a n\u00f3.[:en]Material Aramid yarn and PTFE lubrication Application Suitable for a wide range of chemicals and heavy slurry applications. Excellent as a bull ring material and in combination with other fibres. Ensure that the packing is well lubricated if used in moderate and high speed pumps due to its hard wearing properties.[:ja]\u6750\u6599 \u30a2\u30e9\u30df\u30c9\u7e4a\u7dad\u3068PTFE\u6f64\u6ed1\u5264\u3002 &nbsp; \u7528\u9014 \u5e45\u5e83\u3044\u5316\u5b66\u85ac\u54c1\u3068\u30b9\u30e9\u30ea\u30fc\u7528\u9014\u306b\u9069\u3057\u3066\u304a\u308a\u3001\u7279\u306b\u30bf\u30fc\u30cb\u30f3\u30b0\u6750\u6599\u3084\u4ed6\u306e\u7e4a\u7dad\u3068\u306e\u7d44\u307f\u5408\u308f\u305b\u306b\u6700\u9069\u3067\u3059\u3002\u4e2d\u901f\u304a\u3088\u3073\u9ad8\u901f\u30dd\u30f3\u30d7\u3067\u4f7f\u7528\u3059\u308b\u5834\u5408\u306f\u3001\u6469\u8017\u9632\u6b62\u7279\u6027\u306b\u3088\u308a\u6f64\u6ed1\u5264\u3092\u5341\u5206\u306b\u884c\u304d\u6e21\u3089\u305b\u308b\u3053\u3068\u304c\u91cd\u8981\u3067\u3059\u3002[:kr]\uc7ac\ub8cc \uc544\ub77c\ubbf8\ub4dc\uc0ac\uc640 PTFE \uc724\ud65c \uc791\uc6a9 \ubd84\uc57c \uad11\ubc94\uc704\ud55c \ud654\ud559\ubb3c\uc9c8 \ubc0f \ubb34\uac70\uc6b4 \uc2ac\ub7ec\ub9ac \uc751\uc6a9 \ubd84\uc57c\uc5d0 \uc801\ud569\ud569\ub2c8\ub2e4. \ud22c\uc6b0\ub9c1 \uc18c\uc7ac\ub85c\uc11c \ud0c1\uc6d4\ud558\uba70 \ub2e4\ub978 \uc12c\uc720\uc640 \uacb0\ud569\ud558\uc5ec \uc0ac\uc6a9\ub429\ub2c8\ub2e4. \ud328\ud0b9\uc758 \ub9c8\ubaa8\uac00 \uc2ec\ud558\ubbc0\ub85c \uc911\uc18d \ubc0f \uace0\uc18d \ud38c\ud504\uc5d0 \uc0ac\uc6a9\ud558\ub294 \uacbd\uc6b0 \ud328\ud0b9\uc5d0 \uc724\ud65c\uc720\uac00 \uc798 \ub3c4\ud3ec\ub418\uc5b4 \uc788\ub294\uc9c0 \ud655\uc778\ud558\uc2ed\uc2dc\uc624.[:]","og_url":"https:\/\/mog.com.vn\/product\/style-k25\/","og_site_name":"Mog.com.vn","article_modified_time":"2025-04-12T18:28:20+00:00","og_image":[{"width":1000,"height":1000,"url":"https:\/\/mog.com.vn\/wp-content\/uploads\/2025\/04\/style-k25.jpg","type":"image\/jpeg"}],"twitter_card":"summary_large_image","twitter_misc":{"\u01af\u1edbc t\u00ednh th\u1eddi gian \u0111\u1ecdc":"1 ph\u00fat"},"schema":{"@context":"https:\/\/schema.org","@graph":[{"@type":"WebPage","@id":"https:\/\/mog.com.vn\/product\/style-k25\/","url":"https:\/\/mog.com.vn\/product\/style-k25\/","name":"[:vi]Style K25[:en]Style K25[:ja]\u30bf\u30a4\u30d7 K25[:kr]\uc2a4\ud0c0\uc77c K25[:] - Mog.com.vn","isPartOf":{"@id":"https:\/\/mog.com.vn\/#website"},"primaryImageOfPage":{"@id":"https:\/\/mog.com.vn\/product\/style-k25\/#primaryimage"},"image":{"@id":"https:\/\/mog.com.vn\/product\/style-k25\/#primaryimage"},"thumbnailUrl":"https:\/\/mog.com.vn\/wp-content\/uploads\/2025\/04\/style-k25.jpg","datePublished":"2025-04-12T17:11:58+00:00","dateModified":"2025-04-12T18:28:20+00:00","breadcrumb":{"@id":"https:\/\/mog.com.vn\/product\/style-k25\/#breadcrumb"},"inLanguage":"vi","potentialAction":[{"@type":"ReadAction","target":["https:\/\/mog.com.vn\/product\/style-k25\/"]}]},{"@type":"ImageObject","inLanguage":"vi","@id":"https:\/\/mog.com.vn\/product\/style-k25\/#primaryimage","url":"https:\/\/mog.com.vn\/wp-content\/uploads\/2025\/04\/style-k25.jpg","contentUrl":"https:\/\/mog.com.vn\/wp-content\/uploads\/2025\/04\/style-k25.jpg","width":1000,"height":1000},{"@type":"BreadcrumbList","@id":"https:\/\/mog.com.vn\/product\/style-k25\/#breadcrumb","itemListElement":[{"@type":"ListItem","position":1,"name":"Home","item":"https:\/\/mog.com.vn\/"},{"@type":"ListItem","position":2,"name":"Shop","item":"https:\/\/mog.com.vn\/shop\/"},{"@type":"ListItem","position":3,"name":"Style K25"}]},{"@type":"WebSite","@id":"https:\/\/mog.com.vn\/#website","url":"https:\/\/mog.com.vn\/","name":"Mog.com.vn","description":"FLOW Control Solutions","publisher":{"@id":"https:\/\/mog.com.vn\/#organization"},"potentialAction":[{"@type":"SearchAction","target":{"@type":"EntryPoint","urlTemplate":"https:\/\/mog.com.vn\/?s={search_term_string}"},"query-input":{"@type":"PropertyValueSpecification","valueRequired":true,"valueName":"search_term_string"}}],"inLanguage":"vi"},{"@type":"Organization","@id":"https:\/\/mog.com.vn\/#organization","name":"Mog.com.vn","url":"https:\/\/mog.com.vn\/","logo":{"@type":"ImageObject","inLanguage":"vi","@id":"https:\/\/mog.com.vn\/#\/schema\/logo\/image\/","url":"https:\/\/mog.com.vn\/wp-content\/uploads\/2025\/10\/Logo-MOG.jpg","contentUrl":"https:\/\/mog.com.vn\/wp-content\/uploads\/2025\/10\/Logo-MOG.jpg","width":755,"height":230,"caption":"Mog.com.vn"},"image":{"@id":"https:\/\/mog.com.vn\/#\/schema\/logo\/image\/"},"description":"Gi\u1ea3i ph\u00e1p C\u01a1 kh\u00ed ch\u00ednh x\u00e1c & Van c\u00f4ng nghi\u1ec7p to\u00e0n di\u1ec7n cho doanh nghi\u1ec7p c\u1ee7a b\u1ea1n.","email":"giacongcokhimog@gmail.com","telephone":"090 311 4883"}]}},"_links":{"self":[{"href":"https:\/\/mog.com.vn\/vi\/wp-json\/wp\/v2\/product\/680","targetHints":{"allow":["GET"]}}],"collection":[{"href":"https:\/\/mog.com.vn\/vi\/wp-json\/wp\/v2\/product"}],"about":[{"href":"https:\/\/mog.com.vn\/vi\/wp-json\/wp\/v2\/types\/product"}],"replies":[{"embeddable":true,"href":"https:\/\/mog.com.vn\/vi\/wp-json\/wp\/v2\/comments?post=680"}],"wp:featuredmedia":[{"embeddable":true,"href":"https:\/\/mog.com.vn\/vi\/wp-json\/wp\/v2\/media\/681"}],"wp:attachment":[{"href":"https:\/\/mog.com.vn\/vi\/wp-json\/wp\/v2\/media?parent=680"}],"wp:term":[{"taxonomy":"product_brand","embeddable":true,"href":"https:\/\/mog.com.vn\/vi\/wp-json\/wp\/v2\/product_brand?post=680"},{"taxonomy":"product_cat","embeddable":true,"href":"https:\/\/mog.com.vn\/vi\/wp-json\/wp\/v2\/product_cat?post=680"},{"taxonomy":"product_tag","embeddable":true,"href":"https:\/\/mog.com.vn\/vi\/wp-json\/wp\/v2\/product_tag?post=680"}],"curies":[{"name":"wp","href":"https:\/\/api.w.org\/{rel}","templated":true}]}}