{"id":686,"date":"2025-04-12T17:12:15","date_gmt":"2025-04-12T17:12:15","guid":{"rendered":"https:\/\/mog.com.vn\/renew\/product\/style-k55\/"},"modified":"2025-04-12T18:27:18","modified_gmt":"2025-04-12T18:27:18","slug":"style-k55","status":"publish","type":"product","link":"https:\/\/mog.com.vn\/vi\/product\/style-k55\/","title":{"rendered":"Style K55"},"content":{"rendered":"<strong>Kh\u1ea3 n\u0103ng ph\u1ee5c v\u1ee5<\/strong><\/p>\n<p>Nhi\u1ec7t \u0111\u1ed9 \u0111\u1ed9 C: -200 \u0111\u1ebfn 280<\/p>\n<p>Kh\u1ea3 n\u0103ng pH: 0 \u2013 14<\/p>\n<p>\u00c1p su\u1ea5t quay t\u1ed1i \u0111a: 30 bar<\/p>\n<p>\u00c1p su\u1ea5t t\u0129nh t\u1ed1i \u0111a: 200 bar<\/p>\n<p>T\u1ed1c \u0111\u1ed9 quay t\u1ed1i \u0111a: 20m\/gi\u00e2y<\/p>\n<p>\u00c1p su\u1ea5t qua l\u1ea1i t\u1ed1i \u0111a: 100 bar<\/p>\n<p>T\u1ed1c \u0111\u1ed9 qua l\u1ea1i t\u1ed1i \u0111a: 3 m\/gi\u00e2y<\/p>\n<p>&nbsp;","protected":false},"excerpt":{"rendered":"<p><strong>V\u1eadt li\u1ec7u<\/strong><\/p>\n<p>S\u1ee3i PTFE b\u1ecdc than ch\u00ec<\/p>\n<p><strong>\u1ee8ng d\u1ee5ng<\/strong><\/p>\n<p>C\u00f3 th\u1ec3 s\u1eed d\u1ee5ng trong h\u1ea7u h\u1ebft m\u1ecdi m\u00f4i tr\u01b0\u1eddng bao g\u1ed3m c\u1ea3 axit m\u1ea1nh v\u00e0 ki\u1ec1m. K55 c\u00f3 \u0111\u1eb7c t\u00ednh t\u1ea3n nhi\u1ec7t r\u1ea5t t\u1ed1t v\u00e0 d\u1ec5 d\u00e0ng tr\u00ean \u1ed1ng l\u00f3t v\u00e0 tr\u1ee5c. R\u1ea5t t\u1ed1t trong b\u00f9n nh\u1eb9 v\u00e0 tr\u00ean m\u00e1y b\u01a1m c\u1ea5p li\u1ec7u<\/p>\n","protected":false},"featured_media":687,"comment_status":"closed","ping_status":"open","template":"","meta":[],"product_brand":[],"product_cat":[23,114,35],"product_tag":[],"class_list":{"0":"post-686","1":"product","2":"type-product","3":"status-publish","4":"has-post-thumbnail","6":"product_cat-gaskets-flexible-joints-flanges","7":"product_cat-klingercompression-packing","8":"product_cat-supply","10":"first","11":"instock","12":"product-type-simple"},"yoast_head":"<!-- This site is optimized with the Yoast SEO Premium plugin v25.9 (Yoast SEO v25.9) - https:\/\/yoast.com\/wordpress\/plugins\/seo\/ -->\n<title>Style K55 - Mog.com.vn<\/title>\n<meta name=\"robots\" content=\"index, follow, max-snippet:-1, max-image-preview:large, max-video-preview:-1\" \/>\n<link rel=\"canonical\" href=\"https:\/\/mog.com.vn\/vi\/product\/style-k55\/\" \/>\n<meta property=\"og:locale\" content=\"vi_VN\" \/>\n<meta property=\"og:type\" content=\"article\" \/>\n<meta property=\"og:title\" content=\"[:vi]Style K55[:en]Style K55[:ja]\u30bf\u30a4\u30d7 K55[:kr]\uc2a4\ud0c0\uc77c K55[:]\" \/>\n<meta property=\"og:description\" content=\"[:vi]V\u1eadt li\u1ec7u S\u1ee3i PTFE b\u1ecdc than ch\u00ec \u1ee8ng d\u1ee5ng C\u00f3 th\u1ec3 s\u1eed d\u1ee5ng trong h\u1ea7u h\u1ebft m\u1ecdi m\u00f4i tr\u01b0\u1eddng bao g\u1ed3m c\u1ea3 axit m\u1ea1nh v\u00e0 ki\u1ec1m. K55 c\u00f3 \u0111\u1eb7c t\u00ednh t\u1ea3n nhi\u1ec7t r\u1ea5t t\u1ed1t v\u00e0 d\u1ec5 d\u00e0ng tr\u00ean \u1ed1ng l\u00f3t v\u00e0 tr\u1ee5c. R\u1ea5t t\u1ed1t trong b\u00f9n nh\u1eb9 v\u00e0 tr\u00ean m\u00e1y b\u01a1m c\u1ea5p li\u1ec7u[:en]Material Graphite encapsulated PTFE yarn Application Can be used in virtually all media including strong acids and alkalis. K55 has very good heat dissipating properties and is easy on sleeves and shafts. Very good in mild slurries and on feed pumps[:ja]\u6750\u6599 \u30b0\u30e9\u30d5\u30a1\u30a4\u30c8\u30b3\u30fc\u30c6\u30a3\u30f3\u30b0\u3055\u308c\u305f PTFE \u7e4a\u7dad &nbsp; \u7528\u9014 \u5f37\u9178\u304a\u3088\u3073\u5f37\u30a2\u30eb\u30ab\u30ea\u3092\u542b\u3080\u307b\u3068\u3093\u3069\u306e\u74b0\u5883\u3067\u4f7f\u7528\u53ef\u80fd\u3067\u3059\u3002K55 \u306f\u975e\u5e38\u306b\u512a\u308c\u305f\u71b1\u62e1\u6563\u7279\u6027\u3092\u6301\u3061\u3001\u30d6\u30c3\u30b7\u30f3\u30b0\u3084\u30b7\u30e3\u30d5\u30c8\u306b\u5bfe\u3057\u3066\u512a\u3057\u304f\u4f5c\u7528\u3057\u307e\u3059\u3002\u8efd\u5ea6\u306e\u30b9\u30e9\u30ea\u30fc\u3084\u30d5\u30a3\u30fc\u30c9\u30dd\u30f3\u30d7\u3067\u975e\u5e38\u306b\u512a\u308c\u3066\u3044\u307e\u3059\u3002[:kr]\uc7ac\ub8cc \ud751\uc5f0 \ucea1\uc290\ud654 PTFE \uc6d0\uc0ac \uc560\ud50c\ub9ac\ucf00\uc774\uc158 \uac15\uc0b0 \ubc0f \uc54c\uce7c\ub9ac\ub97c \ud3ec\ud568\ud55c \uac70\uc758 \ubaa8\ub4e0 \ub9e4\uccb4\uc5d0 \uc0ac\uc6a9\ud560 \uc218 \uc788\uc2b5\ub2c8\ub2e4. K55\ub294 \ubc29\uc5f4 \ud2b9\uc131\uc774 \ub9e4\uc6b0 \uc6b0\uc218\ud558\uba70 \uc2ac\ub9ac\ube0c\uc640 \uc0e4\ud504\ud2b8\uc5d0 \uc801\uc6a9\ud558\uae30 \uc27d\uc2b5\ub2c8\ub2e4. \uc21c\ud55c \uc2ac\ub7ec\ub9ac\uc640 \uacf5\uae09 \ud38c\ud504\uc5d0 \ub9e4\uc6b0 \uc88b\uc2b5\ub2c8\ub2e4[:]\" \/>\n<meta property=\"og:url\" content=\"https:\/\/mog.com.vn\/vi\/product\/style-k55\/\" \/>\n<meta property=\"og:site_name\" content=\"Mog.com.vn\" \/>\n<meta property=\"article:modified_time\" content=\"2025-04-12T18:27:18+00:00\" \/>\n<meta property=\"og:image\" content=\"https:\/\/mog.com.vn\/wp-content\/uploads\/2025\/04\/style-k55.jpg\" \/>\n\t<meta property=\"og:image:width\" content=\"1000\" \/>\n\t<meta property=\"og:image:height\" content=\"1000\" \/>\n\t<meta property=\"og:image:type\" content=\"image\/jpeg\" \/>\n<meta name=\"twitter:card\" content=\"summary_large_image\" \/>\n<meta name=\"twitter:label1\" content=\"\u01af\u1edbc t\u00ednh th\u1eddi gian \u0111\u1ecdc\" \/>\n\t<meta name=\"twitter:data1\" content=\"1 ph\u00fat\" \/>\n<script type=\"application\/ld+json\" class=\"yoast-schema-graph\">{\"@context\":\"https:\/\/schema.org\",\"@graph\":[{\"@type\":\"WebPage\",\"@id\":\"https:\/\/mog.com.vn\/vi\/product\/style-k55\/\",\"url\":\"https:\/\/mog.com.vn\/vi\/product\/style-k55\/\",\"name\":\"[:vi]Style K55[:en]Style K55[:ja]\u30bf\u30a4\u30d7 K55[:kr]\uc2a4\ud0c0\uc77c K55[:] - Mog.com.vn\",\"isPartOf\":{\"@id\":\"https:\/\/mog.com.vn\/#website\"},\"primaryImageOfPage\":{\"@id\":\"https:\/\/mog.com.vn\/vi\/product\/style-k55\/#primaryimage\"},\"image\":{\"@id\":\"https:\/\/mog.com.vn\/vi\/product\/style-k55\/#primaryimage\"},\"thumbnailUrl\":\"https:\/\/mog.com.vn\/wp-content\/uploads\/2025\/04\/style-k55.jpg\",\"datePublished\":\"2025-04-12T17:12:15+00:00\",\"dateModified\":\"2025-04-12T18:27:18+00:00\",\"breadcrumb\":{\"@id\":\"https:\/\/mog.com.vn\/vi\/product\/style-k55\/#breadcrumb\"},\"inLanguage\":\"vi\",\"potentialAction\":[{\"@type\":\"ReadAction\",\"target\":[\"https:\/\/mog.com.vn\/vi\/product\/style-k55\/\"]}]},{\"@type\":\"ImageObject\",\"inLanguage\":\"vi\",\"@id\":\"https:\/\/mog.com.vn\/vi\/product\/style-k55\/#primaryimage\",\"url\":\"https:\/\/mog.com.vn\/wp-content\/uploads\/2025\/04\/style-k55.jpg\",\"contentUrl\":\"https:\/\/mog.com.vn\/wp-content\/uploads\/2025\/04\/style-k55.jpg\",\"width\":1000,\"height\":1000},{\"@type\":\"BreadcrumbList\",\"@id\":\"https:\/\/mog.com.vn\/vi\/product\/style-k55\/#breadcrumb\",\"itemListElement\":[{\"@type\":\"ListItem\",\"position\":1,\"name\":\"Home\",\"item\":\"https:\/\/mog.com.vn\/\"},{\"@type\":\"ListItem\",\"position\":2,\"name\":\"Shop\",\"item\":\"https:\/\/mog.com.vn\/shop\/\"},{\"@type\":\"ListItem\",\"position\":3,\"name\":\"Style K55\"}]},{\"@type\":\"WebSite\",\"@id\":\"https:\/\/mog.com.vn\/#website\",\"url\":\"https:\/\/mog.com.vn\/\",\"name\":\"Mog.com.vn\",\"description\":\"FLOW Control Solutions\",\"publisher\":{\"@id\":\"https:\/\/mog.com.vn\/#organization\"},\"potentialAction\":[{\"@type\":\"SearchAction\",\"target\":{\"@type\":\"EntryPoint\",\"urlTemplate\":\"https:\/\/mog.com.vn\/?s={search_term_string}\"},\"query-input\":{\"@type\":\"PropertyValueSpecification\",\"valueRequired\":true,\"valueName\":\"search_term_string\"}}],\"inLanguage\":\"vi\"},{\"@type\":\"Organization\",\"@id\":\"https:\/\/mog.com.vn\/#organization\",\"name\":\"Mog.com.vn\",\"url\":\"https:\/\/mog.com.vn\/\",\"logo\":{\"@type\":\"ImageObject\",\"inLanguage\":\"vi\",\"@id\":\"https:\/\/mog.com.vn\/#\/schema\/logo\/image\/\",\"url\":\"https:\/\/mog.com.vn\/wp-content\/uploads\/2025\/10\/Logo-MOG.jpg\",\"contentUrl\":\"https:\/\/mog.com.vn\/wp-content\/uploads\/2025\/10\/Logo-MOG.jpg\",\"width\":755,\"height\":230,\"caption\":\"Mog.com.vn\"},\"image\":{\"@id\":\"https:\/\/mog.com.vn\/#\/schema\/logo\/image\/\"},\"description\":\"Gi\u1ea3i ph\u00e1p C\u01a1 kh\u00ed ch\u00ednh x\u00e1c & Van c\u00f4ng nghi\u1ec7p to\u00e0n di\u1ec7n cho doanh nghi\u1ec7p c\u1ee7a b\u1ea1n.\",\"email\":\"giacongcokhimog@gmail.com\",\"telephone\":\"090 311 4883\"}]}<\/script>\n<!-- \/ Yoast SEO Premium plugin. -->","yoast_head_json":{"title":"[:vi]Style K55[:en]Style K55[:ja]\u30bf\u30a4\u30d7 K55[:kr]\uc2a4\ud0c0\uc77c K55[:] - Mog.com.vn","robots":{"index":"index","follow":"follow","max-snippet":"max-snippet:-1","max-image-preview":"max-image-preview:large","max-video-preview":"max-video-preview:-1"},"canonical":"https:\/\/mog.com.vn\/vi\/product\/style-k55\/","og_locale":"vi_VN","og_type":"article","og_title":"[:vi]Style K55[:en]Style K55[:ja]\u30bf\u30a4\u30d7 K55[:kr]\uc2a4\ud0c0\uc77c K55[:]","og_description":"[:vi]V\u1eadt li\u1ec7u S\u1ee3i PTFE b\u1ecdc than ch\u00ec \u1ee8ng d\u1ee5ng C\u00f3 th\u1ec3 s\u1eed d\u1ee5ng trong h\u1ea7u h\u1ebft m\u1ecdi m\u00f4i tr\u01b0\u1eddng bao g\u1ed3m c\u1ea3 axit m\u1ea1nh v\u00e0 ki\u1ec1m. K55 c\u00f3 \u0111\u1eb7c t\u00ednh t\u1ea3n nhi\u1ec7t r\u1ea5t t\u1ed1t v\u00e0 d\u1ec5 d\u00e0ng tr\u00ean \u1ed1ng l\u00f3t v\u00e0 tr\u1ee5c. R\u1ea5t t\u1ed1t trong b\u00f9n nh\u1eb9 v\u00e0 tr\u00ean m\u00e1y b\u01a1m c\u1ea5p li\u1ec7u[:en]Material Graphite encapsulated PTFE yarn Application Can be used in virtually all media including strong acids and alkalis. K55 has very good heat dissipating properties and is easy on sleeves and shafts. Very good in mild slurries and on feed pumps[:ja]\u6750\u6599 \u30b0\u30e9\u30d5\u30a1\u30a4\u30c8\u30b3\u30fc\u30c6\u30a3\u30f3\u30b0\u3055\u308c\u305f PTFE \u7e4a\u7dad &nbsp; \u7528\u9014 \u5f37\u9178\u304a\u3088\u3073\u5f37\u30a2\u30eb\u30ab\u30ea\u3092\u542b\u3080\u307b\u3068\u3093\u3069\u306e\u74b0\u5883\u3067\u4f7f\u7528\u53ef\u80fd\u3067\u3059\u3002K55 \u306f\u975e\u5e38\u306b\u512a\u308c\u305f\u71b1\u62e1\u6563\u7279\u6027\u3092\u6301\u3061\u3001\u30d6\u30c3\u30b7\u30f3\u30b0\u3084\u30b7\u30e3\u30d5\u30c8\u306b\u5bfe\u3057\u3066\u512a\u3057\u304f\u4f5c\u7528\u3057\u307e\u3059\u3002\u8efd\u5ea6\u306e\u30b9\u30e9\u30ea\u30fc\u3084\u30d5\u30a3\u30fc\u30c9\u30dd\u30f3\u30d7\u3067\u975e\u5e38\u306b\u512a\u308c\u3066\u3044\u307e\u3059\u3002[:kr]\uc7ac\ub8cc \ud751\uc5f0 \ucea1\uc290\ud654 PTFE \uc6d0\uc0ac \uc560\ud50c\ub9ac\ucf00\uc774\uc158 \uac15\uc0b0 \ubc0f \uc54c\uce7c\ub9ac\ub97c \ud3ec\ud568\ud55c \uac70\uc758 \ubaa8\ub4e0 \ub9e4\uccb4\uc5d0 \uc0ac\uc6a9\ud560 \uc218 \uc788\uc2b5\ub2c8\ub2e4. K55\ub294 \ubc29\uc5f4 \ud2b9\uc131\uc774 \ub9e4\uc6b0 \uc6b0\uc218\ud558\uba70 \uc2ac\ub9ac\ube0c\uc640 \uc0e4\ud504\ud2b8\uc5d0 \uc801\uc6a9\ud558\uae30 \uc27d\uc2b5\ub2c8\ub2e4. \uc21c\ud55c \uc2ac\ub7ec\ub9ac\uc640 \uacf5\uae09 \ud38c\ud504\uc5d0 \ub9e4\uc6b0 \uc88b\uc2b5\ub2c8\ub2e4[:]","og_url":"https:\/\/mog.com.vn\/vi\/product\/style-k55\/","og_site_name":"Mog.com.vn","article_modified_time":"2025-04-12T18:27:18+00:00","og_image":[{"width":1000,"height":1000,"url":"https:\/\/mog.com.vn\/wp-content\/uploads\/2025\/04\/style-k55.jpg","type":"image\/jpeg"}],"twitter_card":"summary_large_image","twitter_misc":{"\u01af\u1edbc t\u00ednh th\u1eddi gian \u0111\u1ecdc":"1 ph\u00fat"},"schema":{"@context":"https:\/\/schema.org","@graph":[{"@type":"WebPage","@id":"https:\/\/mog.com.vn\/vi\/product\/style-k55\/","url":"https:\/\/mog.com.vn\/vi\/product\/style-k55\/","name":"[:vi]Style K55[:en]Style K55[:ja]\u30bf\u30a4\u30d7 K55[:kr]\uc2a4\ud0c0\uc77c K55[:] - Mog.com.vn","isPartOf":{"@id":"https:\/\/mog.com.vn\/#website"},"primaryImageOfPage":{"@id":"https:\/\/mog.com.vn\/vi\/product\/style-k55\/#primaryimage"},"image":{"@id":"https:\/\/mog.com.vn\/vi\/product\/style-k55\/#primaryimage"},"thumbnailUrl":"https:\/\/mog.com.vn\/wp-content\/uploads\/2025\/04\/style-k55.jpg","datePublished":"2025-04-12T17:12:15+00:00","dateModified":"2025-04-12T18:27:18+00:00","breadcrumb":{"@id":"https:\/\/mog.com.vn\/vi\/product\/style-k55\/#breadcrumb"},"inLanguage":"vi","potentialAction":[{"@type":"ReadAction","target":["https:\/\/mog.com.vn\/vi\/product\/style-k55\/"]}]},{"@type":"ImageObject","inLanguage":"vi","@id":"https:\/\/mog.com.vn\/vi\/product\/style-k55\/#primaryimage","url":"https:\/\/mog.com.vn\/wp-content\/uploads\/2025\/04\/style-k55.jpg","contentUrl":"https:\/\/mog.com.vn\/wp-content\/uploads\/2025\/04\/style-k55.jpg","width":1000,"height":1000},{"@type":"BreadcrumbList","@id":"https:\/\/mog.com.vn\/vi\/product\/style-k55\/#breadcrumb","itemListElement":[{"@type":"ListItem","position":1,"name":"Home","item":"https:\/\/mog.com.vn\/"},{"@type":"ListItem","position":2,"name":"Shop","item":"https:\/\/mog.com.vn\/shop\/"},{"@type":"ListItem","position":3,"name":"Style K55"}]},{"@type":"WebSite","@id":"https:\/\/mog.com.vn\/#website","url":"https:\/\/mog.com.vn\/","name":"Mog.com.vn","description":"FLOW Control Solutions","publisher":{"@id":"https:\/\/mog.com.vn\/#organization"},"potentialAction":[{"@type":"SearchAction","target":{"@type":"EntryPoint","urlTemplate":"https:\/\/mog.com.vn\/?s={search_term_string}"},"query-input":{"@type":"PropertyValueSpecification","valueRequired":true,"valueName":"search_term_string"}}],"inLanguage":"vi"},{"@type":"Organization","@id":"https:\/\/mog.com.vn\/#organization","name":"Mog.com.vn","url":"https:\/\/mog.com.vn\/","logo":{"@type":"ImageObject","inLanguage":"vi","@id":"https:\/\/mog.com.vn\/#\/schema\/logo\/image\/","url":"https:\/\/mog.com.vn\/wp-content\/uploads\/2025\/10\/Logo-MOG.jpg","contentUrl":"https:\/\/mog.com.vn\/wp-content\/uploads\/2025\/10\/Logo-MOG.jpg","width":755,"height":230,"caption":"Mog.com.vn"},"image":{"@id":"https:\/\/mog.com.vn\/#\/schema\/logo\/image\/"},"description":"Gi\u1ea3i ph\u00e1p C\u01a1 kh\u00ed ch\u00ednh x\u00e1c & Van c\u00f4ng nghi\u1ec7p to\u00e0n di\u1ec7n cho doanh nghi\u1ec7p c\u1ee7a b\u1ea1n.","email":"giacongcokhimog@gmail.com","telephone":"090 311 4883"}]}},"_links":{"self":[{"href":"https:\/\/mog.com.vn\/vi\/wp-json\/wp\/v2\/product\/686","targetHints":{"allow":["GET"]}}],"collection":[{"href":"https:\/\/mog.com.vn\/vi\/wp-json\/wp\/v2\/product"}],"about":[{"href":"https:\/\/mog.com.vn\/vi\/wp-json\/wp\/v2\/types\/product"}],"replies":[{"embeddable":true,"href":"https:\/\/mog.com.vn\/vi\/wp-json\/wp\/v2\/comments?post=686"}],"wp:featuredmedia":[{"embeddable":true,"href":"https:\/\/mog.com.vn\/vi\/wp-json\/wp\/v2\/media\/687"}],"wp:attachment":[{"href":"https:\/\/mog.com.vn\/vi\/wp-json\/wp\/v2\/media?parent=686"}],"wp:term":[{"taxonomy":"product_brand","embeddable":true,"href":"https:\/\/mog.com.vn\/vi\/wp-json\/wp\/v2\/product_brand?post=686"},{"taxonomy":"product_cat","embeddable":true,"href":"https:\/\/mog.com.vn\/vi\/wp-json\/wp\/v2\/product_cat?post=686"},{"taxonomy":"product_tag","embeddable":true,"href":"https:\/\/mog.com.vn\/vi\/wp-json\/wp\/v2\/product_tag?post=686"}],"curies":[{"name":"wp","href":"https:\/\/api.w.org\/{rel}","templated":true}]}}