{"id":688,"date":"2025-04-12T17:12:15","date_gmt":"2025-04-12T17:12:15","guid":{"rendered":"https:\/\/mog.com.vn\/renew\/product\/style-390\/"},"modified":"2025-04-12T18:27:19","modified_gmt":"2025-04-12T18:27:19","slug":"style-390","status":"publish","type":"product","link":"https:\/\/mog.com.vn\/vi\/product\/style-390\/","title":{"rendered":"Style 390"},"content":{"rendered":"<strong>Kh\u1ea3 n\u0103ng d\u1ecbch v\u1ee5<\/strong><\/p>\n<p>Nhi\u1ec7t \u0111\u1ed9 \u0110\u1ed9 C: -196 \u0111\u1ebfn 400<\/p>\n<p>Trong h\u01a1i n\u01b0\u1edbc b\u00e3o h\u00f2a \u0110\u1ed9 C: 650<\/p>\n<p>Kh\u1ea3 n\u0103ng pH: 1 \u2013 14<\/p>\n<p>\u00c1p su\u1ea5t quay t\u1ed1i \u0111a: 35 bar<\/p>\n<p>\u00c1p su\u1ea5t t\u0129nh t\u1ed1i \u0111a: 170 bar<\/p>\n<p>T\u1ed1c \u0111\u1ed9 quay t\u1ed1i \u0111a: 25 m\/gi\u00e2y","protected":false},"excerpt":{"rendered":"<p><strong>V\u1eadt li\u1ec7u<\/strong><\/p>\n<p>S\u1ee3i graphite tinh khi\u1ebft cao \u0111\u01b0\u1ee3c t\u1ea9m d\u00e0y \u0111\u1eb7c graphite k\u00edch th\u01b0\u1edbc micron<\/p>\n<p><strong>\u1ee8ng d\u1ee5ng<\/strong><\/p>\n<p>Kh\u1ea3 n\u0103ng ch\u1ed1ng h\u00f3a ch\u1ea5t v\u00e0 d\u1eabn nhi\u1ec7t cao. M\u1ed9t lo\u1ea1i v\u1eadt li\u1ec7u \u0111\u00f3ng g\u00f3i ch\u1ed1ng ma s\u00e1t r\u1ea5t hi\u1ec7u qu\u1ea3 tr\u00ean nhi\u1ec1u lo\u1ea1i d\u1ecbch v\u1ee5 kh\u00e1c nhau. Cho ph\u00e9p v\u1eadn h\u00e0nh \u1edf m\u1ee9c r\u00f2 r\u1ec9 t\u1ed1i thi\u1ec3u. Kh\u00f4ng b\u1ecb c\u1ee9ng.<\/p>\n","protected":false},"featured_media":689,"comment_status":"closed","ping_status":"open","template":"","meta":[],"product_brand":[],"product_cat":[23,114,35],"product_tag":[],"class_list":{"0":"post-688","1":"product","2":"type-product","3":"status-publish","4":"has-post-thumbnail","6":"product_cat-gaskets-flexible-joints-flanges","7":"product_cat-klingercompression-packing","8":"product_cat-supply","10":"first","11":"instock","12":"product-type-simple"},"yoast_head":"<!-- This site is optimized with the Yoast SEO Premium plugin v25.9 (Yoast SEO v25.9) - https:\/\/yoast.com\/wordpress\/plugins\/seo\/ -->\n<title>Style 390 - Mog.com.vn<\/title>\n<meta name=\"robots\" content=\"index, follow, max-snippet:-1, max-image-preview:large, max-video-preview:-1\" \/>\n<link rel=\"canonical\" href=\"https:\/\/mog.com.vn\/product\/style-390\/\" \/>\n<meta property=\"og:locale\" content=\"vi_VN\" \/>\n<meta property=\"og:type\" content=\"article\" \/>\n<meta property=\"og:title\" content=\"[:vi]Style 390[:en]Style 390[:ja]\u30bf\u30a4\u30d7 390[:kr]\uc2a4\ud0c0\uc77c 390[:]\" \/>\n<meta property=\"og:description\" content=\"[:vi]V\u1eadt li\u1ec7u S\u1ee3i graphite tinh khi\u1ebft cao \u0111\u01b0\u1ee3c t\u1ea9m d\u00e0y \u0111\u1eb7c graphite k\u00edch th\u01b0\u1edbc micron \u1ee8ng d\u1ee5ng Kh\u1ea3 n\u0103ng ch\u1ed1ng h\u00f3a ch\u1ea5t v\u00e0 d\u1eabn nhi\u1ec7t cao. M\u1ed9t lo\u1ea1i v\u1eadt li\u1ec7u \u0111\u00f3ng g\u00f3i ch\u1ed1ng ma s\u00e1t r\u1ea5t hi\u1ec7u qu\u1ea3 tr\u00ean nhi\u1ec1u lo\u1ea1i d\u1ecbch v\u1ee5 kh\u00e1c nhau. Cho ph\u00e9p v\u1eadn h\u00e0nh \u1edf m\u1ee9c r\u00f2 r\u1ec9 t\u1ed1i thi\u1ec3u. Kh\u00f4ng b\u1ecb c\u1ee9ng.[:en]Material High purity graphite yarns densely impregnated with micron size graphite Application Highly chemical resistant and heat conductive. A very anti frictional packing effective on a wide variety of services. Permits operation at minimal leakage. Non hardening.[:ja]\u6750\u6599 \u7d14\u5ea6\u306e\u9ad8\u3044\u30b0\u30e9\u30d5\u30a1\u30a4\u30c8\u7e4a\u7dad\u306b\u3001\u5fae\u7d30\u306a\u30b0\u30e9\u30d5\u30a1\u30a4\u30c8\u304c\u9ad8\u5bc6\u5ea6\u3067\u542b\u6d78\u3055\u308c\u3066\u3044\u307e\u3059\u3002 &nbsp; \u7528\u9014 \u9ad8\u3044\u8010\u5316\u5b66\u6027\u3068\u71b1\u4f1d\u5c0e\u7387\u3092\u6301\u3061\u307e\u3059\u3002\u3055\u307e\u3056\u307e\u306a\u30b5\u30fc\u30d3\u30b9\u3067\u975e\u5e38\u306b\u52b9\u679c\u7684\u306a\u4f4e\u6469\u64e6\u30d1\u30c3\u30ad\u30f3\u30b0\u6750\u6599\u3067\u3059\u3002\u6700\u5c0f\u9650\u306e\u6f0f\u308c\u3067\u904b\u8ee2\u304c\u53ef\u80fd\u3067\u3001\u786c\u5316\u3057\u307e\u305b\u3093\u3002 &nbsp;[:kr]\uc7ac\ub8cc \ubbf8\ud06c\ub860 \ud06c\uae30\uc758 \ud751\uc5f0\uc73c\ub85c \uace0\ubc00\ub3c4\ub85c \ud568\uce68\ub41c \uace0\uc21c\ub3c4 \ud751\uc5f0 \uc2e4 \uc801\uc6a9 \ubd84\uc57c \ub0b4\ud654\ud559\uc131\uacfc \ub0b4\uc5f4\uc131\uc774 \ub9e4\uc6b0 \uc6b0\uc218\ud569\ub2c8\ub2e4. \ub2e4\uc591\ud55c \uc11c\ube44\uc2a4\uc5d0 \ud6a8\uacfc\uc801\uc778 \ub9e4\uc6b0 \ub9c8\ucc30 \ubc29\uc9c0 \ud328\ud0b9\uc785\ub2c8\ub2e4. \ucd5c\uc18c\ud55c\uc758 \ub204\ucd9c\ub85c \uc791\ub3d9\uc774 \uac00\ub2a5\ud569\ub2c8\ub2e4. \uacbd\ud654\ub418\uc9c0 \uc54a\uc2b5\ub2c8\ub2e4.[:]\" \/>\n<meta property=\"og:url\" content=\"https:\/\/mog.com.vn\/product\/style-390\/\" \/>\n<meta property=\"og:site_name\" content=\"Mog.com.vn\" \/>\n<meta property=\"article:modified_time\" content=\"2025-04-12T18:27:19+00:00\" \/>\n<meta property=\"og:image\" content=\"https:\/\/mog.com.vn\/wp-content\/uploads\/2025\/04\/390.jpg\" \/>\n\t<meta property=\"og:image:width\" content=\"1000\" \/>\n\t<meta property=\"og:image:height\" content=\"1000\" \/>\n\t<meta property=\"og:image:type\" content=\"image\/jpeg\" \/>\n<meta name=\"twitter:card\" content=\"summary_large_image\" \/>\n<script type=\"application\/ld+json\" class=\"yoast-schema-graph\">{\"@context\":\"https:\/\/schema.org\",\"@graph\":[{\"@type\":\"WebPage\",\"@id\":\"https:\/\/mog.com.vn\/product\/style-390\/\",\"url\":\"https:\/\/mog.com.vn\/product\/style-390\/\",\"name\":\"[:vi]Style 390[:en]Style 390[:ja]\u30bf\u30a4\u30d7 390[:kr]\uc2a4\ud0c0\uc77c 390[:] - Mog.com.vn\",\"isPartOf\":{\"@id\":\"https:\/\/mog.com.vn\/#website\"},\"primaryImageOfPage\":{\"@id\":\"https:\/\/mog.com.vn\/product\/style-390\/#primaryimage\"},\"image\":{\"@id\":\"https:\/\/mog.com.vn\/product\/style-390\/#primaryimage\"},\"thumbnailUrl\":\"https:\/\/mog.com.vn\/wp-content\/uploads\/2025\/04\/390.jpg\",\"datePublished\":\"2025-04-12T17:12:15+00:00\",\"dateModified\":\"2025-04-12T18:27:19+00:00\",\"breadcrumb\":{\"@id\":\"https:\/\/mog.com.vn\/product\/style-390\/#breadcrumb\"},\"inLanguage\":\"vi\",\"potentialAction\":[{\"@type\":\"ReadAction\",\"target\":[\"https:\/\/mog.com.vn\/product\/style-390\/\"]}]},{\"@type\":\"ImageObject\",\"inLanguage\":\"vi\",\"@id\":\"https:\/\/mog.com.vn\/product\/style-390\/#primaryimage\",\"url\":\"https:\/\/mog.com.vn\/wp-content\/uploads\/2025\/04\/390.jpg\",\"contentUrl\":\"https:\/\/mog.com.vn\/wp-content\/uploads\/2025\/04\/390.jpg\",\"width\":1000,\"height\":1000},{\"@type\":\"BreadcrumbList\",\"@id\":\"https:\/\/mog.com.vn\/product\/style-390\/#breadcrumb\",\"itemListElement\":[{\"@type\":\"ListItem\",\"position\":1,\"name\":\"Home\",\"item\":\"https:\/\/mog.com.vn\/\"},{\"@type\":\"ListItem\",\"position\":2,\"name\":\"Shop\",\"item\":\"https:\/\/mog.com.vn\/shop\/\"},{\"@type\":\"ListItem\",\"position\":3,\"name\":\"Style 390\"}]},{\"@type\":\"WebSite\",\"@id\":\"https:\/\/mog.com.vn\/#website\",\"url\":\"https:\/\/mog.com.vn\/\",\"name\":\"Mog.com.vn\",\"description\":\"FLOW Control Solutions\",\"publisher\":{\"@id\":\"https:\/\/mog.com.vn\/#organization\"},\"potentialAction\":[{\"@type\":\"SearchAction\",\"target\":{\"@type\":\"EntryPoint\",\"urlTemplate\":\"https:\/\/mog.com.vn\/?s={search_term_string}\"},\"query-input\":{\"@type\":\"PropertyValueSpecification\",\"valueRequired\":true,\"valueName\":\"search_term_string\"}}],\"inLanguage\":\"vi\"},{\"@type\":\"Organization\",\"@id\":\"https:\/\/mog.com.vn\/#organization\",\"name\":\"Mog.com.vn\",\"url\":\"https:\/\/mog.com.vn\/\",\"logo\":{\"@type\":\"ImageObject\",\"inLanguage\":\"vi\",\"@id\":\"https:\/\/mog.com.vn\/#\/schema\/logo\/image\/\",\"url\":\"https:\/\/mog.com.vn\/wp-content\/uploads\/2025\/10\/Logo-MOG.jpg\",\"contentUrl\":\"https:\/\/mog.com.vn\/wp-content\/uploads\/2025\/10\/Logo-MOG.jpg\",\"width\":755,\"height\":230,\"caption\":\"Mog.com.vn\"},\"image\":{\"@id\":\"https:\/\/mog.com.vn\/#\/schema\/logo\/image\/\"},\"description\":\"Gi\u1ea3i ph\u00e1p C\u01a1 kh\u00ed ch\u00ednh x\u00e1c & Van c\u00f4ng nghi\u1ec7p to\u00e0n di\u1ec7n cho doanh nghi\u1ec7p c\u1ee7a b\u1ea1n.\",\"email\":\"giacongcokhimog@gmail.com\",\"telephone\":\"090 311 4883\"}]}<\/script>\n<!-- \/ Yoast SEO Premium plugin. -->","yoast_head_json":{"title":"[:vi]Style 390[:en]Style 390[:ja]\u30bf\u30a4\u30d7 390[:kr]\uc2a4\ud0c0\uc77c 390[:] - Mog.com.vn","robots":{"index":"index","follow":"follow","max-snippet":"max-snippet:-1","max-image-preview":"max-image-preview:large","max-video-preview":"max-video-preview:-1"},"canonical":"https:\/\/mog.com.vn\/product\/style-390\/","og_locale":"vi_VN","og_type":"article","og_title":"[:vi]Style 390[:en]Style 390[:ja]\u30bf\u30a4\u30d7 390[:kr]\uc2a4\ud0c0\uc77c 390[:]","og_description":"[:vi]V\u1eadt li\u1ec7u S\u1ee3i graphite tinh khi\u1ebft cao \u0111\u01b0\u1ee3c t\u1ea9m d\u00e0y \u0111\u1eb7c graphite k\u00edch th\u01b0\u1edbc micron \u1ee8ng d\u1ee5ng Kh\u1ea3 n\u0103ng ch\u1ed1ng h\u00f3a ch\u1ea5t v\u00e0 d\u1eabn nhi\u1ec7t cao. M\u1ed9t lo\u1ea1i v\u1eadt li\u1ec7u \u0111\u00f3ng g\u00f3i ch\u1ed1ng ma s\u00e1t r\u1ea5t hi\u1ec7u qu\u1ea3 tr\u00ean nhi\u1ec1u lo\u1ea1i d\u1ecbch v\u1ee5 kh\u00e1c nhau. Cho ph\u00e9p v\u1eadn h\u00e0nh \u1edf m\u1ee9c r\u00f2 r\u1ec9 t\u1ed1i thi\u1ec3u. Kh\u00f4ng b\u1ecb c\u1ee9ng.[:en]Material High purity graphite yarns densely impregnated with micron size graphite Application Highly chemical resistant and heat conductive. A very anti frictional packing effective on a wide variety of services. Permits operation at minimal leakage. Non hardening.[:ja]\u6750\u6599 \u7d14\u5ea6\u306e\u9ad8\u3044\u30b0\u30e9\u30d5\u30a1\u30a4\u30c8\u7e4a\u7dad\u306b\u3001\u5fae\u7d30\u306a\u30b0\u30e9\u30d5\u30a1\u30a4\u30c8\u304c\u9ad8\u5bc6\u5ea6\u3067\u542b\u6d78\u3055\u308c\u3066\u3044\u307e\u3059\u3002 &nbsp; \u7528\u9014 \u9ad8\u3044\u8010\u5316\u5b66\u6027\u3068\u71b1\u4f1d\u5c0e\u7387\u3092\u6301\u3061\u307e\u3059\u3002\u3055\u307e\u3056\u307e\u306a\u30b5\u30fc\u30d3\u30b9\u3067\u975e\u5e38\u306b\u52b9\u679c\u7684\u306a\u4f4e\u6469\u64e6\u30d1\u30c3\u30ad\u30f3\u30b0\u6750\u6599\u3067\u3059\u3002\u6700\u5c0f\u9650\u306e\u6f0f\u308c\u3067\u904b\u8ee2\u304c\u53ef\u80fd\u3067\u3001\u786c\u5316\u3057\u307e\u305b\u3093\u3002 &nbsp;[:kr]\uc7ac\ub8cc \ubbf8\ud06c\ub860 \ud06c\uae30\uc758 \ud751\uc5f0\uc73c\ub85c \uace0\ubc00\ub3c4\ub85c \ud568\uce68\ub41c \uace0\uc21c\ub3c4 \ud751\uc5f0 \uc2e4 \uc801\uc6a9 \ubd84\uc57c \ub0b4\ud654\ud559\uc131\uacfc \ub0b4\uc5f4\uc131\uc774 \ub9e4\uc6b0 \uc6b0\uc218\ud569\ub2c8\ub2e4. \ub2e4\uc591\ud55c \uc11c\ube44\uc2a4\uc5d0 \ud6a8\uacfc\uc801\uc778 \ub9e4\uc6b0 \ub9c8\ucc30 \ubc29\uc9c0 \ud328\ud0b9\uc785\ub2c8\ub2e4. \ucd5c\uc18c\ud55c\uc758 \ub204\ucd9c\ub85c \uc791\ub3d9\uc774 \uac00\ub2a5\ud569\ub2c8\ub2e4. \uacbd\ud654\ub418\uc9c0 \uc54a\uc2b5\ub2c8\ub2e4.[:]","og_url":"https:\/\/mog.com.vn\/product\/style-390\/","og_site_name":"Mog.com.vn","article_modified_time":"2025-04-12T18:27:19+00:00","og_image":[{"width":1000,"height":1000,"url":"https:\/\/mog.com.vn\/wp-content\/uploads\/2025\/04\/390.jpg","type":"image\/jpeg"}],"twitter_card":"summary_large_image","schema":{"@context":"https:\/\/schema.org","@graph":[{"@type":"WebPage","@id":"https:\/\/mog.com.vn\/product\/style-390\/","url":"https:\/\/mog.com.vn\/product\/style-390\/","name":"[:vi]Style 390[:en]Style 390[:ja]\u30bf\u30a4\u30d7 390[:kr]\uc2a4\ud0c0\uc77c 390[:] - Mog.com.vn","isPartOf":{"@id":"https:\/\/mog.com.vn\/#website"},"primaryImageOfPage":{"@id":"https:\/\/mog.com.vn\/product\/style-390\/#primaryimage"},"image":{"@id":"https:\/\/mog.com.vn\/product\/style-390\/#primaryimage"},"thumbnailUrl":"https:\/\/mog.com.vn\/wp-content\/uploads\/2025\/04\/390.jpg","datePublished":"2025-04-12T17:12:15+00:00","dateModified":"2025-04-12T18:27:19+00:00","breadcrumb":{"@id":"https:\/\/mog.com.vn\/product\/style-390\/#breadcrumb"},"inLanguage":"vi","potentialAction":[{"@type":"ReadAction","target":["https:\/\/mog.com.vn\/product\/style-390\/"]}]},{"@type":"ImageObject","inLanguage":"vi","@id":"https:\/\/mog.com.vn\/product\/style-390\/#primaryimage","url":"https:\/\/mog.com.vn\/wp-content\/uploads\/2025\/04\/390.jpg","contentUrl":"https:\/\/mog.com.vn\/wp-content\/uploads\/2025\/04\/390.jpg","width":1000,"height":1000},{"@type":"BreadcrumbList","@id":"https:\/\/mog.com.vn\/product\/style-390\/#breadcrumb","itemListElement":[{"@type":"ListItem","position":1,"name":"Home","item":"https:\/\/mog.com.vn\/"},{"@type":"ListItem","position":2,"name":"Shop","item":"https:\/\/mog.com.vn\/shop\/"},{"@type":"ListItem","position":3,"name":"Style 390"}]},{"@type":"WebSite","@id":"https:\/\/mog.com.vn\/#website","url":"https:\/\/mog.com.vn\/","name":"Mog.com.vn","description":"FLOW Control Solutions","publisher":{"@id":"https:\/\/mog.com.vn\/#organization"},"potentialAction":[{"@type":"SearchAction","target":{"@type":"EntryPoint","urlTemplate":"https:\/\/mog.com.vn\/?s={search_term_string}"},"query-input":{"@type":"PropertyValueSpecification","valueRequired":true,"valueName":"search_term_string"}}],"inLanguage":"vi"},{"@type":"Organization","@id":"https:\/\/mog.com.vn\/#organization","name":"Mog.com.vn","url":"https:\/\/mog.com.vn\/","logo":{"@type":"ImageObject","inLanguage":"vi","@id":"https:\/\/mog.com.vn\/#\/schema\/logo\/image\/","url":"https:\/\/mog.com.vn\/wp-content\/uploads\/2025\/10\/Logo-MOG.jpg","contentUrl":"https:\/\/mog.com.vn\/wp-content\/uploads\/2025\/10\/Logo-MOG.jpg","width":755,"height":230,"caption":"Mog.com.vn"},"image":{"@id":"https:\/\/mog.com.vn\/#\/schema\/logo\/image\/"},"description":"Gi\u1ea3i ph\u00e1p C\u01a1 kh\u00ed ch\u00ednh x\u00e1c & Van c\u00f4ng nghi\u1ec7p to\u00e0n di\u1ec7n cho doanh nghi\u1ec7p c\u1ee7a b\u1ea1n.","email":"giacongcokhimog@gmail.com","telephone":"090 311 4883"}]}},"_links":{"self":[{"href":"https:\/\/mog.com.vn\/vi\/wp-json\/wp\/v2\/product\/688","targetHints":{"allow":["GET"]}}],"collection":[{"href":"https:\/\/mog.com.vn\/vi\/wp-json\/wp\/v2\/product"}],"about":[{"href":"https:\/\/mog.com.vn\/vi\/wp-json\/wp\/v2\/types\/product"}],"replies":[{"embeddable":true,"href":"https:\/\/mog.com.vn\/vi\/wp-json\/wp\/v2\/comments?post=688"}],"wp:featuredmedia":[{"embeddable":true,"href":"https:\/\/mog.com.vn\/vi\/wp-json\/wp\/v2\/media\/689"}],"wp:attachment":[{"href":"https:\/\/mog.com.vn\/vi\/wp-json\/wp\/v2\/media?parent=688"}],"wp:term":[{"taxonomy":"product_brand","embeddable":true,"href":"https:\/\/mog.com.vn\/vi\/wp-json\/wp\/v2\/product_brand?post=688"},{"taxonomy":"product_cat","embeddable":true,"href":"https:\/\/mog.com.vn\/vi\/wp-json\/wp\/v2\/product_cat?post=688"},{"taxonomy":"product_tag","embeddable":true,"href":"https:\/\/mog.com.vn\/vi\/wp-json\/wp\/v2\/product_tag?post=688"}],"curies":[{"name":"wp","href":"https:\/\/api.w.org\/{rel}","templated":true}]}}