{"id":690,"date":"2025-04-12T17:12:15","date_gmt":"2025-04-12T17:12:15","guid":{"rendered":"https:\/\/mog.com.vn\/renew\/product\/style-396\/"},"modified":"2025-04-12T18:27:19","modified_gmt":"2025-04-12T18:27:19","slug":"style-396","status":"publish","type":"product","link":"https:\/\/mog.com.vn\/vi\/product\/style-396\/","title":{"rendered":"Style 396"},"content":{"rendered":"<strong>Kh\u1ea3 n\u0103ng d\u1ecbch v\u1ee5<\/strong><\/p>\n<p>Nhi\u1ec7t \u0111\u1ed9 \u0110\u1ed9 C: -196 \u0111\u1ebfn 454<\/p>\n<p>Trong h\u01a1i n\u01b0\u1edbc b\u00e3o h\u00f2a \u0110\u1ed9 C: 650<\/p>\n<p>Kh\u1ea3 n\u0103ng pH: 0 \u2013 14<\/p>\n<p>\u00c1p su\u1ea5t quay t\u1ed1i \u0111a: 35 bar<\/p>\n<p>\u00c1p su\u1ea5t t\u0129nh t\u1ed1i \u0111a: 175 bar<\/p>\n<p>T\u1ed1c \u0111\u1ed9 quay t\u1ed1i \u0111a: 22 m\/gi\u00e2y<\/p>\n<p>&nbsp;","protected":false},"excerpt":{"rendered":"<p><strong>V\u1eadt li\u1ec7u<\/strong><\/p>\n<p>M\u1ed9t lo\u1ea1i than ch\u00ec m\u1ec1m d\u1ebbo d\u00e0y \u0111\u1eb7c v\u1edbi s\u1ee3i carbon\/than ch\u00ec \u0111\u1ec3 ch\u1ed1ng \u0111\u00f9n<\/p>\n<p><strong>\u1ee8ng d\u1ee5ng<\/strong><\/p>\n<p>Ho\u1ea1t \u0111\u1ed9ng th\u00e0nh c\u00f4ng tr\u00ean m\u00e1y b\u01a1m v\u00e0 van. \u0110\u00f3ng g\u00f3i r\u1ea5t v\u1eeba v\u1eb7n v\u00e0 c\u00f3 th\u1ec3 ch\u1ea1y kh\u00f4ng nh\u1ecf gi\u1ecdt trong m\u1ed9t s\u1ed1 \u1ee9ng d\u1ee5ng nh\u1ea5t \u0111\u1ecbnh. Tuy\u1ec7t v\u1eddi tr\u00ean m\u00e1y b\u01a1m n\u01b0\u1edbc c\u1ea5p, x\u00fat v\u00e0 ng\u01b0ng t\u1ee5.<\/p>\n","protected":false},"featured_media":691,"comment_status":"closed","ping_status":"open","template":"","meta":[],"product_brand":[],"product_cat":[23,114,35],"product_tag":[],"class_list":{"0":"post-690","1":"product","2":"type-product","3":"status-publish","4":"has-post-thumbnail","6":"product_cat-gaskets-flexible-joints-flanges","7":"product_cat-klingercompression-packing","8":"product_cat-supply","10":"first","11":"instock","12":"product-type-simple"},"yoast_head":"<!-- This site is optimized with the Yoast SEO Premium plugin v25.9 (Yoast SEO v25.9) - https:\/\/yoast.com\/wordpress\/plugins\/seo\/ -->\n<title>Style 396 - Mog.com.vn<\/title>\n<meta name=\"robots\" content=\"index, follow, max-snippet:-1, max-image-preview:large, max-video-preview:-1\" \/>\n<link rel=\"canonical\" href=\"https:\/\/mog.com.vn\/product\/style-396\/\" \/>\n<meta property=\"og:locale\" content=\"vi_VN\" \/>\n<meta property=\"og:type\" content=\"article\" \/>\n<meta property=\"og:title\" content=\"[:vi]Style 396[:en]Style 396[:ja]\u30bf\u30a4\u30d7 396[:kr]\uc2a4\ud0c0\uc77c 396[:]\" \/>\n<meta property=\"og:description\" content=\"[:vi]V\u1eadt li\u1ec7u M\u1ed9t lo\u1ea1i than ch\u00ec m\u1ec1m d\u1ebbo d\u00e0y \u0111\u1eb7c v\u1edbi s\u1ee3i carbon\/than ch\u00ec \u0111\u1ec3 ch\u1ed1ng \u0111\u00f9n \u1ee8ng d\u1ee5ng Ho\u1ea1t \u0111\u1ed9ng th\u00e0nh c\u00f4ng tr\u00ean m\u00e1y b\u01a1m v\u00e0 van. \u0110\u00f3ng g\u00f3i r\u1ea5t v\u1eeba v\u1eb7n v\u00e0 c\u00f3 th\u1ec3 ch\u1ea1y kh\u00f4ng nh\u1ecf gi\u1ecdt trong m\u1ed9t s\u1ed1 \u1ee9ng d\u1ee5ng nh\u1ea5t \u0111\u1ecbnh. Tuy\u1ec7t v\u1eddi tr\u00ean m\u00e1y b\u01a1m n\u01b0\u1edbc c\u1ea5p, x\u00fat v\u00e0 ng\u01b0ng t\u1ee5.[:en]Material A dense flexible graphite with carbon\/graphite yarns to resist extrusion Application Operates successfully on pumps and valves. Very conformable packing and can be run drip free in certain applications. Excellent on feed water, caustic and condensate pumps.[:ja]\u6750\u6599 \u67d4\u8edf\u306a\u9ad8\u5bc6\u5ea6\u30b0\u30e9\u30d5\u30a1\u30a4\u30c8\u3068\u30ab\u30fc\u30dc\u30f3\/\u30b0\u30e9\u30d5\u30a1\u30a4\u30c8\u7e4a\u7dad\u306e\u7d44\u307f\u5408\u308f\u305b\u3067\u62bc\u51fa\u3092\u9632\u6b62\u3057\u307e\u3059\u3002 &nbsp; \u7528\u9014 \u30dd\u30f3\u30d7\u3084\u30d0\u30eb\u30d6\u3067\u306e\u904b\u7528\u306b\u6210\u529f\u3002\u975e\u5e38\u306b\u9069\u5408\u3057\u3001\u4e00\u90e8\u306e\u7528\u9014\u3067\u306f\u6ef4\u4e0b\u306a\u3057\u3067\u904b\u8ee2\u53ef\u80fd\u3002\u7d66\u6c34\u30dd\u30f3\u30d7\u3001\u82db\u6027\u30bd\u30fc\u30c0\u30dd\u30f3\u30d7\u3001\u51dd\u7e2e\u30dd\u30f3\u30d7\u306b\u6700\u9069\u3002 \u30b5\u30fc\u30d3\u30b9\u80fd\u529b \u6e29\u5ea6\u7bc4\u56f2: -196\u00b0C \u304b\u3089 454\u00b0C \u98fd\u548c\u84b8\u6c17\u3067\u306e\u6e29\u5ea6: 650\u00b0C pH \u8010\u6027: 0 \u2013 14 \u6700\u5927\u56de\u8ee2\u5727\u529b: 35 \u30d0\u30fc \u6700\u5927\u9759\u5727: 175 \u30d0\u30fc \u6700\u5927\u56de\u8ee2\u901f\u5ea6: 22 m\/s[:kr]\uc7ac\ub8cc \uc555\ucd9c\uc744 \uacac\ub38c\ub0b4\ub294 \ud0c4\uc18c\/\ud751\uc5f0 \uc6d0\uc0ac\uac00 \uc788\ub294 \uace0\ubc00\ub3c4 \uc720\uc5f0\ud55c \ud751\uc5f0 \uc801\uc6a9 \ubd84\uc57c \ud38c\ud504\uc640 \ubc38\ube0c\uc5d0\uc11c \uc131\uacf5\uc801\uc73c\ub85c \uc791\ub3d9\ud569\ub2c8\ub2e4. \ub9e4\uc6b0 \uc801\ud569\ud55c \ud328\ud0b9\uc774\uba70 \ud2b9\uc815 \uc751\uc6a9 \ubd84\uc57c\uc5d0\uc11c \ubb3c\ubc29\uc6b8\uc774 \ub5a8\uc5b4\uc9c0\uc9c0 \uc54a\uace0 \uc791\ub3d9\ud560 \uc218 \uc788\uc2b5\ub2c8\ub2e4. \uae09\uc218, \ubd80\uc2dd\uc131 \ubc0f \uc751\ucd95\uc218 \ud38c\ud504\uc5d0\uc11c \ud0c1\uc6d4\ud569\ub2c8\ub2e4.[:]\" \/>\n<meta property=\"og:url\" content=\"https:\/\/mog.com.vn\/product\/style-396\/\" \/>\n<meta property=\"og:site_name\" content=\"Mog.com.vn\" \/>\n<meta property=\"article:modified_time\" content=\"2025-04-12T18:27:19+00:00\" \/>\n<meta property=\"og:image\" content=\"https:\/\/mog.com.vn\/wp-content\/uploads\/2025\/04\/style-396.jpg\" \/>\n\t<meta property=\"og:image:width\" content=\"1000\" \/>\n\t<meta property=\"og:image:height\" content=\"1000\" \/>\n\t<meta property=\"og:image:type\" content=\"image\/jpeg\" \/>\n<meta name=\"twitter:card\" content=\"summary_large_image\" \/>\n<script type=\"application\/ld+json\" class=\"yoast-schema-graph\">{\"@context\":\"https:\/\/schema.org\",\"@graph\":[{\"@type\":\"WebPage\",\"@id\":\"https:\/\/mog.com.vn\/product\/style-396\/\",\"url\":\"https:\/\/mog.com.vn\/product\/style-396\/\",\"name\":\"[:vi]Style 396[:en]Style 396[:ja]\u30bf\u30a4\u30d7 396[:kr]\uc2a4\ud0c0\uc77c 396[:] - Mog.com.vn\",\"isPartOf\":{\"@id\":\"https:\/\/mog.com.vn\/#website\"},\"primaryImageOfPage\":{\"@id\":\"https:\/\/mog.com.vn\/product\/style-396\/#primaryimage\"},\"image\":{\"@id\":\"https:\/\/mog.com.vn\/product\/style-396\/#primaryimage\"},\"thumbnailUrl\":\"https:\/\/mog.com.vn\/wp-content\/uploads\/2025\/04\/style-396.jpg\",\"datePublished\":\"2025-04-12T17:12:15+00:00\",\"dateModified\":\"2025-04-12T18:27:19+00:00\",\"breadcrumb\":{\"@id\":\"https:\/\/mog.com.vn\/product\/style-396\/#breadcrumb\"},\"inLanguage\":\"vi\",\"potentialAction\":[{\"@type\":\"ReadAction\",\"target\":[\"https:\/\/mog.com.vn\/product\/style-396\/\"]}]},{\"@type\":\"ImageObject\",\"inLanguage\":\"vi\",\"@id\":\"https:\/\/mog.com.vn\/product\/style-396\/#primaryimage\",\"url\":\"https:\/\/mog.com.vn\/wp-content\/uploads\/2025\/04\/style-396.jpg\",\"contentUrl\":\"https:\/\/mog.com.vn\/wp-content\/uploads\/2025\/04\/style-396.jpg\",\"width\":1000,\"height\":1000},{\"@type\":\"BreadcrumbList\",\"@id\":\"https:\/\/mog.com.vn\/product\/style-396\/#breadcrumb\",\"itemListElement\":[{\"@type\":\"ListItem\",\"position\":1,\"name\":\"Home\",\"item\":\"https:\/\/mog.com.vn\/\"},{\"@type\":\"ListItem\",\"position\":2,\"name\":\"Shop\",\"item\":\"https:\/\/mog.com.vn\/shop\/\"},{\"@type\":\"ListItem\",\"position\":3,\"name\":\"Style 396\"}]},{\"@type\":\"WebSite\",\"@id\":\"https:\/\/mog.com.vn\/#website\",\"url\":\"https:\/\/mog.com.vn\/\",\"name\":\"Mog.com.vn\",\"description\":\"FLOW Control Solutions\",\"publisher\":{\"@id\":\"https:\/\/mog.com.vn\/#organization\"},\"potentialAction\":[{\"@type\":\"SearchAction\",\"target\":{\"@type\":\"EntryPoint\",\"urlTemplate\":\"https:\/\/mog.com.vn\/?s={search_term_string}\"},\"query-input\":{\"@type\":\"PropertyValueSpecification\",\"valueRequired\":true,\"valueName\":\"search_term_string\"}}],\"inLanguage\":\"vi\"},{\"@type\":\"Organization\",\"@id\":\"https:\/\/mog.com.vn\/#organization\",\"name\":\"Mog.com.vn\",\"url\":\"https:\/\/mog.com.vn\/\",\"logo\":{\"@type\":\"ImageObject\",\"inLanguage\":\"vi\",\"@id\":\"https:\/\/mog.com.vn\/#\/schema\/logo\/image\/\",\"url\":\"https:\/\/mog.com.vn\/wp-content\/uploads\/2025\/10\/Logo-MOG.jpg\",\"contentUrl\":\"https:\/\/mog.com.vn\/wp-content\/uploads\/2025\/10\/Logo-MOG.jpg\",\"width\":755,\"height\":230,\"caption\":\"Mog.com.vn\"},\"image\":{\"@id\":\"https:\/\/mog.com.vn\/#\/schema\/logo\/image\/\"},\"description\":\"Gi\u1ea3i ph\u00e1p C\u01a1 kh\u00ed ch\u00ednh x\u00e1c & Van c\u00f4ng nghi\u1ec7p to\u00e0n di\u1ec7n cho doanh nghi\u1ec7p c\u1ee7a b\u1ea1n.\",\"email\":\"giacongcokhimog@gmail.com\",\"telephone\":\"090 311 4883\"}]}<\/script>\n<!-- \/ Yoast SEO Premium plugin. -->","yoast_head_json":{"title":"[:vi]Style 396[:en]Style 396[:ja]\u30bf\u30a4\u30d7 396[:kr]\uc2a4\ud0c0\uc77c 396[:] - Mog.com.vn","robots":{"index":"index","follow":"follow","max-snippet":"max-snippet:-1","max-image-preview":"max-image-preview:large","max-video-preview":"max-video-preview:-1"},"canonical":"https:\/\/mog.com.vn\/product\/style-396\/","og_locale":"vi_VN","og_type":"article","og_title":"[:vi]Style 396[:en]Style 396[:ja]\u30bf\u30a4\u30d7 396[:kr]\uc2a4\ud0c0\uc77c 396[:]","og_description":"[:vi]V\u1eadt li\u1ec7u M\u1ed9t lo\u1ea1i than ch\u00ec m\u1ec1m d\u1ebbo d\u00e0y \u0111\u1eb7c v\u1edbi s\u1ee3i carbon\/than ch\u00ec \u0111\u1ec3 ch\u1ed1ng \u0111\u00f9n \u1ee8ng d\u1ee5ng Ho\u1ea1t \u0111\u1ed9ng th\u00e0nh c\u00f4ng tr\u00ean m\u00e1y b\u01a1m v\u00e0 van. \u0110\u00f3ng g\u00f3i r\u1ea5t v\u1eeba v\u1eb7n v\u00e0 c\u00f3 th\u1ec3 ch\u1ea1y kh\u00f4ng nh\u1ecf gi\u1ecdt trong m\u1ed9t s\u1ed1 \u1ee9ng d\u1ee5ng nh\u1ea5t \u0111\u1ecbnh. Tuy\u1ec7t v\u1eddi tr\u00ean m\u00e1y b\u01a1m n\u01b0\u1edbc c\u1ea5p, x\u00fat v\u00e0 ng\u01b0ng t\u1ee5.[:en]Material A dense flexible graphite with carbon\/graphite yarns to resist extrusion Application Operates successfully on pumps and valves. Very conformable packing and can be run drip free in certain applications. Excellent on feed water, caustic and condensate pumps.[:ja]\u6750\u6599 \u67d4\u8edf\u306a\u9ad8\u5bc6\u5ea6\u30b0\u30e9\u30d5\u30a1\u30a4\u30c8\u3068\u30ab\u30fc\u30dc\u30f3\/\u30b0\u30e9\u30d5\u30a1\u30a4\u30c8\u7e4a\u7dad\u306e\u7d44\u307f\u5408\u308f\u305b\u3067\u62bc\u51fa\u3092\u9632\u6b62\u3057\u307e\u3059\u3002 &nbsp; \u7528\u9014 \u30dd\u30f3\u30d7\u3084\u30d0\u30eb\u30d6\u3067\u306e\u904b\u7528\u306b\u6210\u529f\u3002\u975e\u5e38\u306b\u9069\u5408\u3057\u3001\u4e00\u90e8\u306e\u7528\u9014\u3067\u306f\u6ef4\u4e0b\u306a\u3057\u3067\u904b\u8ee2\u53ef\u80fd\u3002\u7d66\u6c34\u30dd\u30f3\u30d7\u3001\u82db\u6027\u30bd\u30fc\u30c0\u30dd\u30f3\u30d7\u3001\u51dd\u7e2e\u30dd\u30f3\u30d7\u306b\u6700\u9069\u3002 \u30b5\u30fc\u30d3\u30b9\u80fd\u529b \u6e29\u5ea6\u7bc4\u56f2: -196\u00b0C \u304b\u3089 454\u00b0C \u98fd\u548c\u84b8\u6c17\u3067\u306e\u6e29\u5ea6: 650\u00b0C pH \u8010\u6027: 0 \u2013 14 \u6700\u5927\u56de\u8ee2\u5727\u529b: 35 \u30d0\u30fc \u6700\u5927\u9759\u5727: 175 \u30d0\u30fc \u6700\u5927\u56de\u8ee2\u901f\u5ea6: 22 m\/s[:kr]\uc7ac\ub8cc \uc555\ucd9c\uc744 \uacac\ub38c\ub0b4\ub294 \ud0c4\uc18c\/\ud751\uc5f0 \uc6d0\uc0ac\uac00 \uc788\ub294 \uace0\ubc00\ub3c4 \uc720\uc5f0\ud55c \ud751\uc5f0 \uc801\uc6a9 \ubd84\uc57c \ud38c\ud504\uc640 \ubc38\ube0c\uc5d0\uc11c \uc131\uacf5\uc801\uc73c\ub85c \uc791\ub3d9\ud569\ub2c8\ub2e4. \ub9e4\uc6b0 \uc801\ud569\ud55c \ud328\ud0b9\uc774\uba70 \ud2b9\uc815 \uc751\uc6a9 \ubd84\uc57c\uc5d0\uc11c \ubb3c\ubc29\uc6b8\uc774 \ub5a8\uc5b4\uc9c0\uc9c0 \uc54a\uace0 \uc791\ub3d9\ud560 \uc218 \uc788\uc2b5\ub2c8\ub2e4. \uae09\uc218, \ubd80\uc2dd\uc131 \ubc0f \uc751\ucd95\uc218 \ud38c\ud504\uc5d0\uc11c \ud0c1\uc6d4\ud569\ub2c8\ub2e4.[:]","og_url":"https:\/\/mog.com.vn\/product\/style-396\/","og_site_name":"Mog.com.vn","article_modified_time":"2025-04-12T18:27:19+00:00","og_image":[{"width":1000,"height":1000,"url":"https:\/\/mog.com.vn\/wp-content\/uploads\/2025\/04\/style-396.jpg","type":"image\/jpeg"}],"twitter_card":"summary_large_image","schema":{"@context":"https:\/\/schema.org","@graph":[{"@type":"WebPage","@id":"https:\/\/mog.com.vn\/product\/style-396\/","url":"https:\/\/mog.com.vn\/product\/style-396\/","name":"[:vi]Style 396[:en]Style 396[:ja]\u30bf\u30a4\u30d7 396[:kr]\uc2a4\ud0c0\uc77c 396[:] - Mog.com.vn","isPartOf":{"@id":"https:\/\/mog.com.vn\/#website"},"primaryImageOfPage":{"@id":"https:\/\/mog.com.vn\/product\/style-396\/#primaryimage"},"image":{"@id":"https:\/\/mog.com.vn\/product\/style-396\/#primaryimage"},"thumbnailUrl":"https:\/\/mog.com.vn\/wp-content\/uploads\/2025\/04\/style-396.jpg","datePublished":"2025-04-12T17:12:15+00:00","dateModified":"2025-04-12T18:27:19+00:00","breadcrumb":{"@id":"https:\/\/mog.com.vn\/product\/style-396\/#breadcrumb"},"inLanguage":"vi","potentialAction":[{"@type":"ReadAction","target":["https:\/\/mog.com.vn\/product\/style-396\/"]}]},{"@type":"ImageObject","inLanguage":"vi","@id":"https:\/\/mog.com.vn\/product\/style-396\/#primaryimage","url":"https:\/\/mog.com.vn\/wp-content\/uploads\/2025\/04\/style-396.jpg","contentUrl":"https:\/\/mog.com.vn\/wp-content\/uploads\/2025\/04\/style-396.jpg","width":1000,"height":1000},{"@type":"BreadcrumbList","@id":"https:\/\/mog.com.vn\/product\/style-396\/#breadcrumb","itemListElement":[{"@type":"ListItem","position":1,"name":"Home","item":"https:\/\/mog.com.vn\/"},{"@type":"ListItem","position":2,"name":"Shop","item":"https:\/\/mog.com.vn\/shop\/"},{"@type":"ListItem","position":3,"name":"Style 396"}]},{"@type":"WebSite","@id":"https:\/\/mog.com.vn\/#website","url":"https:\/\/mog.com.vn\/","name":"Mog.com.vn","description":"FLOW Control Solutions","publisher":{"@id":"https:\/\/mog.com.vn\/#organization"},"potentialAction":[{"@type":"SearchAction","target":{"@type":"EntryPoint","urlTemplate":"https:\/\/mog.com.vn\/?s={search_term_string}"},"query-input":{"@type":"PropertyValueSpecification","valueRequired":true,"valueName":"search_term_string"}}],"inLanguage":"vi"},{"@type":"Organization","@id":"https:\/\/mog.com.vn\/#organization","name":"Mog.com.vn","url":"https:\/\/mog.com.vn\/","logo":{"@type":"ImageObject","inLanguage":"vi","@id":"https:\/\/mog.com.vn\/#\/schema\/logo\/image\/","url":"https:\/\/mog.com.vn\/wp-content\/uploads\/2025\/10\/Logo-MOG.jpg","contentUrl":"https:\/\/mog.com.vn\/wp-content\/uploads\/2025\/10\/Logo-MOG.jpg","width":755,"height":230,"caption":"Mog.com.vn"},"image":{"@id":"https:\/\/mog.com.vn\/#\/schema\/logo\/image\/"},"description":"Gi\u1ea3i ph\u00e1p C\u01a1 kh\u00ed ch\u00ednh x\u00e1c & Van c\u00f4ng nghi\u1ec7p to\u00e0n di\u1ec7n cho doanh nghi\u1ec7p c\u1ee7a b\u1ea1n.","email":"giacongcokhimog@gmail.com","telephone":"090 311 4883"}]}},"_links":{"self":[{"href":"https:\/\/mog.com.vn\/vi\/wp-json\/wp\/v2\/product\/690","targetHints":{"allow":["GET"]}}],"collection":[{"href":"https:\/\/mog.com.vn\/vi\/wp-json\/wp\/v2\/product"}],"about":[{"href":"https:\/\/mog.com.vn\/vi\/wp-json\/wp\/v2\/types\/product"}],"replies":[{"embeddable":true,"href":"https:\/\/mog.com.vn\/vi\/wp-json\/wp\/v2\/comments?post=690"}],"wp:featuredmedia":[{"embeddable":true,"href":"https:\/\/mog.com.vn\/vi\/wp-json\/wp\/v2\/media\/691"}],"wp:attachment":[{"href":"https:\/\/mog.com.vn\/vi\/wp-json\/wp\/v2\/media?parent=690"}],"wp:term":[{"taxonomy":"product_brand","embeddable":true,"href":"https:\/\/mog.com.vn\/vi\/wp-json\/wp\/v2\/product_brand?post=690"},{"taxonomy":"product_cat","embeddable":true,"href":"https:\/\/mog.com.vn\/vi\/wp-json\/wp\/v2\/product_cat?post=690"},{"taxonomy":"product_tag","embeddable":true,"href":"https:\/\/mog.com.vn\/vi\/wp-json\/wp\/v2\/product_tag?post=690"}],"curies":[{"name":"wp","href":"https:\/\/api.w.org\/{rel}","templated":true}]}}