{"id":694,"date":"2025-04-12T17:12:15","date_gmt":"2025-04-12T17:12:15","guid":{"rendered":"https:\/\/mog.com.vn\/renew\/product\/style-2000\/"},"modified":"2025-05-22T04:25:27","modified_gmt":"2025-05-22T04:25:27","slug":"style-2000","status":"publish","type":"product","link":"https:\/\/mog.com.vn\/vi\/product\/style-2000\/","title":{"rendered":"Style 2000"},"content":{"rendered":"<h4><strong>V\u1eadt li\u1ec7u<\/strong><\/h4>\n<ul data-start=\"161\" data-end=\"212\">\n<li data-start=\"161\" data-end=\"212\">\n<p data-start=\"163\" data-end=\"212\">S\u1ee3i Phenylene\/Fibre X \u0111\u01b0\u1ee3c ng\u00e2m t\u1ea9m PTFE ph\u00e2n t\u00e1n<\/p>\n<\/li>\n<\/ul>\n<h4><strong data-start=\"223\" data-end=\"235\">\u1ee8ng d\u1ee5ng<\/strong><\/h4>\n<ul data-start=\"237\" data-end=\"604\">\n<li data-start=\"237\" data-end=\"312\">\n<p data-start=\"239\" data-end=\"312\">L\u00e0 gi\u1ea3i ph\u00e1p thay th\u1ebf tuy\u1ec7t v\u1eddi cho v\u1eadt li\u1ec7u \u0111\u00f3ng g\u00f3i PTFE ch\u1ee9a ami\u0103ng.<\/p>\n<\/li>\n<li data-start=\"313\" data-end=\"398\">\n<p data-start=\"315\" data-end=\"398\">C\u00f3 \u0111\u1ed9 b\u1ec1n v\u01b0\u1ee3t tr\u1ed9i, kh\u1ea3 n\u0103ng kh\u00e1ng h\u00f3a ch\u1ea5t cao v\u00e0 th\u00e2n thi\u1ec7n h\u01a1n v\u1edbi tr\u1ee5c quay.<\/p>\n<\/li>\n<li data-start=\"399\" data-end=\"535\">\n<p data-start=\"401\" data-end=\"535\">L\u00e0 v\u1eadt li\u1ec7u \u0111\u00f3ng g\u00f3i s\u1ea1ch, ph\u00f9 h\u1ee3p v\u1edbi c\u00e1c \u1ee9ng d\u1ee5ng x\u1eed l\u00fd axit, ki\u1ec1m ho\u1eb7c b\u1ea5t k\u1ef3 quy tr\u00ecnh n\u00e0o y\u00eau c\u1ea7u kh\u00f4ng l\u00e0m nhi\u1ec5m b\u1ea9n s\u1ea3n ph\u1ea9m.<\/p>\n<\/li>\n<li data-start=\"536\" data-end=\"604\">\n<p data-start=\"538\" data-end=\"604\">Hi\u1ec7u qu\u1ea3 \u0111\u1eb7c bi\u1ec7t trong m\u00f4i tr\u01b0\u1eddng c\u00f3 b\u00f9n v\u00e0 ch\u1ea5t l\u1ecfng c\u00f3 h\u1ea1t r\u1eafn.<\/p>\n<\/li>\n<\/ul>\n<h4 data-start=\"611\" data-end=\"636\"><strong data-start=\"615\" data-end=\"636\">Kh\u1ea3 n\u0103ng ho\u1ea1t \u0111\u1ed9ng<\/strong><\/h4>\n<ul data-start=\"638\" data-end=\"923\">\n<li data-start=\"638\" data-end=\"677\">\n<p data-start=\"640\" data-end=\"677\">Nhi\u1ec7t \u0111\u1ed9 l\u00e0m vi\u1ec7c t\u1ed1i \u0111a: 232\u00b0C<\/p>\n<\/li>\n<li data-start=\"678\" data-end=\"708\">\n<p data-start=\"680\" data-end=\"708\">D\u1ea3i pH ph\u00f9 h\u1ee3p: 1 \u2013 14<\/p>\n<\/li>\n<li data-start=\"709\" data-end=\"760\">\n<p data-start=\"711\" data-end=\"760\">\u00c1p su\u1ea5t v\u1eadn h\u00e0nh t\u1ed1i \u0111a (tr\u1ee5c quay): 30 bar<\/p>\n<\/li>\n<li data-start=\"761\" data-end=\"797\">\n<p data-start=\"763\" data-end=\"797\">\u00c1p su\u1ea5t t\u0129nh t\u1ed1i \u0111a: 100 bar<\/p>\n<\/li>\n<li data-start=\"798\" data-end=\"837\">\n<p data-start=\"800\" data-end=\"837\">T\u1ed1c \u0111\u1ed9 tr\u1ee5c quay t\u1ed1i \u0111a: 11 m\/s<\/p>\n<\/li>\n<li data-start=\"838\" data-end=\"876\">\n<p data-start=\"840\" data-end=\"876\">\u00c1p su\u1ea5t qua l\u1ea1i t\u1ed1i \u0111a: 35 bar<\/p>\n<\/li>\n<li data-start=\"877\" data-end=\"923\">\n<p data-start=\"879\" data-end=\"923\">T\u1ed1c \u0111\u1ed9 chuy\u1ec3n \u0111\u1ed9ng qua l\u1ea1i t\u1ed1i \u0111a: 2 m\/s<\/p>\n<\/li>\n<\/ul>","protected":false},"excerpt":{"rendered":"","protected":false},"featured_media":695,"comment_status":"closed","ping_status":"closed","template":"","meta":[],"product_brand":[],"product_cat":[23,114,35],"product_tag":[],"class_list":{"0":"post-694","1":"product","2":"type-product","3":"status-publish","4":"has-post-thumbnail","6":"product_cat-gaskets-flexible-joints-flanges","7":"product_cat-klingercompression-packing","8":"product_cat-supply","10":"first","11":"instock","12":"product-type-simple"},"yoast_head":"<!-- This site is optimized with the Yoast SEO Premium plugin v25.9 (Yoast SEO v25.9) - https:\/\/yoast.com\/wordpress\/plugins\/seo\/ -->\n<title>Style 2000 - Mog.com.vn<\/title>\n<meta name=\"robots\" content=\"index, follow, max-snippet:-1, max-image-preview:large, max-video-preview:-1\" \/>\n<link rel=\"canonical\" href=\"https:\/\/mog.com.vn\/vi\/product\/style-2000\/\" \/>\n<meta property=\"og:locale\" content=\"vi_VN\" \/>\n<meta property=\"og:type\" content=\"article\" \/>\n<meta property=\"og:title\" content=\"Style 2000\" \/>\n<meta property=\"og:description\" content=\"[:ja]\u6750\u8cea PTFE \u5206\u6563\u6db2\u3067\u542b\u6d78\u3055\u308c\u305f\u30d5\u30a7\u30cb\u30ec\u30f3\/\u30d5\u30a1\u30a4\u30d0\u30fc X\u3002 \u7528\u9014 \u30a2\u30b9\u30d9\u30b9\u30c8 PTFE \u30d1\u30c3\u30ad\u30f3\u306e\u512a\u308c\u305f\u4ee3\u66ff\u54c1\u3067\u3059\u3002\u5f37\u5ea6\u304c\u306f\u308b\u304b\u306b\u9ad8\u304f\u3001\u8010\u85ac\u54c1\u6027\u304c\u9ad8\u304f\u3001\u30b7\u30e3\u30d5\u30c8\u3078\u306e\u8ca0\u62c5\u304c\u306f\u308b\u304b\u306b\u5c11\u306a\u3044\u3067\u3059\u3002\u9178\u3084\u30a2\u30eb\u30ab\u30ea\u3001\u304a\u3088\u3073\u88fd\u54c1\u306e\u6c5a\u67d3\u9632\u6b62\u304c\u5fc5\u8981\u306a\u3042\u3089\u3086\u308b\u7528\u9014\u306b\u9069\u3057\u305f\u30af\u30ea\u30fc\u30f3\u306a\u30d1\u30c3\u30ad\u30f3\u3067\u3059\u3002\u30b9\u30e9\u30ea\u30fc\u306b\u6700\u9069\u3067\u3059\u3002[:kr]\uc7ac\ub8cc PTFE \ubd84\uc0b0\uc561\uc73c\ub85c \ud568\uce68\ub41c \ud398\ub2d0\ub80c\/\uc12c\uc720 X. \uc6a9\ub3c4 \uc11d\uba74 PTFE \ud328\ud0b9\uc744 \ub300\uccb4\ud558\ub294 \ub370 \ub9e4\uc6b0 \uc801\ud569\ud569\ub2c8\ub2e4. \ud6e8\uc52c \ub354 \uac15\ud558\uace0, \ub0b4\ud654\ud559\uc131\uc774 \ub6f0\uc5b4\ub098\uba70 \uc0e4\ud504\ud2b8\uc5d0 \ud6e8\uc52c \ub354 \uc801\ud569\ud569\ub2c8\ub2e4. \uc0b0\uacfc \uc54c\uce7c\ub9ac\uc5d0 \ub300\ud55c \uae68\ub057\ud55c \ud328\ud0b9\uc774\uba70, \uc81c\ud488\uc758 \uc624\uc5fc\uc774 \uc5c6\uc5b4\uc57c \ud558\ub294 \ubaa8\ub4e0 \uc6a9\ub3c4\uc5d0 \uc801\ud569\ud569\ub2c8\ub2e4. \uc2ac\ub7ec\ub9ac\uc5d0 \ub9e4\uc6b0 \uc801\ud569\ud569\ub2c8\ub2e4.[:]\" \/>\n<meta property=\"og:url\" content=\"https:\/\/mog.com.vn\/vi\/product\/style-2000\/\" \/>\n<meta property=\"og:site_name\" content=\"Mog.com.vn\" \/>\n<meta property=\"article:modified_time\" content=\"2025-05-22T04:25:27+00:00\" \/>\n<meta property=\"og:image\" content=\"https:\/\/mog.com.vn\/wp-content\/uploads\/2025\/04\/style-2000.jpg\" \/>\n\t<meta property=\"og:image:width\" content=\"1000\" \/>\n\t<meta property=\"og:image:height\" content=\"1000\" \/>\n\t<meta property=\"og:image:type\" content=\"image\/jpeg\" \/>\n<meta name=\"twitter:card\" content=\"summary_large_image\" \/>\n<meta name=\"twitter:label1\" content=\"\u01af\u1edbc t\u00ednh th\u1eddi gian \u0111\u1ecdc\" \/>\n\t<meta name=\"twitter:data1\" content=\"2 ph\u00fat\" \/>\n<script type=\"application\/ld+json\" class=\"yoast-schema-graph\">{\"@context\":\"https:\/\/schema.org\",\"@graph\":[{\"@type\":\"WebPage\",\"@id\":\"https:\/\/mog.com.vn\/vi\/product\/style-2000\/\",\"url\":\"https:\/\/mog.com.vn\/vi\/product\/style-2000\/\",\"name\":\"Style 2000 - Mog.com.vn\",\"isPartOf\":{\"@id\":\"https:\/\/mog.com.vn\/#website\"},\"primaryImageOfPage\":{\"@id\":\"https:\/\/mog.com.vn\/vi\/product\/style-2000\/#primaryimage\"},\"image\":{\"@id\":\"https:\/\/mog.com.vn\/vi\/product\/style-2000\/#primaryimage\"},\"thumbnailUrl\":\"https:\/\/mog.com.vn\/wp-content\/uploads\/2025\/04\/style-2000.jpg\",\"datePublished\":\"2025-04-12T17:12:15+00:00\",\"dateModified\":\"2025-05-22T04:25:27+00:00\",\"breadcrumb\":{\"@id\":\"https:\/\/mog.com.vn\/vi\/product\/style-2000\/#breadcrumb\"},\"inLanguage\":\"vi\",\"potentialAction\":[{\"@type\":\"ReadAction\",\"target\":[\"https:\/\/mog.com.vn\/vi\/product\/style-2000\/\"]}]},{\"@type\":\"ImageObject\",\"inLanguage\":\"vi\",\"@id\":\"https:\/\/mog.com.vn\/vi\/product\/style-2000\/#primaryimage\",\"url\":\"https:\/\/mog.com.vn\/wp-content\/uploads\/2025\/04\/style-2000.jpg\",\"contentUrl\":\"https:\/\/mog.com.vn\/wp-content\/uploads\/2025\/04\/style-2000.jpg\",\"width\":1000,\"height\":1000},{\"@type\":\"BreadcrumbList\",\"@id\":\"https:\/\/mog.com.vn\/vi\/product\/style-2000\/#breadcrumb\",\"itemListElement\":[{\"@type\":\"ListItem\",\"position\":1,\"name\":\"Home\",\"item\":\"https:\/\/mog.com.vn\/\"},{\"@type\":\"ListItem\",\"position\":2,\"name\":\"Shop\",\"item\":\"https:\/\/mog.com.vn\/shop\/\"},{\"@type\":\"ListItem\",\"position\":3,\"name\":\"Style 2000\"}]},{\"@type\":\"WebSite\",\"@id\":\"https:\/\/mog.com.vn\/#website\",\"url\":\"https:\/\/mog.com.vn\/\",\"name\":\"Mog.com.vn\",\"description\":\"FLOW Control Solutions\",\"publisher\":{\"@id\":\"https:\/\/mog.com.vn\/#organization\"},\"potentialAction\":[{\"@type\":\"SearchAction\",\"target\":{\"@type\":\"EntryPoint\",\"urlTemplate\":\"https:\/\/mog.com.vn\/?s={search_term_string}\"},\"query-input\":{\"@type\":\"PropertyValueSpecification\",\"valueRequired\":true,\"valueName\":\"search_term_string\"}}],\"inLanguage\":\"vi\"},{\"@type\":\"Organization\",\"@id\":\"https:\/\/mog.com.vn\/#organization\",\"name\":\"Mog.com.vn\",\"url\":\"https:\/\/mog.com.vn\/\",\"logo\":{\"@type\":\"ImageObject\",\"inLanguage\":\"vi\",\"@id\":\"https:\/\/mog.com.vn\/#\/schema\/logo\/image\/\",\"url\":\"https:\/\/mog.com.vn\/wp-content\/uploads\/2025\/10\/Logo-MOG.jpg\",\"contentUrl\":\"https:\/\/mog.com.vn\/wp-content\/uploads\/2025\/10\/Logo-MOG.jpg\",\"width\":755,\"height\":230,\"caption\":\"Mog.com.vn\"},\"image\":{\"@id\":\"https:\/\/mog.com.vn\/#\/schema\/logo\/image\/\"},\"description\":\"Gi\u1ea3i ph\u00e1p C\u01a1 kh\u00ed ch\u00ednh x\u00e1c & Van c\u00f4ng nghi\u1ec7p to\u00e0n di\u1ec7n cho doanh nghi\u1ec7p c\u1ee7a b\u1ea1n.\",\"email\":\"giacongcokhimog@gmail.com\",\"telephone\":\"090 311 4883\"}]}<\/script>\n<!-- \/ Yoast SEO Premium plugin. -->","yoast_head_json":{"title":"Style 2000 - Mog.com.vn","robots":{"index":"index","follow":"follow","max-snippet":"max-snippet:-1","max-image-preview":"max-image-preview:large","max-video-preview":"max-video-preview:-1"},"canonical":"https:\/\/mog.com.vn\/vi\/product\/style-2000\/","og_locale":"vi_VN","og_type":"article","og_title":"Style 2000","og_description":"[:ja]\u6750\u8cea PTFE \u5206\u6563\u6db2\u3067\u542b\u6d78\u3055\u308c\u305f\u30d5\u30a7\u30cb\u30ec\u30f3\/\u30d5\u30a1\u30a4\u30d0\u30fc X\u3002 \u7528\u9014 \u30a2\u30b9\u30d9\u30b9\u30c8 PTFE \u30d1\u30c3\u30ad\u30f3\u306e\u512a\u308c\u305f\u4ee3\u66ff\u54c1\u3067\u3059\u3002\u5f37\u5ea6\u304c\u306f\u308b\u304b\u306b\u9ad8\u304f\u3001\u8010\u85ac\u54c1\u6027\u304c\u9ad8\u304f\u3001\u30b7\u30e3\u30d5\u30c8\u3078\u306e\u8ca0\u62c5\u304c\u306f\u308b\u304b\u306b\u5c11\u306a\u3044\u3067\u3059\u3002\u9178\u3084\u30a2\u30eb\u30ab\u30ea\u3001\u304a\u3088\u3073\u88fd\u54c1\u306e\u6c5a\u67d3\u9632\u6b62\u304c\u5fc5\u8981\u306a\u3042\u3089\u3086\u308b\u7528\u9014\u306b\u9069\u3057\u305f\u30af\u30ea\u30fc\u30f3\u306a\u30d1\u30c3\u30ad\u30f3\u3067\u3059\u3002\u30b9\u30e9\u30ea\u30fc\u306b\u6700\u9069\u3067\u3059\u3002[:kr]\uc7ac\ub8cc PTFE \ubd84\uc0b0\uc561\uc73c\ub85c \ud568\uce68\ub41c \ud398\ub2d0\ub80c\/\uc12c\uc720 X. \uc6a9\ub3c4 \uc11d\uba74 PTFE \ud328\ud0b9\uc744 \ub300\uccb4\ud558\ub294 \ub370 \ub9e4\uc6b0 \uc801\ud569\ud569\ub2c8\ub2e4. \ud6e8\uc52c \ub354 \uac15\ud558\uace0, \ub0b4\ud654\ud559\uc131\uc774 \ub6f0\uc5b4\ub098\uba70 \uc0e4\ud504\ud2b8\uc5d0 \ud6e8\uc52c \ub354 \uc801\ud569\ud569\ub2c8\ub2e4. \uc0b0\uacfc \uc54c\uce7c\ub9ac\uc5d0 \ub300\ud55c \uae68\ub057\ud55c \ud328\ud0b9\uc774\uba70, \uc81c\ud488\uc758 \uc624\uc5fc\uc774 \uc5c6\uc5b4\uc57c \ud558\ub294 \ubaa8\ub4e0 \uc6a9\ub3c4\uc5d0 \uc801\ud569\ud569\ub2c8\ub2e4. \uc2ac\ub7ec\ub9ac\uc5d0 \ub9e4\uc6b0 \uc801\ud569\ud569\ub2c8\ub2e4.[:]","og_url":"https:\/\/mog.com.vn\/vi\/product\/style-2000\/","og_site_name":"Mog.com.vn","article_modified_time":"2025-05-22T04:25:27+00:00","og_image":[{"width":1000,"height":1000,"url":"https:\/\/mog.com.vn\/wp-content\/uploads\/2025\/04\/style-2000.jpg","type":"image\/jpeg"}],"twitter_card":"summary_large_image","twitter_misc":{"\u01af\u1edbc t\u00ednh th\u1eddi gian \u0111\u1ecdc":"2 ph\u00fat"},"schema":{"@context":"https:\/\/schema.org","@graph":[{"@type":"WebPage","@id":"https:\/\/mog.com.vn\/vi\/product\/style-2000\/","url":"https:\/\/mog.com.vn\/vi\/product\/style-2000\/","name":"Style 2000 - Mog.com.vn","isPartOf":{"@id":"https:\/\/mog.com.vn\/#website"},"primaryImageOfPage":{"@id":"https:\/\/mog.com.vn\/vi\/product\/style-2000\/#primaryimage"},"image":{"@id":"https:\/\/mog.com.vn\/vi\/product\/style-2000\/#primaryimage"},"thumbnailUrl":"https:\/\/mog.com.vn\/wp-content\/uploads\/2025\/04\/style-2000.jpg","datePublished":"2025-04-12T17:12:15+00:00","dateModified":"2025-05-22T04:25:27+00:00","breadcrumb":{"@id":"https:\/\/mog.com.vn\/vi\/product\/style-2000\/#breadcrumb"},"inLanguage":"vi","potentialAction":[{"@type":"ReadAction","target":["https:\/\/mog.com.vn\/vi\/product\/style-2000\/"]}]},{"@type":"ImageObject","inLanguage":"vi","@id":"https:\/\/mog.com.vn\/vi\/product\/style-2000\/#primaryimage","url":"https:\/\/mog.com.vn\/wp-content\/uploads\/2025\/04\/style-2000.jpg","contentUrl":"https:\/\/mog.com.vn\/wp-content\/uploads\/2025\/04\/style-2000.jpg","width":1000,"height":1000},{"@type":"BreadcrumbList","@id":"https:\/\/mog.com.vn\/vi\/product\/style-2000\/#breadcrumb","itemListElement":[{"@type":"ListItem","position":1,"name":"Home","item":"https:\/\/mog.com.vn\/"},{"@type":"ListItem","position":2,"name":"Shop","item":"https:\/\/mog.com.vn\/shop\/"},{"@type":"ListItem","position":3,"name":"Style 2000"}]},{"@type":"WebSite","@id":"https:\/\/mog.com.vn\/#website","url":"https:\/\/mog.com.vn\/","name":"Mog.com.vn","description":"FLOW Control Solutions","publisher":{"@id":"https:\/\/mog.com.vn\/#organization"},"potentialAction":[{"@type":"SearchAction","target":{"@type":"EntryPoint","urlTemplate":"https:\/\/mog.com.vn\/?s={search_term_string}"},"query-input":{"@type":"PropertyValueSpecification","valueRequired":true,"valueName":"search_term_string"}}],"inLanguage":"vi"},{"@type":"Organization","@id":"https:\/\/mog.com.vn\/#organization","name":"Mog.com.vn","url":"https:\/\/mog.com.vn\/","logo":{"@type":"ImageObject","inLanguage":"vi","@id":"https:\/\/mog.com.vn\/#\/schema\/logo\/image\/","url":"https:\/\/mog.com.vn\/wp-content\/uploads\/2025\/10\/Logo-MOG.jpg","contentUrl":"https:\/\/mog.com.vn\/wp-content\/uploads\/2025\/10\/Logo-MOG.jpg","width":755,"height":230,"caption":"Mog.com.vn"},"image":{"@id":"https:\/\/mog.com.vn\/#\/schema\/logo\/image\/"},"description":"Gi\u1ea3i ph\u00e1p C\u01a1 kh\u00ed ch\u00ednh x\u00e1c & Van c\u00f4ng nghi\u1ec7p to\u00e0n di\u1ec7n cho doanh nghi\u1ec7p c\u1ee7a b\u1ea1n.","email":"giacongcokhimog@gmail.com","telephone":"090 311 4883"}]}},"_links":{"self":[{"href":"https:\/\/mog.com.vn\/vi\/wp-json\/wp\/v2\/product\/694","targetHints":{"allow":["GET"]}}],"collection":[{"href":"https:\/\/mog.com.vn\/vi\/wp-json\/wp\/v2\/product"}],"about":[{"href":"https:\/\/mog.com.vn\/vi\/wp-json\/wp\/v2\/types\/product"}],"replies":[{"embeddable":true,"href":"https:\/\/mog.com.vn\/vi\/wp-json\/wp\/v2\/comments?post=694"}],"wp:featuredmedia":[{"embeddable":true,"href":"https:\/\/mog.com.vn\/vi\/wp-json\/wp\/v2\/media\/695"}],"wp:attachment":[{"href":"https:\/\/mog.com.vn\/vi\/wp-json\/wp\/v2\/media?parent=694"}],"wp:term":[{"taxonomy":"product_brand","embeddable":true,"href":"https:\/\/mog.com.vn\/vi\/wp-json\/wp\/v2\/product_brand?post=694"},{"taxonomy":"product_cat","embeddable":true,"href":"https:\/\/mog.com.vn\/vi\/wp-json\/wp\/v2\/product_cat?post=694"},{"taxonomy":"product_tag","embeddable":true,"href":"https:\/\/mog.com.vn\/vi\/wp-json\/wp\/v2\/product_tag?post=694"}],"curies":[{"name":"wp","href":"https:\/\/api.w.org\/{rel}","templated":true}]}}