{"id":698,"date":"2025-04-12T17:12:15","date_gmt":"2025-04-12T17:12:15","guid":{"rendered":"https:\/\/mog.com.vn\/renew\/product\/style-k3222-k3222w\/"},"modified":"2025-04-12T18:27:19","modified_gmt":"2025-04-12T18:27:19","slug":"style-k3222-k3222w","status":"publish","type":"product","link":"https:\/\/mog.com.vn\/vi\/product\/style-k3222-k3222w\/","title":{"rendered":"Style K3222 \/ K3222W"},"content":{"rendered":"<strong>Kh\u1ea3 n\u0103ng b\u1ea3o d\u01b0\u1ee1ng<\/strong><\/p>\n<p>Nhi\u1ec7t \u0111\u1ed9 \u0111\u1ed9 C: -200 \u0111\u1ebfn 430<\/p>\n<p>Trong h\u01a1i n\u01b0\u1edbc b\u00e3o h\u00f2a \u0111\u1ed9 C: 650<\/p>\n<p>Kh\u1ea3 n\u0103ng pH: 0 \u2013 14<\/p>\n<p>\u00c1p su\u1ea5t quay t\u1ed1i \u0111a K3222: 20 bar<\/p>\n<p>\u00c1p su\u1ea5t t\u0129nh t\u1ed1i \u0111a K3222: 100 bar<\/p>\n<p>(\u0110\u1ec3 s\u1eed d\u1ee5ng l\u00ean \u0111\u1ebfn 280 bar cho K3222, h\u00e3y tham kh\u1ea3o Khong Lieng)<\/p>\n<p>\u00c1p su\u1ea5t t\u0129nh t\u1ed1i \u0111a K3222W: 300 bar<\/p>\n<p>T\u1ed1c \u0111\u1ed9 quay t\u1ed1i \u0111a K3222: 20 m\/gi\u00e2y","protected":false},"excerpt":{"rendered":"<p><strong>V\u1eadt li\u1ec7u<\/strong><\/p>\n<p>B\u0103ng ch\u00e8n graphite d\u1ea1ng s\u1ee3i<\/p>\n<p><strong>\u1ee8ng d\u1ee5ng<\/strong><\/p>\n<p>K3222 l\u00e0 lo\u1ea1i b\u0103ng ch\u00e8n th\u00f4ng d\u1ee5ng ti\u1ebft ki\u1ec7m chi ph\u00ed \u0111\u1ec3 s\u1eed d\u1ee5ng trong c\u00e1c \u1ee9ng d\u1ee5ng kh\u00f4ng m\u00e0i m\u00f2n tr\u00ean m\u00e1y b\u01a1m v\u00e0 van trong m\u1ecdi ng\u00e0nh c\u00f4ng nghi\u1ec7p. N\u00f3 c\u0169ng c\u00f3 phi\u00ean b\u1ea3n gia c\u1ed1 b\u1eb1ng d\u00e2y \u0111\u01b0\u1ee3c ch\u1ec9 \u0111\u1ecbnh l\u00e0 K3222W cho c\u00e1c \u1ee9ng d\u1ee5ng van \u00e1p su\u1ea5t cao. Kh\u00f4ng ph\u00f9 h\u1ee3p v\u1edbi m\u00e1y b\u01a1m.<\/p>\n","protected":false},"featured_media":699,"comment_status":"closed","ping_status":"open","template":"","meta":[],"product_brand":[],"product_cat":[23,114,35],"product_tag":[],"class_list":{"0":"post-698","1":"product","2":"type-product","3":"status-publish","4":"has-post-thumbnail","6":"product_cat-gaskets-flexible-joints-flanges","7":"product_cat-klingercompression-packing","8":"product_cat-supply","10":"first","11":"instock","12":"product-type-simple"},"yoast_head":"<!-- This site is optimized with the Yoast SEO Premium plugin v25.9 (Yoast SEO v25.9) - https:\/\/yoast.com\/wordpress\/plugins\/seo\/ -->\n<title>Style K3222 \/ K3222W - Mog.com.vn<\/title>\n<meta name=\"robots\" content=\"index, follow, max-snippet:-1, max-image-preview:large, max-video-preview:-1\" \/>\n<link rel=\"canonical\" href=\"https:\/\/mog.com.vn\/product\/style-k3222-k3222w\/\" \/>\n<meta property=\"og:locale\" content=\"vi_VN\" \/>\n<meta property=\"og:type\" content=\"article\" \/>\n<meta property=\"og:title\" content=\"[:vi]Style K3222 \/ K3222W[:en]Style K3222 \/ K3222W[:ja]\u30bf\u30a4\u30d7 K3222 \/ K3222W[:kr]\uc2a4\ud0c0\uc77c K3222 \/ K3222W[:]\" \/>\n<meta property=\"og:description\" content=\"[:vi]V\u1eadt li\u1ec7u B\u0103ng ch\u00e8n graphite d\u1ea1ng s\u1ee3i \u1ee8ng d\u1ee5ng K3222 l\u00e0 lo\u1ea1i b\u0103ng ch\u00e8n th\u00f4ng d\u1ee5ng ti\u1ebft ki\u1ec7m chi ph\u00ed \u0111\u1ec3 s\u1eed d\u1ee5ng trong c\u00e1c \u1ee9ng d\u1ee5ng kh\u00f4ng m\u00e0i m\u00f2n tr\u00ean m\u00e1y b\u01a1m v\u00e0 van trong m\u1ecdi ng\u00e0nh c\u00f4ng nghi\u1ec7p. N\u00f3 c\u0169ng c\u00f3 phi\u00ean b\u1ea3n gia c\u1ed1 b\u1eb1ng d\u00e2y \u0111\u01b0\u1ee3c ch\u1ec9 \u0111\u1ecbnh l\u00e0 K3222W cho c\u00e1c \u1ee9ng d\u1ee5ng van \u00e1p su\u1ea5t cao. Kh\u00f4ng ph\u00f9 h\u1ee3p v\u1edbi m\u00e1y b\u01a1m.[:en]Material Exfoliated graphite ribbon packing Application K3222 is a cost effective general purpose packing for use in non abrasive applications on pumps and valves within all industries. It is also available in a wire reinforced version designated\u00a0K3222W\u00a0for high pressure valve applications. Not suitable for pumps.[:ja]\u6750\u6599 \u7e4a\u7dad\u72b6\u30b0\u30e9\u30d5\u30a1\u30a4\u30c8\u30d1\u30c3\u30ad\u30f3 \u7528\u9014 K3222 \u306f\u3001\u3055\u307e\u3056\u307e\u306a\u696d\u754c\u306e\u30dd\u30f3\u30d7\u304a\u3088\u3073\u30d0\u30eb\u30d6\u306e\u975e\u7814\u78e8\u7528\u9014\u306b\u9069\u3057\u305f\u30b3\u30b9\u30c8\u52b9\u7387\u306e\u9ad8\u3044\u6c4e\u7528\u30d1\u30c3\u30ad\u30f3\u30b0\u3067\u3059\u3002\u9ad8\u5727\u30d0\u30eb\u30d6\u7528\u9014\u5411\u3051\u306b\u5f37\u5316\u3055\u308c\u305f K3222W \u3082\u3042\u308a\u307e\u3059\u3002\u30dd\u30f3\u30d7\u306b\u306f\u9069\u3057\u3066\u3044\u307e\u305b\u3093\u3002[:kr]\uc7ac\ub8cc \uc12c\uc720 \ud751\uc5f0 \uc0bd\uc785 \ud14c\uc774\ud504 \uc560\ud50c\ub9ac\ucf00\uc774\uc158 K3222\ub294 \ubaa8\ub4e0 \uc0b0\uc5c5 \ubd84\uc57c\uc758 \ud38c\ud504 \ubc0f \ubc38\ube0c\uc5d0 \ub300\ud55c \ube44\ub9c8\ubaa8\uc131 \uc751\uc6a9 \ubd84\uc57c\uc5d0 \uc0ac\uc6a9\ud560 \uc218 \uc788\ub294 \ube44\uc6a9 \ud6a8\uc728\uc801\uc778 \ubc94\uc6a9 \ud3ec\uc7a5 \ud14c\uc774\ud504\uc785\ub2c8\ub2e4. \ub610\ud55c \uace0\uc555 \ubc38\ube0c \uc751\uc6a9 \ubd84\uc57c\ub97c \uc704\ud574 K3222W\ub85c \uc9c0\uc815\ub41c \uc640\uc774\uc5b4 \uac15\ud654 \ubc84\uc804\uc73c\ub85c\ub3c4 \uc81c\uacf5\ub429\ub2c8\ub2e4. \ud38c\ud504\uc5d0\ub294 \uc801\ud569\ud558\uc9c0 \uc54a\uc2b5\ub2c8\ub2e4.[:]\" \/>\n<meta property=\"og:url\" content=\"https:\/\/mog.com.vn\/product\/style-k3222-k3222w\/\" \/>\n<meta property=\"og:site_name\" content=\"Mog.com.vn\" \/>\n<meta property=\"article:modified_time\" content=\"2025-04-12T18:27:19+00:00\" \/>\n<meta property=\"og:image\" content=\"https:\/\/mog.com.vn\/wp-content\/uploads\/2025\/04\/style-k3222.jpg\" \/>\n\t<meta property=\"og:image:width\" content=\"1000\" \/>\n\t<meta property=\"og:image:height\" content=\"1000\" \/>\n\t<meta property=\"og:image:type\" content=\"image\/jpeg\" \/>\n<meta name=\"twitter:card\" content=\"summary_large_image\" \/>\n<meta name=\"twitter:label1\" content=\"\u01af\u1edbc t\u00ednh th\u1eddi gian \u0111\u1ecdc\" \/>\n\t<meta name=\"twitter:data1\" content=\"1 ph\u00fat\" \/>\n<script type=\"application\/ld+json\" class=\"yoast-schema-graph\">{\"@context\":\"https:\/\/schema.org\",\"@graph\":[{\"@type\":\"WebPage\",\"@id\":\"https:\/\/mog.com.vn\/product\/style-k3222-k3222w\/\",\"url\":\"https:\/\/mog.com.vn\/product\/style-k3222-k3222w\/\",\"name\":\"[:vi]Style K3222 \/ K3222W[:en]Style K3222 \/ K3222W[:ja]\u30bf\u30a4\u30d7 K3222 \/ K3222W[:kr]\uc2a4\ud0c0\uc77c K3222 \/ K3222W[:] - Mog.com.vn\",\"isPartOf\":{\"@id\":\"https:\/\/mog.com.vn\/#website\"},\"primaryImageOfPage\":{\"@id\":\"https:\/\/mog.com.vn\/product\/style-k3222-k3222w\/#primaryimage\"},\"image\":{\"@id\":\"https:\/\/mog.com.vn\/product\/style-k3222-k3222w\/#primaryimage\"},\"thumbnailUrl\":\"https:\/\/mog.com.vn\/wp-content\/uploads\/2025\/04\/style-k3222.jpg\",\"datePublished\":\"2025-04-12T17:12:15+00:00\",\"dateModified\":\"2025-04-12T18:27:19+00:00\",\"breadcrumb\":{\"@id\":\"https:\/\/mog.com.vn\/product\/style-k3222-k3222w\/#breadcrumb\"},\"inLanguage\":\"vi\",\"potentialAction\":[{\"@type\":\"ReadAction\",\"target\":[\"https:\/\/mog.com.vn\/product\/style-k3222-k3222w\/\"]}]},{\"@type\":\"ImageObject\",\"inLanguage\":\"vi\",\"@id\":\"https:\/\/mog.com.vn\/product\/style-k3222-k3222w\/#primaryimage\",\"url\":\"https:\/\/mog.com.vn\/wp-content\/uploads\/2025\/04\/style-k3222.jpg\",\"contentUrl\":\"https:\/\/mog.com.vn\/wp-content\/uploads\/2025\/04\/style-k3222.jpg\",\"width\":1000,\"height\":1000},{\"@type\":\"BreadcrumbList\",\"@id\":\"https:\/\/mog.com.vn\/product\/style-k3222-k3222w\/#breadcrumb\",\"itemListElement\":[{\"@type\":\"ListItem\",\"position\":1,\"name\":\"Home\",\"item\":\"https:\/\/mog.com.vn\/\"},{\"@type\":\"ListItem\",\"position\":2,\"name\":\"Shop\",\"item\":\"https:\/\/mog.com.vn\/shop\/\"},{\"@type\":\"ListItem\",\"position\":3,\"name\":\"Style K3222 \/ K3222W\"}]},{\"@type\":\"WebSite\",\"@id\":\"https:\/\/mog.com.vn\/#website\",\"url\":\"https:\/\/mog.com.vn\/\",\"name\":\"Mog.com.vn\",\"description\":\"FLOW Control Solutions\",\"publisher\":{\"@id\":\"https:\/\/mog.com.vn\/#organization\"},\"potentialAction\":[{\"@type\":\"SearchAction\",\"target\":{\"@type\":\"EntryPoint\",\"urlTemplate\":\"https:\/\/mog.com.vn\/?s={search_term_string}\"},\"query-input\":{\"@type\":\"PropertyValueSpecification\",\"valueRequired\":true,\"valueName\":\"search_term_string\"}}],\"inLanguage\":\"vi\"},{\"@type\":\"Organization\",\"@id\":\"https:\/\/mog.com.vn\/#organization\",\"name\":\"Mog.com.vn\",\"url\":\"https:\/\/mog.com.vn\/\",\"logo\":{\"@type\":\"ImageObject\",\"inLanguage\":\"vi\",\"@id\":\"https:\/\/mog.com.vn\/#\/schema\/logo\/image\/\",\"url\":\"https:\/\/mog.com.vn\/wp-content\/uploads\/2025\/10\/Logo-MOG.jpg\",\"contentUrl\":\"https:\/\/mog.com.vn\/wp-content\/uploads\/2025\/10\/Logo-MOG.jpg\",\"width\":755,\"height\":230,\"caption\":\"Mog.com.vn\"},\"image\":{\"@id\":\"https:\/\/mog.com.vn\/#\/schema\/logo\/image\/\"},\"description\":\"Gi\u1ea3i ph\u00e1p C\u01a1 kh\u00ed ch\u00ednh x\u00e1c & Van c\u00f4ng nghi\u1ec7p to\u00e0n di\u1ec7n cho doanh nghi\u1ec7p c\u1ee7a b\u1ea1n.\",\"email\":\"giacongcokhimog@gmail.com\",\"telephone\":\"090 311 4883\"}]}<\/script>\n<!-- \/ Yoast SEO Premium plugin. -->","yoast_head_json":{"title":"[:vi]Style K3222 \/ K3222W[:en]Style K3222 \/ K3222W[:ja]\u30bf\u30a4\u30d7 K3222 \/ K3222W[:kr]\uc2a4\ud0c0\uc77c K3222 \/ K3222W[:] - Mog.com.vn","robots":{"index":"index","follow":"follow","max-snippet":"max-snippet:-1","max-image-preview":"max-image-preview:large","max-video-preview":"max-video-preview:-1"},"canonical":"https:\/\/mog.com.vn\/product\/style-k3222-k3222w\/","og_locale":"vi_VN","og_type":"article","og_title":"[:vi]Style K3222 \/ K3222W[:en]Style K3222 \/ K3222W[:ja]\u30bf\u30a4\u30d7 K3222 \/ K3222W[:kr]\uc2a4\ud0c0\uc77c K3222 \/ K3222W[:]","og_description":"[:vi]V\u1eadt li\u1ec7u B\u0103ng ch\u00e8n graphite d\u1ea1ng s\u1ee3i \u1ee8ng d\u1ee5ng K3222 l\u00e0 lo\u1ea1i b\u0103ng ch\u00e8n th\u00f4ng d\u1ee5ng ti\u1ebft ki\u1ec7m chi ph\u00ed \u0111\u1ec3 s\u1eed d\u1ee5ng trong c\u00e1c \u1ee9ng d\u1ee5ng kh\u00f4ng m\u00e0i m\u00f2n tr\u00ean m\u00e1y b\u01a1m v\u00e0 van trong m\u1ecdi ng\u00e0nh c\u00f4ng nghi\u1ec7p. N\u00f3 c\u0169ng c\u00f3 phi\u00ean b\u1ea3n gia c\u1ed1 b\u1eb1ng d\u00e2y \u0111\u01b0\u1ee3c ch\u1ec9 \u0111\u1ecbnh l\u00e0 K3222W cho c\u00e1c \u1ee9ng d\u1ee5ng van \u00e1p su\u1ea5t cao. Kh\u00f4ng ph\u00f9 h\u1ee3p v\u1edbi m\u00e1y b\u01a1m.[:en]Material Exfoliated graphite ribbon packing Application K3222 is a cost effective general purpose packing for use in non abrasive applications on pumps and valves within all industries. It is also available in a wire reinforced version designated\u00a0K3222W\u00a0for high pressure valve applications. Not suitable for pumps.[:ja]\u6750\u6599 \u7e4a\u7dad\u72b6\u30b0\u30e9\u30d5\u30a1\u30a4\u30c8\u30d1\u30c3\u30ad\u30f3 \u7528\u9014 K3222 \u306f\u3001\u3055\u307e\u3056\u307e\u306a\u696d\u754c\u306e\u30dd\u30f3\u30d7\u304a\u3088\u3073\u30d0\u30eb\u30d6\u306e\u975e\u7814\u78e8\u7528\u9014\u306b\u9069\u3057\u305f\u30b3\u30b9\u30c8\u52b9\u7387\u306e\u9ad8\u3044\u6c4e\u7528\u30d1\u30c3\u30ad\u30f3\u30b0\u3067\u3059\u3002\u9ad8\u5727\u30d0\u30eb\u30d6\u7528\u9014\u5411\u3051\u306b\u5f37\u5316\u3055\u308c\u305f K3222W \u3082\u3042\u308a\u307e\u3059\u3002\u30dd\u30f3\u30d7\u306b\u306f\u9069\u3057\u3066\u3044\u307e\u305b\u3093\u3002[:kr]\uc7ac\ub8cc \uc12c\uc720 \ud751\uc5f0 \uc0bd\uc785 \ud14c\uc774\ud504 \uc560\ud50c\ub9ac\ucf00\uc774\uc158 K3222\ub294 \ubaa8\ub4e0 \uc0b0\uc5c5 \ubd84\uc57c\uc758 \ud38c\ud504 \ubc0f \ubc38\ube0c\uc5d0 \ub300\ud55c \ube44\ub9c8\ubaa8\uc131 \uc751\uc6a9 \ubd84\uc57c\uc5d0 \uc0ac\uc6a9\ud560 \uc218 \uc788\ub294 \ube44\uc6a9 \ud6a8\uc728\uc801\uc778 \ubc94\uc6a9 \ud3ec\uc7a5 \ud14c\uc774\ud504\uc785\ub2c8\ub2e4. \ub610\ud55c \uace0\uc555 \ubc38\ube0c \uc751\uc6a9 \ubd84\uc57c\ub97c \uc704\ud574 K3222W\ub85c \uc9c0\uc815\ub41c \uc640\uc774\uc5b4 \uac15\ud654 \ubc84\uc804\uc73c\ub85c\ub3c4 \uc81c\uacf5\ub429\ub2c8\ub2e4. \ud38c\ud504\uc5d0\ub294 \uc801\ud569\ud558\uc9c0 \uc54a\uc2b5\ub2c8\ub2e4.[:]","og_url":"https:\/\/mog.com.vn\/product\/style-k3222-k3222w\/","og_site_name":"Mog.com.vn","article_modified_time":"2025-04-12T18:27:19+00:00","og_image":[{"width":1000,"height":1000,"url":"https:\/\/mog.com.vn\/wp-content\/uploads\/2025\/04\/style-k3222.jpg","type":"image\/jpeg"}],"twitter_card":"summary_large_image","twitter_misc":{"\u01af\u1edbc t\u00ednh th\u1eddi gian \u0111\u1ecdc":"1 ph\u00fat"},"schema":{"@context":"https:\/\/schema.org","@graph":[{"@type":"WebPage","@id":"https:\/\/mog.com.vn\/product\/style-k3222-k3222w\/","url":"https:\/\/mog.com.vn\/product\/style-k3222-k3222w\/","name":"[:vi]Style K3222 \/ K3222W[:en]Style K3222 \/ K3222W[:ja]\u30bf\u30a4\u30d7 K3222 \/ K3222W[:kr]\uc2a4\ud0c0\uc77c K3222 \/ K3222W[:] - Mog.com.vn","isPartOf":{"@id":"https:\/\/mog.com.vn\/#website"},"primaryImageOfPage":{"@id":"https:\/\/mog.com.vn\/product\/style-k3222-k3222w\/#primaryimage"},"image":{"@id":"https:\/\/mog.com.vn\/product\/style-k3222-k3222w\/#primaryimage"},"thumbnailUrl":"https:\/\/mog.com.vn\/wp-content\/uploads\/2025\/04\/style-k3222.jpg","datePublished":"2025-04-12T17:12:15+00:00","dateModified":"2025-04-12T18:27:19+00:00","breadcrumb":{"@id":"https:\/\/mog.com.vn\/product\/style-k3222-k3222w\/#breadcrumb"},"inLanguage":"vi","potentialAction":[{"@type":"ReadAction","target":["https:\/\/mog.com.vn\/product\/style-k3222-k3222w\/"]}]},{"@type":"ImageObject","inLanguage":"vi","@id":"https:\/\/mog.com.vn\/product\/style-k3222-k3222w\/#primaryimage","url":"https:\/\/mog.com.vn\/wp-content\/uploads\/2025\/04\/style-k3222.jpg","contentUrl":"https:\/\/mog.com.vn\/wp-content\/uploads\/2025\/04\/style-k3222.jpg","width":1000,"height":1000},{"@type":"BreadcrumbList","@id":"https:\/\/mog.com.vn\/product\/style-k3222-k3222w\/#breadcrumb","itemListElement":[{"@type":"ListItem","position":1,"name":"Home","item":"https:\/\/mog.com.vn\/"},{"@type":"ListItem","position":2,"name":"Shop","item":"https:\/\/mog.com.vn\/shop\/"},{"@type":"ListItem","position":3,"name":"Style K3222 \/ K3222W"}]},{"@type":"WebSite","@id":"https:\/\/mog.com.vn\/#website","url":"https:\/\/mog.com.vn\/","name":"Mog.com.vn","description":"FLOW Control Solutions","publisher":{"@id":"https:\/\/mog.com.vn\/#organization"},"potentialAction":[{"@type":"SearchAction","target":{"@type":"EntryPoint","urlTemplate":"https:\/\/mog.com.vn\/?s={search_term_string}"},"query-input":{"@type":"PropertyValueSpecification","valueRequired":true,"valueName":"search_term_string"}}],"inLanguage":"vi"},{"@type":"Organization","@id":"https:\/\/mog.com.vn\/#organization","name":"Mog.com.vn","url":"https:\/\/mog.com.vn\/","logo":{"@type":"ImageObject","inLanguage":"vi","@id":"https:\/\/mog.com.vn\/#\/schema\/logo\/image\/","url":"https:\/\/mog.com.vn\/wp-content\/uploads\/2025\/10\/Logo-MOG.jpg","contentUrl":"https:\/\/mog.com.vn\/wp-content\/uploads\/2025\/10\/Logo-MOG.jpg","width":755,"height":230,"caption":"Mog.com.vn"},"image":{"@id":"https:\/\/mog.com.vn\/#\/schema\/logo\/image\/"},"description":"Gi\u1ea3i ph\u00e1p C\u01a1 kh\u00ed ch\u00ednh x\u00e1c & Van c\u00f4ng nghi\u1ec7p to\u00e0n di\u1ec7n cho doanh nghi\u1ec7p c\u1ee7a b\u1ea1n.","email":"giacongcokhimog@gmail.com","telephone":"090 311 4883"}]}},"_links":{"self":[{"href":"https:\/\/mog.com.vn\/vi\/wp-json\/wp\/v2\/product\/698","targetHints":{"allow":["GET"]}}],"collection":[{"href":"https:\/\/mog.com.vn\/vi\/wp-json\/wp\/v2\/product"}],"about":[{"href":"https:\/\/mog.com.vn\/vi\/wp-json\/wp\/v2\/types\/product"}],"replies":[{"embeddable":true,"href":"https:\/\/mog.com.vn\/vi\/wp-json\/wp\/v2\/comments?post=698"}],"wp:featuredmedia":[{"embeddable":true,"href":"https:\/\/mog.com.vn\/vi\/wp-json\/wp\/v2\/media\/699"}],"wp:attachment":[{"href":"https:\/\/mog.com.vn\/vi\/wp-json\/wp\/v2\/media?parent=698"}],"wp:term":[{"taxonomy":"product_brand","embeddable":true,"href":"https:\/\/mog.com.vn\/vi\/wp-json\/wp\/v2\/product_brand?post=698"},{"taxonomy":"product_cat","embeddable":true,"href":"https:\/\/mog.com.vn\/vi\/wp-json\/wp\/v2\/product_cat?post=698"},{"taxonomy":"product_tag","embeddable":true,"href":"https:\/\/mog.com.vn\/vi\/wp-json\/wp\/v2\/product_tag?post=698"}],"curies":[{"name":"wp","href":"https:\/\/api.w.org\/{rel}","templated":true}]}}